{"id":10979,"date":"2025-12-01T11:49:14","date_gmt":"2025-12-01T14:49:14","guid":{"rendered":"https:\/\/www.legislapp.com.br\/index.php\/avulso-inicial-pl-4781-2025-camara\/"},"modified":"2025-12-01T11:49:14","modified_gmt":"2025-12-01T14:49:14","slug":"avulso-inicial-pl-4781-2025-camara","status":"publish","type":"page","link":"https:\/\/www.legislapp.com.br\/index.php\/avulso-inicial-pl-4781-2025-camara\/","title":{"rendered":"Avulso Inicial &#8211; PL 4781\/2025 &#8211; C\u00e2mara"},"content":{"rendered":"<h1 style='text-align: center;'>Avulso Inicial &#8211; Autoria de Adriana Ventura<\/h3>\n<p><\/p>\n<article>\nC\u00c2MARA DOS DEPUTADOS<br \/>\nGABINETE DA DEPUTADA ADRIANA VENTURA \u2013 NOVO\/SP<br \/>\nPROJETO DE LEI N\u00ba _____, DE 2025<br \/>\n(Deputada Adriana Ventura )<br \/>\nAltera a Lei n\u00ba 7.395, de 31 de<br \/>\noutubro de 1985, para<br \/>\nassegurar a pluralidade e a<br \/>\nprote\u00e7\u00e3o da diversidade de<br \/>\npensamento no \u00e2mbito das<br \/>\nentidades estudantis e das<br \/>\ninstitui\u00e7\u00f5es de ensino superior.<br \/>\nO CONGRESSO NACIONAL decreta:<br \/>\nArt. 1\u00ba A Lei n\u00ba 7.395, de 31 de outubro de 1985, passa a vigorar<br \/>\nacrescida do seguinte artigo:<br \/>\n\u201cArt. X \u2013 As entidades de representa\u00e7\u00e3o estudantil e as institui\u00e7\u00f5es de<br \/>\nensino superior dever\u00e3o assegurar ambiente plural e democr\u00e1tico,<br \/>\nvedada qualquer forma de discrimina\u00e7\u00e3o, intimida\u00e7\u00e3o ou viol\u00eancia em<br \/>\nraz\u00e3o de convic\u00e7\u00e3o filos\u00f3fica, pol\u00edtica, religiosa ou ideol\u00f3gica dos<br \/>\nestudantes.<br \/>\nPar\u00e1grafo \u00fanico. \u00c9 garantido a todos os estudantes o direito \u00e0 livre<br \/>\nmanifesta\u00e7\u00e3o do pensamento e \u00e0 participa\u00e7\u00e3o em atividades<br \/>\nacad\u00eamicas e representativas, independentemente de sua orienta\u00e7\u00e3o<br \/>\nideol\u00f3gica ou pol\u00edtica.\u201d<br \/>\nArt. 2\u00ba Esta Lei entra em vigor na data de sua publica\u00e7\u00e3o.<br \/>\nJUSTIFICATIVA<br \/>\n           A Lei n\u00ba 7.395\/1985 organizou a representa\u00e7\u00e3o estudantil em \u00e2mbito<br \/>\nnacional, mas n\u00e3o contempla, de forma expressa, a garantia da pluralidade e<br \/>\nda prote\u00e7\u00e3o da diversidade de pensamento no ambiente universit\u00e1rio.<br \/>\n           Nos \u00faltimos anos, o Brasil tem presenciado um aumento de epis\u00f3dios<br \/>\nde hostilidade, intimida\u00e7\u00e3o e at\u00e9 viol\u00eancia em universidades e centros<br \/>\nacad\u00eamicos, motivados por diverg\u00eancias ideol\u00f3gicas e pol\u00edticas. Esse cen\u00e1rio<br \/>\nC\u00e2mara dos Deputados | Anexo IV \u2013 Gabinete 802 | CEP 70100-970 Bras\u00edlia-DF<br \/>\nTel (61) 3215-5802 | dep.adrianaventura@camara.leg.br<br \/>\nPara verificar a assinatura, acesse https:\/\/infoleg-autenticidade-assinatura.camara.leg.br\/CD259193291300<br \/>\nAssinado eletronicamente pelo(a) Dep. Adriana Ventura<br \/>\nApresenta\u00e7\u00e3o: 25\/09\/2025 16:58:51.690 &#8211; Mesa<br \/>\n*CD259193291300* PL n.4781\/2025<br \/> <br \/>\nC\u00c2MARA DOS DEPUTADOS<br \/>\nGABINETE DA DEPUTADA ADRIANA VENTURA \u2013 NOVO\/SP<br \/>\nfere diretamente os princ\u00edpios constitucionais da liberdade de express\u00e3o (art.<br \/>\n5\u00ba, IV, CF\/88), da liberdade de associa\u00e7\u00e3o (art. 5\u00ba, XVII, CF\/88) e do pluralismo<br \/>\nde ideias que deve orientar o ensino (art. 206, II, CF\/88).<br \/>\n                 Ao incluir este dispositivo na Lei n\u00ba 7.395\/1985, o Congresso<br \/>\nNacional reafirma que a universidade \u00e9 espa\u00e7o de conviv\u00eancia democr\u00e1tica, de<br \/>\ndebate plural e de respeito \u00e0s diferen\u00e7as, onde a diversidade de pensamento<br \/>\ndeve ser n\u00e3o apenas tolerada, mas estimulada como parte essencial da vida<br \/>\nacad\u00eamica e da forma\u00e7\u00e3o cidad\u00e3.<br \/>\n                A proposta n\u00e3o interfere na autonomia universit\u00e1ria, mas estabelece<br \/>\num marco legal que refor\u00e7a valores constitucionais e republicanos, oferecendo<br \/>\nseguran\u00e7a normativa para que nenhum estudante seja discriminado ou punido<br \/>\npor suas convic\u00e7\u00f5es.<br \/>\n             Diante do exposto, submeto este Projeto de Lei \u00e0 aprecia\u00e7\u00e3o dos<br \/>\nnobres pares, contando com seu apoio para o fortalecimento da democracia e<br \/>\nda liberdade acad\u00eamica em nosso pa\u00eds.<br \/>\nDeputada Adriana Ventura<br \/>\nNOVO\/SP<br \/>\nC\u00e2mara dos Deputados | Anexo IV \u2013 Gabinete 802 | CEP 70100-970 Bras\u00edlia-DF<br \/>\nTel (61) 3215-5802 | dep.adrianaventura@camara.leg.br<br \/>\nPara verificar a assinatura, acesse https:\/\/infoleg-autenticidade-assinatura.camara.leg.br\/CD259193291300<br \/>\nAssinado eletronicamente pelo(a) Dep. Adriana Ventura<br \/>\nApresenta\u00e7\u00e3o: 25\/09\/2025 16:58:51.690 &#8211; Mesa<br \/>\n*CD259193291300* PL n.4781\/2025<\/article>\n<p><a href='https:\/\/app.legislapp.com.br\/#\/busca?termo=Altera\u00e7\u00e3o'>Altera\u00e7\u00e3o<\/a>, <a href='https:\/\/app.legislapp.com.br\/#\/busca?termo=lei federal'>lei federal<\/a>, <a href='https:\/\/app.legislapp.com.br\/#\/busca?termo=Entidade estudantil'>Entidade estudantil<\/a>, <a href='https:\/\/app.legislapp.com.br\/#\/busca?termo=Institui\u00e7\u00e3o de Ensino Superior (IES)'>Institui\u00e7\u00e3o de Ensino Superior (IES)<\/a>, <a href='https:\/\/app.legislapp.com.br\/#\/busca?termo=garantia'>garantia<\/a>, <a href='https:\/\/app.legislapp.com.br\/#\/busca?termo=ambiente escolar'>ambiente escolar<\/a>, <a href='https:\/\/app.legislapp.com.br\/#\/busca?termo=ambiente universit\u00e1rio'>ambiente universit\u00e1rio<\/a>, <a href='https:\/\/app.legislapp.com.br\/#\/busca?termo=pluralidade'>pluralidade<\/a>, <a href='https:\/\/app.legislapp.com.br\/#\/busca?termo=democracia'>democracia<\/a>, <a href='https:\/\/app.legislapp.com.br\/#\/busca?termo=proibi\u00e7\u00e3o'>proibi\u00e7\u00e3o<\/a>, <a href='https:\/\/app.legislapp.com.br\/#\/busca?termo=discrimina\u00e7\u00e3o'>discrimina\u00e7\u00e3o<\/a>, <a href='https:\/\/app.legislapp.com.br\/#\/busca?termo=intimida\u00e7\u00e3o'>intimida\u00e7\u00e3o<\/a>, <a href='https:\/\/app.legislapp.com.br\/#\/busca?termo=viol\u00eancia'>viol\u00eancia<\/a>, <a href='https:\/\/app.legislapp.com.br\/#\/busca?termo=estudante'>estudante<\/a>, <a href='https:\/\/app.legislapp.com.br\/#\/busca?termo=liberdade de express\u00e3o'>liberdade de express\u00e3o<\/a>, <a href='https:\/\/app.legislapp.com.br\/#\/busca?termo=participa\u00e7\u00e3o'>participa\u00e7\u00e3o<\/a>, <a href='https:\/\/app.legislapp.com.br\/#\/busca?termo=liberdade de pensamento'>liberdade de pensamento<\/a>, <a href='https:\/\/app.legislapp.com.br\/#\/busca?termo=direito de manifesta\u00e7\u00e3o'>direito de manifesta\u00e7\u00e3o<\/a>, <a href='https:\/\/app.legislapp.com.br\/#\/busca?termo=gr\u00eamio estudantil'>gr\u00eamio estudantil<\/a>, <a href='https:\/\/app.legislapp.com.br\/#\/busca?termo=representatividade'>representatividade<\/a>, <a href='https:\/\/app.legislapp.com.br\/#\/busca?termo=movimento estudantil'>movimento estudantil<\/a>, <a href='https:\/\/app.legislapp.com.br\/#\/busca?termo=princ\u00edpio da liberdade de associa\u00e7\u00e3o.'>princ\u00edpio da liberdade de associa\u00e7\u00e3o.<\/a><\/p>\n<div style=\"text-align: center\">\n      <img decoding=\"async\" style=\"width: 14%;\" src=\"https:\/\/www.legislapp.com.br\/wp-content\/uploads\/2021\/07\/Logo-Legislapp-1-03-1.png\"><br \/>\n      <\/p>\n<div style=\"margin-bottom: 20px;\" class=\"et_pb_button_module_wrapper et_pb_button_5_tb_body_wrapper et_pb_button_alignment_center et_pb_module \">\n         <a class=\"et_pb_button et_pb_button_5_tb_body et_hover_enabled et_pb_bg_layout_dark\" style=\"width: 50%;background-color: black;\" href=\"https:\/\/app.legislapp.com.br\" target=\"_blank\" rel=\"noopener\">Visualizar completo na nossa plataforma (30 dias gr\u00e1tis)<\/a><\/p><\/div>\n<p>      <a href=\"https:\/\/play.google.com\/store\/apps\/details?id=br.com.legislapp\"><img decoding=\"async\" style=\"width: 15%; min-width: 130px;\" src=\"https:\/\/www.legislapp.com.br\/wp-content\/uploads\/google-play.png\"><\/a><br \/>\n      <a href=\"https:\/\/apps.apple.com\/us\/app\/legislapp\/id1568929859\"><img decoding=\"async\" style=\"width: 15%; min-width: 130px\" src=\"https:\/\/www.legislapp.com.br\/wp-content\/uploads\/apple-store.png\"><\/a>\n   <\/div>\n","protected":false},"excerpt":{"rendered":"<p>Avulso Inicial &#8211; Autoria de Adriana Ventura C\u00c2MARA DOS DEPUTADOS GABINETE DA DEPUTADA ADRIANA VENTURA \u2013 NOVO\/SP PROJETO DE LEI N\u00ba _____, DE 2025 (Deputada Adriana Ventura ) Altera a Lei n\u00ba 7.395, de 31 de outubro de 1985, para assegurar a pluralidade e a prote\u00e7\u00e3o da diversidade de pensamento no \u00e2mbito das entidades estudantis [&hellip;]<\/p>\n","protected":false},"author":1,"featured_media":0,"parent":0,"menu_order":0,"comment_status":"closed","ping_status":"closed","template":"page-template-blank.php","meta":{"_et_pb_use_builder":"","_et_pb_old_content":"","_et_gb_content_width":"1080","ngg_post_thumbnail":0,"footnotes":""},"class_list":["post-10979","page","type-page","status-publish","hentry"],"yoast_head":"<!-- This site is optimized with the Yoast SEO plugin v24.4 - https:\/\/yoast.com\/wordpress\/plugins\/seo\/ -->\n<title>Avulso Inicial - PL 4781\/2025 - C\u00e2mara - Legislapp<\/title>\n<meta name=\"robots\" content=\"index, follow, max-snippet:-1, max-image-preview:large, max-video-preview:-1\" \/>\n<link rel=\"canonical\" href=\"https:\/\/www.legislapp.com.br\/index.php\/avulso-inicial-pl-4781-2025-camara\/\" \/>\n<meta property=\"og:locale\" content=\"pt_BR\" \/>\n<meta property=\"og:type\" content=\"article\" \/>\n<meta property=\"og:title\" content=\"Avulso Inicial - PL 4781\/2025 - C\u00e2mara - Legislapp\" \/>\n<meta property=\"og:description\" content=\"Avulso Inicial &#8211; Autoria de Adriana Ventura C\u00c2MARA DOS DEPUTADOS GABINETE DA DEPUTADA ADRIANA VENTURA \u2013 NOVO\/SP PROJETO DE LEI N\u00ba _____, DE 2025 (Deputada Adriana Ventura ) Altera a Lei n\u00ba 7.395, de 31 de outubro de 1985, para assegurar a pluralidade e a prote\u00e7\u00e3o da diversidade de pensamento no \u00e2mbito das entidades estudantis [&hellip;]\" \/>\n<meta property=\"og:url\" content=\"https:\/\/www.legislapp.com.br\/index.php\/avulso-inicial-pl-4781-2025-camara\/\" \/>\n<meta property=\"og:site_name\" content=\"Legislapp\" \/>\n<meta property=\"article:publisher\" content=\"https:\/\/www.instagram.com\/legislapp\/\" \/>\n<meta property=\"og:image\" content=\"https:\/\/www.legislapp.com.br\/wp-content\/uploads\/2021\/07\/Logo-Legislapp-1-03-1.png\" \/>\n<meta name=\"twitter:card\" content=\"summary_large_image\" \/>\n<meta name=\"twitter:label1\" content=\"Est. tempo de leitura\" \/>\n\t<meta name=\"twitter:data1\" content=\"3 minutos\" \/>\n<script type=\"application\/ld+json\" class=\"yoast-schema-graph\">{\"@context\":\"https:\/\/schema.org\",\"@graph\":[{\"@type\":\"WebPage\",\"@id\":\"https:\/\/www.legislapp.com.br\/index.php\/avulso-inicial-pl-4781-2025-camara\/\",\"url\":\"https:\/\/www.legislapp.com.br\/index.php\/avulso-inicial-pl-4781-2025-camara\/\",\"name\":\"Avulso Inicial - PL 4781\/2025 - C\u00e2mara - Legislapp\",\"isPartOf\":{\"@id\":\"https:\/\/www.legislapp.com.br\/#website\"},\"primaryImageOfPage\":{\"@id\":\"https:\/\/www.legislapp.com.br\/index.php\/avulso-inicial-pl-4781-2025-camara\/#primaryimage\"},\"image\":{\"@id\":\"https:\/\/www.legislapp.com.br\/index.php\/avulso-inicial-pl-4781-2025-camara\/#primaryimage\"},\"thumbnailUrl\":\"https:\/\/www.legislapp.com.br\/wp-content\/uploads\/2021\/07\/Logo-Legislapp-1-03-1.png\",\"datePublished\":\"2025-12-01T14:49:14+00:00\",\"breadcrumb\":{\"@id\":\"https:\/\/www.legislapp.com.br\/index.php\/avulso-inicial-pl-4781-2025-camara\/#breadcrumb\"},\"inLanguage\":\"pt-BR\",\"potentialAction\":[{\"@type\":\"ReadAction\",\"target\":[\"https:\/\/www.legislapp.com.br\/index.php\/avulso-inicial-pl-4781-2025-camara\/\"]}]},{\"@type\":\"ImageObject\",\"inLanguage\":\"pt-BR\",\"@id\":\"https:\/\/www.legislapp.com.br\/index.php\/avulso-inicial-pl-4781-2025-camara\/#primaryimage\",\"url\":\"https:\/\/www.legislapp.com.br\/wp-content\/uploads\/2021\/07\/Logo-Legislapp-1-03-1.png\",\"contentUrl\":\"https:\/\/www.legislapp.com.br\/wp-content\/uploads\/2021\/07\/Logo-Legislapp-1-03-1.png\",\"width\":2679,\"height\":2697},{\"@type\":\"BreadcrumbList\",\"@id\":\"https:\/\/www.legislapp.com.br\/index.php\/avulso-inicial-pl-4781-2025-camara\/#breadcrumb\",\"itemListElement\":[{\"@type\":\"ListItem\",\"position\":1,\"name\":\"In\u00edcio\",\"item\":\"https:\/\/www.legislapp.com.br\/\"},{\"@type\":\"ListItem\",\"position\":2,\"name\":\"Avulso Inicial &#8211; PL 4781\/2025 &#8211; C\u00e2mara\"}]},{\"@type\":\"WebSite\",\"@id\":\"https:\/\/www.legislapp.com.br\/#website\",\"url\":\"https:\/\/www.legislapp.com.br\/\",\"name\":\"Legislapp\",\"description\":\"Intelig\u00eancia governamental em tempo real\",\"publisher\":{\"@id\":\"https:\/\/www.legislapp.com.br\/#organization\"},\"potentialAction\":[{\"@type\":\"SearchAction\",\"target\":{\"@type\":\"EntryPoint\",\"urlTemplate\":\"https:\/\/www.legislapp.com.br\/?s={search_term_string}\"},\"query-input\":{\"@type\":\"PropertyValueSpecification\",\"valueRequired\":true,\"valueName\":\"search_term_string\"}}],\"inLanguage\":\"pt-BR\"},{\"@type\":\"Organization\",\"@id\":\"https:\/\/www.legislapp.com.br\/#organization\",\"name\":\"Legislapp Monitoramento e Intelig\u00eancia Governamental\",\"url\":\"https:\/\/www.legislapp.com.br\/\",\"logo\":{\"@type\":\"ImageObject\",\"inLanguage\":\"pt-BR\",\"@id\":\"https:\/\/www.legislapp.com.br\/#\/schema\/logo\/image\/\",\"url\":\"https:\/\/www.legislapp.com.br\/wp-content\/uploads\/icon.png\",\"contentUrl\":\"https:\/\/www.legislapp.com.br\/wp-content\/uploads\/icon.png\",\"width\":1024,\"height\":1024,\"caption\":\"Legislapp Monitoramento e Intelig\u00eancia Governamental\"},\"image\":{\"@id\":\"https:\/\/www.legislapp.com.br\/#\/schema\/logo\/image\/\"},\"sameAs\":[\"https:\/\/www.instagram.com\/legislapp\/\"]}]}<\/script>\n<!-- \/ Yoast SEO plugin. -->","yoast_head_json":{"title":"Avulso Inicial - PL 4781\/2025 - C\u00e2mara - Legislapp","robots":{"index":"index","follow":"follow","max-snippet":"max-snippet:-1","max-image-preview":"max-image-preview:large","max-video-preview":"max-video-preview:-1"},"canonical":"https:\/\/www.legislapp.com.br\/index.php\/avulso-inicial-pl-4781-2025-camara\/","og_locale":"pt_BR","og_type":"article","og_title":"Avulso Inicial - PL 4781\/2025 - C\u00e2mara - Legislapp","og_description":"Avulso Inicial &#8211; Autoria de Adriana Ventura C\u00c2MARA DOS DEPUTADOS GABINETE DA DEPUTADA ADRIANA VENTURA \u2013 NOVO\/SP PROJETO DE LEI N\u00ba _____, DE 2025 (Deputada Adriana Ventura ) Altera a Lei n\u00ba 7.395, de 31 de outubro de 1985, para assegurar a pluralidade e a prote\u00e7\u00e3o da diversidade de pensamento no \u00e2mbito das entidades estudantis [&hellip;]","og_url":"https:\/\/www.legislapp.com.br\/index.php\/avulso-inicial-pl-4781-2025-camara\/","og_site_name":"Legislapp","article_publisher":"https:\/\/www.instagram.com\/legislapp\/","og_image":[{"url":"https:\/\/www.legislapp.com.br\/wp-content\/uploads\/2021\/07\/Logo-Legislapp-1-03-1.png","type":"","width":"","height":""}],"twitter_card":"summary_large_image","twitter_misc":{"Est. tempo de leitura":"3 minutos"},"schema":{"@context":"https:\/\/schema.org","@graph":[{"@type":"WebPage","@id":"https:\/\/www.legislapp.com.br\/index.php\/avulso-inicial-pl-4781-2025-camara\/","url":"https:\/\/www.legislapp.com.br\/index.php\/avulso-inicial-pl-4781-2025-camara\/","name":"Avulso Inicial - PL 4781\/2025 - C\u00e2mara - Legislapp","isPartOf":{"@id":"https:\/\/www.legislapp.com.br\/#website"},"primaryImageOfPage":{"@id":"https:\/\/www.legislapp.com.br\/index.php\/avulso-inicial-pl-4781-2025-camara\/#primaryimage"},"image":{"@id":"https:\/\/www.legislapp.com.br\/index.php\/avulso-inicial-pl-4781-2025-camara\/#primaryimage"},"thumbnailUrl":"https:\/\/www.legislapp.com.br\/wp-content\/uploads\/2021\/07\/Logo-Legislapp-1-03-1.png","datePublished":"2025-12-01T14:49:14+00:00","breadcrumb":{"@id":"https:\/\/www.legislapp.com.br\/index.php\/avulso-inicial-pl-4781-2025-camara\/#breadcrumb"},"inLanguage":"pt-BR","potentialAction":[{"@type":"ReadAction","target":["https:\/\/www.legislapp.com.br\/index.php\/avulso-inicial-pl-4781-2025-camara\/"]}]},{"@type":"ImageObject","inLanguage":"pt-BR","@id":"https:\/\/www.legislapp.com.br\/index.php\/avulso-inicial-pl-4781-2025-camara\/#primaryimage","url":"https:\/\/www.legislapp.com.br\/wp-content\/uploads\/2021\/07\/Logo-Legislapp-1-03-1.png","contentUrl":"https:\/\/www.legislapp.com.br\/wp-content\/uploads\/2021\/07\/Logo-Legislapp-1-03-1.png","width":2679,"height":2697},{"@type":"BreadcrumbList","@id":"https:\/\/www.legislapp.com.br\/index.php\/avulso-inicial-pl-4781-2025-camara\/#breadcrumb","itemListElement":[{"@type":"ListItem","position":1,"name":"In\u00edcio","item":"https:\/\/www.legislapp.com.br\/"},{"@type":"ListItem","position":2,"name":"Avulso Inicial &#8211; PL 4781\/2025 &#8211; C\u00e2mara"}]},{"@type":"WebSite","@id":"https:\/\/www.legislapp.com.br\/#website","url":"https:\/\/www.legislapp.com.br\/","name":"Legislapp","description":"Intelig\u00eancia governamental em tempo real","publisher":{"@id":"https:\/\/www.legislapp.com.br\/#organization"},"potentialAction":[{"@type":"SearchAction","target":{"@type":"EntryPoint","urlTemplate":"https:\/\/www.legislapp.com.br\/?s={search_term_string}"},"query-input":{"@type":"PropertyValueSpecification","valueRequired":true,"valueName":"search_term_string"}}],"inLanguage":"pt-BR"},{"@type":"Organization","@id":"https:\/\/www.legislapp.com.br\/#organization","name":"Legislapp Monitoramento e Intelig\u00eancia Governamental","url":"https:\/\/www.legislapp.com.br\/","logo":{"@type":"ImageObject","inLanguage":"pt-BR","@id":"https:\/\/www.legislapp.com.br\/#\/schema\/logo\/image\/","url":"https:\/\/www.legislapp.com.br\/wp-content\/uploads\/icon.png","contentUrl":"https:\/\/www.legislapp.com.br\/wp-content\/uploads\/icon.png","width":1024,"height":1024,"caption":"Legislapp Monitoramento e Intelig\u00eancia Governamental"},"image":{"@id":"https:\/\/www.legislapp.com.br\/#\/schema\/logo\/image\/"},"sameAs":["https:\/\/www.instagram.com\/legislapp\/"]}]}},"_links":{"self":[{"href":"https:\/\/www.legislapp.com.br\/index.php\/wp-json\/wp\/v2\/pages\/10979","targetHints":{"allow":["GET"]}}],"collection":[{"href":"https:\/\/www.legislapp.com.br\/index.php\/wp-json\/wp\/v2\/pages"}],"about":[{"href":"https:\/\/www.legislapp.com.br\/index.php\/wp-json\/wp\/v2\/types\/page"}],"author":[{"embeddable":true,"href":"https:\/\/www.legislapp.com.br\/index.php\/wp-json\/wp\/v2\/users\/1"}],"replies":[{"embeddable":true,"href":"https:\/\/www.legislapp.com.br\/index.php\/wp-json\/wp\/v2\/comments?post=10979"}],"version-history":[{"count":0,"href":"https:\/\/www.legislapp.com.br\/index.php\/wp-json\/wp\/v2\/pages\/10979\/revisions"}],"wp:attachment":[{"href":"https:\/\/www.legislapp.com.br\/index.php\/wp-json\/wp\/v2\/media?parent=10979"}],"curies":[{"name":"wp","href":"https:\/\/api.w.org\/{rel}","templated":true}]}}