{"id":11034,"date":"2026-01-19T10:57:43","date_gmt":"2026-01-19T13:57:43","guid":{"rendered":"https:\/\/www.legislapp.com.br\/index.php\/avulso-inicial-pl-5992-2025-camara\/"},"modified":"2026-01-19T10:57:43","modified_gmt":"2026-01-19T13:57:43","slug":"avulso-inicial-pl-5992-2025-camara","status":"publish","type":"page","link":"https:\/\/www.legislapp.com.br\/index.php\/avulso-inicial-pl-5992-2025-camara\/","title":{"rendered":"Avulso Inicial &#8211; PL 5992\/2025 &#8211; C\u00e2mara"},"content":{"rendered":"<h1 style='text-align: center;'>Avulso Inicial &#8211; Autoria de Marcelo \u00c1lvaro Ant\u00f4nio<\/h3>\n<p><\/p>\n<article>PROJETO DE LEI N\u00ba       , DE 2025<br \/>\n(Deputado Federal Marcelo \u00c1lvaro Ant\u00f4nio)<br \/>\nDisp\u00f5e sobre a cria\u00e7\u00e3o do tipo penal de<br \/>\nExplora\u00e7\u00e3o Patrimonial Infantil, altera o<br \/>\nDecreto-Lei n\u00ba 2.848\/1940 (C\u00f3digo Penal), a Lei<br \/>\nn\u00ba 8.069\/1990 (Estatuto da Crian\u00e7a e do<br \/>\nAdolescente), a Lei n\u00ba 10.406\/2002 (C\u00f3digo<br \/>\nCivil), e estabelece a proibi\u00e7\u00e3o do uso do CPF<br \/>\nde crian\u00e7as e adolescentes para opera\u00e7\u00f5es<br \/>\nfinanceiras, abertura de empresas, empr\u00e9stimos<br \/>\nou quaisquer instrumentos de cr\u00e9dito, bem<br \/>\ncomo determina a migra\u00e7\u00e3o compuls\u00f3ria da<br \/>\ntitularidade das d\u00edvidas para os pais ou<br \/>\nrespons\u00e1veis legais.<br \/>\nO CONGRESSO NACIONAL decreta:<br \/>\nArt. 1\u00ba Esta Lei cria o tipo penal de Explora\u00e7\u00e3o Patrimonial Infantil, estabelece medidas de<br \/>\nprote\u00e7\u00e3o patrimonial de crian\u00e7as e adolescentes, altera o Decreto-Lei n\u00ba 2.848\/1940 (C\u00f3digo<br \/>\nPenal), a Lei n\u00ba 8.069\/1990, a Lei n\u00ba 10.406\/2002 (C\u00f3digo Civil), e disp\u00f5e sobre a veda\u00e7\u00e3o<br \/>\ndo uso do CPF de menores para transa\u00e7\u00f5es financeiras.<br \/>\nCap\u00edtulo I &#8211; ALTERA\u00c7\u00d5ES NO C\u00d3DIGO PENAL<br \/>\nArt. 2\u00ba Inclus\u00e3o do Art. 244-C no C\u00f3digo Penal<br \/>\n\u201cArt. 244-C \u2013 Explora\u00e7\u00e3o Patrimonial Infantil<br \/>\nUtilizar, permitir, facilitar, registrar ou autorizar, por a\u00e7\u00e3o ou omiss\u00e3o, o uso do CPF de<br \/>\ncrian\u00e7a ou adolescente para:<br \/>\nI \u2013 abertura de empresa, MEI ou pessoa jur\u00eddica de qualquer natureza;<br \/>\nII \u2013 contrata\u00e7\u00e3o de empr\u00e9stimos, financiamentos, cart\u00f5es de cr\u00e9dito, cons\u00f3rcios ou qualquer<br \/>\ninstrumento de cr\u00e9dito;<br \/>\nIII \u2013 realiza\u00e7\u00e3o de compras, opera\u00e7\u00f5es comerciais ou transa\u00e7\u00f5es banc\u00e1rias;<br \/>\nIV \u2013 assumir obriga\u00e7\u00f5es civis ou financeiras que gerem d\u00e9bitos ou restri\u00e7\u00f5es em seu nome.<br \/>\nPena: reclus\u00e3o de 2 (dois) a 6 (seis) anos e multa.<br \/>\n\u00a71\u00ba Se o agente se valer da condi\u00e7\u00e3o de pai, m\u00e3e, tutor, guardi\u00e3o ou respons\u00e1vel legal:<br \/>\nPena: reclus\u00e3o de 3 (tr\u00eas) a 8 (oito) anos e multa.<br \/>\n\u00a72\u00ba Se da conduta resultar preju\u00edzo financeiro efetivo, restri\u00e7\u00e3o credit\u00edcia, negativa\u00e7\u00e3o ou<br \/>\nimpossibilidade de exerc\u00edcio de direitos civis pela v\u00edtima:<br \/>\nPena: aumenta-se a pena de metade.<br \/>\n\u00a73\u00ba A a\u00e7\u00e3o penal \u00e9 p\u00fablica incondicionada.<br \/>\nPara verificar a assinatura, acesse https:\/\/infoleg-autenticidade-assinatura.camara.leg.br\/CD253914533100<br \/>\nAssinado eletronicamente pelo(a) Dep. Marcelo \u00c1lvaro Ant\u00f4nio<br \/>\nApresenta\u00e7\u00e3o: 26\/11\/2025 18:07:22.047 &#8211; Mesa<br \/>\n*CD253914533100* PL n.5992\/2025<br \/>\u00a74\u00ba A repara\u00e7\u00e3o do dano inclui a regulariza\u00e7\u00e3o do nome da v\u00edtima, cancelamento das d\u00edvidas<br \/>\ne indeniza\u00e7\u00e3o por danos morais e materiais. \u201d**<br \/>\nCAP\u00cdTULO II \u2013 ALTERA\u00c7\u00d5ES NO ESTATUTO DA CRIAN\u00c7A E DO ADOLESCENTE<br \/>\nArt. 3\u00ba Inclus\u00e3o do Art. 5\u00ba-A no ECA<br \/>\n\u201cArt. 5\u00ba-A \u2013 \u00c9 proibido o uso do CPF de crian\u00e7a ou adolescente para qualquer opera\u00e7\u00e3o<br \/>\nfinanceira, comercial, empresarial ou banc\u00e1ria. \u201d<br \/>\n\u00a71\u00ba Nenhuma institui\u00e7\u00e3o financeira, empresa, operadora de cr\u00e9dito ou \u00f3rg\u00e3o p\u00fablico poder\u00e1<br \/>\naceitar opera\u00e7\u00e3o em nome de menor, salvo aquelas previstas para o exerc\u00edcio do poder<br \/>\nfamiliar (ex.: conta poupan\u00e7a vinculada).<br \/>\n\u00a72\u00ba A viola\u00e7\u00e3o configura infra\u00e7\u00e3o administrativa punida com multa de R$ 20.000,00 a R$<br \/>\n300.000,00, sem preju\u00edzo de responsabilidade civil e penal.<br \/>\nCAP\u00cdTULO III \u2013 ALTERA\u00c7\u00d5ES NO C\u00d3DIGO CIVIL<br \/>\nArt. 4\u00ba Inclus\u00e3o do Art. 1.634-A no C\u00f3digo Civil<br \/>\n\u201cArt. 1.634-A \u2013 \u00c9 nulo de pleno direito qualquer contrato, opera\u00e7\u00e3o financeira, empresarial<br \/>\nou comercial celebrado com o CPF de crian\u00e7a ou adolescente, ainda que com consentimento<br \/>\ndos pais ou respons\u00e1veis. \u201d<br \/>\n\u00a71\u00ba A nulidade independe de a\u00e7\u00e3o judicial: o credor dever\u00e1 suspender imediatamente a<br \/>\ncobran\u00e7a.<br \/>\n\u00a72\u00ba Todas as d\u00edvidas contra\u00eddas por pais\/respons\u00e1veis usando o CPF do filho menor migram<br \/>\nautomaticamente para o CPF do respons\u00e1vel que realizou a opera\u00e7\u00e3o.<br \/>\n\u00a73\u00ba A migra\u00e7\u00e3o aplica-se mesmo ap\u00f3s o filho atingir a maioridade.<br \/>\n\u00a74\u00ba A maioridade do filho n\u00e3o convalida d\u00edvidas geradas na inf\u00e2ncia.<br \/>\n\u00a75\u00ba A institui\u00e7\u00e3o credora n\u00e3o poder\u00e1 negativar a crian\u00e7a, devendo direcionar a cobran\u00e7a<br \/>\nexclusivamente ao respons\u00e1vel.<br \/>\nCAP\u00cdTULO IV \u2013 MECANISMOS DE PROTE\u00c7\u00c3O PATRIMONIAL<br \/>\nArt. 5\u00ba Cancelamento Autom\u00e1tico<br \/>\nToda e qualquer negativa\u00e7\u00e3o, d\u00e9bito ou obriga\u00e7\u00e3o registrada no CPF de menor ser\u00e1<br \/>\ncancelada de of\u00edcio, mediante simples comunica\u00e7\u00e3o da v\u00edtima ou do Minist\u00e9rio P\u00fablico.<br \/>\nArt. 6\u00ba Presun\u00e7\u00e3o de Fraude<br \/>\n\u00c9 presumida fraude iuris et de iure qualquer opera\u00e7\u00e3o financeira envolvendo CPF de<br \/>\nmenores.<br \/>\nArt. 7\u00ba Obrigatoriedade de Comunica\u00e7\u00e3o<br \/>\nInstitui\u00e7\u00f5es financeiras dever\u00e3o comunicar ao Conselho Tutelar e ao Minist\u00e9rio P\u00fablico toda<br \/>\ntentativa de abertura de empresa, cr\u00e9dito ou opera\u00e7\u00e3o em nome de menores.<br \/>\nPara verificar a assinatura, acesse https:\/\/infoleg-autenticidade-assinatura.camara.leg.br\/CD253914533100<br \/>\nAssinado eletronicamente pelo(a) Dep. Marcelo \u00c1lvaro Ant\u00f4nio<br \/>\nApresenta\u00e7\u00e3o: 26\/11\/2025 18:07:22.047 &#8211; Mesa<br \/>\n*CD253914533100* PL n.5992\/2025<br \/>CAP\u00cdTULO V \u2013 DISPOSI\u00c7\u00d5ES FINAIS<br \/>\nArt. 8\u00ba Regulamenta\u00e7\u00e3o<br \/>\nO Poder Executivo regulamentar\u00e1 esta Lei no prazo de 90 dias para fins de fiscaliza\u00e7\u00e3o,<br \/>\nmigra\u00e7\u00e3o autom\u00e1tica de d\u00edvidas e integra\u00e7\u00e3o com bureaus de cr\u00e9dito.<br \/>\nArt. 9\u00ba Vig\u00eancia.<br \/>\nEsta Lei entra em vigor na data de sua publica\u00e7\u00e3o.<br \/>\nJUSTIFICATIVA<br \/>\nA explora\u00e7\u00e3o patrimonial infantil \u00e9 um fen\u00f4meno crescente no Brasil, respons\u00e1vel por<br \/>\narruinar a vida de milhares de jovens que, ao atingirem a maioridade, descobrem possuir<br \/>\ndiversas d\u00edvidas, empresas abertas em seu nome, restri\u00e7\u00f5es credit\u00edcias e impedimentos civis<br \/>\nque jamais contra\u00edram.<br \/>\nA pr\u00e1tica se desenvolve majoritariamente dentro do n\u00facleo familiar, sendo muitas vezes<br \/>\nrealizada pelos pr\u00f3prios pais ou respons\u00e1veis. Essa forma de abuso \u00e9 silenciosa, invis\u00edvel e<br \/>\nprofundamente traum\u00e1tica. Fere o princ\u00edpio constitucional da prote\u00e7\u00e3o integral, a dignidade<br \/>\nda pessoa humana, e afronta diretamente o art. 227 da Constitui\u00e7\u00e3o Federal.<br \/>\nAs consequ\u00eancias desse abuso ultrapassam o campo financeiro. Crian\u00e7as e adolescentes<br \/>\nv\u00edtimas de explora\u00e7\u00e3o patrimonial sofrem danos psicol\u00f3gicos, emocionais e sociais, al\u00e9m de<br \/>\npreju\u00edzos concretos que afetam sua inser\u00e7\u00e3o no mercado de trabalho, sua credibilidade, sua<br \/>\ncapacidade de acessar cr\u00e9dito e construir vida adulta saud\u00e1vel.<br \/>\nHoje, o ordenamento jur\u00eddico brasileiro n\u00e3o possui um tipo penal espec\u00edfico para punir essa<br \/>\nconduta. No m\u00e1ximo, aplica-se estelionato, falsidade ideol\u00f3gica ou abandono moral, sem<br \/>\nabarcar a ess\u00eancia do abuso.<br \/>\nEste Projeto de Lei corrige essa lacuna:<br \/>\n\u2022 criminaliza a pr\u00e1tica com penas proporcionais ao dano causado.<br \/>\n\u2022 torna nulas todas as opera\u00e7\u00f5es feitas com CPF de menores.<br \/>\n\u2022 pro\u00edbe institui\u00e7\u00f5es financeiras de processarem tais opera\u00e7\u00f5es.<br \/>\n\u2022 determina que toda d\u00edvida migre automaticamente para o respons\u00e1vel, mesmo na<br \/>\nvida adulta.<br \/>\n\u2022 protege a crian\u00e7a de negativa\u00e7\u00e3o e responsabiliza quem praticou a fraude.<br \/>\n\u2022 estabelece mecanismos de comunica\u00e7\u00e3o ao Conselho Tutelar e ao Minist\u00e9rio<br \/>\nP\u00fablico.<br \/>\nTrata-se de uma medida urgente, alinhada ao melhor interesse da crian\u00e7a e \u00e0 prote\u00e7\u00e3o<br \/>\nintegral, responsabilizando quem pratica abuso econ\u00f4mico infantil e impedindo que jovens<br \/>\ncomecem a vida endividados por atos que jamais praticaram.<br \/>\nSala das Sess\u00f5es,    de novembro de 2025.<br \/>\nMARCELO \u00c1LVARO ANT\u00d4NIO<br \/>\nDeputado Federal\u2013 PL \/ MG<br \/>\nPara verificar a assinatura, acesse https:\/\/infoleg-autenticidade-assinatura.camara.leg.br\/CD253914533100<br \/>\nAssinado eletronicamente pelo(a) Dep. Marcelo \u00c1lvaro Ant\u00f4nio<br \/>\nApresenta\u00e7\u00e3o: 26\/11\/2025 18:07:22.047 &#8211; Mesa<br \/>\n*CD253914533100* PL n.5992\/2025<br \/>Para verificar a assinatura, acesse https:\/\/infoleg-autenticidade-assinatura.camara.leg.br\/CD253914533100<br \/>\nAssinado eletronicamente pelo(a) Dep. Marcelo \u00c1lvaro Ant\u00f4nio<br \/>\nApresenta\u00e7\u00e3o: 26\/11\/2025 18:07:22.047 &#8211; Mesa<br \/>\n*CD253914533100* PL n.5992\/2025<\/article>\n<p><a href='https:\/\/app.legislapp.com.br\/#\/busca?termo=Altera\u00e7\u00e3o'>Altera\u00e7\u00e3o<\/a>, <a href='https:\/\/app.legislapp.com.br\/#\/busca?termo=C\u00f3digo Penal (1940)'>C\u00f3digo Penal (1940)<\/a>, <a href='https:\/\/app.legislapp.com.br\/#\/busca?termo=Estatuto da Crian\u00e7a e do Adolescente (ECA) (1990)'>Estatuto da Crian\u00e7a e do Adolescente (ECA) (1990)<\/a>, <a href='https:\/\/app.legislapp.com.br\/#\/busca?termo=C\u00f3digo Civil (2002)'>C\u00f3digo Civil (2002)<\/a>, <a href='https:\/\/app.legislapp.com.br\/#\/busca?termo=crime contra a assist\u00eancia familiar'>crime contra a assist\u00eancia familiar<\/a>, <a href='https:\/\/app.legislapp.com.br\/#\/busca?termo=tipicidade penal'>tipicidade penal<\/a>, <a href='https:\/\/app.legislapp.com.br\/#\/busca?termo=Explora\u00e7\u00e3o patrimonial infantil'>Explora\u00e7\u00e3o patrimonial infantil<\/a>, <a href='https:\/\/app.legislapp.com.br\/#\/busca?termo=tipifica\u00e7\u00e3o de conduta'>tipifica\u00e7\u00e3o de conduta<\/a>, <a href='https:\/\/app.legislapp.com.br\/#\/busca?termo=proibi\u00e7\u00e3o'>proibi\u00e7\u00e3o<\/a>, <a href='https:\/\/app.legislapp.com.br\/#\/busca?termo=utiliza\u00e7\u00e3o'>utiliza\u00e7\u00e3o<\/a>, <a href='https:\/\/app.legislapp.com.br\/#\/busca?termo=Cadastro de Pessoas F\u00edsicas (CPF)'>Cadastro de Pessoas F\u00edsicas (CPF)<\/a>, <a href='https:\/\/app.legislapp.com.br\/#\/busca?termo=crian\u00e7a'>crian\u00e7a<\/a>, <a href='https:\/\/app.legislapp.com.br\/#\/busca?termo=adolescente'>adolescente<\/a>, <a href='https:\/\/app.legislapp.com.br\/#\/busca?termo=Transa\u00e7\u00e3o banc\u00e1ria'>Transa\u00e7\u00e3o banc\u00e1ria<\/a>, <a href='https:\/\/app.legislapp.com.br\/#\/busca?termo=abertura comercial'>abertura comercial<\/a>, <a href='https:\/\/app.legislapp.com.br\/#\/busca?termo=empresa'>empresa<\/a>, <a href='https:\/\/app.legislapp.com.br\/#\/busca?termo=nulidade'>nulidade<\/a>, <a href='https:\/\/app.legislapp.com.br\/#\/busca?termo=contrato'>contrato<\/a>, <a href='https:\/\/app.legislapp.com.br\/#\/busca?termo=opera\u00e7\u00e3o financeira.'>opera\u00e7\u00e3o financeira.<\/a><\/p>\n<div style=\"text-align: center\">\n      <img decoding=\"async\" style=\"width: 14%;\" src=\"https:\/\/www.legislapp.com.br\/wp-content\/uploads\/2021\/07\/Logo-Legislapp-1-03-1.png\"><br \/>\n      <\/p>\n<div style=\"margin-bottom: 20px;\" class=\"et_pb_button_module_wrapper et_pb_button_5_tb_body_wrapper et_pb_button_alignment_center et_pb_module \">\n         <a class=\"et_pb_button et_pb_button_5_tb_body et_hover_enabled et_pb_bg_layout_dark\" style=\"width: 50%;background-color: black;\" href=\"https:\/\/app.legislapp.com.br\" target=\"_blank\" rel=\"noopener\">Visualizar completo na nossa plataforma (30 dias gr\u00e1tis)<\/a><\/p><\/div>\n<p>      <a href=\"https:\/\/play.google.com\/store\/apps\/details?id=br.com.legislapp\"><img decoding=\"async\" style=\"width: 15%; min-width: 130px;\" src=\"https:\/\/www.legislapp.com.br\/wp-content\/uploads\/google-play.png\"><\/a><br \/>\n      <a href=\"https:\/\/apps.apple.com\/us\/app\/legislapp\/id1568929859\"><img decoding=\"async\" style=\"width: 15%; min-width: 130px\" src=\"https:\/\/www.legislapp.com.br\/wp-content\/uploads\/apple-store.png\"><\/a>\n   <\/div>\n","protected":false},"excerpt":{"rendered":"<p>Avulso Inicial &#8211; Autoria de Marcelo \u00c1lvaro Ant\u00f4nio PROJETO DE LEI N\u00ba , DE 2025 (Deputado Federal Marcelo \u00c1lvaro Ant\u00f4nio) Disp\u00f5e sobre a cria\u00e7\u00e3o do tipo penal de Explora\u00e7\u00e3o Patrimonial Infantil, altera o Decreto-Lei n\u00ba 2.848\/1940 (C\u00f3digo Penal), a Lei n\u00ba 8.069\/1990 (Estatuto da Crian\u00e7a e do Adolescente), a Lei n\u00ba 10.406\/2002 (C\u00f3digo Civil), e [&hellip;]<\/p>\n","protected":false},"author":1,"featured_media":0,"parent":0,"menu_order":0,"comment_status":"closed","ping_status":"closed","template":"page-template-blank.php","meta":{"_et_pb_use_builder":"","_et_pb_old_content":"","_et_gb_content_width":"1080","ngg_post_thumbnail":0,"footnotes":""},"class_list":["post-11034","page","type-page","status-publish","hentry"],"yoast_head":"<!-- This site is optimized with the Yoast SEO plugin v24.4 - https:\/\/yoast.com\/wordpress\/plugins\/seo\/ -->\n<title>Avulso Inicial - PL 5992\/2025 - C\u00e2mara - Legislapp<\/title>\n<meta name=\"robots\" content=\"index, follow, max-snippet:-1, max-image-preview:large, max-video-preview:-1\" \/>\n<link rel=\"canonical\" href=\"https:\/\/www.legislapp.com.br\/index.php\/avulso-inicial-pl-5992-2025-camara\/\" \/>\n<meta property=\"og:locale\" content=\"pt_BR\" \/>\n<meta property=\"og:type\" content=\"article\" \/>\n<meta property=\"og:title\" content=\"Avulso Inicial - PL 5992\/2025 - C\u00e2mara - Legislapp\" \/>\n<meta property=\"og:description\" content=\"Avulso Inicial &#8211; Autoria de Marcelo \u00c1lvaro Ant\u00f4nio PROJETO DE LEI N\u00ba , DE 2025 (Deputado Federal Marcelo \u00c1lvaro Ant\u00f4nio) Disp\u00f5e sobre a cria\u00e7\u00e3o do tipo penal de Explora\u00e7\u00e3o Patrimonial Infantil, altera o Decreto-Lei n\u00ba 2.848\/1940 (C\u00f3digo Penal), a Lei n\u00ba 8.069\/1990 (Estatuto da Crian\u00e7a e do Adolescente), a Lei n\u00ba 10.406\/2002 (C\u00f3digo Civil), e [&hellip;]\" \/>\n<meta property=\"og:url\" content=\"https:\/\/www.legislapp.com.br\/index.php\/avulso-inicial-pl-5992-2025-camara\/\" \/>\n<meta property=\"og:site_name\" content=\"Legislapp\" \/>\n<meta property=\"article:publisher\" content=\"https:\/\/www.instagram.com\/legislapp\/\" \/>\n<meta property=\"og:image\" content=\"https:\/\/www.legislapp.com.br\/wp-content\/uploads\/2021\/07\/Logo-Legislapp-1-03-1.png\" \/>\n<meta name=\"twitter:card\" content=\"summary_large_image\" \/>\n<meta name=\"twitter:label1\" content=\"Est. tempo de leitura\" \/>\n\t<meta name=\"twitter:data1\" content=\"6 minutos\" \/>\n<script type=\"application\/ld+json\" class=\"yoast-schema-graph\">{\"@context\":\"https:\/\/schema.org\",\"@graph\":[{\"@type\":\"WebPage\",\"@id\":\"https:\/\/www.legislapp.com.br\/index.php\/avulso-inicial-pl-5992-2025-camara\/\",\"url\":\"https:\/\/www.legislapp.com.br\/index.php\/avulso-inicial-pl-5992-2025-camara\/\",\"name\":\"Avulso Inicial - PL 5992\/2025 - C\u00e2mara - Legislapp\",\"isPartOf\":{\"@id\":\"https:\/\/www.legislapp.com.br\/#website\"},\"primaryImageOfPage\":{\"@id\":\"https:\/\/www.legislapp.com.br\/index.php\/avulso-inicial-pl-5992-2025-camara\/#primaryimage\"},\"image\":{\"@id\":\"https:\/\/www.legislapp.com.br\/index.php\/avulso-inicial-pl-5992-2025-camara\/#primaryimage\"},\"thumbnailUrl\":\"https:\/\/www.legislapp.com.br\/wp-content\/uploads\/2021\/07\/Logo-Legislapp-1-03-1.png\",\"datePublished\":\"2026-01-19T13:57:43+00:00\",\"breadcrumb\":{\"@id\":\"https:\/\/www.legislapp.com.br\/index.php\/avulso-inicial-pl-5992-2025-camara\/#breadcrumb\"},\"inLanguage\":\"pt-BR\",\"potentialAction\":[{\"@type\":\"ReadAction\",\"target\":[\"https:\/\/www.legislapp.com.br\/index.php\/avulso-inicial-pl-5992-2025-camara\/\"]}]},{\"@type\":\"ImageObject\",\"inLanguage\":\"pt-BR\",\"@id\":\"https:\/\/www.legislapp.com.br\/index.php\/avulso-inicial-pl-5992-2025-camara\/#primaryimage\",\"url\":\"https:\/\/www.legislapp.com.br\/wp-content\/uploads\/2021\/07\/Logo-Legislapp-1-03-1.png\",\"contentUrl\":\"https:\/\/www.legislapp.com.br\/wp-content\/uploads\/2021\/07\/Logo-Legislapp-1-03-1.png\",\"width\":2679,\"height\":2697},{\"@type\":\"BreadcrumbList\",\"@id\":\"https:\/\/www.legislapp.com.br\/index.php\/avulso-inicial-pl-5992-2025-camara\/#breadcrumb\",\"itemListElement\":[{\"@type\":\"ListItem\",\"position\":1,\"name\":\"In\u00edcio\",\"item\":\"https:\/\/www.legislapp.com.br\/\"},{\"@type\":\"ListItem\",\"position\":2,\"name\":\"Avulso Inicial &#8211; PL 5992\/2025 &#8211; C\u00e2mara\"}]},{\"@type\":\"WebSite\",\"@id\":\"https:\/\/www.legislapp.com.br\/#website\",\"url\":\"https:\/\/www.legislapp.com.br\/\",\"name\":\"Legislapp\",\"description\":\"Intelig\u00eancia governamental em tempo real\",\"publisher\":{\"@id\":\"https:\/\/www.legislapp.com.br\/#organization\"},\"potentialAction\":[{\"@type\":\"SearchAction\",\"target\":{\"@type\":\"EntryPoint\",\"urlTemplate\":\"https:\/\/www.legislapp.com.br\/?s={search_term_string}\"},\"query-input\":{\"@type\":\"PropertyValueSpecification\",\"valueRequired\":true,\"valueName\":\"search_term_string\"}}],\"inLanguage\":\"pt-BR\"},{\"@type\":\"Organization\",\"@id\":\"https:\/\/www.legislapp.com.br\/#organization\",\"name\":\"Legislapp Monitoramento e Intelig\u00eancia Governamental\",\"url\":\"https:\/\/www.legislapp.com.br\/\",\"logo\":{\"@type\":\"ImageObject\",\"inLanguage\":\"pt-BR\",\"@id\":\"https:\/\/www.legislapp.com.br\/#\/schema\/logo\/image\/\",\"url\":\"https:\/\/www.legislapp.com.br\/wp-content\/uploads\/icon.png\",\"contentUrl\":\"https:\/\/www.legislapp.com.br\/wp-content\/uploads\/icon.png\",\"width\":1024,\"height\":1024,\"caption\":\"Legislapp Monitoramento e Intelig\u00eancia Governamental\"},\"image\":{\"@id\":\"https:\/\/www.legislapp.com.br\/#\/schema\/logo\/image\/\"},\"sameAs\":[\"https:\/\/www.instagram.com\/legislapp\/\"]}]}<\/script>\n<!-- \/ Yoast SEO plugin. -->","yoast_head_json":{"title":"Avulso Inicial - PL 5992\/2025 - C\u00e2mara - Legislapp","robots":{"index":"index","follow":"follow","max-snippet":"max-snippet:-1","max-image-preview":"max-image-preview:large","max-video-preview":"max-video-preview:-1"},"canonical":"https:\/\/www.legislapp.com.br\/index.php\/avulso-inicial-pl-5992-2025-camara\/","og_locale":"pt_BR","og_type":"article","og_title":"Avulso Inicial - PL 5992\/2025 - C\u00e2mara - Legislapp","og_description":"Avulso Inicial &#8211; Autoria de Marcelo \u00c1lvaro Ant\u00f4nio PROJETO DE LEI N\u00ba , DE 2025 (Deputado Federal Marcelo \u00c1lvaro Ant\u00f4nio) Disp\u00f5e sobre a cria\u00e7\u00e3o do tipo penal de Explora\u00e7\u00e3o Patrimonial Infantil, altera o Decreto-Lei n\u00ba 2.848\/1940 (C\u00f3digo Penal), a Lei n\u00ba 8.069\/1990 (Estatuto da Crian\u00e7a e do Adolescente), a Lei n\u00ba 10.406\/2002 (C\u00f3digo Civil), e [&hellip;]","og_url":"https:\/\/www.legislapp.com.br\/index.php\/avulso-inicial-pl-5992-2025-camara\/","og_site_name":"Legislapp","article_publisher":"https:\/\/www.instagram.com\/legislapp\/","og_image":[{"url":"https:\/\/www.legislapp.com.br\/wp-content\/uploads\/2021\/07\/Logo-Legislapp-1-03-1.png","type":"","width":"","height":""}],"twitter_card":"summary_large_image","twitter_misc":{"Est. tempo de leitura":"6 minutos"},"schema":{"@context":"https:\/\/schema.org","@graph":[{"@type":"WebPage","@id":"https:\/\/www.legislapp.com.br\/index.php\/avulso-inicial-pl-5992-2025-camara\/","url":"https:\/\/www.legislapp.com.br\/index.php\/avulso-inicial-pl-5992-2025-camara\/","name":"Avulso Inicial - PL 5992\/2025 - C\u00e2mara - Legislapp","isPartOf":{"@id":"https:\/\/www.legislapp.com.br\/#website"},"primaryImageOfPage":{"@id":"https:\/\/www.legislapp.com.br\/index.php\/avulso-inicial-pl-5992-2025-camara\/#primaryimage"},"image":{"@id":"https:\/\/www.legislapp.com.br\/index.php\/avulso-inicial-pl-5992-2025-camara\/#primaryimage"},"thumbnailUrl":"https:\/\/www.legislapp.com.br\/wp-content\/uploads\/2021\/07\/Logo-Legislapp-1-03-1.png","datePublished":"2026-01-19T13:57:43+00:00","breadcrumb":{"@id":"https:\/\/www.legislapp.com.br\/index.php\/avulso-inicial-pl-5992-2025-camara\/#breadcrumb"},"inLanguage":"pt-BR","potentialAction":[{"@type":"ReadAction","target":["https:\/\/www.legislapp.com.br\/index.php\/avulso-inicial-pl-5992-2025-camara\/"]}]},{"@type":"ImageObject","inLanguage":"pt-BR","@id":"https:\/\/www.legislapp.com.br\/index.php\/avulso-inicial-pl-5992-2025-camara\/#primaryimage","url":"https:\/\/www.legislapp.com.br\/wp-content\/uploads\/2021\/07\/Logo-Legislapp-1-03-1.png","contentUrl":"https:\/\/www.legislapp.com.br\/wp-content\/uploads\/2021\/07\/Logo-Legislapp-1-03-1.png","width":2679,"height":2697},{"@type":"BreadcrumbList","@id":"https:\/\/www.legislapp.com.br\/index.php\/avulso-inicial-pl-5992-2025-camara\/#breadcrumb","itemListElement":[{"@type":"ListItem","position":1,"name":"In\u00edcio","item":"https:\/\/www.legislapp.com.br\/"},{"@type":"ListItem","position":2,"name":"Avulso Inicial &#8211; PL 5992\/2025 &#8211; C\u00e2mara"}]},{"@type":"WebSite","@id":"https:\/\/www.legislapp.com.br\/#website","url":"https:\/\/www.legislapp.com.br\/","name":"Legislapp","description":"Intelig\u00eancia governamental em tempo real","publisher":{"@id":"https:\/\/www.legislapp.com.br\/#organization"},"potentialAction":[{"@type":"SearchAction","target":{"@type":"EntryPoint","urlTemplate":"https:\/\/www.legislapp.com.br\/?s={search_term_string}"},"query-input":{"@type":"PropertyValueSpecification","valueRequired":true,"valueName":"search_term_string"}}],"inLanguage":"pt-BR"},{"@type":"Organization","@id":"https:\/\/www.legislapp.com.br\/#organization","name":"Legislapp Monitoramento e Intelig\u00eancia Governamental","url":"https:\/\/www.legislapp.com.br\/","logo":{"@type":"ImageObject","inLanguage":"pt-BR","@id":"https:\/\/www.legislapp.com.br\/#\/schema\/logo\/image\/","url":"https:\/\/www.legislapp.com.br\/wp-content\/uploads\/icon.png","contentUrl":"https:\/\/www.legislapp.com.br\/wp-content\/uploads\/icon.png","width":1024,"height":1024,"caption":"Legislapp Monitoramento e Intelig\u00eancia Governamental"},"image":{"@id":"https:\/\/www.legislapp.com.br\/#\/schema\/logo\/image\/"},"sameAs":["https:\/\/www.instagram.com\/legislapp\/"]}]}},"_links":{"self":[{"href":"https:\/\/www.legislapp.com.br\/index.php\/wp-json\/wp\/v2\/pages\/11034","targetHints":{"allow":["GET"]}}],"collection":[{"href":"https:\/\/www.legislapp.com.br\/index.php\/wp-json\/wp\/v2\/pages"}],"about":[{"href":"https:\/\/www.legislapp.com.br\/index.php\/wp-json\/wp\/v2\/types\/page"}],"author":[{"embeddable":true,"href":"https:\/\/www.legislapp.com.br\/index.php\/wp-json\/wp\/v2\/users\/1"}],"replies":[{"embeddable":true,"href":"https:\/\/www.legislapp.com.br\/index.php\/wp-json\/wp\/v2\/comments?post=11034"}],"version-history":[{"count":0,"href":"https:\/\/www.legislapp.com.br\/index.php\/wp-json\/wp\/v2\/pages\/11034\/revisions"}],"wp:attachment":[{"href":"https:\/\/www.legislapp.com.br\/index.php\/wp-json\/wp\/v2\/media?parent=11034"}],"curies":[{"name":"wp","href":"https:\/\/api.w.org\/{rel}","templated":true}]}}