{"id":11038,"date":"2026-01-19T11:00:02","date_gmt":"2026-01-19T14:00:02","guid":{"rendered":"https:\/\/www.legislapp.com.br\/index.php\/avulso-inicial-pl-1209-2022-camara\/"},"modified":"2026-01-19T11:00:02","modified_gmt":"2026-01-19T14:00:02","slug":"avulso-inicial-pl-1209-2022-camara","status":"publish","type":"page","link":"https:\/\/www.legislapp.com.br\/index.php\/avulso-inicial-pl-1209-2022-camara\/","title":{"rendered":"Avulso Inicial &#8211; PL 1209\/2022 &#8211; C\u00e2mara"},"content":{"rendered":"<h1 style='text-align: center;'>Avulso Inicial &#8211; Autoria de Senado Federal<\/h3>\n<p><\/p>\n<article>Institui o Dia Nacional de<br \/>\nConscientiza\u00e7\u00e3o sobre as Doen\u00e7as<br \/>\nRenais.<br \/>\nO Congresso Nacional decreta:<br \/>\nArt. 1\u00ba \u00c9 institu\u00eddo o Dia Nacional de Conscientiza\u00e7\u00e3o sobre as Doen\u00e7as<br \/>\nRenais, a ser celebrado anualmente na segunda quinta-feira do m\u00eas de mar\u00e7o.<br \/>\nPar\u00e1grafo \u00fanico. Os \u00f3rg\u00e3os p\u00fablicos respons\u00e1veis pela coordena\u00e7\u00e3o e<br \/>\nimplementa\u00e7\u00e3o de pol\u00edticas p\u00fablicas voltadas \u00e0 pessoa com doen\u00e7a renal, em conjunto<br \/>\ncom organiza\u00e7\u00f5es da sociedade civil, s\u00e3o incumbidos de promover a realiza\u00e7\u00e3o de a\u00e7\u00f5es<br \/>\ne de eventos destinados \u00e0 preven\u00e7\u00e3o das doen\u00e7as renais, ao diagn\u00f3stico precoce e \u00e0<br \/>\ndivulga\u00e7\u00e3o das terapias renais substitutivas, especialmente o incentivo \u00e0 doa\u00e7\u00e3o de rins<br \/>\npara transplante.<br \/>\nArt. 2\u00ba Esta Lei entra em vigor na data de sua publica\u00e7\u00e3o.<br \/>\nBras\u00edlia, na data da assinatura.<br \/>\nSenador Davi Alcolumbre<br \/>\nPresidente do Senado Federal<br \/>\nAutenticado Eletronicamente, ap\u00f3s confer\u00eancia com o original.<br \/>\nApresenta\u00e7\u00e3o: 14\/11\/2025 18:10:22.757 &#8211; Mesa<br \/>\n*CD256245688800* PL n.1209\/2022<br \/>phfm\/pl22-1209<br \/>\nAutenticado Eletronicamente, ap\u00f3s confer\u00eancia com o original.<br \/>\nApresenta\u00e7\u00e3o: 14\/11\/2025 18:10:22.757 &#8211; Mesa<br \/>\n*CD256245688800* PL n.1209\/2022<\/article>\n<p><a href='https:\/\/app.legislapp.com.br\/#\/busca?termo=Cria\u00e7\u00e3o'>Cria\u00e7\u00e3o<\/a>, <a href='https:\/\/app.legislapp.com.br\/#\/busca?termo=Dia nacional'>Dia nacional<\/a>, <a href='https:\/\/app.legislapp.com.br\/#\/busca?termo=conscientiza\u00e7\u00e3o'>conscientiza\u00e7\u00e3o<\/a>, <a href='https:\/\/app.legislapp.com.br\/#\/busca?termo=doen\u00e7a renal'>doen\u00e7a renal<\/a>, <a href='https:\/\/app.legislapp.com.br\/#\/busca?termo=campanha educativa'>campanha educativa<\/a>, <a href='https:\/\/app.legislapp.com.br\/#\/busca?termo=data comemorativa'>data comemorativa<\/a>, <a href='https:\/\/app.legislapp.com.br\/#\/busca?termo=mar\u00e7o'>mar\u00e7o<\/a>, <a href='https:\/\/app.legislapp.com.br\/#\/busca?termo=enfrentamento'>enfrentamento<\/a>, <a href='https:\/\/app.legislapp.com.br\/#\/busca?termo=hemodi\u00e1lise'>hemodi\u00e1lise<\/a>, <a href='https:\/\/app.legislapp.com.br\/#\/busca?termo=transplante de \u00f3rg\u00e3o ou tecido'>transplante de \u00f3rg\u00e3o ou tecido<\/a>, <a href='https:\/\/app.legislapp.com.br\/#\/busca?termo=terapia renal substitutiva'>terapia renal substitutiva<\/a>, <a href='https:\/\/app.legislapp.com.br\/#\/busca?termo=nefrologia'>nefrologia<\/a>, <a href='https:\/\/app.legislapp.com.br\/#\/busca?termo=sa\u00fade p\u00fablica'>sa\u00fade p\u00fablica<\/a>, <a href='https:\/\/app.legislapp.com.br\/#\/busca?termo=hipertens\u00e3o arterial'>hipertens\u00e3o arterial<\/a>, <a href='https:\/\/app.legislapp.com.br\/#\/busca?termo=diabetes.'>diabetes.<\/a><\/p>\n<div style=\"text-align: center\">\n      <img decoding=\"async\" style=\"width: 14%;\" src=\"https:\/\/www.legislapp.com.br\/wp-content\/uploads\/2021\/07\/Logo-Legislapp-1-03-1.png\"><br \/>\n      <\/p>\n<div style=\"margin-bottom: 20px;\" class=\"et_pb_button_module_wrapper et_pb_button_5_tb_body_wrapper et_pb_button_alignment_center et_pb_module \">\n         <a class=\"et_pb_button et_pb_button_5_tb_body et_hover_enabled et_pb_bg_layout_dark\" style=\"width: 50%;background-color: black;\" href=\"https:\/\/app.legislapp.com.br\" target=\"_blank\" rel=\"noopener\">Visualizar completo na nossa plataforma (30 dias gr\u00e1tis)<\/a><\/p><\/div>\n<p>      <a href=\"https:\/\/play.google.com\/store\/apps\/details?id=br.com.legislapp\"><img decoding=\"async\" style=\"width: 15%; min-width: 130px;\" src=\"https:\/\/www.legislapp.com.br\/wp-content\/uploads\/google-play.png\"><\/a><br \/>\n      <a href=\"https:\/\/apps.apple.com\/us\/app\/legislapp\/id1568929859\"><img decoding=\"async\" style=\"width: 15%; min-width: 130px\" src=\"https:\/\/www.legislapp.com.br\/wp-content\/uploads\/apple-store.png\"><\/a>\n   <\/div>\n","protected":false},"excerpt":{"rendered":"<p>Avulso Inicial &#8211; Autoria de Senado Federal Institui o Dia Nacional de Conscientiza\u00e7\u00e3o sobre as Doen\u00e7as Renais. O Congresso Nacional decreta: Art. 1\u00ba \u00c9 institu\u00eddo o Dia Nacional de Conscientiza\u00e7\u00e3o sobre as Doen\u00e7as Renais, a ser celebrado anualmente na segunda quinta-feira do m\u00eas de mar\u00e7o. Par\u00e1grafo \u00fanico. Os \u00f3rg\u00e3os p\u00fablicos respons\u00e1veis pela coordena\u00e7\u00e3o e implementa\u00e7\u00e3o [&hellip;]<\/p>\n","protected":false},"author":1,"featured_media":0,"parent":0,"menu_order":0,"comment_status":"closed","ping_status":"closed","template":"page-template-blank.php","meta":{"_et_pb_use_builder":"","_et_pb_old_content":"","_et_gb_content_width":"1080","ngg_post_thumbnail":0,"footnotes":""},"class_list":["post-11038","page","type-page","status-publish","hentry"],"yoast_head":"<!-- This site is optimized with the Yoast SEO plugin v24.4 - https:\/\/yoast.com\/wordpress\/plugins\/seo\/ -->\n<title>Avulso Inicial - PL 1209\/2022 - C\u00e2mara - Legislapp<\/title>\n<meta name=\"robots\" content=\"index, follow, max-snippet:-1, max-image-preview:large, max-video-preview:-1\" \/>\n<link rel=\"canonical\" href=\"https:\/\/www.legislapp.com.br\/index.php\/avulso-inicial-pl-1209-2022-camara\/\" \/>\n<meta property=\"og:locale\" content=\"pt_BR\" \/>\n<meta property=\"og:type\" content=\"article\" \/>\n<meta property=\"og:title\" content=\"Avulso Inicial - PL 1209\/2022 - C\u00e2mara - Legislapp\" \/>\n<meta property=\"og:description\" content=\"Avulso Inicial &#8211; Autoria de Senado Federal Institui o Dia Nacional de Conscientiza\u00e7\u00e3o sobre as Doen\u00e7as Renais. O Congresso Nacional decreta: Art. 1\u00ba \u00c9 institu\u00eddo o Dia Nacional de Conscientiza\u00e7\u00e3o sobre as Doen\u00e7as Renais, a ser celebrado anualmente na segunda quinta-feira do m\u00eas de mar\u00e7o. Par\u00e1grafo \u00fanico. Os \u00f3rg\u00e3os p\u00fablicos respons\u00e1veis pela coordena\u00e7\u00e3o e implementa\u00e7\u00e3o [&hellip;]\" \/>\n<meta property=\"og:url\" content=\"https:\/\/www.legislapp.com.br\/index.php\/avulso-inicial-pl-1209-2022-camara\/\" \/>\n<meta property=\"og:site_name\" content=\"Legislapp\" \/>\n<meta property=\"article:publisher\" content=\"https:\/\/www.instagram.com\/legislapp\/\" \/>\n<meta property=\"og:image\" content=\"https:\/\/www.legislapp.com.br\/wp-content\/uploads\/2021\/07\/Logo-Legislapp-1-03-1.png\" \/>\n<meta name=\"twitter:card\" content=\"summary_large_image\" \/>\n<meta name=\"twitter:label1\" content=\"Est. tempo de leitura\" \/>\n\t<meta name=\"twitter:data1\" content=\"1 minuto\" \/>\n<script type=\"application\/ld+json\" class=\"yoast-schema-graph\">{\"@context\":\"https:\/\/schema.org\",\"@graph\":[{\"@type\":\"WebPage\",\"@id\":\"https:\/\/www.legislapp.com.br\/index.php\/avulso-inicial-pl-1209-2022-camara\/\",\"url\":\"https:\/\/www.legislapp.com.br\/index.php\/avulso-inicial-pl-1209-2022-camara\/\",\"name\":\"Avulso Inicial - PL 1209\/2022 - C\u00e2mara - Legislapp\",\"isPartOf\":{\"@id\":\"https:\/\/www.legislapp.com.br\/#website\"},\"primaryImageOfPage\":{\"@id\":\"https:\/\/www.legislapp.com.br\/index.php\/avulso-inicial-pl-1209-2022-camara\/#primaryimage\"},\"image\":{\"@id\":\"https:\/\/www.legislapp.com.br\/index.php\/avulso-inicial-pl-1209-2022-camara\/#primaryimage\"},\"thumbnailUrl\":\"https:\/\/www.legislapp.com.br\/wp-content\/uploads\/2021\/07\/Logo-Legislapp-1-03-1.png\",\"datePublished\":\"2026-01-19T14:00:02+00:00\",\"breadcrumb\":{\"@id\":\"https:\/\/www.legislapp.com.br\/index.php\/avulso-inicial-pl-1209-2022-camara\/#breadcrumb\"},\"inLanguage\":\"pt-BR\",\"potentialAction\":[{\"@type\":\"ReadAction\",\"target\":[\"https:\/\/www.legislapp.com.br\/index.php\/avulso-inicial-pl-1209-2022-camara\/\"]}]},{\"@type\":\"ImageObject\",\"inLanguage\":\"pt-BR\",\"@id\":\"https:\/\/www.legislapp.com.br\/index.php\/avulso-inicial-pl-1209-2022-camara\/#primaryimage\",\"url\":\"https:\/\/www.legislapp.com.br\/wp-content\/uploads\/2021\/07\/Logo-Legislapp-1-03-1.png\",\"contentUrl\":\"https:\/\/www.legislapp.com.br\/wp-content\/uploads\/2021\/07\/Logo-Legislapp-1-03-1.png\",\"width\":2679,\"height\":2697},{\"@type\":\"BreadcrumbList\",\"@id\":\"https:\/\/www.legislapp.com.br\/index.php\/avulso-inicial-pl-1209-2022-camara\/#breadcrumb\",\"itemListElement\":[{\"@type\":\"ListItem\",\"position\":1,\"name\":\"In\u00edcio\",\"item\":\"https:\/\/www.legislapp.com.br\/\"},{\"@type\":\"ListItem\",\"position\":2,\"name\":\"Avulso Inicial &#8211; PL 1209\/2022 &#8211; C\u00e2mara\"}]},{\"@type\":\"WebSite\",\"@id\":\"https:\/\/www.legislapp.com.br\/#website\",\"url\":\"https:\/\/www.legislapp.com.br\/\",\"name\":\"Legislapp\",\"description\":\"Intelig\u00eancia governamental em tempo real\",\"publisher\":{\"@id\":\"https:\/\/www.legislapp.com.br\/#organization\"},\"potentialAction\":[{\"@type\":\"SearchAction\",\"target\":{\"@type\":\"EntryPoint\",\"urlTemplate\":\"https:\/\/www.legislapp.com.br\/?s={search_term_string}\"},\"query-input\":{\"@type\":\"PropertyValueSpecification\",\"valueRequired\":true,\"valueName\":\"search_term_string\"}}],\"inLanguage\":\"pt-BR\"},{\"@type\":\"Organization\",\"@id\":\"https:\/\/www.legislapp.com.br\/#organization\",\"name\":\"Legislapp Monitoramento e Intelig\u00eancia Governamental\",\"url\":\"https:\/\/www.legislapp.com.br\/\",\"logo\":{\"@type\":\"ImageObject\",\"inLanguage\":\"pt-BR\",\"@id\":\"https:\/\/www.legislapp.com.br\/#\/schema\/logo\/image\/\",\"url\":\"https:\/\/www.legislapp.com.br\/wp-content\/uploads\/icon.png\",\"contentUrl\":\"https:\/\/www.legislapp.com.br\/wp-content\/uploads\/icon.png\",\"width\":1024,\"height\":1024,\"caption\":\"Legislapp Monitoramento e Intelig\u00eancia Governamental\"},\"image\":{\"@id\":\"https:\/\/www.legislapp.com.br\/#\/schema\/logo\/image\/\"},\"sameAs\":[\"https:\/\/www.instagram.com\/legislapp\/\"]}]}<\/script>\n<!-- \/ Yoast SEO plugin. -->","yoast_head_json":{"title":"Avulso Inicial - PL 1209\/2022 - C\u00e2mara - Legislapp","robots":{"index":"index","follow":"follow","max-snippet":"max-snippet:-1","max-image-preview":"max-image-preview:large","max-video-preview":"max-video-preview:-1"},"canonical":"https:\/\/www.legislapp.com.br\/index.php\/avulso-inicial-pl-1209-2022-camara\/","og_locale":"pt_BR","og_type":"article","og_title":"Avulso Inicial - PL 1209\/2022 - C\u00e2mara - Legislapp","og_description":"Avulso Inicial &#8211; Autoria de Senado Federal Institui o Dia Nacional de Conscientiza\u00e7\u00e3o sobre as Doen\u00e7as Renais. O Congresso Nacional decreta: Art. 1\u00ba \u00c9 institu\u00eddo o Dia Nacional de Conscientiza\u00e7\u00e3o sobre as Doen\u00e7as Renais, a ser celebrado anualmente na segunda quinta-feira do m\u00eas de mar\u00e7o. Par\u00e1grafo \u00fanico. Os \u00f3rg\u00e3os p\u00fablicos respons\u00e1veis pela coordena\u00e7\u00e3o e implementa\u00e7\u00e3o [&hellip;]","og_url":"https:\/\/www.legislapp.com.br\/index.php\/avulso-inicial-pl-1209-2022-camara\/","og_site_name":"Legislapp","article_publisher":"https:\/\/www.instagram.com\/legislapp\/","og_image":[{"url":"https:\/\/www.legislapp.com.br\/wp-content\/uploads\/2021\/07\/Logo-Legislapp-1-03-1.png","type":"","width":"","height":""}],"twitter_card":"summary_large_image","twitter_misc":{"Est. tempo de leitura":"1 minuto"},"schema":{"@context":"https:\/\/schema.org","@graph":[{"@type":"WebPage","@id":"https:\/\/www.legislapp.com.br\/index.php\/avulso-inicial-pl-1209-2022-camara\/","url":"https:\/\/www.legislapp.com.br\/index.php\/avulso-inicial-pl-1209-2022-camara\/","name":"Avulso Inicial - PL 1209\/2022 - C\u00e2mara - Legislapp","isPartOf":{"@id":"https:\/\/www.legislapp.com.br\/#website"},"primaryImageOfPage":{"@id":"https:\/\/www.legislapp.com.br\/index.php\/avulso-inicial-pl-1209-2022-camara\/#primaryimage"},"image":{"@id":"https:\/\/www.legislapp.com.br\/index.php\/avulso-inicial-pl-1209-2022-camara\/#primaryimage"},"thumbnailUrl":"https:\/\/www.legislapp.com.br\/wp-content\/uploads\/2021\/07\/Logo-Legislapp-1-03-1.png","datePublished":"2026-01-19T14:00:02+00:00","breadcrumb":{"@id":"https:\/\/www.legislapp.com.br\/index.php\/avulso-inicial-pl-1209-2022-camara\/#breadcrumb"},"inLanguage":"pt-BR","potentialAction":[{"@type":"ReadAction","target":["https:\/\/www.legislapp.com.br\/index.php\/avulso-inicial-pl-1209-2022-camara\/"]}]},{"@type":"ImageObject","inLanguage":"pt-BR","@id":"https:\/\/www.legislapp.com.br\/index.php\/avulso-inicial-pl-1209-2022-camara\/#primaryimage","url":"https:\/\/www.legislapp.com.br\/wp-content\/uploads\/2021\/07\/Logo-Legislapp-1-03-1.png","contentUrl":"https:\/\/www.legislapp.com.br\/wp-content\/uploads\/2021\/07\/Logo-Legislapp-1-03-1.png","width":2679,"height":2697},{"@type":"BreadcrumbList","@id":"https:\/\/www.legislapp.com.br\/index.php\/avulso-inicial-pl-1209-2022-camara\/#breadcrumb","itemListElement":[{"@type":"ListItem","position":1,"name":"In\u00edcio","item":"https:\/\/www.legislapp.com.br\/"},{"@type":"ListItem","position":2,"name":"Avulso Inicial &#8211; PL 1209\/2022 &#8211; C\u00e2mara"}]},{"@type":"WebSite","@id":"https:\/\/www.legislapp.com.br\/#website","url":"https:\/\/www.legislapp.com.br\/","name":"Legislapp","description":"Intelig\u00eancia governamental em tempo real","publisher":{"@id":"https:\/\/www.legislapp.com.br\/#organization"},"potentialAction":[{"@type":"SearchAction","target":{"@type":"EntryPoint","urlTemplate":"https:\/\/www.legislapp.com.br\/?s={search_term_string}"},"query-input":{"@type":"PropertyValueSpecification","valueRequired":true,"valueName":"search_term_string"}}],"inLanguage":"pt-BR"},{"@type":"Organization","@id":"https:\/\/www.legislapp.com.br\/#organization","name":"Legislapp Monitoramento e Intelig\u00eancia Governamental","url":"https:\/\/www.legislapp.com.br\/","logo":{"@type":"ImageObject","inLanguage":"pt-BR","@id":"https:\/\/www.legislapp.com.br\/#\/schema\/logo\/image\/","url":"https:\/\/www.legislapp.com.br\/wp-content\/uploads\/icon.png","contentUrl":"https:\/\/www.legislapp.com.br\/wp-content\/uploads\/icon.png","width":1024,"height":1024,"caption":"Legislapp Monitoramento e Intelig\u00eancia Governamental"},"image":{"@id":"https:\/\/www.legislapp.com.br\/#\/schema\/logo\/image\/"},"sameAs":["https:\/\/www.instagram.com\/legislapp\/"]}]}},"_links":{"self":[{"href":"https:\/\/www.legislapp.com.br\/index.php\/wp-json\/wp\/v2\/pages\/11038","targetHints":{"allow":["GET"]}}],"collection":[{"href":"https:\/\/www.legislapp.com.br\/index.php\/wp-json\/wp\/v2\/pages"}],"about":[{"href":"https:\/\/www.legislapp.com.br\/index.php\/wp-json\/wp\/v2\/types\/page"}],"author":[{"embeddable":true,"href":"https:\/\/www.legislapp.com.br\/index.php\/wp-json\/wp\/v2\/users\/1"}],"replies":[{"embeddable":true,"href":"https:\/\/www.legislapp.com.br\/index.php\/wp-json\/wp\/v2\/comments?post=11038"}],"version-history":[{"count":0,"href":"https:\/\/www.legislapp.com.br\/index.php\/wp-json\/wp\/v2\/pages\/11038\/revisions"}],"wp:attachment":[{"href":"https:\/\/www.legislapp.com.br\/index.php\/wp-json\/wp\/v2\/media?parent=11038"}],"curies":[{"name":"wp","href":"https:\/\/api.w.org\/{rel}","templated":true}]}}