{"id":11039,"date":"2026-01-19T11:00:09","date_gmt":"2026-01-19T14:00:09","guid":{"rendered":"https:\/\/www.legislapp.com.br\/index.php\/avulso-inicial-pl-6182-2025-camara\/"},"modified":"2026-01-19T11:00:09","modified_gmt":"2026-01-19T14:00:09","slug":"avulso-inicial-pl-6182-2025-camara","status":"publish","type":"page","link":"https:\/\/www.legislapp.com.br\/index.php\/avulso-inicial-pl-6182-2025-camara\/","title":{"rendered":"Avulso Inicial &#8211; PL 6182\/2025 &#8211; C\u00e2mara"},"content":{"rendered":"<h1 style='text-align: center;'>Avulso Inicial &#8211; Autoria de Kim Kataguiri<\/h3>\n<p><\/p>\n<article>C\u00c2MARA DOS DEPUTADOS<br \/>\nGabinete do Deputado Federal KIM KATAGUIRI<br \/>\nPROJETO DE LEI N\u00ba , DE 2025<br \/>\n(do deputado federal Kim Kataguiri &#8211; UNI\u00c3O-SP)<br \/>\nLei Trememb\u00e9 \u2013 Antilucro Criminal<br \/>\nO Congresso Nacional decreta:<br \/>\nArt. 1\u00ba Esta Lei veda ao condenado por crime, doloso ou<br \/>\nhediondo, a obten\u00e7\u00e3o de qualquer vantagem econ\u00f4mica<br \/>\nproveniente da explora\u00e7\u00e3o, divulga\u00e7\u00e3o, narrativa, dramatiza\u00e7\u00e3o ou<br \/>\nquaisquer modalidades de utiliza\u00e7\u00e3o do crime praticado.<br \/>\nArt. 2\u00b0 O condenado fica proibido de auferir, em car\u00e1ter<br \/>\npermanente e irrestrito, vantagem econ\u00f4mica direta ou indireta<br \/>\nrelacionada ao crime, independentemente da extin\u00e7\u00e3o da<br \/>\npunibilidade ou do tempo decorrido desde o fato.<br \/>\nArt. 3\u00ba Constituem vantagens econ\u00f4micas vedadas, entre outras:<br \/>\nI \u2013 remunera\u00e7\u00e3o ou pagamento por entrevistas, depoimentos,<br \/>\nparticipa\u00e7\u00e3o em document\u00e1rios, podcasts, programas de<br \/>\ntelevis\u00e3o, obras audiovisuais, liter\u00e1rias ou digitais relacionadas ao<br \/>\ncrime;<br \/>\nII \u2013 recebimento de direitos autorais, royalties, licenciamento de<br \/>\nimagem, nome ou hist\u00f3ria vinculado ao crime;<br \/>\nIII \u2013 presta\u00e7\u00e3o de consultoria, assessoria ou colabora\u00e7\u00e3o t\u00e9cnica<br \/>\npara obras que retratem o delito;<br \/>\nIV \u2013 repasses indiretos por meio de familiares, prepostos,<br \/>\nempresas, produtores, editoras, plataformas digitais ou terceiros<br \/>\ndestinados a ocultar o real benefici\u00e1rio;<br \/>\nPra\u00e7a dos Tr\u00eas Poderes &#8211; C\u00e2mara dos Deputados<br \/>\nAnexo IV, 7\u00ba andar, gabinete 744<br \/>\ndep.kimkatguiri@camara.leg.br<br \/>\nCEP 70160-900 &#8211; Bras\u00edlia-DF<br \/>\nPara verificar a assinatura, acesse https:\/\/infoleg-autenticidade-assinatura.camara.leg.br\/CD254583259300<br \/>\nAssinado eletronicamente pelo(a) Dep. Kim Kataguiri<br \/>\nApresenta\u00e7\u00e3o: 04\/12\/2025 15:00:50.837 &#8211; Mesa<br \/>\n*CD254583259300* PL n.6182\/2025<br \/>C\u00c2MARA DOS DEPUTADOS<br \/>\nGabinete do Deputado Federal KIM KATAGUIRI<br \/>\nV \u2013 qualquer forma de monetiza\u00e7\u00e3o, publicidade ou patroc\u00ednio<br \/>\nobtida por exposi\u00e7\u00e3o do crime em redes sociais ou plataformas<br \/>\ndigitais.<br \/>\nArt. 4\u00ba Os valores decorrentes de contratos ou acordos firmados<br \/>\nem viola\u00e7\u00e3o a esta Lei ser\u00e3o destinados \u00e0s v\u00edtimas, seus<br \/>\ndependentes, ao Fundo de Assist\u00eancia \u00e0s V\u00edtimas de Crime ou ao<br \/>\nressarcimento de despesas do Estado com a persecu\u00e7\u00e3o penal.<br \/>\nArt. 5\u00ba S\u00e3o nulas de pleno direito quaisquer cl\u00e1usulas contratuais<br \/>\nque busquem burlar, dissimular ou contornar a aplica\u00e7\u00e3o desta<br \/>\nLei.<br \/>\nArt. 6\u00ba A viola\u00e7\u00e3o desta Lei sujeita o infrator e eventuais<br \/>\nbenefici\u00e1rios intermedi\u00e1rios a:<br \/>\nI \u2013 multa administrativa de at\u00e9 50 (cinquenta) vezes o valor<br \/>\nirregularmente recebido;<br \/>\nII \u2013 responsabiliza\u00e7\u00e3o civil pelo dano material e moral causado \u00e0s<br \/>\nv\u00edtimas;<br \/>\nIII \u2013 comunica\u00e7\u00e3o ao Minist\u00e9rio P\u00fablico para apura\u00e7\u00e3o de<br \/>\neventuais il\u00edcitos penais.<br \/>\n.Art. 7\u00b0 Esta Lei se aplica tamb\u00e9m a contratos celebrados no<br \/>\nexterior cujos efeitos financeiros ou de divulga\u00e7\u00e3o alcancem o<br \/>\nterrit\u00f3rio nacional.<br \/>\n.Art 8\u00b0 O Poder Executivo poder\u00e1 regulamentar esta Lei no que<br \/>\ncouber, sem preju\u00edzo de sua imediata aplica\u00e7\u00e3o.<br \/>\nArt. 9\u00ba \u2013 Esta Lei entra em vigor na data de sua publica\u00e7\u00e3o.<br \/>\nPra\u00e7a dos Tr\u00eas Poderes &#8211; C\u00e2mara dos Deputados<br \/>\nAnexo IV, 7\u00ba andar, gabinete 744<br \/>\ndep.kimkatguiri@camara.leg.br<br \/>\nCEP 70160-900 &#8211; Bras\u00edlia-DF<br \/>\nPara verificar a assinatura, acesse https:\/\/infoleg-autenticidade-assinatura.camara.leg.br\/CD254583259300<br \/>\nAssinado eletronicamente pelo(a) Dep. Kim Kataguiri<br \/>\nApresenta\u00e7\u00e3o: 04\/12\/2025 15:00:50.837 &#8211; Mesa<br \/>\n*CD254583259300* PL n.6182\/2025<br \/>C\u00c2MARA DOS DEPUTADOS<br \/>\nGabinete do Deputado Federal KIM KATAGUIRI<br \/>\nJUSTIFICA\u00c7\u00c3O<br \/>\nA presente proposi\u00e7\u00e3o tem como objetivo impedir que criminosos<br \/>\nobtenham lucro com a explora\u00e7\u00e3o p\u00fablica do crime que cometeram, pr\u00e1tica que<br \/>\ngera revitimiza\u00e7\u00e3o, afronta a moralidade e estimula a mercantiliza\u00e7\u00e3o da<br \/>\nviol\u00eancia.<br \/>\nO crescimento de document\u00e1rios, s\u00e9ries, podcasts, livros e conte\u00fados<br \/>\ndigitais sobre crimes reais mostraram que condenados t\u00eam recebido<br \/>\npagamentos por entrevistas, consultorias e direitos autorais, transformando o<br \/>\ndelito em fonte de renda. Tal cen\u00e1rio \u00e9 moralmente inadmiss\u00edvel e<br \/>\nprofundamente ofensivo \u00e0s v\u00edtimas e seus familiares.<br \/>\nO projeto estabelece proibi\u00e7\u00e3o permanente de qualquer vantagem<br \/>\necon\u00f4mica derivada da explora\u00e7\u00e3o do crime, independentemente do tempo<br \/>\ndecorrido ou da extin\u00e7\u00e3o da punibilidade. Tamb\u00e9m define a destina\u00e7\u00e3o social<br \/>\ndos valores obtidos irregularmente e prev\u00ea san\u00e7\u00f5es para infratores e<br \/>\nintermedi\u00e1rios.<br \/>\nA medida fortalece a justi\u00e7a, protegem v\u00edtimas, evita glamouriza\u00e7\u00e3o de<br \/>\ncriminosos e encerra a possibilidade de monetiza\u00e7\u00e3o da pr\u00e1tica delitiva,<br \/>\nalinhando-se aos princ\u00edpios da dignidade humana, moralidade e interesse<br \/>\np\u00fablico.<br \/>\nSala das Sess\u00f5es, em __ de ____ de 2025.<br \/>\nDeputado Kim Kataguiri<br \/>\nDeputado Federal<br \/>\n (UNI\u00c3O-SP)<br \/>\nPra\u00e7a dos Tr\u00eas Poderes &#8211; C\u00e2mara dos Deputados<br \/>\nAnexo IV, 7\u00ba andar, gabinete 744<br \/>\ndep.kimkatguiri@camara.leg.br<br \/>\nCEP 70160-900 &#8211; Bras\u00edlia-DF<br \/>\nPara verificar a assinatura, acesse https:\/\/infoleg-autenticidade-assinatura.camara.leg.br\/CD254583259300<br \/>\nAssinado eletronicamente pelo(a) Dep. Kim Kataguiri<br \/>\nApresenta\u00e7\u00e3o: 04\/12\/2025 15:00:50.837 &#8211; Mesa<br \/>\n*CD254583259300* PL n.6182\/2025<\/article>\n<p><a href='https:\/\/app.legislapp.com.br\/#\/busca?termo=Cria\u00e7\u00e3o'>Cria\u00e7\u00e3o<\/a>, <a href='https:\/\/app.legislapp.com.br\/#\/busca?termo=Lei Trememb\u00e9'>Lei Trememb\u00e9<\/a>, <a href='https:\/\/app.legislapp.com.br\/#\/busca?termo=proibi\u00e7\u00e3o'>proibi\u00e7\u00e3o<\/a>, <a href='https:\/\/app.legislapp.com.br\/#\/busca?termo=condenado'>condenado<\/a>, <a href='https:\/\/app.legislapp.com.br\/#\/busca?termo=recebimento'>recebimento<\/a>, <a href='https:\/\/app.legislapp.com.br\/#\/busca?termo=lucro'>lucro<\/a>, <a href='https:\/\/app.legislapp.com.br\/#\/busca?termo=vantagem econ\u00f4mica'>vantagem econ\u00f4mica<\/a>, <a href='https:\/\/app.legislapp.com.br\/#\/busca?termo=hip\u00f3tese'>hip\u00f3tese<\/a>, <a href='https:\/\/app.legislapp.com.br\/#\/busca?termo=explora\u00e7\u00e3o comercial'>explora\u00e7\u00e3o comercial<\/a>, <a href='https:\/\/app.legislapp.com.br\/#\/busca?termo=divulga\u00e7\u00e3o'>divulga\u00e7\u00e3o<\/a>, <a href='https:\/\/app.legislapp.com.br\/#\/busca?termo=utiliza\u00e7\u00e3o'>utiliza\u00e7\u00e3o<\/a>, <a href='https:\/\/app.legislapp.com.br\/#\/busca?termo=crime'>crime<\/a>, <a href='https:\/\/app.legislapp.com.br\/#\/busca?termo=atividade com fins lucrativos'>atividade com fins lucrativos<\/a>, <a href='https:\/\/app.legislapp.com.br\/#\/busca?termo=diretrizes.'>diretrizes.<\/a><\/p>\n<div style=\"text-align: center\">\n      <img decoding=\"async\" style=\"width: 14%;\" src=\"https:\/\/www.legislapp.com.br\/wp-content\/uploads\/2021\/07\/Logo-Legislapp-1-03-1.png\"><br \/>\n      <\/p>\n<div style=\"margin-bottom: 20px;\" class=\"et_pb_button_module_wrapper et_pb_button_5_tb_body_wrapper et_pb_button_alignment_center et_pb_module \">\n         <a class=\"et_pb_button et_pb_button_5_tb_body et_hover_enabled et_pb_bg_layout_dark\" style=\"width: 50%;background-color: black;\" href=\"https:\/\/app.legislapp.com.br\" target=\"_blank\" rel=\"noopener\">Visualizar completo na nossa plataforma (30 dias gr\u00e1tis)<\/a><\/p><\/div>\n<p>      <a href=\"https:\/\/play.google.com\/store\/apps\/details?id=br.com.legislapp\"><img decoding=\"async\" style=\"width: 15%; min-width: 130px;\" src=\"https:\/\/www.legislapp.com.br\/wp-content\/uploads\/google-play.png\"><\/a><br \/>\n      <a href=\"https:\/\/apps.apple.com\/us\/app\/legislapp\/id1568929859\"><img decoding=\"async\" style=\"width: 15%; min-width: 130px\" src=\"https:\/\/www.legislapp.com.br\/wp-content\/uploads\/apple-store.png\"><\/a>\n   <\/div>\n","protected":false},"excerpt":{"rendered":"<p>Avulso Inicial &#8211; Autoria de Kim Kataguiri C\u00c2MARA DOS DEPUTADOS Gabinete do Deputado Federal KIM KATAGUIRI PROJETO DE LEI N\u00ba , DE 2025 (do deputado federal Kim Kataguiri &#8211; UNI\u00c3O-SP) Lei Trememb\u00e9 \u2013 Antilucro Criminal O Congresso Nacional decreta: Art. 1\u00ba Esta Lei veda ao condenado por crime, doloso ou hediondo, a obten\u00e7\u00e3o de qualquer [&hellip;]<\/p>\n","protected":false},"author":1,"featured_media":0,"parent":0,"menu_order":0,"comment_status":"closed","ping_status":"closed","template":"page-template-blank.php","meta":{"_et_pb_use_builder":"","_et_pb_old_content":"","_et_gb_content_width":"1080","ngg_post_thumbnail":0,"footnotes":""},"class_list":["post-11039","page","type-page","status-publish","hentry"],"yoast_head":"<!-- This site is optimized with the Yoast SEO plugin v24.4 - https:\/\/yoast.com\/wordpress\/plugins\/seo\/ -->\n<title>Avulso Inicial - PL 6182\/2025 - C\u00e2mara - Legislapp<\/title>\n<meta name=\"robots\" content=\"index, follow, max-snippet:-1, max-image-preview:large, max-video-preview:-1\" \/>\n<link rel=\"canonical\" href=\"https:\/\/www.legislapp.com.br\/index.php\/avulso-inicial-pl-6182-2025-camara\/\" \/>\n<meta property=\"og:locale\" content=\"pt_BR\" \/>\n<meta property=\"og:type\" content=\"article\" \/>\n<meta property=\"og:title\" content=\"Avulso Inicial - PL 6182\/2025 - C\u00e2mara - Legislapp\" \/>\n<meta property=\"og:description\" content=\"Avulso Inicial &#8211; Autoria de Kim Kataguiri C\u00c2MARA DOS DEPUTADOS Gabinete do Deputado Federal KIM KATAGUIRI PROJETO DE LEI N\u00ba , DE 2025 (do deputado federal Kim Kataguiri &#8211; UNI\u00c3O-SP) Lei Trememb\u00e9 \u2013 Antilucro Criminal O Congresso Nacional decreta: Art. 1\u00ba Esta Lei veda ao condenado por crime, doloso ou hediondo, a obten\u00e7\u00e3o de qualquer [&hellip;]\" \/>\n<meta property=\"og:url\" content=\"https:\/\/www.legislapp.com.br\/index.php\/avulso-inicial-pl-6182-2025-camara\/\" \/>\n<meta property=\"og:site_name\" content=\"Legislapp\" \/>\n<meta property=\"article:publisher\" content=\"https:\/\/www.instagram.com\/legislapp\/\" \/>\n<meta property=\"og:image\" content=\"https:\/\/www.legislapp.com.br\/wp-content\/uploads\/2021\/07\/Logo-Legislapp-1-03-1.png\" \/>\n<meta name=\"twitter:card\" content=\"summary_large_image\" \/>\n<meta name=\"twitter:label1\" content=\"Est. tempo de leitura\" \/>\n\t<meta name=\"twitter:data1\" content=\"4 minutos\" \/>\n<script type=\"application\/ld+json\" class=\"yoast-schema-graph\">{\"@context\":\"https:\/\/schema.org\",\"@graph\":[{\"@type\":\"WebPage\",\"@id\":\"https:\/\/www.legislapp.com.br\/index.php\/avulso-inicial-pl-6182-2025-camara\/\",\"url\":\"https:\/\/www.legislapp.com.br\/index.php\/avulso-inicial-pl-6182-2025-camara\/\",\"name\":\"Avulso Inicial - PL 6182\/2025 - C\u00e2mara - Legislapp\",\"isPartOf\":{\"@id\":\"https:\/\/www.legislapp.com.br\/#website\"},\"primaryImageOfPage\":{\"@id\":\"https:\/\/www.legislapp.com.br\/index.php\/avulso-inicial-pl-6182-2025-camara\/#primaryimage\"},\"image\":{\"@id\":\"https:\/\/www.legislapp.com.br\/index.php\/avulso-inicial-pl-6182-2025-camara\/#primaryimage\"},\"thumbnailUrl\":\"https:\/\/www.legislapp.com.br\/wp-content\/uploads\/2021\/07\/Logo-Legislapp-1-03-1.png\",\"datePublished\":\"2026-01-19T14:00:09+00:00\",\"breadcrumb\":{\"@id\":\"https:\/\/www.legislapp.com.br\/index.php\/avulso-inicial-pl-6182-2025-camara\/#breadcrumb\"},\"inLanguage\":\"pt-BR\",\"potentialAction\":[{\"@type\":\"ReadAction\",\"target\":[\"https:\/\/www.legislapp.com.br\/index.php\/avulso-inicial-pl-6182-2025-camara\/\"]}]},{\"@type\":\"ImageObject\",\"inLanguage\":\"pt-BR\",\"@id\":\"https:\/\/www.legislapp.com.br\/index.php\/avulso-inicial-pl-6182-2025-camara\/#primaryimage\",\"url\":\"https:\/\/www.legislapp.com.br\/wp-content\/uploads\/2021\/07\/Logo-Legislapp-1-03-1.png\",\"contentUrl\":\"https:\/\/www.legislapp.com.br\/wp-content\/uploads\/2021\/07\/Logo-Legislapp-1-03-1.png\",\"width\":2679,\"height\":2697},{\"@type\":\"BreadcrumbList\",\"@id\":\"https:\/\/www.legislapp.com.br\/index.php\/avulso-inicial-pl-6182-2025-camara\/#breadcrumb\",\"itemListElement\":[{\"@type\":\"ListItem\",\"position\":1,\"name\":\"In\u00edcio\",\"item\":\"https:\/\/www.legislapp.com.br\/\"},{\"@type\":\"ListItem\",\"position\":2,\"name\":\"Avulso Inicial &#8211; PL 6182\/2025 &#8211; C\u00e2mara\"}]},{\"@type\":\"WebSite\",\"@id\":\"https:\/\/www.legislapp.com.br\/#website\",\"url\":\"https:\/\/www.legislapp.com.br\/\",\"name\":\"Legislapp\",\"description\":\"Intelig\u00eancia governamental em tempo real\",\"publisher\":{\"@id\":\"https:\/\/www.legislapp.com.br\/#organization\"},\"potentialAction\":[{\"@type\":\"SearchAction\",\"target\":{\"@type\":\"EntryPoint\",\"urlTemplate\":\"https:\/\/www.legislapp.com.br\/?s={search_term_string}\"},\"query-input\":{\"@type\":\"PropertyValueSpecification\",\"valueRequired\":true,\"valueName\":\"search_term_string\"}}],\"inLanguage\":\"pt-BR\"},{\"@type\":\"Organization\",\"@id\":\"https:\/\/www.legislapp.com.br\/#organization\",\"name\":\"Legislapp Monitoramento e Intelig\u00eancia Governamental\",\"url\":\"https:\/\/www.legislapp.com.br\/\",\"logo\":{\"@type\":\"ImageObject\",\"inLanguage\":\"pt-BR\",\"@id\":\"https:\/\/www.legislapp.com.br\/#\/schema\/logo\/image\/\",\"url\":\"https:\/\/www.legislapp.com.br\/wp-content\/uploads\/icon.png\",\"contentUrl\":\"https:\/\/www.legislapp.com.br\/wp-content\/uploads\/icon.png\",\"width\":1024,\"height\":1024,\"caption\":\"Legislapp Monitoramento e Intelig\u00eancia Governamental\"},\"image\":{\"@id\":\"https:\/\/www.legislapp.com.br\/#\/schema\/logo\/image\/\"},\"sameAs\":[\"https:\/\/www.instagram.com\/legislapp\/\"]}]}<\/script>\n<!-- \/ Yoast SEO plugin. -->","yoast_head_json":{"title":"Avulso Inicial - PL 6182\/2025 - C\u00e2mara - Legislapp","robots":{"index":"index","follow":"follow","max-snippet":"max-snippet:-1","max-image-preview":"max-image-preview:large","max-video-preview":"max-video-preview:-1"},"canonical":"https:\/\/www.legislapp.com.br\/index.php\/avulso-inicial-pl-6182-2025-camara\/","og_locale":"pt_BR","og_type":"article","og_title":"Avulso Inicial - PL 6182\/2025 - C\u00e2mara - Legislapp","og_description":"Avulso Inicial &#8211; Autoria de Kim Kataguiri C\u00c2MARA DOS DEPUTADOS Gabinete do Deputado Federal KIM KATAGUIRI PROJETO DE LEI N\u00ba , DE 2025 (do deputado federal Kim Kataguiri &#8211; UNI\u00c3O-SP) Lei Trememb\u00e9 \u2013 Antilucro Criminal O Congresso Nacional decreta: Art. 1\u00ba Esta Lei veda ao condenado por crime, doloso ou hediondo, a obten\u00e7\u00e3o de qualquer [&hellip;]","og_url":"https:\/\/www.legislapp.com.br\/index.php\/avulso-inicial-pl-6182-2025-camara\/","og_site_name":"Legislapp","article_publisher":"https:\/\/www.instagram.com\/legislapp\/","og_image":[{"url":"https:\/\/www.legislapp.com.br\/wp-content\/uploads\/2021\/07\/Logo-Legislapp-1-03-1.png","type":"","width":"","height":""}],"twitter_card":"summary_large_image","twitter_misc":{"Est. tempo de leitura":"4 minutos"},"schema":{"@context":"https:\/\/schema.org","@graph":[{"@type":"WebPage","@id":"https:\/\/www.legislapp.com.br\/index.php\/avulso-inicial-pl-6182-2025-camara\/","url":"https:\/\/www.legislapp.com.br\/index.php\/avulso-inicial-pl-6182-2025-camara\/","name":"Avulso Inicial - PL 6182\/2025 - C\u00e2mara - Legislapp","isPartOf":{"@id":"https:\/\/www.legislapp.com.br\/#website"},"primaryImageOfPage":{"@id":"https:\/\/www.legislapp.com.br\/index.php\/avulso-inicial-pl-6182-2025-camara\/#primaryimage"},"image":{"@id":"https:\/\/www.legislapp.com.br\/index.php\/avulso-inicial-pl-6182-2025-camara\/#primaryimage"},"thumbnailUrl":"https:\/\/www.legislapp.com.br\/wp-content\/uploads\/2021\/07\/Logo-Legislapp-1-03-1.png","datePublished":"2026-01-19T14:00:09+00:00","breadcrumb":{"@id":"https:\/\/www.legislapp.com.br\/index.php\/avulso-inicial-pl-6182-2025-camara\/#breadcrumb"},"inLanguage":"pt-BR","potentialAction":[{"@type":"ReadAction","target":["https:\/\/www.legislapp.com.br\/index.php\/avulso-inicial-pl-6182-2025-camara\/"]}]},{"@type":"ImageObject","inLanguage":"pt-BR","@id":"https:\/\/www.legislapp.com.br\/index.php\/avulso-inicial-pl-6182-2025-camara\/#primaryimage","url":"https:\/\/www.legislapp.com.br\/wp-content\/uploads\/2021\/07\/Logo-Legislapp-1-03-1.png","contentUrl":"https:\/\/www.legislapp.com.br\/wp-content\/uploads\/2021\/07\/Logo-Legislapp-1-03-1.png","width":2679,"height":2697},{"@type":"BreadcrumbList","@id":"https:\/\/www.legislapp.com.br\/index.php\/avulso-inicial-pl-6182-2025-camara\/#breadcrumb","itemListElement":[{"@type":"ListItem","position":1,"name":"In\u00edcio","item":"https:\/\/www.legislapp.com.br\/"},{"@type":"ListItem","position":2,"name":"Avulso Inicial &#8211; PL 6182\/2025 &#8211; C\u00e2mara"}]},{"@type":"WebSite","@id":"https:\/\/www.legislapp.com.br\/#website","url":"https:\/\/www.legislapp.com.br\/","name":"Legislapp","description":"Intelig\u00eancia governamental em tempo real","publisher":{"@id":"https:\/\/www.legislapp.com.br\/#organization"},"potentialAction":[{"@type":"SearchAction","target":{"@type":"EntryPoint","urlTemplate":"https:\/\/www.legislapp.com.br\/?s={search_term_string}"},"query-input":{"@type":"PropertyValueSpecification","valueRequired":true,"valueName":"search_term_string"}}],"inLanguage":"pt-BR"},{"@type":"Organization","@id":"https:\/\/www.legislapp.com.br\/#organization","name":"Legislapp Monitoramento e Intelig\u00eancia Governamental","url":"https:\/\/www.legislapp.com.br\/","logo":{"@type":"ImageObject","inLanguage":"pt-BR","@id":"https:\/\/www.legislapp.com.br\/#\/schema\/logo\/image\/","url":"https:\/\/www.legislapp.com.br\/wp-content\/uploads\/icon.png","contentUrl":"https:\/\/www.legislapp.com.br\/wp-content\/uploads\/icon.png","width":1024,"height":1024,"caption":"Legislapp Monitoramento e Intelig\u00eancia Governamental"},"image":{"@id":"https:\/\/www.legislapp.com.br\/#\/schema\/logo\/image\/"},"sameAs":["https:\/\/www.instagram.com\/legislapp\/"]}]}},"_links":{"self":[{"href":"https:\/\/www.legislapp.com.br\/index.php\/wp-json\/wp\/v2\/pages\/11039","targetHints":{"allow":["GET"]}}],"collection":[{"href":"https:\/\/www.legislapp.com.br\/index.php\/wp-json\/wp\/v2\/pages"}],"about":[{"href":"https:\/\/www.legislapp.com.br\/index.php\/wp-json\/wp\/v2\/types\/page"}],"author":[{"embeddable":true,"href":"https:\/\/www.legislapp.com.br\/index.php\/wp-json\/wp\/v2\/users\/1"}],"replies":[{"embeddable":true,"href":"https:\/\/www.legislapp.com.br\/index.php\/wp-json\/wp\/v2\/comments?post=11039"}],"version-history":[{"count":0,"href":"https:\/\/www.legislapp.com.br\/index.php\/wp-json\/wp\/v2\/pages\/11039\/revisions"}],"wp:attachment":[{"href":"https:\/\/www.legislapp.com.br\/index.php\/wp-json\/wp\/v2\/media?parent=11039"}],"curies":[{"name":"wp","href":"https:\/\/api.w.org\/{rel}","templated":true}]}}