{"id":11042,"date":"2026-01-19T11:01:16","date_gmt":"2026-01-19T14:01:16","guid":{"rendered":"https:\/\/www.legislapp.com.br\/index.php\/avulso-inicial-pl-6026-2025-camara\/"},"modified":"2026-01-19T11:01:16","modified_gmt":"2026-01-19T14:01:16","slug":"avulso-inicial-pl-6026-2025-camara","status":"publish","type":"page","link":"https:\/\/www.legislapp.com.br\/index.php\/avulso-inicial-pl-6026-2025-camara\/","title":{"rendered":"Avulso Inicial &#8211; PL 6026\/2025 &#8211; C\u00e2mara"},"content":{"rendered":"<h1 style='text-align: center;'>Avulso Inicial &#8211; Autoria de Clodoaldo Magalh\u00e3es<\/h3>\n<p><\/p>\n<article>\n                                C\u00c2MARA DOS DEPUTADOS<br \/>\n          PROJETO DE LEI N\u00ba      , DE 2025<br \/>\n (Do Sr. Clodoaldo Magalh\u00e3es)<br \/>\nConcede ao Distrito de Caraibeiras,<br \/>\nlocalizado no Munic\u00edpio de Tacaratu, no<br \/>\nEstado de Pernambuco, o t\u00edtulo de Capital<br \/>\nNacional da Rede de Tecelagem.<br \/>\nO Congresso Nacional decreta:<br \/>\nArt. 1\u00ba Fica concedido ao Distrito de Caraibeiras,<br \/>\nlocalizado no Munic\u00edpio de Tacaratu, no Estado de Pernambuco, o t\u00edtulo<br \/>\nde Capital Nacional da Rede de Tecelagem.<br \/>\nArt. 2\u00ba Esta Lei entra em vigor na data de sua<br \/>\npublica\u00e7\u00e3o.<br \/>\nJUSTIFICA\u00c7\u00c3O<br \/>\nO Distrito de Caraibeiras, situado no Munic\u00edpio de Tacaratu, no<br \/>\nSert\u00e3o de Itaparica, em Pernambuco, \u00e9 nacionalmente reconhecido<br \/>\ncomo um dos mais importantes polos de produ\u00e7\u00e3o artesanal de redes<br \/>\nde dormir, atividade que se consolidou como principal motor econ\u00f4mico,<br \/>\ncultural e identit\u00e1rio da regi\u00e3o.<br \/>\nA tecelagem em Caraibeiras \u00e9 um patrim\u00f4nio vivo: gera emprego<br \/>\ne renda para milhares de fam\u00edlias, organiza a din\u00e2mica social do distrito<br \/>\nPara verificar a assinatura, acesse https:\/\/infoleg-autenticidade-assinatura.camara.leg.br\/CD258774218000<br \/>\nAssinado eletronicamente pelo(a) Dep. Clodoaldo Magalh\u00e3es<br \/>\nApresenta\u00e7\u00e3o: 27\/11\/2025 15:51:03.110 &#8211; Mesa<br \/>\n*CD258774218000* PL n.6026\/2025<br \/>e sustenta uma cadeia produtiva que envolve artes\u00e3os, pequenas<br \/>\nconfec\u00e7\u00f5es familiares, comerciantes e distribuidores regionais. A<br \/>\ntradi\u00e7\u00e3o \u00e9 transmitida de gera\u00e7\u00e3o em gera\u00e7\u00e3o, preservando t\u00e9cnicas<br \/>\nmanuais e garantindo a continuidade de saberes ancestrais<br \/>\nfundamentais para o artesanato pernambucano.<br \/>\nO distrito produz redes que circulam por todo o Brasil, consolida<br \/>\npresen\u00e7a em feiras nacionais de artesanato e fortalece o turismo<br \/>\nregional. O reconhecimento oficial como Capital Nacional da Rede de<br \/>\nTecelagem valoriza o trabalho dos artes\u00e3os, protege a cultura local,<br \/>\nestimula pol\u00edticas p\u00fablicas de incentivo ao artesanato e contribui para<br \/>\nampliar a visibilidade de uma atividade que desempenha papel decisivo<br \/>\nno desenvolvimento sustent\u00e1vel da regi\u00e3o.<br \/>\nPor essas raz\u00f5es \u2014 culturais, sociais, econ\u00f4micas e hist\u00f3ricas \u2014<br \/>\n\u00e9 plenamente justific\u00e1vel o reconhecimento proposto, que faz justi\u00e7a \u00e0<br \/>\nimport\u00e2ncia de Caraibeiras no cen\u00e1rio nacional da tecelagem artesanal.<br \/>\nSala das Sess\u00f5es, em         de                         de<br \/>\n2025.<br \/>\nDeputado Clodoaldo Magalh\u00e3es<br \/>\nPV\/PE<br \/>\nPara verificar a assinatura, acesse https:\/\/infoleg-autenticidade-assinatura.camara.leg.br\/CD258774218000<br \/>\nAssinado eletronicamente pelo(a) Dep. Clodoaldo Magalh\u00e3es<br \/>\nApresenta\u00e7\u00e3o: 27\/11\/2025 15:51:03.110 &#8211; Mesa<br \/>\n*CD258774218000* PL n.6026\/2025<\/article>\n<p><a href='https:\/\/app.legislapp.com.br\/#\/busca?termo=T\u00edtulo de capital nacional'>T\u00edtulo de capital nacional<\/a>, <a href='https:\/\/app.legislapp.com.br\/#\/busca?termo=Capital Nacional da Rede de Tecelagem'>Capital Nacional da Rede de Tecelagem<\/a>, <a href='https:\/\/app.legislapp.com.br\/#\/busca?termo=Tacaratu (PE)'>Tacaratu (PE)<\/a>, <a href='https:\/\/app.legislapp.com.br\/#\/busca?termo=Pernambuco'>Pernambuco<\/a>, <a href='https:\/\/app.legislapp.com.br\/#\/busca?termo=t\u00edtulo de top\u00f4nimo.'>t\u00edtulo de top\u00f4nimo.<\/a><\/p>\n<div style=\"text-align: center\">\n      <img decoding=\"async\" style=\"width: 14%;\" src=\"https:\/\/www.legislapp.com.br\/wp-content\/uploads\/2021\/07\/Logo-Legislapp-1-03-1.png\"><br \/>\n      <\/p>\n<div style=\"margin-bottom: 20px;\" class=\"et_pb_button_module_wrapper et_pb_button_5_tb_body_wrapper et_pb_button_alignment_center et_pb_module \">\n         <a class=\"et_pb_button et_pb_button_5_tb_body et_hover_enabled et_pb_bg_layout_dark\" style=\"width: 50%;background-color: black;\" href=\"https:\/\/app.legislapp.com.br\" target=\"_blank\" rel=\"noopener\">Visualizar completo na nossa plataforma (30 dias gr\u00e1tis)<\/a><\/p><\/div>\n<p>      <a href=\"https:\/\/play.google.com\/store\/apps\/details?id=br.com.legislapp\"><img decoding=\"async\" style=\"width: 15%; min-width: 130px;\" src=\"https:\/\/www.legislapp.com.br\/wp-content\/uploads\/google-play.png\"><\/a><br \/>\n      <a href=\"https:\/\/apps.apple.com\/us\/app\/legislapp\/id1568929859\"><img decoding=\"async\" style=\"width: 15%; min-width: 130px\" src=\"https:\/\/www.legislapp.com.br\/wp-content\/uploads\/apple-store.png\"><\/a>\n   <\/div>\n","protected":false},"excerpt":{"rendered":"<p>Avulso Inicial &#8211; Autoria de Clodoaldo Magalh\u00e3es C\u00c2MARA DOS DEPUTADOS PROJETO DE LEI N\u00ba , DE 2025 (Do Sr. Clodoaldo Magalh\u00e3es) Concede ao Distrito de Caraibeiras, localizado no Munic\u00edpio de Tacaratu, no Estado de Pernambuco, o t\u00edtulo de Capital Nacional da Rede de Tecelagem. O Congresso Nacional decreta: Art. 1\u00ba Fica concedido ao Distrito de [&hellip;]<\/p>\n","protected":false},"author":1,"featured_media":0,"parent":0,"menu_order":0,"comment_status":"closed","ping_status":"closed","template":"page-template-blank.php","meta":{"_et_pb_use_builder":"","_et_pb_old_content":"","_et_gb_content_width":"1080","ngg_post_thumbnail":0,"footnotes":""},"class_list":["post-11042","page","type-page","status-publish","hentry"],"yoast_head":"<!-- This site is optimized with the Yoast SEO plugin v24.4 - https:\/\/yoast.com\/wordpress\/plugins\/seo\/ -->\n<title>Avulso Inicial - PL 6026\/2025 - C\u00e2mara - Legislapp<\/title>\n<meta name=\"robots\" content=\"index, follow, max-snippet:-1, max-image-preview:large, max-video-preview:-1\" \/>\n<link rel=\"canonical\" href=\"https:\/\/www.legislapp.com.br\/index.php\/avulso-inicial-pl-6026-2025-camara\/\" \/>\n<meta property=\"og:locale\" content=\"pt_BR\" \/>\n<meta property=\"og:type\" content=\"article\" \/>\n<meta property=\"og:title\" content=\"Avulso Inicial - PL 6026\/2025 - C\u00e2mara - Legislapp\" \/>\n<meta property=\"og:description\" content=\"Avulso Inicial &#8211; Autoria de Clodoaldo Magalh\u00e3es C\u00c2MARA DOS DEPUTADOS PROJETO DE LEI N\u00ba , DE 2025 (Do Sr. Clodoaldo Magalh\u00e3es) Concede ao Distrito de Caraibeiras, localizado no Munic\u00edpio de Tacaratu, no Estado de Pernambuco, o t\u00edtulo de Capital Nacional da Rede de Tecelagem. O Congresso Nacional decreta: Art. 1\u00ba Fica concedido ao Distrito de [&hellip;]\" \/>\n<meta property=\"og:url\" content=\"https:\/\/www.legislapp.com.br\/index.php\/avulso-inicial-pl-6026-2025-camara\/\" \/>\n<meta property=\"og:site_name\" content=\"Legislapp\" \/>\n<meta property=\"article:publisher\" content=\"https:\/\/www.instagram.com\/legislapp\/\" \/>\n<meta property=\"og:image\" content=\"https:\/\/www.legislapp.com.br\/wp-content\/uploads\/2021\/07\/Logo-Legislapp-1-03-1.png\" \/>\n<meta name=\"twitter:card\" content=\"summary_large_image\" \/>\n<meta name=\"twitter:label1\" content=\"Est. tempo de leitura\" \/>\n\t<meta name=\"twitter:data1\" content=\"2 minutos\" \/>\n<script type=\"application\/ld+json\" class=\"yoast-schema-graph\">{\"@context\":\"https:\/\/schema.org\",\"@graph\":[{\"@type\":\"WebPage\",\"@id\":\"https:\/\/www.legislapp.com.br\/index.php\/avulso-inicial-pl-6026-2025-camara\/\",\"url\":\"https:\/\/www.legislapp.com.br\/index.php\/avulso-inicial-pl-6026-2025-camara\/\",\"name\":\"Avulso Inicial - PL 6026\/2025 - C\u00e2mara - Legislapp\",\"isPartOf\":{\"@id\":\"https:\/\/www.legislapp.com.br\/#website\"},\"primaryImageOfPage\":{\"@id\":\"https:\/\/www.legislapp.com.br\/index.php\/avulso-inicial-pl-6026-2025-camara\/#primaryimage\"},\"image\":{\"@id\":\"https:\/\/www.legislapp.com.br\/index.php\/avulso-inicial-pl-6026-2025-camara\/#primaryimage\"},\"thumbnailUrl\":\"https:\/\/www.legislapp.com.br\/wp-content\/uploads\/2021\/07\/Logo-Legislapp-1-03-1.png\",\"datePublished\":\"2026-01-19T14:01:16+00:00\",\"breadcrumb\":{\"@id\":\"https:\/\/www.legislapp.com.br\/index.php\/avulso-inicial-pl-6026-2025-camara\/#breadcrumb\"},\"inLanguage\":\"pt-BR\",\"potentialAction\":[{\"@type\":\"ReadAction\",\"target\":[\"https:\/\/www.legislapp.com.br\/index.php\/avulso-inicial-pl-6026-2025-camara\/\"]}]},{\"@type\":\"ImageObject\",\"inLanguage\":\"pt-BR\",\"@id\":\"https:\/\/www.legislapp.com.br\/index.php\/avulso-inicial-pl-6026-2025-camara\/#primaryimage\",\"url\":\"https:\/\/www.legislapp.com.br\/wp-content\/uploads\/2021\/07\/Logo-Legislapp-1-03-1.png\",\"contentUrl\":\"https:\/\/www.legislapp.com.br\/wp-content\/uploads\/2021\/07\/Logo-Legislapp-1-03-1.png\",\"width\":2679,\"height\":2697},{\"@type\":\"BreadcrumbList\",\"@id\":\"https:\/\/www.legislapp.com.br\/index.php\/avulso-inicial-pl-6026-2025-camara\/#breadcrumb\",\"itemListElement\":[{\"@type\":\"ListItem\",\"position\":1,\"name\":\"In\u00edcio\",\"item\":\"https:\/\/www.legislapp.com.br\/\"},{\"@type\":\"ListItem\",\"position\":2,\"name\":\"Avulso Inicial &#8211; PL 6026\/2025 &#8211; C\u00e2mara\"}]},{\"@type\":\"WebSite\",\"@id\":\"https:\/\/www.legislapp.com.br\/#website\",\"url\":\"https:\/\/www.legislapp.com.br\/\",\"name\":\"Legislapp\",\"description\":\"Intelig\u00eancia governamental em tempo real\",\"publisher\":{\"@id\":\"https:\/\/www.legislapp.com.br\/#organization\"},\"potentialAction\":[{\"@type\":\"SearchAction\",\"target\":{\"@type\":\"EntryPoint\",\"urlTemplate\":\"https:\/\/www.legislapp.com.br\/?s={search_term_string}\"},\"query-input\":{\"@type\":\"PropertyValueSpecification\",\"valueRequired\":true,\"valueName\":\"search_term_string\"}}],\"inLanguage\":\"pt-BR\"},{\"@type\":\"Organization\",\"@id\":\"https:\/\/www.legislapp.com.br\/#organization\",\"name\":\"Legislapp Monitoramento e Intelig\u00eancia Governamental\",\"url\":\"https:\/\/www.legislapp.com.br\/\",\"logo\":{\"@type\":\"ImageObject\",\"inLanguage\":\"pt-BR\",\"@id\":\"https:\/\/www.legislapp.com.br\/#\/schema\/logo\/image\/\",\"url\":\"https:\/\/www.legislapp.com.br\/wp-content\/uploads\/icon.png\",\"contentUrl\":\"https:\/\/www.legislapp.com.br\/wp-content\/uploads\/icon.png\",\"width\":1024,\"height\":1024,\"caption\":\"Legislapp Monitoramento e Intelig\u00eancia Governamental\"},\"image\":{\"@id\":\"https:\/\/www.legislapp.com.br\/#\/schema\/logo\/image\/\"},\"sameAs\":[\"https:\/\/www.instagram.com\/legislapp\/\"]}]}<\/script>\n<!-- \/ Yoast SEO plugin. -->","yoast_head_json":{"title":"Avulso Inicial - PL 6026\/2025 - C\u00e2mara - Legislapp","robots":{"index":"index","follow":"follow","max-snippet":"max-snippet:-1","max-image-preview":"max-image-preview:large","max-video-preview":"max-video-preview:-1"},"canonical":"https:\/\/www.legislapp.com.br\/index.php\/avulso-inicial-pl-6026-2025-camara\/","og_locale":"pt_BR","og_type":"article","og_title":"Avulso Inicial - PL 6026\/2025 - C\u00e2mara - Legislapp","og_description":"Avulso Inicial &#8211; Autoria de Clodoaldo Magalh\u00e3es C\u00c2MARA DOS DEPUTADOS PROJETO DE LEI N\u00ba , DE 2025 (Do Sr. Clodoaldo Magalh\u00e3es) Concede ao Distrito de Caraibeiras, localizado no Munic\u00edpio de Tacaratu, no Estado de Pernambuco, o t\u00edtulo de Capital Nacional da Rede de Tecelagem. O Congresso Nacional decreta: Art. 1\u00ba Fica concedido ao Distrito de [&hellip;]","og_url":"https:\/\/www.legislapp.com.br\/index.php\/avulso-inicial-pl-6026-2025-camara\/","og_site_name":"Legislapp","article_publisher":"https:\/\/www.instagram.com\/legislapp\/","og_image":[{"url":"https:\/\/www.legislapp.com.br\/wp-content\/uploads\/2021\/07\/Logo-Legislapp-1-03-1.png","type":"","width":"","height":""}],"twitter_card":"summary_large_image","twitter_misc":{"Est. tempo de leitura":"2 minutos"},"schema":{"@context":"https:\/\/schema.org","@graph":[{"@type":"WebPage","@id":"https:\/\/www.legislapp.com.br\/index.php\/avulso-inicial-pl-6026-2025-camara\/","url":"https:\/\/www.legislapp.com.br\/index.php\/avulso-inicial-pl-6026-2025-camara\/","name":"Avulso Inicial - PL 6026\/2025 - C\u00e2mara - Legislapp","isPartOf":{"@id":"https:\/\/www.legislapp.com.br\/#website"},"primaryImageOfPage":{"@id":"https:\/\/www.legislapp.com.br\/index.php\/avulso-inicial-pl-6026-2025-camara\/#primaryimage"},"image":{"@id":"https:\/\/www.legislapp.com.br\/index.php\/avulso-inicial-pl-6026-2025-camara\/#primaryimage"},"thumbnailUrl":"https:\/\/www.legislapp.com.br\/wp-content\/uploads\/2021\/07\/Logo-Legislapp-1-03-1.png","datePublished":"2026-01-19T14:01:16+00:00","breadcrumb":{"@id":"https:\/\/www.legislapp.com.br\/index.php\/avulso-inicial-pl-6026-2025-camara\/#breadcrumb"},"inLanguage":"pt-BR","potentialAction":[{"@type":"ReadAction","target":["https:\/\/www.legislapp.com.br\/index.php\/avulso-inicial-pl-6026-2025-camara\/"]}]},{"@type":"ImageObject","inLanguage":"pt-BR","@id":"https:\/\/www.legislapp.com.br\/index.php\/avulso-inicial-pl-6026-2025-camara\/#primaryimage","url":"https:\/\/www.legislapp.com.br\/wp-content\/uploads\/2021\/07\/Logo-Legislapp-1-03-1.png","contentUrl":"https:\/\/www.legislapp.com.br\/wp-content\/uploads\/2021\/07\/Logo-Legislapp-1-03-1.png","width":2679,"height":2697},{"@type":"BreadcrumbList","@id":"https:\/\/www.legislapp.com.br\/index.php\/avulso-inicial-pl-6026-2025-camara\/#breadcrumb","itemListElement":[{"@type":"ListItem","position":1,"name":"In\u00edcio","item":"https:\/\/www.legislapp.com.br\/"},{"@type":"ListItem","position":2,"name":"Avulso Inicial &#8211; PL 6026\/2025 &#8211; C\u00e2mara"}]},{"@type":"WebSite","@id":"https:\/\/www.legislapp.com.br\/#website","url":"https:\/\/www.legislapp.com.br\/","name":"Legislapp","description":"Intelig\u00eancia governamental em tempo real","publisher":{"@id":"https:\/\/www.legislapp.com.br\/#organization"},"potentialAction":[{"@type":"SearchAction","target":{"@type":"EntryPoint","urlTemplate":"https:\/\/www.legislapp.com.br\/?s={search_term_string}"},"query-input":{"@type":"PropertyValueSpecification","valueRequired":true,"valueName":"search_term_string"}}],"inLanguage":"pt-BR"},{"@type":"Organization","@id":"https:\/\/www.legislapp.com.br\/#organization","name":"Legislapp Monitoramento e Intelig\u00eancia Governamental","url":"https:\/\/www.legislapp.com.br\/","logo":{"@type":"ImageObject","inLanguage":"pt-BR","@id":"https:\/\/www.legislapp.com.br\/#\/schema\/logo\/image\/","url":"https:\/\/www.legislapp.com.br\/wp-content\/uploads\/icon.png","contentUrl":"https:\/\/www.legislapp.com.br\/wp-content\/uploads\/icon.png","width":1024,"height":1024,"caption":"Legislapp Monitoramento e Intelig\u00eancia Governamental"},"image":{"@id":"https:\/\/www.legislapp.com.br\/#\/schema\/logo\/image\/"},"sameAs":["https:\/\/www.instagram.com\/legislapp\/"]}]}},"_links":{"self":[{"href":"https:\/\/www.legislapp.com.br\/index.php\/wp-json\/wp\/v2\/pages\/11042","targetHints":{"allow":["GET"]}}],"collection":[{"href":"https:\/\/www.legislapp.com.br\/index.php\/wp-json\/wp\/v2\/pages"}],"about":[{"href":"https:\/\/www.legislapp.com.br\/index.php\/wp-json\/wp\/v2\/types\/page"}],"author":[{"embeddable":true,"href":"https:\/\/www.legislapp.com.br\/index.php\/wp-json\/wp\/v2\/users\/1"}],"replies":[{"embeddable":true,"href":"https:\/\/www.legislapp.com.br\/index.php\/wp-json\/wp\/v2\/comments?post=11042"}],"version-history":[{"count":0,"href":"https:\/\/www.legislapp.com.br\/index.php\/wp-json\/wp\/v2\/pages\/11042\/revisions"}],"wp:attachment":[{"href":"https:\/\/www.legislapp.com.br\/index.php\/wp-json\/wp\/v2\/media?parent=11042"}],"curies":[{"name":"wp","href":"https:\/\/api.w.org\/{rel}","templated":true}]}}