{"id":11093,"date":"2026-01-19T11:22:59","date_gmt":"2026-01-19T14:22:59","guid":{"rendered":"https:\/\/www.legislapp.com.br\/index.php\/sancionada-a-lei-que-cria-a-politica-mais-professores-para-o-brasil-14-01-26\/"},"modified":"2026-01-19T11:22:59","modified_gmt":"2026-01-19T14:22:59","slug":"sancionada-a-lei-que-cria-a-politica-mais-professores-para-o-brasil-14-01-26","status":"publish","type":"page","link":"https:\/\/www.legislapp.com.br\/index.php\/sancionada-a-lei-que-cria-a-politica-mais-professores-para-o-brasil-14-01-26\/","title":{"rendered":"Sancionada a lei que cria a pol\u00edtica Mais Professores para o Brasil &#8211; 14\/01\/26 &#8211; Youtube C\u00e2mara dos deputados"},"content":{"rendered":"<article><img src='https:\/\/i.ytimg.com\/vi\/woBu5fnTqQE\/maxresdefault.jpg' style='width: 100%' \/><br \/>O presidente da Rep\u00fablica sancionou a lei que cria a Pol\u00edtica Nacional de Indu\u00e7\u00e3o \u00e0 Doc\u00eancia na Educa\u00e7\u00e3o B\u00e1sica, chamada de \u201cMais Professores para o Brasil\u201d. O programa visa oferecer bolsas para jovens estudantes e profissionais j\u00e1 formados que escol\u2026<br \/><a href='https:\/\/www.youtube.com\/watch?v=woBu5fnTqQE' target='_blank'>https:\/\/www.youtube.com\/watch?v=woBu5fnTqQE<\/a><\/article>\n<p><\/p>\n<div style=\"text-align: center\">\n      <img decoding=\"async\" style=\"width: 14%;\" src=\"https:\/\/www.legislapp.com.br\/wp-content\/uploads\/2021\/07\/Logo-Legislapp-1-03-1.png\"><br \/>\n      <\/p>\n<div style=\"margin-bottom: 20px;\" class=\"et_pb_button_module_wrapper et_pb_button_5_tb_body_wrapper et_pb_button_alignment_center et_pb_module \">\n         <a class=\"et_pb_button et_pb_button_5_tb_body et_hover_enabled et_pb_bg_layout_dark\" style=\"width: 50%;background-color: black;\" href=\"https:\/\/app.legislapp.com.br\" target=\"_blank\" rel=\"noopener\">Visualizar completo na nossa plataforma (30 dias gr\u00e1tis)<\/a><\/p><\/div>\n<p>      <a href=\"https:\/\/play.google.com\/store\/apps\/details?id=br.com.legislapp\"><img decoding=\"async\" style=\"width: 15%; min-width: 130px;\" src=\"https:\/\/www.legislapp.com.br\/wp-content\/uploads\/google-play.png\"><\/a><br \/>\n      <a href=\"https:\/\/apps.apple.com\/us\/app\/legislapp\/id1568929859\"><img decoding=\"async\" style=\"width: 15%; min-width: 130px\" src=\"https:\/\/www.legislapp.com.br\/wp-content\/uploads\/apple-store.png\"><\/a>\n   <\/div>\n","protected":false},"excerpt":{"rendered":"<p>O presidente da Rep\u00fablica sancionou a lei que cria a Pol\u00edtica Nacional de Indu\u00e7\u00e3o \u00e0 Doc\u00eancia na Educa\u00e7\u00e3o B\u00e1sica, chamada de \u201cMais Professores para o Brasil\u201d. O programa visa oferecer bolsas para jovens estudantes e profissionais j\u00e1 formados que escol\u2026https:\/\/www.youtube.com\/watch?v=woBu5fnTqQE Visualizar completo na nossa plataforma (30 dias gr\u00e1tis)<\/p>\n","protected":false},"author":1,"featured_media":0,"parent":0,"menu_order":0,"comment_status":"closed","ping_status":"closed","template":"page-template-blank.php","meta":{"_et_pb_use_builder":"","_et_pb_old_content":"","_et_gb_content_width":"1080","ngg_post_thumbnail":0,"footnotes":""},"class_list":["post-11093","page","type-page","status-publish","hentry"],"yoast_head":"<!-- This site is optimized with the Yoast SEO plugin v24.4 - https:\/\/yoast.com\/wordpress\/plugins\/seo\/ -->\n<title>Sancionada a lei que cria a pol\u00edtica Mais Professores para o Brasil - 14\/01\/26 - Youtube C\u00e2mara dos deputados - Legislapp<\/title>\n<meta name=\"robots\" content=\"index, follow, max-snippet:-1, max-image-preview:large, max-video-preview:-1\" \/>\n<link rel=\"canonical\" href=\"https:\/\/www.legislapp.com.br\/index.php\/sancionada-a-lei-que-cria-a-politica-mais-professores-para-o-brasil-14-01-26\/\" \/>\n<meta property=\"og:locale\" content=\"pt_BR\" \/>\n<meta property=\"og:type\" content=\"article\" \/>\n<meta property=\"og:title\" content=\"Sancionada a lei que cria a pol\u00edtica Mais Professores para o Brasil - 14\/01\/26 - Youtube C\u00e2mara dos deputados - Legislapp\" \/>\n<meta property=\"og:description\" content=\"O presidente da Rep\u00fablica sancionou a lei que cria a Pol\u00edtica Nacional de Indu\u00e7\u00e3o \u00e0 Doc\u00eancia na Educa\u00e7\u00e3o B\u00e1sica, chamada de \u201cMais Professores para o Brasil\u201d. O programa visa oferecer bolsas para jovens estudantes e profissionais j\u00e1 formados que escol\u2026https:\/\/www.youtube.com\/watch?v=woBu5fnTqQE Visualizar completo na nossa plataforma (30 dias gr\u00e1tis)\" \/>\n<meta property=\"og:url\" content=\"https:\/\/www.legislapp.com.br\/index.php\/sancionada-a-lei-que-cria-a-politica-mais-professores-para-o-brasil-14-01-26\/\" \/>\n<meta property=\"og:site_name\" content=\"Legislapp\" \/>\n<meta property=\"article:publisher\" content=\"https:\/\/www.instagram.com\/legislapp\/\" \/>\n<meta property=\"og:image\" content=\"https:\/\/i.ytimg.com\/vi\/woBu5fnTqQE\/maxresdefault.jpg\" \/>\n<meta name=\"twitter:card\" content=\"summary_large_image\" \/>\n<script type=\"application\/ld+json\" class=\"yoast-schema-graph\">{\"@context\":\"https:\/\/schema.org\",\"@graph\":[{\"@type\":\"WebPage\",\"@id\":\"https:\/\/www.legislapp.com.br\/index.php\/sancionada-a-lei-que-cria-a-politica-mais-professores-para-o-brasil-14-01-26\/\",\"url\":\"https:\/\/www.legislapp.com.br\/index.php\/sancionada-a-lei-que-cria-a-politica-mais-professores-para-o-brasil-14-01-26\/\",\"name\":\"Sancionada a lei que cria a pol\u00edtica Mais Professores para o Brasil - 14\/01\/26 - Youtube C\u00e2mara dos deputados - Legislapp\",\"isPartOf\":{\"@id\":\"https:\/\/www.legislapp.com.br\/#website\"},\"primaryImageOfPage\":{\"@id\":\"https:\/\/www.legislapp.com.br\/index.php\/sancionada-a-lei-que-cria-a-politica-mais-professores-para-o-brasil-14-01-26\/#primaryimage\"},\"image\":{\"@id\":\"https:\/\/www.legislapp.com.br\/index.php\/sancionada-a-lei-que-cria-a-politica-mais-professores-para-o-brasil-14-01-26\/#primaryimage\"},\"thumbnailUrl\":\"https:\/\/i.ytimg.com\/vi\/woBu5fnTqQE\/maxresdefault.jpg\",\"datePublished\":\"2026-01-19T14:22:59+00:00\",\"breadcrumb\":{\"@id\":\"https:\/\/www.legislapp.com.br\/index.php\/sancionada-a-lei-que-cria-a-politica-mais-professores-para-o-brasil-14-01-26\/#breadcrumb\"},\"inLanguage\":\"pt-BR\",\"potentialAction\":[{\"@type\":\"ReadAction\",\"target\":[\"https:\/\/www.legislapp.com.br\/index.php\/sancionada-a-lei-que-cria-a-politica-mais-professores-para-o-brasil-14-01-26\/\"]}]},{\"@type\":\"ImageObject\",\"inLanguage\":\"pt-BR\",\"@id\":\"https:\/\/www.legislapp.com.br\/index.php\/sancionada-a-lei-que-cria-a-politica-mais-professores-para-o-brasil-14-01-26\/#primaryimage\",\"url\":\"https:\/\/i.ytimg.com\/vi\/woBu5fnTqQE\/maxresdefault.jpg\",\"contentUrl\":\"https:\/\/i.ytimg.com\/vi\/woBu5fnTqQE\/maxresdefault.jpg\"},{\"@type\":\"BreadcrumbList\",\"@id\":\"https:\/\/www.legislapp.com.br\/index.php\/sancionada-a-lei-que-cria-a-politica-mais-professores-para-o-brasil-14-01-26\/#breadcrumb\",\"itemListElement\":[{\"@type\":\"ListItem\",\"position\":1,\"name\":\"In\u00edcio\",\"item\":\"https:\/\/www.legislapp.com.br\/\"},{\"@type\":\"ListItem\",\"position\":2,\"name\":\"Sancionada a lei que cria a pol\u00edtica Mais Professores para o Brasil &#8211; 14\/01\/26 &#8211; Youtube C\u00e2mara dos deputados\"}]},{\"@type\":\"WebSite\",\"@id\":\"https:\/\/www.legislapp.com.br\/#website\",\"url\":\"https:\/\/www.legislapp.com.br\/\",\"name\":\"Legislapp\",\"description\":\"Intelig\u00eancia governamental em tempo real\",\"publisher\":{\"@id\":\"https:\/\/www.legislapp.com.br\/#organization\"},\"potentialAction\":[{\"@type\":\"SearchAction\",\"target\":{\"@type\":\"EntryPoint\",\"urlTemplate\":\"https:\/\/www.legislapp.com.br\/?s={search_term_string}\"},\"query-input\":{\"@type\":\"PropertyValueSpecification\",\"valueRequired\":true,\"valueName\":\"search_term_string\"}}],\"inLanguage\":\"pt-BR\"},{\"@type\":\"Organization\",\"@id\":\"https:\/\/www.legislapp.com.br\/#organization\",\"name\":\"Legislapp Monitoramento e Intelig\u00eancia Governamental\",\"url\":\"https:\/\/www.legislapp.com.br\/\",\"logo\":{\"@type\":\"ImageObject\",\"inLanguage\":\"pt-BR\",\"@id\":\"https:\/\/www.legislapp.com.br\/#\/schema\/logo\/image\/\",\"url\":\"https:\/\/www.legislapp.com.br\/wp-content\/uploads\/icon.png\",\"contentUrl\":\"https:\/\/www.legislapp.com.br\/wp-content\/uploads\/icon.png\",\"width\":1024,\"height\":1024,\"caption\":\"Legislapp Monitoramento e Intelig\u00eancia Governamental\"},\"image\":{\"@id\":\"https:\/\/www.legislapp.com.br\/#\/schema\/logo\/image\/\"},\"sameAs\":[\"https:\/\/www.instagram.com\/legislapp\/\"]}]}<\/script>\n<!-- \/ Yoast SEO plugin. -->","yoast_head_json":{"title":"Sancionada a lei que cria a pol\u00edtica Mais Professores para o Brasil - 14\/01\/26 - Youtube C\u00e2mara dos deputados - Legislapp","robots":{"index":"index","follow":"follow","max-snippet":"max-snippet:-1","max-image-preview":"max-image-preview:large","max-video-preview":"max-video-preview:-1"},"canonical":"https:\/\/www.legislapp.com.br\/index.php\/sancionada-a-lei-que-cria-a-politica-mais-professores-para-o-brasil-14-01-26\/","og_locale":"pt_BR","og_type":"article","og_title":"Sancionada a lei que cria a pol\u00edtica Mais Professores para o Brasil - 14\/01\/26 - Youtube C\u00e2mara dos deputados - Legislapp","og_description":"O presidente da Rep\u00fablica sancionou a lei que cria a Pol\u00edtica Nacional de Indu\u00e7\u00e3o \u00e0 Doc\u00eancia na Educa\u00e7\u00e3o B\u00e1sica, chamada de \u201cMais Professores para o Brasil\u201d. O programa visa oferecer bolsas para jovens estudantes e profissionais j\u00e1 formados que escol\u2026https:\/\/www.youtube.com\/watch?v=woBu5fnTqQE Visualizar completo na nossa plataforma (30 dias gr\u00e1tis)","og_url":"https:\/\/www.legislapp.com.br\/index.php\/sancionada-a-lei-que-cria-a-politica-mais-professores-para-o-brasil-14-01-26\/","og_site_name":"Legislapp","article_publisher":"https:\/\/www.instagram.com\/legislapp\/","og_image":[{"url":"https:\/\/i.ytimg.com\/vi\/woBu5fnTqQE\/maxresdefault.jpg","type":"","width":"","height":""}],"twitter_card":"summary_large_image","schema":{"@context":"https:\/\/schema.org","@graph":[{"@type":"WebPage","@id":"https:\/\/www.legislapp.com.br\/index.php\/sancionada-a-lei-que-cria-a-politica-mais-professores-para-o-brasil-14-01-26\/","url":"https:\/\/www.legislapp.com.br\/index.php\/sancionada-a-lei-que-cria-a-politica-mais-professores-para-o-brasil-14-01-26\/","name":"Sancionada a lei que cria a pol\u00edtica Mais Professores para o Brasil - 14\/01\/26 - Youtube C\u00e2mara dos deputados - Legislapp","isPartOf":{"@id":"https:\/\/www.legislapp.com.br\/#website"},"primaryImageOfPage":{"@id":"https:\/\/www.legislapp.com.br\/index.php\/sancionada-a-lei-que-cria-a-politica-mais-professores-para-o-brasil-14-01-26\/#primaryimage"},"image":{"@id":"https:\/\/www.legislapp.com.br\/index.php\/sancionada-a-lei-que-cria-a-politica-mais-professores-para-o-brasil-14-01-26\/#primaryimage"},"thumbnailUrl":"https:\/\/i.ytimg.com\/vi\/woBu5fnTqQE\/maxresdefault.jpg","datePublished":"2026-01-19T14:22:59+00:00","breadcrumb":{"@id":"https:\/\/www.legislapp.com.br\/index.php\/sancionada-a-lei-que-cria-a-politica-mais-professores-para-o-brasil-14-01-26\/#breadcrumb"},"inLanguage":"pt-BR","potentialAction":[{"@type":"ReadAction","target":["https:\/\/www.legislapp.com.br\/index.php\/sancionada-a-lei-que-cria-a-politica-mais-professores-para-o-brasil-14-01-26\/"]}]},{"@type":"ImageObject","inLanguage":"pt-BR","@id":"https:\/\/www.legislapp.com.br\/index.php\/sancionada-a-lei-que-cria-a-politica-mais-professores-para-o-brasil-14-01-26\/#primaryimage","url":"https:\/\/i.ytimg.com\/vi\/woBu5fnTqQE\/maxresdefault.jpg","contentUrl":"https:\/\/i.ytimg.com\/vi\/woBu5fnTqQE\/maxresdefault.jpg"},{"@type":"BreadcrumbList","@id":"https:\/\/www.legislapp.com.br\/index.php\/sancionada-a-lei-que-cria-a-politica-mais-professores-para-o-brasil-14-01-26\/#breadcrumb","itemListElement":[{"@type":"ListItem","position":1,"name":"In\u00edcio","item":"https:\/\/www.legislapp.com.br\/"},{"@type":"ListItem","position":2,"name":"Sancionada a lei que cria a pol\u00edtica Mais Professores para o Brasil &#8211; 14\/01\/26 &#8211; Youtube C\u00e2mara dos deputados"}]},{"@type":"WebSite","@id":"https:\/\/www.legislapp.com.br\/#website","url":"https:\/\/www.legislapp.com.br\/","name":"Legislapp","description":"Intelig\u00eancia governamental em tempo real","publisher":{"@id":"https:\/\/www.legislapp.com.br\/#organization"},"potentialAction":[{"@type":"SearchAction","target":{"@type":"EntryPoint","urlTemplate":"https:\/\/www.legislapp.com.br\/?s={search_term_string}"},"query-input":{"@type":"PropertyValueSpecification","valueRequired":true,"valueName":"search_term_string"}}],"inLanguage":"pt-BR"},{"@type":"Organization","@id":"https:\/\/www.legislapp.com.br\/#organization","name":"Legislapp Monitoramento e Intelig\u00eancia Governamental","url":"https:\/\/www.legislapp.com.br\/","logo":{"@type":"ImageObject","inLanguage":"pt-BR","@id":"https:\/\/www.legislapp.com.br\/#\/schema\/logo\/image\/","url":"https:\/\/www.legislapp.com.br\/wp-content\/uploads\/icon.png","contentUrl":"https:\/\/www.legislapp.com.br\/wp-content\/uploads\/icon.png","width":1024,"height":1024,"caption":"Legislapp Monitoramento e Intelig\u00eancia Governamental"},"image":{"@id":"https:\/\/www.legislapp.com.br\/#\/schema\/logo\/image\/"},"sameAs":["https:\/\/www.instagram.com\/legislapp\/"]}]}},"_links":{"self":[{"href":"https:\/\/www.legislapp.com.br\/index.php\/wp-json\/wp\/v2\/pages\/11093","targetHints":{"allow":["GET"]}}],"collection":[{"href":"https:\/\/www.legislapp.com.br\/index.php\/wp-json\/wp\/v2\/pages"}],"about":[{"href":"https:\/\/www.legislapp.com.br\/index.php\/wp-json\/wp\/v2\/types\/page"}],"author":[{"embeddable":true,"href":"https:\/\/www.legislapp.com.br\/index.php\/wp-json\/wp\/v2\/users\/1"}],"replies":[{"embeddable":true,"href":"https:\/\/www.legislapp.com.br\/index.php\/wp-json\/wp\/v2\/comments?post=11093"}],"version-history":[{"count":0,"href":"https:\/\/www.legislapp.com.br\/index.php\/wp-json\/wp\/v2\/pages\/11093\/revisions"}],"wp:attachment":[{"href":"https:\/\/www.legislapp.com.br\/index.php\/wp-json\/wp\/v2\/media?parent=11093"}],"curies":[{"name":"wp","href":"https:\/\/api.w.org\/{rel}","templated":true}]}}