{"id":11108,"date":"2026-01-19T11:31:00","date_gmt":"2026-01-19T14:31:00","guid":{"rendered":"https:\/\/www.legislapp.com.br\/index.php\/avulso-inicial-pl-5984-2025-camara\/"},"modified":"2026-01-19T11:31:00","modified_gmt":"2026-01-19T14:31:00","slug":"avulso-inicial-pl-5984-2025-camara","status":"publish","type":"page","link":"https:\/\/www.legislapp.com.br\/index.php\/avulso-inicial-pl-5984-2025-camara\/","title":{"rendered":"Avulso Inicial &#8211; PL 5984\/2025 &#8211; C\u00e2mara"},"content":{"rendered":"<h1 style='text-align: center;'>Avulso Inicial &#8211; Autoria de Fred Linhares<\/h3>\n<p><\/p>\n<article>C\u00e2mara dos Deputados<br \/>\nGabinete do Deputado Federal FRED LINHARES<br \/>\nPROJETO DE LEI N\u00ba     DE 2025<br \/>\n(Do Sr. FRED LINHARES)<br \/>\nAltera a Lei n\u00ba 8.080, de 19 de<br \/>\nsetembro de 1.990, (Lei Org\u00e2nica da Sa\u00fade),<br \/>\npara dispor sobre a obrigatoriedade de<br \/>\ndivulga\u00e7\u00e3o, em tempo real, das informa\u00e7\u00f5es<br \/>\nsobre filas de atendimento no \u00e2mbito do<br \/>\nSistema \u00danico de Sa\u00fade (SUS).<br \/>\nO Congresso Nacional decreta:<br \/>\nArt. 1\u00ba Esta Lei altera a Lei n\u00ba 8.080, de 19 de setembro de<br \/>\n1.990, (Lei Org\u00e2nica da Sa\u00fade), para dispor sobre a obrigatoriedade de<br \/>\ndivulga\u00e7\u00e3o em tempo real, das informa\u00e7\u00f5es sobre filas de atendimento no<br \/>\n\u00e2mbito do Sistema \u00danico de Sa\u00fade (SUS).<br \/>\nArt. 2\u00ba A Lei n\u00ba 8.080, de 19 de setembro de 1.990, passa a<br \/>\nvigorar acrescida do seguinte artigo:<br \/>\n\u201cArt. 15-A As Unidades B\u00e1sicas de Sa\u00fade (UBS), as Unidades de<br \/>\nPronto Atendimento (UPA), as Santas Casas e os Hospitais<br \/>\nFilantr\u00f3picos conveniados do Sistema \u00danico de Sa\u00fade (SUS)<br \/>\ndisponibilizar\u00e3o, em aplicativo digital, informa\u00e7\u00f5es atualizadas em<br \/>\ntempo real, sobre as filas de atendimento para consultas, exames<br \/>\ne procedimentos cir\u00fargicos.<br \/>\n\u00a7 1\u00ba As informa\u00e7\u00f5es dever\u00e3o ser apresentadas de forma<br \/>\nconsolidada e anonimizadas, vedada qualquer identifica\u00e7\u00e3o<br \/>\nindividual do paciente, observado o dispostos na Lei n\u00ba 13.709, de<br \/>\n14 de agosto de 2018 (Lei Geral de Prote\u00e7\u00e3o de Dados Pessoais).<br \/>\n\u00a7 2\u00ba Caber\u00e1 aos gestores federal, estaduais, distrital e municipais<br \/>\ndo SUS disciplinar, em regulamento, o formato, a periodicidade de<br \/>\nPara verificar a assinatura, acesse https:\/\/infoleg-autenticidade-assinatura.camara.leg.br\/CD250273509500<br \/>\nAssinado eletronicamente pelo(a) Dep. Fred Linhares<br \/>\nApresenta\u00e7\u00e3o: 26\/11\/2025 15:48:17.617 &#8211; Mesa<br \/>\n*CD250273509500* PL n.5984\/2025<br \/>C\u00e2mara dos Deputados<br \/>\nGabinete do Deputado Federal FRED LINHARES<br \/>\natualiza\u00e7\u00e3o, a integra\u00e7\u00e3o das bases de dados e os padr\u00f5es<br \/>\ntecnol\u00f3gicos para disponibiliza\u00e7\u00e3o das informa\u00e7\u00f5es previstas no<br \/>\ncaput, respeitadas as compet\u00eancias de cada ente federativo.<br \/>\n\u00a7 3\u00ba Os prestadores de servi\u00e7os de sa\u00fade contratados ou<br \/>\nconveniados que recebam recursos p\u00fablicos dever\u00e3o fornecer aos<br \/>\ngestores do SUS, de forma cont\u00ednua e tempestiva, os dados<br \/>\nnecess\u00e1rios \u00e0 composi\u00e7\u00e3o das informa\u00e7\u00f5es previstas no caput.<br \/>\n\u00a7 4\u00ba O n\u00e3o fornecimento ou o fornecimento incompleto ou<br \/>\ninadequado de informa\u00e7\u00f5es pelos prestadores de servi\u00e7os<br \/>\nensejar\u00e1 as san\u00e7\u00f5es administrativas previstas no contrato,<br \/>\nconv\u00eanio ou instrumento cong\u00eanere, sem preju\u00edzo das demais<br \/>\nresponsabilidades legais.\u201d<br \/>\n&#8230;&#8230;&#8230;&#8230;&#8230;&#8230;&#8230;&#8230;&#8230;&#8230;&#8230;&#8230;&#8230;&#8230;&#8230;&#8230;&#8230;&#8230;&#8230;&#8230;&#8230;&#8230;&#8230;&#8230;&#8230;&#8230;&#8230;&#8230;&#8230;&#8230;&#8230;&#8230;..(NR)<br \/>\nArt. 3\u00ba Esta Lei entra em vigor na data da sua publica\u00e7\u00e3o.<br \/>\nJUSTIFICA\u00c7\u00c3O<br \/>\nO Projeto de Lei ora em an\u00e1lise trata-se da obrigatoriedade de se<br \/>\ntornar p\u00fablico a divulga\u00e7\u00e3o em tempo real e em aplicativo digital de sa\u00fade, a<br \/>\nsitua\u00e7\u00e3o das filas de atendimento para consultas, exames e procedimentos<br \/>\ncir\u00fargicos nas Unidades B\u00e1sicas de Sa\u00fade (UBS), nas Unidades de Pronto<br \/>\nAtendimento (UPA), nas Santas Casas e nos Hospitais Filantr\u00f3picos<br \/>\nconveniados do Sistema \u00danico de Sa\u00fade (SUS).<br \/>\nO objetivo da proposi\u00e7\u00e3o \u00e9 dar transpar\u00eancia na gest\u00e3o da sa\u00fade<br \/>\np\u00fablica, aumentar a confian\u00e7a da popula\u00e7\u00e3o no sistema p\u00fablico de sa\u00fade e<br \/>\nC\u00e2mara dos Deputados, Anexo IV, Gabinete 825 \u2013 Tel:(61)3215-5825<br \/>\ndep.fredlinhares@camara.leg.br<br \/>\nPara verificar a assinatura, acesse https:\/\/infoleg-autenticidade-assinatura.camara.leg.br\/CD250273509500<br \/>\nAssinado eletronicamente pelo(a) Dep. Fred Linhares<br \/>\nApresenta\u00e7\u00e3o: 26\/11\/2025 15:48:17.617 &#8211; Mesa<br \/>\n*CD250273509500* PL n.5984\/2025<br \/>C\u00e2mara dos Deputados<br \/>\nGabinete do Deputado Federal FRED LINHARES<br \/>\npermitir uma fiscaliza\u00e7\u00e3o ampla por parte da sociedade civil e das entidades<br \/>\nfiscalizadoras do pa\u00eds.<br \/>\n1<br \/>\nSegundo pesquisas realizadas com usu\u00e1rios do SUS foi<br \/>\ndemonstrado que a principal queixa dos pacientes consiste na demora em se<br \/>\nconseguir atendimento para consulta, exame ou cirurgia. A fila de espera desde<br \/>\num simples atendimento emergencial at\u00e9 casos mais complexo leva-se horas,<br \/>\ndias e at\u00e9 anos. Um estudo intitulado \u201cA Classe C e a Sa\u00fade: os desafios de<br \/>\n2<br \/>\nacesso a exames e consultas\u201d traz um retrato sobre as dificuldades<br \/>\nenfrentadas por mais de 100 (cem) milh\u00f5es de pessoas que dependem do<br \/>\nSistema \u00danico de Sa\u00fade.<br \/>\nLevantamento feito no ano de 2017 pelo Conselho Federal de<br \/>\nMedicina (CFM) apontou que mais de 900 mil pessoas aguardavam por uma<br \/>\n3<br \/>\ncirurgia eletiva no SUS, algumas h\u00e1 mais de 10 anos . A demora nos<br \/>\natendimentos \u00e9 um problema cr\u00f4nico na rede p\u00fablica de sa\u00fade, obriga que<br \/>\npacientes e acompanhantes realizem um fluxo migrat\u00f3rio, uma verdadeira<br \/>\n4<br \/>\nperegrina\u00e7\u00e3o para terem acesso a tratamento m\u00e9dico, sobrecarrega o sistema<br \/>\nde sa\u00fade local e causar complica\u00e7\u00f5es na sa\u00fade dos pacientes, haja vista que<br \/>\n24% (vinte e quatro por cento) dos cidad\u00e3os apresentam piora no quadro de<br \/>\nsa\u00fade por causa do tempo de espera para a realiza\u00e7\u00e3o de uma consulta ou<br \/>\nexame na rede p\u00fablica.<br \/>\nDefendemos, portanto, que Unidades B\u00e1sicas de Sa\u00fade (UBS),<br \/>\nUnidades de Pronto Atendimento (UPA), Santas Casas e Hospitais<br \/>\nFilantr\u00f3picos conveniados do Sistema \u00danico de Sa\u00fade (SUS) disponibilizem<br \/>\n1<br \/>\n Dispon\u00edvel em: https:\/\/oglobo.globo.com\/blogs\/pulso\/post\/2022\/09\/demora-para-atendimento-e-falta-de-cobertura-os-<br \/>\n 10-principais-problemas-da-saude-publica-e-privada-no-brasil.ghtm  . Acesso em 18\/11\/2025 .<br \/>\n2<br \/>\n Dispon\u00edvel em: https:\/\/www.cnnbrasil.com.br\/nacional\/sudeste\/sp\/fila-do-sus-coloca-vida-da-populacao-em-risco-diz-<br \/>\npesquisa\/. Acesso em 24\/11\/2025<br \/>\n3<br \/>\n Dispon\u00edvel em  https:\/\/www.cnj.jus.br\/transparencia-na-fila-do-sus-contribui-para-desafogar-o-poder-judiciario\/   Acesso<br \/>\nem 25\/11\/25<br \/>\n4<br \/>\n Dispon\u00edvel em https:\/\/www.gazetadopovo.com.br\/vida-e-cidadania\/a-peregrinacao-pela-saude-<br \/>\neb3bu0exp1n0cunbz46rawaj2\/ Acesso em 25\/11\/25<br \/>\nC\u00e2mara dos Deputados, Anexo IV, Gabinete 825 \u2013 Tel:(61)3215-5825<br \/>\ndep.fredlinhares@camara.leg.br<br \/>\nPara verificar a assinatura, acesse https:\/\/infoleg-autenticidade-assinatura.camara.leg.br\/CD250273509500<br \/>\nAssinado eletronicamente pelo(a) Dep. Fred Linhares<br \/>\nApresenta\u00e7\u00e3o: 26\/11\/2025 15:48:17.617 &#8211; Mesa<br \/>\n*CD250273509500* PL n.5984\/2025<br \/>C\u00e2mara dos Deputados<br \/>\nGabinete do Deputado Federal FRED LINHARES<br \/>\ninforma\u00e7\u00f5es sobre a fila de atendimento para consulta, exames e<br \/>\nprocedimentos cir\u00fargicos, em tempo real, tal qual j\u00e1 acontece atualmente com<br \/>\n5<br \/>\no Meu SUS Digital , no qual o paciente disp\u00f5e de informa\u00e7\u00f5es sobre o hist\u00f3rico<br \/>\ncl\u00ednico, dados de vacina\u00e7\u00e3o, resultados de exames, medica\u00e7\u00f5es, posi\u00e7\u00e3o na<br \/>\nfila de transplante, dentre outros.<br \/>\nEssa pr\u00e1tica j\u00e1 ocorre em alguns estados, como no Distrito<br \/>\n6 7 8 9<br \/>\nFederal ,Santa Catarina , Minas Gerais , Pernambuco dentre outros, todavia,<br \/>\npretendemos que seja disponibilizada \u00e0 popula\u00e7\u00e3o n\u00e3o apenas a lista dos<br \/>\nprocedimentos de m\u00e9dia e alta complexidade, mas tamb\u00e9m, a fila das<br \/>\nconsultas habituais para que a popula\u00e7\u00e3o, antes de sair da sua resid\u00eancia<br \/>\npossa acompanhar qual unidade de sa\u00fade tem menos paciente aguardando,<br \/>\nqual unidade tem a especialidade m\u00e9dica desejada e assim, possa evitar a<br \/>\nperegrina\u00e7\u00e3o, com a sa\u00fade debilitada, aos postos de sa\u00fade.<br \/>\nAssim, considerando a import\u00e2ncia do tema e a urg\u00eancia, contamos<br \/>\ncom o apoio dos nobres pares para aprova\u00e7\u00e3o do presente projeto de lei.<br \/>\nSala das Sess\u00f5es, em        de                     de 2025.<br \/>\nDeputado FRED LINHARES<br \/>\nRepublicanos\/DF<br \/>\n5<br \/>\n  Dispon\u00edvel em https:\/\/www.gov.br\/saude\/pt-br\/composicao\/seidigi\/meususdigital#:~:text=O%20Meu%20SUS<br \/>\n%20Digital%20est%C3%A1,forma%20segura%2C%20%C3%ADntegra%20e%20audit%C3%A1vel. Acesso em<br \/>\n18\/11\/2025.<br \/>\n6<br \/>\n https:\/\/www.mpdft.mp.br\/acompanhamento-sus-df\/<br \/>\n7<br \/>\n https:\/\/www.saude.sc.gov.br\/index.php\/pt\/servicos\/consulta-da-fila-de-espera-do-sus<br \/>\n8<br \/>\n https:\/\/prefeitura.pbh.gov.br\/saude\/regulacao-em-saude<br \/>\n9<br \/>\n https:\/\/pecidadao.pe.gov.br\/servico\/informacoes-servico\/2901<br \/>\nC\u00e2mara dos Deputados, Anexo IV, Gabinete 825 \u2013 Tel:(61)3215-5825<br \/>\ndep.fredlinhares@camara.leg.br<br \/>\nPara verificar a assinatura, acesse https:\/\/infoleg-autenticidade-assinatura.camara.leg.br\/CD250273509500<br \/>\nAssinado eletronicamente pelo(a) Dep. Fred Linhares<br \/>\nApresenta\u00e7\u00e3o: 26\/11\/2025 15:48:17.617 &#8211; Mesa<br \/>\n*CD250273509500* PL n.5984\/2025<\/article>\n<p><a href='https:\/\/app.legislapp.com.br\/#\/busca?termo=Altera\u00e7\u00e3o'>Altera\u00e7\u00e3o<\/a>, <a href='https:\/\/app.legislapp.com.br\/#\/busca?termo=Lei Org\u00e2nica da Sa\u00fade (1990)'>Lei Org\u00e2nica da Sa\u00fade (1990)<\/a>, <a href='https:\/\/app.legislapp.com.br\/#\/busca?termo=obrigatoriedade'>obrigatoriedade<\/a>, <a href='https:\/\/app.legislapp.com.br\/#\/busca?termo=divulga\u00e7\u00e3o'>divulga\u00e7\u00e3o<\/a>, <a href='https:\/\/app.legislapp.com.br\/#\/busca?termo=Publicidade'>Publicidade<\/a>, <a href='https:\/\/app.legislapp.com.br\/#\/busca?termo=tempo real'>tempo real<\/a>, <a href='https:\/\/app.legislapp.com.br\/#\/busca?termo=Software aplicativo'>Software aplicativo<\/a>, <a href='https:\/\/app.legislapp.com.br\/#\/busca?termo=Aplicativo m\u00f3vel'>Aplicativo m\u00f3vel<\/a>, <a href='https:\/\/app.legislapp.com.br\/#\/busca?termo=Lista de espera'>Lista de espera<\/a>, <a href='https:\/\/app.legislapp.com.br\/#\/busca?termo=Fila de atendimento'>Fila de atendimento<\/a>, <a href='https:\/\/app.legislapp.com.br\/#\/busca?termo=Consulta m\u00e9dica'>Consulta m\u00e9dica<\/a>, <a href='https:\/\/app.legislapp.com.br\/#\/busca?termo=Exame m\u00e9dico'>Exame m\u00e9dico<\/a>, <a href='https:\/\/app.legislapp.com.br\/#\/busca?termo=Cirurgia'>Cirurgia<\/a>, <a href='https:\/\/app.legislapp.com.br\/#\/busca?termo=Unidade B\u00e1sica de Sa\u00fade (UBS)'>Unidade B\u00e1sica de Sa\u00fade (UBS)<\/a>, <a href='https:\/\/app.legislapp.com.br\/#\/busca?termo=Unidade de Pronto Atendimento (UPA)'>Unidade de Pronto Atendimento (UPA)<\/a>, <a href='https:\/\/app.legislapp.com.br\/#\/busca?termo=Santa Casa de Miseric\u00f3rdia'>Santa Casa de Miseric\u00f3rdia<\/a>, <a href='https:\/\/app.legislapp.com.br\/#\/busca?termo=Hospital filantr\u00f3pico'>Hospital filantr\u00f3pico<\/a>, <a href='https:\/\/app.legislapp.com.br\/#\/busca?termo=Sistema \u00danico de Sa\u00fade (SUS).'>Sistema \u00danico de Sa\u00fade (SUS).<\/a><\/p>\n<div style=\"text-align: center\">\n      <img decoding=\"async\" style=\"width: 14%;\" src=\"https:\/\/www.legislapp.com.br\/wp-content\/uploads\/2021\/07\/Logo-Legislapp-1-03-1.png\"><br \/>\n      <\/p>\n<div style=\"margin-bottom: 20px;\" class=\"et_pb_button_module_wrapper et_pb_button_5_tb_body_wrapper et_pb_button_alignment_center et_pb_module \">\n         <a class=\"et_pb_button et_pb_button_5_tb_body et_hover_enabled et_pb_bg_layout_dark\" style=\"width: 50%;background-color: black;\" href=\"https:\/\/app.legislapp.com.br\" target=\"_blank\" rel=\"noopener\">Visualizar completo na nossa plataforma (30 dias gr\u00e1tis)<\/a><\/p><\/div>\n<p>      <a href=\"https:\/\/play.google.com\/store\/apps\/details?id=br.com.legislapp\"><img decoding=\"async\" style=\"width: 15%; min-width: 130px;\" src=\"https:\/\/www.legislapp.com.br\/wp-content\/uploads\/google-play.png\"><\/a><br \/>\n      <a href=\"https:\/\/apps.apple.com\/us\/app\/legislapp\/id1568929859\"><img decoding=\"async\" style=\"width: 15%; min-width: 130px\" src=\"https:\/\/www.legislapp.com.br\/wp-content\/uploads\/apple-store.png\"><\/a>\n   <\/div>\n","protected":false},"excerpt":{"rendered":"<p>Avulso Inicial &#8211; Autoria de Fred Linhares C\u00e2mara dos Deputados Gabinete do Deputado Federal FRED LINHARES PROJETO DE LEI N\u00ba DE 2025 (Do Sr. FRED LINHARES) Altera a Lei n\u00ba 8.080, de 19 de setembro de 1.990, (Lei Org\u00e2nica da Sa\u00fade), para dispor sobre a obrigatoriedade de divulga\u00e7\u00e3o, em tempo real, das informa\u00e7\u00f5es sobre filas [&hellip;]<\/p>\n","protected":false},"author":1,"featured_media":0,"parent":0,"menu_order":0,"comment_status":"closed","ping_status":"closed","template":"page-template-blank.php","meta":{"_et_pb_use_builder":"","_et_pb_old_content":"","_et_gb_content_width":"1080","ngg_post_thumbnail":0,"footnotes":""},"class_list":["post-11108","page","type-page","status-publish","hentry"],"yoast_head":"<!-- This site is optimized with the Yoast SEO plugin v24.4 - https:\/\/yoast.com\/wordpress\/plugins\/seo\/ -->\n<title>Avulso Inicial - PL 5984\/2025 - C\u00e2mara - Legislapp<\/title>\n<meta name=\"robots\" content=\"index, follow, max-snippet:-1, max-image-preview:large, max-video-preview:-1\" \/>\n<link rel=\"canonical\" href=\"https:\/\/www.legislapp.com.br\/index.php\/avulso-inicial-pl-5984-2025-camara\/\" \/>\n<meta property=\"og:locale\" content=\"pt_BR\" \/>\n<meta property=\"og:type\" content=\"article\" \/>\n<meta property=\"og:title\" content=\"Avulso Inicial - PL 5984\/2025 - C\u00e2mara - Legislapp\" \/>\n<meta property=\"og:description\" content=\"Avulso Inicial &#8211; Autoria de Fred Linhares C\u00e2mara dos Deputados Gabinete do Deputado Federal FRED LINHARES PROJETO DE LEI N\u00ba DE 2025 (Do Sr. FRED LINHARES) Altera a Lei n\u00ba 8.080, de 19 de setembro de 1.990, (Lei Org\u00e2nica da Sa\u00fade), para dispor sobre a obrigatoriedade de divulga\u00e7\u00e3o, em tempo real, das informa\u00e7\u00f5es sobre filas [&hellip;]\" \/>\n<meta property=\"og:url\" content=\"https:\/\/www.legislapp.com.br\/index.php\/avulso-inicial-pl-5984-2025-camara\/\" \/>\n<meta property=\"og:site_name\" content=\"Legislapp\" \/>\n<meta property=\"article:publisher\" content=\"https:\/\/www.instagram.com\/legislapp\/\" \/>\n<meta property=\"og:image\" content=\"https:\/\/www.legislapp.com.br\/wp-content\/uploads\/2021\/07\/Logo-Legislapp-1-03-1.png\" \/>\n<meta name=\"twitter:card\" content=\"summary_large_image\" \/>\n<meta name=\"twitter:label1\" content=\"Est. tempo de leitura\" \/>\n\t<meta name=\"twitter:data1\" content=\"6 minutos\" \/>\n<script type=\"application\/ld+json\" class=\"yoast-schema-graph\">{\"@context\":\"https:\/\/schema.org\",\"@graph\":[{\"@type\":\"WebPage\",\"@id\":\"https:\/\/www.legislapp.com.br\/index.php\/avulso-inicial-pl-5984-2025-camara\/\",\"url\":\"https:\/\/www.legislapp.com.br\/index.php\/avulso-inicial-pl-5984-2025-camara\/\",\"name\":\"Avulso Inicial - PL 5984\/2025 - C\u00e2mara - Legislapp\",\"isPartOf\":{\"@id\":\"https:\/\/www.legislapp.com.br\/#website\"},\"primaryImageOfPage\":{\"@id\":\"https:\/\/www.legislapp.com.br\/index.php\/avulso-inicial-pl-5984-2025-camara\/#primaryimage\"},\"image\":{\"@id\":\"https:\/\/www.legislapp.com.br\/index.php\/avulso-inicial-pl-5984-2025-camara\/#primaryimage\"},\"thumbnailUrl\":\"https:\/\/www.legislapp.com.br\/wp-content\/uploads\/2021\/07\/Logo-Legislapp-1-03-1.png\",\"datePublished\":\"2026-01-19T14:31:00+00:00\",\"breadcrumb\":{\"@id\":\"https:\/\/www.legislapp.com.br\/index.php\/avulso-inicial-pl-5984-2025-camara\/#breadcrumb\"},\"inLanguage\":\"pt-BR\",\"potentialAction\":[{\"@type\":\"ReadAction\",\"target\":[\"https:\/\/www.legislapp.com.br\/index.php\/avulso-inicial-pl-5984-2025-camara\/\"]}]},{\"@type\":\"ImageObject\",\"inLanguage\":\"pt-BR\",\"@id\":\"https:\/\/www.legislapp.com.br\/index.php\/avulso-inicial-pl-5984-2025-camara\/#primaryimage\",\"url\":\"https:\/\/www.legislapp.com.br\/wp-content\/uploads\/2021\/07\/Logo-Legislapp-1-03-1.png\",\"contentUrl\":\"https:\/\/www.legislapp.com.br\/wp-content\/uploads\/2021\/07\/Logo-Legislapp-1-03-1.png\",\"width\":2679,\"height\":2697},{\"@type\":\"BreadcrumbList\",\"@id\":\"https:\/\/www.legislapp.com.br\/index.php\/avulso-inicial-pl-5984-2025-camara\/#breadcrumb\",\"itemListElement\":[{\"@type\":\"ListItem\",\"position\":1,\"name\":\"In\u00edcio\",\"item\":\"https:\/\/www.legislapp.com.br\/\"},{\"@type\":\"ListItem\",\"position\":2,\"name\":\"Avulso Inicial &#8211; PL 5984\/2025 &#8211; C\u00e2mara\"}]},{\"@type\":\"WebSite\",\"@id\":\"https:\/\/www.legislapp.com.br\/#website\",\"url\":\"https:\/\/www.legislapp.com.br\/\",\"name\":\"Legislapp\",\"description\":\"Intelig\u00eancia governamental em tempo real\",\"publisher\":{\"@id\":\"https:\/\/www.legislapp.com.br\/#organization\"},\"potentialAction\":[{\"@type\":\"SearchAction\",\"target\":{\"@type\":\"EntryPoint\",\"urlTemplate\":\"https:\/\/www.legislapp.com.br\/?s={search_term_string}\"},\"query-input\":{\"@type\":\"PropertyValueSpecification\",\"valueRequired\":true,\"valueName\":\"search_term_string\"}}],\"inLanguage\":\"pt-BR\"},{\"@type\":\"Organization\",\"@id\":\"https:\/\/www.legislapp.com.br\/#organization\",\"name\":\"Legislapp Monitoramento e Intelig\u00eancia Governamental\",\"url\":\"https:\/\/www.legislapp.com.br\/\",\"logo\":{\"@type\":\"ImageObject\",\"inLanguage\":\"pt-BR\",\"@id\":\"https:\/\/www.legislapp.com.br\/#\/schema\/logo\/image\/\",\"url\":\"https:\/\/www.legislapp.com.br\/wp-content\/uploads\/icon.png\",\"contentUrl\":\"https:\/\/www.legislapp.com.br\/wp-content\/uploads\/icon.png\",\"width\":1024,\"height\":1024,\"caption\":\"Legislapp Monitoramento e Intelig\u00eancia Governamental\"},\"image\":{\"@id\":\"https:\/\/www.legislapp.com.br\/#\/schema\/logo\/image\/\"},\"sameAs\":[\"https:\/\/www.instagram.com\/legislapp\/\"]}]}<\/script>\n<!-- \/ Yoast SEO plugin. -->","yoast_head_json":{"title":"Avulso Inicial - PL 5984\/2025 - C\u00e2mara - Legislapp","robots":{"index":"index","follow":"follow","max-snippet":"max-snippet:-1","max-image-preview":"max-image-preview:large","max-video-preview":"max-video-preview:-1"},"canonical":"https:\/\/www.legislapp.com.br\/index.php\/avulso-inicial-pl-5984-2025-camara\/","og_locale":"pt_BR","og_type":"article","og_title":"Avulso Inicial - PL 5984\/2025 - C\u00e2mara - Legislapp","og_description":"Avulso Inicial &#8211; Autoria de Fred Linhares C\u00e2mara dos Deputados Gabinete do Deputado Federal FRED LINHARES PROJETO DE LEI N\u00ba DE 2025 (Do Sr. FRED LINHARES) Altera a Lei n\u00ba 8.080, de 19 de setembro de 1.990, (Lei Org\u00e2nica da Sa\u00fade), para dispor sobre a obrigatoriedade de divulga\u00e7\u00e3o, em tempo real, das informa\u00e7\u00f5es sobre filas [&hellip;]","og_url":"https:\/\/www.legislapp.com.br\/index.php\/avulso-inicial-pl-5984-2025-camara\/","og_site_name":"Legislapp","article_publisher":"https:\/\/www.instagram.com\/legislapp\/","og_image":[{"url":"https:\/\/www.legislapp.com.br\/wp-content\/uploads\/2021\/07\/Logo-Legislapp-1-03-1.png","type":"","width":"","height":""}],"twitter_card":"summary_large_image","twitter_misc":{"Est. tempo de leitura":"6 minutos"},"schema":{"@context":"https:\/\/schema.org","@graph":[{"@type":"WebPage","@id":"https:\/\/www.legislapp.com.br\/index.php\/avulso-inicial-pl-5984-2025-camara\/","url":"https:\/\/www.legislapp.com.br\/index.php\/avulso-inicial-pl-5984-2025-camara\/","name":"Avulso Inicial - PL 5984\/2025 - C\u00e2mara - Legislapp","isPartOf":{"@id":"https:\/\/www.legislapp.com.br\/#website"},"primaryImageOfPage":{"@id":"https:\/\/www.legislapp.com.br\/index.php\/avulso-inicial-pl-5984-2025-camara\/#primaryimage"},"image":{"@id":"https:\/\/www.legislapp.com.br\/index.php\/avulso-inicial-pl-5984-2025-camara\/#primaryimage"},"thumbnailUrl":"https:\/\/www.legislapp.com.br\/wp-content\/uploads\/2021\/07\/Logo-Legislapp-1-03-1.png","datePublished":"2026-01-19T14:31:00+00:00","breadcrumb":{"@id":"https:\/\/www.legislapp.com.br\/index.php\/avulso-inicial-pl-5984-2025-camara\/#breadcrumb"},"inLanguage":"pt-BR","potentialAction":[{"@type":"ReadAction","target":["https:\/\/www.legislapp.com.br\/index.php\/avulso-inicial-pl-5984-2025-camara\/"]}]},{"@type":"ImageObject","inLanguage":"pt-BR","@id":"https:\/\/www.legislapp.com.br\/index.php\/avulso-inicial-pl-5984-2025-camara\/#primaryimage","url":"https:\/\/www.legislapp.com.br\/wp-content\/uploads\/2021\/07\/Logo-Legislapp-1-03-1.png","contentUrl":"https:\/\/www.legislapp.com.br\/wp-content\/uploads\/2021\/07\/Logo-Legislapp-1-03-1.png","width":2679,"height":2697},{"@type":"BreadcrumbList","@id":"https:\/\/www.legislapp.com.br\/index.php\/avulso-inicial-pl-5984-2025-camara\/#breadcrumb","itemListElement":[{"@type":"ListItem","position":1,"name":"In\u00edcio","item":"https:\/\/www.legislapp.com.br\/"},{"@type":"ListItem","position":2,"name":"Avulso Inicial &#8211; PL 5984\/2025 &#8211; C\u00e2mara"}]},{"@type":"WebSite","@id":"https:\/\/www.legislapp.com.br\/#website","url":"https:\/\/www.legislapp.com.br\/","name":"Legislapp","description":"Intelig\u00eancia governamental em tempo real","publisher":{"@id":"https:\/\/www.legislapp.com.br\/#organization"},"potentialAction":[{"@type":"SearchAction","target":{"@type":"EntryPoint","urlTemplate":"https:\/\/www.legislapp.com.br\/?s={search_term_string}"},"query-input":{"@type":"PropertyValueSpecification","valueRequired":true,"valueName":"search_term_string"}}],"inLanguage":"pt-BR"},{"@type":"Organization","@id":"https:\/\/www.legislapp.com.br\/#organization","name":"Legislapp Monitoramento e Intelig\u00eancia Governamental","url":"https:\/\/www.legislapp.com.br\/","logo":{"@type":"ImageObject","inLanguage":"pt-BR","@id":"https:\/\/www.legislapp.com.br\/#\/schema\/logo\/image\/","url":"https:\/\/www.legislapp.com.br\/wp-content\/uploads\/icon.png","contentUrl":"https:\/\/www.legislapp.com.br\/wp-content\/uploads\/icon.png","width":1024,"height":1024,"caption":"Legislapp Monitoramento e Intelig\u00eancia Governamental"},"image":{"@id":"https:\/\/www.legislapp.com.br\/#\/schema\/logo\/image\/"},"sameAs":["https:\/\/www.instagram.com\/legislapp\/"]}]}},"_links":{"self":[{"href":"https:\/\/www.legislapp.com.br\/index.php\/wp-json\/wp\/v2\/pages\/11108","targetHints":{"allow":["GET"]}}],"collection":[{"href":"https:\/\/www.legislapp.com.br\/index.php\/wp-json\/wp\/v2\/pages"}],"about":[{"href":"https:\/\/www.legislapp.com.br\/index.php\/wp-json\/wp\/v2\/types\/page"}],"author":[{"embeddable":true,"href":"https:\/\/www.legislapp.com.br\/index.php\/wp-json\/wp\/v2\/users\/1"}],"replies":[{"embeddable":true,"href":"https:\/\/www.legislapp.com.br\/index.php\/wp-json\/wp\/v2\/comments?post=11108"}],"version-history":[{"count":0,"href":"https:\/\/www.legislapp.com.br\/index.php\/wp-json\/wp\/v2\/pages\/11108\/revisions"}],"wp:attachment":[{"href":"https:\/\/www.legislapp.com.br\/index.php\/wp-json\/wp\/v2\/media?parent=11108"}],"curies":[{"name":"wp","href":"https:\/\/api.w.org\/{rel}","templated":true}]}}