{"id":11114,"date":"2026-01-19T11:31:22","date_gmt":"2026-01-19T14:31:22","guid":{"rendered":"https:\/\/www.legislapp.com.br\/index.php\/cam-legislativa-de-mg-pl-4653-2025\/"},"modified":"2026-01-19T11:31:22","modified_gmt":"2026-01-19T14:31:22","slug":"cam-legislativa-de-mg-pl-4653-2025","status":"publish","type":"page","link":"https:\/\/www.legislapp.com.br\/index.php\/cam-legislativa-de-mg-pl-4653-2025\/","title":{"rendered":"PL 4653\/2025 &#8211; Deputados"},"content":{"rendered":"<h1 style='text-align: center;'>C\u00e2m. Legislativa de MG &#8211; Autoria de Deputados<\/h3>\n<p><\/p>\n<article style='text-align: center'>Reconhece como de relevante interesse econ\u00f4mico, cultural e social do<br \/>\nEstado o modo de fazer a goiabada casc\u00e3o da regi\u00e3o de Ponte Nova.<\/article>\n<p><\/p>\n<p style='text-align: center'><a href='https:\/\/app.legislapp.com.br\/#\/busca?termo='><\/a><\/p>\n<p><\/p>\n<article>Reconhece como de relevante interesse econ\u00f4mico, cultural e social, o modo de fazer a Goiabada Casc\u00e3o da regi\u00e3o de Ponte Nova.<br \/>\nA Assembleia Legislativa do Estado de Minas Gerais decreta:<br \/>\nArt. 1\u00ba \u2013 Fica reconhecido como de relevante interesse econ\u00f4mico, cultural e social do Estado o modo de fazer a goiabada casc\u00e3o da regi\u00e3o de Ponte Nova, localizada da Zona da Mata do Estado.<br \/>\nPar\u00e1grafo \u00fanico \u2013 O reconhecimento de que trata esta lei tem por objetivo o fortalecimento da economia regional e a promo\u00e7\u00e3o e o incentivo ao desenvolvimento da cadeia produtiva da Goiabada Casc\u00e3o em Minas Gerais.<br \/>\nArt. 2\u00ba \u2013 O processo de produ\u00e7\u00e3o a que se refere esta lei poder\u00e1, a crit\u00e9rio dos \u00f3rg\u00e3os respons\u00e1veis pela pol\u00edtica de patrim\u00f4nio cultural do Estado, ser objeto de prote\u00e7\u00e3o espec\u00edfica, nos termos da legisla\u00e7\u00e3o aplic\u00e1vel.<br \/>\nArt. 3\u00ba \u2013 Esta lei entra em vigor na data de sua publica\u00e7\u00e3o.<br \/>\nSala das Reuni\u00f5es, 21 de outubro de 2025.<br \/>\nAdriano Alvarenga (PP)<br \/>\nJustifica\u00e7\u00e3o: A regi\u00e3o do Munic\u00edpio de Ponte Nova, localizada na Zona da Mata Mineira, possui uma tradi\u00e7\u00e3o doceira amplamente reconhecida, com destaque para a goiabada casc\u00e3o, cuja relev\u00e2ncia hist\u00f3rica, cultural, econ\u00f4mica e gastron\u00f4mica para Minas Gerais \u00e9 not\u00f3ria e documentada. Em 2014, o Munic\u00edpio registrou a Goiabada Casc\u00e3o da Regi\u00e3o de Ponte Nova como patrim\u00f4nio cultural imaterial na esfera municipal, com reconhecimento do Iepha-MG \u2013 constando nas listas oficiais de bens protegidos no Estado (Registro I.001\/2014) e na rela\u00e7\u00e3o municipal de bens protegidos\/inventariados. Esse registro legitima pol\u00edticas de salvaguarda e comprova o modo de fazer como elemento da identidade ponte-novense e mineira.<br \/>\nA tradi\u00e7\u00e3o \u00e9 intergeracional e mant\u00e9m caracter\u00edsticas pr\u00f3prias de produ\u00e7\u00e3o, preservando t\u00e9cnicas artesanais, o uso da fruta com casca (que d\u00e1 nome ao produto) e a cozedura em tachos, fatores que distinguem a goiabada de Ponte Nova e refor\u00e7am seu valor como saber-fazer t\u00edpico. Essa continuidade cultural e econ\u00f4mica foi recentemente retratada no document\u00e1rio \u201cDoce Heran\u00e7a\u201d, produzido em 2024 por M\u00f4nica Veiga, natural do munic\u00edpio, registrando mem\u00f3rias, of\u00edcios e fam\u00edlias produtoras locais. O filme trata da hist\u00f3ria, transmiss\u00e3o de saberes e import\u00e2ncia econ\u00f4mica da produ\u00e7\u00e3o ponte-novense, evidenciando como o doce se converteu em s\u00edmbolo identit\u00e1rio e ativo tur\u00edstico que projeta Ponte Nova e Minas Gerais. O document\u00e1rio e a tradi\u00e7\u00e3o local foram publicadas na imprensa estadual, refor\u00e7ando a repercuss\u00e3o p\u00fablica e o valor simb\u00f3lico da iguaria, que ultrapassou as fronteiras do munic\u00edpio, consolidando-se como refer\u00eancia mineira.<br \/>\nEssa tradi\u00e7\u00e3o tamb\u00e9m se expressa na economia local (presen\u00e7a de diversas casas e marcas tradicionais na regi\u00e3o de Ponte Nova e distritos), na produ\u00e7\u00e3o artesanal e industrial e na circula\u00e7\u00e3o do produto em feiras e eventos. Ve\u00edculos e guias de viagem reiteram a identifica\u00e7\u00e3o de Ponte Nova como a \u201cterra da goiabada casc\u00e3o\u201d, refor\u00e7ando o v\u00ednculo territorial entre a cidade e o doce \u2013 um indicador de reconhecimento social espont\u00e2neo, coerente com a pol\u00edtica de valoriza\u00e7\u00e3o da cultura alimentar mineira.<br \/>\nO reconhecimento do modo de Fazer a Goiabada Casc\u00e3o de Ponte Nova como relevante culturalmente para o Estado \u00e9 capaz de ampliar a capacidade de fomento, divulga\u00e7\u00e3o e salvaguarda do bem cultural e, por consequ\u00eancia, seu potencial de turismo cultural e gastron\u00f4mico, gera\u00e7\u00e3o de renda e fortalecimento da agricultura familiar envolvida na cadeia produtiva.<br \/>\nDiante desse conjunto de evid\u00eancias o registro imaterial oficial reconhecido, repercuss\u00e3o p\u00fablica e midi\u00e1tica, continuidade hist\u00f3rica e intergeracional do saber-fazer, al\u00e9m do impacto econ\u00f4mico e tur\u00edstico.<br \/>\nPor fim, conto com o apoio dos nobres pares para aprova\u00e7\u00e3o deste importante projeto de lei.<br \/>\n\u2013 Publicado, vai o projeto \u00e0s Comiss\u00f5es de Justi\u00e7a, de Cultura e de Desenvolvimento Econ\u00f4mico para parecer, nos termos do art. 188, c\/c o art. 102, do Regimento Interno.<\/article>\n<div style=\"text-align: center\">\n<div style=\"margin-bottom: 20px;\" class=\"et_pb_button_module_wrapper et_pb_button_5_tb_body_wrapper et_pb_button_alignment_center et_pb_module \">\n         <a class=\"et_pb_button et_pb_button_5_tb_body et_hover_enabled et_pb_bg_layout_dark\" style=\"width: 50%;background-color: black;\" href=\"https:\/\/app.legislapp.com.br\" target=\"_blank\" rel=\"noopener\">Visualizar completo na nossa plataforma (30 dias gr\u00e1tis)<\/a><\/p><\/div>\n<p>      <a href=\"https:\/\/play.google.com\/store\/apps\/details?id=br.com.legislapp\"><img decoding=\"async\" style=\"width: 15%; min-width: 130px;\" src=\"https:\/\/www.legislapp.com.br\/wp-content\/uploads\/google-play.png\"><\/a><br \/>\n      <a href=\"https:\/\/apps.apple.com\/us\/app\/legislapp\/id1568929859\"><img decoding=\"async\" style=\"width: 15%; min-width: 130px\" src=\"https:\/\/www.legislapp.com.br\/wp-content\/uploads\/apple-store.png\"><\/a>\n   <\/div>\n","protected":false},"excerpt":{"rendered":"<p>C\u00e2m. Legislativa de MG &#8211; Autoria de Deputados Reconhece como de relevante interesse econ\u00f4mico, cultural e social do Estado o modo de fazer a goiabada casc\u00e3o da regi\u00e3o de Ponte Nova. Reconhece como de relevante interesse econ\u00f4mico, cultural e social, o modo de fazer a Goiabada Casc\u00e3o da regi\u00e3o de Ponte Nova. A Assembleia Legislativa [&hellip;]<\/p>\n","protected":false},"author":1,"featured_media":0,"parent":0,"menu_order":0,"comment_status":"closed","ping_status":"closed","template":"page-template-blank.php","meta":{"_et_pb_use_builder":"","_et_pb_old_content":"","_et_gb_content_width":"1080","ngg_post_thumbnail":0,"footnotes":""},"class_list":["post-11114","page","type-page","status-publish","hentry"],"yoast_head":"<!-- This site is optimized with the Yoast SEO plugin v24.4 - https:\/\/yoast.com\/wordpress\/plugins\/seo\/ -->\n<title>PL 4653\/2025 - Deputados - Legislapp<\/title>\n<meta name=\"robots\" content=\"index, follow, max-snippet:-1, max-image-preview:large, max-video-preview:-1\" \/>\n<link rel=\"canonical\" href=\"https:\/\/www.legislapp.com.br\/index.php\/cam-legislativa-de-mg-pl-4653-2025\/\" \/>\n<meta property=\"og:locale\" content=\"pt_BR\" \/>\n<meta property=\"og:type\" content=\"article\" \/>\n<meta property=\"og:title\" content=\"PL 4653\/2025 - Deputados - Legislapp\" \/>\n<meta property=\"og:description\" content=\"C\u00e2m. Legislativa de MG &#8211; Autoria de Deputados Reconhece como de relevante interesse econ\u00f4mico, cultural e social do Estado o modo de fazer a goiabada casc\u00e3o da regi\u00e3o de Ponte Nova. Reconhece como de relevante interesse econ\u00f4mico, cultural e social, o modo de fazer a Goiabada Casc\u00e3o da regi\u00e3o de Ponte Nova. A Assembleia Legislativa [&hellip;]\" \/>\n<meta property=\"og:url\" content=\"https:\/\/www.legislapp.com.br\/index.php\/cam-legislativa-de-mg-pl-4653-2025\/\" \/>\n<meta property=\"og:site_name\" content=\"Legislapp\" \/>\n<meta property=\"article:publisher\" content=\"https:\/\/www.instagram.com\/legislapp\/\" \/>\n<meta property=\"og:image\" content=\"https:\/\/www.legislapp.com.br\/wp-content\/uploads\/google-play.png\" \/>\n<meta name=\"twitter:card\" content=\"summary_large_image\" \/>\n<meta name=\"twitter:label1\" content=\"Est. tempo de leitura\" \/>\n\t<meta name=\"twitter:data1\" content=\"4 minutos\" \/>\n<script type=\"application\/ld+json\" class=\"yoast-schema-graph\">{\"@context\":\"https:\/\/schema.org\",\"@graph\":[{\"@type\":\"WebPage\",\"@id\":\"https:\/\/www.legislapp.com.br\/index.php\/cam-legislativa-de-mg-pl-4653-2025\/\",\"url\":\"https:\/\/www.legislapp.com.br\/index.php\/cam-legislativa-de-mg-pl-4653-2025\/\",\"name\":\"PL 4653\/2025 - Deputados - Legislapp\",\"isPartOf\":{\"@id\":\"https:\/\/www.legislapp.com.br\/#website\"},\"primaryImageOfPage\":{\"@id\":\"https:\/\/www.legislapp.com.br\/index.php\/cam-legislativa-de-mg-pl-4653-2025\/#primaryimage\"},\"image\":{\"@id\":\"https:\/\/www.legislapp.com.br\/index.php\/cam-legislativa-de-mg-pl-4653-2025\/#primaryimage\"},\"thumbnailUrl\":\"https:\/\/www.legislapp.com.br\/wp-content\/uploads\/google-play.png\",\"datePublished\":\"2026-01-19T14:31:22+00:00\",\"breadcrumb\":{\"@id\":\"https:\/\/www.legislapp.com.br\/index.php\/cam-legislativa-de-mg-pl-4653-2025\/#breadcrumb\"},\"inLanguage\":\"pt-BR\",\"potentialAction\":[{\"@type\":\"ReadAction\",\"target\":[\"https:\/\/www.legislapp.com.br\/index.php\/cam-legislativa-de-mg-pl-4653-2025\/\"]}]},{\"@type\":\"ImageObject\",\"inLanguage\":\"pt-BR\",\"@id\":\"https:\/\/www.legislapp.com.br\/index.php\/cam-legislativa-de-mg-pl-4653-2025\/#primaryimage\",\"url\":\"https:\/\/www.legislapp.com.br\/wp-content\/uploads\/google-play.png\",\"contentUrl\":\"https:\/\/www.legislapp.com.br\/wp-content\/uploads\/google-play.png\",\"width\":564,\"height\":168},{\"@type\":\"BreadcrumbList\",\"@id\":\"https:\/\/www.legislapp.com.br\/index.php\/cam-legislativa-de-mg-pl-4653-2025\/#breadcrumb\",\"itemListElement\":[{\"@type\":\"ListItem\",\"position\":1,\"name\":\"In\u00edcio\",\"item\":\"https:\/\/www.legislapp.com.br\/\"},{\"@type\":\"ListItem\",\"position\":2,\"name\":\"PL 4653\/2025 &#8211; Deputados\"}]},{\"@type\":\"WebSite\",\"@id\":\"https:\/\/www.legislapp.com.br\/#website\",\"url\":\"https:\/\/www.legislapp.com.br\/\",\"name\":\"Legislapp\",\"description\":\"Intelig\u00eancia governamental em tempo real\",\"publisher\":{\"@id\":\"https:\/\/www.legislapp.com.br\/#organization\"},\"potentialAction\":[{\"@type\":\"SearchAction\",\"target\":{\"@type\":\"EntryPoint\",\"urlTemplate\":\"https:\/\/www.legislapp.com.br\/?s={search_term_string}\"},\"query-input\":{\"@type\":\"PropertyValueSpecification\",\"valueRequired\":true,\"valueName\":\"search_term_string\"}}],\"inLanguage\":\"pt-BR\"},{\"@type\":\"Organization\",\"@id\":\"https:\/\/www.legislapp.com.br\/#organization\",\"name\":\"Legislapp Monitoramento e Intelig\u00eancia Governamental\",\"url\":\"https:\/\/www.legislapp.com.br\/\",\"logo\":{\"@type\":\"ImageObject\",\"inLanguage\":\"pt-BR\",\"@id\":\"https:\/\/www.legislapp.com.br\/#\/schema\/logo\/image\/\",\"url\":\"https:\/\/www.legislapp.com.br\/wp-content\/uploads\/icon.png\",\"contentUrl\":\"https:\/\/www.legislapp.com.br\/wp-content\/uploads\/icon.png\",\"width\":1024,\"height\":1024,\"caption\":\"Legislapp Monitoramento e Intelig\u00eancia Governamental\"},\"image\":{\"@id\":\"https:\/\/www.legislapp.com.br\/#\/schema\/logo\/image\/\"},\"sameAs\":[\"https:\/\/www.instagram.com\/legislapp\/\"]}]}<\/script>\n<!-- \/ Yoast SEO plugin. -->","yoast_head_json":{"title":"PL 4653\/2025 - Deputados - Legislapp","robots":{"index":"index","follow":"follow","max-snippet":"max-snippet:-1","max-image-preview":"max-image-preview:large","max-video-preview":"max-video-preview:-1"},"canonical":"https:\/\/www.legislapp.com.br\/index.php\/cam-legislativa-de-mg-pl-4653-2025\/","og_locale":"pt_BR","og_type":"article","og_title":"PL 4653\/2025 - Deputados - Legislapp","og_description":"C\u00e2m. Legislativa de MG &#8211; Autoria de Deputados Reconhece como de relevante interesse econ\u00f4mico, cultural e social do Estado o modo de fazer a goiabada casc\u00e3o da regi\u00e3o de Ponte Nova. Reconhece como de relevante interesse econ\u00f4mico, cultural e social, o modo de fazer a Goiabada Casc\u00e3o da regi\u00e3o de Ponte Nova. A Assembleia Legislativa [&hellip;]","og_url":"https:\/\/www.legislapp.com.br\/index.php\/cam-legislativa-de-mg-pl-4653-2025\/","og_site_name":"Legislapp","article_publisher":"https:\/\/www.instagram.com\/legislapp\/","og_image":[{"url":"https:\/\/www.legislapp.com.br\/wp-content\/uploads\/google-play.png","type":"","width":"","height":""}],"twitter_card":"summary_large_image","twitter_misc":{"Est. tempo de leitura":"4 minutos"},"schema":{"@context":"https:\/\/schema.org","@graph":[{"@type":"WebPage","@id":"https:\/\/www.legislapp.com.br\/index.php\/cam-legislativa-de-mg-pl-4653-2025\/","url":"https:\/\/www.legislapp.com.br\/index.php\/cam-legislativa-de-mg-pl-4653-2025\/","name":"PL 4653\/2025 - Deputados - Legislapp","isPartOf":{"@id":"https:\/\/www.legislapp.com.br\/#website"},"primaryImageOfPage":{"@id":"https:\/\/www.legislapp.com.br\/index.php\/cam-legislativa-de-mg-pl-4653-2025\/#primaryimage"},"image":{"@id":"https:\/\/www.legislapp.com.br\/index.php\/cam-legislativa-de-mg-pl-4653-2025\/#primaryimage"},"thumbnailUrl":"https:\/\/www.legislapp.com.br\/wp-content\/uploads\/google-play.png","datePublished":"2026-01-19T14:31:22+00:00","breadcrumb":{"@id":"https:\/\/www.legislapp.com.br\/index.php\/cam-legislativa-de-mg-pl-4653-2025\/#breadcrumb"},"inLanguage":"pt-BR","potentialAction":[{"@type":"ReadAction","target":["https:\/\/www.legislapp.com.br\/index.php\/cam-legislativa-de-mg-pl-4653-2025\/"]}]},{"@type":"ImageObject","inLanguage":"pt-BR","@id":"https:\/\/www.legislapp.com.br\/index.php\/cam-legislativa-de-mg-pl-4653-2025\/#primaryimage","url":"https:\/\/www.legislapp.com.br\/wp-content\/uploads\/google-play.png","contentUrl":"https:\/\/www.legislapp.com.br\/wp-content\/uploads\/google-play.png","width":564,"height":168},{"@type":"BreadcrumbList","@id":"https:\/\/www.legislapp.com.br\/index.php\/cam-legislativa-de-mg-pl-4653-2025\/#breadcrumb","itemListElement":[{"@type":"ListItem","position":1,"name":"In\u00edcio","item":"https:\/\/www.legislapp.com.br\/"},{"@type":"ListItem","position":2,"name":"PL 4653\/2025 &#8211; Deputados"}]},{"@type":"WebSite","@id":"https:\/\/www.legislapp.com.br\/#website","url":"https:\/\/www.legislapp.com.br\/","name":"Legislapp","description":"Intelig\u00eancia governamental em tempo real","publisher":{"@id":"https:\/\/www.legislapp.com.br\/#organization"},"potentialAction":[{"@type":"SearchAction","target":{"@type":"EntryPoint","urlTemplate":"https:\/\/www.legislapp.com.br\/?s={search_term_string}"},"query-input":{"@type":"PropertyValueSpecification","valueRequired":true,"valueName":"search_term_string"}}],"inLanguage":"pt-BR"},{"@type":"Organization","@id":"https:\/\/www.legislapp.com.br\/#organization","name":"Legislapp Monitoramento e Intelig\u00eancia Governamental","url":"https:\/\/www.legislapp.com.br\/","logo":{"@type":"ImageObject","inLanguage":"pt-BR","@id":"https:\/\/www.legislapp.com.br\/#\/schema\/logo\/image\/","url":"https:\/\/www.legislapp.com.br\/wp-content\/uploads\/icon.png","contentUrl":"https:\/\/www.legislapp.com.br\/wp-content\/uploads\/icon.png","width":1024,"height":1024,"caption":"Legislapp Monitoramento e Intelig\u00eancia Governamental"},"image":{"@id":"https:\/\/www.legislapp.com.br\/#\/schema\/logo\/image\/"},"sameAs":["https:\/\/www.instagram.com\/legislapp\/"]}]}},"_links":{"self":[{"href":"https:\/\/www.legislapp.com.br\/index.php\/wp-json\/wp\/v2\/pages\/11114","targetHints":{"allow":["GET"]}}],"collection":[{"href":"https:\/\/www.legislapp.com.br\/index.php\/wp-json\/wp\/v2\/pages"}],"about":[{"href":"https:\/\/www.legislapp.com.br\/index.php\/wp-json\/wp\/v2\/types\/page"}],"author":[{"embeddable":true,"href":"https:\/\/www.legislapp.com.br\/index.php\/wp-json\/wp\/v2\/users\/1"}],"replies":[{"embeddable":true,"href":"https:\/\/www.legislapp.com.br\/index.php\/wp-json\/wp\/v2\/comments?post=11114"}],"version-history":[{"count":0,"href":"https:\/\/www.legislapp.com.br\/index.php\/wp-json\/wp\/v2\/pages\/11114\/revisions"}],"wp:attachment":[{"href":"https:\/\/www.legislapp.com.br\/index.php\/wp-json\/wp\/v2\/media?parent=11114"}],"curies":[{"name":"wp","href":"https:\/\/api.w.org\/{rel}","templated":true}]}}