{"id":11123,"date":"2026-01-19T11:32:02","date_gmt":"2026-01-19T14:32:02","guid":{"rendered":"https:\/\/www.legislapp.com.br\/index.php\/cam-legislativa-de-mg-prl-1-0\/"},"modified":"2026-01-19T11:32:02","modified_gmt":"2026-01-19T14:32:02","slug":"cam-legislativa-de-mg-prl-1-0","status":"publish","type":"page","link":"https:\/\/www.legislapp.com.br\/index.php\/cam-legislativa-de-mg-prl-1-0\/","title":{"rendered":"PRL 1\/0 &#8211; Julio Cesar Ribeiro"},"content":{"rendered":"<h1 style='text-align: center;'>C\u00e2m. Legislativa de MG &#8211; Autoria de Julio Cesar Ribeiro<br \/><img src='https:\/\/www.camara.leg.br\/internet\/deputado\/bandep\/204372.jpg' alt='Julio Cesar Ribeiro' \/><\/h3>\n<p><\/p>\n<article style='text-align: center'>Parecer do Relator, Dep. Julio Cesar Ribeiro (REPUBLIC-DF), pela aprova\u00e7\u00e3o.<\/article>\n<p><\/p>\n<p style='text-align: center'><a href='https:\/\/app.legislapp.com.br\/#\/busca?termo='><\/a><\/p>\n<p><\/p>\n<article>Disp\u00f5e sobre a isen\u00e7\u00e3o do pagamento de tarifa de ped\u00e1gio nas rodovias sob responsabilidade do Estado ao propriet\u00e1rio de ve\u00edculo que possua resid\u00eancia permanente ou exer\u00e7a atividade profissional permanente no pr\u00f3prio munic\u00edpio em que esteja localizada pra\u00e7a de cobran\u00e7a de ped\u00e1gio.<br \/>\nA Assembleia Legislativa do Estado de Minas Gerais decreta:<br \/>\nArt. 1\u00ba \u2013 Fica isento do pagamento de tarifa de ped\u00e1gio nas rodovias sob responsabilidade do Estado o ve\u00edculo cujo propriet\u00e1rio possua resid\u00eancia permanente ou exer\u00e7a atividade profissional permanente no pr\u00f3prio munic\u00edpio em que esteja localizada pra\u00e7a de cobran\u00e7a de ped\u00e1gio.<br \/>\n\u00a7 1\u00ba \u2013 Para se beneficiar da isen\u00e7\u00e3o concedida por esta lei, o propriet\u00e1rio dever\u00e1 ter seu ve\u00edculo credenciado pelo poder concedente e pelo concession\u00e1rio, periodicamente.<br \/>\n\u00a7 2\u00ba \u2013 Os procedimentos aplic\u00e1veis ao credenciamento a que se refere o \u00a7 1\u00ba deste artigo ser\u00e3o fixados em regulamento.<br \/>\n\u00a7 3\u00ba \u2013 A isen\u00e7\u00e3o a que se refere esta lei permite ao concession\u00e1rio reclamar ao poder concedente, se assim julgar necess\u00e1rio, a revis\u00e3o da tarifa de ped\u00e1gio, com o objetivo de manter o equil\u00edbrio econ\u00f4mico-financeiro do contrato.<br \/>\n\u00a7 4\u00ba \u2013 Na hip\u00f3tese de o poder concedente decidir pela improced\u00eancia da reclama\u00e7\u00e3o feita pelo concession\u00e1rio, este poder\u00e1 recorrer a processo amig\u00e1vel de solu\u00e7\u00e3o de diverg\u00eancia contratual, nos termos previstos no contrato de concess\u00e3o, sem que, no decorrer do per\u00edodo de resolu\u00e7\u00e3o do conflito, fique prejudicada a concess\u00e3o do benef\u00edcio institu\u00eddo por esta lei.<br \/>\nArt. 2\u00ba \u2013 O Poder Executivo regulamentar\u00e1 esta lei para a manuten\u00e7\u00e3o do equil\u00edbrio econ\u00f4mico-financeiro do contrato, em cumprimento do disposto no \u00a7 3\u00ba do art. 4\u00ba-A da Lei n\u00ba 9.277, de 10 de maio de 1996.<br \/>\nArt. 3\u00ba \u2013 Esta lei entra em vigor na data de sua publica\u00e7\u00e3o.<br \/>\nSala das Reuni\u00f5es, 4 de fevereiro de 2019.<br \/>\nDeputado Arlen Santiago (PTB)<br \/>\nJustifica\u00e7\u00e3o: Trata-se de projeto de lei que concede isen\u00e7\u00e3o de pagamento de ped\u00e1gio a pessoas que morem ou trabalhem em munic\u00edpio no qual esteja instalada pra\u00e7a de cobran\u00e7a. A gratuidade, por \u00f3bvio, s\u00f3 abrange a pra\u00e7a de cobran\u00e7a do munic\u00edpio em que o beneficiado resida ou trabalhe.<br \/>\nNos \u00faltimos anos, a car\u00eancia de recursos p\u00fablicos para a realiza\u00e7\u00e3o de investimentos em infraestrutura levou \u00e0 ado\u00e7\u00e3o de uma pol\u00edtica de concess\u00e3o de rodovias \u00e0 iniciativa privada, mediante a cobran\u00e7a de ped\u00e1gio. Tal movimento, que inclui tanto os trechos rodovi\u00e1rios licitados diretamente pelo \u00f3rg\u00e3o competente dos estados como aqueles da Uni\u00e3o e delegados por conv\u00eanio a estados e munic\u00edpios, repassados \u00e0 explora\u00e7\u00e3o comercial, provocou melhorias importantes na nossa malha rodovi\u00e1ria, mas trouxe tamb\u00e9m inconvenientes que s\u00f3 com o tempo est\u00e3o sendo percebidos e corrigidos.<br \/>\nUm dos problemas mais comuns diz respeito ao \u00f4nus desproporcional que pesa sobre a popula\u00e7\u00e3o dos munic\u00edpios onde se instalam as pra\u00e7as de cobran\u00e7a de ped\u00e1gio. De fato, essa popula\u00e7\u00e3o \u00e9 penalizada economicamente em seus deslocamentos di\u00e1rios para trabalhar, estudar ou fazer compras, atividades realizadas muitas vezes no territ\u00f3rio do pr\u00f3prio munic\u00edpio. Ind\u00fastrias e produtores rurais, empresas que realizam entregas em domic\u00edlio ou profissionais que atendem a \u00e1rea rural se veem \u00e0s voltas com um aumento, dif\u00edcil de suportar, de seu custo operacional.<br \/>\nAssim, a simples decis\u00e3o de instalar uma pra\u00e7a de cobran\u00e7a de ped\u00e1gio num determinado munic\u00edpio pode comprometer seriamente a competitividade das atividades econ\u00f4micas nele realizadas e, por conseguinte, a competitividade econ\u00f4mica do pr\u00f3prio munic\u00edpio. No mundo globalizado em que vivemos, tal situa\u00e7\u00e3o pode assumir contornos inimagin\u00e1veis, em termos de estagna\u00e7\u00e3o da economia local, redu\u00e7\u00e3o do n\u00famero de empregos e evas\u00e3o populacional.<br \/>\nPara tentar corrigir essa distor\u00e7\u00e3o, oferecemos \u00e0 aprecia\u00e7\u00e3o desta Casa esta proposta, que visa isentar do pagamento de tarifa de ped\u00e1gio os ve\u00edculos cujos propriet\u00e1rios possuam resid\u00eancia permanente ou exer\u00e7am atividades profissionais permanentes no munic\u00edpio em que se localizar a pra\u00e7a de ped\u00e1gio. Para evitar desvios e mau uso do benef\u00edcio, prevemos que o benef\u00edcio da isen\u00e7\u00e3o depende de cadastramento e identifica\u00e7\u00e3o dos ve\u00edculos pelo \u00f3rg\u00e3o executivo de tr\u00e2nsito com jurisdi\u00e7\u00e3o no munic\u00edpio onde se localizar a pra\u00e7a de ped\u00e1gio.<br \/>\nTal mat\u00e9ria encontra-se em conformidade com as disposi\u00e7\u00f5es da Lei Federal n\u00ba 9.277, de 1996. Registramos que mat\u00e9ria similar encontra-se em tramita\u00e7\u00e3o no Congresso Nacional, consubstanciada no Projeto de Lei n\u00ba 1.023\/2011, de autoria do deputado Esperidi\u00e3o Amin. O projeto j\u00e1 foi aprovado em turno \u00fanico, sob o regime de urg\u00eancia, na C\u00e2mara dos Deputados, e agora se encontra sob an\u00e1lise do Senado Federal.<br \/>\nDessa forma, esperamos contribuir para que a cobran\u00e7a de ped\u00e1gio, necess\u00e1ria aos investimentos demandados por nossas rodovias, seja realizada de forma justa e equ\u00e2nime.<br \/>\n\u2013 Semelhante proposi\u00e7\u00e3o foi apresentada anteriormente pelo deputado Cristiano Silveira. Anexe-se ao Projeto de Lei n\u00ba 4.612\/2017, nos termos do \u00a7 2\u00ba do art. 173 do Regimento Interno.<\/article>\n<div style=\"text-align: center\">\n<div style=\"margin-bottom: 20px;\" class=\"et_pb_button_module_wrapper et_pb_button_5_tb_body_wrapper et_pb_button_alignment_center et_pb_module \">\n         <a class=\"et_pb_button et_pb_button_5_tb_body et_hover_enabled et_pb_bg_layout_dark\" style=\"width: 50%;background-color: black;\" href=\"https:\/\/app.legislapp.com.br\" target=\"_blank\" rel=\"noopener\">Visualizar completo na nossa plataforma (30 dias gr\u00e1tis)<\/a><\/p><\/div>\n<p>      <a href=\"https:\/\/play.google.com\/store\/apps\/details?id=br.com.legislapp\"><img decoding=\"async\" style=\"width: 15%; min-width: 130px;\" src=\"https:\/\/www.legislapp.com.br\/wp-content\/uploads\/google-play.png\"><\/a><br \/>\n      <a href=\"https:\/\/apps.apple.com\/us\/app\/legislapp\/id1568929859\"><img decoding=\"async\" style=\"width: 15%; min-width: 130px\" src=\"https:\/\/www.legislapp.com.br\/wp-content\/uploads\/apple-store.png\"><\/a>\n   <\/div>\n","protected":false},"excerpt":{"rendered":"<p>C\u00e2m. Legislativa de MG &#8211; Autoria de Julio Cesar Ribeiro Parecer do Relator, Dep. Julio Cesar Ribeiro (REPUBLIC-DF), pela aprova\u00e7\u00e3o. Disp\u00f5e sobre a isen\u00e7\u00e3o do pagamento de tarifa de ped\u00e1gio nas rodovias sob responsabilidade do Estado ao propriet\u00e1rio de ve\u00edculo que possua resid\u00eancia permanente ou exer\u00e7a atividade profissional permanente no pr\u00f3prio munic\u00edpio em que esteja [&hellip;]<\/p>\n","protected":false},"author":1,"featured_media":0,"parent":0,"menu_order":0,"comment_status":"closed","ping_status":"closed","template":"page-template-blank.php","meta":{"_et_pb_use_builder":"","_et_pb_old_content":"","_et_gb_content_width":"1080","ngg_post_thumbnail":0,"footnotes":""},"class_list":["post-11123","page","type-page","status-publish","hentry"],"yoast_head":"<!-- This site is optimized with the Yoast SEO plugin v24.4 - https:\/\/yoast.com\/wordpress\/plugins\/seo\/ -->\n<title>PRL 1\/0 - Julio Cesar Ribeiro - Legislapp<\/title>\n<meta name=\"robots\" content=\"index, follow, max-snippet:-1, max-image-preview:large, max-video-preview:-1\" \/>\n<link rel=\"canonical\" href=\"https:\/\/www.legislapp.com.br\/index.php\/cam-legislativa-de-mg-prl-1-0\/\" \/>\n<meta property=\"og:locale\" content=\"pt_BR\" \/>\n<meta property=\"og:type\" content=\"article\" \/>\n<meta property=\"og:title\" content=\"PRL 1\/0 - Julio Cesar Ribeiro - Legislapp\" \/>\n<meta property=\"og:description\" content=\"C\u00e2m. Legislativa de MG &#8211; Autoria de Julio Cesar Ribeiro Parecer do Relator, Dep. Julio Cesar Ribeiro (REPUBLIC-DF), pela aprova\u00e7\u00e3o. Disp\u00f5e sobre a isen\u00e7\u00e3o do pagamento de tarifa de ped\u00e1gio nas rodovias sob responsabilidade do Estado ao propriet\u00e1rio de ve\u00edculo que possua resid\u00eancia permanente ou exer\u00e7a atividade profissional permanente no pr\u00f3prio munic\u00edpio em que esteja [&hellip;]\" \/>\n<meta property=\"og:url\" content=\"https:\/\/www.legislapp.com.br\/index.php\/cam-legislativa-de-mg-prl-1-0\/\" \/>\n<meta property=\"og:site_name\" content=\"Legislapp\" \/>\n<meta property=\"article:publisher\" content=\"https:\/\/www.instagram.com\/legislapp\/\" \/>\n<meta property=\"og:image\" content=\"https:\/\/www.camara.leg.br\/internet\/deputado\/bandep\/204372.jpg\" \/>\n<meta name=\"twitter:card\" content=\"summary_large_image\" \/>\n<meta name=\"twitter:label1\" content=\"Est. tempo de leitura\" \/>\n\t<meta name=\"twitter:data1\" content=\"4 minutos\" \/>\n<script type=\"application\/ld+json\" class=\"yoast-schema-graph\">{\"@context\":\"https:\/\/schema.org\",\"@graph\":[{\"@type\":\"WebPage\",\"@id\":\"https:\/\/www.legislapp.com.br\/index.php\/cam-legislativa-de-mg-prl-1-0\/\",\"url\":\"https:\/\/www.legislapp.com.br\/index.php\/cam-legislativa-de-mg-prl-1-0\/\",\"name\":\"PRL 1\/0 - Julio Cesar Ribeiro - Legislapp\",\"isPartOf\":{\"@id\":\"https:\/\/www.legislapp.com.br\/#website\"},\"primaryImageOfPage\":{\"@id\":\"https:\/\/www.legislapp.com.br\/index.php\/cam-legislativa-de-mg-prl-1-0\/#primaryimage\"},\"image\":{\"@id\":\"https:\/\/www.legislapp.com.br\/index.php\/cam-legislativa-de-mg-prl-1-0\/#primaryimage\"},\"thumbnailUrl\":\"https:\/\/www.camara.leg.br\/internet\/deputado\/bandep\/204372.jpg\",\"datePublished\":\"2026-01-19T14:32:02+00:00\",\"breadcrumb\":{\"@id\":\"https:\/\/www.legislapp.com.br\/index.php\/cam-legislativa-de-mg-prl-1-0\/#breadcrumb\"},\"inLanguage\":\"pt-BR\",\"potentialAction\":[{\"@type\":\"ReadAction\",\"target\":[\"https:\/\/www.legislapp.com.br\/index.php\/cam-legislativa-de-mg-prl-1-0\/\"]}]},{\"@type\":\"ImageObject\",\"inLanguage\":\"pt-BR\",\"@id\":\"https:\/\/www.legislapp.com.br\/index.php\/cam-legislativa-de-mg-prl-1-0\/#primaryimage\",\"url\":\"https:\/\/www.camara.leg.br\/internet\/deputado\/bandep\/204372.jpg\",\"contentUrl\":\"https:\/\/www.camara.leg.br\/internet\/deputado\/bandep\/204372.jpg\"},{\"@type\":\"BreadcrumbList\",\"@id\":\"https:\/\/www.legislapp.com.br\/index.php\/cam-legislativa-de-mg-prl-1-0\/#breadcrumb\",\"itemListElement\":[{\"@type\":\"ListItem\",\"position\":1,\"name\":\"In\u00edcio\",\"item\":\"https:\/\/www.legislapp.com.br\/\"},{\"@type\":\"ListItem\",\"position\":2,\"name\":\"PRL 1\/0 &#8211; Julio Cesar Ribeiro\"}]},{\"@type\":\"WebSite\",\"@id\":\"https:\/\/www.legislapp.com.br\/#website\",\"url\":\"https:\/\/www.legislapp.com.br\/\",\"name\":\"Legislapp\",\"description\":\"Intelig\u00eancia governamental em tempo real\",\"publisher\":{\"@id\":\"https:\/\/www.legislapp.com.br\/#organization\"},\"potentialAction\":[{\"@type\":\"SearchAction\",\"target\":{\"@type\":\"EntryPoint\",\"urlTemplate\":\"https:\/\/www.legislapp.com.br\/?s={search_term_string}\"},\"query-input\":{\"@type\":\"PropertyValueSpecification\",\"valueRequired\":true,\"valueName\":\"search_term_string\"}}],\"inLanguage\":\"pt-BR\"},{\"@type\":\"Organization\",\"@id\":\"https:\/\/www.legislapp.com.br\/#organization\",\"name\":\"Legislapp Monitoramento e Intelig\u00eancia Governamental\",\"url\":\"https:\/\/www.legislapp.com.br\/\",\"logo\":{\"@type\":\"ImageObject\",\"inLanguage\":\"pt-BR\",\"@id\":\"https:\/\/www.legislapp.com.br\/#\/schema\/logo\/image\/\",\"url\":\"https:\/\/www.legislapp.com.br\/wp-content\/uploads\/icon.png\",\"contentUrl\":\"https:\/\/www.legislapp.com.br\/wp-content\/uploads\/icon.png\",\"width\":1024,\"height\":1024,\"caption\":\"Legislapp Monitoramento e Intelig\u00eancia Governamental\"},\"image\":{\"@id\":\"https:\/\/www.legislapp.com.br\/#\/schema\/logo\/image\/\"},\"sameAs\":[\"https:\/\/www.instagram.com\/legislapp\/\"]}]}<\/script>\n<!-- \/ Yoast SEO plugin. -->","yoast_head_json":{"title":"PRL 1\/0 - Julio Cesar Ribeiro - Legislapp","robots":{"index":"index","follow":"follow","max-snippet":"max-snippet:-1","max-image-preview":"max-image-preview:large","max-video-preview":"max-video-preview:-1"},"canonical":"https:\/\/www.legislapp.com.br\/index.php\/cam-legislativa-de-mg-prl-1-0\/","og_locale":"pt_BR","og_type":"article","og_title":"PRL 1\/0 - Julio Cesar Ribeiro - Legislapp","og_description":"C\u00e2m. Legislativa de MG &#8211; Autoria de Julio Cesar Ribeiro Parecer do Relator, Dep. Julio Cesar Ribeiro (REPUBLIC-DF), pela aprova\u00e7\u00e3o. Disp\u00f5e sobre a isen\u00e7\u00e3o do pagamento de tarifa de ped\u00e1gio nas rodovias sob responsabilidade do Estado ao propriet\u00e1rio de ve\u00edculo que possua resid\u00eancia permanente ou exer\u00e7a atividade profissional permanente no pr\u00f3prio munic\u00edpio em que esteja [&hellip;]","og_url":"https:\/\/www.legislapp.com.br\/index.php\/cam-legislativa-de-mg-prl-1-0\/","og_site_name":"Legislapp","article_publisher":"https:\/\/www.instagram.com\/legislapp\/","og_image":[{"url":"https:\/\/www.camara.leg.br\/internet\/deputado\/bandep\/204372.jpg","type":"","width":"","height":""}],"twitter_card":"summary_large_image","twitter_misc":{"Est. tempo de leitura":"4 minutos"},"schema":{"@context":"https:\/\/schema.org","@graph":[{"@type":"WebPage","@id":"https:\/\/www.legislapp.com.br\/index.php\/cam-legislativa-de-mg-prl-1-0\/","url":"https:\/\/www.legislapp.com.br\/index.php\/cam-legislativa-de-mg-prl-1-0\/","name":"PRL 1\/0 - Julio Cesar Ribeiro - Legislapp","isPartOf":{"@id":"https:\/\/www.legislapp.com.br\/#website"},"primaryImageOfPage":{"@id":"https:\/\/www.legislapp.com.br\/index.php\/cam-legislativa-de-mg-prl-1-0\/#primaryimage"},"image":{"@id":"https:\/\/www.legislapp.com.br\/index.php\/cam-legislativa-de-mg-prl-1-0\/#primaryimage"},"thumbnailUrl":"https:\/\/www.camara.leg.br\/internet\/deputado\/bandep\/204372.jpg","datePublished":"2026-01-19T14:32:02+00:00","breadcrumb":{"@id":"https:\/\/www.legislapp.com.br\/index.php\/cam-legislativa-de-mg-prl-1-0\/#breadcrumb"},"inLanguage":"pt-BR","potentialAction":[{"@type":"ReadAction","target":["https:\/\/www.legislapp.com.br\/index.php\/cam-legislativa-de-mg-prl-1-0\/"]}]},{"@type":"ImageObject","inLanguage":"pt-BR","@id":"https:\/\/www.legislapp.com.br\/index.php\/cam-legislativa-de-mg-prl-1-0\/#primaryimage","url":"https:\/\/www.camara.leg.br\/internet\/deputado\/bandep\/204372.jpg","contentUrl":"https:\/\/www.camara.leg.br\/internet\/deputado\/bandep\/204372.jpg"},{"@type":"BreadcrumbList","@id":"https:\/\/www.legislapp.com.br\/index.php\/cam-legislativa-de-mg-prl-1-0\/#breadcrumb","itemListElement":[{"@type":"ListItem","position":1,"name":"In\u00edcio","item":"https:\/\/www.legislapp.com.br\/"},{"@type":"ListItem","position":2,"name":"PRL 1\/0 &#8211; Julio Cesar Ribeiro"}]},{"@type":"WebSite","@id":"https:\/\/www.legislapp.com.br\/#website","url":"https:\/\/www.legislapp.com.br\/","name":"Legislapp","description":"Intelig\u00eancia governamental em tempo real","publisher":{"@id":"https:\/\/www.legislapp.com.br\/#organization"},"potentialAction":[{"@type":"SearchAction","target":{"@type":"EntryPoint","urlTemplate":"https:\/\/www.legislapp.com.br\/?s={search_term_string}"},"query-input":{"@type":"PropertyValueSpecification","valueRequired":true,"valueName":"search_term_string"}}],"inLanguage":"pt-BR"},{"@type":"Organization","@id":"https:\/\/www.legislapp.com.br\/#organization","name":"Legislapp Monitoramento e Intelig\u00eancia Governamental","url":"https:\/\/www.legislapp.com.br\/","logo":{"@type":"ImageObject","inLanguage":"pt-BR","@id":"https:\/\/www.legislapp.com.br\/#\/schema\/logo\/image\/","url":"https:\/\/www.legislapp.com.br\/wp-content\/uploads\/icon.png","contentUrl":"https:\/\/www.legislapp.com.br\/wp-content\/uploads\/icon.png","width":1024,"height":1024,"caption":"Legislapp Monitoramento e Intelig\u00eancia Governamental"},"image":{"@id":"https:\/\/www.legislapp.com.br\/#\/schema\/logo\/image\/"},"sameAs":["https:\/\/www.instagram.com\/legislapp\/"]}]}},"_links":{"self":[{"href":"https:\/\/www.legislapp.com.br\/index.php\/wp-json\/wp\/v2\/pages\/11123","targetHints":{"allow":["GET"]}}],"collection":[{"href":"https:\/\/www.legislapp.com.br\/index.php\/wp-json\/wp\/v2\/pages"}],"about":[{"href":"https:\/\/www.legislapp.com.br\/index.php\/wp-json\/wp\/v2\/types\/page"}],"author":[{"embeddable":true,"href":"https:\/\/www.legislapp.com.br\/index.php\/wp-json\/wp\/v2\/users\/1"}],"replies":[{"embeddable":true,"href":"https:\/\/www.legislapp.com.br\/index.php\/wp-json\/wp\/v2\/comments?post=11123"}],"version-history":[{"count":0,"href":"https:\/\/www.legislapp.com.br\/index.php\/wp-json\/wp\/v2\/pages\/11123\/revisions"}],"wp:attachment":[{"href":"https:\/\/www.legislapp.com.br\/index.php\/wp-json\/wp\/v2\/media?parent=11123"}],"curies":[{"name":"wp","href":"https:\/\/api.w.org\/{rel}","templated":true}]}}