{"id":11137,"date":"2026-01-19T11:32:52","date_gmt":"2026-01-19T14:32:52","guid":{"rendered":"https:\/\/www.legislapp.com.br\/index.php\/avulso-inicial-pl-5973-2025-camara\/"},"modified":"2026-01-19T11:32:52","modified_gmt":"2026-01-19T14:32:52","slug":"avulso-inicial-pl-5973-2025-camara","status":"publish","type":"page","link":"https:\/\/www.legislapp.com.br\/index.php\/avulso-inicial-pl-5973-2025-camara\/","title":{"rendered":"Avulso Inicial &#8211; PL 5973\/2025 &#8211; C\u00e2mara"},"content":{"rendered":"<h1 style='text-align: center;'>Avulso Inicial &#8211; Autoria de Alex Manente<\/h3>\n<p><\/p>\n<article>PROJETO DE LEI N\u00ba       , DE 2025<br \/>\nConfere ao Munic\u00edpio de Mar\u00edlia, no<br \/>\nEstado de S\u00e3o Paulo, o t\u00edtulo de Capital da<br \/>\nTecnologia e da Inova\u00e7\u00e3o.<br \/>\nO Congresso Nacional decreta:<br \/>\nArt. 1\u00ba Fica conferido ao Munic\u00edpio de Mar\u00edlia, no Estado de<br \/>\nS\u00e3o Paulo, o t\u00edtulo de Capital da Tecnologia e da Inova\u00e7\u00e3o.<br \/>\nArt. 2\u00ba Esta Lei entra em vigor na data de sua publica\u00e7\u00e3o.<br \/>\nJUSTIFICA\u00c7\u00c3O<br \/>\nNas \u00faltimas d\u00e9cadas, o munic\u00edpio de Mar\u00edlia, no Estado de S\u00e3o<br \/>\nPaulo, vem se consolidando como um importante polo tecnol\u00f3gico e de<br \/>\ninova\u00e7\u00e3o no interior paulista, com impactos diretos sobre o desenvolvimento<br \/>\necon\u00f4mico regional e nacional.<br \/>\nMar\u00edlia possui s\u00f3lida tradi\u00e7\u00e3o na produ\u00e7\u00e3o e industrializa\u00e7\u00e3o de<br \/>\nalimentos, reconhecida em todo o pa\u00eds. De acordo com o Instituto de Economia<br \/>\nAgr\u00edcola (IEA), o munic\u00edpio produz anualmente mais de 600 mil toneladas de<br \/>\nmilho e 300 mil toneladas de soja, al\u00e9m de mais de 50 mil toneladas de frutas<br \/>\nc\u00edtricas, como laranja e lim\u00e3o. Segundo o IBGE, Mar\u00edlia conta com cerca de<br \/>\n236 mil hectares de \u00e1rea rural, sendo 84% destinados \u00e0 agricultura, e possui<br \/>\num rebanho bovino de aproximadamente 180 mil cabe\u00e7as de gado. Esses<br \/>\nn\u00fameros confirmam sua posi\u00e7\u00e3o estrat\u00e9gica na seguran\u00e7a alimentar nacional e<br \/>\nsua relev\u00e2ncia como um dos principais polos agroindustriais do Estado de S\u00e3o<br \/>\nPaulo.<br \/>\nNos \u00faltimos anos, essa base produtiva passou a incorporar<br \/>\ntecnologias de automa\u00e7\u00e3o, rastreabilidade e agricultura de precis\u00e3o,<br \/>\npromovendo a integra\u00e7\u00e3o entre o agroneg\u00f3cio e o setor de tecnologia da<br \/>\ninforma\u00e7\u00e3o. Essa converg\u00eancia tem sido impulsionada pelo fortalecimento do<br \/>\nPara verificar a assinatura, acesse https:\/\/infoleg-autenticidade-assinatura.camara.leg.br\/CD255099308300<br \/>\nAssinado eletronicamente pelo(a) Dep. Alex Manente<br \/>\nApresenta\u00e7\u00e3o: 25\/11\/2025 20:00:07.170 &#8211; Mesa<br \/>\n*CD255099308300* PL n.5973\/2025<br \/>ecossistema de inova\u00e7\u00e3o de Mar\u00edlia, que hoje re\u00fane universidades, centros de<br \/>\npesquisa, parques tecnol\u00f3gicos, incubadoras, associa\u00e7\u00f5es empresariais e<br \/>\nambientes de inova\u00e7\u00e3o reconhecidos pelo Estado de S\u00e3o Paulo. Segundo<br \/>\ndados oficiais da prefeitura, Mar\u00edlia conta com aproximadamente 1531<br \/>\nempresas do segmento de tecnologia.<br \/>\nO munic\u00edpio apresenta duas Cadeias Produtivas Locais (CPL)<br \/>\nformalmente reconhecidas: uma de Alimentos e outra de Tecnologia da<br \/>\nInforma\u00e7\u00e3o (TI). Essa coexist\u00eancia evidencia a sinergia natural entre tradi\u00e7\u00e3o e<br \/>\ninova\u00e7\u00e3o, pilares que sustentam o desenvolvimento econ\u00f4mico da cidade e a<br \/>\ntornam exemplo de integra\u00e7\u00e3o entre setores produtivos tradicionais e<br \/>\nemergentes.<br \/>\nMar\u00edlia abriga um conjunto expressivo de institui\u00e7\u00f5es voltadas \u00e0<br \/>\nci\u00eancia, tecnologia e inova\u00e7\u00e3o, como:<br \/>\n1. a Universidade de Mar\u00edlia (UNIMAR), com seu Parque<br \/>\nTecnol\u00f3gico, o TecUnimar, o Laborat\u00f3rio de Intelig\u00eancia Artificial Aplicada, o<br \/>\nLIA e o Laborat\u00f3rio de Agricultura 4.0, o FarmLAB;<br \/>\n2. a Faculdade de Tecnologia de Mar\u00edlia, a FATEC Mar\u00edlia;<br \/>\n3. o Centro Universit\u00e1rio Eur\u00edpides de Mar\u00edlia (UNIVEM), com o<br \/>\nCentro Incubador de Empresas de Mar\u00edlia, o CIEM, e o Centro de Inova\u00e7\u00e3o<br \/>\nTecnol\u00f3gica de Mar\u00edlia, o CITec-Mar\u00edlia, al\u00e9m do Escrit\u00f3rio do Instituto<br \/>\nBrasileiro de Informa\u00e7\u00e3o em Ci\u00eancia e Tecnologia (IBICT), vinculado ao<br \/>\nMinist\u00e9rio da Ci\u00eancia, Tecnologia e Inova\u00e7\u00e3o (MCTI).<br \/>\nA cidade tamb\u00e9m \u00e9 pioneira no ensino superior em \u00e1reas<br \/>\nestrat\u00e9gicas da economia digital, abrigando o primeiro bacharelado em<br \/>\nIntelig\u00eancia Artificial do Estado de S\u00e3o Paulo e o segundo do Brasil, ofertado<br \/>\npela UNIMAR, com previs\u00e3o de formandos em 2029.<br \/>\nAl\u00e9m disso, o munic\u00edpio oferece cursos de Ciberseguran\u00e7a,<br \/>\nCi\u00eancia da Computa\u00e7\u00e3o e Desenvolvimento de Software Multiplataforma,<br \/>\ngarantindo a forma\u00e7\u00e3o de centenas de profissionais qualificados por ano,<br \/>\npreparados para atuar em setores tecnol\u00f3gicos de ponta.<br \/>\nPara verificar a assinatura, acesse https:\/\/infoleg-autenticidade-assinatura.camara.leg.br\/CD255099308300<br \/>\nAssinado eletronicamente pelo(a) Dep. Alex Manente<br \/>\nApresenta\u00e7\u00e3o: 25\/11\/2025 20:00:07.170 &#8211; Mesa<br \/>\n*CD255099308300* PL n.5973\/2025<br \/>Esses ambientes sustentam a forma\u00e7\u00e3o de talentos, fomentam<br \/>\no empreendedorismo e fortalecem a atra\u00e7\u00e3o de investimentos no setor<br \/>\ntecnol\u00f3gico.<br \/>\nO Conselho Municipal de Ci\u00eancia, Tecnologia e Inova\u00e7\u00e3o<br \/>\n(COMCITI), a Associa\u00e7\u00e3o de Empresas de Servi\u00e7os de Tecnologia da<br \/>\nInforma\u00e7\u00e3o (ASSERTI) e o Conselho de Desenvolvimento Estrat\u00e9gico de<br \/>\nMar\u00edlia (CODEM) atuam de forma integrada ao poder p\u00fablico municipal,<br \/>\nuniversidades e entidades empresariais, compondo um modelo de governan\u00e7a<br \/>\nalinhado \u00e0 qu\u00e1drupla h\u00e9lice da inova\u00e7\u00e3o, que conecta governo, academia,<br \/>\nempresas e sociedade.<br \/>\nA cidade conta ainda com mais de cinco ambientes de<br \/>\ninova\u00e7\u00e3o mapeados, entre eles o Parque Tecnol\u00f3gico TecUnimar, o Centro de<br \/>\nInova\u00e7\u00e3o Tecnol\u00f3gica (CITec-Mar\u00edlia), o Centro Incubador de Empresas (CIEM)<br \/>\ne o ambiente Connect ACIM (que re\u00fane empreendedores, startups, governo,<br \/>\ninstitui\u00e7\u00e3o de pesquisa e sociedade, constituindo-se em um ecossistema de<br \/>\ninova\u00e7\u00e3o do munic\u00edpio de Mar\u00edlia), de iniciativa da Associa\u00e7\u00e3o Comercial e de<br \/>\nInova\u00e7\u00e3o de Mar\u00edlia (ACIM). Tais espa\u00e7os contribuem para o surgimento e<br \/>\ncrescimento de startups e empresas de base tecnol\u00f3gica, fortalecendo o papel<br \/>\nde Mar\u00edlia como refer\u00eancia regional em inova\u00e7\u00e3o.<br \/>\nPortanto, ao reconhecer Mar\u00edlia como Capital da Tecnologia e<br \/>\nda Inova\u00e7\u00e3o, estaremos reafirmando a relev\u00e2ncia hist\u00f3rica da cidade no seu<br \/>\npapel crescente como refer\u00eancia na transforma\u00e7\u00e3o digital, na economia do<br \/>\nconhecimento e na integra\u00e7\u00e3o entre produ\u00e7\u00e3o, tecnologia e sustentabilidade.<br \/>\nA medida refor\u00e7a o simbolismo de Mar\u00edlia\/SP como um<br \/>\nterrit\u00f3rio onde o alimento e a tecnologia se encontram para gerar valor,<br \/>\nemprego, desenvolvimento e inova\u00e7\u00e3o, inspirando outras regi\u00f5es do Brasil a<br \/>\ntrilhar o mesmo caminho de diversifica\u00e7\u00e3o e moderniza\u00e7\u00e3o produtiva.<br \/>\nSala das Sess\u00f5es, em        de novembro de 2025.<br \/>\nDeputado Alex Manente<br \/>\nCIDADANIA\/SP<br \/>\nPara verificar a assinatura, acesse https:\/\/infoleg-autenticidade-assinatura.camara.leg.br\/CD255099308300<br \/>\nAssinado eletronicamente pelo(a) Dep. Alex Manente<br \/>\nApresenta\u00e7\u00e3o: 25\/11\/2025 20:00:07.170 &#8211; Mesa<br \/>\n*CD255099308300* PL n.5973\/2025<\/article>\n<p><a href='https:\/\/app.legislapp.com.br\/#\/busca?termo=T\u00edtulo de Capital Nacional'>T\u00edtulo de Capital Nacional<\/a>, <a href='https:\/\/app.legislapp.com.br\/#\/busca?termo=Capital da Tecnologia e da Inova\u00e7\u00e3o'>Capital da Tecnologia e da Inova\u00e7\u00e3o<\/a>, <a href='https:\/\/app.legislapp.com.br\/#\/busca?termo=Mar\u00edlia (SP)'>Mar\u00edlia (SP)<\/a>, <a href='https:\/\/app.legislapp.com.br\/#\/busca?termo=S\u00e3o Paulo (Estado)'>S\u00e3o Paulo (Estado)<\/a>, <a href='https:\/\/app.legislapp.com.br\/#\/busca?termo=t\u00edtulo de top\u00f4nimo.'>t\u00edtulo de top\u00f4nimo.<\/a><\/p>\n<div style=\"text-align: center\">\n      <img decoding=\"async\" style=\"width: 14%;\" src=\"https:\/\/www.legislapp.com.br\/wp-content\/uploads\/2021\/07\/Logo-Legislapp-1-03-1.png\"><br \/>\n      <\/p>\n<div style=\"margin-bottom: 20px;\" class=\"et_pb_button_module_wrapper et_pb_button_5_tb_body_wrapper et_pb_button_alignment_center et_pb_module \">\n         <a class=\"et_pb_button et_pb_button_5_tb_body et_hover_enabled et_pb_bg_layout_dark\" style=\"width: 50%;background-color: black;\" href=\"https:\/\/app.legislapp.com.br\" target=\"_blank\" rel=\"noopener\">Visualizar completo na nossa plataforma (30 dias gr\u00e1tis)<\/a><\/p><\/div>\n<p>      <a href=\"https:\/\/play.google.com\/store\/apps\/details?id=br.com.legislapp\"><img decoding=\"async\" style=\"width: 15%; min-width: 130px;\" src=\"https:\/\/www.legislapp.com.br\/wp-content\/uploads\/google-play.png\"><\/a><br \/>\n      <a href=\"https:\/\/apps.apple.com\/us\/app\/legislapp\/id1568929859\"><img decoding=\"async\" style=\"width: 15%; min-width: 130px\" src=\"https:\/\/www.legislapp.com.br\/wp-content\/uploads\/apple-store.png\"><\/a>\n   <\/div>\n","protected":false},"excerpt":{"rendered":"<p>Avulso Inicial &#8211; Autoria de Alex Manente PROJETO DE LEI N\u00ba , DE 2025 Confere ao Munic\u00edpio de Mar\u00edlia, no Estado de S\u00e3o Paulo, o t\u00edtulo de Capital da Tecnologia e da Inova\u00e7\u00e3o. O Congresso Nacional decreta: Art. 1\u00ba Fica conferido ao Munic\u00edpio de Mar\u00edlia, no Estado de S\u00e3o Paulo, o t\u00edtulo de Capital da [&hellip;]<\/p>\n","protected":false},"author":1,"featured_media":0,"parent":0,"menu_order":0,"comment_status":"closed","ping_status":"closed","template":"page-template-blank.php","meta":{"_et_pb_use_builder":"","_et_pb_old_content":"","_et_gb_content_width":"1080","ngg_post_thumbnail":0,"footnotes":""},"class_list":["post-11137","page","type-page","status-publish","hentry"],"yoast_head":"<!-- This site is optimized with the Yoast SEO plugin v24.4 - https:\/\/yoast.com\/wordpress\/plugins\/seo\/ -->\n<title>Avulso Inicial - PL 5973\/2025 - C\u00e2mara - Legislapp<\/title>\n<meta name=\"robots\" content=\"index, follow, max-snippet:-1, max-image-preview:large, max-video-preview:-1\" \/>\n<link rel=\"canonical\" href=\"https:\/\/www.legislapp.com.br\/index.php\/avulso-inicial-pl-5973-2025-camara\/\" \/>\n<meta property=\"og:locale\" content=\"pt_BR\" \/>\n<meta property=\"og:type\" content=\"article\" \/>\n<meta property=\"og:title\" content=\"Avulso Inicial - PL 5973\/2025 - C\u00e2mara - Legislapp\" \/>\n<meta property=\"og:description\" content=\"Avulso Inicial &#8211; Autoria de Alex Manente PROJETO DE LEI N\u00ba , DE 2025 Confere ao Munic\u00edpio de Mar\u00edlia, no Estado de S\u00e3o Paulo, o t\u00edtulo de Capital da Tecnologia e da Inova\u00e7\u00e3o. O Congresso Nacional decreta: Art. 1\u00ba Fica conferido ao Munic\u00edpio de Mar\u00edlia, no Estado de S\u00e3o Paulo, o t\u00edtulo de Capital da [&hellip;]\" \/>\n<meta property=\"og:url\" content=\"https:\/\/www.legislapp.com.br\/index.php\/avulso-inicial-pl-5973-2025-camara\/\" \/>\n<meta property=\"og:site_name\" content=\"Legislapp\" \/>\n<meta property=\"article:publisher\" content=\"https:\/\/www.instagram.com\/legislapp\/\" \/>\n<meta property=\"og:image\" content=\"https:\/\/www.legislapp.com.br\/wp-content\/uploads\/2021\/07\/Logo-Legislapp-1-03-1.png\" \/>\n<meta name=\"twitter:card\" content=\"summary_large_image\" \/>\n<meta name=\"twitter:label1\" content=\"Est. tempo de leitura\" \/>\n\t<meta name=\"twitter:data1\" content=\"5 minutos\" \/>\n<script type=\"application\/ld+json\" class=\"yoast-schema-graph\">{\"@context\":\"https:\/\/schema.org\",\"@graph\":[{\"@type\":\"WebPage\",\"@id\":\"https:\/\/www.legislapp.com.br\/index.php\/avulso-inicial-pl-5973-2025-camara\/\",\"url\":\"https:\/\/www.legislapp.com.br\/index.php\/avulso-inicial-pl-5973-2025-camara\/\",\"name\":\"Avulso Inicial - PL 5973\/2025 - C\u00e2mara - Legislapp\",\"isPartOf\":{\"@id\":\"https:\/\/www.legislapp.com.br\/#website\"},\"primaryImageOfPage\":{\"@id\":\"https:\/\/www.legislapp.com.br\/index.php\/avulso-inicial-pl-5973-2025-camara\/#primaryimage\"},\"image\":{\"@id\":\"https:\/\/www.legislapp.com.br\/index.php\/avulso-inicial-pl-5973-2025-camara\/#primaryimage\"},\"thumbnailUrl\":\"https:\/\/www.legislapp.com.br\/wp-content\/uploads\/2021\/07\/Logo-Legislapp-1-03-1.png\",\"datePublished\":\"2026-01-19T14:32:52+00:00\",\"breadcrumb\":{\"@id\":\"https:\/\/www.legislapp.com.br\/index.php\/avulso-inicial-pl-5973-2025-camara\/#breadcrumb\"},\"inLanguage\":\"pt-BR\",\"potentialAction\":[{\"@type\":\"ReadAction\",\"target\":[\"https:\/\/www.legislapp.com.br\/index.php\/avulso-inicial-pl-5973-2025-camara\/\"]}]},{\"@type\":\"ImageObject\",\"inLanguage\":\"pt-BR\",\"@id\":\"https:\/\/www.legislapp.com.br\/index.php\/avulso-inicial-pl-5973-2025-camara\/#primaryimage\",\"url\":\"https:\/\/www.legislapp.com.br\/wp-content\/uploads\/2021\/07\/Logo-Legislapp-1-03-1.png\",\"contentUrl\":\"https:\/\/www.legislapp.com.br\/wp-content\/uploads\/2021\/07\/Logo-Legislapp-1-03-1.png\",\"width\":2679,\"height\":2697},{\"@type\":\"BreadcrumbList\",\"@id\":\"https:\/\/www.legislapp.com.br\/index.php\/avulso-inicial-pl-5973-2025-camara\/#breadcrumb\",\"itemListElement\":[{\"@type\":\"ListItem\",\"position\":1,\"name\":\"In\u00edcio\",\"item\":\"https:\/\/www.legislapp.com.br\/\"},{\"@type\":\"ListItem\",\"position\":2,\"name\":\"Avulso Inicial &#8211; PL 5973\/2025 &#8211; C\u00e2mara\"}]},{\"@type\":\"WebSite\",\"@id\":\"https:\/\/www.legislapp.com.br\/#website\",\"url\":\"https:\/\/www.legislapp.com.br\/\",\"name\":\"Legislapp\",\"description\":\"Intelig\u00eancia governamental em tempo real\",\"publisher\":{\"@id\":\"https:\/\/www.legislapp.com.br\/#organization\"},\"potentialAction\":[{\"@type\":\"SearchAction\",\"target\":{\"@type\":\"EntryPoint\",\"urlTemplate\":\"https:\/\/www.legislapp.com.br\/?s={search_term_string}\"},\"query-input\":{\"@type\":\"PropertyValueSpecification\",\"valueRequired\":true,\"valueName\":\"search_term_string\"}}],\"inLanguage\":\"pt-BR\"},{\"@type\":\"Organization\",\"@id\":\"https:\/\/www.legislapp.com.br\/#organization\",\"name\":\"Legislapp Monitoramento e Intelig\u00eancia Governamental\",\"url\":\"https:\/\/www.legislapp.com.br\/\",\"logo\":{\"@type\":\"ImageObject\",\"inLanguage\":\"pt-BR\",\"@id\":\"https:\/\/www.legislapp.com.br\/#\/schema\/logo\/image\/\",\"url\":\"https:\/\/www.legislapp.com.br\/wp-content\/uploads\/icon.png\",\"contentUrl\":\"https:\/\/www.legislapp.com.br\/wp-content\/uploads\/icon.png\",\"width\":1024,\"height\":1024,\"caption\":\"Legislapp Monitoramento e Intelig\u00eancia Governamental\"},\"image\":{\"@id\":\"https:\/\/www.legislapp.com.br\/#\/schema\/logo\/image\/\"},\"sameAs\":[\"https:\/\/www.instagram.com\/legislapp\/\"]}]}<\/script>\n<!-- \/ Yoast SEO plugin. -->","yoast_head_json":{"title":"Avulso Inicial - PL 5973\/2025 - C\u00e2mara - Legislapp","robots":{"index":"index","follow":"follow","max-snippet":"max-snippet:-1","max-image-preview":"max-image-preview:large","max-video-preview":"max-video-preview:-1"},"canonical":"https:\/\/www.legislapp.com.br\/index.php\/avulso-inicial-pl-5973-2025-camara\/","og_locale":"pt_BR","og_type":"article","og_title":"Avulso Inicial - PL 5973\/2025 - C\u00e2mara - Legislapp","og_description":"Avulso Inicial &#8211; Autoria de Alex Manente PROJETO DE LEI N\u00ba , DE 2025 Confere ao Munic\u00edpio de Mar\u00edlia, no Estado de S\u00e3o Paulo, o t\u00edtulo de Capital da Tecnologia e da Inova\u00e7\u00e3o. O Congresso Nacional decreta: Art. 1\u00ba Fica conferido ao Munic\u00edpio de Mar\u00edlia, no Estado de S\u00e3o Paulo, o t\u00edtulo de Capital da [&hellip;]","og_url":"https:\/\/www.legislapp.com.br\/index.php\/avulso-inicial-pl-5973-2025-camara\/","og_site_name":"Legislapp","article_publisher":"https:\/\/www.instagram.com\/legislapp\/","og_image":[{"url":"https:\/\/www.legislapp.com.br\/wp-content\/uploads\/2021\/07\/Logo-Legislapp-1-03-1.png","type":"","width":"","height":""}],"twitter_card":"summary_large_image","twitter_misc":{"Est. tempo de leitura":"5 minutos"},"schema":{"@context":"https:\/\/schema.org","@graph":[{"@type":"WebPage","@id":"https:\/\/www.legislapp.com.br\/index.php\/avulso-inicial-pl-5973-2025-camara\/","url":"https:\/\/www.legislapp.com.br\/index.php\/avulso-inicial-pl-5973-2025-camara\/","name":"Avulso Inicial - PL 5973\/2025 - C\u00e2mara - Legislapp","isPartOf":{"@id":"https:\/\/www.legislapp.com.br\/#website"},"primaryImageOfPage":{"@id":"https:\/\/www.legislapp.com.br\/index.php\/avulso-inicial-pl-5973-2025-camara\/#primaryimage"},"image":{"@id":"https:\/\/www.legislapp.com.br\/index.php\/avulso-inicial-pl-5973-2025-camara\/#primaryimage"},"thumbnailUrl":"https:\/\/www.legislapp.com.br\/wp-content\/uploads\/2021\/07\/Logo-Legislapp-1-03-1.png","datePublished":"2026-01-19T14:32:52+00:00","breadcrumb":{"@id":"https:\/\/www.legislapp.com.br\/index.php\/avulso-inicial-pl-5973-2025-camara\/#breadcrumb"},"inLanguage":"pt-BR","potentialAction":[{"@type":"ReadAction","target":["https:\/\/www.legislapp.com.br\/index.php\/avulso-inicial-pl-5973-2025-camara\/"]}]},{"@type":"ImageObject","inLanguage":"pt-BR","@id":"https:\/\/www.legislapp.com.br\/index.php\/avulso-inicial-pl-5973-2025-camara\/#primaryimage","url":"https:\/\/www.legislapp.com.br\/wp-content\/uploads\/2021\/07\/Logo-Legislapp-1-03-1.png","contentUrl":"https:\/\/www.legislapp.com.br\/wp-content\/uploads\/2021\/07\/Logo-Legislapp-1-03-1.png","width":2679,"height":2697},{"@type":"BreadcrumbList","@id":"https:\/\/www.legislapp.com.br\/index.php\/avulso-inicial-pl-5973-2025-camara\/#breadcrumb","itemListElement":[{"@type":"ListItem","position":1,"name":"In\u00edcio","item":"https:\/\/www.legislapp.com.br\/"},{"@type":"ListItem","position":2,"name":"Avulso Inicial &#8211; PL 5973\/2025 &#8211; C\u00e2mara"}]},{"@type":"WebSite","@id":"https:\/\/www.legislapp.com.br\/#website","url":"https:\/\/www.legislapp.com.br\/","name":"Legislapp","description":"Intelig\u00eancia governamental em tempo real","publisher":{"@id":"https:\/\/www.legislapp.com.br\/#organization"},"potentialAction":[{"@type":"SearchAction","target":{"@type":"EntryPoint","urlTemplate":"https:\/\/www.legislapp.com.br\/?s={search_term_string}"},"query-input":{"@type":"PropertyValueSpecification","valueRequired":true,"valueName":"search_term_string"}}],"inLanguage":"pt-BR"},{"@type":"Organization","@id":"https:\/\/www.legislapp.com.br\/#organization","name":"Legislapp Monitoramento e Intelig\u00eancia Governamental","url":"https:\/\/www.legislapp.com.br\/","logo":{"@type":"ImageObject","inLanguage":"pt-BR","@id":"https:\/\/www.legislapp.com.br\/#\/schema\/logo\/image\/","url":"https:\/\/www.legislapp.com.br\/wp-content\/uploads\/icon.png","contentUrl":"https:\/\/www.legislapp.com.br\/wp-content\/uploads\/icon.png","width":1024,"height":1024,"caption":"Legislapp Monitoramento e Intelig\u00eancia Governamental"},"image":{"@id":"https:\/\/www.legislapp.com.br\/#\/schema\/logo\/image\/"},"sameAs":["https:\/\/www.instagram.com\/legislapp\/"]}]}},"_links":{"self":[{"href":"https:\/\/www.legislapp.com.br\/index.php\/wp-json\/wp\/v2\/pages\/11137","targetHints":{"allow":["GET"]}}],"collection":[{"href":"https:\/\/www.legislapp.com.br\/index.php\/wp-json\/wp\/v2\/pages"}],"about":[{"href":"https:\/\/www.legislapp.com.br\/index.php\/wp-json\/wp\/v2\/types\/page"}],"author":[{"embeddable":true,"href":"https:\/\/www.legislapp.com.br\/index.php\/wp-json\/wp\/v2\/users\/1"}],"replies":[{"embeddable":true,"href":"https:\/\/www.legislapp.com.br\/index.php\/wp-json\/wp\/v2\/comments?post=11137"}],"version-history":[{"count":0,"href":"https:\/\/www.legislapp.com.br\/index.php\/wp-json\/wp\/v2\/pages\/11137\/revisions"}],"wp:attachment":[{"href":"https:\/\/www.legislapp.com.br\/index.php\/wp-json\/wp\/v2\/media?parent=11137"}],"curies":[{"name":"wp","href":"https:\/\/api.w.org\/{rel}","templated":true}]}}