{"id":11153,"date":"2026-01-19T11:34:11","date_gmt":"2026-01-19T14:34:11","guid":{"rendered":"https:\/\/www.legislapp.com.br\/index.php\/avulso-inicial-pl-6119-2025-camara\/"},"modified":"2026-01-19T11:34:11","modified_gmt":"2026-01-19T14:34:11","slug":"avulso-inicial-pl-6119-2025-camara","status":"publish","type":"page","link":"https:\/\/www.legislapp.com.br\/index.php\/avulso-inicial-pl-6119-2025-camara\/","title":{"rendered":"Avulso Inicial &#8211; PL 6119\/2025 &#8211; C\u00e2mara"},"content":{"rendered":"<h1 style='text-align: center;'>Avulso Inicial &#8211; Autoria de Amom Mandel<\/h3>\n<p><\/p>\n<article> C\u00c2MARA DOS DEPUTADOS<br \/>\n Gabinete do Deputado Federal AMOM MANDEL \u2013 CIDADANIA\/AM<br \/>\nPROJETO DE LEI N\u00ba      , DE 2025<br \/>\n(Do Sr. AMOM MANDEL)<br \/>\nInstitui a Pol\u00edtica Nacional de<br \/>\nConscientiza\u00e7\u00e3o sobre o Transtorno da<br \/>\nLinguagem e d\u00e1 outras provid\u00eancias.<br \/>\nO CONGRESSO NACIONAL decreta:<br \/>\nArt. 1\u00ba Fica institu\u00edda a Pol\u00edtica Nacional de Conscientiza\u00e7\u00e3o sobre o<br \/>\nTranstorno da Linguagem, destinada a promover a informa\u00e7\u00e3o, a educa\u00e7\u00e3o, o<br \/>\ndiagn\u00f3stico precoce e a inclus\u00e3o social das pessoas com esse transtorno em todo o<br \/>\nterrit\u00f3rio nacional.<br \/>\nArt. 2\u00ba S\u00e3o objetivos da Pol\u00edtica Nacional de Conscientiza\u00e7\u00e3o sobre o<br \/>\nTranstorno da Linguagem:<br \/>\nI \u2013 difundir informa\u00e7\u00f5es cient\u00edficas e acess\u00edveis sobre o transtorno da<br \/>\nlinguagem, reduzindo estigmas e preconceitos;<br \/>\nII \u2013 promover campanhas educativas em escolas, servi\u00e7os de sa\u00fade,<br \/>\nmeios de comunica\u00e7\u00e3o e demais espa\u00e7os p\u00fablicos e comunit\u00e1rios;<br \/>\nIII \u2013 estimular a forma\u00e7\u00e3o e a capacita\u00e7\u00e3o de profissionais da sa\u00fade e da<br \/>\neduca\u00e7\u00e3o para o diagn\u00f3stico precoce e o atendimento adequado;<br \/>\nIV \u2013 apoiar e fortalecer pesquisas acad\u00eamicas e cient\u00edficas sobre o<br \/>\ntranstorno da linguagem e suas implica\u00e7\u00f5es sociais, educacionais e de sa\u00fade;<br \/>\n___________________________________________________________________________<br \/>\nC\u00e2mara dos Deputados | Anexo IV Gabinete 760 | \u2013 CEP: 70160-900 \u2013<br \/>\nBras\u00edlia-DF<br \/>\nTel (61) 3215-5760 | dep.amommandel@camara.leg.br<br \/>\nPara verificar a assinatura, acesse https:\/\/infoleg-autenticidade-assinatura.camara.leg.br\/CD252430537600<br \/>\nAssinado eletronicamente pelo(a) Dep. Amom Mandel<br \/>\nApresenta\u00e7\u00e3o: 02\/12\/2025 20:20:17.337 &#8211; Mesa<br \/>\n*CD252430537600* PL n.6119\/2025<br \/> C\u00c2MARA DOS DEPUTADOS<br \/>\n Gabinete do Deputado Federal AMOM MANDEL \u2013 CIDADANIA\/AM<br \/>\nV \u2013 incentivar a produ\u00e7\u00e3o e a dissemina\u00e7\u00e3o de materiais did\u00e1ticos e<br \/>\ninformativos em linguagem acess\u00edvel, inclusiva e adaptada a diferentes p\u00fablicos;<br \/>\nVI \u2013 fomentar a articula\u00e7\u00e3o entre Uni\u00e3o, Estados, Distrito Federal e<br \/>\nMunic\u00edpios para a implementa\u00e7\u00e3o de pol\u00edticas intersetoriais de apoio \u00e0s pessoas com<br \/>\ntranstorno da linguagem e suas fam\u00edlias.<br \/>\nArt. 3\u00ba A terceira sexta-feira do m\u00eas de outubro passa a ser o Dia<br \/>\nNacional de Conscientiza\u00e7\u00e3o sobre o Transtorno da Linguagem, integrando o<br \/>\ncalend\u00e1rio oficial de eventos do Pa\u00eds e servindo como marco anual para intensifica\u00e7\u00e3o<br \/>\ndas a\u00e7\u00f5es da pol\u00edtica institu\u00edda por esta Lei.<br \/>\nArt. 4\u00ba O Poder Executivo regulamentar\u00e1 esta Lei, definindo as<br \/>\nresponsabilidades dos \u00f3rg\u00e3os competentes, mecanismos de financiamento e formas de<br \/>\nmonitoramento e avalia\u00e7\u00e3o das a\u00e7\u00f5es.<br \/>\nArt. 5\u00ba Esta Lei entra em vigor na data de sua publica\u00e7\u00e3o.<br \/>\nJUSTIFICA\u00c7\u00c3O<br \/>\nO transtorno da linguagem se caracteriza pela dificuldade persistente na<br \/>\naquisi\u00e7\u00e3o e no uso da linguagem em suas diversas modalidades (falada, escrita,<br \/>\nlinguagem de sinais ou outra) devido a d\u00e9ficits na sua produ\u00e7\u00e3o (emiss\u00e3o) e\/ou<br \/>\ncompreens\u00e3o (recep\u00e7\u00e3o).<br \/>\nConforme o DSM-5, o transtorno da linguagem faz parte do grupo dos<br \/>\ntranstornos da comunica\u00e7\u00e3o, que inclui ainda o transtorno da fala, o transtorno da<br \/>\n___________________________________________________________________________<br \/>\nC\u00e2mara dos Deputados | Anexo IV Gabinete 760 | \u2013 CEP: 70160-900 \u2013<br \/>\nBras\u00edlia-DF<br \/>\nTel (61) 3215-5760 | dep.amommandel@camara.leg.br<br \/>\nPara verificar a assinatura, acesse https:\/\/infoleg-autenticidade-assinatura.camara.leg.br\/CD252430537600<br \/>\nAssinado eletronicamente pelo(a) Dep. Amom Mandel<br \/>\nApresenta\u00e7\u00e3o: 02\/12\/2025 20:20:17.337 &#8211; Mesa<br \/>\n*CD252430537600* PL n.6119\/2025<br \/> C\u00c2MARA DOS DEPUTADOS<br \/>\n Gabinete do Deputado Federal AMOM MANDEL \u2013 CIDADANIA\/AM<br \/>\nflu\u00eancia com in\u00edcio na inf\u00e2ncia (gagueira), o transtorno da comunica\u00e7\u00e3o social<br \/>\n(pragm\u00e1tica) e os transtornos da comunica\u00e7\u00e3o n\u00e3o especificados.<br \/>\nFala \u00e9 a produ\u00e7\u00e3o expressiva de sons e inclui a articula\u00e7\u00e3o, a flu\u00eancia, a voz<br \/>\ne a qualidade da resson\u00e2ncia de um indiv\u00edduo. Linguagem inclui a forma, a fun\u00e7\u00e3o e o<br \/>\nuso de um sistema convencional de s\u00edmbolos (palavras faladas, linguagem de sinais,<br \/>\npalavras escritas, figuras), com um conjunto de regras para a comunica\u00e7\u00e3o.<br \/>\nComunica\u00e7\u00e3o inclui todo comportamento verbal e n\u00e3o verbal (intencional ou n\u00e3o) que<br \/>\ninfluencia o comportamento, as ideias ou as atitudes de outro indiv\u00edduo.<br \/>\nOs transtornos da comunica\u00e7\u00e3o, por sua vez, s\u00e3o classificados dentro do<br \/>\ngrupo dos transtornos do neurodesenvolvimento, que inclui tamb\u00e9m as defici\u00eancias<br \/>\nintelectuais, o transtorno do espectro autista, o transtorno de d\u00e9ficit de<br \/>\naten\u00e7\u00e3o\/hiperatividade, dentre outros. Embora n\u00e3o se confundam com estes, \u00e9<br \/>\nrelativamente comum a associa\u00e7\u00e3o do transtorno da linguagem com outros transtornos<br \/>\ndo neurodesenvolvimento como o TEA e o TDAH, o que pode dificultar seu diagn\u00f3stico.<br \/>\nD\u00e9ficits na compreens\u00e3o da linguagem podem ser subestimados, uma vez que as<br \/>\ncrian\u00e7as podem compensar o d\u00e9ficit na linguagem pela utiliza\u00e7\u00e3o do contexto para<br \/>\ninferir sentido.<br \/>\n\u00c9 preciso ainda ressaltar a elevada preval\u00eancia do transtorno da linguagem,<br \/>\nestimada em cerca de 7% da popula\u00e7\u00e3o, o que representa mais que o dobro da<br \/>\npreval\u00eancia do TEA ou do TDAH. Portanto, \u00e9 fundamental que os pais e profissionais<br \/>\nque lidam com crian\u00e7as na primeira inf\u00e2ncia estejam atentos a essas altera\u00e7\u00f5es.<br \/>\nNo Brasil, a falta de informa\u00e7\u00e3o e de pol\u00edticas estruturadas gera atraso no<br \/>\nreconhecimento dos sintomas e limita as oportunidades de inclus\u00e3o educacional e<br \/>\nsocial. A invisibilidade do transtorno perpetua estigmas e preconceitos, prejudicando<br \/>\nfam\u00edlias que, por desconhecimento ou aus\u00eancia de apoio institucional, enfrentam<br \/>\ndificuldades para buscar tratamento e garantir direitos b\u00e1sicos.<br \/>\n___________________________________________________________________________<br \/>\nC\u00e2mara dos Deputados | Anexo IV Gabinete 760 | \u2013 CEP: 70160-900 \u2013<br \/>\nBras\u00edlia-DF<br \/>\nTel (61) 3215-5760 | dep.amommandel@camara.leg.br<br \/>\nPara verificar a assinatura, acesse https:\/\/infoleg-autenticidade-assinatura.camara.leg.br\/CD252430537600<br \/>\nAssinado eletronicamente pelo(a) Dep. Amom Mandel<br \/>\nApresenta\u00e7\u00e3o: 02\/12\/2025 20:20:17.337 &#8211; Mesa<br \/>\n*CD252430537600* PL n.6119\/2025<br \/> C\u00c2MARA DOS DEPUTADOS<br \/>\n Gabinete do Deputado Federal AMOM MANDEL \u2013 CIDADANIA\/AM<br \/>\nA presente proposi\u00e7\u00e3o, ao instituir a Pol\u00edtica Nacional de Conscientiza\u00e7\u00e3o<br \/>\nsobre o Transtorno da Linguagem, pretende ir al\u00e9m de uma data comemorativa,<br \/>\ncriando diretrizes permanentes que orientem a a\u00e7\u00e3o do poder p\u00fablico em parceria com<br \/>\ninstitui\u00e7\u00f5es educacionais, servi\u00e7os de sa\u00fade, organiza\u00e7\u00f5es da sociedade civil e meios<br \/>\nde comunica\u00e7\u00e3o.<br \/>\nEntre os objetivos centrais da pol\u00edtica est\u00e3o a difus\u00e3o de informa\u00e7\u00f5es<br \/>\nacess\u00edveis, a capacita\u00e7\u00e3o de profissionais, a realiza\u00e7\u00e3o de campanhas educativas, o<br \/>\nest\u00edmulo \u00e0 pesquisa cient\u00edfica e a articula\u00e7\u00e3o federativa para a implementa\u00e7\u00e3o de<br \/>\npol\u00edticas intersetoriais. Tais medidas s\u00e3o fundamentais para assegurar o diagn\u00f3stico<br \/>\nprecoce, o atendimento adequado e a redu\u00e7\u00e3o das desigualdades que afetam as<br \/>\npessoas com transtorno da linguagem.<br \/>\nAssim, propomos tamb\u00e9m a institui\u00e7\u00e3o do dia de conscientiza\u00e7\u00e3o sobre o<br \/>\ntranstorno da linguagem, a ser celebrado anualmente na terceira sexta-feira do m\u00eas de<br \/>\noutubro, conforme ocorre mundialmente, com a realiza\u00e7\u00e3o de a\u00e7\u00f5es educativas durante<br \/>\ntoda essa semana.<br \/>\nAssim, a aprova\u00e7\u00e3o deste projeto representar\u00e1 um avan\u00e7o significativo para<br \/>\na sa\u00fade, a educa\u00e7\u00e3o e a inclus\u00e3o social no Brasil, garantindo maior visibilidade ao<br \/>\ntema e melhores condi\u00e7\u00f5es de desenvolvimento para milhares de brasileiros que<br \/>\nconvivem com o transtorno da linguagem e suas fam\u00edlias.<br \/>\nDiante do exposto, pe\u00e7o a meus nobres Pares o apoio para a aprova\u00e7\u00e3o<br \/>\ndeste projeto de lei.<br \/>\nSala das Sess\u00f5es, em        de                     de 2025.<br \/>\n___________________________________________________________________________<br \/>\nC\u00e2mara dos Deputados | Anexo IV Gabinete 760 | \u2013 CEP: 70160-900 \u2013<br \/>\nBras\u00edlia-DF<br \/>\nTel (61) 3215-5760 | dep.amommandel@camara.leg.br<br \/>\nPara verificar a assinatura, acesse https:\/\/infoleg-autenticidade-assinatura.camara.leg.br\/CD252430537600<br \/>\nAssinado eletronicamente pelo(a) Dep. Amom Mandel<br \/>\nApresenta\u00e7\u00e3o: 02\/12\/2025 20:20:17.337 &#8211; Mesa<br \/>\n*CD252430537600* PL n.6119\/2025<br \/> C\u00c2MARA DOS DEPUTADOS<br \/>\n Gabinete do Deputado Federal AMOM MANDEL \u2013 CIDADANIA\/AM<br \/>\nDeputado AMOM MANDEL<br \/>\nCIDADANIA\/AM<br \/>\n___________________________________________________________________________<br \/>\nC\u00e2mara dos Deputados | Anexo IV Gabinete 760 | \u2013 CEP: 70160-900 \u2013<br \/>\nBras\u00edlia-DF<br \/>\nTel (61) 3215-5760 | dep.amommandel@camara.leg.br<br \/>\nPara verificar a assinatura, acesse https:\/\/infoleg-autenticidade-assinatura.camara.leg.br\/CD252430537600<br \/>\nAssinado eletronicamente pelo(a) Dep. Amom Mandel<br \/>\nApresenta\u00e7\u00e3o: 02\/12\/2025 20:20:17.337 &#8211; Mesa<br \/>\n*CD252430537600* PL n.6119\/2025<\/article>\n<p><a href='https:\/\/app.legislapp.com.br\/#\/busca?termo=Cria\u00e7\u00e3o'>Cria\u00e7\u00e3o<\/a>, <a href='https:\/\/app.legislapp.com.br\/#\/busca?termo=Pol\u00edtica Nacional de Conscientiza\u00e7\u00e3o sobre o Transtorno da Linguagem'>Pol\u00edtica Nacional de Conscientiza\u00e7\u00e3o sobre o Transtorno da Linguagem<\/a>, <a href='https:\/\/app.legislapp.com.br\/#\/busca?termo=Diagn\u00f3stico precoce'>Diagn\u00f3stico precoce<\/a>, <a href='https:\/\/app.legislapp.com.br\/#\/busca?termo=educa\u00e7\u00e3o'>educa\u00e7\u00e3o<\/a>, <a href='https:\/\/app.legislapp.com.br\/#\/busca?termo=inclus\u00e3o social'>inclus\u00e3o social<\/a>, <a href='https:\/\/app.legislapp.com.br\/#\/busca?termo=campanha educativa'>campanha educativa<\/a>, <a href='https:\/\/app.legislapp.com.br\/#\/busca?termo=Transtorno do Desenvolvimento da Linguagem (TDL)'>Transtorno do Desenvolvimento da Linguagem (TDL)<\/a>, <a href='https:\/\/app.legislapp.com.br\/#\/busca?termo=diretrizes. _ Cria\u00e7\u00e3o'>diretrizes. _ Cria\u00e7\u00e3o<\/a>, <a href='https:\/\/app.legislapp.com.br\/#\/busca?termo=Dia Nacional de Conscientiza\u00e7\u00e3o sobre o Transtorno da Linguagem'>Dia Nacional de Conscientiza\u00e7\u00e3o sobre o Transtorno da Linguagem<\/a>, <a href='https:\/\/app.legislapp.com.br\/#\/busca?termo=data comemorativa'>data comemorativa<\/a>, <a href='https:\/\/app.legislapp.com.br\/#\/busca?termo=outubro.'>outubro.<\/a><\/p>\n<div style=\"text-align: center\">\n      <img decoding=\"async\" style=\"width: 14%;\" src=\"https:\/\/www.legislapp.com.br\/wp-content\/uploads\/2021\/07\/Logo-Legislapp-1-03-1.png\"><br \/>\n      <\/p>\n<div style=\"margin-bottom: 20px;\" class=\"et_pb_button_module_wrapper et_pb_button_5_tb_body_wrapper et_pb_button_alignment_center et_pb_module \">\n         <a class=\"et_pb_button et_pb_button_5_tb_body et_hover_enabled et_pb_bg_layout_dark\" style=\"width: 50%;background-color: black;\" href=\"https:\/\/app.legislapp.com.br\" target=\"_blank\" rel=\"noopener\">Visualizar completo na nossa plataforma (30 dias gr\u00e1tis)<\/a><\/p><\/div>\n<p>      <a href=\"https:\/\/play.google.com\/store\/apps\/details?id=br.com.legislapp\"><img decoding=\"async\" style=\"width: 15%; min-width: 130px;\" src=\"https:\/\/www.legislapp.com.br\/wp-content\/uploads\/google-play.png\"><\/a><br \/>\n      <a href=\"https:\/\/apps.apple.com\/us\/app\/legislapp\/id1568929859\"><img decoding=\"async\" style=\"width: 15%; min-width: 130px\" src=\"https:\/\/www.legislapp.com.br\/wp-content\/uploads\/apple-store.png\"><\/a>\n   <\/div>\n","protected":false},"excerpt":{"rendered":"<p>Avulso Inicial &#8211; Autoria de Amom Mandel C\u00c2MARA DOS DEPUTADOS Gabinete do Deputado Federal AMOM MANDEL \u2013 CIDADANIA\/AM PROJETO DE LEI N\u00ba , DE 2025 (Do Sr. AMOM MANDEL) Institui a Pol\u00edtica Nacional de Conscientiza\u00e7\u00e3o sobre o Transtorno da Linguagem e d\u00e1 outras provid\u00eancias. O CONGRESSO NACIONAL decreta: Art. 1\u00ba Fica institu\u00edda a Pol\u00edtica Nacional [&hellip;]<\/p>\n","protected":false},"author":1,"featured_media":0,"parent":0,"menu_order":0,"comment_status":"closed","ping_status":"closed","template":"page-template-blank.php","meta":{"_et_pb_use_builder":"","_et_pb_old_content":"","_et_gb_content_width":"1080","ngg_post_thumbnail":0,"footnotes":""},"class_list":["post-11153","page","type-page","status-publish","hentry"],"yoast_head":"<!-- This site is optimized with the Yoast SEO plugin v24.4 - https:\/\/yoast.com\/wordpress\/plugins\/seo\/ -->\n<title>Avulso Inicial - PL 6119\/2025 - C\u00e2mara - Legislapp<\/title>\n<meta name=\"robots\" content=\"index, follow, max-snippet:-1, max-image-preview:large, max-video-preview:-1\" \/>\n<link rel=\"canonical\" href=\"https:\/\/www.legislapp.com.br\/index.php\/avulso-inicial-pl-6119-2025-camara\/\" \/>\n<meta property=\"og:locale\" content=\"pt_BR\" \/>\n<meta property=\"og:type\" content=\"article\" \/>\n<meta property=\"og:title\" content=\"Avulso Inicial - PL 6119\/2025 - C\u00e2mara - Legislapp\" \/>\n<meta property=\"og:description\" content=\"Avulso Inicial &#8211; Autoria de Amom Mandel C\u00c2MARA DOS DEPUTADOS Gabinete do Deputado Federal AMOM MANDEL \u2013 CIDADANIA\/AM PROJETO DE LEI N\u00ba , DE 2025 (Do Sr. AMOM MANDEL) Institui a Pol\u00edtica Nacional de Conscientiza\u00e7\u00e3o sobre o Transtorno da Linguagem e d\u00e1 outras provid\u00eancias. O CONGRESSO NACIONAL decreta: Art. 1\u00ba Fica institu\u00edda a Pol\u00edtica Nacional [&hellip;]\" \/>\n<meta property=\"og:url\" content=\"https:\/\/www.legislapp.com.br\/index.php\/avulso-inicial-pl-6119-2025-camara\/\" \/>\n<meta property=\"og:site_name\" content=\"Legislapp\" \/>\n<meta property=\"article:publisher\" content=\"https:\/\/www.instagram.com\/legislapp\/\" \/>\n<meta property=\"og:image\" content=\"https:\/\/www.legislapp.com.br\/wp-content\/uploads\/2021\/07\/Logo-Legislapp-1-03-1.png\" \/>\n<meta name=\"twitter:card\" content=\"summary_large_image\" \/>\n<meta name=\"twitter:label1\" content=\"Est. tempo de leitura\" \/>\n\t<meta name=\"twitter:data1\" content=\"7 minutos\" \/>\n<script type=\"application\/ld+json\" class=\"yoast-schema-graph\">{\"@context\":\"https:\/\/schema.org\",\"@graph\":[{\"@type\":\"WebPage\",\"@id\":\"https:\/\/www.legislapp.com.br\/index.php\/avulso-inicial-pl-6119-2025-camara\/\",\"url\":\"https:\/\/www.legislapp.com.br\/index.php\/avulso-inicial-pl-6119-2025-camara\/\",\"name\":\"Avulso Inicial - PL 6119\/2025 - C\u00e2mara - Legislapp\",\"isPartOf\":{\"@id\":\"https:\/\/www.legislapp.com.br\/#website\"},\"primaryImageOfPage\":{\"@id\":\"https:\/\/www.legislapp.com.br\/index.php\/avulso-inicial-pl-6119-2025-camara\/#primaryimage\"},\"image\":{\"@id\":\"https:\/\/www.legislapp.com.br\/index.php\/avulso-inicial-pl-6119-2025-camara\/#primaryimage\"},\"thumbnailUrl\":\"https:\/\/www.legislapp.com.br\/wp-content\/uploads\/2021\/07\/Logo-Legislapp-1-03-1.png\",\"datePublished\":\"2026-01-19T14:34:11+00:00\",\"breadcrumb\":{\"@id\":\"https:\/\/www.legislapp.com.br\/index.php\/avulso-inicial-pl-6119-2025-camara\/#breadcrumb\"},\"inLanguage\":\"pt-BR\",\"potentialAction\":[{\"@type\":\"ReadAction\",\"target\":[\"https:\/\/www.legislapp.com.br\/index.php\/avulso-inicial-pl-6119-2025-camara\/\"]}]},{\"@type\":\"ImageObject\",\"inLanguage\":\"pt-BR\",\"@id\":\"https:\/\/www.legislapp.com.br\/index.php\/avulso-inicial-pl-6119-2025-camara\/#primaryimage\",\"url\":\"https:\/\/www.legislapp.com.br\/wp-content\/uploads\/2021\/07\/Logo-Legislapp-1-03-1.png\",\"contentUrl\":\"https:\/\/www.legislapp.com.br\/wp-content\/uploads\/2021\/07\/Logo-Legislapp-1-03-1.png\",\"width\":2679,\"height\":2697},{\"@type\":\"BreadcrumbList\",\"@id\":\"https:\/\/www.legislapp.com.br\/index.php\/avulso-inicial-pl-6119-2025-camara\/#breadcrumb\",\"itemListElement\":[{\"@type\":\"ListItem\",\"position\":1,\"name\":\"In\u00edcio\",\"item\":\"https:\/\/www.legislapp.com.br\/\"},{\"@type\":\"ListItem\",\"position\":2,\"name\":\"Avulso Inicial &#8211; PL 6119\/2025 &#8211; C\u00e2mara\"}]},{\"@type\":\"WebSite\",\"@id\":\"https:\/\/www.legislapp.com.br\/#website\",\"url\":\"https:\/\/www.legislapp.com.br\/\",\"name\":\"Legislapp\",\"description\":\"Intelig\u00eancia governamental em tempo real\",\"publisher\":{\"@id\":\"https:\/\/www.legislapp.com.br\/#organization\"},\"potentialAction\":[{\"@type\":\"SearchAction\",\"target\":{\"@type\":\"EntryPoint\",\"urlTemplate\":\"https:\/\/www.legislapp.com.br\/?s={search_term_string}\"},\"query-input\":{\"@type\":\"PropertyValueSpecification\",\"valueRequired\":true,\"valueName\":\"search_term_string\"}}],\"inLanguage\":\"pt-BR\"},{\"@type\":\"Organization\",\"@id\":\"https:\/\/www.legislapp.com.br\/#organization\",\"name\":\"Legislapp Monitoramento e Intelig\u00eancia Governamental\",\"url\":\"https:\/\/www.legislapp.com.br\/\",\"logo\":{\"@type\":\"ImageObject\",\"inLanguage\":\"pt-BR\",\"@id\":\"https:\/\/www.legislapp.com.br\/#\/schema\/logo\/image\/\",\"url\":\"https:\/\/www.legislapp.com.br\/wp-content\/uploads\/icon.png\",\"contentUrl\":\"https:\/\/www.legislapp.com.br\/wp-content\/uploads\/icon.png\",\"width\":1024,\"height\":1024,\"caption\":\"Legislapp Monitoramento e Intelig\u00eancia Governamental\"},\"image\":{\"@id\":\"https:\/\/www.legislapp.com.br\/#\/schema\/logo\/image\/\"},\"sameAs\":[\"https:\/\/www.instagram.com\/legislapp\/\"]}]}<\/script>\n<!-- \/ Yoast SEO plugin. -->","yoast_head_json":{"title":"Avulso Inicial - PL 6119\/2025 - C\u00e2mara - Legislapp","robots":{"index":"index","follow":"follow","max-snippet":"max-snippet:-1","max-image-preview":"max-image-preview:large","max-video-preview":"max-video-preview:-1"},"canonical":"https:\/\/www.legislapp.com.br\/index.php\/avulso-inicial-pl-6119-2025-camara\/","og_locale":"pt_BR","og_type":"article","og_title":"Avulso Inicial - PL 6119\/2025 - C\u00e2mara - Legislapp","og_description":"Avulso Inicial &#8211; Autoria de Amom Mandel C\u00c2MARA DOS DEPUTADOS Gabinete do Deputado Federal AMOM MANDEL \u2013 CIDADANIA\/AM PROJETO DE LEI N\u00ba , DE 2025 (Do Sr. AMOM MANDEL) Institui a Pol\u00edtica Nacional de Conscientiza\u00e7\u00e3o sobre o Transtorno da Linguagem e d\u00e1 outras provid\u00eancias. O CONGRESSO NACIONAL decreta: Art. 1\u00ba Fica institu\u00edda a Pol\u00edtica Nacional [&hellip;]","og_url":"https:\/\/www.legislapp.com.br\/index.php\/avulso-inicial-pl-6119-2025-camara\/","og_site_name":"Legislapp","article_publisher":"https:\/\/www.instagram.com\/legislapp\/","og_image":[{"url":"https:\/\/www.legislapp.com.br\/wp-content\/uploads\/2021\/07\/Logo-Legislapp-1-03-1.png","type":"","width":"","height":""}],"twitter_card":"summary_large_image","twitter_misc":{"Est. tempo de leitura":"7 minutos"},"schema":{"@context":"https:\/\/schema.org","@graph":[{"@type":"WebPage","@id":"https:\/\/www.legislapp.com.br\/index.php\/avulso-inicial-pl-6119-2025-camara\/","url":"https:\/\/www.legislapp.com.br\/index.php\/avulso-inicial-pl-6119-2025-camara\/","name":"Avulso Inicial - PL 6119\/2025 - C\u00e2mara - Legislapp","isPartOf":{"@id":"https:\/\/www.legislapp.com.br\/#website"},"primaryImageOfPage":{"@id":"https:\/\/www.legislapp.com.br\/index.php\/avulso-inicial-pl-6119-2025-camara\/#primaryimage"},"image":{"@id":"https:\/\/www.legislapp.com.br\/index.php\/avulso-inicial-pl-6119-2025-camara\/#primaryimage"},"thumbnailUrl":"https:\/\/www.legislapp.com.br\/wp-content\/uploads\/2021\/07\/Logo-Legislapp-1-03-1.png","datePublished":"2026-01-19T14:34:11+00:00","breadcrumb":{"@id":"https:\/\/www.legislapp.com.br\/index.php\/avulso-inicial-pl-6119-2025-camara\/#breadcrumb"},"inLanguage":"pt-BR","potentialAction":[{"@type":"ReadAction","target":["https:\/\/www.legislapp.com.br\/index.php\/avulso-inicial-pl-6119-2025-camara\/"]}]},{"@type":"ImageObject","inLanguage":"pt-BR","@id":"https:\/\/www.legislapp.com.br\/index.php\/avulso-inicial-pl-6119-2025-camara\/#primaryimage","url":"https:\/\/www.legislapp.com.br\/wp-content\/uploads\/2021\/07\/Logo-Legislapp-1-03-1.png","contentUrl":"https:\/\/www.legislapp.com.br\/wp-content\/uploads\/2021\/07\/Logo-Legislapp-1-03-1.png","width":2679,"height":2697},{"@type":"BreadcrumbList","@id":"https:\/\/www.legislapp.com.br\/index.php\/avulso-inicial-pl-6119-2025-camara\/#breadcrumb","itemListElement":[{"@type":"ListItem","position":1,"name":"In\u00edcio","item":"https:\/\/www.legislapp.com.br\/"},{"@type":"ListItem","position":2,"name":"Avulso Inicial &#8211; PL 6119\/2025 &#8211; C\u00e2mara"}]},{"@type":"WebSite","@id":"https:\/\/www.legislapp.com.br\/#website","url":"https:\/\/www.legislapp.com.br\/","name":"Legislapp","description":"Intelig\u00eancia governamental em tempo real","publisher":{"@id":"https:\/\/www.legislapp.com.br\/#organization"},"potentialAction":[{"@type":"SearchAction","target":{"@type":"EntryPoint","urlTemplate":"https:\/\/www.legislapp.com.br\/?s={search_term_string}"},"query-input":{"@type":"PropertyValueSpecification","valueRequired":true,"valueName":"search_term_string"}}],"inLanguage":"pt-BR"},{"@type":"Organization","@id":"https:\/\/www.legislapp.com.br\/#organization","name":"Legislapp Monitoramento e Intelig\u00eancia Governamental","url":"https:\/\/www.legislapp.com.br\/","logo":{"@type":"ImageObject","inLanguage":"pt-BR","@id":"https:\/\/www.legislapp.com.br\/#\/schema\/logo\/image\/","url":"https:\/\/www.legislapp.com.br\/wp-content\/uploads\/icon.png","contentUrl":"https:\/\/www.legislapp.com.br\/wp-content\/uploads\/icon.png","width":1024,"height":1024,"caption":"Legislapp Monitoramento e Intelig\u00eancia Governamental"},"image":{"@id":"https:\/\/www.legislapp.com.br\/#\/schema\/logo\/image\/"},"sameAs":["https:\/\/www.instagram.com\/legislapp\/"]}]}},"_links":{"self":[{"href":"https:\/\/www.legislapp.com.br\/index.php\/wp-json\/wp\/v2\/pages\/11153","targetHints":{"allow":["GET"]}}],"collection":[{"href":"https:\/\/www.legislapp.com.br\/index.php\/wp-json\/wp\/v2\/pages"}],"about":[{"href":"https:\/\/www.legislapp.com.br\/index.php\/wp-json\/wp\/v2\/types\/page"}],"author":[{"embeddable":true,"href":"https:\/\/www.legislapp.com.br\/index.php\/wp-json\/wp\/v2\/users\/1"}],"replies":[{"embeddable":true,"href":"https:\/\/www.legislapp.com.br\/index.php\/wp-json\/wp\/v2\/comments?post=11153"}],"version-history":[{"count":0,"href":"https:\/\/www.legislapp.com.br\/index.php\/wp-json\/wp\/v2\/pages\/11153\/revisions"}],"wp:attachment":[{"href":"https:\/\/www.legislapp.com.br\/index.php\/wp-json\/wp\/v2\/media?parent=11153"}],"curies":[{"name":"wp","href":"https:\/\/api.w.org\/{rel}","templated":true}]}}