{"id":11168,"date":"2026-01-19T11:35:26","date_gmt":"2026-01-19T14:35:26","guid":{"rendered":"https:\/\/www.legislapp.com.br\/index.php\/cam-legislativa-de-mg-pl-4622-2025\/"},"modified":"2026-01-19T11:35:26","modified_gmt":"2026-01-19T14:35:26","slug":"cam-legislativa-de-mg-pl-4622-2025","status":"publish","type":"page","link":"https:\/\/www.legislapp.com.br\/index.php\/cam-legislativa-de-mg-pl-4622-2025\/","title":{"rendered":"PL 4622\/2025 &#8211; Deputados"},"content":{"rendered":"<h1 style='text-align: center;'>C\u00e2m. Legislativa de MG &#8211; Autoria de Deputados<\/h3>\n<p><\/p>\n<article style='text-align: center'>Altera a Lei n\u00ba 24.965, de 16 de setembro de 2024, que obriga as<br \/>\ninstitui\u00e7\u00f5es banc\u00e1rias e financeiras a realizarem campanha permanente de<br \/>\nconscientiza\u00e7\u00e3o e combate a golpes financeiros praticados contra pessoas<br \/>\nidosas.<\/article>\n<p><\/p>\n<p style='text-align: center'><a href='https:\/\/app.legislapp.com.br\/#\/busca?termo='><\/a><\/p>\n<p><\/p>\n<article>Altera a Lei n\u00ba 24.965, de 16 de setembro de 2024, que obriga as institui\u00e7\u00f5es banc\u00e1rias e financeiras a realizarem campanha permanente de conscientiza\u00e7\u00e3o e combate a golpes financeiros praticados contra pessoas idosas.<br \/>\nA Assembleia Legislativa do Estado de Minas Gerais decreta:<br \/>\nArt. 1\u00ba \u2013 O art. 1\u00ba da Lei n\u00ba 24.965, de 16 de setembro de 2024, passa a vigorar acrescido dos seguintes \u00a7\u00a7 1\u00ba e 2\u00ba:\u00a0 \u00a0<br \/>\n\u201c\u00a7 1\u00ba \u2013 As institui\u00e7\u00f5es financeiras situadas no Estado de Minas Gerais dever\u00e3o afixar, em local de f\u00e1cil visualiza\u00e7\u00e3o e com linguagem acess\u00edvel, avisos impressos voltados \u00e0 orienta\u00e7\u00e3o da pessoa idosa sobre crimes patrimoniais virtuais, especialmente aqueles relacionados a:\u00a0 \u00a0<br \/>\nI \u2013 tentativas de estelionato por meio de e-mails, aplicativos de mensagens e sites falsos;\u00a0<br \/>\nII \u2013 golpes que envolvam falsas promessas de ressarcimento de valores de aposentadorias ou benef\u00edcios previdenci\u00e1rios;\u00a0<br \/>\nIII \u2013 orienta\u00e7\u00f5es sobre como proteger dados pessoais, como CPF, senhas e dados banc\u00e1rios, e a import\u00e2ncia de contar apenas com o aux\u00edlio de pessoas de confian\u00e7a para opera\u00e7\u00f5es digitais.\u201d.\u00a0<br \/>\n\u201c\u00a7 2\u00ba \u2013 O material de que trata o \u00a7 1\u00ba dever\u00e1 conter, sempre que poss\u00edvel:<br \/>\nI \u2013 exemplos de golpes mais recentes ou recorrentes;\u00a0<br \/>\nII \u2013 o n\u00famero de contato da Ouvidoria da institui\u00e7\u00e3o;\u00a0<br \/>\nIII \u2013 o n\u00famero165 do Disque Idoso Estadual;\u00a0<br \/>\nIV \u2013 QR Code que leve a uma cartilha digital de orienta\u00e7\u00e3o ao idoso, produzida pela pr\u00f3pria institui\u00e7\u00e3o ou em parceria com o Poder P\u00fablico.<br \/>\nArt. 2\u00ba \u2013 As institui\u00e7\u00f5es financeiras ter\u00e3o o prazo de noventa dias, a contar da publica\u00e7\u00e3o desta lei, para se adequarem \u00e0s suas disposi\u00e7\u00f5es.<br \/>\nArt. 3\u00ba \u2013 Esta lei entra em vigor na data de sua publica\u00e7\u00e3o.<br \/>\nSala das Reuni\u00f5es, 9 de outubro de 2025.<br \/>\nCharles Santos (Republicanos)<br \/>\nJustifica\u00e7\u00e3o: Este projeto de lei tem como objetivo refor\u00e7ar a prote\u00e7\u00e3o da popula\u00e7\u00e3o idosa contra os golpes virtuais que v\u00eam se tornando cada vez mais frequentes, sofisticados e direcionados a essa parcela da popula\u00e7\u00e3o, especialmente ap\u00f3s o crescimento de fraudes ligadas ao INSS.<br \/>\nEm 14 de maio de 2025, a R\u00e1dio CBN divulgou mat\u00e9ria de grande repercuss\u00e3o sobre um novo golpe virtual que atingiu aposentados e pensionistas: criminosos, utilizando e-mails falsos com identidade visual do portal gov.br, solicitam pagamentos antecipados para suposto ressarcimento de valores retidos indevidamente por associa\u00e7\u00f5es. Trata-se de um golpe sobre o golpe, que representa n\u00e3o apenas um crime patrimonial, mas tamb\u00e9m uma grave viol\u00eancia moral e simb\u00f3lica contra o idoso, que se v\u00ea enganado e revitimizado.<br \/>\nA presente proposta, ao complementar a Lei Estadual n\u00ba 24.965\/2024, traz instrumentos pr\u00e1ticos e de f\u00e1cil implementa\u00e7\u00e3o, como a afixa\u00e7\u00e3o de avisos impressos e cartilhas orientativas em ag\u00eancias banc\u00e1rias, voltadas especialmente para os idosos. A inten\u00e7\u00e3o n\u00e3o \u00e9 apenas informar, mas estimular uma cultura de preven\u00e7\u00e3o, envolvendo tanto as institui\u00e7\u00f5es financeiras quanto os familiares e a rede de prote\u00e7\u00e3o social.<br \/>\nAssim, este projeto contribui para reduzir os impactos financeiros e emocionais desses golpes, proteger a dignidade da pessoa idosa e efetivar os direitos j\u00e1 assegurados em nossa legisla\u00e7\u00e3o.<br \/>\nContando com o apoio dos nobres parlamentares desta Casa Legislativa para a prova\u00e7\u00e3o deste importante projeto de lei.<br \/>\n\u2013 Publicado, vai o projeto \u00e0s Comiss\u00f5es de Justi\u00e7a, do Trabalho e de Desenvolvimento Econ\u00f4mico para parecer, nos termos do art. 188, c\/c o art. 102, do Regimento Interno.<\/article>\n<div style=\"text-align: center\">\n<div style=\"margin-bottom: 20px;\" class=\"et_pb_button_module_wrapper et_pb_button_5_tb_body_wrapper et_pb_button_alignment_center et_pb_module \">\n         <a class=\"et_pb_button et_pb_button_5_tb_body et_hover_enabled et_pb_bg_layout_dark\" style=\"width: 50%;background-color: black;\" href=\"https:\/\/app.legislapp.com.br\" target=\"_blank\" rel=\"noopener\">Visualizar completo na nossa plataforma (30 dias gr\u00e1tis)<\/a><\/p><\/div>\n<p>      <a href=\"https:\/\/play.google.com\/store\/apps\/details?id=br.com.legislapp\"><img decoding=\"async\" style=\"width: 15%; min-width: 130px;\" src=\"https:\/\/www.legislapp.com.br\/wp-content\/uploads\/google-play.png\"><\/a><br \/>\n      <a href=\"https:\/\/apps.apple.com\/us\/app\/legislapp\/id1568929859\"><img decoding=\"async\" style=\"width: 15%; min-width: 130px\" src=\"https:\/\/www.legislapp.com.br\/wp-content\/uploads\/apple-store.png\"><\/a>\n   <\/div>\n","protected":false},"excerpt":{"rendered":"<p>C\u00e2m. Legislativa de MG &#8211; Autoria de Deputados Altera a Lei n\u00ba 24.965, de 16 de setembro de 2024, que obriga as institui\u00e7\u00f5es banc\u00e1rias e financeiras a realizarem campanha permanente de conscientiza\u00e7\u00e3o e combate a golpes financeiros praticados contra pessoas idosas. Altera a Lei n\u00ba 24.965, de 16 de setembro de 2024, que obriga as [&hellip;]<\/p>\n","protected":false},"author":1,"featured_media":0,"parent":0,"menu_order":0,"comment_status":"closed","ping_status":"closed","template":"page-template-blank.php","meta":{"_et_pb_use_builder":"","_et_pb_old_content":"","_et_gb_content_width":"1080","ngg_post_thumbnail":0,"footnotes":""},"class_list":["post-11168","page","type-page","status-publish","hentry"],"yoast_head":"<!-- This site is optimized with the Yoast SEO plugin v24.4 - https:\/\/yoast.com\/wordpress\/plugins\/seo\/ -->\n<title>PL 4622\/2025 - Deputados - Legislapp<\/title>\n<meta name=\"robots\" content=\"index, follow, max-snippet:-1, max-image-preview:large, max-video-preview:-1\" \/>\n<link rel=\"canonical\" href=\"https:\/\/www.legislapp.com.br\/index.php\/cam-legislativa-de-mg-pl-4622-2025\/\" \/>\n<meta property=\"og:locale\" content=\"pt_BR\" \/>\n<meta property=\"og:type\" content=\"article\" \/>\n<meta property=\"og:title\" content=\"PL 4622\/2025 - Deputados - Legislapp\" \/>\n<meta property=\"og:description\" content=\"C\u00e2m. Legislativa de MG &#8211; Autoria de Deputados Altera a Lei n\u00ba 24.965, de 16 de setembro de 2024, que obriga as institui\u00e7\u00f5es banc\u00e1rias e financeiras a realizarem campanha permanente de conscientiza\u00e7\u00e3o e combate a golpes financeiros praticados contra pessoas idosas. Altera a Lei n\u00ba 24.965, de 16 de setembro de 2024, que obriga as [&hellip;]\" \/>\n<meta property=\"og:url\" content=\"https:\/\/www.legislapp.com.br\/index.php\/cam-legislativa-de-mg-pl-4622-2025\/\" \/>\n<meta property=\"og:site_name\" content=\"Legislapp\" \/>\n<meta property=\"article:publisher\" content=\"https:\/\/www.instagram.com\/legislapp\/\" \/>\n<meta property=\"og:image\" content=\"https:\/\/www.legislapp.com.br\/wp-content\/uploads\/google-play.png\" \/>\n<meta name=\"twitter:card\" content=\"summary_large_image\" \/>\n<meta name=\"twitter:label1\" content=\"Est. tempo de leitura\" \/>\n\t<meta name=\"twitter:data1\" content=\"3 minutos\" \/>\n<script type=\"application\/ld+json\" class=\"yoast-schema-graph\">{\"@context\":\"https:\/\/schema.org\",\"@graph\":[{\"@type\":\"WebPage\",\"@id\":\"https:\/\/www.legislapp.com.br\/index.php\/cam-legislativa-de-mg-pl-4622-2025\/\",\"url\":\"https:\/\/www.legislapp.com.br\/index.php\/cam-legislativa-de-mg-pl-4622-2025\/\",\"name\":\"PL 4622\/2025 - Deputados - Legislapp\",\"isPartOf\":{\"@id\":\"https:\/\/www.legislapp.com.br\/#website\"},\"primaryImageOfPage\":{\"@id\":\"https:\/\/www.legislapp.com.br\/index.php\/cam-legislativa-de-mg-pl-4622-2025\/#primaryimage\"},\"image\":{\"@id\":\"https:\/\/www.legislapp.com.br\/index.php\/cam-legislativa-de-mg-pl-4622-2025\/#primaryimage\"},\"thumbnailUrl\":\"https:\/\/www.legislapp.com.br\/wp-content\/uploads\/google-play.png\",\"datePublished\":\"2026-01-19T14:35:26+00:00\",\"breadcrumb\":{\"@id\":\"https:\/\/www.legislapp.com.br\/index.php\/cam-legislativa-de-mg-pl-4622-2025\/#breadcrumb\"},\"inLanguage\":\"pt-BR\",\"potentialAction\":[{\"@type\":\"ReadAction\",\"target\":[\"https:\/\/www.legislapp.com.br\/index.php\/cam-legislativa-de-mg-pl-4622-2025\/\"]}]},{\"@type\":\"ImageObject\",\"inLanguage\":\"pt-BR\",\"@id\":\"https:\/\/www.legislapp.com.br\/index.php\/cam-legislativa-de-mg-pl-4622-2025\/#primaryimage\",\"url\":\"https:\/\/www.legislapp.com.br\/wp-content\/uploads\/google-play.png\",\"contentUrl\":\"https:\/\/www.legislapp.com.br\/wp-content\/uploads\/google-play.png\",\"width\":564,\"height\":168},{\"@type\":\"BreadcrumbList\",\"@id\":\"https:\/\/www.legislapp.com.br\/index.php\/cam-legislativa-de-mg-pl-4622-2025\/#breadcrumb\",\"itemListElement\":[{\"@type\":\"ListItem\",\"position\":1,\"name\":\"In\u00edcio\",\"item\":\"https:\/\/www.legislapp.com.br\/\"},{\"@type\":\"ListItem\",\"position\":2,\"name\":\"PL 4622\/2025 &#8211; Deputados\"}]},{\"@type\":\"WebSite\",\"@id\":\"https:\/\/www.legislapp.com.br\/#website\",\"url\":\"https:\/\/www.legislapp.com.br\/\",\"name\":\"Legislapp\",\"description\":\"Intelig\u00eancia governamental em tempo real\",\"publisher\":{\"@id\":\"https:\/\/www.legislapp.com.br\/#organization\"},\"potentialAction\":[{\"@type\":\"SearchAction\",\"target\":{\"@type\":\"EntryPoint\",\"urlTemplate\":\"https:\/\/www.legislapp.com.br\/?s={search_term_string}\"},\"query-input\":{\"@type\":\"PropertyValueSpecification\",\"valueRequired\":true,\"valueName\":\"search_term_string\"}}],\"inLanguage\":\"pt-BR\"},{\"@type\":\"Organization\",\"@id\":\"https:\/\/www.legislapp.com.br\/#organization\",\"name\":\"Legislapp Monitoramento e Intelig\u00eancia Governamental\",\"url\":\"https:\/\/www.legislapp.com.br\/\",\"logo\":{\"@type\":\"ImageObject\",\"inLanguage\":\"pt-BR\",\"@id\":\"https:\/\/www.legislapp.com.br\/#\/schema\/logo\/image\/\",\"url\":\"https:\/\/www.legislapp.com.br\/wp-content\/uploads\/icon.png\",\"contentUrl\":\"https:\/\/www.legislapp.com.br\/wp-content\/uploads\/icon.png\",\"width\":1024,\"height\":1024,\"caption\":\"Legislapp Monitoramento e Intelig\u00eancia Governamental\"},\"image\":{\"@id\":\"https:\/\/www.legislapp.com.br\/#\/schema\/logo\/image\/\"},\"sameAs\":[\"https:\/\/www.instagram.com\/legislapp\/\"]}]}<\/script>\n<!-- \/ Yoast SEO plugin. -->","yoast_head_json":{"title":"PL 4622\/2025 - Deputados - Legislapp","robots":{"index":"index","follow":"follow","max-snippet":"max-snippet:-1","max-image-preview":"max-image-preview:large","max-video-preview":"max-video-preview:-1"},"canonical":"https:\/\/www.legislapp.com.br\/index.php\/cam-legislativa-de-mg-pl-4622-2025\/","og_locale":"pt_BR","og_type":"article","og_title":"PL 4622\/2025 - Deputados - Legislapp","og_description":"C\u00e2m. Legislativa de MG &#8211; Autoria de Deputados Altera a Lei n\u00ba 24.965, de 16 de setembro de 2024, que obriga as institui\u00e7\u00f5es banc\u00e1rias e financeiras a realizarem campanha permanente de conscientiza\u00e7\u00e3o e combate a golpes financeiros praticados contra pessoas idosas. Altera a Lei n\u00ba 24.965, de 16 de setembro de 2024, que obriga as [&hellip;]","og_url":"https:\/\/www.legislapp.com.br\/index.php\/cam-legislativa-de-mg-pl-4622-2025\/","og_site_name":"Legislapp","article_publisher":"https:\/\/www.instagram.com\/legislapp\/","og_image":[{"url":"https:\/\/www.legislapp.com.br\/wp-content\/uploads\/google-play.png","type":"","width":"","height":""}],"twitter_card":"summary_large_image","twitter_misc":{"Est. tempo de leitura":"3 minutos"},"schema":{"@context":"https:\/\/schema.org","@graph":[{"@type":"WebPage","@id":"https:\/\/www.legislapp.com.br\/index.php\/cam-legislativa-de-mg-pl-4622-2025\/","url":"https:\/\/www.legislapp.com.br\/index.php\/cam-legislativa-de-mg-pl-4622-2025\/","name":"PL 4622\/2025 - Deputados - Legislapp","isPartOf":{"@id":"https:\/\/www.legislapp.com.br\/#website"},"primaryImageOfPage":{"@id":"https:\/\/www.legislapp.com.br\/index.php\/cam-legislativa-de-mg-pl-4622-2025\/#primaryimage"},"image":{"@id":"https:\/\/www.legislapp.com.br\/index.php\/cam-legislativa-de-mg-pl-4622-2025\/#primaryimage"},"thumbnailUrl":"https:\/\/www.legislapp.com.br\/wp-content\/uploads\/google-play.png","datePublished":"2026-01-19T14:35:26+00:00","breadcrumb":{"@id":"https:\/\/www.legislapp.com.br\/index.php\/cam-legislativa-de-mg-pl-4622-2025\/#breadcrumb"},"inLanguage":"pt-BR","potentialAction":[{"@type":"ReadAction","target":["https:\/\/www.legislapp.com.br\/index.php\/cam-legislativa-de-mg-pl-4622-2025\/"]}]},{"@type":"ImageObject","inLanguage":"pt-BR","@id":"https:\/\/www.legislapp.com.br\/index.php\/cam-legislativa-de-mg-pl-4622-2025\/#primaryimage","url":"https:\/\/www.legislapp.com.br\/wp-content\/uploads\/google-play.png","contentUrl":"https:\/\/www.legislapp.com.br\/wp-content\/uploads\/google-play.png","width":564,"height":168},{"@type":"BreadcrumbList","@id":"https:\/\/www.legislapp.com.br\/index.php\/cam-legislativa-de-mg-pl-4622-2025\/#breadcrumb","itemListElement":[{"@type":"ListItem","position":1,"name":"In\u00edcio","item":"https:\/\/www.legislapp.com.br\/"},{"@type":"ListItem","position":2,"name":"PL 4622\/2025 &#8211; Deputados"}]},{"@type":"WebSite","@id":"https:\/\/www.legislapp.com.br\/#website","url":"https:\/\/www.legislapp.com.br\/","name":"Legislapp","description":"Intelig\u00eancia governamental em tempo real","publisher":{"@id":"https:\/\/www.legislapp.com.br\/#organization"},"potentialAction":[{"@type":"SearchAction","target":{"@type":"EntryPoint","urlTemplate":"https:\/\/www.legislapp.com.br\/?s={search_term_string}"},"query-input":{"@type":"PropertyValueSpecification","valueRequired":true,"valueName":"search_term_string"}}],"inLanguage":"pt-BR"},{"@type":"Organization","@id":"https:\/\/www.legislapp.com.br\/#organization","name":"Legislapp Monitoramento e Intelig\u00eancia Governamental","url":"https:\/\/www.legislapp.com.br\/","logo":{"@type":"ImageObject","inLanguage":"pt-BR","@id":"https:\/\/www.legislapp.com.br\/#\/schema\/logo\/image\/","url":"https:\/\/www.legislapp.com.br\/wp-content\/uploads\/icon.png","contentUrl":"https:\/\/www.legislapp.com.br\/wp-content\/uploads\/icon.png","width":1024,"height":1024,"caption":"Legislapp Monitoramento e Intelig\u00eancia Governamental"},"image":{"@id":"https:\/\/www.legislapp.com.br\/#\/schema\/logo\/image\/"},"sameAs":["https:\/\/www.instagram.com\/legislapp\/"]}]}},"_links":{"self":[{"href":"https:\/\/www.legislapp.com.br\/index.php\/wp-json\/wp\/v2\/pages\/11168","targetHints":{"allow":["GET"]}}],"collection":[{"href":"https:\/\/www.legislapp.com.br\/index.php\/wp-json\/wp\/v2\/pages"}],"about":[{"href":"https:\/\/www.legislapp.com.br\/index.php\/wp-json\/wp\/v2\/types\/page"}],"author":[{"embeddable":true,"href":"https:\/\/www.legislapp.com.br\/index.php\/wp-json\/wp\/v2\/users\/1"}],"replies":[{"embeddable":true,"href":"https:\/\/www.legislapp.com.br\/index.php\/wp-json\/wp\/v2\/comments?post=11168"}],"version-history":[{"count":0,"href":"https:\/\/www.legislapp.com.br\/index.php\/wp-json\/wp\/v2\/pages\/11168\/revisions"}],"wp:attachment":[{"href":"https:\/\/www.legislapp.com.br\/index.php\/wp-json\/wp\/v2\/media?parent=11168"}],"curies":[{"name":"wp","href":"https:\/\/api.w.org\/{rel}","templated":true}]}}