{"id":11174,"date":"2026-01-19T11:35:46","date_gmt":"2026-01-19T14:35:46","guid":{"rendered":"https:\/\/www.legislapp.com.br\/index.php\/cam-legislativa-de-mg-pl-4555-2025\/"},"modified":"2026-01-19T11:35:46","modified_gmt":"2026-01-19T14:35:46","slug":"cam-legislativa-de-mg-pl-4555-2025","status":"publish","type":"page","link":"https:\/\/www.legislapp.com.br\/index.php\/cam-legislativa-de-mg-pl-4555-2025\/","title":{"rendered":"PL 4555\/2025 &#8211; Deputados"},"content":{"rendered":"<h1 style='text-align: center;'>C\u00e2m. Legislativa de MG &#8211; Autoria de Deputados<\/h3>\n<p><\/p>\n<article style='text-align: center'>Institui o Programa de Combate \u00e0 Adultera\u00e7\u00e3o de Bebidas\u00a0no \u00e2mbito do<br \/>\nEstado.<\/article>\n<p><\/p>\n<p style='text-align: center'><a href='https:\/\/app.legislapp.com.br\/#\/busca?termo='><\/a><\/p>\n<p><\/p>\n<article>Institui no \u00e2mbito do Estado de Minas Gerais o Programa de Combate \u00e0 Adultera\u00e7\u00e3o de Bebidas e d\u00e1 outras provid\u00eancias.<br \/>\nA Assembleia Legislativa do Estado de Minas Gerais decreta:<br \/>\nArt. 1\u00ba \u2013 Fica institu\u00eddo no \u00e2mbito do Estado de Minas Gerais, o Programa Estadual de Combate \u00e0 Adultera\u00e7\u00e3o de Bebidas, com a finalidade de proteger a sa\u00fade p\u00fablica e a seguran\u00e7a do consumidor.<br \/>\nArt. 2\u00ba \u2013 O Programa a que se refere o artigo anterior ter\u00e1 como objetivos:<br \/>\nI \u2013 Prevenir e reprimir a circula\u00e7\u00e3o de bebidas adulteradas ou falsificadas;<br \/>\nII \u2013 Proteger a sa\u00fade coletiva contra riscos de intoxica\u00e7\u00e3o e morte decorrentes de adultera\u00e7\u00f5es, notadamente por metanol e outras subst\u00e2ncias t\u00f3xicas;<br \/>\nIII \u2013 A promo\u00e7\u00e3o de alerta \u00e0 popula\u00e7\u00e3o quanto aos ind\u00edcios de produtos adulterados.<br \/>\nArt. 3\u00ba \u2013 Aplica-se\u00a0 san\u00e7\u00f5es administrativas para estabelecimentos comerciais, que expuserem \u00e0 venda ou distribui\u00e7\u00e3o bebidas adulteradas ou fraudadas por subst\u00e2ncias nocivas \u00e0 sa\u00fade ou que representem risco grave \u00e0 sa\u00fade p\u00fablica e \u00e0 vida, sem preju\u00edzo das responsabilidades civis e penais cab\u00edveis.<br \/>\nArt. 4\u00ba \u2013 Ser\u00e1 aplicada multa administrativa , que poder\u00e1 variar de 100 (cem) a 10.000 (dez mil) Unidades Fiscais do Estado de Minas Gerais \u2013 Ufemg \u2013 ou outro \u00edndice que a substituir.<br \/>\nArt. 5\u00ba \u2013 Em caso de reincid\u00eancia, observado o devido processo legal e a ampla defesa, poder\u00e3o ser aplicadas as seguintes san\u00e7\u00f5es:<br \/>\nI \u2013 Suspens\u00e3o das atividades pelo prazo de 30 (trinta) a 180 (cento e oitenta) dias;<br \/>\nII \u2013 Interdi\u00e7\u00e3o definitiva do estabelecimento e cassa\u00e7\u00e3o do alvar\u00e1 de funcionamento;<br \/>\nIII \u2013 Apreens\u00e3o e destrui\u00e7\u00e3o de todo o estoque de bebidas adulteradas ou suspeitas de adultera\u00e7\u00e3o;<br \/>\nIV \u2013 Divulga\u00e7\u00e3o do nome do estabelecimento infrator nos meios de comunica\u00e7\u00e3o oficiais e nas plataformas de defesa do consumidor, em car\u00e1ter educativo e informativo;<br \/>\nV \u2013 As san\u00e7\u00f5es acima poder\u00e3o ser aplicadas de forma cumulativa.<br \/>\nArt. 6\u00ba \u2013 O Poder Executivo poder\u00e1 promover junto aos \u00f3rg\u00e3os competentes, divulga\u00e7\u00e3o dos crit\u00e9rios para identifica\u00e7\u00e3o de bebidas adulteradas, mutir\u00f5es de fiscaliza\u00e7\u00e3o quando da incid\u00eancia de casos em determinada localidade.<br \/>\nArt. 7\u00ba \u2013 Para fins de dificultar o acesso aos recipientes de vidros mais usados para adultera\u00e7\u00e3o de bebidas, os estabelecimentos comerciais poder\u00e3o proceder, antes do descarte, \u00e0 tritura\u00e7\u00e3o dos respectivos vasilhames, destinando ou disponibilizando o material triturado \u00e0 reciclagem, observadas as normas procedimentais de seguran\u00e7a do trabalho e do meio ambiente.<br \/>\nArt. 8\u00ba \u2013 O Poder Executivo, no prazo de 60 (sessenta) dias da publica\u00e7\u00e3o desta lei, estabelecer\u00e1 regulamento com os crit\u00e9rios t\u00e9cnicos para a fiscaliza\u00e7\u00e3o e cumprimento dos dispositivos dos artigos anteriores.<br \/>\nArt. 9\u00ba \u2013 Esta lei entra em vigor na data de sua publica\u00e7\u00e3o.<br \/>\nSala das Reuni\u00f5es, 3 de outubro de 2025.<br \/>\nMauro Tramonte (Republicanos), presidente da Comiss\u00e3o Extraordin\u00e1ria de Turismo e Gastronomia.<br \/>\nJustifica\u00e7\u00e3o: Diversas s\u00e3o as not\u00edcias de adultera\u00e7\u00e3o de bebidas em todos os Estados da nossa federa\u00e7\u00e3o.<br \/>\nA adultera\u00e7\u00e3o de bebidas \u00e9 um crime que consiste em corromper, falsificar ou adicionar subst\u00e2ncias nocivas a produtos para consumo, o que pode causar s\u00e9rios problemas de sa\u00fade at\u00e9 a morte.\u00a0<br \/>\nO aumento recente de casos de adultera\u00e7\u00e3o com metanol, por exemplo, tem levado autoridades a intensificar a fiscaliza\u00e7\u00e3o.\u00a0<br \/>\nVidas est\u00e3o sendo ceifadas por esse crime absurdo e recorrente, por isso temos que buscar mecanismos legais para dificultar ainda mais as a\u00e7\u00f5es desses criminosos.<br \/>\nPor essas raz\u00f5es, com intuito pedag\u00f3gico, ao mesmo tempo sancionador, esperamos que este projeto de lei possa alertar sobre os riscos da venda e distribui\u00e7\u00e3o destas bebidas adulteradas em nosso Estado, coibindo essa pr\u00e1tica contra a sa\u00fade p\u00fablica.\u00a0<br \/>\nDiante disso, pe\u00e7o apoio aos pares para a aprova\u00e7\u00e3o deste projeto de lei.<br \/>\n\u2013 Semelhante proposi\u00e7\u00e3o foi apresentada anteriormente pelo deputado Lincoln Drumond. Anexe-se ao Projeto de Lei n\u00ba 4.542\/2025, nos termos do \u00a7 2\u00ba do art. 173 do Regimento Interno.<\/article>\n<div style=\"text-align: center\">\n<div style=\"margin-bottom: 20px;\" class=\"et_pb_button_module_wrapper et_pb_button_5_tb_body_wrapper et_pb_button_alignment_center et_pb_module \">\n         <a class=\"et_pb_button et_pb_button_5_tb_body et_hover_enabled et_pb_bg_layout_dark\" style=\"width: 50%;background-color: black;\" href=\"https:\/\/app.legislapp.com.br\" target=\"_blank\" rel=\"noopener\">Visualizar completo na nossa plataforma (30 dias gr\u00e1tis)<\/a><\/p><\/div>\n<p>      <a href=\"https:\/\/play.google.com\/store\/apps\/details?id=br.com.legislapp\"><img decoding=\"async\" style=\"width: 15%; min-width: 130px;\" src=\"https:\/\/www.legislapp.com.br\/wp-content\/uploads\/google-play.png\"><\/a><br \/>\n      <a href=\"https:\/\/apps.apple.com\/us\/app\/legislapp\/id1568929859\"><img decoding=\"async\" style=\"width: 15%; min-width: 130px\" src=\"https:\/\/www.legislapp.com.br\/wp-content\/uploads\/apple-store.png\"><\/a>\n   <\/div>\n","protected":false},"excerpt":{"rendered":"<p>C\u00e2m. Legislativa de MG &#8211; Autoria de Deputados Institui o Programa de Combate \u00e0 Adultera\u00e7\u00e3o de Bebidas\u00a0no \u00e2mbito do Estado. Institui no \u00e2mbito do Estado de Minas Gerais o Programa de Combate \u00e0 Adultera\u00e7\u00e3o de Bebidas e d\u00e1 outras provid\u00eancias. A Assembleia Legislativa do Estado de Minas Gerais decreta: Art. 1\u00ba \u2013 Fica institu\u00eddo no [&hellip;]<\/p>\n","protected":false},"author":1,"featured_media":0,"parent":0,"menu_order":0,"comment_status":"closed","ping_status":"closed","template":"page-template-blank.php","meta":{"_et_pb_use_builder":"","_et_pb_old_content":"","_et_gb_content_width":"1080","ngg_post_thumbnail":0,"footnotes":""},"class_list":["post-11174","page","type-page","status-publish","hentry"],"yoast_head":"<!-- This site is optimized with the Yoast SEO plugin v24.4 - https:\/\/yoast.com\/wordpress\/plugins\/seo\/ -->\n<title>PL 4555\/2025 - Deputados - Legislapp<\/title>\n<meta name=\"robots\" content=\"index, follow, max-snippet:-1, max-image-preview:large, max-video-preview:-1\" \/>\n<link rel=\"canonical\" href=\"https:\/\/www.legislapp.com.br\/index.php\/cam-legislativa-de-mg-pl-4555-2025\/\" \/>\n<meta property=\"og:locale\" content=\"pt_BR\" \/>\n<meta property=\"og:type\" content=\"article\" \/>\n<meta property=\"og:title\" content=\"PL 4555\/2025 - Deputados - Legislapp\" \/>\n<meta property=\"og:description\" content=\"C\u00e2m. Legislativa de MG &#8211; Autoria de Deputados Institui o Programa de Combate \u00e0 Adultera\u00e7\u00e3o de Bebidas\u00a0no \u00e2mbito do Estado. Institui no \u00e2mbito do Estado de Minas Gerais o Programa de Combate \u00e0 Adultera\u00e7\u00e3o de Bebidas e d\u00e1 outras provid\u00eancias. A Assembleia Legislativa do Estado de Minas Gerais decreta: Art. 1\u00ba \u2013 Fica institu\u00eddo no [&hellip;]\" \/>\n<meta property=\"og:url\" content=\"https:\/\/www.legislapp.com.br\/index.php\/cam-legislativa-de-mg-pl-4555-2025\/\" \/>\n<meta property=\"og:site_name\" content=\"Legislapp\" \/>\n<meta property=\"article:publisher\" content=\"https:\/\/www.instagram.com\/legislapp\/\" \/>\n<meta property=\"og:image\" content=\"https:\/\/www.legislapp.com.br\/wp-content\/uploads\/google-play.png\" \/>\n<meta name=\"twitter:card\" content=\"summary_large_image\" \/>\n<meta name=\"twitter:label1\" content=\"Est. tempo de leitura\" \/>\n\t<meta name=\"twitter:data1\" content=\"3 minutos\" \/>\n<script type=\"application\/ld+json\" class=\"yoast-schema-graph\">{\"@context\":\"https:\/\/schema.org\",\"@graph\":[{\"@type\":\"WebPage\",\"@id\":\"https:\/\/www.legislapp.com.br\/index.php\/cam-legislativa-de-mg-pl-4555-2025\/\",\"url\":\"https:\/\/www.legislapp.com.br\/index.php\/cam-legislativa-de-mg-pl-4555-2025\/\",\"name\":\"PL 4555\/2025 - Deputados - Legislapp\",\"isPartOf\":{\"@id\":\"https:\/\/www.legislapp.com.br\/#website\"},\"primaryImageOfPage\":{\"@id\":\"https:\/\/www.legislapp.com.br\/index.php\/cam-legislativa-de-mg-pl-4555-2025\/#primaryimage\"},\"image\":{\"@id\":\"https:\/\/www.legislapp.com.br\/index.php\/cam-legislativa-de-mg-pl-4555-2025\/#primaryimage\"},\"thumbnailUrl\":\"https:\/\/www.legislapp.com.br\/wp-content\/uploads\/google-play.png\",\"datePublished\":\"2026-01-19T14:35:46+00:00\",\"breadcrumb\":{\"@id\":\"https:\/\/www.legislapp.com.br\/index.php\/cam-legislativa-de-mg-pl-4555-2025\/#breadcrumb\"},\"inLanguage\":\"pt-BR\",\"potentialAction\":[{\"@type\":\"ReadAction\",\"target\":[\"https:\/\/www.legislapp.com.br\/index.php\/cam-legislativa-de-mg-pl-4555-2025\/\"]}]},{\"@type\":\"ImageObject\",\"inLanguage\":\"pt-BR\",\"@id\":\"https:\/\/www.legislapp.com.br\/index.php\/cam-legislativa-de-mg-pl-4555-2025\/#primaryimage\",\"url\":\"https:\/\/www.legislapp.com.br\/wp-content\/uploads\/google-play.png\",\"contentUrl\":\"https:\/\/www.legislapp.com.br\/wp-content\/uploads\/google-play.png\",\"width\":564,\"height\":168},{\"@type\":\"BreadcrumbList\",\"@id\":\"https:\/\/www.legislapp.com.br\/index.php\/cam-legislativa-de-mg-pl-4555-2025\/#breadcrumb\",\"itemListElement\":[{\"@type\":\"ListItem\",\"position\":1,\"name\":\"In\u00edcio\",\"item\":\"https:\/\/www.legislapp.com.br\/\"},{\"@type\":\"ListItem\",\"position\":2,\"name\":\"PL 4555\/2025 &#8211; Deputados\"}]},{\"@type\":\"WebSite\",\"@id\":\"https:\/\/www.legislapp.com.br\/#website\",\"url\":\"https:\/\/www.legislapp.com.br\/\",\"name\":\"Legislapp\",\"description\":\"Intelig\u00eancia governamental em tempo real\",\"publisher\":{\"@id\":\"https:\/\/www.legislapp.com.br\/#organization\"},\"potentialAction\":[{\"@type\":\"SearchAction\",\"target\":{\"@type\":\"EntryPoint\",\"urlTemplate\":\"https:\/\/www.legislapp.com.br\/?s={search_term_string}\"},\"query-input\":{\"@type\":\"PropertyValueSpecification\",\"valueRequired\":true,\"valueName\":\"search_term_string\"}}],\"inLanguage\":\"pt-BR\"},{\"@type\":\"Organization\",\"@id\":\"https:\/\/www.legislapp.com.br\/#organization\",\"name\":\"Legislapp Monitoramento e Intelig\u00eancia Governamental\",\"url\":\"https:\/\/www.legislapp.com.br\/\",\"logo\":{\"@type\":\"ImageObject\",\"inLanguage\":\"pt-BR\",\"@id\":\"https:\/\/www.legislapp.com.br\/#\/schema\/logo\/image\/\",\"url\":\"https:\/\/www.legislapp.com.br\/wp-content\/uploads\/icon.png\",\"contentUrl\":\"https:\/\/www.legislapp.com.br\/wp-content\/uploads\/icon.png\",\"width\":1024,\"height\":1024,\"caption\":\"Legislapp Monitoramento e Intelig\u00eancia Governamental\"},\"image\":{\"@id\":\"https:\/\/www.legislapp.com.br\/#\/schema\/logo\/image\/\"},\"sameAs\":[\"https:\/\/www.instagram.com\/legislapp\/\"]}]}<\/script>\n<!-- \/ Yoast SEO plugin. -->","yoast_head_json":{"title":"PL 4555\/2025 - Deputados - Legislapp","robots":{"index":"index","follow":"follow","max-snippet":"max-snippet:-1","max-image-preview":"max-image-preview:large","max-video-preview":"max-video-preview:-1"},"canonical":"https:\/\/www.legislapp.com.br\/index.php\/cam-legislativa-de-mg-pl-4555-2025\/","og_locale":"pt_BR","og_type":"article","og_title":"PL 4555\/2025 - Deputados - Legislapp","og_description":"C\u00e2m. Legislativa de MG &#8211; Autoria de Deputados Institui o Programa de Combate \u00e0 Adultera\u00e7\u00e3o de Bebidas\u00a0no \u00e2mbito do Estado. Institui no \u00e2mbito do Estado de Minas Gerais o Programa de Combate \u00e0 Adultera\u00e7\u00e3o de Bebidas e d\u00e1 outras provid\u00eancias. A Assembleia Legislativa do Estado de Minas Gerais decreta: Art. 1\u00ba \u2013 Fica institu\u00eddo no [&hellip;]","og_url":"https:\/\/www.legislapp.com.br\/index.php\/cam-legislativa-de-mg-pl-4555-2025\/","og_site_name":"Legislapp","article_publisher":"https:\/\/www.instagram.com\/legislapp\/","og_image":[{"url":"https:\/\/www.legislapp.com.br\/wp-content\/uploads\/google-play.png","type":"","width":"","height":""}],"twitter_card":"summary_large_image","twitter_misc":{"Est. tempo de leitura":"3 minutos"},"schema":{"@context":"https:\/\/schema.org","@graph":[{"@type":"WebPage","@id":"https:\/\/www.legislapp.com.br\/index.php\/cam-legislativa-de-mg-pl-4555-2025\/","url":"https:\/\/www.legislapp.com.br\/index.php\/cam-legislativa-de-mg-pl-4555-2025\/","name":"PL 4555\/2025 - Deputados - Legislapp","isPartOf":{"@id":"https:\/\/www.legislapp.com.br\/#website"},"primaryImageOfPage":{"@id":"https:\/\/www.legislapp.com.br\/index.php\/cam-legislativa-de-mg-pl-4555-2025\/#primaryimage"},"image":{"@id":"https:\/\/www.legislapp.com.br\/index.php\/cam-legislativa-de-mg-pl-4555-2025\/#primaryimage"},"thumbnailUrl":"https:\/\/www.legislapp.com.br\/wp-content\/uploads\/google-play.png","datePublished":"2026-01-19T14:35:46+00:00","breadcrumb":{"@id":"https:\/\/www.legislapp.com.br\/index.php\/cam-legislativa-de-mg-pl-4555-2025\/#breadcrumb"},"inLanguage":"pt-BR","potentialAction":[{"@type":"ReadAction","target":["https:\/\/www.legislapp.com.br\/index.php\/cam-legislativa-de-mg-pl-4555-2025\/"]}]},{"@type":"ImageObject","inLanguage":"pt-BR","@id":"https:\/\/www.legislapp.com.br\/index.php\/cam-legislativa-de-mg-pl-4555-2025\/#primaryimage","url":"https:\/\/www.legislapp.com.br\/wp-content\/uploads\/google-play.png","contentUrl":"https:\/\/www.legislapp.com.br\/wp-content\/uploads\/google-play.png","width":564,"height":168},{"@type":"BreadcrumbList","@id":"https:\/\/www.legislapp.com.br\/index.php\/cam-legislativa-de-mg-pl-4555-2025\/#breadcrumb","itemListElement":[{"@type":"ListItem","position":1,"name":"In\u00edcio","item":"https:\/\/www.legislapp.com.br\/"},{"@type":"ListItem","position":2,"name":"PL 4555\/2025 &#8211; Deputados"}]},{"@type":"WebSite","@id":"https:\/\/www.legislapp.com.br\/#website","url":"https:\/\/www.legislapp.com.br\/","name":"Legislapp","description":"Intelig\u00eancia governamental em tempo real","publisher":{"@id":"https:\/\/www.legislapp.com.br\/#organization"},"potentialAction":[{"@type":"SearchAction","target":{"@type":"EntryPoint","urlTemplate":"https:\/\/www.legislapp.com.br\/?s={search_term_string}"},"query-input":{"@type":"PropertyValueSpecification","valueRequired":true,"valueName":"search_term_string"}}],"inLanguage":"pt-BR"},{"@type":"Organization","@id":"https:\/\/www.legislapp.com.br\/#organization","name":"Legislapp Monitoramento e Intelig\u00eancia Governamental","url":"https:\/\/www.legislapp.com.br\/","logo":{"@type":"ImageObject","inLanguage":"pt-BR","@id":"https:\/\/www.legislapp.com.br\/#\/schema\/logo\/image\/","url":"https:\/\/www.legislapp.com.br\/wp-content\/uploads\/icon.png","contentUrl":"https:\/\/www.legislapp.com.br\/wp-content\/uploads\/icon.png","width":1024,"height":1024,"caption":"Legislapp Monitoramento e Intelig\u00eancia Governamental"},"image":{"@id":"https:\/\/www.legislapp.com.br\/#\/schema\/logo\/image\/"},"sameAs":["https:\/\/www.instagram.com\/legislapp\/"]}]}},"_links":{"self":[{"href":"https:\/\/www.legislapp.com.br\/index.php\/wp-json\/wp\/v2\/pages\/11174","targetHints":{"allow":["GET"]}}],"collection":[{"href":"https:\/\/www.legislapp.com.br\/index.php\/wp-json\/wp\/v2\/pages"}],"about":[{"href":"https:\/\/www.legislapp.com.br\/index.php\/wp-json\/wp\/v2\/types\/page"}],"author":[{"embeddable":true,"href":"https:\/\/www.legislapp.com.br\/index.php\/wp-json\/wp\/v2\/users\/1"}],"replies":[{"embeddable":true,"href":"https:\/\/www.legislapp.com.br\/index.php\/wp-json\/wp\/v2\/comments?post=11174"}],"version-history":[{"count":0,"href":"https:\/\/www.legislapp.com.br\/index.php\/wp-json\/wp\/v2\/pages\/11174\/revisions"}],"wp:attachment":[{"href":"https:\/\/www.legislapp.com.br\/index.php\/wp-json\/wp\/v2\/media?parent=11174"}],"curies":[{"name":"wp","href":"https:\/\/api.w.org\/{rel}","templated":true}]}}