{"id":11175,"date":"2026-01-19T11:35:49","date_gmt":"2026-01-19T14:35:49","guid":{"rendered":"https:\/\/www.legislapp.com.br\/index.php\/avulso-inicial-pl-5902-2025-camara\/"},"modified":"2026-01-19T11:35:49","modified_gmt":"2026-01-19T14:35:49","slug":"avulso-inicial-pl-5902-2025-camara","status":"publish","type":"page","link":"https:\/\/www.legislapp.com.br\/index.php\/avulso-inicial-pl-5902-2025-camara\/","title":{"rendered":"Avulso Inicial &#8211; PL 5902\/2025 &#8211; C\u00e2mara"},"content":{"rendered":"<h1 style='text-align: center;'>Avulso Inicial &#8211; Autoria de Cobalchini<\/h3>\n<p><\/p>\n<article>C\u00e2mara dos Deputados<br \/>\nGabinete do Deputado Cobalchini \u2013 MDB\/SC<br \/>\nPROJETO DE LEI N\u00ba _____\/2025<br \/>\n(Do Sr. COBALCHINI)<br \/>\nAltera a Lei n\u00ba 10.292, de 27 de setembro de<br \/>\n2001, para denominar o trecho da marginal da<br \/>\nRodovia BR-101, entre os quil\u00f4metros 45,3 e<br \/>\n46,7, localizado no Munic\u00edpio de Joinville \u2013<br \/>\nSC, de \u201cAlido Bonessi\u201d.<br \/>\nO CONGRESSO NACIONAL decreta:<br \/>\nArt. 1\u00ba A Lei n\u00ba 10.292, de 27 de setembro de 2001, passa a vigorar<br \/>\nacrescida do seguinte dispositivo:<br \/>\n\u201cArt. 1\u00ba-A. O trecho da marginal da Rodovia BR-101,<br \/>\ncompreendido entre os quil\u00f4metros 45,3 (quarenta e<br \/>\ncinco v\u00edrgula tr\u00eas) e 46,7 (quarenta e seis v\u00edrgula sete),<br \/>\nlocalizado no Munic\u00edpio de Joinville, Estado de Santa<br \/>\nCatarina, passa a denominar-se \u2018Alido Bonessi\u2019.\u201d (NR)<br \/>\nArt. 2\u00ba Esta Lei entra em vigor na data de sua publica\u00e7\u00e3o.<br \/>\nC\u00e2mara dos Deputados | Anexo IV \u2013 Gabinete 358 | CEP: 70160-900 \u2013 Bras\u00edlia\/DF<br \/>\nTelefone: (61) 3215-5358 | dep.cobalchini@camara.leg.br<br \/>\nPara verificar a assinatura, acesse https:\/\/infoleg-autenticidade-assinatura.camara.leg.br\/CD250436339200<br \/>\nAssinado eletronicamente pelo(a) Dep. Cobalchini<br \/>\nApresenta\u00e7\u00e3o: 18\/11\/2025 20:39:11.840 &#8211; Mesa<br \/>\n*CD250436339200* PL n.5902\/2025<br \/>C\u00e2mara dos Deputados<br \/>\nGabinete do Deputado Cobalchini \u2013 MDB\/SC<br \/>\nJUSTIFICA\u00c7\u00c3O<br \/>\nO presente Projeto de Lei tem por objetivo alterar a Lei n\u00ba 10.292, de 27 de<br \/>\nsetembro de 2001, para denominar o trecho da marginal da Rodovia BR-101, entre os<br \/>\nquil\u00f4metros 45,3 e 46,7, localizado no Munic\u00edpio de Joinville, Estado de Santa<br \/>\nCatarina, como \u201cAlido Bonessi\u201d, em justa homenagem a um cidad\u00e3o que dedicou sua<br \/>\nvida ao trabalho, ao empreendedorismo e ao desenvolvimento da comunidade<br \/>\njoinvilense.<br \/>\nNascido em 2 de novembro de 1947, em Pouso Redondo (SC), Alido Bonessi<br \/>\ndesde cedo demonstrou valores que o acompanhariam por toda a vida: humildade,<br \/>\nperseveran\u00e7a e esp\u00edrito vision\u00e1rio. Na d\u00e9cada de 1970, mudou-se para Joinville com o<br \/>\nsonho de construir uma hist\u00f3ria de realiza\u00e7\u00f5es. Iniciou suas atividades com um<br \/>\npequeno com\u00e9rcio no bairro Boa Vista, conciliando o of\u00edcio de motorista com a<br \/>\nadministra\u00e7\u00e3o familiar do neg\u00f3cio, e, com o tempo, consolidou-se como um<br \/>\nempres\u00e1rio de refer\u00eancia no setor de hortifrutigranjeiros e de combust\u00edveis.<br \/>\nA cria\u00e7\u00e3o da Comercial Bonessi, na d\u00e9cada de 1980, e, posteriormente, do<br \/>\nAuto Posto Bonessi, no quil\u00f4metro 47 da BR-101, representou n\u00e3o apenas uma<br \/>\nhist\u00f3ria de sucesso empresarial, mas tamb\u00e9m de compromisso social e gera\u00e7\u00e3o de<br \/>\noportunidades. A partir de muito trabalho, planejamento e reinvestimento constante, o<br \/>\npequeno posto \u00e0 beira da estrada transformou-se em um complexo moderno e<br \/>\nacolhedor, hoje com mais de 65 mil metros quadrados de \u00e1rea e mais de 300<br \/>\nempregos diretos, tornando-se um marco de desenvolvimento regional e refer\u00eancia em<br \/>\nqualidade de atendimento.<br \/>\nUm dos maiores legados do Senhor Bonessi foi a constru\u00e7\u00e3o da marginal da<br \/>\nBR-101, entre o km 45+300 e o km 46+700, conclu\u00edda em 2022. A obra idealizada<br \/>\npara melhorar o acesso ao Auto Posto Bonessi, \u00e0 Rua Parati e \u00e0 f\u00e1brica da General<br \/>\nMotors foi custeada integralmente pelo pr\u00f3prio empres\u00e1rio, com investimento<br \/>\naproximado de R$ 5,2 milh\u00f5es. Mais do que um gesto de empreendedorismo, a<br \/>\niniciativa demonstrou profundo senso de responsabilidade social e compromisso com<br \/>\no bem coletivo, beneficiando diariamente milhares de motoristas e fortalecendo a<br \/>\ninfraestrutura vi\u00e1ria de Joinville.<br \/>\nAlido Bonessi faleceu em 27 de agosto de 2025, aos 77 anos, deixando um<br \/>\nlegado que ultrapassa fronteiras econ\u00f4micas: o de um homem movido pela f\u00e9, pela<br \/>\n\u00e9tica e pela dedica\u00e7\u00e3o ao trabalho. Sua trajet\u00f3ria inspira gera\u00e7\u00f5es e simboliza o poder<br \/>\ntransformador da iniciativa privada quando aliada ao compromisso com o<br \/>\ndesenvolvimento social.<br \/>\nC\u00e2mara dos Deputados | Anexo IV \u2013 Gabinete 358 | CEP: 70160-900 \u2013 Bras\u00edlia\/DF<br \/>\nTelefone: (61) 3215-5358 | dep.cobalchini@camara.leg.br<br \/>\nPara verificar a assinatura, acesse https:\/\/infoleg-autenticidade-assinatura.camara.leg.br\/CD250436339200<br \/>\nAssinado eletronicamente pelo(a) Dep. Cobalchini<br \/>\nApresenta\u00e7\u00e3o: 18\/11\/2025 20:39:11.840 &#8211; Mesa<br \/>\n*CD250436339200* PL n.5902\/2025<br \/>C\u00e2mara dos Deputados<br \/>\nGabinete do Deputado Cobalchini \u2013 MDB\/SC<br \/>\nDesta forma, denominar o trecho da marginal da BR-101 como \u201cAlido<br \/>\nBonessi\u201d \u00e9 mais do que um ato de homenagem, \u00e9 o reconhecimento p\u00fablico de uma<br \/>\nvida pautada pelo esfor\u00e7o, pela vis\u00e3o de futuro e pela contribui\u00e7\u00e3o efetiva ao<br \/>\nprogresso de Joinville e de Santa Catarina. Trata-se de um tributo justo e merecido a<br \/>\num cidad\u00e3o que acreditava no valor do trabalho e na for\u00e7a das boas a\u00e7\u00f5es.<br \/>\nSala das Sess\u00f5es, em        de                     de 2025.<br \/>\nVALDIR COBALCHINI<br \/>\nDeputado Federal \u2013 MDB\/SC<br \/>\nC\u00e2mara dos Deputados | Anexo IV \u2013 Gabinete 358 | CEP: 70160-900 \u2013 Bras\u00edlia\/DF<br \/>\nTelefone: (61) 3215-5358 | dep.cobalchini@camara.leg.br<br \/>\nPara verificar a assinatura, acesse https:\/\/infoleg-autenticidade-assinatura.camara.leg.br\/CD250436339200<br \/>\nAssinado eletronicamente pelo(a) Dep. Cobalchini<br \/>\nApresenta\u00e7\u00e3o: 18\/11\/2025 20:39:11.840 &#8211; Mesa<br \/>\n*CD250436339200* PL n.5902\/2025<\/article>\n<p><a href='https:\/\/app.legislapp.com.br\/#\/busca?termo=Altera\u00e7\u00e3o'>Altera\u00e7\u00e3o<\/a>, <a href='https:\/\/app.legislapp.com.br\/#\/busca?termo=Lei Federal'>Lei Federal<\/a>, <a href='https:\/\/app.legislapp.com.br\/#\/busca?termo=renomea\u00e7\u00e3o'>renomea\u00e7\u00e3o<\/a>, <a href='https:\/\/app.legislapp.com.br\/#\/busca?termo=via marginal'>via marginal<\/a>, <a href='https:\/\/app.legislapp.com.br\/#\/busca?termo=Rodovia Translitor\u00e2nea'>Rodovia Translitor\u00e2nea<\/a>, <a href='https:\/\/app.legislapp.com.br\/#\/busca?termo=trecho rodovi\u00e1rio'>trecho rodovi\u00e1rio<\/a>, <a href='https:\/\/app.legislapp.com.br\/#\/busca?termo=Joinville (SC)'>Joinville (SC)<\/a>, <a href='https:\/\/app.legislapp.com.br\/#\/busca?termo=Santa Catarina'>Santa Catarina<\/a>, <a href='https:\/\/app.legislapp.com.br\/#\/busca?termo=empres\u00e1rio'>empres\u00e1rio<\/a>, <a href='https:\/\/app.legislapp.com.br\/#\/busca?termo=homenagem p\u00f3stuma'>homenagem p\u00f3stuma<\/a>, <a href='https:\/\/app.legislapp.com.br\/#\/busca?termo=logradouro p\u00fablico.'>logradouro p\u00fablico.<\/a><\/p>\n<div style=\"text-align: center\">\n      <img decoding=\"async\" style=\"width: 14%;\" src=\"https:\/\/www.legislapp.com.br\/wp-content\/uploads\/2021\/07\/Logo-Legislapp-1-03-1.png\"><br \/>\n      <\/p>\n<div style=\"margin-bottom: 20px;\" class=\"et_pb_button_module_wrapper et_pb_button_5_tb_body_wrapper et_pb_button_alignment_center et_pb_module \">\n         <a class=\"et_pb_button et_pb_button_5_tb_body et_hover_enabled et_pb_bg_layout_dark\" style=\"width: 50%;background-color: black;\" href=\"https:\/\/app.legislapp.com.br\" target=\"_blank\" rel=\"noopener\">Visualizar completo na nossa plataforma (30 dias gr\u00e1tis)<\/a><\/p><\/div>\n<p>      <a href=\"https:\/\/play.google.com\/store\/apps\/details?id=br.com.legislapp\"><img decoding=\"async\" style=\"width: 15%; min-width: 130px;\" src=\"https:\/\/www.legislapp.com.br\/wp-content\/uploads\/google-play.png\"><\/a><br \/>\n      <a href=\"https:\/\/apps.apple.com\/us\/app\/legislapp\/id1568929859\"><img decoding=\"async\" style=\"width: 15%; min-width: 130px\" src=\"https:\/\/www.legislapp.com.br\/wp-content\/uploads\/apple-store.png\"><\/a>\n   <\/div>\n","protected":false},"excerpt":{"rendered":"<p>Avulso Inicial &#8211; Autoria de Cobalchini C\u00e2mara dos Deputados Gabinete do Deputado Cobalchini \u2013 MDB\/SC PROJETO DE LEI N\u00ba _____\/2025 (Do Sr. COBALCHINI) Altera a Lei n\u00ba 10.292, de 27 de setembro de 2001, para denominar o trecho da marginal da Rodovia BR-101, entre os quil\u00f4metros 45,3 e 46,7, localizado no Munic\u00edpio de Joinville \u2013 [&hellip;]<\/p>\n","protected":false},"author":1,"featured_media":0,"parent":0,"menu_order":0,"comment_status":"closed","ping_status":"closed","template":"page-template-blank.php","meta":{"_et_pb_use_builder":"","_et_pb_old_content":"","_et_gb_content_width":"1080","ngg_post_thumbnail":0,"footnotes":""},"class_list":["post-11175","page","type-page","status-publish","hentry"],"yoast_head":"<!-- This site is optimized with the Yoast SEO plugin v24.4 - https:\/\/yoast.com\/wordpress\/plugins\/seo\/ -->\n<title>Avulso Inicial - PL 5902\/2025 - C\u00e2mara - Legislapp<\/title>\n<meta name=\"robots\" content=\"index, follow, max-snippet:-1, max-image-preview:large, max-video-preview:-1\" \/>\n<link rel=\"canonical\" href=\"https:\/\/www.legislapp.com.br\/index.php\/avulso-inicial-pl-5902-2025-camara\/\" \/>\n<meta property=\"og:locale\" content=\"pt_BR\" \/>\n<meta property=\"og:type\" content=\"article\" \/>\n<meta property=\"og:title\" content=\"Avulso Inicial - PL 5902\/2025 - C\u00e2mara - Legislapp\" \/>\n<meta property=\"og:description\" content=\"Avulso Inicial &#8211; Autoria de Cobalchini C\u00e2mara dos Deputados Gabinete do Deputado Cobalchini \u2013 MDB\/SC PROJETO DE LEI N\u00ba _____\/2025 (Do Sr. COBALCHINI) Altera a Lei n\u00ba 10.292, de 27 de setembro de 2001, para denominar o trecho da marginal da Rodovia BR-101, entre os quil\u00f4metros 45,3 e 46,7, localizado no Munic\u00edpio de Joinville \u2013 [&hellip;]\" \/>\n<meta property=\"og:url\" content=\"https:\/\/www.legislapp.com.br\/index.php\/avulso-inicial-pl-5902-2025-camara\/\" \/>\n<meta property=\"og:site_name\" content=\"Legislapp\" \/>\n<meta property=\"article:publisher\" content=\"https:\/\/www.instagram.com\/legislapp\/\" \/>\n<meta property=\"og:image\" content=\"https:\/\/www.legislapp.com.br\/wp-content\/uploads\/2021\/07\/Logo-Legislapp-1-03-1.png\" \/>\n<meta name=\"twitter:card\" content=\"summary_large_image\" \/>\n<meta name=\"twitter:label1\" content=\"Est. tempo de leitura\" \/>\n\t<meta name=\"twitter:data1\" content=\"4 minutos\" \/>\n<script type=\"application\/ld+json\" class=\"yoast-schema-graph\">{\"@context\":\"https:\/\/schema.org\",\"@graph\":[{\"@type\":\"WebPage\",\"@id\":\"https:\/\/www.legislapp.com.br\/index.php\/avulso-inicial-pl-5902-2025-camara\/\",\"url\":\"https:\/\/www.legislapp.com.br\/index.php\/avulso-inicial-pl-5902-2025-camara\/\",\"name\":\"Avulso Inicial - PL 5902\/2025 - C\u00e2mara - Legislapp\",\"isPartOf\":{\"@id\":\"https:\/\/www.legislapp.com.br\/#website\"},\"primaryImageOfPage\":{\"@id\":\"https:\/\/www.legislapp.com.br\/index.php\/avulso-inicial-pl-5902-2025-camara\/#primaryimage\"},\"image\":{\"@id\":\"https:\/\/www.legislapp.com.br\/index.php\/avulso-inicial-pl-5902-2025-camara\/#primaryimage\"},\"thumbnailUrl\":\"https:\/\/www.legislapp.com.br\/wp-content\/uploads\/2021\/07\/Logo-Legislapp-1-03-1.png\",\"datePublished\":\"2026-01-19T14:35:49+00:00\",\"breadcrumb\":{\"@id\":\"https:\/\/www.legislapp.com.br\/index.php\/avulso-inicial-pl-5902-2025-camara\/#breadcrumb\"},\"inLanguage\":\"pt-BR\",\"potentialAction\":[{\"@type\":\"ReadAction\",\"target\":[\"https:\/\/www.legislapp.com.br\/index.php\/avulso-inicial-pl-5902-2025-camara\/\"]}]},{\"@type\":\"ImageObject\",\"inLanguage\":\"pt-BR\",\"@id\":\"https:\/\/www.legislapp.com.br\/index.php\/avulso-inicial-pl-5902-2025-camara\/#primaryimage\",\"url\":\"https:\/\/www.legislapp.com.br\/wp-content\/uploads\/2021\/07\/Logo-Legislapp-1-03-1.png\",\"contentUrl\":\"https:\/\/www.legislapp.com.br\/wp-content\/uploads\/2021\/07\/Logo-Legislapp-1-03-1.png\",\"width\":2679,\"height\":2697},{\"@type\":\"BreadcrumbList\",\"@id\":\"https:\/\/www.legislapp.com.br\/index.php\/avulso-inicial-pl-5902-2025-camara\/#breadcrumb\",\"itemListElement\":[{\"@type\":\"ListItem\",\"position\":1,\"name\":\"In\u00edcio\",\"item\":\"https:\/\/www.legislapp.com.br\/\"},{\"@type\":\"ListItem\",\"position\":2,\"name\":\"Avulso Inicial &#8211; PL 5902\/2025 &#8211; C\u00e2mara\"}]},{\"@type\":\"WebSite\",\"@id\":\"https:\/\/www.legislapp.com.br\/#website\",\"url\":\"https:\/\/www.legislapp.com.br\/\",\"name\":\"Legislapp\",\"description\":\"Intelig\u00eancia governamental em tempo real\",\"publisher\":{\"@id\":\"https:\/\/www.legislapp.com.br\/#organization\"},\"potentialAction\":[{\"@type\":\"SearchAction\",\"target\":{\"@type\":\"EntryPoint\",\"urlTemplate\":\"https:\/\/www.legislapp.com.br\/?s={search_term_string}\"},\"query-input\":{\"@type\":\"PropertyValueSpecification\",\"valueRequired\":true,\"valueName\":\"search_term_string\"}}],\"inLanguage\":\"pt-BR\"},{\"@type\":\"Organization\",\"@id\":\"https:\/\/www.legislapp.com.br\/#organization\",\"name\":\"Legislapp Monitoramento e Intelig\u00eancia Governamental\",\"url\":\"https:\/\/www.legislapp.com.br\/\",\"logo\":{\"@type\":\"ImageObject\",\"inLanguage\":\"pt-BR\",\"@id\":\"https:\/\/www.legislapp.com.br\/#\/schema\/logo\/image\/\",\"url\":\"https:\/\/www.legislapp.com.br\/wp-content\/uploads\/icon.png\",\"contentUrl\":\"https:\/\/www.legislapp.com.br\/wp-content\/uploads\/icon.png\",\"width\":1024,\"height\":1024,\"caption\":\"Legislapp Monitoramento e Intelig\u00eancia Governamental\"},\"image\":{\"@id\":\"https:\/\/www.legislapp.com.br\/#\/schema\/logo\/image\/\"},\"sameAs\":[\"https:\/\/www.instagram.com\/legislapp\/\"]}]}<\/script>\n<!-- \/ Yoast SEO plugin. -->","yoast_head_json":{"title":"Avulso Inicial - PL 5902\/2025 - C\u00e2mara - Legislapp","robots":{"index":"index","follow":"follow","max-snippet":"max-snippet:-1","max-image-preview":"max-image-preview:large","max-video-preview":"max-video-preview:-1"},"canonical":"https:\/\/www.legislapp.com.br\/index.php\/avulso-inicial-pl-5902-2025-camara\/","og_locale":"pt_BR","og_type":"article","og_title":"Avulso Inicial - PL 5902\/2025 - C\u00e2mara - Legislapp","og_description":"Avulso Inicial &#8211; Autoria de Cobalchini C\u00e2mara dos Deputados Gabinete do Deputado Cobalchini \u2013 MDB\/SC PROJETO DE LEI N\u00ba _____\/2025 (Do Sr. COBALCHINI) Altera a Lei n\u00ba 10.292, de 27 de setembro de 2001, para denominar o trecho da marginal da Rodovia BR-101, entre os quil\u00f4metros 45,3 e 46,7, localizado no Munic\u00edpio de Joinville \u2013 [&hellip;]","og_url":"https:\/\/www.legislapp.com.br\/index.php\/avulso-inicial-pl-5902-2025-camara\/","og_site_name":"Legislapp","article_publisher":"https:\/\/www.instagram.com\/legislapp\/","og_image":[{"url":"https:\/\/www.legislapp.com.br\/wp-content\/uploads\/2021\/07\/Logo-Legislapp-1-03-1.png","type":"","width":"","height":""}],"twitter_card":"summary_large_image","twitter_misc":{"Est. tempo de leitura":"4 minutos"},"schema":{"@context":"https:\/\/schema.org","@graph":[{"@type":"WebPage","@id":"https:\/\/www.legislapp.com.br\/index.php\/avulso-inicial-pl-5902-2025-camara\/","url":"https:\/\/www.legislapp.com.br\/index.php\/avulso-inicial-pl-5902-2025-camara\/","name":"Avulso Inicial - PL 5902\/2025 - C\u00e2mara - Legislapp","isPartOf":{"@id":"https:\/\/www.legislapp.com.br\/#website"},"primaryImageOfPage":{"@id":"https:\/\/www.legislapp.com.br\/index.php\/avulso-inicial-pl-5902-2025-camara\/#primaryimage"},"image":{"@id":"https:\/\/www.legislapp.com.br\/index.php\/avulso-inicial-pl-5902-2025-camara\/#primaryimage"},"thumbnailUrl":"https:\/\/www.legislapp.com.br\/wp-content\/uploads\/2021\/07\/Logo-Legislapp-1-03-1.png","datePublished":"2026-01-19T14:35:49+00:00","breadcrumb":{"@id":"https:\/\/www.legislapp.com.br\/index.php\/avulso-inicial-pl-5902-2025-camara\/#breadcrumb"},"inLanguage":"pt-BR","potentialAction":[{"@type":"ReadAction","target":["https:\/\/www.legislapp.com.br\/index.php\/avulso-inicial-pl-5902-2025-camara\/"]}]},{"@type":"ImageObject","inLanguage":"pt-BR","@id":"https:\/\/www.legislapp.com.br\/index.php\/avulso-inicial-pl-5902-2025-camara\/#primaryimage","url":"https:\/\/www.legislapp.com.br\/wp-content\/uploads\/2021\/07\/Logo-Legislapp-1-03-1.png","contentUrl":"https:\/\/www.legislapp.com.br\/wp-content\/uploads\/2021\/07\/Logo-Legislapp-1-03-1.png","width":2679,"height":2697},{"@type":"BreadcrumbList","@id":"https:\/\/www.legislapp.com.br\/index.php\/avulso-inicial-pl-5902-2025-camara\/#breadcrumb","itemListElement":[{"@type":"ListItem","position":1,"name":"In\u00edcio","item":"https:\/\/www.legislapp.com.br\/"},{"@type":"ListItem","position":2,"name":"Avulso Inicial &#8211; PL 5902\/2025 &#8211; C\u00e2mara"}]},{"@type":"WebSite","@id":"https:\/\/www.legislapp.com.br\/#website","url":"https:\/\/www.legislapp.com.br\/","name":"Legislapp","description":"Intelig\u00eancia governamental em tempo real","publisher":{"@id":"https:\/\/www.legislapp.com.br\/#organization"},"potentialAction":[{"@type":"SearchAction","target":{"@type":"EntryPoint","urlTemplate":"https:\/\/www.legislapp.com.br\/?s={search_term_string}"},"query-input":{"@type":"PropertyValueSpecification","valueRequired":true,"valueName":"search_term_string"}}],"inLanguage":"pt-BR"},{"@type":"Organization","@id":"https:\/\/www.legislapp.com.br\/#organization","name":"Legislapp Monitoramento e Intelig\u00eancia Governamental","url":"https:\/\/www.legislapp.com.br\/","logo":{"@type":"ImageObject","inLanguage":"pt-BR","@id":"https:\/\/www.legislapp.com.br\/#\/schema\/logo\/image\/","url":"https:\/\/www.legislapp.com.br\/wp-content\/uploads\/icon.png","contentUrl":"https:\/\/www.legislapp.com.br\/wp-content\/uploads\/icon.png","width":1024,"height":1024,"caption":"Legislapp Monitoramento e Intelig\u00eancia Governamental"},"image":{"@id":"https:\/\/www.legislapp.com.br\/#\/schema\/logo\/image\/"},"sameAs":["https:\/\/www.instagram.com\/legislapp\/"]}]}},"_links":{"self":[{"href":"https:\/\/www.legislapp.com.br\/index.php\/wp-json\/wp\/v2\/pages\/11175","targetHints":{"allow":["GET"]}}],"collection":[{"href":"https:\/\/www.legislapp.com.br\/index.php\/wp-json\/wp\/v2\/pages"}],"about":[{"href":"https:\/\/www.legislapp.com.br\/index.php\/wp-json\/wp\/v2\/types\/page"}],"author":[{"embeddable":true,"href":"https:\/\/www.legislapp.com.br\/index.php\/wp-json\/wp\/v2\/users\/1"}],"replies":[{"embeddable":true,"href":"https:\/\/www.legislapp.com.br\/index.php\/wp-json\/wp\/v2\/comments?post=11175"}],"version-history":[{"count":0,"href":"https:\/\/www.legislapp.com.br\/index.php\/wp-json\/wp\/v2\/pages\/11175\/revisions"}],"wp:attachment":[{"href":"https:\/\/www.legislapp.com.br\/index.php\/wp-json\/wp\/v2\/media?parent=11175"}],"curies":[{"name":"wp","href":"https:\/\/api.w.org\/{rel}","templated":true}]}}