{"id":11183,"date":"2026-01-19T11:36:30","date_gmt":"2026-01-19T14:36:30","guid":{"rendered":"https:\/\/www.legislapp.com.br\/index.php\/cam-legislativa-de-mg-pl-4488-2025\/"},"modified":"2026-01-19T11:36:30","modified_gmt":"2026-01-19T14:36:30","slug":"cam-legislativa-de-mg-pl-4488-2025","status":"publish","type":"page","link":"https:\/\/www.legislapp.com.br\/index.php\/cam-legislativa-de-mg-pl-4488-2025\/","title":{"rendered":"PL 4488\/2025 &#8211; Deputados"},"content":{"rendered":"<h1 style='text-align: center;'>C\u00e2m. Legislativa de MG &#8211; Autoria de Deputados<\/h3>\n<p><\/p>\n<article style='text-align: center'>Disp\u00f5e sobre a cria\u00e7\u00e3o do Programa Passe Livre Estudantil Metropolitano.<\/article>\n<p><\/p>\n<p style='text-align: center'><a href='https:\/\/app.legislapp.com.br\/#\/busca?termo='><\/a><\/p>\n<p><\/p>\n<article>Disp\u00f5e sobre a cria\u00e7\u00e3o do Programa Passe Livre Estudantil Metropolitano destinado \u00e0 estudantes da rede p\u00fablica de ensino residentes na regi\u00e3o metropolitana de Belo Horizonte, e d\u00e1 outras provid\u00eancias.<br \/>\nA Assembleia Legislativa do Estado de Minas Gerais decreta:<br \/>\nArt. 1\u00ba \u2013 Fica institu\u00eddo, no Estado de Minas Gerais, o Programa Passe Livre Estudantil Metropolitano destinado a estudantes matriculados em institui\u00e7\u00f5es p\u00fablicas de ensino municipal, estadual ou federal residentes na Regi\u00e3o Metropolitana de Belo Horizonte.<br \/>\n\u00a7 1\u00ba \u2013 Considera-se Passe Livre Estudantil Metropolitano como a gratuidade do transporte dos estudantes benefici\u00e1rios, no \u00e2mbito dos servi\u00e7os p\u00fablicos de transporte coletivo, prestados direta ou indiretamente pelo Poder P\u00fablico.<br \/>\n\u00a7 2\u00ba \u2013 A concess\u00e3o do Passe Livre Estudantil abrange a regi\u00e3o metropolitana de Belo Horizonte, aglomera\u00e7\u00e3o urbana e semiurbana, correspondente \u00e0s linhas de modalidade comum e \u00e0s relativas aos percursos que o estudante utilizar.<br \/>\nArt. 2\u00ba \u2013 O\u00a0Programa Passe Livre Estudantil Metropolitano tem como objetivos:<br \/>\nI \u2013 garantia do acesso gratuito ao transporte p\u00fablico metropolitano;<br \/>\nII \u2013 fortalecimento da pol\u00edtica educacional estrat\u00e9gica voltada \u00e0 democratiza\u00e7\u00e3o do acesso e perman\u00eancia ao ensino;<br \/>\nIII \u2013 redu\u00e7\u00e3o da evas\u00e3o escolar;<br \/>\nIV \u2013 inclus\u00e3o social;<br \/>\nV \u2013 promo\u00e7\u00e3o da igualdade de oportunidades.<br \/>\nArt. 3\u00ba \u2013 O Passe Livre Estudantil Metropolitano ser\u00e1 concedido aos estudantes que atendam, cumulativamente, os seguintes requisitos:<br \/>\nI \u2013 estarem regularmente matriculados em institui\u00e7\u00f5es p\u00fablicas municipal, estadual ou federal, com ensino fundamental, m\u00e9dio ou de ensino superior, ou ainda, que possuem as seguintes modalidades:<br \/>\na) Educa\u00e7\u00e3o de Jovens e Adultos \u2013 EJA;<br \/>\nb) Educa\u00e7\u00e3o Profissional e Tecnol\u00f3gica;<br \/>\nc) Educa\u00e7\u00e3o Especial;<br \/>\nd) Educa\u00e7\u00e3o Ind\u00edgena;<br \/>\ne) Educa\u00e7\u00e3o Quilombola.<br \/>\nII \u2013 residirem em qualquer munic\u00edpio integrante da regi\u00e3o metropolitana de Belo Horizonte;<br \/>\nIII \u2013 comprovarem dist\u00e2ncia m\u00ednima de um quil\u00f4metro entre a resid\u00eancia e a institui\u00e7\u00e3o de ensino;<br \/>\n\u00a7 1\u00ba \u2013 O passe livre estudantil metropolitano estende-se ao acompanhante do estudante do ensino infantil e dos que recebem atendimento educacional especializado, nos termos dos incisos II e III do art. 4\u00ba da Lei Federal n\u00ba 9.394, de 20 de dezembro de 1996.<br \/>\n\u00a7 2\u00ba \u2013 O passe livre estudantil metropolitano ser\u00e1 devido no ensino m\u00e9dio integral, integrado ou t\u00e9cnico, inclusive no contraturno das institui\u00e7\u00f5es p\u00fablicas de que trata o art. 1\u00ba que o estudante estiver matriculado.<br \/>\nArt. 4\u00ba \u2013 O cadastro do passe livre estudantil metropolitano ser\u00e1 feito junto a \u00f3rg\u00e3o p\u00fablico definido pelo Poder Executivo Estadual.<br \/>\nArt. 5\u00ba \u2013 Fica o Estado de Minas Gerais, atrav\u00e9s de seus \u00f3rg\u00e3os e suas entidades, autorizado a celebrar conv\u00eanios, termos de coopera\u00e7\u00e3o e outros instrumentos cong\u00eaneres com os delegat\u00e1rios dos servi\u00e7os de transporte p\u00fablico coletivo e\/ou suas entidades representativas e com as demais entidades p\u00fablicas e privadas que possam contribuir para a gest\u00e3o e a execu\u00e7\u00e3o operacional, financeira e patrimonial do sistema de custeio, bem como para a gest\u00e3o das programa\u00e7\u00f5es e dos planejamentos operacionais da rede de transporte, buscando sempre efici\u00eancia e transpar\u00eancia para o sistema.<br \/>\nArt. 6\u00ba \u2013 O Poder Executivo Estadual\u00a0ser\u00e1 respons\u00e1vel por regulamentar os procedimentos e a fiscaliza\u00e7\u00e3o do programa no prazo de 120 contados a partir da sua publica\u00e7\u00e3o.<br \/>\nArt. 7\u00ba \u2013 As despesas decorrentes da execu\u00e7\u00e3o desta lei correr\u00e3o por conta das dota\u00e7\u00f5es or\u00e7ament\u00e1rias pr\u00f3prias e suplementadas, se necess\u00e1rio.<br \/>\nArt. 8\u00ba \u2013 Esta lei entra em vigor na data da sua publica\u00e7\u00e3o.<br \/>\nSala das Reuni\u00f5es, 25 de setembro de 2025.<br \/>\nBeatriz Cerqueira (PT), presidenta da Comiss\u00e3o de Educa\u00e7\u00e3o, Ci\u00eancia e Tecnologia.<br \/>\nJustifica\u00e7\u00e3o: A Constitui\u00e7\u00e3o Federal de 1988 disp\u00f4s sobre a educa\u00e7\u00e3o, elevando-a a categoria de princ\u00edpio e de pilar para o desenvolvimento da sociedade brasileira, indicando, como objetivo prec\u00edpuo, o pleno desenvolvimento da pessoa, seu preparo para o exerc\u00edcio da cidadania e sua qualifica\u00e7\u00e3o para o trabalho. Destaca-se, entre os princ\u00edpios apontados para o desenvolvimento do ensino, a promo\u00e7\u00e3o de a\u00e7\u00f5es que assegurem a igualdade de condi\u00e7\u00f5es para o acesso e a perman\u00eancia \u00e0 escola.\u00a0<br \/>\nLamentavelmente, in\u00fameros estudantes residentes na regi\u00e3o metropolitana de Belo Horizonte enfrentam dificuldades para frequentar a escola e a universidade, em raz\u00e3o do alto custo do transporte p\u00fablico, o que contribui diretamente para a evas\u00e3o escolar. Diante disso, a institui\u00e7\u00e3o da gratuidade do transporte p\u00fablico coletivo reduz significativamente as barreiras financeiras que muitos estudantes enfrentam para chegar \u00e0s suas institui\u00e7\u00f5es de ensino, permitindo que mais jovens tenham acesso \u00e0 educa\u00e7\u00e3o.<br \/>\nAtualmente, o munic\u00edpio de Belo Horizonte conta com um programa de passe estudantil restrito ao transporte urbano municipal. Contudo, os estudantes residentes nos demais munic\u00edpios integrantes da regi\u00e3o metropolitana de Belo Horizonte n\u00e3o disp\u00f5em de pol\u00edtica semelhante, ainda que enfrentem deslocamentos longos e custos elevados.<br \/>\nA proposta \u00e9 oriunda do encaminhamento da audi\u00eancia p\u00fablica realizada na 39\u00aa Reuni\u00e3o Extraordin\u00e1ria da Comiss\u00e3o de Educa\u00e7\u00e3o, Ci\u00eancia e Tecnologia desta Casa em 25.09.2025, que teve por finalidade debater a institui\u00e7\u00e3o do passe livre metropolitano aos estudantes da Regi\u00e3o Metropolitana de Belo Horizonte \u2013 RMBH \u2013, como pol\u00edtica educacional estrat\u00e9gica voltada \u00e0 democratiza\u00e7\u00e3o do acesso \u00e0 educa\u00e7\u00e3o, \u00e0 redu\u00e7\u00e3o da evas\u00e3o escolar e \u00e0 promo\u00e7\u00e3o da igualdade de oportunidades.<br \/>\nDessa forma, a presente proposta visa instituir o Programa Passe Livre Estudantil Metropolitano, que ser\u00e1 concedido exclusivamente aos estudantes matriculados em institui\u00e7\u00f5es de ensino p\u00fablicas residentes na regi\u00e3o metropolitana de Belo Horizonte. Tal medida, al\u00e9m de atender os estudantes, estimula o ingresso e a perman\u00eancia na rede p\u00fablica at\u00e9 a conclus\u00e3o do ensino superior, fortalecendo o sistema educacional p\u00fablico e ampliando as oportunidades de forma\u00e7\u00e3o para a juventude. Igual modo, reduz as desigualdades sociais e oferece oportunidades iguais de educa\u00e7\u00e3o a todos.\u00a0 Ademais, trata-se de medida de justi\u00e7a social, equidade territorial e de incentivo \u00e0 perman\u00eancia escolar, tal como contribui para a sustentabilidade ambiental, estimulando o uso do transporte p\u00fablico.<br \/>\nDiante da relev\u00e2ncia da proposta, conto com o voto dos nobres pares para que a mesma seja aprovada.<br \/>\n\u2013 Semelhante proposi\u00e7\u00e3o foi apresentada anteriormente pelo deputado Celinho Sintrocel. Anexe-se ao Projeto de Lei n\u00ba 1.781\/2015, nos termos do \u00a7 2\u00ba do art. 173 do Regimento Interno.<\/article>\n<div style=\"text-align: center\">\n<div style=\"margin-bottom: 20px;\" class=\"et_pb_button_module_wrapper et_pb_button_5_tb_body_wrapper et_pb_button_alignment_center et_pb_module \">\n         <a class=\"et_pb_button et_pb_button_5_tb_body et_hover_enabled et_pb_bg_layout_dark\" style=\"width: 50%;background-color: black;\" href=\"https:\/\/app.legislapp.com.br\" target=\"_blank\" rel=\"noopener\">Visualizar completo na nossa plataforma (30 dias gr\u00e1tis)<\/a><\/p><\/div>\n<p>      <a href=\"https:\/\/play.google.com\/store\/apps\/details?id=br.com.legislapp\"><img decoding=\"async\" style=\"width: 15%; min-width: 130px;\" src=\"https:\/\/www.legislapp.com.br\/wp-content\/uploads\/google-play.png\"><\/a><br \/>\n      <a href=\"https:\/\/apps.apple.com\/us\/app\/legislapp\/id1568929859\"><img decoding=\"async\" style=\"width: 15%; min-width: 130px\" src=\"https:\/\/www.legislapp.com.br\/wp-content\/uploads\/apple-store.png\"><\/a>\n   <\/div>\n","protected":false},"excerpt":{"rendered":"<p>C\u00e2m. Legislativa de MG &#8211; Autoria de Deputados Disp\u00f5e sobre a cria\u00e7\u00e3o do Programa Passe Livre Estudantil Metropolitano. Disp\u00f5e sobre a cria\u00e7\u00e3o do Programa Passe Livre Estudantil Metropolitano destinado \u00e0 estudantes da rede p\u00fablica de ensino residentes na regi\u00e3o metropolitana de Belo Horizonte, e d\u00e1 outras provid\u00eancias. A Assembleia Legislativa do Estado de Minas Gerais [&hellip;]<\/p>\n","protected":false},"author":1,"featured_media":0,"parent":0,"menu_order":0,"comment_status":"closed","ping_status":"closed","template":"page-template-blank.php","meta":{"_et_pb_use_builder":"","_et_pb_old_content":"","_et_gb_content_width":"1080","ngg_post_thumbnail":0,"footnotes":""},"class_list":["post-11183","page","type-page","status-publish","hentry"],"yoast_head":"<!-- This site is optimized with the Yoast SEO plugin v24.4 - https:\/\/yoast.com\/wordpress\/plugins\/seo\/ -->\n<title>PL 4488\/2025 - Deputados - Legislapp<\/title>\n<meta name=\"robots\" content=\"index, follow, max-snippet:-1, max-image-preview:large, max-video-preview:-1\" \/>\n<link rel=\"canonical\" href=\"https:\/\/www.legislapp.com.br\/index.php\/cam-legislativa-de-mg-pl-4488-2025\/\" \/>\n<meta property=\"og:locale\" content=\"pt_BR\" \/>\n<meta property=\"og:type\" content=\"article\" \/>\n<meta property=\"og:title\" content=\"PL 4488\/2025 - Deputados - Legislapp\" \/>\n<meta property=\"og:description\" content=\"C\u00e2m. Legislativa de MG &#8211; Autoria de Deputados Disp\u00f5e sobre a cria\u00e7\u00e3o do Programa Passe Livre Estudantil Metropolitano. Disp\u00f5e sobre a cria\u00e7\u00e3o do Programa Passe Livre Estudantil Metropolitano destinado \u00e0 estudantes da rede p\u00fablica de ensino residentes na regi\u00e3o metropolitana de Belo Horizonte, e d\u00e1 outras provid\u00eancias. A Assembleia Legislativa do Estado de Minas Gerais [&hellip;]\" \/>\n<meta property=\"og:url\" content=\"https:\/\/www.legislapp.com.br\/index.php\/cam-legislativa-de-mg-pl-4488-2025\/\" \/>\n<meta property=\"og:site_name\" content=\"Legislapp\" \/>\n<meta property=\"article:publisher\" content=\"https:\/\/www.instagram.com\/legislapp\/\" \/>\n<meta property=\"og:image\" content=\"https:\/\/www.legislapp.com.br\/wp-content\/uploads\/google-play.png\" \/>\n<meta name=\"twitter:card\" content=\"summary_large_image\" \/>\n<meta name=\"twitter:label1\" content=\"Est. tempo de leitura\" \/>\n\t<meta name=\"twitter:data1\" content=\"5 minutos\" \/>\n<script type=\"application\/ld+json\" class=\"yoast-schema-graph\">{\"@context\":\"https:\/\/schema.org\",\"@graph\":[{\"@type\":\"WebPage\",\"@id\":\"https:\/\/www.legislapp.com.br\/index.php\/cam-legislativa-de-mg-pl-4488-2025\/\",\"url\":\"https:\/\/www.legislapp.com.br\/index.php\/cam-legislativa-de-mg-pl-4488-2025\/\",\"name\":\"PL 4488\/2025 - Deputados - Legislapp\",\"isPartOf\":{\"@id\":\"https:\/\/www.legislapp.com.br\/#website\"},\"primaryImageOfPage\":{\"@id\":\"https:\/\/www.legislapp.com.br\/index.php\/cam-legislativa-de-mg-pl-4488-2025\/#primaryimage\"},\"image\":{\"@id\":\"https:\/\/www.legislapp.com.br\/index.php\/cam-legislativa-de-mg-pl-4488-2025\/#primaryimage\"},\"thumbnailUrl\":\"https:\/\/www.legislapp.com.br\/wp-content\/uploads\/google-play.png\",\"datePublished\":\"2026-01-19T14:36:30+00:00\",\"breadcrumb\":{\"@id\":\"https:\/\/www.legislapp.com.br\/index.php\/cam-legislativa-de-mg-pl-4488-2025\/#breadcrumb\"},\"inLanguage\":\"pt-BR\",\"potentialAction\":[{\"@type\":\"ReadAction\",\"target\":[\"https:\/\/www.legislapp.com.br\/index.php\/cam-legislativa-de-mg-pl-4488-2025\/\"]}]},{\"@type\":\"ImageObject\",\"inLanguage\":\"pt-BR\",\"@id\":\"https:\/\/www.legislapp.com.br\/index.php\/cam-legislativa-de-mg-pl-4488-2025\/#primaryimage\",\"url\":\"https:\/\/www.legislapp.com.br\/wp-content\/uploads\/google-play.png\",\"contentUrl\":\"https:\/\/www.legislapp.com.br\/wp-content\/uploads\/google-play.png\",\"width\":564,\"height\":168},{\"@type\":\"BreadcrumbList\",\"@id\":\"https:\/\/www.legislapp.com.br\/index.php\/cam-legislativa-de-mg-pl-4488-2025\/#breadcrumb\",\"itemListElement\":[{\"@type\":\"ListItem\",\"position\":1,\"name\":\"In\u00edcio\",\"item\":\"https:\/\/www.legislapp.com.br\/\"},{\"@type\":\"ListItem\",\"position\":2,\"name\":\"PL 4488\/2025 &#8211; Deputados\"}]},{\"@type\":\"WebSite\",\"@id\":\"https:\/\/www.legislapp.com.br\/#website\",\"url\":\"https:\/\/www.legislapp.com.br\/\",\"name\":\"Legislapp\",\"description\":\"Intelig\u00eancia governamental em tempo real\",\"publisher\":{\"@id\":\"https:\/\/www.legislapp.com.br\/#organization\"},\"potentialAction\":[{\"@type\":\"SearchAction\",\"target\":{\"@type\":\"EntryPoint\",\"urlTemplate\":\"https:\/\/www.legislapp.com.br\/?s={search_term_string}\"},\"query-input\":{\"@type\":\"PropertyValueSpecification\",\"valueRequired\":true,\"valueName\":\"search_term_string\"}}],\"inLanguage\":\"pt-BR\"},{\"@type\":\"Organization\",\"@id\":\"https:\/\/www.legislapp.com.br\/#organization\",\"name\":\"Legislapp Monitoramento e Intelig\u00eancia Governamental\",\"url\":\"https:\/\/www.legislapp.com.br\/\",\"logo\":{\"@type\":\"ImageObject\",\"inLanguage\":\"pt-BR\",\"@id\":\"https:\/\/www.legislapp.com.br\/#\/schema\/logo\/image\/\",\"url\":\"https:\/\/www.legislapp.com.br\/wp-content\/uploads\/icon.png\",\"contentUrl\":\"https:\/\/www.legislapp.com.br\/wp-content\/uploads\/icon.png\",\"width\":1024,\"height\":1024,\"caption\":\"Legislapp Monitoramento e Intelig\u00eancia Governamental\"},\"image\":{\"@id\":\"https:\/\/www.legislapp.com.br\/#\/schema\/logo\/image\/\"},\"sameAs\":[\"https:\/\/www.instagram.com\/legislapp\/\"]}]}<\/script>\n<!-- \/ Yoast SEO plugin. -->","yoast_head_json":{"title":"PL 4488\/2025 - Deputados - Legislapp","robots":{"index":"index","follow":"follow","max-snippet":"max-snippet:-1","max-image-preview":"max-image-preview:large","max-video-preview":"max-video-preview:-1"},"canonical":"https:\/\/www.legislapp.com.br\/index.php\/cam-legislativa-de-mg-pl-4488-2025\/","og_locale":"pt_BR","og_type":"article","og_title":"PL 4488\/2025 - Deputados - Legislapp","og_description":"C\u00e2m. Legislativa de MG &#8211; Autoria de Deputados Disp\u00f5e sobre a cria\u00e7\u00e3o do Programa Passe Livre Estudantil Metropolitano. Disp\u00f5e sobre a cria\u00e7\u00e3o do Programa Passe Livre Estudantil Metropolitano destinado \u00e0 estudantes da rede p\u00fablica de ensino residentes na regi\u00e3o metropolitana de Belo Horizonte, e d\u00e1 outras provid\u00eancias. A Assembleia Legislativa do Estado de Minas Gerais [&hellip;]","og_url":"https:\/\/www.legislapp.com.br\/index.php\/cam-legislativa-de-mg-pl-4488-2025\/","og_site_name":"Legislapp","article_publisher":"https:\/\/www.instagram.com\/legislapp\/","og_image":[{"url":"https:\/\/www.legislapp.com.br\/wp-content\/uploads\/google-play.png","type":"","width":"","height":""}],"twitter_card":"summary_large_image","twitter_misc":{"Est. tempo de leitura":"5 minutos"},"schema":{"@context":"https:\/\/schema.org","@graph":[{"@type":"WebPage","@id":"https:\/\/www.legislapp.com.br\/index.php\/cam-legislativa-de-mg-pl-4488-2025\/","url":"https:\/\/www.legislapp.com.br\/index.php\/cam-legislativa-de-mg-pl-4488-2025\/","name":"PL 4488\/2025 - Deputados - Legislapp","isPartOf":{"@id":"https:\/\/www.legislapp.com.br\/#website"},"primaryImageOfPage":{"@id":"https:\/\/www.legislapp.com.br\/index.php\/cam-legislativa-de-mg-pl-4488-2025\/#primaryimage"},"image":{"@id":"https:\/\/www.legislapp.com.br\/index.php\/cam-legislativa-de-mg-pl-4488-2025\/#primaryimage"},"thumbnailUrl":"https:\/\/www.legislapp.com.br\/wp-content\/uploads\/google-play.png","datePublished":"2026-01-19T14:36:30+00:00","breadcrumb":{"@id":"https:\/\/www.legislapp.com.br\/index.php\/cam-legislativa-de-mg-pl-4488-2025\/#breadcrumb"},"inLanguage":"pt-BR","potentialAction":[{"@type":"ReadAction","target":["https:\/\/www.legislapp.com.br\/index.php\/cam-legislativa-de-mg-pl-4488-2025\/"]}]},{"@type":"ImageObject","inLanguage":"pt-BR","@id":"https:\/\/www.legislapp.com.br\/index.php\/cam-legislativa-de-mg-pl-4488-2025\/#primaryimage","url":"https:\/\/www.legislapp.com.br\/wp-content\/uploads\/google-play.png","contentUrl":"https:\/\/www.legislapp.com.br\/wp-content\/uploads\/google-play.png","width":564,"height":168},{"@type":"BreadcrumbList","@id":"https:\/\/www.legislapp.com.br\/index.php\/cam-legislativa-de-mg-pl-4488-2025\/#breadcrumb","itemListElement":[{"@type":"ListItem","position":1,"name":"In\u00edcio","item":"https:\/\/www.legislapp.com.br\/"},{"@type":"ListItem","position":2,"name":"PL 4488\/2025 &#8211; Deputados"}]},{"@type":"WebSite","@id":"https:\/\/www.legislapp.com.br\/#website","url":"https:\/\/www.legislapp.com.br\/","name":"Legislapp","description":"Intelig\u00eancia governamental em tempo real","publisher":{"@id":"https:\/\/www.legislapp.com.br\/#organization"},"potentialAction":[{"@type":"SearchAction","target":{"@type":"EntryPoint","urlTemplate":"https:\/\/www.legislapp.com.br\/?s={search_term_string}"},"query-input":{"@type":"PropertyValueSpecification","valueRequired":true,"valueName":"search_term_string"}}],"inLanguage":"pt-BR"},{"@type":"Organization","@id":"https:\/\/www.legislapp.com.br\/#organization","name":"Legislapp Monitoramento e Intelig\u00eancia Governamental","url":"https:\/\/www.legislapp.com.br\/","logo":{"@type":"ImageObject","inLanguage":"pt-BR","@id":"https:\/\/www.legislapp.com.br\/#\/schema\/logo\/image\/","url":"https:\/\/www.legislapp.com.br\/wp-content\/uploads\/icon.png","contentUrl":"https:\/\/www.legislapp.com.br\/wp-content\/uploads\/icon.png","width":1024,"height":1024,"caption":"Legislapp Monitoramento e Intelig\u00eancia Governamental"},"image":{"@id":"https:\/\/www.legislapp.com.br\/#\/schema\/logo\/image\/"},"sameAs":["https:\/\/www.instagram.com\/legislapp\/"]}]}},"_links":{"self":[{"href":"https:\/\/www.legislapp.com.br\/index.php\/wp-json\/wp\/v2\/pages\/11183","targetHints":{"allow":["GET"]}}],"collection":[{"href":"https:\/\/www.legislapp.com.br\/index.php\/wp-json\/wp\/v2\/pages"}],"about":[{"href":"https:\/\/www.legislapp.com.br\/index.php\/wp-json\/wp\/v2\/types\/page"}],"author":[{"embeddable":true,"href":"https:\/\/www.legislapp.com.br\/index.php\/wp-json\/wp\/v2\/users\/1"}],"replies":[{"embeddable":true,"href":"https:\/\/www.legislapp.com.br\/index.php\/wp-json\/wp\/v2\/comments?post=11183"}],"version-history":[{"count":0,"href":"https:\/\/www.legislapp.com.br\/index.php\/wp-json\/wp\/v2\/pages\/11183\/revisions"}],"wp:attachment":[{"href":"https:\/\/www.legislapp.com.br\/index.php\/wp-json\/wp\/v2\/media?parent=11183"}],"curies":[{"name":"wp","href":"https:\/\/api.w.org\/{rel}","templated":true}]}}