{"id":11192,"date":"2026-01-19T11:38:15","date_gmt":"2026-01-19T14:38:15","guid":{"rendered":"https:\/\/www.legislapp.com.br\/index.php\/avulso-inicial-pl-6245-2025-camara\/"},"modified":"2026-01-19T11:38:15","modified_gmt":"2026-01-19T14:38:15","slug":"avulso-inicial-pl-6245-2025-camara","status":"publish","type":"page","link":"https:\/\/www.legislapp.com.br\/index.php\/avulso-inicial-pl-6245-2025-camara\/","title":{"rendered":"Avulso Inicial &#8211; PL 6245\/2025 &#8211; C\u00e2mara"},"content":{"rendered":"<h1 style='text-align: center;'>Avulso Inicial &#8211; Autoria de Ana Pimentel<\/h3>\n<p><\/p>\n<article>PROJETO DE LEI N\u00ba          , DE 2025<br \/>\n(Da Sra. ANA PIMENTEL)<br \/>\nAltera a Lei n\u00ba 12.379, de 2011, que<br \/>\ndisp\u00f5e sobre o Sistema Nacional de Via\u00e7\u00e3o<br \/>\n(SNV), para instituir diretrizes para<br \/>\nprogramas federais de apoio a estradas<br \/>\nvicinais.<br \/>\nO Congresso Nacional decreta:<br \/>\nArt. 1\u00ba Esta Lei altera a Lei n\u00ba 12.379, de 6 de janeiro de 2011,<br \/>\nque disp\u00f5e sobre o Sistema Nacional de Via\u00e7\u00e3o (SNV), para instituir como<br \/>\ndiretriz de programas federais de apoio \u00e0 constru\u00e7\u00e3o, manuten\u00e7\u00e3o e<br \/>\nrecupera\u00e7\u00e3o de estradas vicinais a prioriza\u00e7\u00e3o de regi\u00f5es com assentamentos<br \/>\nda reforma agr\u00e1ria e comunidades rurais.<br \/>\nArt. 2\u00ba O caput do art. 39 da Lei n\u00ba Lei n\u00ba 12.379, de 2011,<br \/>\npassa a vigorar acrescido do seguinte par\u00e1grafo \u00fanico:<br \/>\n\u201cArt.<br \/>\n39. &#8230;&#8230;&#8230;&#8230;&#8230;&#8230;&#8230;&#8230;&#8230;&#8230;&#8230;&#8230;&#8230;&#8230;&#8230;&#8230;&#8230;&#8230;&#8230;&#8230;&#8230;&#8230;&#8230;&#8230;&#8230;&#8230;&#8230;&#8230;&#8230;&#8230;&#8230;&#8230;..<br \/>\nPar\u00e1grafo \u00fanico. Os programas federais de apoio \u00e0 constru\u00e7\u00e3o,<br \/>\nmanuten\u00e7\u00e3o e recupera\u00e7\u00e3o de estradas vicinais dos Munic\u00edpios<br \/>\ndever\u00e3o ter como diretriz a prioriza\u00e7\u00e3o de regi\u00f5es com<br \/>\nassentamentos da reforma agr\u00e1ria e comunidades rurais, visando<br \/>\ngarantir o escoamento da produ\u00e7\u00e3o, os servi\u00e7os de transporte<br \/>\nescolar e o acesso a servi\u00e7os p\u00fablicos.\u201d (NR)<br \/>\nArt. 3\u00ba Esta Lei entra em vigor na data de sua publica\u00e7\u00e3o.<br \/>\nJUSTIFICA\u00c7\u00c3O<br \/>\nO presente projeto de lei tem por objetivo aprimorar a Lei n\u00ba<br \/>\n12.379, de 6 de janeiro de 2011, que disp\u00f5e sobre o Sistema Nacional de<br \/>\nPara verificar a assinatura, acesse https:\/\/infoleg-autenticidade-assinatura.camara.leg.br\/CD252864148900<br \/>\nAssinado eletronicamente pelo(a) Dep. Ana Pimentel<br \/>\nApresenta\u00e7\u00e3o: 09\/12\/2025 14:08:57.807 &#8211; Mesa<br \/>\n*CD252864148900* PL n.6245\/2025<br \/>2<br \/>\nVia\u00e7\u00e3o (SNV), estabelecendo como diretriz dos programas federais de apoio a<br \/>\nestradas vicinais a prioriza\u00e7\u00e3o de regi\u00f5es com assentamentos da reforma<br \/>\nagr\u00e1ria e comunidades rurais.<br \/>\nA proposi\u00e7\u00e3o encontra amparo no art. 21, inciso XXI, da<br \/>\nConstitui\u00e7\u00e3o Federal, que atribui \u00e0 Uni\u00e3o a compet\u00eancia para \u201cestabelecer<br \/>\nprinc\u00edpios e diretrizes para o sistema nacional de via\u00e7\u00e3o\u201d. Dessa forma, a<br \/>\npresente iniciativa legislativa insere-se perfeitamente no marco constitucional<br \/>\nde compet\u00eancias da Uni\u00e3o para orientar as pol\u00edticas p\u00fablicas relacionadas \u00e0<br \/>\ninfraestrutura vi\u00e1ria nacional.<br \/>\nAs estradas vicinais desempenham papel estrat\u00e9gico na<br \/>\nintegra\u00e7\u00e3o territorial e no desenvolvimento econ\u00f4mico e social das \u00e1reas rurais<br \/>\ndo Brasil. Para os assentamentos da reforma agr\u00e1ria e comunidades rurais, a<br \/>\nexist\u00eancia de vias em condi\u00e7\u00f5es adequadas de trafegabilidade \u00e9 condi\u00e7\u00e3o<br \/>\nessencial para a viabiliza\u00e7\u00e3o da produ\u00e7\u00e3o agropecu\u00e1ria familiar, representando<br \/>\nelo fundamental entre a porteira da propriedade e os mercados consumidores.<br \/>\nA aus\u00eancia ou precariedade dessas vias impacta<br \/>\nnegativamente m\u00faltiplas dimens\u00f5es da vida rural: dificulta o escoamento da<br \/>\nprodu\u00e7\u00e3o agr\u00edcola, gerando perdas econ\u00f4micas significativas; compromete o<br \/>\ntransporte escolar de crian\u00e7as e adolescentes, afetando o direito \u00e0 educa\u00e7\u00e3o; e<br \/>\nlimita o acesso a servi\u00e7os p\u00fablicos essenciais, como sa\u00fade e assist\u00eancia<br \/>\nt\u00e9cnica.<br \/>\nAo estabelecer crit\u00e9rio de prioriza\u00e7\u00e3o transparente e objetivo, o<br \/>\nprojeto contribui para maior efici\u00eancia na aloca\u00e7\u00e3o de recursos p\u00fablicos<br \/>\nfederais destinados \u00e0s estradas vicinais, direcionando-os para regi\u00f5es onde o<br \/>\nimpacto socioecon\u00f4mico ser\u00e1 mais significativo. Importante ressaltar que a<br \/>\nproposi\u00e7\u00e3o n\u00e3o exclui outras regi\u00f5es do acesso aos programas federais, mas<br \/>\nestabelece diretriz de prioriza\u00e7\u00e3o que orienta a formula\u00e7\u00e3o e execu\u00e7\u00e3o das<br \/>\npol\u00edticas p\u00fablicas, respeitando o princ\u00edpio da razoabilidade e da<br \/>\nproporcionalidade na gest\u00e3o dos recursos p\u00fablicos.<br \/>\nDiante do exposto, e considerando a relev\u00e2ncia social da<br \/>\nmat\u00e9ria, contamos com o apoio dos nobres Pares para a aprova\u00e7\u00e3o deste<br \/>\nprojeto de lei.<br \/>\nPara verificar a assinatura, acesse https:\/\/infoleg-autenticidade-assinatura.camara.leg.br\/CD252864148900<br \/>\nAssinado eletronicamente pelo(a) Dep. Ana Pimentel<br \/>\nApresenta\u00e7\u00e3o: 09\/12\/2025 14:08:57.807 &#8211; Mesa<br \/>\n*CD252864148900* PL n.6245\/2025<br \/>3<br \/>\nSala das Sess\u00f5es, em        de                     de 2025.<br \/>\nDeputada ANA PIMENTEL<br \/>\n2025-14492<br \/>\nPara verificar a assinatura, acesse https:\/\/infoleg-autenticidade-assinatura.camara.leg.br\/CD252864148900<br \/>\nAssinado eletronicamente pelo(a) Dep. Ana Pimentel<br \/>\nApresenta\u00e7\u00e3o: 09\/12\/2025 14:08:57.807 &#8211; Mesa<br \/>\n*CD252864148900* PL n.6245\/2025<\/article>\n<p><a href='https:\/\/app.legislapp.com.br\/#\/busca?termo=Altera\u00e7\u00e3o'>Altera\u00e7\u00e3o<\/a>, <a href='https:\/\/app.legislapp.com.br\/#\/busca?termo=Lei Federal'>Lei Federal<\/a>, <a href='https:\/\/app.legislapp.com.br\/#\/busca?termo=Sistema Nacional de Via\u00e7\u00e3o (SNV)'>Sistema Nacional de Via\u00e7\u00e3o (SNV)<\/a>, <a href='https:\/\/app.legislapp.com.br\/#\/busca?termo=Programa (administra\u00e7\u00e3o)'>Programa (administra\u00e7\u00e3o)<\/a>, <a href='https:\/\/app.legislapp.com.br\/#\/busca?termo=constru\u00e7\u00e3o'>constru\u00e7\u00e3o<\/a>, <a href='https:\/\/app.legislapp.com.br\/#\/busca?termo=manuten\u00e7\u00e3o'>manuten\u00e7\u00e3o<\/a>, <a href='https:\/\/app.legislapp.com.br\/#\/busca?termo=recupera\u00e7\u00e3o'>recupera\u00e7\u00e3o<\/a>, <a href='https:\/\/app.legislapp.com.br\/#\/busca?termo=estrada vicinal'>estrada vicinal<\/a>, <a href='https:\/\/app.legislapp.com.br\/#\/busca?termo=munic\u00edpio'>munic\u00edpio<\/a>, <a href='https:\/\/app.legislapp.com.br\/#\/busca?termo=obrigatoriedade'>obrigatoriedade<\/a>, <a href='https:\/\/app.legislapp.com.br\/#\/busca?termo=prioriza\u00e7\u00e3o'>prioriza\u00e7\u00e3o<\/a>, <a href='https:\/\/app.legislapp.com.br\/#\/busca?termo=assentamento rural'>assentamento rural<\/a>, <a href='https:\/\/app.legislapp.com.br\/#\/busca?termo=reforma agr\u00e1ria'>reforma agr\u00e1ria<\/a>, <a href='https:\/\/app.legislapp.com.br\/#\/busca?termo=comunidade rural.'>comunidade rural.<\/a><\/p>\n<div style=\"text-align: center\">\n      <img decoding=\"async\" style=\"width: 14%;\" src=\"https:\/\/www.legislapp.com.br\/wp-content\/uploads\/2021\/07\/Logo-Legislapp-1-03-1.png\"><br \/>\n      <\/p>\n<div style=\"margin-bottom: 20px;\" class=\"et_pb_button_module_wrapper et_pb_button_5_tb_body_wrapper et_pb_button_alignment_center et_pb_module \">\n         <a class=\"et_pb_button et_pb_button_5_tb_body et_hover_enabled et_pb_bg_layout_dark\" style=\"width: 50%;background-color: black;\" href=\"https:\/\/app.legislapp.com.br\" target=\"_blank\" rel=\"noopener\">Visualizar completo na nossa plataforma (30 dias gr\u00e1tis)<\/a><\/p><\/div>\n<p>      <a href=\"https:\/\/play.google.com\/store\/apps\/details?id=br.com.legislapp\"><img decoding=\"async\" style=\"width: 15%; min-width: 130px;\" src=\"https:\/\/www.legislapp.com.br\/wp-content\/uploads\/google-play.png\"><\/a><br \/>\n      <a href=\"https:\/\/apps.apple.com\/us\/app\/legislapp\/id1568929859\"><img decoding=\"async\" style=\"width: 15%; min-width: 130px\" src=\"https:\/\/www.legislapp.com.br\/wp-content\/uploads\/apple-store.png\"><\/a>\n   <\/div>\n","protected":false},"excerpt":{"rendered":"<p>Avulso Inicial &#8211; Autoria de Ana Pimentel PROJETO DE LEI N\u00ba , DE 2025 (Da Sra. ANA PIMENTEL) Altera a Lei n\u00ba 12.379, de 2011, que disp\u00f5e sobre o Sistema Nacional de Via\u00e7\u00e3o (SNV), para instituir diretrizes para programas federais de apoio a estradas vicinais. O Congresso Nacional decreta: Art. 1\u00ba Esta Lei altera a [&hellip;]<\/p>\n","protected":false},"author":1,"featured_media":0,"parent":0,"menu_order":0,"comment_status":"closed","ping_status":"closed","template":"page-template-blank.php","meta":{"_et_pb_use_builder":"","_et_pb_old_content":"","_et_gb_content_width":"1080","ngg_post_thumbnail":0,"footnotes":""},"class_list":["post-11192","page","type-page","status-publish","hentry"],"yoast_head":"<!-- This site is optimized with the Yoast SEO plugin v24.4 - https:\/\/yoast.com\/wordpress\/plugins\/seo\/ -->\n<title>Avulso Inicial - PL 6245\/2025 - C\u00e2mara - Legislapp<\/title>\n<meta name=\"robots\" content=\"index, follow, max-snippet:-1, max-image-preview:large, max-video-preview:-1\" \/>\n<link rel=\"canonical\" href=\"https:\/\/www.legislapp.com.br\/index.php\/avulso-inicial-pl-6245-2025-camara\/\" \/>\n<meta property=\"og:locale\" content=\"pt_BR\" \/>\n<meta property=\"og:type\" content=\"article\" \/>\n<meta property=\"og:title\" content=\"Avulso Inicial - PL 6245\/2025 - C\u00e2mara - Legislapp\" \/>\n<meta property=\"og:description\" content=\"Avulso Inicial &#8211; Autoria de Ana Pimentel PROJETO DE LEI N\u00ba , DE 2025 (Da Sra. ANA PIMENTEL) Altera a Lei n\u00ba 12.379, de 2011, que disp\u00f5e sobre o Sistema Nacional de Via\u00e7\u00e3o (SNV), para instituir diretrizes para programas federais de apoio a estradas vicinais. O Congresso Nacional decreta: Art. 1\u00ba Esta Lei altera a [&hellip;]\" \/>\n<meta property=\"og:url\" content=\"https:\/\/www.legislapp.com.br\/index.php\/avulso-inicial-pl-6245-2025-camara\/\" \/>\n<meta property=\"og:site_name\" content=\"Legislapp\" \/>\n<meta property=\"article:publisher\" content=\"https:\/\/www.instagram.com\/legislapp\/\" \/>\n<meta property=\"og:image\" content=\"https:\/\/www.legislapp.com.br\/wp-content\/uploads\/2021\/07\/Logo-Legislapp-1-03-1.png\" \/>\n<meta name=\"twitter:card\" content=\"summary_large_image\" \/>\n<meta name=\"twitter:label1\" content=\"Est. tempo de leitura\" \/>\n\t<meta name=\"twitter:data1\" content=\"3 minutos\" \/>\n<script type=\"application\/ld+json\" class=\"yoast-schema-graph\">{\"@context\":\"https:\/\/schema.org\",\"@graph\":[{\"@type\":\"WebPage\",\"@id\":\"https:\/\/www.legislapp.com.br\/index.php\/avulso-inicial-pl-6245-2025-camara\/\",\"url\":\"https:\/\/www.legislapp.com.br\/index.php\/avulso-inicial-pl-6245-2025-camara\/\",\"name\":\"Avulso Inicial - PL 6245\/2025 - C\u00e2mara - Legislapp\",\"isPartOf\":{\"@id\":\"https:\/\/www.legislapp.com.br\/#website\"},\"primaryImageOfPage\":{\"@id\":\"https:\/\/www.legislapp.com.br\/index.php\/avulso-inicial-pl-6245-2025-camara\/#primaryimage\"},\"image\":{\"@id\":\"https:\/\/www.legislapp.com.br\/index.php\/avulso-inicial-pl-6245-2025-camara\/#primaryimage\"},\"thumbnailUrl\":\"https:\/\/www.legislapp.com.br\/wp-content\/uploads\/2021\/07\/Logo-Legislapp-1-03-1.png\",\"datePublished\":\"2026-01-19T14:38:15+00:00\",\"breadcrumb\":{\"@id\":\"https:\/\/www.legislapp.com.br\/index.php\/avulso-inicial-pl-6245-2025-camara\/#breadcrumb\"},\"inLanguage\":\"pt-BR\",\"potentialAction\":[{\"@type\":\"ReadAction\",\"target\":[\"https:\/\/www.legislapp.com.br\/index.php\/avulso-inicial-pl-6245-2025-camara\/\"]}]},{\"@type\":\"ImageObject\",\"inLanguage\":\"pt-BR\",\"@id\":\"https:\/\/www.legislapp.com.br\/index.php\/avulso-inicial-pl-6245-2025-camara\/#primaryimage\",\"url\":\"https:\/\/www.legislapp.com.br\/wp-content\/uploads\/2021\/07\/Logo-Legislapp-1-03-1.png\",\"contentUrl\":\"https:\/\/www.legislapp.com.br\/wp-content\/uploads\/2021\/07\/Logo-Legislapp-1-03-1.png\",\"width\":2679,\"height\":2697},{\"@type\":\"BreadcrumbList\",\"@id\":\"https:\/\/www.legislapp.com.br\/index.php\/avulso-inicial-pl-6245-2025-camara\/#breadcrumb\",\"itemListElement\":[{\"@type\":\"ListItem\",\"position\":1,\"name\":\"In\u00edcio\",\"item\":\"https:\/\/www.legislapp.com.br\/\"},{\"@type\":\"ListItem\",\"position\":2,\"name\":\"Avulso Inicial &#8211; PL 6245\/2025 &#8211; C\u00e2mara\"}]},{\"@type\":\"WebSite\",\"@id\":\"https:\/\/www.legislapp.com.br\/#website\",\"url\":\"https:\/\/www.legislapp.com.br\/\",\"name\":\"Legislapp\",\"description\":\"Intelig\u00eancia governamental em tempo real\",\"publisher\":{\"@id\":\"https:\/\/www.legislapp.com.br\/#organization\"},\"potentialAction\":[{\"@type\":\"SearchAction\",\"target\":{\"@type\":\"EntryPoint\",\"urlTemplate\":\"https:\/\/www.legislapp.com.br\/?s={search_term_string}\"},\"query-input\":{\"@type\":\"PropertyValueSpecification\",\"valueRequired\":true,\"valueName\":\"search_term_string\"}}],\"inLanguage\":\"pt-BR\"},{\"@type\":\"Organization\",\"@id\":\"https:\/\/www.legislapp.com.br\/#organization\",\"name\":\"Legislapp Monitoramento e Intelig\u00eancia Governamental\",\"url\":\"https:\/\/www.legislapp.com.br\/\",\"logo\":{\"@type\":\"ImageObject\",\"inLanguage\":\"pt-BR\",\"@id\":\"https:\/\/www.legislapp.com.br\/#\/schema\/logo\/image\/\",\"url\":\"https:\/\/www.legislapp.com.br\/wp-content\/uploads\/icon.png\",\"contentUrl\":\"https:\/\/www.legislapp.com.br\/wp-content\/uploads\/icon.png\",\"width\":1024,\"height\":1024,\"caption\":\"Legislapp Monitoramento e Intelig\u00eancia Governamental\"},\"image\":{\"@id\":\"https:\/\/www.legislapp.com.br\/#\/schema\/logo\/image\/\"},\"sameAs\":[\"https:\/\/www.instagram.com\/legislapp\/\"]}]}<\/script>\n<!-- \/ Yoast SEO plugin. -->","yoast_head_json":{"title":"Avulso Inicial - PL 6245\/2025 - C\u00e2mara - Legislapp","robots":{"index":"index","follow":"follow","max-snippet":"max-snippet:-1","max-image-preview":"max-image-preview:large","max-video-preview":"max-video-preview:-1"},"canonical":"https:\/\/www.legislapp.com.br\/index.php\/avulso-inicial-pl-6245-2025-camara\/","og_locale":"pt_BR","og_type":"article","og_title":"Avulso Inicial - PL 6245\/2025 - C\u00e2mara - Legislapp","og_description":"Avulso Inicial &#8211; Autoria de Ana Pimentel PROJETO DE LEI N\u00ba , DE 2025 (Da Sra. ANA PIMENTEL) Altera a Lei n\u00ba 12.379, de 2011, que disp\u00f5e sobre o Sistema Nacional de Via\u00e7\u00e3o (SNV), para instituir diretrizes para programas federais de apoio a estradas vicinais. O Congresso Nacional decreta: Art. 1\u00ba Esta Lei altera a [&hellip;]","og_url":"https:\/\/www.legislapp.com.br\/index.php\/avulso-inicial-pl-6245-2025-camara\/","og_site_name":"Legislapp","article_publisher":"https:\/\/www.instagram.com\/legislapp\/","og_image":[{"url":"https:\/\/www.legislapp.com.br\/wp-content\/uploads\/2021\/07\/Logo-Legislapp-1-03-1.png","type":"","width":"","height":""}],"twitter_card":"summary_large_image","twitter_misc":{"Est. tempo de leitura":"3 minutos"},"schema":{"@context":"https:\/\/schema.org","@graph":[{"@type":"WebPage","@id":"https:\/\/www.legislapp.com.br\/index.php\/avulso-inicial-pl-6245-2025-camara\/","url":"https:\/\/www.legislapp.com.br\/index.php\/avulso-inicial-pl-6245-2025-camara\/","name":"Avulso Inicial - PL 6245\/2025 - C\u00e2mara - Legislapp","isPartOf":{"@id":"https:\/\/www.legislapp.com.br\/#website"},"primaryImageOfPage":{"@id":"https:\/\/www.legislapp.com.br\/index.php\/avulso-inicial-pl-6245-2025-camara\/#primaryimage"},"image":{"@id":"https:\/\/www.legislapp.com.br\/index.php\/avulso-inicial-pl-6245-2025-camara\/#primaryimage"},"thumbnailUrl":"https:\/\/www.legislapp.com.br\/wp-content\/uploads\/2021\/07\/Logo-Legislapp-1-03-1.png","datePublished":"2026-01-19T14:38:15+00:00","breadcrumb":{"@id":"https:\/\/www.legislapp.com.br\/index.php\/avulso-inicial-pl-6245-2025-camara\/#breadcrumb"},"inLanguage":"pt-BR","potentialAction":[{"@type":"ReadAction","target":["https:\/\/www.legislapp.com.br\/index.php\/avulso-inicial-pl-6245-2025-camara\/"]}]},{"@type":"ImageObject","inLanguage":"pt-BR","@id":"https:\/\/www.legislapp.com.br\/index.php\/avulso-inicial-pl-6245-2025-camara\/#primaryimage","url":"https:\/\/www.legislapp.com.br\/wp-content\/uploads\/2021\/07\/Logo-Legislapp-1-03-1.png","contentUrl":"https:\/\/www.legislapp.com.br\/wp-content\/uploads\/2021\/07\/Logo-Legislapp-1-03-1.png","width":2679,"height":2697},{"@type":"BreadcrumbList","@id":"https:\/\/www.legislapp.com.br\/index.php\/avulso-inicial-pl-6245-2025-camara\/#breadcrumb","itemListElement":[{"@type":"ListItem","position":1,"name":"In\u00edcio","item":"https:\/\/www.legislapp.com.br\/"},{"@type":"ListItem","position":2,"name":"Avulso Inicial &#8211; PL 6245\/2025 &#8211; C\u00e2mara"}]},{"@type":"WebSite","@id":"https:\/\/www.legislapp.com.br\/#website","url":"https:\/\/www.legislapp.com.br\/","name":"Legislapp","description":"Intelig\u00eancia governamental em tempo real","publisher":{"@id":"https:\/\/www.legislapp.com.br\/#organization"},"potentialAction":[{"@type":"SearchAction","target":{"@type":"EntryPoint","urlTemplate":"https:\/\/www.legislapp.com.br\/?s={search_term_string}"},"query-input":{"@type":"PropertyValueSpecification","valueRequired":true,"valueName":"search_term_string"}}],"inLanguage":"pt-BR"},{"@type":"Organization","@id":"https:\/\/www.legislapp.com.br\/#organization","name":"Legislapp Monitoramento e Intelig\u00eancia Governamental","url":"https:\/\/www.legislapp.com.br\/","logo":{"@type":"ImageObject","inLanguage":"pt-BR","@id":"https:\/\/www.legislapp.com.br\/#\/schema\/logo\/image\/","url":"https:\/\/www.legislapp.com.br\/wp-content\/uploads\/icon.png","contentUrl":"https:\/\/www.legislapp.com.br\/wp-content\/uploads\/icon.png","width":1024,"height":1024,"caption":"Legislapp Monitoramento e Intelig\u00eancia Governamental"},"image":{"@id":"https:\/\/www.legislapp.com.br\/#\/schema\/logo\/image\/"},"sameAs":["https:\/\/www.instagram.com\/legislapp\/"]}]}},"_links":{"self":[{"href":"https:\/\/www.legislapp.com.br\/index.php\/wp-json\/wp\/v2\/pages\/11192","targetHints":{"allow":["GET"]}}],"collection":[{"href":"https:\/\/www.legislapp.com.br\/index.php\/wp-json\/wp\/v2\/pages"}],"about":[{"href":"https:\/\/www.legislapp.com.br\/index.php\/wp-json\/wp\/v2\/types\/page"}],"author":[{"embeddable":true,"href":"https:\/\/www.legislapp.com.br\/index.php\/wp-json\/wp\/v2\/users\/1"}],"replies":[{"embeddable":true,"href":"https:\/\/www.legislapp.com.br\/index.php\/wp-json\/wp\/v2\/comments?post=11192"}],"version-history":[{"count":0,"href":"https:\/\/www.legislapp.com.br\/index.php\/wp-json\/wp\/v2\/pages\/11192\/revisions"}],"wp:attachment":[{"href":"https:\/\/www.legislapp.com.br\/index.php\/wp-json\/wp\/v2\/media?parent=11192"}],"curies":[{"name":"wp","href":"https:\/\/api.w.org\/{rel}","templated":true}]}}