{"id":11204,"date":"2026-01-19T11:40:18","date_gmt":"2026-01-19T14:40:18","guid":{"rendered":"https:\/\/www.legislapp.com.br\/index.php\/cam-legislativa-de-sc-pl-0579-2025\/"},"modified":"2026-01-19T11:40:18","modified_gmt":"2026-01-19T14:40:18","slug":"cam-legislativa-de-sc-pl-0579-2025","status":"publish","type":"page","link":"https:\/\/www.legislapp.com.br\/index.php\/cam-legislativa-de-sc-pl-0579-2025\/","title":{"rendered":"PL.\/0579\/2025 &#8211; Jos\u00e9 Milton Scheffer"},"content":{"rendered":"<h1 style='text-align: center;'>C\u00e2m. Legislativa de SC &#8211; Autoria de Jos\u00e9 Milton Scheffer<\/h3>\n<p><\/p>\n<article style='text-align: center'>Declara de utilidade p\u00fablica a Associa\u00e7\u00e3o Esportiva Juventude de Sombrio &#8211; SC, e altera o Anexo \u00danico da Lei n\u00ba 18.278, de 2021, que &#8220;Consolida os atos normativos que concedem o T\u00edtulo de Utilidade P\u00fablica estadual no \u00e2mbito do Estado de Santa Catarina&#8221;.<\/article>\n<p><\/p>\n<p style='text-align: center'><a href='https:\/\/app.legislapp.com.br\/#\/busca?termo='><\/a><\/p>\n<p><\/p>\n<article>\n<p>PROJETO DE LEI   <\/p>\n<p>Declara de utilidade p\u00fablica a Associa\u00e7\u00e3o Esportiva Juventude<br \/>\nde Sombrio &#8211; SC, e altera o Anexo \u00danico da Lei n\u00ba 18.278, de<br \/>\n2021, que \u201cConsolida os atos normativos que concedem o<br \/>\nT\u00edtulo de Utilidade P\u00fablica estadual no \u00e2mbito do Estado de<br \/>\nSanta Catarina\u201d.  <\/p>\n<p>Art. 1\u00ba Fica declarada de utilidade p\u00fablica estadual a<br \/>\nAssocia\u00e7\u00e3o Associa\u00e7\u00e3o Esportiva Juventude de Sombrio &#8211; SC, com sede no Munic\u00edpio de<br \/>\nSombrio. <\/p>\n<p>Art. 2\u00ba O Anexo \u00danico da Lei n\u00ba 18.278, de 20 de dezembro de<br \/>\n2021, passa a vigorar com a altera\u00e7\u00e3o constante do Anexo \u00danico desta Lei. <\/p>\n<p>Art. 3\u00ba Esta Lei entra em vigor na data de sua publica\u00e7\u00e3o. <\/p>\n<p>Sala das Sess\u00f5es,  <\/p>\n<p>Deputado Jos\u00e9 Milton Scheffer <\/p>\n<p>Pal\u00e1cio Barriga-Verde<br \/>\nRua Dr. Jorge Luz Fontes, 310 &#8211; Gabinete 025<br \/>\n88020-900 &#8211; Florian\u00f3polis \u2013 SC<br \/>\n(48) 3221.2671<br \/>\njosemilton@alesc.sc.gov.br  <\/p>\n<p>ANEXO \u00daNICO<br \/>\n(Altera o Anexo \u00danico da Lei n\u00ba 18.278, de 20 de dezembro de 2021) <\/p>\n<p>\u201cANEXO \u00daNICO<br \/>\nENTIDADES DECLARADAS DE UTILIDADE P\u00daBLICA <\/p>\n<p>&#8230;&#8230;&#8230;&#8230;&#8230;&#8230;&#8230;&#8230;&#8230;&#8230;&#8230;&#8230;&#8230;&#8230;&#8230;&#8230;&#8230;&#8230;&#8230;&#8230;&#8230;&#8230;&#8230;&#8230;&#8230;&#8230;&#8230;&#8230;&#8230;&#8230;&#8230;&#8230;&#8230;. &#8230;&#8230;&#8230;&#8230;&#8230;&#8230;&#8230;&#8230;&#8230;&#8230;&#8230;&#8230;&#8230;<br \/>\nSOMBRIO LEIS<br \/>\n&#8230;&#8230;&#8230;&#8230;&#8230;&#8230;&#8230;&#8230;&#8230;&#8230;&#8230;&#8230;&#8230;&#8230;&#8230;&#8230;&#8230;&#8230;&#8230;&#8230;&#8230;&#8230;&#8230;&#8230;&#8230;&#8230;&#8230;&#8230;&#8230;&#8230;&#8230;&#8230;&#8230;. &#8230;&#8230;&#8230;&#8230;&#8230;&#8230;&#8230;&#8230;&#8230;&#8230;&#8230;&#8230;&#8230;<br \/>\nAssocia\u00e7\u00e3o Esportiva Juventude de Sombrio &#8211; SC<br \/>\n&#8230;&#8230;&#8230;&#8230;&#8230;&#8230;&#8230;&#8230;&#8230;&#8230;&#8230;&#8230;..<br \/>\n&#8230;&#8230;&#8230;&#8230;&#8230;&#8230;&#8230;&#8230;&#8230;&#8230;&#8230;&#8230;&#8230;&#8230;&#8230;&#8230;&#8230;&#8230;&#8230;&#8230;&#8230;&#8230;&#8230;&#8230;&#8230;&#8230;&#8230;&#8230;&#8230;&#8230;&#8230;&#8230;&#8230;..<br \/>\n   \u201d(NR) <\/p>\n<p>Pal\u00e1cio Barriga-Verde<br \/>\nRua Dr. Jorge Luz Fontes, 310 &#8211; Gabinete 025<br \/>\n88020-900 &#8211; Florian\u00f3polis \u2013 SC<br \/>\n(48) 3221.2671<br \/>\njosemilton@alesc.sc.gov.br  <\/p>\n<p>JUSTIFICA\u00c7\u00c3O <\/p>\n<p>O Projeto de Lei em an\u00e1lise tem por objetivo declarar de utilidade<br \/>\np\u00fablica estadual a Associa\u00e7\u00e3o Esportiva Juventude de Sombrio\/SC, com sede naquele<br \/>\nMunic\u00edpio, tendo em vista que a referida entidade presta importante servi\u00e7o \u00e0<br \/>\ncomunidade, tendo os seguintes objetivos, como se extrai de seu Estatuto Social: <\/p>\n<p>I- organizar campeonatos de futsal e outras modalidades<br \/>\nesportivas em \u00e1reas carentes de pr\u00e1ticas esportivas e culturais.<br \/>\nII &#8211; incentivar crian\u00e7as, jovens e adolescentes a praticar esportes.<br \/>\nIII &#8211; realiza\u00e7\u00e3o de atividades de cunho art\u00edstico-culturais, mediante<br \/>\nensino, pesquisa, divulga\u00e7\u00e3o m\u00fasica, cultura e artes em geral,<br \/>\nbem como o aprendizado musical e cultural brasileiro m\u00faltiplos<br \/>\naspectos e voca\u00e7\u00f5es.<br \/>\nIV &#8211; promover cursos, palestras e semin\u00e1rios educacionais e<br \/>\nprofissionais.<br \/>\nV- assessorar pessoas f\u00edsicas e institui\u00e7\u00f5es p\u00fablicas ou privadas,<br \/>\nno planejamento, organiza\u00e7\u00e3o, controle e direcionamento de<br \/>\ncampeonatos beneficentes de futsal e outras modalidades<br \/>\nesportivas e culturais. <\/p>\n<p>Pelo exposto, conto com o apoio dos meus Pares para a aprova\u00e7\u00e3o<br \/>\nda presente mat\u00e9ria. <\/p>\n<p>Pal\u00e1cio Barriga-Verde<br \/>\nRua Dr. Jorge Luz Fontes, 310 &#8211; Gabinete 025<br \/>\n88020-900 &#8211; Florian\u00f3polis \u2013 SC<br \/>\n(48) 3221.2671<br \/>\njosemilton@alesc.sc.gov.br <\/article>\n<div style=\"text-align: center\">\n<div style=\"margin-bottom: 20px;\" class=\"et_pb_button_module_wrapper et_pb_button_5_tb_body_wrapper et_pb_button_alignment_center et_pb_module \">\n         <a class=\"et_pb_button et_pb_button_5_tb_body et_hover_enabled et_pb_bg_layout_dark\" style=\"width: 50%;background-color: black;\" href=\"https:\/\/app.legislapp.com.br\" target=\"_blank\" rel=\"noopener\">Visualizar completo na nossa plataforma (30 dias gr\u00e1tis)<\/a><\/p><\/div>\n<p>      <a href=\"https:\/\/play.google.com\/store\/apps\/details?id=br.com.legislapp\"><img decoding=\"async\" style=\"width: 15%; min-width: 130px;\" src=\"https:\/\/www.legislapp.com.br\/wp-content\/uploads\/google-play.png\"><\/a><br \/>\n      <a href=\"https:\/\/apps.apple.com\/us\/app\/legislapp\/id1568929859\"><img decoding=\"async\" style=\"width: 15%; min-width: 130px\" src=\"https:\/\/www.legislapp.com.br\/wp-content\/uploads\/apple-store.png\"><\/a>\n   <\/div>\n","protected":false},"excerpt":{"rendered":"<p>C\u00e2m. Legislativa de SC &#8211; Autoria de Jos\u00e9 Milton Scheffer Declara de utilidade p\u00fablica a Associa\u00e7\u00e3o Esportiva Juventude de Sombrio &#8211; SC, e altera o Anexo \u00danico da Lei n\u00ba 18.278, de 2021, que &#8220;Consolida os atos normativos que concedem o T\u00edtulo de Utilidade P\u00fablica estadual no \u00e2mbito do Estado de Santa Catarina&#8221;. PROJETO DE [&hellip;]<\/p>\n","protected":false},"author":1,"featured_media":0,"parent":0,"menu_order":0,"comment_status":"closed","ping_status":"closed","template":"page-template-blank.php","meta":{"_et_pb_use_builder":"","_et_pb_old_content":"","_et_gb_content_width":"1080","ngg_post_thumbnail":0,"footnotes":""},"class_list":["post-11204","page","type-page","status-publish","hentry"],"yoast_head":"<!-- This site is optimized with the Yoast SEO plugin v24.4 - https:\/\/yoast.com\/wordpress\/plugins\/seo\/ -->\n<title>PL.\/0579\/2025 - Jos\u00e9 Milton Scheffer - Legislapp<\/title>\n<meta name=\"robots\" content=\"index, follow, max-snippet:-1, max-image-preview:large, max-video-preview:-1\" \/>\n<link rel=\"canonical\" href=\"https:\/\/www.legislapp.com.br\/index.php\/cam-legislativa-de-sc-pl-0579-2025\/\" \/>\n<meta property=\"og:locale\" content=\"pt_BR\" \/>\n<meta property=\"og:type\" content=\"article\" \/>\n<meta property=\"og:title\" content=\"PL.\/0579\/2025 - Jos\u00e9 Milton Scheffer - Legislapp\" \/>\n<meta property=\"og:description\" content=\"C\u00e2m. Legislativa de SC &#8211; Autoria de Jos\u00e9 Milton Scheffer Declara de utilidade p\u00fablica a Associa\u00e7\u00e3o Esportiva Juventude de Sombrio &#8211; SC, e altera o Anexo \u00danico da Lei n\u00ba 18.278, de 2021, que &#8220;Consolida os atos normativos que concedem o T\u00edtulo de Utilidade P\u00fablica estadual no \u00e2mbito do Estado de Santa Catarina&#8221;. PROJETO DE [&hellip;]\" \/>\n<meta property=\"og:url\" content=\"https:\/\/www.legislapp.com.br\/index.php\/cam-legislativa-de-sc-pl-0579-2025\/\" \/>\n<meta property=\"og:site_name\" content=\"Legislapp\" \/>\n<meta property=\"article:publisher\" content=\"https:\/\/www.instagram.com\/legislapp\/\" \/>\n<meta property=\"og:image\" content=\"https:\/\/www.legislapp.com.br\/wp-content\/uploads\/google-play.png\" \/>\n<meta name=\"twitter:card\" content=\"summary_large_image\" \/>\n<meta name=\"twitter:label1\" content=\"Est. tempo de leitura\" \/>\n\t<meta name=\"twitter:data1\" content=\"2 minutos\" \/>\n<script type=\"application\/ld+json\" class=\"yoast-schema-graph\">{\"@context\":\"https:\/\/schema.org\",\"@graph\":[{\"@type\":\"WebPage\",\"@id\":\"https:\/\/www.legislapp.com.br\/index.php\/cam-legislativa-de-sc-pl-0579-2025\/\",\"url\":\"https:\/\/www.legislapp.com.br\/index.php\/cam-legislativa-de-sc-pl-0579-2025\/\",\"name\":\"PL.\/0579\/2025 - Jos\u00e9 Milton Scheffer - Legislapp\",\"isPartOf\":{\"@id\":\"https:\/\/www.legislapp.com.br\/#website\"},\"primaryImageOfPage\":{\"@id\":\"https:\/\/www.legislapp.com.br\/index.php\/cam-legislativa-de-sc-pl-0579-2025\/#primaryimage\"},\"image\":{\"@id\":\"https:\/\/www.legislapp.com.br\/index.php\/cam-legislativa-de-sc-pl-0579-2025\/#primaryimage\"},\"thumbnailUrl\":\"https:\/\/www.legislapp.com.br\/wp-content\/uploads\/google-play.png\",\"datePublished\":\"2026-01-19T14:40:18+00:00\",\"breadcrumb\":{\"@id\":\"https:\/\/www.legislapp.com.br\/index.php\/cam-legislativa-de-sc-pl-0579-2025\/#breadcrumb\"},\"inLanguage\":\"pt-BR\",\"potentialAction\":[{\"@type\":\"ReadAction\",\"target\":[\"https:\/\/www.legislapp.com.br\/index.php\/cam-legislativa-de-sc-pl-0579-2025\/\"]}]},{\"@type\":\"ImageObject\",\"inLanguage\":\"pt-BR\",\"@id\":\"https:\/\/www.legislapp.com.br\/index.php\/cam-legislativa-de-sc-pl-0579-2025\/#primaryimage\",\"url\":\"https:\/\/www.legislapp.com.br\/wp-content\/uploads\/google-play.png\",\"contentUrl\":\"https:\/\/www.legislapp.com.br\/wp-content\/uploads\/google-play.png\",\"width\":564,\"height\":168},{\"@type\":\"BreadcrumbList\",\"@id\":\"https:\/\/www.legislapp.com.br\/index.php\/cam-legislativa-de-sc-pl-0579-2025\/#breadcrumb\",\"itemListElement\":[{\"@type\":\"ListItem\",\"position\":1,\"name\":\"In\u00edcio\",\"item\":\"https:\/\/www.legislapp.com.br\/\"},{\"@type\":\"ListItem\",\"position\":2,\"name\":\"PL.\/0579\/2025 &#8211; Jos\u00e9 Milton Scheffer\"}]},{\"@type\":\"WebSite\",\"@id\":\"https:\/\/www.legislapp.com.br\/#website\",\"url\":\"https:\/\/www.legislapp.com.br\/\",\"name\":\"Legislapp\",\"description\":\"Intelig\u00eancia governamental em tempo real\",\"publisher\":{\"@id\":\"https:\/\/www.legislapp.com.br\/#organization\"},\"potentialAction\":[{\"@type\":\"SearchAction\",\"target\":{\"@type\":\"EntryPoint\",\"urlTemplate\":\"https:\/\/www.legislapp.com.br\/?s={search_term_string}\"},\"query-input\":{\"@type\":\"PropertyValueSpecification\",\"valueRequired\":true,\"valueName\":\"search_term_string\"}}],\"inLanguage\":\"pt-BR\"},{\"@type\":\"Organization\",\"@id\":\"https:\/\/www.legislapp.com.br\/#organization\",\"name\":\"Legislapp Monitoramento e Intelig\u00eancia Governamental\",\"url\":\"https:\/\/www.legislapp.com.br\/\",\"logo\":{\"@type\":\"ImageObject\",\"inLanguage\":\"pt-BR\",\"@id\":\"https:\/\/www.legislapp.com.br\/#\/schema\/logo\/image\/\",\"url\":\"https:\/\/www.legislapp.com.br\/wp-content\/uploads\/icon.png\",\"contentUrl\":\"https:\/\/www.legislapp.com.br\/wp-content\/uploads\/icon.png\",\"width\":1024,\"height\":1024,\"caption\":\"Legislapp Monitoramento e Intelig\u00eancia Governamental\"},\"image\":{\"@id\":\"https:\/\/www.legislapp.com.br\/#\/schema\/logo\/image\/\"},\"sameAs\":[\"https:\/\/www.instagram.com\/legislapp\/\"]}]}<\/script>\n<!-- \/ Yoast SEO plugin. -->","yoast_head_json":{"title":"PL.\/0579\/2025 - Jos\u00e9 Milton Scheffer - Legislapp","robots":{"index":"index","follow":"follow","max-snippet":"max-snippet:-1","max-image-preview":"max-image-preview:large","max-video-preview":"max-video-preview:-1"},"canonical":"https:\/\/www.legislapp.com.br\/index.php\/cam-legislativa-de-sc-pl-0579-2025\/","og_locale":"pt_BR","og_type":"article","og_title":"PL.\/0579\/2025 - Jos\u00e9 Milton Scheffer - Legislapp","og_description":"C\u00e2m. Legislativa de SC &#8211; Autoria de Jos\u00e9 Milton Scheffer Declara de utilidade p\u00fablica a Associa\u00e7\u00e3o Esportiva Juventude de Sombrio &#8211; SC, e altera o Anexo \u00danico da Lei n\u00ba 18.278, de 2021, que &#8220;Consolida os atos normativos que concedem o T\u00edtulo de Utilidade P\u00fablica estadual no \u00e2mbito do Estado de Santa Catarina&#8221;. PROJETO DE [&hellip;]","og_url":"https:\/\/www.legislapp.com.br\/index.php\/cam-legislativa-de-sc-pl-0579-2025\/","og_site_name":"Legislapp","article_publisher":"https:\/\/www.instagram.com\/legislapp\/","og_image":[{"url":"https:\/\/www.legislapp.com.br\/wp-content\/uploads\/google-play.png","type":"","width":"","height":""}],"twitter_card":"summary_large_image","twitter_misc":{"Est. tempo de leitura":"2 minutos"},"schema":{"@context":"https:\/\/schema.org","@graph":[{"@type":"WebPage","@id":"https:\/\/www.legislapp.com.br\/index.php\/cam-legislativa-de-sc-pl-0579-2025\/","url":"https:\/\/www.legislapp.com.br\/index.php\/cam-legislativa-de-sc-pl-0579-2025\/","name":"PL.\/0579\/2025 - Jos\u00e9 Milton Scheffer - Legislapp","isPartOf":{"@id":"https:\/\/www.legislapp.com.br\/#website"},"primaryImageOfPage":{"@id":"https:\/\/www.legislapp.com.br\/index.php\/cam-legislativa-de-sc-pl-0579-2025\/#primaryimage"},"image":{"@id":"https:\/\/www.legislapp.com.br\/index.php\/cam-legislativa-de-sc-pl-0579-2025\/#primaryimage"},"thumbnailUrl":"https:\/\/www.legislapp.com.br\/wp-content\/uploads\/google-play.png","datePublished":"2026-01-19T14:40:18+00:00","breadcrumb":{"@id":"https:\/\/www.legislapp.com.br\/index.php\/cam-legislativa-de-sc-pl-0579-2025\/#breadcrumb"},"inLanguage":"pt-BR","potentialAction":[{"@type":"ReadAction","target":["https:\/\/www.legislapp.com.br\/index.php\/cam-legislativa-de-sc-pl-0579-2025\/"]}]},{"@type":"ImageObject","inLanguage":"pt-BR","@id":"https:\/\/www.legislapp.com.br\/index.php\/cam-legislativa-de-sc-pl-0579-2025\/#primaryimage","url":"https:\/\/www.legislapp.com.br\/wp-content\/uploads\/google-play.png","contentUrl":"https:\/\/www.legislapp.com.br\/wp-content\/uploads\/google-play.png","width":564,"height":168},{"@type":"BreadcrumbList","@id":"https:\/\/www.legislapp.com.br\/index.php\/cam-legislativa-de-sc-pl-0579-2025\/#breadcrumb","itemListElement":[{"@type":"ListItem","position":1,"name":"In\u00edcio","item":"https:\/\/www.legislapp.com.br\/"},{"@type":"ListItem","position":2,"name":"PL.\/0579\/2025 &#8211; Jos\u00e9 Milton Scheffer"}]},{"@type":"WebSite","@id":"https:\/\/www.legislapp.com.br\/#website","url":"https:\/\/www.legislapp.com.br\/","name":"Legislapp","description":"Intelig\u00eancia governamental em tempo real","publisher":{"@id":"https:\/\/www.legislapp.com.br\/#organization"},"potentialAction":[{"@type":"SearchAction","target":{"@type":"EntryPoint","urlTemplate":"https:\/\/www.legislapp.com.br\/?s={search_term_string}"},"query-input":{"@type":"PropertyValueSpecification","valueRequired":true,"valueName":"search_term_string"}}],"inLanguage":"pt-BR"},{"@type":"Organization","@id":"https:\/\/www.legislapp.com.br\/#organization","name":"Legislapp Monitoramento e Intelig\u00eancia Governamental","url":"https:\/\/www.legislapp.com.br\/","logo":{"@type":"ImageObject","inLanguage":"pt-BR","@id":"https:\/\/www.legislapp.com.br\/#\/schema\/logo\/image\/","url":"https:\/\/www.legislapp.com.br\/wp-content\/uploads\/icon.png","contentUrl":"https:\/\/www.legislapp.com.br\/wp-content\/uploads\/icon.png","width":1024,"height":1024,"caption":"Legislapp Monitoramento e Intelig\u00eancia Governamental"},"image":{"@id":"https:\/\/www.legislapp.com.br\/#\/schema\/logo\/image\/"},"sameAs":["https:\/\/www.instagram.com\/legislapp\/"]}]}},"_links":{"self":[{"href":"https:\/\/www.legislapp.com.br\/index.php\/wp-json\/wp\/v2\/pages\/11204","targetHints":{"allow":["GET"]}}],"collection":[{"href":"https:\/\/www.legislapp.com.br\/index.php\/wp-json\/wp\/v2\/pages"}],"about":[{"href":"https:\/\/www.legislapp.com.br\/index.php\/wp-json\/wp\/v2\/types\/page"}],"author":[{"embeddable":true,"href":"https:\/\/www.legislapp.com.br\/index.php\/wp-json\/wp\/v2\/users\/1"}],"replies":[{"embeddable":true,"href":"https:\/\/www.legislapp.com.br\/index.php\/wp-json\/wp\/v2\/comments?post=11204"}],"version-history":[{"count":0,"href":"https:\/\/www.legislapp.com.br\/index.php\/wp-json\/wp\/v2\/pages\/11204\/revisions"}],"wp:attachment":[{"href":"https:\/\/www.legislapp.com.br\/index.php\/wp-json\/wp\/v2\/media?parent=11204"}],"curies":[{"name":"wp","href":"https:\/\/api.w.org\/{rel}","templated":true}]}}