{"id":11221,"date":"2026-01-19T11:44:48","date_gmt":"2026-01-19T14:44:48","guid":{"rendered":"https:\/\/www.legislapp.com.br\/index.php\/avulso-inicial-pl-6115-2025-camara\/"},"modified":"2026-01-19T11:44:48","modified_gmt":"2026-01-19T14:44:48","slug":"avulso-inicial-pl-6115-2025-camara","status":"publish","type":"page","link":"https:\/\/www.legislapp.com.br\/index.php\/avulso-inicial-pl-6115-2025-camara\/","title":{"rendered":"Avulso Inicial &#8211; PL 6115\/2025 &#8211; C\u00e2mara"},"content":{"rendered":"<h1 style='text-align: center;'>Avulso Inicial &#8211; Autoria de Amom Mandel<\/h3>\n<p><\/p>\n<article> C\u00c2MARA DOS DEPUTADOS<br \/>\n Gabinete do Deputado Federal AMOM MANDEL \u2013 CIDADANIA\/AM<br \/>\nPROJETO DE LEI N\u00ba      , DE 2025<br \/>\n(Do Sr. AMOM MANDEL)<br \/>\nAltera a Lei n\u00ba 9.504, de 30 de setembro<br \/>\nde 1997 (Lei das Elei\u00e7\u00f5es) para estabelecer<br \/>\na\u00e7\u00f5es afirmativas voltadas \u00e0s candidaturas de<br \/>\npessoas com defici\u00eancia em elei\u00e7\u00f5es<br \/>\nproporcionais.<br \/>\nO Congresso Nacional decreta:<br \/>\nArt. 1\u00ba Esta Lei estabelece a\u00e7\u00f5es afirmativas para pessoas com defici\u00eancia,<br \/>\nmediante a destina\u00e7\u00e3o de recursos p\u00fablicos pelos partidos \u00e0s campanhas de pessoas<br \/>\ncom defici\u00eancia em pleitos proporcionais, reserva de tempo de propaganda gratuita na<br \/>\nmodalidade de inser\u00e7\u00f5es, e o c\u00f4mputo em dobro dos votos dados a pessoas com<br \/>\ndefici\u00eancia para fins de distribui\u00e7\u00e3o do Fundo Partid\u00e1rio entre as legendas.<br \/>\nArt. 2\u00ba A Lei n\u00ba 9.504, de 30 de setembro de 1997, passa a vigorar com as<br \/>\nseguintes modifica\u00e7\u00f5es:<br \/>\n\u201cArt. 16-E. Do montante recebido pelas legendas referente ao Fundo<br \/>\nEspecial de Financiamento de Campanhas (FEFC) e ao Fundo Partid\u00e1rio<br \/>\nutilizado em campanhas eleitorais dever\u00e1 ser assegurado o m\u00ednimo de 5%<br \/>\n(cinco por cento) para distribui\u00e7\u00e3o, a crit\u00e9rio do partido, a candidaturas de<br \/>\npessoas com defici\u00eancia em pleitos proporcionais.<br \/>\nPar\u00e1grafo \u00fanico. A cota a que se refere o caput \u00e9 espec\u00edfica para pessoas<br \/>\ncom defici\u00eancia, n\u00e3o sendo os recursos distribu\u00eddos a essas candidaturas<br \/>\n___________________________________________________________________________<br \/>\nC\u00e2mara dos Deputados | Anexo IV Gabinete 760 | \u2013 CEP: 70160-900 \u2013<br \/>\nBras\u00edlia-DF<br \/>\nTel (61) 3215-5760 | dep.amommandel@camara.leg.br<br \/>\nPara verificar a assinatura, acesse https:\/\/infoleg-autenticidade-assinatura.camara.leg.br\/CD251903211100<br \/>\nAssinado eletronicamente pelo(a) Dep. Amom Mandel<br \/>\nApresenta\u00e7\u00e3o: 02\/12\/2025 20:19:30.553 &#8211; Mesa<br \/>\n*CD251903211100* PL n.6115\/2025<br \/> C\u00c2MARA DOS DEPUTADOS<br \/>\n Gabinete do Deputado Federal AMOM MANDEL \u2013 CIDADANIA\/AM<br \/>\ncomputado nas cotas relativas a sexo e ra\u00e7a, ainda que a candidatura<br \/>\nseja de mulher ou de pessoa negra.\u201d<br \/>\n\u201cArt. 51-A. Das inser\u00e7\u00f5es reservadas \u00e0s elei\u00e7\u00f5es proporcionais, cada<br \/>\npartido dever\u00e1 reservar pelo menos 5% das que t\u00eam direito para<br \/>\nveicula\u00e7\u00e3o de propaganda eleitoral de pessoas com defici\u00eancia,<br \/>\nindependentemente de serem candidaturas femininas ou de pessoas<br \/>\nnegras.\u201d<br \/>\nArt. 3\u00ba A Lei n\u00ba 9.096, de 19 de setembro de 1995, passa a vigorar com as<br \/>\nseguintes modifica\u00e7\u00f5es:<br \/>\n \u201cArt. 41-A. &#8230;&#8230;&#8230;&#8230;&#8230;&#8230;&#8230;&#8230;&#8230;<br \/>\n&#8230;&#8230;&#8230;&#8230;&#8230;&#8230;&#8230;&#8230;&#8230;&#8230;&#8230;&#8230;&#8230;&#8230;<br \/>\nPar\u00e1grafo \u00fanico. Para efeito do disposto no inciso II, ser\u00e3o:<br \/>\nI \u2013 desconsideradas as mudan\u00e7as de filia\u00e7\u00e3o partid\u00e1ria em quaisquer<br \/>\nhip\u00f3teses;<br \/>\nII \u2013 computados em dobro os votos dados a mulheres, a pessoas negras<br \/>\ne a pessoas com defici\u00eancia, aplicando-se uma \u00fanica vez por pleito,<br \/>\nconsiderado o crit\u00e9rio do sexo, da ra\u00e7a ou da defici\u00eancia. (NR)\u201d<br \/>\n\u201cArt. 60-A. O disposto no inciso II do par\u00e1grafo \u00fanico do art. 41-A,<br \/>\nproduzir\u00e1 efeitos at\u00e9 o pleito de 2030.\u201d<br \/>\nArt. 4\u00ba Esta lei entra em vigor na data de sua publica\u00e7\u00e3o.<br \/>\n___________________________________________________________________________<br \/>\nC\u00e2mara dos Deputados | Anexo IV Gabinete 760 | \u2013 CEP: 70160-900 \u2013<br \/>\nBras\u00edlia-DF<br \/>\nTel (61) 3215-5760 | dep.amommandel@camara.leg.br<br \/>\nPara verificar a assinatura, acesse https:\/\/infoleg-autenticidade-assinatura.camara.leg.br\/CD251903211100<br \/>\nAssinado eletronicamente pelo(a) Dep. Amom Mandel<br \/>\nApresenta\u00e7\u00e3o: 02\/12\/2025 20:19:30.553 &#8211; Mesa<br \/>\n*CD251903211100* PL n.6115\/2025<br \/> C\u00c2MARA DOS DEPUTADOS<br \/>\n Gabinete do Deputado Federal AMOM MANDEL \u2013 CIDADANIA\/AM<br \/>\nJUSTIFICA\u00c7\u00c3O<br \/>\nA Rep\u00fablica Federativa do Brasil constitui-se em Estado Democr\u00e1tico de<br \/>\nDireito e tem como fundamento a cidadania e a dignidade da pessoa humana (CF\/88;<br \/>\nart. 1\u00ba, II e III) e entre os seus objetivos fundamentais a constru\u00e7\u00e3o de uma sociedade<br \/>\nlivre, justa e solid\u00e1ria. A Carta Cidad\u00e3 tamb\u00e9m repele todas as formas de discrimina\u00e7\u00e3o<br \/>\n(CF\/88; art. 3\u00ba I e IV).<br \/>\nTudo isso considerado, como n\u00e3o poderia deixar de ser, nossa Carta<br \/>\nMagna imp\u00f5e ao Estado deveres de prote\u00e7\u00e3o \u00e0s pessoas com defici\u00eancia em diversas<br \/>\n\u00e1reas, por exemplo:<br \/>\ni ) prote\u00e7\u00e3o no trabalho (art. 7\u00ba, XXXI); ii) cuidados com a sa\u00fade e<br \/>\nassist\u00eancia p\u00fablica, da prote\u00e7\u00e3o e garantia das pessoas portadoras de defici\u00eancia (art.<br \/>\n23, II); iii) compet\u00eancia legislativa para prote\u00e7\u00e3o e integra\u00e7\u00e3o social das pessoas com<br \/>\ndefici\u00eancia (art. 24, XIV); iv) reserva percentual de cargos e empregos p\u00fablicos para<br \/>\npessoas com defici\u00eancia (art. 37, VIII); v) crit\u00e9rios diferenciados para aposentadoria<br \/>\n(art. 40, \u00a7 4\u00ba-A); vi) prefer\u00eancia no pagamento de precat\u00f3rios (art. 100, \u00a7 2\u00ba); vii)<br \/>\nreabilita\u00e7\u00e3o de pessoas com defici\u00eancia com vista \u00e0 integra\u00e7\u00e3o \u00e0 vida comunit\u00e1ria (art.<br \/>\n203, IV); garantia de renda m\u00ednima mensal (art. 203, V); viii) atendimento educacional<br \/>\nespecializado (art. 208, III); e diversos outros.<br \/>\nDefinitivamente, essa \u00e9 uma marca de nossa Carta Pol\u00edtica.<br \/>\nAssim, para al\u00e9m do princ\u00edpio democr\u00e1tico, da dignidade da pessoa<br \/>\nhumana e da igualdade, que acabam dando suporte \u00e0 concretiza\u00e7\u00e3o de todas essas<br \/>\na\u00e7\u00f5es afirmativas, temos ainda pela frente a quest\u00e3o da representatividade.<br \/>\n___________________________________________________________________________<br \/>\nC\u00e2mara dos Deputados | Anexo IV Gabinete 760 | \u2013 CEP: 70160-900 \u2013<br \/>\nBras\u00edlia-DF<br \/>\nTel (61) 3215-5760 | dep.amommandel@camara.leg.br<br \/>\nPara verificar a assinatura, acesse https:\/\/infoleg-autenticidade-assinatura.camara.leg.br\/CD251903211100<br \/>\nAssinado eletronicamente pelo(a) Dep. Amom Mandel<br \/>\nApresenta\u00e7\u00e3o: 02\/12\/2025 20:19:30.553 &#8211; Mesa<br \/>\n*CD251903211100* PL n.6115\/2025<br \/> C\u00c2MARA DOS DEPUTADOS<br \/>\n Gabinete do Deputado Federal AMOM MANDEL \u2013 CIDADANIA\/AM<br \/>\nA democracia, como se sabe, n\u00e3o se resume a elei\u00e7\u00f5es, mas alcan\u00e7a<br \/>\ntamb\u00e9m a liberdade de express\u00e3o, de manifesta\u00e7\u00e3o do pensamento, de imprensa, de<br \/>\ncredo religioso etc. Contudo, conv\u00e9m refor\u00e7ar que a democracia contempla tamb\u00e9m o<br \/>\nprocesso eleitoral, que tem como requisito indispens\u00e1vel a realiza\u00e7\u00e3o de elei\u00e7\u00f5es<br \/>\nlivres, justas e representativas.<br \/>\nO Estado, portanto, tem um dever de criar regras que considerem,<br \/>\npromovam e incluam pessoas com defici\u00eancia na representa\u00e7\u00e3o popular. O olhar<br \/>\nespecial dessas pessoas quando em posi\u00e7\u00e3o de tomada de decis\u00e3o nos conduzir\u00e1 a<br \/>\numa sociedade melhor. Para tanto, \u00e9 indispens\u00e1vel que se prestigie a igualdade de<br \/>\nchances e de oportunidades entre todos os candidatos.<br \/>\nOra, \u00e9 de se reconhecer que as pessoas com defici\u00eancia trazem consigo<br \/>\ncerta desvantagem competitiva, isso do ponto de vista da realiza\u00e7\u00e3o de campanhas<br \/>\neleitorais. Caso n\u00e3o haja uma a\u00e7\u00e3o afirmativa do Estado com vista \u00e0 promo\u00e7\u00e3o da<br \/>\nigualdade de chances, estaremos diante de um d\u00e9ficit democr\u00e1tico.<br \/>\nUma das formas de se estabelecer essa igualdade diz com o acesso<br \/>\nfacilitado a recursos p\u00fablicos disponibilizados pelo Estado aos partidos pol\u00edticos. <\/p>\n<p>Importa deixar consignado que estamos a falar de recursos p\u00fablicos, e<br \/>\nn\u00e3o de recursos dos pr\u00f3prios partidos pol\u00edticos. Ainda que as legendas disponham de<br \/>\nautonomia (e assim deve ser) para a distribui\u00e7\u00e3o interna dos recursos conforme suas<br \/>\nestrat\u00e9gias pol\u00edticas, sempre em busca de maximizar o sucesso eleitoral, o Estado-<br \/>\nLegislador tamb\u00e9m pode \u2013 e deve \u2013 estabelecer crit\u00e9rios visando a fortalecer a<br \/>\nigualdade de oportunidades. \u00c9 esse justamente o objetivo da presente proposi\u00e7\u00e3o.<br \/>\n___________________________________________________________________________<br \/>\nC\u00e2mara dos Deputados | Anexo IV Gabinete 760 | \u2013 CEP: 70160-900 \u2013<br \/>\nBras\u00edlia-DF<br \/>\nTel (61) 3215-5760 | dep.amommandel@camara.leg.br<br \/>\nPara verificar a assinatura, acesse https:\/\/infoleg-autenticidade-assinatura.camara.leg.br\/CD251903211100<br \/>\nAssinado eletronicamente pelo(a) Dep. Amom Mandel<br \/>\nApresenta\u00e7\u00e3o: 02\/12\/2025 20:19:30.553 &#8211; Mesa<br \/>\n*CD251903211100* PL n.6115\/2025<br \/> C\u00c2MARA DOS DEPUTADOS<br \/>\n Gabinete do Deputado Federal AMOM MANDEL \u2013 CIDADANIA\/AM<br \/>\n\u00c9 chegado o momento de se contemplar, portanto, al\u00e9m das a\u00e7\u00f5es<br \/>\nafirmativas voltadas \u00e0s mulheres e pessoas negras, tamb\u00e9m as pessoas com<br \/>\ndefici\u00eancia.<br \/>\nPor isso, estamos a propor que 5% (cinco por cento) dos recursos do<br \/>\nFundo Partid\u00e1rio e do Fundo Especial de Financiamento de Campanhas (Fundo<br \/>\nEleitoral) seja destinado \u00e0s campanhas eleitorais de pessoas com defici\u00eancia nas<br \/>\nelei\u00e7\u00f5es proporcionais.<br \/>\nAl\u00e9m disso, o acesso \u00e0 propaganda eleitoral gratuita \u2013 que tamb\u00e9m<br \/>\nconstitui recurso p\u00fablico \u2013 deve ser contemplado nessa a\u00e7\u00e3o afirmativa. Quanto a esse<br \/>\ntipo de recurso, estamos propondo que 5% das inser\u00e7\u00f5es destinadas \u00e0s candidaturas<br \/>\nem elei\u00e7\u00f5es proporcionais sejam reservadas \u00e0 propaganda de pessoas com<br \/>\ndefici\u00eancia.<br \/>\nPor fim, ressaltamos que nossas convic\u00e7\u00f5es levam em conta que as<br \/>\na\u00e7\u00f5es afirmativas devem sempre ter uma \u201cporta de sa\u00edda\u201d, de modo que<br \/>\nestabelecemos a validade da a\u00e7\u00e3o consistente em contar em dobro os votos dados a<br \/>\npessoas com defici\u00eancia para fins de distribui\u00e7\u00e3o do Fundo Partid\u00e1rio at\u00e9 a elei\u00e7\u00e3o de<br \/>\n2030. Ap\u00f3s 2030 o Congresso Nacional dever\u00e1 reavaliar a conveni\u00eancia de se estender<br \/>\na a\u00e7\u00e3o.<br \/>\nCerto de que estamos aperfei\u00e7oando nossa democracia, contamos com o<br \/>\napoio dos nobres Pares para o aperfei\u00e7oamento e aprova\u00e7\u00e3o da presente proposi\u00e7\u00e3o.<br \/>\nSala das Sess\u00f5es, em        de                     de 2025.<br \/>\nDeputado AMOM MANDEL<br \/>\n___________________________________________________________________________<br \/>\nC\u00e2mara dos Deputados | Anexo IV Gabinete 760 | \u2013 CEP: 70160-900 \u2013<br \/>\nBras\u00edlia-DF<br \/>\nTel (61) 3215-5760 | dep.amommandel@camara.leg.br<br \/>\nPara verificar a assinatura, acesse https:\/\/infoleg-autenticidade-assinatura.camara.leg.br\/CD251903211100<br \/>\nAssinado eletronicamente pelo(a) Dep. Amom Mandel<br \/>\nApresenta\u00e7\u00e3o: 02\/12\/2025 20:19:30.553 &#8211; Mesa<br \/>\n*CD251903211100* PL n.6115\/2025<br \/> C\u00c2MARA DOS DEPUTADOS<br \/>\n Gabinete do Deputado Federal AMOM MANDEL \u2013 CIDADANIA\/AM<br \/>\nCIDADANIA\/AM<br \/>\n___________________________________________________________________________<br \/>\nC\u00e2mara dos Deputados | Anexo IV Gabinete 760 | \u2013 CEP: 70160-900 \u2013<br \/>\nBras\u00edlia-DF<br \/>\nTel (61) 3215-5760 | dep.amommandel@camara.leg.br<br \/>\nPara verificar a assinatura, acesse https:\/\/infoleg-autenticidade-assinatura.camara.leg.br\/CD251903211100<br \/>\nAssinado eletronicamente pelo(a) Dep. Amom Mandel<br \/>\nApresenta\u00e7\u00e3o: 02\/12\/2025 20:19:30.553 &#8211; Mesa<br \/>\n*CD251903211100* PL n.6115\/2025<\/article>\n<p><a href='https:\/\/app.legislapp.com.br\/#\/busca?termo=Altera\u00e7\u00e3o'>Altera\u00e7\u00e3o<\/a>, <a href='https:\/\/app.legislapp.com.br\/#\/busca?termo=Lei das Elei\u00e7\u00f5es (1997)'>Lei das Elei\u00e7\u00f5es (1997)<\/a>, <a href='https:\/\/app.legislapp.com.br\/#\/busca?termo=Lei Org\u00e2nica dos Partidos Pol\u00edticos (1995)'>Lei Org\u00e2nica dos Partidos Pol\u00edticos (1995)<\/a>, <a href='https:\/\/app.legislapp.com.br\/#\/busca?termo=A\u00e7\u00e3o afirmativa'>A\u00e7\u00e3o afirmativa<\/a>, <a href='https:\/\/app.legislapp.com.br\/#\/busca?termo=Registro da candidatura'>Registro da candidatura<\/a>, <a href='https:\/\/app.legislapp.com.br\/#\/busca?termo=pessoa com defici\u00eancia'>pessoa com defici\u00eancia<\/a>, <a href='https:\/\/app.legislapp.com.br\/#\/busca?termo=Elei\u00e7\u00e3o proporcional.'>Elei\u00e7\u00e3o proporcional.<\/a><\/p>\n<div style=\"text-align: center\">\n      <img decoding=\"async\" style=\"width: 14%;\" src=\"https:\/\/www.legislapp.com.br\/wp-content\/uploads\/2021\/07\/Logo-Legislapp-1-03-1.png\"><br \/>\n      <\/p>\n<div style=\"margin-bottom: 20px;\" class=\"et_pb_button_module_wrapper et_pb_button_5_tb_body_wrapper et_pb_button_alignment_center et_pb_module \">\n         <a class=\"et_pb_button et_pb_button_5_tb_body et_hover_enabled et_pb_bg_layout_dark\" style=\"width: 50%;background-color: black;\" href=\"https:\/\/app.legislapp.com.br\" target=\"_blank\" rel=\"noopener\">Visualizar completo na nossa plataforma (30 dias gr\u00e1tis)<\/a><\/p><\/div>\n<p>      <a href=\"https:\/\/play.google.com\/store\/apps\/details?id=br.com.legislapp\"><img decoding=\"async\" style=\"width: 15%; min-width: 130px;\" src=\"https:\/\/www.legislapp.com.br\/wp-content\/uploads\/google-play.png\"><\/a><br \/>\n      <a href=\"https:\/\/apps.apple.com\/us\/app\/legislapp\/id1568929859\"><img decoding=\"async\" style=\"width: 15%; min-width: 130px\" src=\"https:\/\/www.legislapp.com.br\/wp-content\/uploads\/apple-store.png\"><\/a>\n   <\/div>\n","protected":false},"excerpt":{"rendered":"<p>Avulso Inicial &#8211; Autoria de Amom Mandel C\u00c2MARA DOS DEPUTADOS Gabinete do Deputado Federal AMOM MANDEL \u2013 CIDADANIA\/AM PROJETO DE LEI N\u00ba , DE 2025 (Do Sr. AMOM MANDEL) Altera a Lei n\u00ba 9.504, de 30 de setembro de 1997 (Lei das Elei\u00e7\u00f5es) para estabelecer a\u00e7\u00f5es afirmativas voltadas \u00e0s candidaturas de pessoas com defici\u00eancia em [&hellip;]<\/p>\n","protected":false},"author":1,"featured_media":0,"parent":0,"menu_order":0,"comment_status":"closed","ping_status":"closed","template":"page-template-blank.php","meta":{"_et_pb_use_builder":"","_et_pb_old_content":"","_et_gb_content_width":"1080","ngg_post_thumbnail":0,"footnotes":""},"class_list":["post-11221","page","type-page","status-publish","hentry"],"yoast_head":"<!-- This site is optimized with the Yoast SEO plugin v24.4 - https:\/\/yoast.com\/wordpress\/plugins\/seo\/ -->\n<title>Avulso Inicial - PL 6115\/2025 - C\u00e2mara - Legislapp<\/title>\n<meta name=\"robots\" content=\"index, follow, max-snippet:-1, max-image-preview:large, max-video-preview:-1\" \/>\n<link rel=\"canonical\" href=\"https:\/\/www.legislapp.com.br\/index.php\/avulso-inicial-pl-6115-2025-camara\/\" \/>\n<meta property=\"og:locale\" content=\"pt_BR\" \/>\n<meta property=\"og:type\" content=\"article\" \/>\n<meta property=\"og:title\" content=\"Avulso Inicial - PL 6115\/2025 - C\u00e2mara - Legislapp\" \/>\n<meta property=\"og:description\" content=\"Avulso Inicial &#8211; Autoria de Amom Mandel C\u00c2MARA DOS DEPUTADOS Gabinete do Deputado Federal AMOM MANDEL \u2013 CIDADANIA\/AM PROJETO DE LEI N\u00ba , DE 2025 (Do Sr. AMOM MANDEL) Altera a Lei n\u00ba 9.504, de 30 de setembro de 1997 (Lei das Elei\u00e7\u00f5es) para estabelecer a\u00e7\u00f5es afirmativas voltadas \u00e0s candidaturas de pessoas com defici\u00eancia em [&hellip;]\" \/>\n<meta property=\"og:url\" content=\"https:\/\/www.legislapp.com.br\/index.php\/avulso-inicial-pl-6115-2025-camara\/\" \/>\n<meta property=\"og:site_name\" content=\"Legislapp\" \/>\n<meta property=\"article:publisher\" content=\"https:\/\/www.instagram.com\/legislapp\/\" \/>\n<meta property=\"og:image\" content=\"https:\/\/www.legislapp.com.br\/wp-content\/uploads\/2021\/07\/Logo-Legislapp-1-03-1.png\" \/>\n<meta name=\"twitter:card\" content=\"summary_large_image\" \/>\n<meta name=\"twitter:label1\" content=\"Est. tempo de leitura\" \/>\n\t<meta name=\"twitter:data1\" content=\"8 minutos\" \/>\n<script type=\"application\/ld+json\" class=\"yoast-schema-graph\">{\"@context\":\"https:\/\/schema.org\",\"@graph\":[{\"@type\":\"WebPage\",\"@id\":\"https:\/\/www.legislapp.com.br\/index.php\/avulso-inicial-pl-6115-2025-camara\/\",\"url\":\"https:\/\/www.legislapp.com.br\/index.php\/avulso-inicial-pl-6115-2025-camara\/\",\"name\":\"Avulso Inicial - PL 6115\/2025 - C\u00e2mara - Legislapp\",\"isPartOf\":{\"@id\":\"https:\/\/www.legislapp.com.br\/#website\"},\"primaryImageOfPage\":{\"@id\":\"https:\/\/www.legislapp.com.br\/index.php\/avulso-inicial-pl-6115-2025-camara\/#primaryimage\"},\"image\":{\"@id\":\"https:\/\/www.legislapp.com.br\/index.php\/avulso-inicial-pl-6115-2025-camara\/#primaryimage\"},\"thumbnailUrl\":\"https:\/\/www.legislapp.com.br\/wp-content\/uploads\/2021\/07\/Logo-Legislapp-1-03-1.png\",\"datePublished\":\"2026-01-19T14:44:48+00:00\",\"breadcrumb\":{\"@id\":\"https:\/\/www.legislapp.com.br\/index.php\/avulso-inicial-pl-6115-2025-camara\/#breadcrumb\"},\"inLanguage\":\"pt-BR\",\"potentialAction\":[{\"@type\":\"ReadAction\",\"target\":[\"https:\/\/www.legislapp.com.br\/index.php\/avulso-inicial-pl-6115-2025-camara\/\"]}]},{\"@type\":\"ImageObject\",\"inLanguage\":\"pt-BR\",\"@id\":\"https:\/\/www.legislapp.com.br\/index.php\/avulso-inicial-pl-6115-2025-camara\/#primaryimage\",\"url\":\"https:\/\/www.legislapp.com.br\/wp-content\/uploads\/2021\/07\/Logo-Legislapp-1-03-1.png\",\"contentUrl\":\"https:\/\/www.legislapp.com.br\/wp-content\/uploads\/2021\/07\/Logo-Legislapp-1-03-1.png\",\"width\":2679,\"height\":2697},{\"@type\":\"BreadcrumbList\",\"@id\":\"https:\/\/www.legislapp.com.br\/index.php\/avulso-inicial-pl-6115-2025-camara\/#breadcrumb\",\"itemListElement\":[{\"@type\":\"ListItem\",\"position\":1,\"name\":\"In\u00edcio\",\"item\":\"https:\/\/www.legislapp.com.br\/\"},{\"@type\":\"ListItem\",\"position\":2,\"name\":\"Avulso Inicial &#8211; PL 6115\/2025 &#8211; C\u00e2mara\"}]},{\"@type\":\"WebSite\",\"@id\":\"https:\/\/www.legislapp.com.br\/#website\",\"url\":\"https:\/\/www.legislapp.com.br\/\",\"name\":\"Legislapp\",\"description\":\"Intelig\u00eancia governamental em tempo real\",\"publisher\":{\"@id\":\"https:\/\/www.legislapp.com.br\/#organization\"},\"potentialAction\":[{\"@type\":\"SearchAction\",\"target\":{\"@type\":\"EntryPoint\",\"urlTemplate\":\"https:\/\/www.legislapp.com.br\/?s={search_term_string}\"},\"query-input\":{\"@type\":\"PropertyValueSpecification\",\"valueRequired\":true,\"valueName\":\"search_term_string\"}}],\"inLanguage\":\"pt-BR\"},{\"@type\":\"Organization\",\"@id\":\"https:\/\/www.legislapp.com.br\/#organization\",\"name\":\"Legislapp Monitoramento e Intelig\u00eancia Governamental\",\"url\":\"https:\/\/www.legislapp.com.br\/\",\"logo\":{\"@type\":\"ImageObject\",\"inLanguage\":\"pt-BR\",\"@id\":\"https:\/\/www.legislapp.com.br\/#\/schema\/logo\/image\/\",\"url\":\"https:\/\/www.legislapp.com.br\/wp-content\/uploads\/icon.png\",\"contentUrl\":\"https:\/\/www.legislapp.com.br\/wp-content\/uploads\/icon.png\",\"width\":1024,\"height\":1024,\"caption\":\"Legislapp Monitoramento e Intelig\u00eancia Governamental\"},\"image\":{\"@id\":\"https:\/\/www.legislapp.com.br\/#\/schema\/logo\/image\/\"},\"sameAs\":[\"https:\/\/www.instagram.com\/legislapp\/\"]}]}<\/script>\n<!-- \/ Yoast SEO plugin. -->","yoast_head_json":{"title":"Avulso Inicial - PL 6115\/2025 - C\u00e2mara - Legislapp","robots":{"index":"index","follow":"follow","max-snippet":"max-snippet:-1","max-image-preview":"max-image-preview:large","max-video-preview":"max-video-preview:-1"},"canonical":"https:\/\/www.legislapp.com.br\/index.php\/avulso-inicial-pl-6115-2025-camara\/","og_locale":"pt_BR","og_type":"article","og_title":"Avulso Inicial - PL 6115\/2025 - C\u00e2mara - Legislapp","og_description":"Avulso Inicial &#8211; Autoria de Amom Mandel C\u00c2MARA DOS DEPUTADOS Gabinete do Deputado Federal AMOM MANDEL \u2013 CIDADANIA\/AM PROJETO DE LEI N\u00ba , DE 2025 (Do Sr. AMOM MANDEL) Altera a Lei n\u00ba 9.504, de 30 de setembro de 1997 (Lei das Elei\u00e7\u00f5es) para estabelecer a\u00e7\u00f5es afirmativas voltadas \u00e0s candidaturas de pessoas com defici\u00eancia em [&hellip;]","og_url":"https:\/\/www.legislapp.com.br\/index.php\/avulso-inicial-pl-6115-2025-camara\/","og_site_name":"Legislapp","article_publisher":"https:\/\/www.instagram.com\/legislapp\/","og_image":[{"url":"https:\/\/www.legislapp.com.br\/wp-content\/uploads\/2021\/07\/Logo-Legislapp-1-03-1.png","type":"","width":"","height":""}],"twitter_card":"summary_large_image","twitter_misc":{"Est. tempo de leitura":"8 minutos"},"schema":{"@context":"https:\/\/schema.org","@graph":[{"@type":"WebPage","@id":"https:\/\/www.legislapp.com.br\/index.php\/avulso-inicial-pl-6115-2025-camara\/","url":"https:\/\/www.legislapp.com.br\/index.php\/avulso-inicial-pl-6115-2025-camara\/","name":"Avulso Inicial - PL 6115\/2025 - C\u00e2mara - Legislapp","isPartOf":{"@id":"https:\/\/www.legislapp.com.br\/#website"},"primaryImageOfPage":{"@id":"https:\/\/www.legislapp.com.br\/index.php\/avulso-inicial-pl-6115-2025-camara\/#primaryimage"},"image":{"@id":"https:\/\/www.legislapp.com.br\/index.php\/avulso-inicial-pl-6115-2025-camara\/#primaryimage"},"thumbnailUrl":"https:\/\/www.legislapp.com.br\/wp-content\/uploads\/2021\/07\/Logo-Legislapp-1-03-1.png","datePublished":"2026-01-19T14:44:48+00:00","breadcrumb":{"@id":"https:\/\/www.legislapp.com.br\/index.php\/avulso-inicial-pl-6115-2025-camara\/#breadcrumb"},"inLanguage":"pt-BR","potentialAction":[{"@type":"ReadAction","target":["https:\/\/www.legislapp.com.br\/index.php\/avulso-inicial-pl-6115-2025-camara\/"]}]},{"@type":"ImageObject","inLanguage":"pt-BR","@id":"https:\/\/www.legislapp.com.br\/index.php\/avulso-inicial-pl-6115-2025-camara\/#primaryimage","url":"https:\/\/www.legislapp.com.br\/wp-content\/uploads\/2021\/07\/Logo-Legislapp-1-03-1.png","contentUrl":"https:\/\/www.legislapp.com.br\/wp-content\/uploads\/2021\/07\/Logo-Legislapp-1-03-1.png","width":2679,"height":2697},{"@type":"BreadcrumbList","@id":"https:\/\/www.legislapp.com.br\/index.php\/avulso-inicial-pl-6115-2025-camara\/#breadcrumb","itemListElement":[{"@type":"ListItem","position":1,"name":"In\u00edcio","item":"https:\/\/www.legislapp.com.br\/"},{"@type":"ListItem","position":2,"name":"Avulso Inicial &#8211; PL 6115\/2025 &#8211; C\u00e2mara"}]},{"@type":"WebSite","@id":"https:\/\/www.legislapp.com.br\/#website","url":"https:\/\/www.legislapp.com.br\/","name":"Legislapp","description":"Intelig\u00eancia governamental em tempo real","publisher":{"@id":"https:\/\/www.legislapp.com.br\/#organization"},"potentialAction":[{"@type":"SearchAction","target":{"@type":"EntryPoint","urlTemplate":"https:\/\/www.legislapp.com.br\/?s={search_term_string}"},"query-input":{"@type":"PropertyValueSpecification","valueRequired":true,"valueName":"search_term_string"}}],"inLanguage":"pt-BR"},{"@type":"Organization","@id":"https:\/\/www.legislapp.com.br\/#organization","name":"Legislapp Monitoramento e Intelig\u00eancia Governamental","url":"https:\/\/www.legislapp.com.br\/","logo":{"@type":"ImageObject","inLanguage":"pt-BR","@id":"https:\/\/www.legislapp.com.br\/#\/schema\/logo\/image\/","url":"https:\/\/www.legislapp.com.br\/wp-content\/uploads\/icon.png","contentUrl":"https:\/\/www.legislapp.com.br\/wp-content\/uploads\/icon.png","width":1024,"height":1024,"caption":"Legislapp Monitoramento e Intelig\u00eancia Governamental"},"image":{"@id":"https:\/\/www.legislapp.com.br\/#\/schema\/logo\/image\/"},"sameAs":["https:\/\/www.instagram.com\/legislapp\/"]}]}},"_links":{"self":[{"href":"https:\/\/www.legislapp.com.br\/index.php\/wp-json\/wp\/v2\/pages\/11221","targetHints":{"allow":["GET"]}}],"collection":[{"href":"https:\/\/www.legislapp.com.br\/index.php\/wp-json\/wp\/v2\/pages"}],"about":[{"href":"https:\/\/www.legislapp.com.br\/index.php\/wp-json\/wp\/v2\/types\/page"}],"author":[{"embeddable":true,"href":"https:\/\/www.legislapp.com.br\/index.php\/wp-json\/wp\/v2\/users\/1"}],"replies":[{"embeddable":true,"href":"https:\/\/www.legislapp.com.br\/index.php\/wp-json\/wp\/v2\/comments?post=11221"}],"version-history":[{"count":0,"href":"https:\/\/www.legislapp.com.br\/index.php\/wp-json\/wp\/v2\/pages\/11221\/revisions"}],"wp:attachment":[{"href":"https:\/\/www.legislapp.com.br\/index.php\/wp-json\/wp\/v2\/media?parent=11221"}],"curies":[{"name":"wp","href":"https:\/\/api.w.org\/{rel}","templated":true}]}}