{"id":11224,"date":"2026-01-19T11:45:39","date_gmt":"2026-01-19T14:45:39","guid":{"rendered":"https:\/\/www.legislapp.com.br\/index.php\/avulso-inicial-pl-2850-2021-camara\/"},"modified":"2026-01-19T11:45:39","modified_gmt":"2026-01-19T14:45:39","slug":"avulso-inicial-pl-2850-2021-camara","status":"publish","type":"page","link":"https:\/\/www.legislapp.com.br\/index.php\/avulso-inicial-pl-2850-2021-camara\/","title":{"rendered":"Avulso Inicial &#8211; PL 2850\/2021 &#8211; C\u00e2mara"},"content":{"rendered":"<h1 style='text-align: center;'>Avulso Inicial &#8211; Autoria de Senado Federal<\/h3>\n<p><\/p>\n<article>Disp\u00f5e sobre o exerc\u00edcio da profiss\u00e3o de<br \/>\nquiropraxista.<br \/>\nO Congresso Nacional decreta:<br \/>\nArt. 1\u00ba Esta Lei disp\u00f5e sobre o exerc\u00edcio da profiss\u00e3o de quiropraxista em todo o<br \/>\nterrit\u00f3rio nacional.<br \/>\nArt. 2\u00ba Quiropraxia \u00e9 a profiss\u00e3o aut\u00f4noma da \u00e1rea de sa\u00fade que se dedica ao<br \/>\ndiagn\u00f3stico, ao tratamento e \u00e0 preven\u00e7\u00e3o de problemas do sistema<br \/>\nneuromusculoesquel\u00e9tico, compreendendo as articula\u00e7\u00f5es, os m\u00fasculos, os tend\u00f5es, os<br \/>\nossos, os nervos e outras estruturas respons\u00e1veis pelo movimento do corpo.<br \/>\nArt. 3\u00ba Quiropraxista \u00e9 o profissional que atua na promo\u00e7\u00e3o, na preven\u00e7\u00e3o e na<br \/>\nprote\u00e7\u00e3o da sa\u00fade, bem como no tratamento das disfun\u00e7\u00f5es articulares que interferem no<br \/>\nsistema neuromusculoesquel\u00e9tico por meio do ajuste articular, visando \u00e0 corre\u00e7\u00e3o do<br \/>\ncomplexo de subluxa\u00e7\u00e3o.<br \/>\nPar\u00e1grafo \u00fanico. Considera-se, para os fins deste artigo:<br \/>\nI \u2013 ajuste articular: o procedimento terap\u00eautico quiropr\u00e1tico que se utiliza de<br \/>\nfor\u00e7a controlada, alavanca, dire\u00e7\u00e3o espec\u00edfica, baixa amplitude e alta velocidade e que \u00e9<br \/>\naplicado em segmentos articulares espec\u00edficos e nos tecidos adjacentes com objetivo de<br \/>\ncausar influ\u00eancia nas fun\u00e7\u00f5es articulares e neurofisiol\u00f3gicas;<br \/>\nII \u2013 complexo de subluxa\u00e7\u00e3o: o modelo te\u00f3rico descritivo de uma disfun\u00e7\u00e3o<br \/>\nmotora segmentar, o qual incorpora a intera\u00e7\u00e3o de altera\u00e7\u00f5es patol\u00f3gicas em tecidos<br \/>\nnervosos, musculares, ligamentosos, vasculares e conectivos.<br \/>\nArt. 4\u00ba Assegura-se o regular exerc\u00edcio da profiss\u00e3o de quiropraxista:<br \/>\nI \u2013 ao portador de diploma de bacharelado em quiropraxia, conferido por<br \/>\ninstitui\u00e7\u00e3o de ensino superior devidamente reconhecida pelo Minist\u00e9rio da Educa\u00e7\u00e3o;<br \/>\nII \u2013 aos profissionais que, at\u00e9 a promulga\u00e7\u00e3o desta Lei, tenham<br \/>\ncomprovadamente exercido atividades profissionais de quiropraxista por prazo n\u00e3o inferior<br \/>\na 10 (dez) anos e que sejam aprovados em exames de profici\u00eancia, nos termos da<br \/>\nregulamenta\u00e7\u00e3o do \u00f3rg\u00e3o respons\u00e1vel pela fiscaliza\u00e7\u00e3o da profiss\u00e3o de quiropraxista.<br \/>\nArt. 5\u00ba O Conselho Federal e os Conselhos Regionais de Quiropraxia s\u00e3o os<br \/>\n\u00f3rg\u00e3os supervisores e fiscalizadores da atividade e \u00e9tica profissional, bem como julgadores e<br \/>\ndisciplinadores, cabendo-lhes zelar e trabalhar por todos os meios ao seu alcance pela sa\u00fade<br \/>\ne pelo bem-estar das pessoas atendidas na quiropraxia, pelo desenvolvimento cient\u00edfico,<br \/>\nt\u00e9cnico e acad\u00eamico da quiropraxia, pelo desempenho \u00e9tico da quiropraxia e pelo prest\u00edgio e<br \/>\nbom conceito da profiss\u00e3o e dos seus profissionais.<br \/>\n\u00a7 1\u00ba Ato do Poder Executivo dispor\u00e1 sobre o funcionamento e a atua\u00e7\u00e3o dos<br \/>\nconselhos de que trata este artigo.<br \/>\nAutenticado Eletronicamente, ap\u00f3s confer\u00eancia com o original.<br \/>\nApresenta\u00e7\u00e3o: 14\/11\/2025 17:58:52.453 &#8211; Mesa<br \/>\n*CD250195449700* PL n.2850\/2021<br \/>2<br \/>\n\u00a7 2\u00ba A inscri\u00e7\u00e3o no respectivo Conselho Regional \u00e9 condi\u00e7\u00e3o absolutamente<br \/>\nindispens\u00e1vel ao exerc\u00edcio regular da profiss\u00e3o de quiropraxista, atendidos os requisitos do<br \/>\nart. 4\u00ba.<br \/>\n\u00a7 3\u00ba O Conselho Federal editar\u00e1 C\u00f3digo de \u00c9tica da Profiss\u00e3o de Quiropraxista,<br \/>\nque vincular\u00e1 todas as atividades dos profissionais da quiropraxia.<br \/>\nArt. 6\u00ba O exerc\u00edcio profissional de quiropraxia, ou o seu an\u00fancio, quando em<br \/>\ndesconformidade com esta Lei, configura contraven\u00e7\u00e3o penal de exerc\u00edcio irregular de<br \/>\nprofiss\u00e3o.<br \/>\nArt. 7\u00ba Compete privativamente ao quiropraxista:<br \/>\nI \u2013 avaliar, planejar e executar o tratamento quiropr\u00e1tico por meio da aplica\u00e7\u00e3o<br \/>\nde procedimentos espec\u00edficos da quiropraxia e terapias complementares com interface;<br \/>\nII \u2013 coordenar a \u00e1rea de quiropraxia integrante da estrutura b\u00e1sica das<br \/>\ninstitui\u00e7\u00f5es, empresas e organiza\u00e7\u00f5es;<br \/>\nIII \u2013 realizar consultoria e auditoria e emitir parecer t\u00e9cnico sobre a \u00e1rea de<br \/>\nquiropraxia;<br \/>\nIV \u2013 compor equipes multi e interdisciplinares de sa\u00fade, atuando em coopera\u00e7\u00e3o<br \/>\ncom os demais profissionais;<br \/>\nV \u2013 encaminhar o paciente para os demais profissionais de sa\u00fade, atuando em<br \/>\nassocia\u00e7\u00e3o ou colabora\u00e7\u00e3o com estes;<br \/>\nVI \u2013 planejar, dirigir ou efetuar pesquisas cient\u00edficas na \u00e1rea de quiropraxia,<br \/>\npromovidas por institui\u00e7\u00f5es p\u00fablicas ou privadas;<br \/>\nVII \u2013 coordenar e dirigir cursos de gradua\u00e7\u00e3o em quiropraxia em institui\u00e7\u00f5es<br \/>\np\u00fablicas e privadas;<br \/>\nVIII \u2013 exercer a doc\u00eancia nas disciplinas de forma\u00e7\u00e3o espec\u00edfica da \u00e1rea de<br \/>\nquiropraxia;<br \/>\nIX \u2013 participar de bancas examinadoras e da elabora\u00e7\u00e3o de provas seletivas em<br \/>\nconcursos para provimento de cargo ou contrata\u00e7\u00e3o de quiropraxista.<br \/>\nArt. 8\u00ba Esta Lei entra em vigor na data de sua publica\u00e7\u00e3o.<br \/>\nBras\u00edlia, na data da assinatura.<br \/>\nSenador Davi Alcolumbre<br \/>\nPresidente do Senado Federal<br \/>\nphfm\/pl21-2850<br \/>\nAutenticado Eletronicamente, ap\u00f3s confer\u00eancia com o original.<br \/>\nApresenta\u00e7\u00e3o: 14\/11\/2025 17:58:52.453 &#8211; Mesa<br \/>\n*CD250195449700* PL n.2850\/2021<\/article>\n<p><a href='https:\/\/app.legislapp.com.br\/#\/busca?termo=Regulamenta\u00e7\u00e3o'>Regulamenta\u00e7\u00e3o<\/a>, <a href='https:\/\/app.legislapp.com.br\/#\/busca?termo=exerc\u00edcio profissional'>exerc\u00edcio profissional<\/a>, <a href='https:\/\/app.legislapp.com.br\/#\/busca?termo=quiropraxia'>quiropraxia<\/a>, <a href='https:\/\/app.legislapp.com.br\/#\/busca?termo=diretrizes.'>diretrizes.<\/a><\/p>\n<div style=\"text-align: center\">\n      <img decoding=\"async\" style=\"width: 14%;\" src=\"https:\/\/www.legislapp.com.br\/wp-content\/uploads\/2021\/07\/Logo-Legislapp-1-03-1.png\"><br \/>\n      <\/p>\n<div style=\"margin-bottom: 20px;\" class=\"et_pb_button_module_wrapper et_pb_button_5_tb_body_wrapper et_pb_button_alignment_center et_pb_module \">\n         <a class=\"et_pb_button et_pb_button_5_tb_body et_hover_enabled et_pb_bg_layout_dark\" style=\"width: 50%;background-color: black;\" href=\"https:\/\/app.legislapp.com.br\" target=\"_blank\" rel=\"noopener\">Visualizar completo na nossa plataforma (30 dias gr\u00e1tis)<\/a><\/p><\/div>\n<p>      <a href=\"https:\/\/play.google.com\/store\/apps\/details?id=br.com.legislapp\"><img decoding=\"async\" style=\"width: 15%; min-width: 130px;\" src=\"https:\/\/www.legislapp.com.br\/wp-content\/uploads\/google-play.png\"><\/a><br \/>\n      <a href=\"https:\/\/apps.apple.com\/us\/app\/legislapp\/id1568929859\"><img decoding=\"async\" style=\"width: 15%; min-width: 130px\" src=\"https:\/\/www.legislapp.com.br\/wp-content\/uploads\/apple-store.png\"><\/a>\n   <\/div>\n","protected":false},"excerpt":{"rendered":"<p>Avulso Inicial &#8211; Autoria de Senado Federal Disp\u00f5e sobre o exerc\u00edcio da profiss\u00e3o de quiropraxista. O Congresso Nacional decreta: Art. 1\u00ba Esta Lei disp\u00f5e sobre o exerc\u00edcio da profiss\u00e3o de quiropraxista em todo o territ\u00f3rio nacional. Art. 2\u00ba Quiropraxia \u00e9 a profiss\u00e3o aut\u00f4noma da \u00e1rea de sa\u00fade que se dedica ao diagn\u00f3stico, ao tratamento e [&hellip;]<\/p>\n","protected":false},"author":1,"featured_media":0,"parent":0,"menu_order":0,"comment_status":"closed","ping_status":"closed","template":"page-template-blank.php","meta":{"_et_pb_use_builder":"","_et_pb_old_content":"","_et_gb_content_width":"1080","ngg_post_thumbnail":0,"footnotes":""},"class_list":["post-11224","page","type-page","status-publish","hentry"],"yoast_head":"<!-- This site is optimized with the Yoast SEO plugin v24.4 - https:\/\/yoast.com\/wordpress\/plugins\/seo\/ -->\n<title>Avulso Inicial - PL 2850\/2021 - C\u00e2mara - Legislapp<\/title>\n<meta name=\"robots\" content=\"index, follow, max-snippet:-1, max-image-preview:large, max-video-preview:-1\" \/>\n<link rel=\"canonical\" href=\"https:\/\/www.legislapp.com.br\/index.php\/avulso-inicial-pl-2850-2021-camara\/\" \/>\n<meta property=\"og:locale\" content=\"pt_BR\" \/>\n<meta property=\"og:type\" content=\"article\" \/>\n<meta property=\"og:title\" content=\"Avulso Inicial - PL 2850\/2021 - C\u00e2mara - Legislapp\" \/>\n<meta property=\"og:description\" content=\"Avulso Inicial &#8211; Autoria de Senado Federal Disp\u00f5e sobre o exerc\u00edcio da profiss\u00e3o de quiropraxista. O Congresso Nacional decreta: Art. 1\u00ba Esta Lei disp\u00f5e sobre o exerc\u00edcio da profiss\u00e3o de quiropraxista em todo o territ\u00f3rio nacional. Art. 2\u00ba Quiropraxia \u00e9 a profiss\u00e3o aut\u00f4noma da \u00e1rea de sa\u00fade que se dedica ao diagn\u00f3stico, ao tratamento e [&hellip;]\" \/>\n<meta property=\"og:url\" content=\"https:\/\/www.legislapp.com.br\/index.php\/avulso-inicial-pl-2850-2021-camara\/\" \/>\n<meta property=\"og:site_name\" content=\"Legislapp\" \/>\n<meta property=\"article:publisher\" content=\"https:\/\/www.instagram.com\/legislapp\/\" \/>\n<meta property=\"og:image\" content=\"https:\/\/www.legislapp.com.br\/wp-content\/uploads\/2021\/07\/Logo-Legislapp-1-03-1.png\" \/>\n<meta name=\"twitter:card\" content=\"summary_large_image\" \/>\n<meta name=\"twitter:label1\" content=\"Est. tempo de leitura\" \/>\n\t<meta name=\"twitter:data1\" content=\"4 minutos\" \/>\n<script type=\"application\/ld+json\" class=\"yoast-schema-graph\">{\"@context\":\"https:\/\/schema.org\",\"@graph\":[{\"@type\":\"WebPage\",\"@id\":\"https:\/\/www.legislapp.com.br\/index.php\/avulso-inicial-pl-2850-2021-camara\/\",\"url\":\"https:\/\/www.legislapp.com.br\/index.php\/avulso-inicial-pl-2850-2021-camara\/\",\"name\":\"Avulso Inicial - PL 2850\/2021 - C\u00e2mara - Legislapp\",\"isPartOf\":{\"@id\":\"https:\/\/www.legislapp.com.br\/#website\"},\"primaryImageOfPage\":{\"@id\":\"https:\/\/www.legislapp.com.br\/index.php\/avulso-inicial-pl-2850-2021-camara\/#primaryimage\"},\"image\":{\"@id\":\"https:\/\/www.legislapp.com.br\/index.php\/avulso-inicial-pl-2850-2021-camara\/#primaryimage\"},\"thumbnailUrl\":\"https:\/\/www.legislapp.com.br\/wp-content\/uploads\/2021\/07\/Logo-Legislapp-1-03-1.png\",\"datePublished\":\"2026-01-19T14:45:39+00:00\",\"breadcrumb\":{\"@id\":\"https:\/\/www.legislapp.com.br\/index.php\/avulso-inicial-pl-2850-2021-camara\/#breadcrumb\"},\"inLanguage\":\"pt-BR\",\"potentialAction\":[{\"@type\":\"ReadAction\",\"target\":[\"https:\/\/www.legislapp.com.br\/index.php\/avulso-inicial-pl-2850-2021-camara\/\"]}]},{\"@type\":\"ImageObject\",\"inLanguage\":\"pt-BR\",\"@id\":\"https:\/\/www.legislapp.com.br\/index.php\/avulso-inicial-pl-2850-2021-camara\/#primaryimage\",\"url\":\"https:\/\/www.legislapp.com.br\/wp-content\/uploads\/2021\/07\/Logo-Legislapp-1-03-1.png\",\"contentUrl\":\"https:\/\/www.legislapp.com.br\/wp-content\/uploads\/2021\/07\/Logo-Legislapp-1-03-1.png\",\"width\":2679,\"height\":2697},{\"@type\":\"BreadcrumbList\",\"@id\":\"https:\/\/www.legislapp.com.br\/index.php\/avulso-inicial-pl-2850-2021-camara\/#breadcrumb\",\"itemListElement\":[{\"@type\":\"ListItem\",\"position\":1,\"name\":\"In\u00edcio\",\"item\":\"https:\/\/www.legislapp.com.br\/\"},{\"@type\":\"ListItem\",\"position\":2,\"name\":\"Avulso Inicial &#8211; PL 2850\/2021 &#8211; C\u00e2mara\"}]},{\"@type\":\"WebSite\",\"@id\":\"https:\/\/www.legislapp.com.br\/#website\",\"url\":\"https:\/\/www.legislapp.com.br\/\",\"name\":\"Legislapp\",\"description\":\"Intelig\u00eancia governamental em tempo real\",\"publisher\":{\"@id\":\"https:\/\/www.legislapp.com.br\/#organization\"},\"potentialAction\":[{\"@type\":\"SearchAction\",\"target\":{\"@type\":\"EntryPoint\",\"urlTemplate\":\"https:\/\/www.legislapp.com.br\/?s={search_term_string}\"},\"query-input\":{\"@type\":\"PropertyValueSpecification\",\"valueRequired\":true,\"valueName\":\"search_term_string\"}}],\"inLanguage\":\"pt-BR\"},{\"@type\":\"Organization\",\"@id\":\"https:\/\/www.legislapp.com.br\/#organization\",\"name\":\"Legislapp Monitoramento e Intelig\u00eancia Governamental\",\"url\":\"https:\/\/www.legislapp.com.br\/\",\"logo\":{\"@type\":\"ImageObject\",\"inLanguage\":\"pt-BR\",\"@id\":\"https:\/\/www.legislapp.com.br\/#\/schema\/logo\/image\/\",\"url\":\"https:\/\/www.legislapp.com.br\/wp-content\/uploads\/icon.png\",\"contentUrl\":\"https:\/\/www.legislapp.com.br\/wp-content\/uploads\/icon.png\",\"width\":1024,\"height\":1024,\"caption\":\"Legislapp Monitoramento e Intelig\u00eancia Governamental\"},\"image\":{\"@id\":\"https:\/\/www.legislapp.com.br\/#\/schema\/logo\/image\/\"},\"sameAs\":[\"https:\/\/www.instagram.com\/legislapp\/\"]}]}<\/script>\n<!-- \/ Yoast SEO plugin. -->","yoast_head_json":{"title":"Avulso Inicial - PL 2850\/2021 - C\u00e2mara - Legislapp","robots":{"index":"index","follow":"follow","max-snippet":"max-snippet:-1","max-image-preview":"max-image-preview:large","max-video-preview":"max-video-preview:-1"},"canonical":"https:\/\/www.legislapp.com.br\/index.php\/avulso-inicial-pl-2850-2021-camara\/","og_locale":"pt_BR","og_type":"article","og_title":"Avulso Inicial - PL 2850\/2021 - C\u00e2mara - Legislapp","og_description":"Avulso Inicial &#8211; Autoria de Senado Federal Disp\u00f5e sobre o exerc\u00edcio da profiss\u00e3o de quiropraxista. O Congresso Nacional decreta: Art. 1\u00ba Esta Lei disp\u00f5e sobre o exerc\u00edcio da profiss\u00e3o de quiropraxista em todo o territ\u00f3rio nacional. Art. 2\u00ba Quiropraxia \u00e9 a profiss\u00e3o aut\u00f4noma da \u00e1rea de sa\u00fade que se dedica ao diagn\u00f3stico, ao tratamento e [&hellip;]","og_url":"https:\/\/www.legislapp.com.br\/index.php\/avulso-inicial-pl-2850-2021-camara\/","og_site_name":"Legislapp","article_publisher":"https:\/\/www.instagram.com\/legislapp\/","og_image":[{"url":"https:\/\/www.legislapp.com.br\/wp-content\/uploads\/2021\/07\/Logo-Legislapp-1-03-1.png","type":"","width":"","height":""}],"twitter_card":"summary_large_image","twitter_misc":{"Est. tempo de leitura":"4 minutos"},"schema":{"@context":"https:\/\/schema.org","@graph":[{"@type":"WebPage","@id":"https:\/\/www.legislapp.com.br\/index.php\/avulso-inicial-pl-2850-2021-camara\/","url":"https:\/\/www.legislapp.com.br\/index.php\/avulso-inicial-pl-2850-2021-camara\/","name":"Avulso Inicial - PL 2850\/2021 - C\u00e2mara - Legislapp","isPartOf":{"@id":"https:\/\/www.legislapp.com.br\/#website"},"primaryImageOfPage":{"@id":"https:\/\/www.legislapp.com.br\/index.php\/avulso-inicial-pl-2850-2021-camara\/#primaryimage"},"image":{"@id":"https:\/\/www.legislapp.com.br\/index.php\/avulso-inicial-pl-2850-2021-camara\/#primaryimage"},"thumbnailUrl":"https:\/\/www.legislapp.com.br\/wp-content\/uploads\/2021\/07\/Logo-Legislapp-1-03-1.png","datePublished":"2026-01-19T14:45:39+00:00","breadcrumb":{"@id":"https:\/\/www.legislapp.com.br\/index.php\/avulso-inicial-pl-2850-2021-camara\/#breadcrumb"},"inLanguage":"pt-BR","potentialAction":[{"@type":"ReadAction","target":["https:\/\/www.legislapp.com.br\/index.php\/avulso-inicial-pl-2850-2021-camara\/"]}]},{"@type":"ImageObject","inLanguage":"pt-BR","@id":"https:\/\/www.legislapp.com.br\/index.php\/avulso-inicial-pl-2850-2021-camara\/#primaryimage","url":"https:\/\/www.legislapp.com.br\/wp-content\/uploads\/2021\/07\/Logo-Legislapp-1-03-1.png","contentUrl":"https:\/\/www.legislapp.com.br\/wp-content\/uploads\/2021\/07\/Logo-Legislapp-1-03-1.png","width":2679,"height":2697},{"@type":"BreadcrumbList","@id":"https:\/\/www.legislapp.com.br\/index.php\/avulso-inicial-pl-2850-2021-camara\/#breadcrumb","itemListElement":[{"@type":"ListItem","position":1,"name":"In\u00edcio","item":"https:\/\/www.legislapp.com.br\/"},{"@type":"ListItem","position":2,"name":"Avulso Inicial &#8211; PL 2850\/2021 &#8211; C\u00e2mara"}]},{"@type":"WebSite","@id":"https:\/\/www.legislapp.com.br\/#website","url":"https:\/\/www.legislapp.com.br\/","name":"Legislapp","description":"Intelig\u00eancia governamental em tempo real","publisher":{"@id":"https:\/\/www.legislapp.com.br\/#organization"},"potentialAction":[{"@type":"SearchAction","target":{"@type":"EntryPoint","urlTemplate":"https:\/\/www.legislapp.com.br\/?s={search_term_string}"},"query-input":{"@type":"PropertyValueSpecification","valueRequired":true,"valueName":"search_term_string"}}],"inLanguage":"pt-BR"},{"@type":"Organization","@id":"https:\/\/www.legislapp.com.br\/#organization","name":"Legislapp Monitoramento e Intelig\u00eancia Governamental","url":"https:\/\/www.legislapp.com.br\/","logo":{"@type":"ImageObject","inLanguage":"pt-BR","@id":"https:\/\/www.legislapp.com.br\/#\/schema\/logo\/image\/","url":"https:\/\/www.legislapp.com.br\/wp-content\/uploads\/icon.png","contentUrl":"https:\/\/www.legislapp.com.br\/wp-content\/uploads\/icon.png","width":1024,"height":1024,"caption":"Legislapp Monitoramento e Intelig\u00eancia Governamental"},"image":{"@id":"https:\/\/www.legislapp.com.br\/#\/schema\/logo\/image\/"},"sameAs":["https:\/\/www.instagram.com\/legislapp\/"]}]}},"_links":{"self":[{"href":"https:\/\/www.legislapp.com.br\/index.php\/wp-json\/wp\/v2\/pages\/11224","targetHints":{"allow":["GET"]}}],"collection":[{"href":"https:\/\/www.legislapp.com.br\/index.php\/wp-json\/wp\/v2\/pages"}],"about":[{"href":"https:\/\/www.legislapp.com.br\/index.php\/wp-json\/wp\/v2\/types\/page"}],"author":[{"embeddable":true,"href":"https:\/\/www.legislapp.com.br\/index.php\/wp-json\/wp\/v2\/users\/1"}],"replies":[{"embeddable":true,"href":"https:\/\/www.legislapp.com.br\/index.php\/wp-json\/wp\/v2\/comments?post=11224"}],"version-history":[{"count":0,"href":"https:\/\/www.legislapp.com.br\/index.php\/wp-json\/wp\/v2\/pages\/11224\/revisions"}],"wp:attachment":[{"href":"https:\/\/www.legislapp.com.br\/index.php\/wp-json\/wp\/v2\/media?parent=11224"}],"curies":[{"name":"wp","href":"https:\/\/api.w.org\/{rel}","templated":true}]}}