{"id":11261,"date":"2026-01-19T11:47:11","date_gmt":"2026-01-19T14:47:11","guid":{"rendered":"https:\/\/www.legislapp.com.br\/index.php\/avulso-inicial-pl-6027-2025-camara\/"},"modified":"2026-01-19T11:47:11","modified_gmt":"2026-01-19T14:47:11","slug":"avulso-inicial-pl-6027-2025-camara","status":"publish","type":"page","link":"https:\/\/www.legislapp.com.br\/index.php\/avulso-inicial-pl-6027-2025-camara\/","title":{"rendered":"Avulso Inicial &#8211; PL 6027\/2025 &#8211; C\u00e2mara"},"content":{"rendered":"<h1 style='text-align: center;'>Avulso Inicial &#8211; Autoria de Clodoaldo Magalh\u00e3es<\/h3>\n<p><\/p>\n<article>                         C\u00c2MARA DOS DEPUTADOS<br \/>\n   PROJETO DE LEI N\u00ba      , DE 2025<br \/>\n (Do Sr. Clodoaldo Magalh\u00e3es)<br \/>\nConcede ao Munic\u00edpio de Jatob\u00e1, no<br \/>\nEstado de Pernambuco, o t\u00edtulo de Capital<br \/>\nNacional da Til\u00e1pia.<br \/>\nO Congresso Nacional decreta:<br \/>\nArt. 1\u00ba Fica concedido ao Munic\u00edpio de Jatob\u00e1, no<br \/>\nEstado de Pernambuco, o t\u00edtulo de Capital Nacional da Til\u00e1pia.<br \/>\nArt. 2\u00ba Esta Lei entra em vigor na data de sua<br \/>\npublica\u00e7\u00e3o.<br \/>\nJUSTIFICA\u00c7\u00c3O<br \/>\nO Munic\u00edpio de Jatob\u00e1, localizado no Sert\u00e3o de Itaparica, em<br \/>\nPernambuco, consolidou-se nas \u00faltimas d\u00e9cadas como um dos mais<br \/>\nrelevantes p\u00f3los brasileiros de piscicultura em \u00e1guas interiores, com<br \/>\ndestaque para a cria\u00e7\u00e3o de til\u00e1pia em larga escala.<br \/>\nInstalado \u00e0s margens do Lago de Itaparica, um dos maiores<br \/>\nreservat\u00f3rios de \u00e1gua doce do Nordeste, Jatob\u00e1 abriga centenas de<br \/>\nprodutores, cooperativas e empreendimentos familiares dedicados \u00e0<br \/>\nPara verificar a assinatura, acesse https:\/\/infoleg-autenticidade-assinatura.camara.leg.br\/CD257063826500<br \/>\nAssinado eletronicamente pelo(a) Dep. Clodoaldo Magalh\u00e3es<br \/>\nApresenta\u00e7\u00e3o: 27\/11\/2025 17:24:02.363 &#8211; Mesa<br \/>\n*CD257063826500* PL n.6027\/2025<br \/>cria\u00e7\u00e3o tecnificada de til\u00e1pia, o que transformou a atividade em um dos<br \/>\nprincipais vetores de desenvolvimento econ\u00f4mico da regi\u00e3o.<br \/>\nA produ\u00e7\u00e3o local abastece n\u00e3o apenas munic\u00edpios circunvizinhos,<br \/>\nmas alcan\u00e7a diversos estados do Pa\u00eds, fortalecendo cadeias produtivas<br \/>\nde beneficiamento, filetagem, comercializa\u00e7\u00e3o e fornecimento de<br \/>\ninsumos. A piscicultura em Jatob\u00e1 tamb\u00e9m impulsiona a gera\u00e7\u00e3o de<br \/>\nemprego e renda, contribui para a seguran\u00e7a alimentar regional e<br \/>\nfomenta a inova\u00e7\u00e3o tecnol\u00f3gica por meio da ado\u00e7\u00e3o de sistemas<br \/>\nprodutivos sustent\u00e1veis e de manejo eficiente.<br \/>\nAl\u00e9m da relev\u00e2ncia econ\u00f4mica, a tilapicultura em Jatob\u00e1 possui<br \/>\nforte dimens\u00e3o social: ressignifica o uso do territ\u00f3rio, amplia<br \/>\noportunidades para pequenos produtores e refor\u00e7a a identidade local. A<br \/>\nconsolida\u00e7\u00e3o do t\u00edtulo de Capital Nacional da Til\u00e1pia representa, assim,<br \/>\no reconhecimento justo de uma voca\u00e7\u00e3o produtiva que impacta<br \/>\npositivamente todo o Sert\u00e3o pernambucano.<br \/>\nDiante dessa import\u00e2ncia \u2014 econ\u00f4mica, social e estrat\u00e9gica \u2014 a<br \/>\nconcess\u00e3o do t\u00edtulo proposto \u00e9 medida de valoriza\u00e7\u00e3o, promo\u00e7\u00e3o e<br \/>\nfortalecimento da atividade, contribuindo para ampliar a visibilidade<br \/>\nnacional de Jatob\u00e1 e estimular pol\u00edticas p\u00fablicas de apoio \u00e0 piscicultura.<br \/>\nSala das Sess\u00f5es, em         de                         de<br \/>\n2025.<br \/>\nDeputado Clodoaldo Magalh\u00e3es<br \/>\nPV\/PE<br \/>\nPara verificar a assinatura, acesse https:\/\/infoleg-autenticidade-assinatura.camara.leg.br\/CD257063826500<br \/>\nAssinado eletronicamente pelo(a) Dep. Clodoaldo Magalh\u00e3es<br \/>\nApresenta\u00e7\u00e3o: 27\/11\/2025 17:24:02.363 &#8211; Mesa<br \/>\n*CD257063826500* PL n.6027\/2025<\/article>\n<p><a href='https:\/\/app.legislapp.com.br\/#\/busca?termo=T\u00edtulo de capital nacional'>T\u00edtulo de capital nacional<\/a>, <a href='https:\/\/app.legislapp.com.br\/#\/busca?termo=Capital Nacional da Til\u00e1pia'>Capital Nacional da Til\u00e1pia<\/a>, <a href='https:\/\/app.legislapp.com.br\/#\/busca?termo=Jatob\u00e1 (PE)'>Jatob\u00e1 (PE)<\/a>, <a href='https:\/\/app.legislapp.com.br\/#\/busca?termo=Pernambuco'>Pernambuco<\/a>, <a href='https:\/\/app.legislapp.com.br\/#\/busca?termo=t\u00edtulo de top\u00f4nimo.'>t\u00edtulo de top\u00f4nimo.<\/a><\/p>\n<div style=\"text-align: center\">\n      <img decoding=\"async\" style=\"width: 14%;\" src=\"https:\/\/www.legislapp.com.br\/wp-content\/uploads\/2021\/07\/Logo-Legislapp-1-03-1.png\"><br \/>\n      <\/p>\n<div style=\"margin-bottom: 20px;\" class=\"et_pb_button_module_wrapper et_pb_button_5_tb_body_wrapper et_pb_button_alignment_center et_pb_module \">\n         <a class=\"et_pb_button et_pb_button_5_tb_body et_hover_enabled et_pb_bg_layout_dark\" style=\"width: 50%;background-color: black;\" href=\"https:\/\/app.legislapp.com.br\" target=\"_blank\" rel=\"noopener\">Visualizar completo na nossa plataforma (30 dias gr\u00e1tis)<\/a><\/p><\/div>\n<p>      <a href=\"https:\/\/play.google.com\/store\/apps\/details?id=br.com.legislapp\"><img decoding=\"async\" style=\"width: 15%; min-width: 130px;\" src=\"https:\/\/www.legislapp.com.br\/wp-content\/uploads\/google-play.png\"><\/a><br \/>\n      <a href=\"https:\/\/apps.apple.com\/us\/app\/legislapp\/id1568929859\"><img decoding=\"async\" style=\"width: 15%; min-width: 130px\" src=\"https:\/\/www.legislapp.com.br\/wp-content\/uploads\/apple-store.png\"><\/a>\n   <\/div>\n","protected":false},"excerpt":{"rendered":"<p>Avulso Inicial &#8211; Autoria de Clodoaldo Magalh\u00e3es C\u00c2MARA DOS DEPUTADOS PROJETO DE LEI N\u00ba , DE 2025 (Do Sr. Clodoaldo Magalh\u00e3es) Concede ao Munic\u00edpio de Jatob\u00e1, no Estado de Pernambuco, o t\u00edtulo de Capital Nacional da Til\u00e1pia. O Congresso Nacional decreta: Art. 1\u00ba Fica concedido ao Munic\u00edpio de Jatob\u00e1, no Estado de Pernambuco, o t\u00edtulo [&hellip;]<\/p>\n","protected":false},"author":1,"featured_media":0,"parent":0,"menu_order":0,"comment_status":"closed","ping_status":"closed","template":"page-template-blank.php","meta":{"_et_pb_use_builder":"","_et_pb_old_content":"","_et_gb_content_width":"1080","ngg_post_thumbnail":0,"footnotes":""},"class_list":["post-11261","page","type-page","status-publish","hentry"],"yoast_head":"<!-- This site is optimized with the Yoast SEO plugin v24.4 - https:\/\/yoast.com\/wordpress\/plugins\/seo\/ -->\n<title>Avulso Inicial - PL 6027\/2025 - C\u00e2mara - Legislapp<\/title>\n<meta name=\"robots\" content=\"index, follow, max-snippet:-1, max-image-preview:large, max-video-preview:-1\" \/>\n<link rel=\"canonical\" href=\"https:\/\/www.legislapp.com.br\/index.php\/avulso-inicial-pl-6027-2025-camara\/\" \/>\n<meta property=\"og:locale\" content=\"pt_BR\" \/>\n<meta property=\"og:type\" content=\"article\" \/>\n<meta property=\"og:title\" content=\"Avulso Inicial - PL 6027\/2025 - C\u00e2mara - Legislapp\" \/>\n<meta property=\"og:description\" content=\"Avulso Inicial &#8211; Autoria de Clodoaldo Magalh\u00e3es C\u00c2MARA DOS DEPUTADOS PROJETO DE LEI N\u00ba , DE 2025 (Do Sr. Clodoaldo Magalh\u00e3es) Concede ao Munic\u00edpio de Jatob\u00e1, no Estado de Pernambuco, o t\u00edtulo de Capital Nacional da Til\u00e1pia. O Congresso Nacional decreta: Art. 1\u00ba Fica concedido ao Munic\u00edpio de Jatob\u00e1, no Estado de Pernambuco, o t\u00edtulo [&hellip;]\" \/>\n<meta property=\"og:url\" content=\"https:\/\/www.legislapp.com.br\/index.php\/avulso-inicial-pl-6027-2025-camara\/\" \/>\n<meta property=\"og:site_name\" content=\"Legislapp\" \/>\n<meta property=\"article:publisher\" content=\"https:\/\/www.instagram.com\/legislapp\/\" \/>\n<meta property=\"og:image\" content=\"https:\/\/www.legislapp.com.br\/wp-content\/uploads\/2021\/07\/Logo-Legislapp-1-03-1.png\" \/>\n<meta name=\"twitter:card\" content=\"summary_large_image\" \/>\n<meta name=\"twitter:label1\" content=\"Est. tempo de leitura\" \/>\n\t<meta name=\"twitter:data1\" content=\"2 minutos\" \/>\n<script type=\"application\/ld+json\" class=\"yoast-schema-graph\">{\"@context\":\"https:\/\/schema.org\",\"@graph\":[{\"@type\":\"WebPage\",\"@id\":\"https:\/\/www.legislapp.com.br\/index.php\/avulso-inicial-pl-6027-2025-camara\/\",\"url\":\"https:\/\/www.legislapp.com.br\/index.php\/avulso-inicial-pl-6027-2025-camara\/\",\"name\":\"Avulso Inicial - PL 6027\/2025 - C\u00e2mara - Legislapp\",\"isPartOf\":{\"@id\":\"https:\/\/www.legislapp.com.br\/#website\"},\"primaryImageOfPage\":{\"@id\":\"https:\/\/www.legislapp.com.br\/index.php\/avulso-inicial-pl-6027-2025-camara\/#primaryimage\"},\"image\":{\"@id\":\"https:\/\/www.legislapp.com.br\/index.php\/avulso-inicial-pl-6027-2025-camara\/#primaryimage\"},\"thumbnailUrl\":\"https:\/\/www.legislapp.com.br\/wp-content\/uploads\/2021\/07\/Logo-Legislapp-1-03-1.png\",\"datePublished\":\"2026-01-19T14:47:11+00:00\",\"breadcrumb\":{\"@id\":\"https:\/\/www.legislapp.com.br\/index.php\/avulso-inicial-pl-6027-2025-camara\/#breadcrumb\"},\"inLanguage\":\"pt-BR\",\"potentialAction\":[{\"@type\":\"ReadAction\",\"target\":[\"https:\/\/www.legislapp.com.br\/index.php\/avulso-inicial-pl-6027-2025-camara\/\"]}]},{\"@type\":\"ImageObject\",\"inLanguage\":\"pt-BR\",\"@id\":\"https:\/\/www.legislapp.com.br\/index.php\/avulso-inicial-pl-6027-2025-camara\/#primaryimage\",\"url\":\"https:\/\/www.legislapp.com.br\/wp-content\/uploads\/2021\/07\/Logo-Legislapp-1-03-1.png\",\"contentUrl\":\"https:\/\/www.legislapp.com.br\/wp-content\/uploads\/2021\/07\/Logo-Legislapp-1-03-1.png\",\"width\":2679,\"height\":2697},{\"@type\":\"BreadcrumbList\",\"@id\":\"https:\/\/www.legislapp.com.br\/index.php\/avulso-inicial-pl-6027-2025-camara\/#breadcrumb\",\"itemListElement\":[{\"@type\":\"ListItem\",\"position\":1,\"name\":\"In\u00edcio\",\"item\":\"https:\/\/www.legislapp.com.br\/\"},{\"@type\":\"ListItem\",\"position\":2,\"name\":\"Avulso Inicial &#8211; PL 6027\/2025 &#8211; C\u00e2mara\"}]},{\"@type\":\"WebSite\",\"@id\":\"https:\/\/www.legislapp.com.br\/#website\",\"url\":\"https:\/\/www.legislapp.com.br\/\",\"name\":\"Legislapp\",\"description\":\"Intelig\u00eancia governamental em tempo real\",\"publisher\":{\"@id\":\"https:\/\/www.legislapp.com.br\/#organization\"},\"potentialAction\":[{\"@type\":\"SearchAction\",\"target\":{\"@type\":\"EntryPoint\",\"urlTemplate\":\"https:\/\/www.legislapp.com.br\/?s={search_term_string}\"},\"query-input\":{\"@type\":\"PropertyValueSpecification\",\"valueRequired\":true,\"valueName\":\"search_term_string\"}}],\"inLanguage\":\"pt-BR\"},{\"@type\":\"Organization\",\"@id\":\"https:\/\/www.legislapp.com.br\/#organization\",\"name\":\"Legislapp Monitoramento e Intelig\u00eancia Governamental\",\"url\":\"https:\/\/www.legislapp.com.br\/\",\"logo\":{\"@type\":\"ImageObject\",\"inLanguage\":\"pt-BR\",\"@id\":\"https:\/\/www.legislapp.com.br\/#\/schema\/logo\/image\/\",\"url\":\"https:\/\/www.legislapp.com.br\/wp-content\/uploads\/icon.png\",\"contentUrl\":\"https:\/\/www.legislapp.com.br\/wp-content\/uploads\/icon.png\",\"width\":1024,\"height\":1024,\"caption\":\"Legislapp Monitoramento e Intelig\u00eancia Governamental\"},\"image\":{\"@id\":\"https:\/\/www.legislapp.com.br\/#\/schema\/logo\/image\/\"},\"sameAs\":[\"https:\/\/www.instagram.com\/legislapp\/\"]}]}<\/script>\n<!-- \/ Yoast SEO plugin. -->","yoast_head_json":{"title":"Avulso Inicial - PL 6027\/2025 - C\u00e2mara - Legislapp","robots":{"index":"index","follow":"follow","max-snippet":"max-snippet:-1","max-image-preview":"max-image-preview:large","max-video-preview":"max-video-preview:-1"},"canonical":"https:\/\/www.legislapp.com.br\/index.php\/avulso-inicial-pl-6027-2025-camara\/","og_locale":"pt_BR","og_type":"article","og_title":"Avulso Inicial - PL 6027\/2025 - C\u00e2mara - Legislapp","og_description":"Avulso Inicial &#8211; Autoria de Clodoaldo Magalh\u00e3es C\u00c2MARA DOS DEPUTADOS PROJETO DE LEI N\u00ba , DE 2025 (Do Sr. Clodoaldo Magalh\u00e3es) Concede ao Munic\u00edpio de Jatob\u00e1, no Estado de Pernambuco, o t\u00edtulo de Capital Nacional da Til\u00e1pia. O Congresso Nacional decreta: Art. 1\u00ba Fica concedido ao Munic\u00edpio de Jatob\u00e1, no Estado de Pernambuco, o t\u00edtulo [&hellip;]","og_url":"https:\/\/www.legislapp.com.br\/index.php\/avulso-inicial-pl-6027-2025-camara\/","og_site_name":"Legislapp","article_publisher":"https:\/\/www.instagram.com\/legislapp\/","og_image":[{"url":"https:\/\/www.legislapp.com.br\/wp-content\/uploads\/2021\/07\/Logo-Legislapp-1-03-1.png","type":"","width":"","height":""}],"twitter_card":"summary_large_image","twitter_misc":{"Est. tempo de leitura":"2 minutos"},"schema":{"@context":"https:\/\/schema.org","@graph":[{"@type":"WebPage","@id":"https:\/\/www.legislapp.com.br\/index.php\/avulso-inicial-pl-6027-2025-camara\/","url":"https:\/\/www.legislapp.com.br\/index.php\/avulso-inicial-pl-6027-2025-camara\/","name":"Avulso Inicial - PL 6027\/2025 - C\u00e2mara - Legislapp","isPartOf":{"@id":"https:\/\/www.legislapp.com.br\/#website"},"primaryImageOfPage":{"@id":"https:\/\/www.legislapp.com.br\/index.php\/avulso-inicial-pl-6027-2025-camara\/#primaryimage"},"image":{"@id":"https:\/\/www.legislapp.com.br\/index.php\/avulso-inicial-pl-6027-2025-camara\/#primaryimage"},"thumbnailUrl":"https:\/\/www.legislapp.com.br\/wp-content\/uploads\/2021\/07\/Logo-Legislapp-1-03-1.png","datePublished":"2026-01-19T14:47:11+00:00","breadcrumb":{"@id":"https:\/\/www.legislapp.com.br\/index.php\/avulso-inicial-pl-6027-2025-camara\/#breadcrumb"},"inLanguage":"pt-BR","potentialAction":[{"@type":"ReadAction","target":["https:\/\/www.legislapp.com.br\/index.php\/avulso-inicial-pl-6027-2025-camara\/"]}]},{"@type":"ImageObject","inLanguage":"pt-BR","@id":"https:\/\/www.legislapp.com.br\/index.php\/avulso-inicial-pl-6027-2025-camara\/#primaryimage","url":"https:\/\/www.legislapp.com.br\/wp-content\/uploads\/2021\/07\/Logo-Legislapp-1-03-1.png","contentUrl":"https:\/\/www.legislapp.com.br\/wp-content\/uploads\/2021\/07\/Logo-Legislapp-1-03-1.png","width":2679,"height":2697},{"@type":"BreadcrumbList","@id":"https:\/\/www.legislapp.com.br\/index.php\/avulso-inicial-pl-6027-2025-camara\/#breadcrumb","itemListElement":[{"@type":"ListItem","position":1,"name":"In\u00edcio","item":"https:\/\/www.legislapp.com.br\/"},{"@type":"ListItem","position":2,"name":"Avulso Inicial &#8211; PL 6027\/2025 &#8211; C\u00e2mara"}]},{"@type":"WebSite","@id":"https:\/\/www.legislapp.com.br\/#website","url":"https:\/\/www.legislapp.com.br\/","name":"Legislapp","description":"Intelig\u00eancia governamental em tempo real","publisher":{"@id":"https:\/\/www.legislapp.com.br\/#organization"},"potentialAction":[{"@type":"SearchAction","target":{"@type":"EntryPoint","urlTemplate":"https:\/\/www.legislapp.com.br\/?s={search_term_string}"},"query-input":{"@type":"PropertyValueSpecification","valueRequired":true,"valueName":"search_term_string"}}],"inLanguage":"pt-BR"},{"@type":"Organization","@id":"https:\/\/www.legislapp.com.br\/#organization","name":"Legislapp Monitoramento e Intelig\u00eancia Governamental","url":"https:\/\/www.legislapp.com.br\/","logo":{"@type":"ImageObject","inLanguage":"pt-BR","@id":"https:\/\/www.legislapp.com.br\/#\/schema\/logo\/image\/","url":"https:\/\/www.legislapp.com.br\/wp-content\/uploads\/icon.png","contentUrl":"https:\/\/www.legislapp.com.br\/wp-content\/uploads\/icon.png","width":1024,"height":1024,"caption":"Legislapp Monitoramento e Intelig\u00eancia Governamental"},"image":{"@id":"https:\/\/www.legislapp.com.br\/#\/schema\/logo\/image\/"},"sameAs":["https:\/\/www.instagram.com\/legislapp\/"]}]}},"_links":{"self":[{"href":"https:\/\/www.legislapp.com.br\/index.php\/wp-json\/wp\/v2\/pages\/11261","targetHints":{"allow":["GET"]}}],"collection":[{"href":"https:\/\/www.legislapp.com.br\/index.php\/wp-json\/wp\/v2\/pages"}],"about":[{"href":"https:\/\/www.legislapp.com.br\/index.php\/wp-json\/wp\/v2\/types\/page"}],"author":[{"embeddable":true,"href":"https:\/\/www.legislapp.com.br\/index.php\/wp-json\/wp\/v2\/users\/1"}],"replies":[{"embeddable":true,"href":"https:\/\/www.legislapp.com.br\/index.php\/wp-json\/wp\/v2\/comments?post=11261"}],"version-history":[{"count":0,"href":"https:\/\/www.legislapp.com.br\/index.php\/wp-json\/wp\/v2\/pages\/11261\/revisions"}],"wp:attachment":[{"href":"https:\/\/www.legislapp.com.br\/index.php\/wp-json\/wp\/v2\/media?parent=11261"}],"curies":[{"name":"wp","href":"https:\/\/api.w.org\/{rel}","templated":true}]}}