{"id":11277,"date":"2026-01-19T11:47:45","date_gmt":"2026-01-19T14:47:45","guid":{"rendered":"https:\/\/www.legislapp.com.br\/index.php\/avulso-inicial-pl-6112-2025-camara\/"},"modified":"2026-01-19T11:47:45","modified_gmt":"2026-01-19T14:47:45","slug":"avulso-inicial-pl-6112-2025-camara","status":"publish","type":"page","link":"https:\/\/www.legislapp.com.br\/index.php\/avulso-inicial-pl-6112-2025-camara\/","title":{"rendered":"Avulso Inicial &#8211; PL 6112\/2025 &#8211; C\u00e2mara"},"content":{"rendered":"<h1 style='text-align: center;'>Avulso Inicial &#8211; Autoria de Amom Mandel<\/h3>\n<p><\/p>\n<article> C\u00c2MARA DOS DEPUTADOS<br \/>\n Gabinete do Deputado Federal AMOM MANDEL \u2013 CIDADANIA\/AM<br \/>\nPROJETO DE LEI N\u00ba      , DE 2025<br \/>\n(Do Sr. AMOM MANDEL)<br \/>\nInstitui o Programa Nacional de<br \/>\nRetreinamento Psicol\u00f3gico e Emocional<br \/>\nde Agentes de Seguran\u00e7a.<br \/>\nO Congresso Nacional decreta:<br \/>\nArt. 1\u00ba Esta Lei institui O Programa Nacional de Retreinamento<br \/>\nPsicol\u00f3gico e Emocional de Agentes de Seguran\u00e7a.<br \/>\nArt. 2\u00ba Inclua-se o seguinte art. 42-F \u00e0 Lei n\u00ba 13.675, de 11 de junho de<br \/>\n2018:<br \/>\n\u201cArt. 42-F. Fica institu\u00eddo, no \u00e2mbito do Pr\u00f3-Vida, o Programa Nacional<br \/>\nde Retreinamento Psicol\u00f3gico e Emocional de Agentes de Seguran\u00e7a,<br \/>\nde car\u00e1ter permanente e obrigat\u00f3rio, com os seguintes objetivos:<br \/>\nI \u2013 promover a capacita\u00e7\u00e3o cont\u00ednua em sa\u00fade mental, controle de<br \/>\nestresse, preven\u00e7\u00e3o do suic\u00eddio e manejo de crises;<br \/>\nII \u2013 desenvolver t\u00e9cnicas de desescalada e de resolu\u00e7\u00e3o pac\u00edfica de<br \/>\nconflitos, com vistas \u00e0 redu\u00e7\u00e3o da letalidade policial;<br \/>\nIII \u2013 assegurar suporte psicol\u00f3gico e emocional aos profissionais de<br \/>\nseguran\u00e7a p\u00fablica e defesa social para prevenir o adoecimento<br \/>\nocupacional;<br \/>\n___________________________________________________________________________<br \/>\nC\u00e2mara dos Deputados | Anexo IV Gabinete 760 | \u2013 CEP: 70160-900 \u2013<br \/>\nBras\u00edlia-DF<br \/>\nTel (61) 3215-5760 | dep.amommandel@camara.leg.br<br \/>\nPara verificar a assinatura, acesse https:\/\/infoleg-autenticidade-assinatura.camara.leg.br\/CD251951374600<br \/>\nAssinado eletronicamente pelo(a) Dep. Amom Mandel<br \/>\nApresenta\u00e7\u00e3o: 02\/12\/2025 20:19:30.553 &#8211; Mesa<br \/>\n*CD251951374600* PL n.6112\/2025<br \/> C\u00c2MARA DOS DEPUTADOS<br \/>\n Gabinete do Deputado Federal AMOM MANDEL \u2013 CIDADANIA\/AM<br \/>\nIV \u2013 fomentar uma cultura organizacional voltada \u00e0 valoriza\u00e7\u00e3o da vida,<br \/>\nao respeito aos direitos humanos e \u00e0 seguran\u00e7a p\u00fablica humanizada.<br \/>\n\u00a7 1\u00ba O programa ser\u00e1 implementado em car\u00e1ter interfederativo, nos<br \/>\ntermos da pactua\u00e7\u00e3o prevista no \u00a7 4\u00ba, do art. 42, desta Lei.<br \/>\n\u00a7 2\u00ba O Pr\u00f3-Vida expedir\u00e1 diretrizes nacionais de execu\u00e7\u00e3o do<br \/>\nprograma, que dever\u00e3o ser observadas por todos os \u00f3rg\u00e3os integrantes<br \/>\ndo Susp, respeitadas as especificidades institucionais.<br \/>\n\u00a7 3\u00ba As a\u00e7\u00f5es previstas neste artigo ter\u00e3o car\u00e1ter preventivo, educativo<br \/>\ne terap\u00eautico.\u201d<br \/>\nArt. 3\u00ba Esta lei entra em vigor na data de sua publica\u00e7\u00e3o.<br \/>\nJUSTIFICA\u00c7\u00c3O<br \/>\nA cria\u00e7\u00e3o do Programa Nacional de Retreinamento Psicol\u00f3gico e<br \/>\nEmocional de Agentes de Seguran\u00e7a justifica-se pela necessidade urgente de<br \/>\nfortalecer a prote\u00e7\u00e3o \u00e0 sa\u00fade mental e emocional dos profissionais de seguran\u00e7a<br \/>\np\u00fablica e defesa social, que est\u00e3o expostos diariamente a condi\u00e7\u00f5es extremas de<br \/>\nestresse, viol\u00eancia e risco. O Brasil apresenta, h\u00e1 d\u00e9cadas, \u00edndices alarmantes de<br \/>\nletalidade policial e taxas preocupantes de suic\u00eddio entre agentes da seguran\u00e7a, fatores<br \/>\nque comprometem tanto a integridade dos profissionais quanto a confian\u00e7a da<br \/>\nsociedade nas institui\u00e7\u00f5es respons\u00e1veis pela preserva\u00e7\u00e3o da ordem p\u00fablica.<br \/>\n___________________________________________________________________________<br \/>\nC\u00e2mara dos Deputados | Anexo IV Gabinete 760 | \u2013 CEP: 70160-900 \u2013<br \/>\nBras\u00edlia-DF<br \/>\nTel (61) 3215-5760 | dep.amommandel@camara.leg.br<br \/>\nPara verificar a assinatura, acesse https:\/\/infoleg-autenticidade-assinatura.camara.leg.br\/CD251951374600<br \/>\nAssinado eletronicamente pelo(a) Dep. Amom Mandel<br \/>\nApresenta\u00e7\u00e3o: 02\/12\/2025 20:19:30.553 &#8211; Mesa<br \/>\n*CD251951374600* PL n.6112\/2025<br \/> C\u00c2MARA DOS DEPUTADOS<br \/>\n Gabinete do Deputado Federal AMOM MANDEL \u2013 CIDADANIA\/AM<br \/>\nEmbora a legisla\u00e7\u00e3o j\u00e1 tenha avan\u00e7ado com a institui\u00e7\u00e3o do Pr\u00f3-Vida e<br \/>\nincorporado diretrizes de aten\u00e7\u00e3o biopsicossocial, preven\u00e7\u00e3o ao suic\u00eddio e promo\u00e7\u00e3o<br \/>\nde qualidade de vida, \u00e9 necess\u00e1rio dar um passo adiante, instituindo um programa<br \/>\npermanente, sistem\u00e1tico e obrigat\u00f3rio de retreinamento psicol\u00f3gico e emocional. Tal<br \/>\niniciativa garante que n\u00e3o apenas haja atendimento emergencial ou a\u00e7\u00f5es pontuais,<br \/>\nmas que todos os profissionais da seguran\u00e7a passem, regularmente, por ciclos de<br \/>\natualiza\u00e7\u00e3o em gest\u00e3o emocional, controle de estresse, t\u00e9cnicas de desescalada de<br \/>\nconflitos e estrat\u00e9gias de policiamento humanizado.<br \/>\nO programa responde a uma dupla necessidade. De um lado, protege o<br \/>\npr\u00f3prio agente, de forma a oferecer instrumentos concretos para lidar com os impactos<br \/>\nemocionais e psicol\u00f3gicos da profiss\u00e3o. Isso reduz o risco de adoecimento e de<br \/>\nviol\u00eancia autoprovocada. De outro, qualifica o servi\u00e7o prestado \u00e0 sociedade, uma vez<br \/>\nque agentes emocionalmente preparados tendem a agir de forma mais equilibrada, o<br \/>\nque diminui a letalidade das a\u00e7\u00f5es policiais e aumenta a capacidade de media\u00e7\u00e3o e de<br \/>\nresolu\u00e7\u00e3o pac\u00edfica de situa\u00e7\u00f5es cr\u00edticas.<br \/>\nAl\u00e9m disso, ao ser estruturado como pol\u00edtica interfederativa, o programa<br \/>\nrespeita o pacto federativo e garante que Uni\u00e3o, Estados, Distrito Federal e Munic\u00edpios<br \/>\natuem de forma coordenada, mas adaptada \u00e0s suas realidades locais. Essa<br \/>\ncaracter\u00edstica amplia a efetividade e evita fragmenta\u00e7\u00f5es, assegurando que todos os<br \/>\n\u00f3rg\u00e3os do Sistema \u00danico de Seguran\u00e7a P\u00fablica e Defesa Social compartilhem padr\u00f5es<br \/>\nm\u00ednimos de cuidado com a sa\u00fade mental e de treinamento emocional de seus agentes.<br \/>\nPortanto, a institui\u00e7\u00e3o do Programa Nacional de Retreinamento<br \/>\nPsicol\u00f3gico e Emocional de Agentes de Seguran\u00e7a n\u00e3o se limita a uma medida de<br \/>\nvaloriza\u00e7\u00e3o profissional, mas representa uma estrat\u00e9gia essencial de moderniza\u00e7\u00e3o da<br \/>\nseguran\u00e7a p\u00fablica, na medida em que articula prote\u00e7\u00e3o ao agente, efici\u00eancia<br \/>\n___________________________________________________________________________<br \/>\nC\u00e2mara dos Deputados | Anexo IV Gabinete 760 | \u2013 CEP: 70160-900 \u2013<br \/>\nBras\u00edlia-DF<br \/>\nTel (61) 3215-5760 | dep.amommandel@camara.leg.br<br \/>\nPara verificar a assinatura, acesse https:\/\/infoleg-autenticidade-assinatura.camara.leg.br\/CD251951374600<br \/>\nAssinado eletronicamente pelo(a) Dep. Amom Mandel<br \/>\nApresenta\u00e7\u00e3o: 02\/12\/2025 20:19:30.553 &#8211; Mesa<br \/>\n*CD251951374600* PL n.6112\/2025<br \/> C\u00c2MARA DOS DEPUTADOS<br \/>\n Gabinete do Deputado Federal AMOM MANDEL \u2013 CIDADANIA\/AM<br \/>\ninstitucional e respeito aos direitos humanos. Trata-se de pol\u00edtica p\u00fablica que fortalece<br \/>\na confian\u00e7a da popula\u00e7\u00e3o nas for\u00e7as de seguran\u00e7a e reafirma o compromisso do<br \/>\nEstado com uma atua\u00e7\u00e3o pautada pela dignidade, pela legalidade e pela preserva\u00e7\u00e3o<br \/>\nda vida.<br \/>\nCom base no acima exposto, solicitamos o apoiamento dos nobres Pares<br \/>\npara a aprova\u00e7\u00e3o dessa t\u00e3o importante proposta.<br \/>\nSala das Sess\u00f5es, em        de                     de 2025.<br \/>\nDeputado AMOM MANDEL<br \/>\n___________________________________________________________________________<br \/>\nC\u00e2mara dos Deputados | Anexo IV Gabinete 760 | \u2013 CEP: 70160-900 \u2013<br \/>\nBras\u00edlia-DF<br \/>\nTel (61) 3215-5760 | dep.amommandel@camara.leg.br<br \/>\nPara verificar a assinatura, acesse https:\/\/infoleg-autenticidade-assinatura.camara.leg.br\/CD251951374600<br \/>\nAssinado eletronicamente pelo(a) Dep. Amom Mandel<br \/>\nApresenta\u00e7\u00e3o: 02\/12\/2025 20:19:30.553 &#8211; Mesa<br \/>\n*CD251951374600* PL n.6112\/2025<\/article>\n<p><a href='https:\/\/app.legislapp.com.br\/#\/busca?termo=Altera\u00e7\u00e3o'>Altera\u00e7\u00e3o<\/a>, <a href='https:\/\/app.legislapp.com.br\/#\/busca?termo=Lei Federal'>Lei Federal<\/a>, <a href='https:\/\/app.legislapp.com.br\/#\/busca?termo=cria\u00e7\u00e3o'>cria\u00e7\u00e3o<\/a>, <a href='https:\/\/app.legislapp.com.br\/#\/busca?termo=Programa Nacional de Retreinamento Psicol\u00f3gico e Emocional de Agentes de Seguran\u00e7a'>Programa Nacional de Retreinamento Psicol\u00f3gico e Emocional de Agentes de Seguran\u00e7a<\/a>, <a href='https:\/\/app.legislapp.com.br\/#\/busca?termo=\u00e2mbito'>\u00e2mbito<\/a>, <a href='https:\/\/app.legislapp.com.br\/#\/busca?termo=Programa Nacional de Qualidade de Vida para Profissionais de Seguran\u00e7a P\u00fablica (Pr\u00f3-Vida)'>Programa Nacional de Qualidade de Vida para Profissionais de Seguran\u00e7a P\u00fablica (Pr\u00f3-Vida)<\/a>, <a href='https:\/\/app.legislapp.com.br\/#\/busca?termo=diretrizes.'>diretrizes.<\/a><\/p>\n<div style=\"text-align: center\">\n      <img decoding=\"async\" style=\"width: 14%;\" src=\"https:\/\/www.legislapp.com.br\/wp-content\/uploads\/2021\/07\/Logo-Legislapp-1-03-1.png\"><br \/>\n      <\/p>\n<div style=\"margin-bottom: 20px;\" class=\"et_pb_button_module_wrapper et_pb_button_5_tb_body_wrapper et_pb_button_alignment_center et_pb_module \">\n         <a class=\"et_pb_button et_pb_button_5_tb_body et_hover_enabled et_pb_bg_layout_dark\" style=\"width: 50%;background-color: black;\" href=\"https:\/\/app.legislapp.com.br\" target=\"_blank\" rel=\"noopener\">Visualizar completo na nossa plataforma (30 dias gr\u00e1tis)<\/a><\/p><\/div>\n<p>      <a href=\"https:\/\/play.google.com\/store\/apps\/details?id=br.com.legislapp\"><img decoding=\"async\" style=\"width: 15%; min-width: 130px;\" src=\"https:\/\/www.legislapp.com.br\/wp-content\/uploads\/google-play.png\"><\/a><br \/>\n      <a href=\"https:\/\/apps.apple.com\/us\/app\/legislapp\/id1568929859\"><img decoding=\"async\" style=\"width: 15%; min-width: 130px\" src=\"https:\/\/www.legislapp.com.br\/wp-content\/uploads\/apple-store.png\"><\/a>\n   <\/div>\n","protected":false},"excerpt":{"rendered":"<p>Avulso Inicial &#8211; Autoria de Amom Mandel C\u00c2MARA DOS DEPUTADOS Gabinete do Deputado Federal AMOM MANDEL \u2013 CIDADANIA\/AM PROJETO DE LEI N\u00ba , DE 2025 (Do Sr. AMOM MANDEL) Institui o Programa Nacional de Retreinamento Psicol\u00f3gico e Emocional de Agentes de Seguran\u00e7a. O Congresso Nacional decreta: Art. 1\u00ba Esta Lei institui O Programa Nacional de [&hellip;]<\/p>\n","protected":false},"author":1,"featured_media":0,"parent":0,"menu_order":0,"comment_status":"closed","ping_status":"closed","template":"page-template-blank.php","meta":{"_et_pb_use_builder":"","_et_pb_old_content":"","_et_gb_content_width":"1080","ngg_post_thumbnail":0,"footnotes":""},"class_list":["post-11277","page","type-page","status-publish","hentry"],"yoast_head":"<!-- This site is optimized with the Yoast SEO plugin v24.4 - https:\/\/yoast.com\/wordpress\/plugins\/seo\/ -->\n<title>Avulso Inicial - PL 6112\/2025 - C\u00e2mara - Legislapp<\/title>\n<meta name=\"robots\" content=\"index, follow, max-snippet:-1, max-image-preview:large, max-video-preview:-1\" \/>\n<link rel=\"canonical\" href=\"https:\/\/www.legislapp.com.br\/index.php\/avulso-inicial-pl-6112-2025-camara\/\" \/>\n<meta property=\"og:locale\" content=\"pt_BR\" \/>\n<meta property=\"og:type\" content=\"article\" \/>\n<meta property=\"og:title\" content=\"Avulso Inicial - PL 6112\/2025 - C\u00e2mara - Legislapp\" \/>\n<meta property=\"og:description\" content=\"Avulso Inicial &#8211; Autoria de Amom Mandel C\u00c2MARA DOS DEPUTADOS Gabinete do Deputado Federal AMOM MANDEL \u2013 CIDADANIA\/AM PROJETO DE LEI N\u00ba , DE 2025 (Do Sr. AMOM MANDEL) Institui o Programa Nacional de Retreinamento Psicol\u00f3gico e Emocional de Agentes de Seguran\u00e7a. O Congresso Nacional decreta: Art. 1\u00ba Esta Lei institui O Programa Nacional de [&hellip;]\" \/>\n<meta property=\"og:url\" content=\"https:\/\/www.legislapp.com.br\/index.php\/avulso-inicial-pl-6112-2025-camara\/\" \/>\n<meta property=\"og:site_name\" content=\"Legislapp\" \/>\n<meta property=\"article:publisher\" content=\"https:\/\/www.instagram.com\/legislapp\/\" \/>\n<meta property=\"og:image\" content=\"https:\/\/www.legislapp.com.br\/wp-content\/uploads\/2021\/07\/Logo-Legislapp-1-03-1.png\" \/>\n<meta name=\"twitter:card\" content=\"summary_large_image\" \/>\n<meta name=\"twitter:label1\" content=\"Est. tempo de leitura\" \/>\n\t<meta name=\"twitter:data1\" content=\"5 minutos\" \/>\n<script type=\"application\/ld+json\" class=\"yoast-schema-graph\">{\"@context\":\"https:\/\/schema.org\",\"@graph\":[{\"@type\":\"WebPage\",\"@id\":\"https:\/\/www.legislapp.com.br\/index.php\/avulso-inicial-pl-6112-2025-camara\/\",\"url\":\"https:\/\/www.legislapp.com.br\/index.php\/avulso-inicial-pl-6112-2025-camara\/\",\"name\":\"Avulso Inicial - PL 6112\/2025 - C\u00e2mara - Legislapp\",\"isPartOf\":{\"@id\":\"https:\/\/www.legislapp.com.br\/#website\"},\"primaryImageOfPage\":{\"@id\":\"https:\/\/www.legislapp.com.br\/index.php\/avulso-inicial-pl-6112-2025-camara\/#primaryimage\"},\"image\":{\"@id\":\"https:\/\/www.legislapp.com.br\/index.php\/avulso-inicial-pl-6112-2025-camara\/#primaryimage\"},\"thumbnailUrl\":\"https:\/\/www.legislapp.com.br\/wp-content\/uploads\/2021\/07\/Logo-Legislapp-1-03-1.png\",\"datePublished\":\"2026-01-19T14:47:45+00:00\",\"breadcrumb\":{\"@id\":\"https:\/\/www.legislapp.com.br\/index.php\/avulso-inicial-pl-6112-2025-camara\/#breadcrumb\"},\"inLanguage\":\"pt-BR\",\"potentialAction\":[{\"@type\":\"ReadAction\",\"target\":[\"https:\/\/www.legislapp.com.br\/index.php\/avulso-inicial-pl-6112-2025-camara\/\"]}]},{\"@type\":\"ImageObject\",\"inLanguage\":\"pt-BR\",\"@id\":\"https:\/\/www.legislapp.com.br\/index.php\/avulso-inicial-pl-6112-2025-camara\/#primaryimage\",\"url\":\"https:\/\/www.legislapp.com.br\/wp-content\/uploads\/2021\/07\/Logo-Legislapp-1-03-1.png\",\"contentUrl\":\"https:\/\/www.legislapp.com.br\/wp-content\/uploads\/2021\/07\/Logo-Legislapp-1-03-1.png\",\"width\":2679,\"height\":2697},{\"@type\":\"BreadcrumbList\",\"@id\":\"https:\/\/www.legislapp.com.br\/index.php\/avulso-inicial-pl-6112-2025-camara\/#breadcrumb\",\"itemListElement\":[{\"@type\":\"ListItem\",\"position\":1,\"name\":\"In\u00edcio\",\"item\":\"https:\/\/www.legislapp.com.br\/\"},{\"@type\":\"ListItem\",\"position\":2,\"name\":\"Avulso Inicial &#8211; PL 6112\/2025 &#8211; C\u00e2mara\"}]},{\"@type\":\"WebSite\",\"@id\":\"https:\/\/www.legislapp.com.br\/#website\",\"url\":\"https:\/\/www.legislapp.com.br\/\",\"name\":\"Legislapp\",\"description\":\"Intelig\u00eancia governamental em tempo real\",\"publisher\":{\"@id\":\"https:\/\/www.legislapp.com.br\/#organization\"},\"potentialAction\":[{\"@type\":\"SearchAction\",\"target\":{\"@type\":\"EntryPoint\",\"urlTemplate\":\"https:\/\/www.legislapp.com.br\/?s={search_term_string}\"},\"query-input\":{\"@type\":\"PropertyValueSpecification\",\"valueRequired\":true,\"valueName\":\"search_term_string\"}}],\"inLanguage\":\"pt-BR\"},{\"@type\":\"Organization\",\"@id\":\"https:\/\/www.legislapp.com.br\/#organization\",\"name\":\"Legislapp Monitoramento e Intelig\u00eancia Governamental\",\"url\":\"https:\/\/www.legislapp.com.br\/\",\"logo\":{\"@type\":\"ImageObject\",\"inLanguage\":\"pt-BR\",\"@id\":\"https:\/\/www.legislapp.com.br\/#\/schema\/logo\/image\/\",\"url\":\"https:\/\/www.legislapp.com.br\/wp-content\/uploads\/icon.png\",\"contentUrl\":\"https:\/\/www.legislapp.com.br\/wp-content\/uploads\/icon.png\",\"width\":1024,\"height\":1024,\"caption\":\"Legislapp Monitoramento e Intelig\u00eancia Governamental\"},\"image\":{\"@id\":\"https:\/\/www.legislapp.com.br\/#\/schema\/logo\/image\/\"},\"sameAs\":[\"https:\/\/www.instagram.com\/legislapp\/\"]}]}<\/script>\n<!-- \/ Yoast SEO plugin. -->","yoast_head_json":{"title":"Avulso Inicial - PL 6112\/2025 - C\u00e2mara - Legislapp","robots":{"index":"index","follow":"follow","max-snippet":"max-snippet:-1","max-image-preview":"max-image-preview:large","max-video-preview":"max-video-preview:-1"},"canonical":"https:\/\/www.legislapp.com.br\/index.php\/avulso-inicial-pl-6112-2025-camara\/","og_locale":"pt_BR","og_type":"article","og_title":"Avulso Inicial - PL 6112\/2025 - C\u00e2mara - Legislapp","og_description":"Avulso Inicial &#8211; Autoria de Amom Mandel C\u00c2MARA DOS DEPUTADOS Gabinete do Deputado Federal AMOM MANDEL \u2013 CIDADANIA\/AM PROJETO DE LEI N\u00ba , DE 2025 (Do Sr. AMOM MANDEL) Institui o Programa Nacional de Retreinamento Psicol\u00f3gico e Emocional de Agentes de Seguran\u00e7a. O Congresso Nacional decreta: Art. 1\u00ba Esta Lei institui O Programa Nacional de [&hellip;]","og_url":"https:\/\/www.legislapp.com.br\/index.php\/avulso-inicial-pl-6112-2025-camara\/","og_site_name":"Legislapp","article_publisher":"https:\/\/www.instagram.com\/legislapp\/","og_image":[{"url":"https:\/\/www.legislapp.com.br\/wp-content\/uploads\/2021\/07\/Logo-Legislapp-1-03-1.png","type":"","width":"","height":""}],"twitter_card":"summary_large_image","twitter_misc":{"Est. tempo de leitura":"5 minutos"},"schema":{"@context":"https:\/\/schema.org","@graph":[{"@type":"WebPage","@id":"https:\/\/www.legislapp.com.br\/index.php\/avulso-inicial-pl-6112-2025-camara\/","url":"https:\/\/www.legislapp.com.br\/index.php\/avulso-inicial-pl-6112-2025-camara\/","name":"Avulso Inicial - PL 6112\/2025 - C\u00e2mara - Legislapp","isPartOf":{"@id":"https:\/\/www.legislapp.com.br\/#website"},"primaryImageOfPage":{"@id":"https:\/\/www.legislapp.com.br\/index.php\/avulso-inicial-pl-6112-2025-camara\/#primaryimage"},"image":{"@id":"https:\/\/www.legislapp.com.br\/index.php\/avulso-inicial-pl-6112-2025-camara\/#primaryimage"},"thumbnailUrl":"https:\/\/www.legislapp.com.br\/wp-content\/uploads\/2021\/07\/Logo-Legislapp-1-03-1.png","datePublished":"2026-01-19T14:47:45+00:00","breadcrumb":{"@id":"https:\/\/www.legislapp.com.br\/index.php\/avulso-inicial-pl-6112-2025-camara\/#breadcrumb"},"inLanguage":"pt-BR","potentialAction":[{"@type":"ReadAction","target":["https:\/\/www.legislapp.com.br\/index.php\/avulso-inicial-pl-6112-2025-camara\/"]}]},{"@type":"ImageObject","inLanguage":"pt-BR","@id":"https:\/\/www.legislapp.com.br\/index.php\/avulso-inicial-pl-6112-2025-camara\/#primaryimage","url":"https:\/\/www.legislapp.com.br\/wp-content\/uploads\/2021\/07\/Logo-Legislapp-1-03-1.png","contentUrl":"https:\/\/www.legislapp.com.br\/wp-content\/uploads\/2021\/07\/Logo-Legislapp-1-03-1.png","width":2679,"height":2697},{"@type":"BreadcrumbList","@id":"https:\/\/www.legislapp.com.br\/index.php\/avulso-inicial-pl-6112-2025-camara\/#breadcrumb","itemListElement":[{"@type":"ListItem","position":1,"name":"In\u00edcio","item":"https:\/\/www.legislapp.com.br\/"},{"@type":"ListItem","position":2,"name":"Avulso Inicial &#8211; PL 6112\/2025 &#8211; C\u00e2mara"}]},{"@type":"WebSite","@id":"https:\/\/www.legislapp.com.br\/#website","url":"https:\/\/www.legislapp.com.br\/","name":"Legislapp","description":"Intelig\u00eancia governamental em tempo real","publisher":{"@id":"https:\/\/www.legislapp.com.br\/#organization"},"potentialAction":[{"@type":"SearchAction","target":{"@type":"EntryPoint","urlTemplate":"https:\/\/www.legislapp.com.br\/?s={search_term_string}"},"query-input":{"@type":"PropertyValueSpecification","valueRequired":true,"valueName":"search_term_string"}}],"inLanguage":"pt-BR"},{"@type":"Organization","@id":"https:\/\/www.legislapp.com.br\/#organization","name":"Legislapp Monitoramento e Intelig\u00eancia Governamental","url":"https:\/\/www.legislapp.com.br\/","logo":{"@type":"ImageObject","inLanguage":"pt-BR","@id":"https:\/\/www.legislapp.com.br\/#\/schema\/logo\/image\/","url":"https:\/\/www.legislapp.com.br\/wp-content\/uploads\/icon.png","contentUrl":"https:\/\/www.legislapp.com.br\/wp-content\/uploads\/icon.png","width":1024,"height":1024,"caption":"Legislapp Monitoramento e Intelig\u00eancia Governamental"},"image":{"@id":"https:\/\/www.legislapp.com.br\/#\/schema\/logo\/image\/"},"sameAs":["https:\/\/www.instagram.com\/legislapp\/"]}]}},"_links":{"self":[{"href":"https:\/\/www.legislapp.com.br\/index.php\/wp-json\/wp\/v2\/pages\/11277","targetHints":{"allow":["GET"]}}],"collection":[{"href":"https:\/\/www.legislapp.com.br\/index.php\/wp-json\/wp\/v2\/pages"}],"about":[{"href":"https:\/\/www.legislapp.com.br\/index.php\/wp-json\/wp\/v2\/types\/page"}],"author":[{"embeddable":true,"href":"https:\/\/www.legislapp.com.br\/index.php\/wp-json\/wp\/v2\/users\/1"}],"replies":[{"embeddable":true,"href":"https:\/\/www.legislapp.com.br\/index.php\/wp-json\/wp\/v2\/comments?post=11277"}],"version-history":[{"count":0,"href":"https:\/\/www.legislapp.com.br\/index.php\/wp-json\/wp\/v2\/pages\/11277\/revisions"}],"wp:attachment":[{"href":"https:\/\/www.legislapp.com.br\/index.php\/wp-json\/wp\/v2\/media?parent=11277"}],"curies":[{"name":"wp","href":"https:\/\/api.w.org\/{rel}","templated":true}]}}