{"id":11284,"date":"2026-01-19T11:48:00","date_gmt":"2026-01-19T14:48:00","guid":{"rendered":"https:\/\/www.legislapp.com.br\/index.php\/avulso-inicial-pl-6023-2025-camara\/"},"modified":"2026-01-19T11:48:00","modified_gmt":"2026-01-19T14:48:00","slug":"avulso-inicial-pl-6023-2025-camara","status":"publish","type":"page","link":"https:\/\/www.legislapp.com.br\/index.php\/avulso-inicial-pl-6023-2025-camara\/","title":{"rendered":"Avulso Inicial &#8211; PL 6023\/2025 &#8211; C\u00e2mara"},"content":{"rendered":"<h1 style='text-align: center;'>Avulso Inicial &#8211; Autoria de J\u00fanior Ferrari<\/h3>\n<p><\/p>\n<article>      C\u00c2MARA DOS DEPUTADOS<br \/>\nPROJETO DE LEI N\u00ba        , DE 2025<br \/>\n(Do Sr. J\u00daNIOR FERRARI)<br \/>\nAltera a Lei n\u00ba 7.210, de 11 de julho de<br \/>\n1984, a Lei n\u00ba 12.037, de 1\u00ba de outubro<br \/>\nde 2009 e o Decreto-Lei n\u00ba 2.848, de 7<br \/>\nde dezembro de 1940, para exigir a<br \/>\nidentifica\u00e7\u00e3o do perfil gen\u00e9tico de<br \/>\ncondenados, nas hip\u00f3teses que<br \/>\nespecifica.<\/p>\n<p>O Congresso Nacional decreta:<br \/>\nArt. 1\u00ba Esta Lei estabelece a identifica\u00e7\u00e3o do perfil gen\u00e9tico de<br \/>\ncondenados nas hip\u00f3teses que especifica.<br \/>\nArt. 2\u00ba O art. 9\u00ba-A da Lei n\u00ba 7.210, de 11 de julho de 1984 (Lei de<br \/>\nExecu\u00e7\u00e3o Penal), passa a vigorar com a seguinte reda\u00e7\u00e3o:<br \/>\n\u201cArt. 9\u00ba-A. Os condenados ser\u00e3o submetidos obrigatoriamente \u00e0 identifica\u00e7\u00e3o<br \/>\ndo perfil gen\u00e9tico, mediante extra\u00e7\u00e3o de DNA (\u00e1cido desoxirribonucleico), por<br \/>\nt\u00e9cnica adequada e indolor, por ocasi\u00e3o do ingresso no estabelecimento<br \/>\nprisional.<br \/>\nArt. 3\u00ba O art. 44, o art. 77 e o art. 83 do Decreto-Lei n\u00ba 2.848, de 7 de<br \/>\ndezembro de 1940 \u2013 C\u00f3digo Penal, passam a vigorar com a seguinte reda\u00e7\u00e3o:<br \/>\n\u201cArt. 44. &#8230;&#8230;&#8230;&#8230;&#8230;&#8230;&#8230;&#8230;&#8230;&#8230;&#8230;&#8230;&#8230;&#8230;&#8230;&#8230;&#8230;&#8230;&#8230;&#8230;&#8230;&#8230;&#8230;&#8230;&#8230;&#8230;&#8230;&#8230;&#8230;&#8230;&#8230;&#8230;&#8230;&#8230;&#8230;&#8230;&#8230;.<br \/>\n&#8230;&#8230;&#8230;&#8230;&#8230;&#8230;&#8230;&#8230;&#8230;&#8230;&#8230;&#8230;&#8230;&#8230;&#8230;&#8230;&#8230;&#8230;&#8230;&#8230;&#8230;&#8230;&#8230;&#8230;&#8230;&#8230;&#8230;&#8230;&#8230;&#8230;&#8230;&#8230;&#8230;&#8230;&#8230;&#8230;&#8230;&#8230;&#8230;&#8230;&#8230;..<br \/>\n.<br \/>\nIV \u2013 o r\u00e9u tiver coletado material biol\u00f3gico para obten\u00e7\u00e3o do perfil gen\u00e9tico;<br \/>\n&#8230;&#8230;&#8230;&#8230;&#8230;&#8230;&#8230;&#8230;&#8230;&#8230;&#8230;&#8230;&#8230;&#8230;&#8230;&#8230;&#8230;&#8230;&#8230;&#8230;&#8230;&#8230;&#8230;&#8230;&#8230;&#8230;&#8230;&#8230;&#8230;&#8230;&#8230;&#8230;&#8230;&#8230;&#8230;&#8230;&#8230;&#8230;&#8230;&#8230;&#8230;..<br \/>\n.<br \/>\nPara verificar a assinatura, acesse https:\/\/infoleg-autenticidade-assinatura.camara.leg.br\/CD253499533100<br \/>\nAssinado eletronicamente pelo(a) Dep. J\u00fanior Ferrari<br \/>\nApresenta\u00e7\u00e3o: 27\/11\/2025 15:36:14.447 &#8211; Mesa<br \/>\n*CD253499533100* PL n.6023\/2025<br \/>      C\u00c2MARA DOS DEPUTADOS<br \/>\n&#8230;&#8230;&#8230;&#8230;&#8230;&#8230;&#8230;&#8230;&#8230;&#8230;&#8230;&#8230;&#8230;&#8230;&#8230;&#8230;&#8230;&#8230;&#8230;&#8230;&#8230;&#8230;&#8230;&#8230;&#8230;&#8230;&#8230;&#8230;&#8230;&#8230;&#8230;&#8230;&#8230;&#8230;&#8230;&#8230;&#8230;&#8230;..\u201d (NR)<br \/>\n\u201cArt. 77. &#8230;&#8230;&#8230;&#8230;&#8230;&#8230;&#8230;&#8230;&#8230;&#8230;&#8230;&#8230;&#8230;&#8230;&#8230;&#8230;&#8230;&#8230;&#8230;&#8230;&#8230;&#8230;&#8230;&#8230;&#8230;&#8230;&#8230;&#8230;&#8230;&#8230;&#8230;&#8230;&#8230;&#8230;&#8230;&#8230;&#8230;.<br \/>\n&#8230;&#8230;&#8230;&#8230;&#8230;&#8230;&#8230;&#8230;&#8230;&#8230;&#8230;&#8230;&#8230;&#8230;&#8230;&#8230;&#8230;&#8230;&#8230;&#8230;&#8230;&#8230;&#8230;&#8230;&#8230;&#8230;&#8230;&#8230;&#8230;&#8230;&#8230;&#8230;&#8230;&#8230;&#8230;&#8230;&#8230;&#8230;&#8230;&#8230;&#8230;..<br \/>\n.<br \/>\nIV \u2013 o condenado tenha coletado material biol\u00f3gico para obten\u00e7\u00e3o do perfil<br \/>\ngen\u00e9tico;<br \/>\n&#8230;&#8230;&#8230;&#8230;&#8230;&#8230;&#8230;&#8230;&#8230;&#8230;&#8230;&#8230;&#8230;&#8230;&#8230;&#8230;&#8230;&#8230;&#8230;&#8230;&#8230;&#8230;&#8230;&#8230;&#8230;&#8230;&#8230;&#8230;&#8230;&#8230;&#8230;&#8230;&#8230;&#8230;&#8230;&#8230;&#8230;&#8230;..\u201d (NR)<br \/>\n\u201cArt. 83. &#8230;&#8230;&#8230;&#8230;&#8230;&#8230;&#8230;&#8230;&#8230;&#8230;&#8230;&#8230;&#8230;&#8230;&#8230;&#8230;&#8230;&#8230;&#8230;&#8230;&#8230;&#8230;&#8230;&#8230;&#8230;&#8230;&#8230;&#8230;&#8230;&#8230;&#8230;&#8230;&#8230;&#8230;&#8230;&#8230;&#8230;.<br \/>\n&#8230;&#8230;&#8230;&#8230;&#8230;&#8230;&#8230;&#8230;&#8230;&#8230;&#8230;&#8230;&#8230;&#8230;&#8230;&#8230;&#8230;&#8230;&#8230;&#8230;&#8230;&#8230;&#8230;&#8230;&#8230;&#8230;&#8230;&#8230;&#8230;&#8230;&#8230;&#8230;&#8230;&#8230;&#8230;&#8230;&#8230;&#8230;&#8230;&#8230;&#8230;..<br \/>\n.<br \/>\nVI \u2013 tenha coletado material biol\u00f3gico para obten\u00e7\u00e3o do perfil gen\u00e9tico.<br \/>\n&#8230;&#8230;&#8230;&#8230;&#8230;&#8230;&#8230;&#8230;&#8230;&#8230;&#8230;&#8230;&#8230;&#8230;&#8230;&#8230;&#8230;&#8230;&#8230;&#8230;&#8230;&#8230;&#8230;&#8230;&#8230;&#8230;&#8230;&#8230;&#8230;&#8230;&#8230;&#8230;&#8230;&#8230;&#8230;&#8230;&#8230;&#8230;..\u201d (NR)<br \/>\nArt. 4\u00ba Esta Lei entra em vigor na data de sua publica\u00e7\u00e3o.<br \/>\nJUSTIFICATIVA<br \/>\nSenhores Deputados, presente Projeto de Lei tem por finalidade<br \/>\nestabelecer que os condenados ser\u00e3o submetidos obrigatoriamente \u00e0 identifica\u00e7\u00e3o<br \/>\ndo perfil gen\u00e9tico quando do ingresso no estabelecimento prisional. Ademais,<br \/>\ndefine que o livramento condicional, a progress\u00e3o de regime, a sa\u00edda tempor\u00e1ria, a<br \/>\nsubstitui\u00e7\u00e3o da pena privativa de liberdade por restritiva de direitos e a suspens\u00e3o<br \/>\ncondicional da pena fiquem condicionados \u00e0 coleta de material biol\u00f3gico destinado<br \/>\n\u00e0 forma\u00e7\u00e3o do perfil gen\u00e9tico do condenado.<br \/>\nOs Bancos de Perfis Gen\u00e9ticos, j\u00e1 consolidados no pa\u00eds, t\u00eam<br \/>\nproduzido resultados relevantes no \u00e2mbito da persecu\u00e7\u00e3o penal, permitindo, de<br \/>\nfato, a identifica\u00e7\u00e3o de pessoas desaparecidas, a demonstra\u00e7\u00e3o de inoc\u00eancia de<br \/>\nPara verificar a assinatura, acesse https:\/\/infoleg-autenticidade-assinatura.camara.leg.br\/CD253499533100<br \/>\nAssinado eletronicamente pelo(a) Dep. J\u00fanior Ferrari<br \/>\nApresenta\u00e7\u00e3o: 27\/11\/2025 15:36:14.447 &#8211; Mesa<br \/>\n*CD253499533100* PL n.6023\/2025<br \/>      C\u00c2MARA DOS DEPUTADOS<br \/>\ninvestigados injustamente e a elucida\u00e7\u00e3o de delitos cuja materialidade envolve<br \/>\nvest\u00edgios biol\u00f3gicos \u2014 especialmente crimes sexuais.<br \/>\nDiferentemente de tra\u00e7os f\u00edsicos ou da pr\u00f3pria grafia, pass\u00edveis de<br \/>\naltera\u00e7\u00e3o, o DNA constitui marcador est\u00e1vel e imut\u00e1vel, oferecendo padr\u00f5es<br \/>\nobjetivos de coincid\u00eancia ou exclus\u00e3o, o que confere elevada precis\u00e3o \u00e0s<br \/>\nconclus\u00f5es periciais.<br \/>\nPor outro lado, referida medida n\u00e3o afronta a honra, a intimidade ou<br \/>\na vida privada dos condenados, uma vez que os dados armazenados possuem<br \/>\nnatureza sigilosa e n\u00e3o permitem extrair informa\u00e7\u00f5es sobre etnia, orienta\u00e7\u00e3o<br \/>\nsexual, tra\u00e7os f\u00edsicos ou caracter\u00edsticas de personalidade, tampouco h\u00e1 viola\u00e7\u00e3o<br \/>\nao princ\u00edpio da n\u00e3o autoincrimina\u00e7\u00e3o, porquanto a coleta ocorre ap\u00f3s a<br \/>\ncondena\u00e7\u00e3o.<br \/>\nAnte o exposto, pe\u00e7o aos nobres Pares a aprova\u00e7\u00e3o da presente<br \/>\nproposi\u00e7\u00e3o.<br \/>\nSala das Sess\u00f5es, 27 de novembro de 2025.<br \/>\nDeputado J\u00daNIOR FERRARI<br \/>\nPSD\/PA<br \/>\nPara verificar a assinatura, acesse https:\/\/infoleg-autenticidade-assinatura.camara.leg.br\/CD253499533100<br \/>\nAssinado eletronicamente pelo(a) Dep. J\u00fanior Ferrari<br \/>\nApresenta\u00e7\u00e3o: 27\/11\/2025 15:36:14.447 &#8211; Mesa<br \/>\n*CD253499533100* PL n.6023\/2025<\/article>\n<p><a href='https:\/\/app.legislapp.com.br\/#\/busca?termo=Altera\u00e7\u00e3o'>Altera\u00e7\u00e3o<\/a>, <a href='https:\/\/app.legislapp.com.br\/#\/busca?termo=Lei de Execu\u00e7\u00e3o Penal (1984)'>Lei de Execu\u00e7\u00e3o Penal (1984)<\/a>, <a href='https:\/\/app.legislapp.com.br\/#\/busca?termo=Legisla\u00e7\u00e3o'>Legisla\u00e7\u00e3o<\/a>, <a href='https:\/\/app.legislapp.com.br\/#\/busca?termo=Identifica\u00e7\u00e3o criminal'>Identifica\u00e7\u00e3o criminal<\/a>, <a href='https:\/\/app.legislapp.com.br\/#\/busca?termo=C\u00f3digo Penal (1940)'>C\u00f3digo Penal (1940)<\/a>, <a href='https:\/\/app.legislapp.com.br\/#\/busca?termo=obrigatoriedade'>obrigatoriedade<\/a>, <a href='https:\/\/app.legislapp.com.br\/#\/busca?termo=Perfil gen\u00e9tico'>Perfil gen\u00e9tico<\/a>, <a href='https:\/\/app.legislapp.com.br\/#\/busca?termo=Material biol\u00f3gico'>Material biol\u00f3gico<\/a>, <a href='https:\/\/app.legislapp.com.br\/#\/busca?termo=Material gen\u00e9tico'>Material gen\u00e9tico<\/a>, <a href='https:\/\/app.legislapp.com.br\/#\/busca?termo=\u00c1cido desoxirribonucleico (DNA)'>\u00c1cido desoxirribonucleico (DNA)<\/a>, <a href='https:\/\/app.legislapp.com.br\/#\/busca?termo=Condenado'>Condenado<\/a>, <a href='https:\/\/app.legislapp.com.br\/#\/busca?termo=entrada'>entrada<\/a>, <a href='https:\/\/app.legislapp.com.br\/#\/busca?termo=Estabelecimento penal'>Estabelecimento penal<\/a>, <a href='https:\/\/app.legislapp.com.br\/#\/busca?termo=Pres\u00eddio.'>Pres\u00eddio.<\/a><\/p>\n<div style=\"text-align: center\">\n      <img decoding=\"async\" style=\"width: 14%;\" src=\"https:\/\/www.legislapp.com.br\/wp-content\/uploads\/2021\/07\/Logo-Legislapp-1-03-1.png\"><br \/>\n      <\/p>\n<div style=\"margin-bottom: 20px;\" class=\"et_pb_button_module_wrapper et_pb_button_5_tb_body_wrapper et_pb_button_alignment_center et_pb_module \">\n         <a class=\"et_pb_button et_pb_button_5_tb_body et_hover_enabled et_pb_bg_layout_dark\" style=\"width: 50%;background-color: black;\" href=\"https:\/\/app.legislapp.com.br\" target=\"_blank\" rel=\"noopener\">Visualizar completo na nossa plataforma (30 dias gr\u00e1tis)<\/a><\/p><\/div>\n<p>      <a href=\"https:\/\/play.google.com\/store\/apps\/details?id=br.com.legislapp\"><img decoding=\"async\" style=\"width: 15%; min-width: 130px;\" src=\"https:\/\/www.legislapp.com.br\/wp-content\/uploads\/google-play.png\"><\/a><br \/>\n      <a href=\"https:\/\/apps.apple.com\/us\/app\/legislapp\/id1568929859\"><img decoding=\"async\" style=\"width: 15%; min-width: 130px\" src=\"https:\/\/www.legislapp.com.br\/wp-content\/uploads\/apple-store.png\"><\/a>\n   <\/div>\n","protected":false},"excerpt":{"rendered":"<p>Avulso Inicial &#8211; Autoria de J\u00fanior Ferrari C\u00c2MARA DOS DEPUTADOS PROJETO DE LEI N\u00ba , DE 2025 (Do Sr. J\u00daNIOR FERRARI) Altera a Lei n\u00ba 7.210, de 11 de julho de 1984, a Lei n\u00ba 12.037, de 1\u00ba de outubro de 2009 e o Decreto-Lei n\u00ba 2.848, de 7 de dezembro de 1940, para exigir [&hellip;]<\/p>\n","protected":false},"author":1,"featured_media":0,"parent":0,"menu_order":0,"comment_status":"closed","ping_status":"closed","template":"page-template-blank.php","meta":{"_et_pb_use_builder":"","_et_pb_old_content":"","_et_gb_content_width":"1080","ngg_post_thumbnail":0,"footnotes":""},"class_list":["post-11284","page","type-page","status-publish","hentry"],"yoast_head":"<!-- This site is optimized with the Yoast SEO plugin v24.4 - https:\/\/yoast.com\/wordpress\/plugins\/seo\/ -->\n<title>Avulso Inicial - PL 6023\/2025 - C\u00e2mara - Legislapp<\/title>\n<meta name=\"robots\" content=\"index, follow, max-snippet:-1, max-image-preview:large, max-video-preview:-1\" \/>\n<link rel=\"canonical\" href=\"https:\/\/www.legislapp.com.br\/index.php\/avulso-inicial-pl-6023-2025-camara\/\" \/>\n<meta property=\"og:locale\" content=\"pt_BR\" \/>\n<meta property=\"og:type\" content=\"article\" \/>\n<meta property=\"og:title\" content=\"Avulso Inicial - PL 6023\/2025 - C\u00e2mara - Legislapp\" \/>\n<meta property=\"og:description\" content=\"Avulso Inicial &#8211; Autoria de J\u00fanior Ferrari C\u00c2MARA DOS DEPUTADOS PROJETO DE LEI N\u00ba , DE 2025 (Do Sr. J\u00daNIOR FERRARI) Altera a Lei n\u00ba 7.210, de 11 de julho de 1984, a Lei n\u00ba 12.037, de 1\u00ba de outubro de 2009 e o Decreto-Lei n\u00ba 2.848, de 7 de dezembro de 1940, para exigir [&hellip;]\" \/>\n<meta property=\"og:url\" content=\"https:\/\/www.legislapp.com.br\/index.php\/avulso-inicial-pl-6023-2025-camara\/\" \/>\n<meta property=\"og:site_name\" content=\"Legislapp\" \/>\n<meta property=\"article:publisher\" content=\"https:\/\/www.instagram.com\/legislapp\/\" \/>\n<meta property=\"og:image\" content=\"https:\/\/www.legislapp.com.br\/wp-content\/uploads\/2021\/07\/Logo-Legislapp-1-03-1.png\" \/>\n<meta name=\"twitter:card\" content=\"summary_large_image\" \/>\n<meta name=\"twitter:label1\" content=\"Est. tempo de leitura\" \/>\n\t<meta name=\"twitter:data1\" content=\"3 minutos\" \/>\n<script type=\"application\/ld+json\" class=\"yoast-schema-graph\">{\"@context\":\"https:\/\/schema.org\",\"@graph\":[{\"@type\":\"WebPage\",\"@id\":\"https:\/\/www.legislapp.com.br\/index.php\/avulso-inicial-pl-6023-2025-camara\/\",\"url\":\"https:\/\/www.legislapp.com.br\/index.php\/avulso-inicial-pl-6023-2025-camara\/\",\"name\":\"Avulso Inicial - PL 6023\/2025 - C\u00e2mara - Legislapp\",\"isPartOf\":{\"@id\":\"https:\/\/www.legislapp.com.br\/#website\"},\"primaryImageOfPage\":{\"@id\":\"https:\/\/www.legislapp.com.br\/index.php\/avulso-inicial-pl-6023-2025-camara\/#primaryimage\"},\"image\":{\"@id\":\"https:\/\/www.legislapp.com.br\/index.php\/avulso-inicial-pl-6023-2025-camara\/#primaryimage\"},\"thumbnailUrl\":\"https:\/\/www.legislapp.com.br\/wp-content\/uploads\/2021\/07\/Logo-Legislapp-1-03-1.png\",\"datePublished\":\"2026-01-19T14:48:00+00:00\",\"breadcrumb\":{\"@id\":\"https:\/\/www.legislapp.com.br\/index.php\/avulso-inicial-pl-6023-2025-camara\/#breadcrumb\"},\"inLanguage\":\"pt-BR\",\"potentialAction\":[{\"@type\":\"ReadAction\",\"target\":[\"https:\/\/www.legislapp.com.br\/index.php\/avulso-inicial-pl-6023-2025-camara\/\"]}]},{\"@type\":\"ImageObject\",\"inLanguage\":\"pt-BR\",\"@id\":\"https:\/\/www.legislapp.com.br\/index.php\/avulso-inicial-pl-6023-2025-camara\/#primaryimage\",\"url\":\"https:\/\/www.legislapp.com.br\/wp-content\/uploads\/2021\/07\/Logo-Legislapp-1-03-1.png\",\"contentUrl\":\"https:\/\/www.legislapp.com.br\/wp-content\/uploads\/2021\/07\/Logo-Legislapp-1-03-1.png\",\"width\":2679,\"height\":2697},{\"@type\":\"BreadcrumbList\",\"@id\":\"https:\/\/www.legislapp.com.br\/index.php\/avulso-inicial-pl-6023-2025-camara\/#breadcrumb\",\"itemListElement\":[{\"@type\":\"ListItem\",\"position\":1,\"name\":\"In\u00edcio\",\"item\":\"https:\/\/www.legislapp.com.br\/\"},{\"@type\":\"ListItem\",\"position\":2,\"name\":\"Avulso Inicial &#8211; PL 6023\/2025 &#8211; C\u00e2mara\"}]},{\"@type\":\"WebSite\",\"@id\":\"https:\/\/www.legislapp.com.br\/#website\",\"url\":\"https:\/\/www.legislapp.com.br\/\",\"name\":\"Legislapp\",\"description\":\"Intelig\u00eancia governamental em tempo real\",\"publisher\":{\"@id\":\"https:\/\/www.legislapp.com.br\/#organization\"},\"potentialAction\":[{\"@type\":\"SearchAction\",\"target\":{\"@type\":\"EntryPoint\",\"urlTemplate\":\"https:\/\/www.legislapp.com.br\/?s={search_term_string}\"},\"query-input\":{\"@type\":\"PropertyValueSpecification\",\"valueRequired\":true,\"valueName\":\"search_term_string\"}}],\"inLanguage\":\"pt-BR\"},{\"@type\":\"Organization\",\"@id\":\"https:\/\/www.legislapp.com.br\/#organization\",\"name\":\"Legislapp Monitoramento e Intelig\u00eancia Governamental\",\"url\":\"https:\/\/www.legislapp.com.br\/\",\"logo\":{\"@type\":\"ImageObject\",\"inLanguage\":\"pt-BR\",\"@id\":\"https:\/\/www.legislapp.com.br\/#\/schema\/logo\/image\/\",\"url\":\"https:\/\/www.legislapp.com.br\/wp-content\/uploads\/icon.png\",\"contentUrl\":\"https:\/\/www.legislapp.com.br\/wp-content\/uploads\/icon.png\",\"width\":1024,\"height\":1024,\"caption\":\"Legislapp Monitoramento e Intelig\u00eancia Governamental\"},\"image\":{\"@id\":\"https:\/\/www.legislapp.com.br\/#\/schema\/logo\/image\/\"},\"sameAs\":[\"https:\/\/www.instagram.com\/legislapp\/\"]}]}<\/script>\n<!-- \/ Yoast SEO plugin. -->","yoast_head_json":{"title":"Avulso Inicial - PL 6023\/2025 - C\u00e2mara - Legislapp","robots":{"index":"index","follow":"follow","max-snippet":"max-snippet:-1","max-image-preview":"max-image-preview:large","max-video-preview":"max-video-preview:-1"},"canonical":"https:\/\/www.legislapp.com.br\/index.php\/avulso-inicial-pl-6023-2025-camara\/","og_locale":"pt_BR","og_type":"article","og_title":"Avulso Inicial - PL 6023\/2025 - C\u00e2mara - Legislapp","og_description":"Avulso Inicial &#8211; Autoria de J\u00fanior Ferrari C\u00c2MARA DOS DEPUTADOS PROJETO DE LEI N\u00ba , DE 2025 (Do Sr. J\u00daNIOR FERRARI) Altera a Lei n\u00ba 7.210, de 11 de julho de 1984, a Lei n\u00ba 12.037, de 1\u00ba de outubro de 2009 e o Decreto-Lei n\u00ba 2.848, de 7 de dezembro de 1940, para exigir [&hellip;]","og_url":"https:\/\/www.legislapp.com.br\/index.php\/avulso-inicial-pl-6023-2025-camara\/","og_site_name":"Legislapp","article_publisher":"https:\/\/www.instagram.com\/legislapp\/","og_image":[{"url":"https:\/\/www.legislapp.com.br\/wp-content\/uploads\/2021\/07\/Logo-Legislapp-1-03-1.png","type":"","width":"","height":""}],"twitter_card":"summary_large_image","twitter_misc":{"Est. tempo de leitura":"3 minutos"},"schema":{"@context":"https:\/\/schema.org","@graph":[{"@type":"WebPage","@id":"https:\/\/www.legislapp.com.br\/index.php\/avulso-inicial-pl-6023-2025-camara\/","url":"https:\/\/www.legislapp.com.br\/index.php\/avulso-inicial-pl-6023-2025-camara\/","name":"Avulso Inicial - PL 6023\/2025 - C\u00e2mara - Legislapp","isPartOf":{"@id":"https:\/\/www.legislapp.com.br\/#website"},"primaryImageOfPage":{"@id":"https:\/\/www.legislapp.com.br\/index.php\/avulso-inicial-pl-6023-2025-camara\/#primaryimage"},"image":{"@id":"https:\/\/www.legislapp.com.br\/index.php\/avulso-inicial-pl-6023-2025-camara\/#primaryimage"},"thumbnailUrl":"https:\/\/www.legislapp.com.br\/wp-content\/uploads\/2021\/07\/Logo-Legislapp-1-03-1.png","datePublished":"2026-01-19T14:48:00+00:00","breadcrumb":{"@id":"https:\/\/www.legislapp.com.br\/index.php\/avulso-inicial-pl-6023-2025-camara\/#breadcrumb"},"inLanguage":"pt-BR","potentialAction":[{"@type":"ReadAction","target":["https:\/\/www.legislapp.com.br\/index.php\/avulso-inicial-pl-6023-2025-camara\/"]}]},{"@type":"ImageObject","inLanguage":"pt-BR","@id":"https:\/\/www.legislapp.com.br\/index.php\/avulso-inicial-pl-6023-2025-camara\/#primaryimage","url":"https:\/\/www.legislapp.com.br\/wp-content\/uploads\/2021\/07\/Logo-Legislapp-1-03-1.png","contentUrl":"https:\/\/www.legislapp.com.br\/wp-content\/uploads\/2021\/07\/Logo-Legislapp-1-03-1.png","width":2679,"height":2697},{"@type":"BreadcrumbList","@id":"https:\/\/www.legislapp.com.br\/index.php\/avulso-inicial-pl-6023-2025-camara\/#breadcrumb","itemListElement":[{"@type":"ListItem","position":1,"name":"In\u00edcio","item":"https:\/\/www.legislapp.com.br\/"},{"@type":"ListItem","position":2,"name":"Avulso Inicial &#8211; PL 6023\/2025 &#8211; C\u00e2mara"}]},{"@type":"WebSite","@id":"https:\/\/www.legislapp.com.br\/#website","url":"https:\/\/www.legislapp.com.br\/","name":"Legislapp","description":"Intelig\u00eancia governamental em tempo real","publisher":{"@id":"https:\/\/www.legislapp.com.br\/#organization"},"potentialAction":[{"@type":"SearchAction","target":{"@type":"EntryPoint","urlTemplate":"https:\/\/www.legislapp.com.br\/?s={search_term_string}"},"query-input":{"@type":"PropertyValueSpecification","valueRequired":true,"valueName":"search_term_string"}}],"inLanguage":"pt-BR"},{"@type":"Organization","@id":"https:\/\/www.legislapp.com.br\/#organization","name":"Legislapp Monitoramento e Intelig\u00eancia Governamental","url":"https:\/\/www.legislapp.com.br\/","logo":{"@type":"ImageObject","inLanguage":"pt-BR","@id":"https:\/\/www.legislapp.com.br\/#\/schema\/logo\/image\/","url":"https:\/\/www.legislapp.com.br\/wp-content\/uploads\/icon.png","contentUrl":"https:\/\/www.legislapp.com.br\/wp-content\/uploads\/icon.png","width":1024,"height":1024,"caption":"Legislapp Monitoramento e Intelig\u00eancia Governamental"},"image":{"@id":"https:\/\/www.legislapp.com.br\/#\/schema\/logo\/image\/"},"sameAs":["https:\/\/www.instagram.com\/legislapp\/"]}]}},"_links":{"self":[{"href":"https:\/\/www.legislapp.com.br\/index.php\/wp-json\/wp\/v2\/pages\/11284","targetHints":{"allow":["GET"]}}],"collection":[{"href":"https:\/\/www.legislapp.com.br\/index.php\/wp-json\/wp\/v2\/pages"}],"about":[{"href":"https:\/\/www.legislapp.com.br\/index.php\/wp-json\/wp\/v2\/types\/page"}],"author":[{"embeddable":true,"href":"https:\/\/www.legislapp.com.br\/index.php\/wp-json\/wp\/v2\/users\/1"}],"replies":[{"embeddable":true,"href":"https:\/\/www.legislapp.com.br\/index.php\/wp-json\/wp\/v2\/comments?post=11284"}],"version-history":[{"count":0,"href":"https:\/\/www.legislapp.com.br\/index.php\/wp-json\/wp\/v2\/pages\/11284\/revisions"}],"wp:attachment":[{"href":"https:\/\/www.legislapp.com.br\/index.php\/wp-json\/wp\/v2\/media?parent=11284"}],"curies":[{"name":"wp","href":"https:\/\/api.w.org\/{rel}","templated":true}]}}