{"id":11294,"date":"2026-01-19T11:48:20","date_gmt":"2026-01-19T14:48:20","guid":{"rendered":"https:\/\/www.legislapp.com.br\/index.php\/avulso-inicial-pl-4959-2024-camara\/"},"modified":"2026-01-19T11:48:20","modified_gmt":"2026-01-19T14:48:20","slug":"avulso-inicial-pl-4959-2024-camara","status":"publish","type":"page","link":"https:\/\/www.legislapp.com.br\/index.php\/avulso-inicial-pl-4959-2024-camara\/","title":{"rendered":"Avulso Inicial &#8211; PL 4959\/2024 &#8211; C\u00e2mara"},"content":{"rendered":"<h1 style='text-align: center;'>Avulso Inicial &#8211; Autoria de Coronel Chris\u00f3stomo<\/h3>\n<p><\/p>\n<article> C\u00c2MARA DOS DEPUTADOS<br \/>\n                    Deputado Federal CORONEL CHRIS\u00d3STOMO<br \/>\nPROJETO DE LEI N\u00ba          , DE 2024<br \/>\n(Do Sr. CORONEL CHRIS\u00d3STOMO)<br \/>\nDisp\u00f5e sobre a isen\u00e7\u00e3o do Imposto de Importa\u00e7\u00e3o incidente<br \/>\nsobre ferramentas essenciais ao desenvolvimento de jogos<br \/>\neletr\u00f4nicos, visando fomentar a competitividade e o<br \/>\ndesenvolvimento do setor no Brasil, nos termos da Lei n\u00ba<br \/>\n14.852, de 3 de maio de 2024.<br \/>\nO Congresso Nacional decreta:<br \/>\nArt. 1\u00ba Esta Lei estabelece a isen\u00e7\u00e3o do Imposto de Importa\u00e7\u00e3o incidente sobre ferramentas<br \/>\nessenciais ao desenvolvimento de jogos eletr\u00f4nicos, quando importadas por profissionais<br \/>\nenvolvidos na produ\u00e7\u00e3o ou distribui\u00e7\u00e3o de jogos eletr\u00f4nicos, com o objetivo de fomentar a<br \/>\ncompetitividade e o desenvolvimento do setor no Brasil, em conformidade com o disposto na Lei<br \/>\nn\u00ba 14.852, de 3 de maio de 2024.<br \/>\nArt. 2\u00ba At\u00e9 31 de dezembro de 2035, fica concedida isen\u00e7\u00e3o do Imposto de Importa\u00e7\u00e3o na<br \/>\nimporta\u00e7\u00e3o de equipamentos considerados ferramentas essenciais ao desenvolvimento de jogos<br \/>\neletr\u00f4nicos, conforme definido no art. 9\u00ba da Lei n\u00ba 14.852, de 3 de maio de 2024, desde que:<br \/>\nI &#8211; a importa\u00e7\u00e3o seja realizada por profissionais diretamente envolvidos na produ\u00e7\u00e3o ou<br \/>\ndistribui\u00e7\u00e3o de jogos eletr\u00f4nicos; e<br \/>\nII &#8211; n\u00e3o exista similar nacional dispon\u00edvel no mercado.<br \/>\nArt. 3\u00ba Os equipamentos importados com a isen\u00e7\u00e3o prevista nesta Lei poder\u00e3o ser<br \/>\ntransferidos, observadas as seguintes condi\u00e7\u00f5es:<br \/>\nI &#8211; para qualquer pessoa e a qualquer t\u00edtulo, ap\u00f3s o decurso do prazo de 4 (quatro) anos,<br \/>\ncontado da data do registro da Declara\u00e7\u00e3o de Importa\u00e7\u00e3o ou da emiss\u00e3o da Nota Fiscal de<br \/>\naquisi\u00e7\u00e3o; ou<br \/>\nC\u00e2mara dos Deputados, Anexo III, Gab. 672, Bras\u00edlia\/DF, CEP 70.160.900<br \/>\nFone: (61) 3215-5672 e-mail:dep.coronelchrisostomo@camara.leg.br<br \/>\nPara verificar a assinatura, acesse https:\/\/infoleg-autenticidade-assinatura.camara.leg.br\/CD244657582200<br \/>\nAssinado eletronicamente pelo(a) Dep. Coronel Chris\u00f3stomo<br \/>\nApresenta\u00e7\u00e3o: 18\/12\/2024 12:41:57.030 &#8211; MESA<br \/>\n*CD244657582200* PL n.4959\/2024<br \/> C\u00c2MARA DOS DEPUTADOS<br \/>\n                    Deputado Federal CORONEL CHRIS\u00d3STOMO<br \/>\nII &#8211; a qualquer tempo, para pessoa f\u00edsica ou jur\u00eddica que atenda \u00e0s condi\u00e7\u00f5es estabelecidas<br \/>\nnesta Lei, desde que a transfer\u00eancia seja previamente autorizada pela Secretaria da Receita Federal<br \/>\ndo Brasil.<br \/>\n\u00a7 1\u00ba As transfer\u00eancias realizadas em desconformidade com os incisos I e II do caput<br \/>\nsujeitar\u00e3o o benefici\u00e1rio ao pagamento dos impostos n\u00e3o recolhidos, acrescidos de juros e multa de<br \/>\nmora ou de of\u00edcio.<br \/>\n\u00a7 2\u00ba O adquirente de equipamentos beneficiados com a isen\u00e7\u00e3o responder\u00e1 solidariamente<br \/>\npelo pagamento dos impostos e respectivos acr\u00e9scimos, caso a transfer\u00eancia n\u00e3o atenda \u00e0s<br \/>\ncondi\u00e7\u00f5es previstas nesta Lei.<br \/>\nArt. 4\u00ba O direito \u00e0 frui\u00e7\u00e3o dos benef\u00edcios fiscais de que trata esta Lei fica condicionado \u00e0:<br \/>\nI &#8211; comprova\u00e7\u00e3o da regularidade fiscal do benefici\u00e1rio; e<br \/>\nII &#8211; manifesta\u00e7\u00e3o favor\u00e1vel de entidade ou \u00f3rg\u00e3o competente, reconhecido pelo Minist\u00e9rio<br \/>\nda Fazenda, quanto \u00e0 adequa\u00e7\u00e3o do equipamento \u00e0s finalidades profissionais no setor de jogos<br \/>\neletr\u00f4nico.<br \/>\nArt. 5\u00ba O Poder Executivo regulamentar\u00e1 esta Lei no prazo de 180 (cento e oitenta) dias.<br \/>\nPar\u00e1grafo \u00fanico. A regulamenta\u00e7\u00e3o dos crit\u00e9rios para a concess\u00e3o da isen\u00e7\u00e3o de que trata<br \/>\nessa Lei observar\u00e1 no m\u00ednimo:<br \/>\nI &#8211; a destina\u00e7\u00e3o profissional dos equipamentos;<br \/>\nII &#8211; a relev\u00e2ncia do equipamento para o desempenho de atividades no setor de jogos<br \/>\neletr\u00f4nicos; e<br \/>\nIII &#8211; a contribui\u00e7\u00e3o do equipamento para o desenvolvimento da ind\u00fastria de jogos<br \/>\neletr\u00f4nicos no Brasil.<br \/>\nArt. 6\u00ba Esta Lei entra em vigor na data de sua publica\u00e7\u00e3o.<br \/>\nJUSTIFICA\u00c7\u00c3O<br \/>\nC\u00e2mara dos Deputados, Anexo III, Gab. 672, Bras\u00edlia\/DF, CEP 70.160.900<br \/>\nFone: (61) 3215-5672 e-mail:dep.coronelchrisostomo@camara.leg.br<br \/>\nPara verificar a assinatura, acesse https:\/\/infoleg-autenticidade-assinatura.camara.leg.br\/CD244657582200<br \/>\nAssinado eletronicamente pelo(a) Dep. Coronel Chris\u00f3stomo<br \/>\nApresenta\u00e7\u00e3o: 18\/12\/2024 12:41:57.030 &#8211; MESA<br \/>\n*CD244657582200* PL n.4959\/2024<br \/> C\u00c2MARA DOS DEPUTADOS<br \/>\n                    Deputado Federal CORONEL CHRIS\u00d3STOMO<br \/>\nA ind\u00fastria de jogos eletr\u00f4nicos \u00e9 um dos segmentos de entretenimento que mais cresce no<br \/>\nmundo, movimentando bilh\u00f5es de d\u00f3lares anualmente e gerando empregos de alto valor agregado.<br \/>\nEm 2023, o mercado global de games alcan\u00e7ou receitas superiores a 180 bilh\u00f5es de d\u00f3lares, com o<br \/>\nBrasil ocupando a 12\u00aa posi\u00e7\u00e3o entre os maiores mercados do setor. Estima-se que o pa\u00eds possui<br \/>\nmais de 34 milh\u00f5es de jogadores, sendo que uma parcela significativa desses consumidores<br \/>\n1<br \/>\ntamb\u00e9m \u00e9 composta por criadores e desenvolvedores locais .<br \/>\nO setor de jogos eletr\u00f4nicos possui o potencial de transformar o Brasil em um hub de<br \/>\ninova\u00e7\u00e3o tecnol\u00f3gica, uma vez que seu desenvolvimento requer investimentos em pesquisa,<br \/>\ndesign, programa\u00e7\u00e3o e infraestrutura, al\u00e9m de ser um campo f\u00e9rtil para startups e pequenas<br \/>\nempresas. Pa\u00edses como Canad\u00e1 e Coreia do Sul j\u00e1 implementaram pol\u00edticas fiscais favor\u00e1veis para<br \/>\natrair empresas e talentos da ind\u00fastria de games, colhendo resultados positivos como o aumento na<br \/>\ngera\u00e7\u00e3o de empregos e a expans\u00e3o da arrecada\u00e7\u00e3o tribut\u00e1ria a longo prazo.<br \/>\nNo Brasil, as recentes redu\u00e7\u00f5es no Imposto sobre Produtos Industrializados (IPI) para jogos<br \/>\n2<br \/>\neletr\u00f4nicos indicam que pol\u00edticas tribut\u00e1rias podem ser decisivas para o crescimento do setor. Por<br \/>\nexemplo, a redu\u00e7\u00e3o de al\u00edquotas de IPI para consoles e acess\u00f3rios, implementada entre 2019 e<br \/>\n2021, resultou em maior competitividade e maior acessibilidade a equipamentos, com impacto<br \/>\ndireto na cadeia produtiva e na economia criativa do pa\u00eds.<br \/>\nAo propor a isen\u00e7\u00e3o do Imposto de Importa\u00e7\u00e3o para ferramentas essenciais ao<br \/>\ndesenvolvimento de jogos eletr\u00f4nicos, esta iniciativa visa criar um ambiente de neg\u00f3cios mais<br \/>\ncompetitivo, impulsionar a inova\u00e7\u00e3o tecnol\u00f3gica e estimular o desenvolvimento da economia<br \/>\ndigital no Brasil. Al\u00e9m disso, a medida reduz a barreira de entrada para pequenos desenvolvedores<br \/>\ne profissionais independentes, fortalecendo o mercado interno e ampliando a possibilidade de<br \/>\nexporta\u00e7\u00e3o de produtos nacionais.<br \/>\n1<br \/>\n Dispon\u00edvel em: < https:\/\/www.gov.br\/pt-br\/noticias\/financas-impostos-e-gestao-publica\/2021\/08\/ipi-para-jogos-\neletronicos-e-reduzido-pela-terceira-vez> Acesso em: 10 de dezembro de 2024.<br \/>\n2<br \/>\n Dispon\u00edvel em: < https:\/\/exame.com\/economia\/economia-estima-perda-de-r-24-mi-ao-ano-com-imposto-menor-para-\njogos\/> Acesso em: 10 de dezembro de 2024.<br \/>\nC\u00e2mara dos Deputados, Anexo III, Gab. 672, Bras\u00edlia\/DF, CEP 70.160.900<br \/>\nFone: (61) 3215-5672 e-mail:dep.coronelchrisostomo@camara.leg.br<br \/>\nPara verificar a assinatura, acesse https:\/\/infoleg-autenticidade-assinatura.camara.leg.br\/CD244657582200<br \/>\nAssinado eletronicamente pelo(a) Dep. Coronel Chris\u00f3stomo<br \/>\nApresenta\u00e7\u00e3o: 18\/12\/2024 12:41:57.030 &#8211; MESA<br \/>\n*CD244657582200* PL n.4959\/2024<br \/> C\u00c2MARA DOS DEPUTADOS<br \/>\n                    Deputado Federal CORONEL CHRIS\u00d3STOMO<br \/>\nOs benef\u00edcios dessa pol\u00edtica se alinham \u00e0 crescente relev\u00e2ncia do setor de jogos eletr\u00f4nicos<br \/>\nna economia global e podem consolidar o Brasil como refer\u00eancia no desenvolvimento de<br \/>\ntecnologia e criatividade. Por fim, destaca-se que a medida \u00e9 compat\u00edvel com os objetivos do<br \/>\nmarco legal da ind\u00fastria de jogos eletr\u00f4nicos, promovendo o crescimento sustent\u00e1vel e a<br \/>\ncompetitividade internacional.<br \/>\nPelo exposto, conclui-se que a aprova\u00e7\u00e3o desta proposi\u00e7\u00e3o \u00e9 de grande interesse para o<br \/>\ndesenvolvimento econ\u00f4mico, tecnol\u00f3gico e social do pa\u00eds.<br \/>\nSala das Sess\u00f5es, em        de                     de 2024.<br \/>\nCORONEL CHRIS\u00d3STOMO<br \/>\nDeputado Federal \u2013 PL\/RO<br \/>\nC\u00e2mara dos Deputados, Anexo III, Gab. 672, Bras\u00edlia\/DF, CEP 70.160.900<br \/>\nFone: (61) 3215-5672 e-mail:dep.coronelchrisostomo@camara.leg.br<br \/>\nPara verificar a assinatura, acesse https:\/\/infoleg-autenticidade-assinatura.camara.leg.br\/CD244657582200<br \/>\nAssinado eletronicamente pelo(a) Dep. Coronel Chris\u00f3stomo<br \/>\nApresenta\u00e7\u00e3o: 18\/12\/2024 12:41:57.030 &#8211; MESA<br \/>\n*CD244657582200* PL n.4959\/2024<\/article>\n<p><a href='https:\/\/app.legislapp.com.br\/#\/busca?termo='><\/a><\/p>\n<div style=\"text-align: center\">\n      <img decoding=\"async\" style=\"width: 14%;\" src=\"https:\/\/www.legislapp.com.br\/wp-content\/uploads\/2021\/07\/Logo-Legislapp-1-03-1.png\"><br \/>\n      <\/p>\n<div style=\"margin-bottom: 20px;\" class=\"et_pb_button_module_wrapper et_pb_button_5_tb_body_wrapper et_pb_button_alignment_center et_pb_module \">\n         <a class=\"et_pb_button et_pb_button_5_tb_body et_hover_enabled et_pb_bg_layout_dark\" style=\"width: 50%;background-color: black;\" href=\"https:\/\/app.legislapp.com.br\" target=\"_blank\" rel=\"noopener\">Visualizar completo na nossa plataforma (30 dias gr\u00e1tis)<\/a><\/p><\/div>\n<p>      <a href=\"https:\/\/play.google.com\/store\/apps\/details?id=br.com.legislapp\"><img decoding=\"async\" style=\"width: 15%; min-width: 130px;\" src=\"https:\/\/www.legislapp.com.br\/wp-content\/uploads\/google-play.png\"><\/a><br \/>\n      <a href=\"https:\/\/apps.apple.com\/us\/app\/legislapp\/id1568929859\"><img decoding=\"async\" style=\"width: 15%; min-width: 130px\" src=\"https:\/\/www.legislapp.com.br\/wp-content\/uploads\/apple-store.png\"><\/a>\n   <\/div>\n","protected":false},"excerpt":{"rendered":"<p>Avulso Inicial &#8211; Autoria de Coronel Chris\u00f3stomo C\u00c2MARA DOS DEPUTADOS Deputado Federal CORONEL CHRIS\u00d3STOMO PROJETO DE LEI N\u00ba , DE 2024 (Do Sr. CORONEL CHRIS\u00d3STOMO) Disp\u00f5e sobre a isen\u00e7\u00e3o do Imposto de Importa\u00e7\u00e3o incidente sobre ferramentas essenciais ao desenvolvimento de jogos eletr\u00f4nicos, visando fomentar a competitividade e o desenvolvimento do setor no Brasil, nos termos [&hellip;]<\/p>\n","protected":false},"author":1,"featured_media":0,"parent":0,"menu_order":0,"comment_status":"closed","ping_status":"closed","template":"page-template-blank.php","meta":{"_et_pb_use_builder":"","_et_pb_old_content":"","_et_gb_content_width":"1080","ngg_post_thumbnail":0,"footnotes":""},"class_list":["post-11294","page","type-page","status-publish","hentry"],"yoast_head":"<!-- This site is optimized with the Yoast SEO plugin v24.4 - https:\/\/yoast.com\/wordpress\/plugins\/seo\/ -->\n<title>Avulso Inicial - PL 4959\/2024 - C\u00e2mara - Legislapp<\/title>\n<meta name=\"robots\" content=\"index, follow, max-snippet:-1, max-image-preview:large, max-video-preview:-1\" \/>\n<link rel=\"canonical\" href=\"https:\/\/www.legislapp.com.br\/index.php\/avulso-inicial-pl-4959-2024-camara\/\" \/>\n<meta property=\"og:locale\" content=\"pt_BR\" \/>\n<meta property=\"og:type\" content=\"article\" \/>\n<meta property=\"og:title\" content=\"Avulso Inicial - PL 4959\/2024 - C\u00e2mara - Legislapp\" \/>\n<meta property=\"og:description\" content=\"Avulso Inicial &#8211; Autoria de Coronel Chris\u00f3stomo C\u00c2MARA DOS DEPUTADOS Deputado Federal CORONEL CHRIS\u00d3STOMO PROJETO DE LEI N\u00ba , DE 2024 (Do Sr. CORONEL CHRIS\u00d3STOMO) Disp\u00f5e sobre a isen\u00e7\u00e3o do Imposto de Importa\u00e7\u00e3o incidente sobre ferramentas essenciais ao desenvolvimento de jogos eletr\u00f4nicos, visando fomentar a competitividade e o desenvolvimento do setor no Brasil, nos termos [&hellip;]\" \/>\n<meta property=\"og:url\" content=\"https:\/\/www.legislapp.com.br\/index.php\/avulso-inicial-pl-4959-2024-camara\/\" \/>\n<meta property=\"og:site_name\" content=\"Legislapp\" \/>\n<meta property=\"article:publisher\" content=\"https:\/\/www.instagram.com\/legislapp\/\" \/>\n<meta property=\"og:image\" content=\"https:\/\/www.legislapp.com.br\/wp-content\/uploads\/2021\/07\/Logo-Legislapp-1-03-1.png\" \/>\n<meta name=\"twitter:card\" content=\"summary_large_image\" \/>\n<meta name=\"twitter:label1\" content=\"Est. tempo de leitura\" \/>\n\t<meta name=\"twitter:data1\" content=\"6 minutos\" \/>\n<script type=\"application\/ld+json\" class=\"yoast-schema-graph\">{\"@context\":\"https:\/\/schema.org\",\"@graph\":[{\"@type\":\"WebPage\",\"@id\":\"https:\/\/www.legislapp.com.br\/index.php\/avulso-inicial-pl-4959-2024-camara\/\",\"url\":\"https:\/\/www.legislapp.com.br\/index.php\/avulso-inicial-pl-4959-2024-camara\/\",\"name\":\"Avulso Inicial - PL 4959\/2024 - C\u00e2mara - Legislapp\",\"isPartOf\":{\"@id\":\"https:\/\/www.legislapp.com.br\/#website\"},\"primaryImageOfPage\":{\"@id\":\"https:\/\/www.legislapp.com.br\/index.php\/avulso-inicial-pl-4959-2024-camara\/#primaryimage\"},\"image\":{\"@id\":\"https:\/\/www.legislapp.com.br\/index.php\/avulso-inicial-pl-4959-2024-camara\/#primaryimage\"},\"thumbnailUrl\":\"https:\/\/www.legislapp.com.br\/wp-content\/uploads\/2021\/07\/Logo-Legislapp-1-03-1.png\",\"datePublished\":\"2026-01-19T14:48:20+00:00\",\"breadcrumb\":{\"@id\":\"https:\/\/www.legislapp.com.br\/index.php\/avulso-inicial-pl-4959-2024-camara\/#breadcrumb\"},\"inLanguage\":\"pt-BR\",\"potentialAction\":[{\"@type\":\"ReadAction\",\"target\":[\"https:\/\/www.legislapp.com.br\/index.php\/avulso-inicial-pl-4959-2024-camara\/\"]}]},{\"@type\":\"ImageObject\",\"inLanguage\":\"pt-BR\",\"@id\":\"https:\/\/www.legislapp.com.br\/index.php\/avulso-inicial-pl-4959-2024-camara\/#primaryimage\",\"url\":\"https:\/\/www.legislapp.com.br\/wp-content\/uploads\/2021\/07\/Logo-Legislapp-1-03-1.png\",\"contentUrl\":\"https:\/\/www.legislapp.com.br\/wp-content\/uploads\/2021\/07\/Logo-Legislapp-1-03-1.png\",\"width\":2679,\"height\":2697},{\"@type\":\"BreadcrumbList\",\"@id\":\"https:\/\/www.legislapp.com.br\/index.php\/avulso-inicial-pl-4959-2024-camara\/#breadcrumb\",\"itemListElement\":[{\"@type\":\"ListItem\",\"position\":1,\"name\":\"In\u00edcio\",\"item\":\"https:\/\/www.legislapp.com.br\/\"},{\"@type\":\"ListItem\",\"position\":2,\"name\":\"Avulso Inicial &#8211; PL 4959\/2024 &#8211; C\u00e2mara\"}]},{\"@type\":\"WebSite\",\"@id\":\"https:\/\/www.legislapp.com.br\/#website\",\"url\":\"https:\/\/www.legislapp.com.br\/\",\"name\":\"Legislapp\",\"description\":\"Intelig\u00eancia governamental em tempo real\",\"publisher\":{\"@id\":\"https:\/\/www.legislapp.com.br\/#organization\"},\"potentialAction\":[{\"@type\":\"SearchAction\",\"target\":{\"@type\":\"EntryPoint\",\"urlTemplate\":\"https:\/\/www.legislapp.com.br\/?s={search_term_string}\"},\"query-input\":{\"@type\":\"PropertyValueSpecification\",\"valueRequired\":true,\"valueName\":\"search_term_string\"}}],\"inLanguage\":\"pt-BR\"},{\"@type\":\"Organization\",\"@id\":\"https:\/\/www.legislapp.com.br\/#organization\",\"name\":\"Legislapp Monitoramento e Intelig\u00eancia Governamental\",\"url\":\"https:\/\/www.legislapp.com.br\/\",\"logo\":{\"@type\":\"ImageObject\",\"inLanguage\":\"pt-BR\",\"@id\":\"https:\/\/www.legislapp.com.br\/#\/schema\/logo\/image\/\",\"url\":\"https:\/\/www.legislapp.com.br\/wp-content\/uploads\/icon.png\",\"contentUrl\":\"https:\/\/www.legislapp.com.br\/wp-content\/uploads\/icon.png\",\"width\":1024,\"height\":1024,\"caption\":\"Legislapp Monitoramento e Intelig\u00eancia Governamental\"},\"image\":{\"@id\":\"https:\/\/www.legislapp.com.br\/#\/schema\/logo\/image\/\"},\"sameAs\":[\"https:\/\/www.instagram.com\/legislapp\/\"]}]}<\/script>\n<!-- \/ Yoast SEO plugin. -->","yoast_head_json":{"title":"Avulso Inicial - PL 4959\/2024 - C\u00e2mara - Legislapp","robots":{"index":"index","follow":"follow","max-snippet":"max-snippet:-1","max-image-preview":"max-image-preview:large","max-video-preview":"max-video-preview:-1"},"canonical":"https:\/\/www.legislapp.com.br\/index.php\/avulso-inicial-pl-4959-2024-camara\/","og_locale":"pt_BR","og_type":"article","og_title":"Avulso Inicial - PL 4959\/2024 - C\u00e2mara - Legislapp","og_description":"Avulso Inicial &#8211; Autoria de Coronel Chris\u00f3stomo C\u00c2MARA DOS DEPUTADOS Deputado Federal CORONEL CHRIS\u00d3STOMO PROJETO DE LEI N\u00ba , DE 2024 (Do Sr. CORONEL CHRIS\u00d3STOMO) Disp\u00f5e sobre a isen\u00e7\u00e3o do Imposto de Importa\u00e7\u00e3o incidente sobre ferramentas essenciais ao desenvolvimento de jogos eletr\u00f4nicos, visando fomentar a competitividade e o desenvolvimento do setor no Brasil, nos termos [&hellip;]","og_url":"https:\/\/www.legislapp.com.br\/index.php\/avulso-inicial-pl-4959-2024-camara\/","og_site_name":"Legislapp","article_publisher":"https:\/\/www.instagram.com\/legislapp\/","og_image":[{"url":"https:\/\/www.legislapp.com.br\/wp-content\/uploads\/2021\/07\/Logo-Legislapp-1-03-1.png","type":"","width":"","height":""}],"twitter_card":"summary_large_image","twitter_misc":{"Est. tempo de leitura":"6 minutos"},"schema":{"@context":"https:\/\/schema.org","@graph":[{"@type":"WebPage","@id":"https:\/\/www.legislapp.com.br\/index.php\/avulso-inicial-pl-4959-2024-camara\/","url":"https:\/\/www.legislapp.com.br\/index.php\/avulso-inicial-pl-4959-2024-camara\/","name":"Avulso Inicial - PL 4959\/2024 - C\u00e2mara - Legislapp","isPartOf":{"@id":"https:\/\/www.legislapp.com.br\/#website"},"primaryImageOfPage":{"@id":"https:\/\/www.legislapp.com.br\/index.php\/avulso-inicial-pl-4959-2024-camara\/#primaryimage"},"image":{"@id":"https:\/\/www.legislapp.com.br\/index.php\/avulso-inicial-pl-4959-2024-camara\/#primaryimage"},"thumbnailUrl":"https:\/\/www.legislapp.com.br\/wp-content\/uploads\/2021\/07\/Logo-Legislapp-1-03-1.png","datePublished":"2026-01-19T14:48:20+00:00","breadcrumb":{"@id":"https:\/\/www.legislapp.com.br\/index.php\/avulso-inicial-pl-4959-2024-camara\/#breadcrumb"},"inLanguage":"pt-BR","potentialAction":[{"@type":"ReadAction","target":["https:\/\/www.legislapp.com.br\/index.php\/avulso-inicial-pl-4959-2024-camara\/"]}]},{"@type":"ImageObject","inLanguage":"pt-BR","@id":"https:\/\/www.legislapp.com.br\/index.php\/avulso-inicial-pl-4959-2024-camara\/#primaryimage","url":"https:\/\/www.legislapp.com.br\/wp-content\/uploads\/2021\/07\/Logo-Legislapp-1-03-1.png","contentUrl":"https:\/\/www.legislapp.com.br\/wp-content\/uploads\/2021\/07\/Logo-Legislapp-1-03-1.png","width":2679,"height":2697},{"@type":"BreadcrumbList","@id":"https:\/\/www.legislapp.com.br\/index.php\/avulso-inicial-pl-4959-2024-camara\/#breadcrumb","itemListElement":[{"@type":"ListItem","position":1,"name":"In\u00edcio","item":"https:\/\/www.legislapp.com.br\/"},{"@type":"ListItem","position":2,"name":"Avulso Inicial &#8211; PL 4959\/2024 &#8211; C\u00e2mara"}]},{"@type":"WebSite","@id":"https:\/\/www.legislapp.com.br\/#website","url":"https:\/\/www.legislapp.com.br\/","name":"Legislapp","description":"Intelig\u00eancia governamental em tempo real","publisher":{"@id":"https:\/\/www.legislapp.com.br\/#organization"},"potentialAction":[{"@type":"SearchAction","target":{"@type":"EntryPoint","urlTemplate":"https:\/\/www.legislapp.com.br\/?s={search_term_string}"},"query-input":{"@type":"PropertyValueSpecification","valueRequired":true,"valueName":"search_term_string"}}],"inLanguage":"pt-BR"},{"@type":"Organization","@id":"https:\/\/www.legislapp.com.br\/#organization","name":"Legislapp Monitoramento e Intelig\u00eancia Governamental","url":"https:\/\/www.legislapp.com.br\/","logo":{"@type":"ImageObject","inLanguage":"pt-BR","@id":"https:\/\/www.legislapp.com.br\/#\/schema\/logo\/image\/","url":"https:\/\/www.legislapp.com.br\/wp-content\/uploads\/icon.png","contentUrl":"https:\/\/www.legislapp.com.br\/wp-content\/uploads\/icon.png","width":1024,"height":1024,"caption":"Legislapp Monitoramento e Intelig\u00eancia Governamental"},"image":{"@id":"https:\/\/www.legislapp.com.br\/#\/schema\/logo\/image\/"},"sameAs":["https:\/\/www.instagram.com\/legislapp\/"]}]}},"_links":{"self":[{"href":"https:\/\/www.legislapp.com.br\/index.php\/wp-json\/wp\/v2\/pages\/11294","targetHints":{"allow":["GET"]}}],"collection":[{"href":"https:\/\/www.legislapp.com.br\/index.php\/wp-json\/wp\/v2\/pages"}],"about":[{"href":"https:\/\/www.legislapp.com.br\/index.php\/wp-json\/wp\/v2\/types\/page"}],"author":[{"embeddable":true,"href":"https:\/\/www.legislapp.com.br\/index.php\/wp-json\/wp\/v2\/users\/1"}],"replies":[{"embeddable":true,"href":"https:\/\/www.legislapp.com.br\/index.php\/wp-json\/wp\/v2\/comments?post=11294"}],"version-history":[{"count":0,"href":"https:\/\/www.legislapp.com.br\/index.php\/wp-json\/wp\/v2\/pages\/11294\/revisions"}],"wp:attachment":[{"href":"https:\/\/www.legislapp.com.br\/index.php\/wp-json\/wp\/v2\/media?parent=11294"}],"curies":[{"name":"wp","href":"https:\/\/api.w.org\/{rel}","templated":true}]}}