{"id":11305,"date":"2026-01-19T11:48:41","date_gmt":"2026-01-19T14:48:41","guid":{"rendered":"https:\/\/www.legislapp.com.br\/index.php\/discurso-camara-10-29-2025-sargento-goncalves-pl-rn\/"},"modified":"2026-01-19T11:48:41","modified_gmt":"2026-01-19T14:48:41","slug":"discurso-camara-10-29-2025-sargento-goncalves-pl-rn","status":"publish","type":"page","link":"https:\/\/www.legislapp.com.br\/index.php\/discurso-camara-10-29-2025-sargento-goncalves-pl-rn\/","title":{"rendered":"Discurso de Sargento Gon\u00e7alves, PL-RN"},"content":{"rendered":"<h1 style='text-align: center;'>Wednesday, October 29, 2025 &#8211; BREVES COMUNICA\u00c7\u00d5ES<\/h3>\n<p><\/p>\n<article>Sum\u00e1rio:&nbsp;O Deputado manifestou solidariedade \u00e0s fam\u00edlias dos quatro policiais mortos no Rio de Janeiro, chamando-os de \u201cher\u00f3is nacionais\u201d, e afirmou que as opera\u00e7\u00f5es recentes reduziram o n\u00famero de criminosos nas ruas. Disse que a situa\u00e7\u00e3o de viol\u00eancia extrema \u00e9 resultado da interfer\u00eancia do Supremo Tribunal Federal (STF), que teria limitado a atua\u00e7\u00e3o policial e transformado comunidades em \u201cquart\u00e9is-generais do crime organizado\u201d. Tamb\u00e9m responsabilizou o Governo Federal, acusando o Presidente Lula de relativizar o tr\u00e1fico de drogas e se opor \u00e0 equipara\u00e7\u00e3o entre crime organizado e terrorismo. Al\u00e9m disso, criticou a Proposta de Emenda \u00e0 Constitui\u00e7\u00e3o n\u00ba 18, de 2025, que altera os art. 21, art. 22, art. 23, art. 24 e art. 144 da Constitui\u00e7\u00e3o, para dispor sobre compet\u00eancias da Uni\u00e3o, dos Estados, do Distrito Federal e dos Munic\u00edpios relativas \u00e0 seguran\u00e7a p\u00fablica; e a chamada \u201clei antim\u00e1fia\u201d, alegando que ambas centralizam poder no Executivo sem resolver o problema da seguran\u00e7a p\u00fablica. Na continuidade, defendeu que o Congresso priorize a vota\u00e7\u00e3o do Projeto de Lei n\u00ba 2.646, de 2025, que disp\u00f5e sobre os crimes praticados por organiza\u00e7\u00f5es criminosas no \u00e2mbito de grandes setores da economia, e cria medidas de preven\u00e7\u00e3o e repress\u00e3o de condutas criminosas praticadas por organiza\u00e7\u00f5es criminosas e para coibir pr\u00e1ticas ilegais no nos setores p\u00fablico e privado; e do Projeto de Lei n\u00ba 2.428, de 2025, que altera a Lei n\u00ba 13.260, de 2016, para incluir como ato de terrorismo as a\u00e7\u00f5es de organiza\u00e7\u00f5es criminosas armadas que, mediante viol\u00eancia ou grave amea\u00e7a, pratiquem atos de dom\u00ednio territorial, intimida\u00e7\u00e3o da popula\u00e7\u00e3o ou desestabiliza\u00e7\u00e3o da ordem p\u00fablica. Por fim, pediu respaldo jur\u00eddico para os policiais e b\u00ean\u00e7\u00e3os divinas para as for\u00e7as de seguran\u00e7a de todo o pa\u00eds.<\/article>\n<p><\/p>\n<div style=\"text-align: center\">\n      <img decoding=\"async\" style=\"width: 14%;\" src=\"https:\/\/www.legislapp.com.br\/wp-content\/uploads\/2021\/07\/Logo-Legislapp-1-03-1.png\"><br \/>\n      <\/p>\n<div style=\"margin-bottom: 20px;\" class=\"et_pb_button_module_wrapper et_pb_button_5_tb_body_wrapper et_pb_button_alignment_center et_pb_module \">\n         <a class=\"et_pb_button et_pb_button_5_tb_body et_hover_enabled et_pb_bg_layout_dark\" style=\"width: 50%;background-color: black;\" href=\"https:\/\/app.legislapp.com.br\" target=\"_blank\" rel=\"noopener\">Visualizar completo na nossa plataforma (30 dias gr\u00e1tis)<\/a><\/p><\/div>\n<p>      <a href=\"https:\/\/play.google.com\/store\/apps\/details?id=br.com.legislapp\"><img decoding=\"async\" style=\"width: 15%; min-width: 130px;\" src=\"https:\/\/www.legislapp.com.br\/wp-content\/uploads\/google-play.png\"><\/a><br \/>\n      <a href=\"https:\/\/apps.apple.com\/us\/app\/legislapp\/id1568929859\"><img decoding=\"async\" style=\"width: 15%; min-width: 130px\" src=\"https:\/\/www.legislapp.com.br\/wp-content\/uploads\/apple-store.png\"><\/a>\n   <\/div>\n","protected":false},"excerpt":{"rendered":"<p>Wednesday, October 29, 2025 &#8211; BREVES COMUNICA\u00c7\u00d5ES Sum\u00e1rio:&nbsp;O Deputado manifestou solidariedade \u00e0s fam\u00edlias dos quatro policiais mortos no Rio de Janeiro, chamando-os de \u201cher\u00f3is nacionais\u201d, e afirmou que as opera\u00e7\u00f5es recentes reduziram o n\u00famero de criminosos nas ruas. Disse que a situa\u00e7\u00e3o de viol\u00eancia extrema \u00e9 resultado da interfer\u00eancia do Supremo Tribunal Federal (STF), que [&hellip;]<\/p>\n","protected":false},"author":1,"featured_media":0,"parent":0,"menu_order":0,"comment_status":"closed","ping_status":"closed","template":"page-template-blank.php","meta":{"_et_pb_use_builder":"","_et_pb_old_content":"","_et_gb_content_width":"1080","ngg_post_thumbnail":0,"footnotes":""},"class_list":["post-11305","page","type-page","status-publish","hentry"],"yoast_head":"<!-- This site is optimized with the Yoast SEO plugin v24.4 - https:\/\/yoast.com\/wordpress\/plugins\/seo\/ -->\n<title>Discurso de Sargento Gon\u00e7alves, PL-RN - Legislapp<\/title>\n<meta name=\"robots\" content=\"index, follow, max-snippet:-1, max-image-preview:large, max-video-preview:-1\" \/>\n<link rel=\"canonical\" href=\"https:\/\/www.legislapp.com.br\/index.php\/discurso-camara-10-29-2025-sargento-goncalves-pl-rn\/\" \/>\n<meta property=\"og:locale\" content=\"pt_BR\" \/>\n<meta property=\"og:type\" content=\"article\" \/>\n<meta property=\"og:title\" content=\"Discurso de Sargento Gon\u00e7alves, PL-RN - Legislapp\" \/>\n<meta property=\"og:description\" content=\"Wednesday, October 29, 2025 &#8211; BREVES COMUNICA\u00c7\u00d5ES Sum\u00e1rio:&nbsp;O Deputado manifestou solidariedade \u00e0s fam\u00edlias dos quatro policiais mortos no Rio de Janeiro, chamando-os de \u201cher\u00f3is nacionais\u201d, e afirmou que as opera\u00e7\u00f5es recentes reduziram o n\u00famero de criminosos nas ruas. Disse que a situa\u00e7\u00e3o de viol\u00eancia extrema \u00e9 resultado da interfer\u00eancia do Supremo Tribunal Federal (STF), que [&hellip;]\" \/>\n<meta property=\"og:url\" content=\"https:\/\/www.legislapp.com.br\/index.php\/discurso-camara-10-29-2025-sargento-goncalves-pl-rn\/\" \/>\n<meta property=\"og:site_name\" content=\"Legislapp\" \/>\n<meta property=\"article:publisher\" content=\"https:\/\/www.instagram.com\/legislapp\/\" \/>\n<meta property=\"og:image\" content=\"https:\/\/www.legislapp.com.br\/wp-content\/uploads\/2021\/07\/Logo-Legislapp-1-03-1.png\" \/>\n<meta name=\"twitter:card\" content=\"summary_large_image\" \/>\n<meta name=\"twitter:label1\" content=\"Est. tempo de leitura\" \/>\n\t<meta name=\"twitter:data1\" content=\"2 minutos\" \/>\n<script type=\"application\/ld+json\" class=\"yoast-schema-graph\">{\"@context\":\"https:\/\/schema.org\",\"@graph\":[{\"@type\":\"WebPage\",\"@id\":\"https:\/\/www.legislapp.com.br\/index.php\/discurso-camara-10-29-2025-sargento-goncalves-pl-rn\/\",\"url\":\"https:\/\/www.legislapp.com.br\/index.php\/discurso-camara-10-29-2025-sargento-goncalves-pl-rn\/\",\"name\":\"Discurso de Sargento Gon\u00e7alves, PL-RN - Legislapp\",\"isPartOf\":{\"@id\":\"https:\/\/www.legislapp.com.br\/#website\"},\"primaryImageOfPage\":{\"@id\":\"https:\/\/www.legislapp.com.br\/index.php\/discurso-camara-10-29-2025-sargento-goncalves-pl-rn\/#primaryimage\"},\"image\":{\"@id\":\"https:\/\/www.legislapp.com.br\/index.php\/discurso-camara-10-29-2025-sargento-goncalves-pl-rn\/#primaryimage\"},\"thumbnailUrl\":\"https:\/\/www.legislapp.com.br\/wp-content\/uploads\/2021\/07\/Logo-Legislapp-1-03-1.png\",\"datePublished\":\"2026-01-19T14:48:41+00:00\",\"breadcrumb\":{\"@id\":\"https:\/\/www.legislapp.com.br\/index.php\/discurso-camara-10-29-2025-sargento-goncalves-pl-rn\/#breadcrumb\"},\"inLanguage\":\"pt-BR\",\"potentialAction\":[{\"@type\":\"ReadAction\",\"target\":[\"https:\/\/www.legislapp.com.br\/index.php\/discurso-camara-10-29-2025-sargento-goncalves-pl-rn\/\"]}]},{\"@type\":\"ImageObject\",\"inLanguage\":\"pt-BR\",\"@id\":\"https:\/\/www.legislapp.com.br\/index.php\/discurso-camara-10-29-2025-sargento-goncalves-pl-rn\/#primaryimage\",\"url\":\"https:\/\/www.legislapp.com.br\/wp-content\/uploads\/2021\/07\/Logo-Legislapp-1-03-1.png\",\"contentUrl\":\"https:\/\/www.legislapp.com.br\/wp-content\/uploads\/2021\/07\/Logo-Legislapp-1-03-1.png\",\"width\":2679,\"height\":2697},{\"@type\":\"BreadcrumbList\",\"@id\":\"https:\/\/www.legislapp.com.br\/index.php\/discurso-camara-10-29-2025-sargento-goncalves-pl-rn\/#breadcrumb\",\"itemListElement\":[{\"@type\":\"ListItem\",\"position\":1,\"name\":\"In\u00edcio\",\"item\":\"https:\/\/www.legislapp.com.br\/\"},{\"@type\":\"ListItem\",\"position\":2,\"name\":\"Discurso de Sargento Gon\u00e7alves, PL-RN\"}]},{\"@type\":\"WebSite\",\"@id\":\"https:\/\/www.legislapp.com.br\/#website\",\"url\":\"https:\/\/www.legislapp.com.br\/\",\"name\":\"Legislapp\",\"description\":\"Intelig\u00eancia governamental em tempo real\",\"publisher\":{\"@id\":\"https:\/\/www.legislapp.com.br\/#organization\"},\"potentialAction\":[{\"@type\":\"SearchAction\",\"target\":{\"@type\":\"EntryPoint\",\"urlTemplate\":\"https:\/\/www.legislapp.com.br\/?s={search_term_string}\"},\"query-input\":{\"@type\":\"PropertyValueSpecification\",\"valueRequired\":true,\"valueName\":\"search_term_string\"}}],\"inLanguage\":\"pt-BR\"},{\"@type\":\"Organization\",\"@id\":\"https:\/\/www.legislapp.com.br\/#organization\",\"name\":\"Legislapp Monitoramento e Intelig\u00eancia Governamental\",\"url\":\"https:\/\/www.legislapp.com.br\/\",\"logo\":{\"@type\":\"ImageObject\",\"inLanguage\":\"pt-BR\",\"@id\":\"https:\/\/www.legislapp.com.br\/#\/schema\/logo\/image\/\",\"url\":\"https:\/\/www.legislapp.com.br\/wp-content\/uploads\/icon.png\",\"contentUrl\":\"https:\/\/www.legislapp.com.br\/wp-content\/uploads\/icon.png\",\"width\":1024,\"height\":1024,\"caption\":\"Legislapp Monitoramento e Intelig\u00eancia Governamental\"},\"image\":{\"@id\":\"https:\/\/www.legislapp.com.br\/#\/schema\/logo\/image\/\"},\"sameAs\":[\"https:\/\/www.instagram.com\/legislapp\/\"]}]}<\/script>\n<!-- \/ Yoast SEO plugin. -->","yoast_head_json":{"title":"Discurso de Sargento Gon\u00e7alves, PL-RN - Legislapp","robots":{"index":"index","follow":"follow","max-snippet":"max-snippet:-1","max-image-preview":"max-image-preview:large","max-video-preview":"max-video-preview:-1"},"canonical":"https:\/\/www.legislapp.com.br\/index.php\/discurso-camara-10-29-2025-sargento-goncalves-pl-rn\/","og_locale":"pt_BR","og_type":"article","og_title":"Discurso de Sargento Gon\u00e7alves, PL-RN - Legislapp","og_description":"Wednesday, October 29, 2025 &#8211; BREVES COMUNICA\u00c7\u00d5ES Sum\u00e1rio:&nbsp;O Deputado manifestou solidariedade \u00e0s fam\u00edlias dos quatro policiais mortos no Rio de Janeiro, chamando-os de \u201cher\u00f3is nacionais\u201d, e afirmou que as opera\u00e7\u00f5es recentes reduziram o n\u00famero de criminosos nas ruas. Disse que a situa\u00e7\u00e3o de viol\u00eancia extrema \u00e9 resultado da interfer\u00eancia do Supremo Tribunal Federal (STF), que [&hellip;]","og_url":"https:\/\/www.legislapp.com.br\/index.php\/discurso-camara-10-29-2025-sargento-goncalves-pl-rn\/","og_site_name":"Legislapp","article_publisher":"https:\/\/www.instagram.com\/legislapp\/","og_image":[{"url":"https:\/\/www.legislapp.com.br\/wp-content\/uploads\/2021\/07\/Logo-Legislapp-1-03-1.png","type":"","width":"","height":""}],"twitter_card":"summary_large_image","twitter_misc":{"Est. tempo de leitura":"2 minutos"},"schema":{"@context":"https:\/\/schema.org","@graph":[{"@type":"WebPage","@id":"https:\/\/www.legislapp.com.br\/index.php\/discurso-camara-10-29-2025-sargento-goncalves-pl-rn\/","url":"https:\/\/www.legislapp.com.br\/index.php\/discurso-camara-10-29-2025-sargento-goncalves-pl-rn\/","name":"Discurso de Sargento Gon\u00e7alves, PL-RN - Legislapp","isPartOf":{"@id":"https:\/\/www.legislapp.com.br\/#website"},"primaryImageOfPage":{"@id":"https:\/\/www.legislapp.com.br\/index.php\/discurso-camara-10-29-2025-sargento-goncalves-pl-rn\/#primaryimage"},"image":{"@id":"https:\/\/www.legislapp.com.br\/index.php\/discurso-camara-10-29-2025-sargento-goncalves-pl-rn\/#primaryimage"},"thumbnailUrl":"https:\/\/www.legislapp.com.br\/wp-content\/uploads\/2021\/07\/Logo-Legislapp-1-03-1.png","datePublished":"2026-01-19T14:48:41+00:00","breadcrumb":{"@id":"https:\/\/www.legislapp.com.br\/index.php\/discurso-camara-10-29-2025-sargento-goncalves-pl-rn\/#breadcrumb"},"inLanguage":"pt-BR","potentialAction":[{"@type":"ReadAction","target":["https:\/\/www.legislapp.com.br\/index.php\/discurso-camara-10-29-2025-sargento-goncalves-pl-rn\/"]}]},{"@type":"ImageObject","inLanguage":"pt-BR","@id":"https:\/\/www.legislapp.com.br\/index.php\/discurso-camara-10-29-2025-sargento-goncalves-pl-rn\/#primaryimage","url":"https:\/\/www.legislapp.com.br\/wp-content\/uploads\/2021\/07\/Logo-Legislapp-1-03-1.png","contentUrl":"https:\/\/www.legislapp.com.br\/wp-content\/uploads\/2021\/07\/Logo-Legislapp-1-03-1.png","width":2679,"height":2697},{"@type":"BreadcrumbList","@id":"https:\/\/www.legislapp.com.br\/index.php\/discurso-camara-10-29-2025-sargento-goncalves-pl-rn\/#breadcrumb","itemListElement":[{"@type":"ListItem","position":1,"name":"In\u00edcio","item":"https:\/\/www.legislapp.com.br\/"},{"@type":"ListItem","position":2,"name":"Discurso de Sargento Gon\u00e7alves, PL-RN"}]},{"@type":"WebSite","@id":"https:\/\/www.legislapp.com.br\/#website","url":"https:\/\/www.legislapp.com.br\/","name":"Legislapp","description":"Intelig\u00eancia governamental em tempo real","publisher":{"@id":"https:\/\/www.legislapp.com.br\/#organization"},"potentialAction":[{"@type":"SearchAction","target":{"@type":"EntryPoint","urlTemplate":"https:\/\/www.legislapp.com.br\/?s={search_term_string}"},"query-input":{"@type":"PropertyValueSpecification","valueRequired":true,"valueName":"search_term_string"}}],"inLanguage":"pt-BR"},{"@type":"Organization","@id":"https:\/\/www.legislapp.com.br\/#organization","name":"Legislapp Monitoramento e Intelig\u00eancia Governamental","url":"https:\/\/www.legislapp.com.br\/","logo":{"@type":"ImageObject","inLanguage":"pt-BR","@id":"https:\/\/www.legislapp.com.br\/#\/schema\/logo\/image\/","url":"https:\/\/www.legislapp.com.br\/wp-content\/uploads\/icon.png","contentUrl":"https:\/\/www.legislapp.com.br\/wp-content\/uploads\/icon.png","width":1024,"height":1024,"caption":"Legislapp Monitoramento e Intelig\u00eancia Governamental"},"image":{"@id":"https:\/\/www.legislapp.com.br\/#\/schema\/logo\/image\/"},"sameAs":["https:\/\/www.instagram.com\/legislapp\/"]}]}},"_links":{"self":[{"href":"https:\/\/www.legislapp.com.br\/index.php\/wp-json\/wp\/v2\/pages\/11305","targetHints":{"allow":["GET"]}}],"collection":[{"href":"https:\/\/www.legislapp.com.br\/index.php\/wp-json\/wp\/v2\/pages"}],"about":[{"href":"https:\/\/www.legislapp.com.br\/index.php\/wp-json\/wp\/v2\/types\/page"}],"author":[{"embeddable":true,"href":"https:\/\/www.legislapp.com.br\/index.php\/wp-json\/wp\/v2\/users\/1"}],"replies":[{"embeddable":true,"href":"https:\/\/www.legislapp.com.br\/index.php\/wp-json\/wp\/v2\/comments?post=11305"}],"version-history":[{"count":0,"href":"https:\/\/www.legislapp.com.br\/index.php\/wp-json\/wp\/v2\/pages\/11305\/revisions"}],"wp:attachment":[{"href":"https:\/\/www.legislapp.com.br\/index.php\/wp-json\/wp\/v2\/media?parent=11305"}],"curies":[{"name":"wp","href":"https:\/\/api.w.org\/{rel}","templated":true}]}}