{"id":11307,"date":"2026-01-19T11:48:46","date_gmt":"2026-01-19T14:48:46","guid":{"rendered":"https:\/\/www.legislapp.com.br\/index.php\/avulso-inicial-pl-4830-2025-camara\/"},"modified":"2026-01-19T11:48:46","modified_gmt":"2026-01-19T14:48:46","slug":"avulso-inicial-pl-4830-2025-camara","status":"publish","type":"page","link":"https:\/\/www.legislapp.com.br\/index.php\/avulso-inicial-pl-4830-2025-camara\/","title":{"rendered":"Avulso Inicial &#8211; PL 4830\/2025 &#8211; C\u00e2mara"},"content":{"rendered":"<h1 style='text-align: center;'>Avulso Inicial &#8211; Autoria de Delegado Caveira<\/h3>\n<p><\/p>\n<article>PROJETO DE LEI N\u00ba        , DE 2025<br \/>\n(Do Sr. Delegado Caveira)<br \/>\nDisp\u00f5e sobre a concess\u00e3o de<br \/>\npremia\u00e7\u00e3o em pec\u00fania, por m\u00e9rito<br \/>\nespecial, aos agentes de seguran\u00e7a<br \/>\np\u00fablica, elencados no art. 144 da<br \/>\nConstitui\u00e7\u00e3o Federal, e d\u00e1 outras<br \/>\nprovid\u00eancias.<br \/>\nO Congresso Nacional decreta:<br \/>\nArt. 1\u00ba Fica assegurado, em todo o territ\u00f3rio nacional, aos agentes de<br \/>\nseguran\u00e7a p\u00fablica, elencados no art. 144 da Constitui\u00e7\u00e3o Federal o direito de<br \/>\nreceber premia\u00e7\u00e3o em pec\u00fania, por m\u00e9rito especial, em car\u00e1ter individual,<br \/>\ncomo forma de reconhecimento por atos de relevante valor para a seguran\u00e7a<br \/>\np\u00fablica.<br \/>\nArt. 2\u00ba A bonifica\u00e7\u00e3o de que trata esta Lei ser\u00e1 concedida:<br \/>\nI \u2013 no \u00e2mbito da Uni\u00e3o, por ato do Chefe do Poder Executivo Federal,<br \/>\nmediante reconhecimento oficial e dentro dos procedimentos<br \/>\nregulamentares definidos pelo Minist\u00e9rio da Justi\u00e7a e Seguran\u00e7a<br \/>\nP\u00fablica ou \u00f3rg\u00e3o equivalente;<br \/>\nII \u2013 no \u00e2mbito dos Estados, do Distrito Federal e dos Munic\u00edpios, por<br \/>\nato do respectivo Chefe do Poder Executivo, dentro dos procedimentos<br \/>\nregulamentares definidos pela Secretaria de Seguran\u00e7a P\u00fablica,<br \/>\nSecretaria de Justi\u00e7a ou \u00f3rg\u00e3o equivalente, de acordo com a<br \/>\nautonomia constitucional dos entes federados.<br \/>\nArt. 3\u00ba O valor da premia\u00e7\u00e3o poder\u00e1 variar entre 10% (dez por cento) e<br \/>\n150% (cento e cinquenta por cento) dos vencimentos do servidor premiado,<br \/>\nPara verificar a assinatura, acesse https:\/\/infoleg-autenticidade-assinatura.camara.leg.br\/CD253980624900<br \/>\nAssinado eletronicamente pelo(a) Dep. Delegado Caveira<br \/>\nApresenta\u00e7\u00e3o: 30\/09\/2025 11:37:13.790 &#8211; Mesa<br \/>\n*CD253980624900* PL n.4830\/2025<br \/>observado em todos os casos o limite do teto remunerat\u00f3rio constitucional.<br \/>\nArt. 4\u00ba A premia\u00e7\u00e3o ser\u00e1 destinada, prioritariamente, \u00e0s seguintes<br \/>\nsitua\u00e7\u00f5es:<br \/>\nI \u2013 apreens\u00e3o de armas de grande calibre ou de uso restrito em<br \/>\nopera\u00e7\u00f5es policiais;<br \/>\nII \u2013 apreens\u00e3o de drogas il\u00edcitas em quantidade igual ou superior a<br \/>\n500kg;<br \/>\nIII \u2013 neutraliza\u00e7\u00e3o de criminosos em circunst\u00e2ncias que envolvam<br \/>\nelevado risco \u00e0 coletividade ou aos pr\u00f3prios agentes de seguran\u00e7a;<br \/>\nIV \u2013 outros atos de excepcional relev\u00e2ncia para a preserva\u00e7\u00e3o da<br \/>\nordem p\u00fablica, conforme regulamento.<br \/>\nArt. 5\u00ba Caber\u00e1 a cada ente federado regulamentar os crit\u00e9rios<br \/>\nobjetivos, os procedimentos administrativos e a forma de concess\u00e3o da<br \/>\npremia\u00e7\u00e3o, respeitados os princ\u00edpios da legalidade, impessoalidade,<br \/>\nmoralidade, publicidade e efici\u00eancia.<br \/>\nArt. 6\u00ba Esta Lei entra em vigor na data de sua publica\u00e7\u00e3o.<br \/>\nJUSTIFICATIVA<br \/>\nA presente proposi\u00e7\u00e3o tem por objetivo assegurar aos agentes de<br \/>\nseguran\u00e7a p\u00fablica, previstos no art. 144 da Constitui\u00e7\u00e3o Federal \u2013 Pol\u00edcia<br \/>\nFederal, Pol\u00edcia Rodovi\u00e1ria Federal, Pol\u00edcia Ferrovi\u00e1ria Federal, Pol\u00edcias Civis,<br \/>\nPol\u00edcias Militares, Corpos de Bombeiros Militares e Guardas Municipais \u2013 o<br \/>\ndireito de receber premia\u00e7\u00e3o em pec\u00fania, por m\u00e9rito especial, em car\u00e1ter<br \/>\nindividual, como forma de reconhecimento por atos de relevante valor para a<br \/>\nseguran\u00e7a p\u00fablica.<br \/>\nA iniciativa representa um importante avan\u00e7o no fortalecimento das<br \/>\ninstitui\u00e7\u00f5es policiais e na valoriza\u00e7\u00e3o de seus profissionais, que diariamente<br \/>\narriscam suas vidas em defesa da sociedade. O mecanismo de premia\u00e7\u00e3o<br \/>\nbusca n\u00e3o apenas reconhecer atos de bravura, efici\u00eancia e resultados<br \/>\nPara verificar a assinatura, acesse https:\/\/infoleg-autenticidade-assinatura.camara.leg.br\/CD253980624900<br \/>\nAssinado eletronicamente pelo(a) Dep. Delegado Caveira<br \/>\nApresenta\u00e7\u00e3o: 30\/09\/2025 11:37:13.790 &#8211; Mesa<br \/>\n*CD253980624900* PL n.4830\/2025<br \/>concretos no combate \u00e0 criminalidade, mas tamb\u00e9m estimular a motiva\u00e7\u00e3o,<br \/>\ndedica\u00e7\u00e3o e comprometimento dos agentes com suas fun\u00e7\u00f5es.<br \/>\nA medida respeita a autonomia dos entes federados, assegurando que<br \/>\ncada Estado, o Distrito Federal, os Munic\u00edpios e a Uni\u00e3o estabele\u00e7am, por meio<br \/>\nde seus respectivos \u00f3rg\u00e3os competentes, os procedimentos e crit\u00e9rios<br \/>\nobjetivos para a concess\u00e3o das bonifica\u00e7\u00f5es, em conformidade com suas<br \/>\nrealidades institucionais e or\u00e7ament\u00e1rias.<br \/>\nO texto estabelece par\u00e2metros claros, prevendo a concess\u00e3o de valores<br \/>\nentre 10% e 150% dos vencimentos do servidor premiado, sempre observando<br \/>\no teto remunerat\u00f3rio constitucional, garantindo assim seguran\u00e7a jur\u00eddica e<br \/>\nrespeito ao princ\u00edpio da legalidade.<br \/>\nAs situa\u00e7\u00f5es elencadas para prioriza\u00e7\u00e3o da premia\u00e7\u00e3o \u2013 como a<br \/>\napreens\u00e3o de armas de grande calibre, grandes carregamentos de drogas e<br \/>\nneutraliza\u00e7\u00e3o de criminosos de alta periculosidade \u2013 refletem o compromisso<br \/>\nde valorizar a\u00e7\u00f5es de impacto direto na redu\u00e7\u00e3o da criminalidade e no<br \/>\nfortalecimento da ordem p\u00fablica.<br \/>\nCom esta proposta, pretende-se fomentar a meritocracia no \u00e2mbito da<br \/>\nseguran\u00e7a p\u00fablica, refor\u00e7ando o reconhecimento social e institucional aos<br \/>\nprofissionais que se destacam em sua miss\u00e3o constitucional de proteger a vida,<br \/>\no patrim\u00f4nio e a liberdade dos cidad\u00e3os brasileiros.<br \/>\nDiante do exposto, conclamamos o apoio dos nobres pares para a<br \/>\naprova\u00e7\u00e3o deste Projeto de Lei, em respeito e reconhecimento aos homens e<br \/>\nmulheres que diariamente se dedicam \u00e0 defesa da sociedade e \u00e0 preserva\u00e7\u00e3o<br \/>\nda ordem p\u00fablica.<br \/>\nSala das Sess\u00f5es, em de de 2025.<br \/>\n                                       Deputado DELEGADO CAVEIRA<br \/>\nPara verificar a assinatura, acesse https:\/\/infoleg-autenticidade-assinatura.camara.leg.br\/CD253980624900<br \/>\nAssinado eletronicamente pelo(a) Dep. Delegado Caveira<br \/>\nApresenta\u00e7\u00e3o: 30\/09\/2025 11:37:13.790 &#8211; Mesa<br \/>\n*CD253980624900* PL n.4830\/2025<\/article>\n<p><a href='https:\/\/app.legislapp.com.br\/#\/busca?termo=Crit\u00e9rio'>Crit\u00e9rio<\/a>, <a href='https:\/\/app.legislapp.com.br\/#\/busca?termo=concess\u00e3o'>concess\u00e3o<\/a>, <a href='https:\/\/app.legislapp.com.br\/#\/busca?termo=premia\u00e7\u00e3o'>premia\u00e7\u00e3o<\/a>, <a href='https:\/\/app.legislapp.com.br\/#\/busca?termo=Vantagem pecuni\u00e1ria'>Vantagem pecuni\u00e1ria<\/a>, <a href='https:\/\/app.legislapp.com.br\/#\/busca?termo=Profissional da seguran\u00e7a p\u00fablica'>Profissional da seguran\u00e7a p\u00fablica<\/a>, <a href='https:\/\/app.legislapp.com.br\/#\/busca?termo=M\u00e9rito'>M\u00e9rito<\/a>, <a href='https:\/\/app.legislapp.com.br\/#\/busca?termo=Servi\u00e7os prestados.'>Servi\u00e7os prestados.<\/a><\/p>\n<div style=\"text-align: center\">\n      <img decoding=\"async\" style=\"width: 14%;\" src=\"https:\/\/www.legislapp.com.br\/wp-content\/uploads\/2021\/07\/Logo-Legislapp-1-03-1.png\"><br \/>\n      <\/p>\n<div style=\"margin-bottom: 20px;\" class=\"et_pb_button_module_wrapper et_pb_button_5_tb_body_wrapper et_pb_button_alignment_center et_pb_module \">\n         <a class=\"et_pb_button et_pb_button_5_tb_body et_hover_enabled et_pb_bg_layout_dark\" style=\"width: 50%;background-color: black;\" href=\"https:\/\/app.legislapp.com.br\" target=\"_blank\" rel=\"noopener\">Visualizar completo na nossa plataforma (30 dias gr\u00e1tis)<\/a><\/p><\/div>\n<p>      <a href=\"https:\/\/play.google.com\/store\/apps\/details?id=br.com.legislapp\"><img decoding=\"async\" style=\"width: 15%; min-width: 130px;\" src=\"https:\/\/www.legislapp.com.br\/wp-content\/uploads\/google-play.png\"><\/a><br \/>\n      <a href=\"https:\/\/apps.apple.com\/us\/app\/legislapp\/id1568929859\"><img decoding=\"async\" style=\"width: 15%; min-width: 130px\" src=\"https:\/\/www.legislapp.com.br\/wp-content\/uploads\/apple-store.png\"><\/a>\n   <\/div>\n","protected":false},"excerpt":{"rendered":"<p>Avulso Inicial &#8211; Autoria de Delegado Caveira PROJETO DE LEI N\u00ba , DE 2025 (Do Sr. Delegado Caveira) Disp\u00f5e sobre a concess\u00e3o de premia\u00e7\u00e3o em pec\u00fania, por m\u00e9rito especial, aos agentes de seguran\u00e7a p\u00fablica, elencados no art. 144 da Constitui\u00e7\u00e3o Federal, e d\u00e1 outras provid\u00eancias. O Congresso Nacional decreta: Art. 1\u00ba Fica assegurado, em todo [&hellip;]<\/p>\n","protected":false},"author":1,"featured_media":0,"parent":0,"menu_order":0,"comment_status":"closed","ping_status":"closed","template":"page-template-blank.php","meta":{"_et_pb_use_builder":"","_et_pb_old_content":"","_et_gb_content_width":"1080","ngg_post_thumbnail":0,"footnotes":""},"class_list":["post-11307","page","type-page","status-publish","hentry"],"yoast_head":"<!-- This site is optimized with the Yoast SEO plugin v24.4 - https:\/\/yoast.com\/wordpress\/plugins\/seo\/ -->\n<title>Avulso Inicial - PL 4830\/2025 - C\u00e2mara - Legislapp<\/title>\n<meta name=\"robots\" content=\"index, follow, max-snippet:-1, max-image-preview:large, max-video-preview:-1\" \/>\n<link rel=\"canonical\" href=\"https:\/\/www.legislapp.com.br\/index.php\/avulso-inicial-pl-4830-2025-camara\/\" \/>\n<meta property=\"og:locale\" content=\"pt_BR\" \/>\n<meta property=\"og:type\" content=\"article\" \/>\n<meta property=\"og:title\" content=\"Avulso Inicial - PL 4830\/2025 - C\u00e2mara - Legislapp\" \/>\n<meta property=\"og:description\" content=\"Avulso Inicial &#8211; Autoria de Delegado Caveira PROJETO DE LEI N\u00ba , DE 2025 (Do Sr. Delegado Caveira) Disp\u00f5e sobre a concess\u00e3o de premia\u00e7\u00e3o em pec\u00fania, por m\u00e9rito especial, aos agentes de seguran\u00e7a p\u00fablica, elencados no art. 144 da Constitui\u00e7\u00e3o Federal, e d\u00e1 outras provid\u00eancias. O Congresso Nacional decreta: Art. 1\u00ba Fica assegurado, em todo [&hellip;]\" \/>\n<meta property=\"og:url\" content=\"https:\/\/www.legislapp.com.br\/index.php\/avulso-inicial-pl-4830-2025-camara\/\" \/>\n<meta property=\"og:site_name\" content=\"Legislapp\" \/>\n<meta property=\"article:publisher\" content=\"https:\/\/www.instagram.com\/legislapp\/\" \/>\n<meta property=\"og:image\" content=\"https:\/\/www.legislapp.com.br\/wp-content\/uploads\/2021\/07\/Logo-Legislapp-1-03-1.png\" \/>\n<meta name=\"twitter:card\" content=\"summary_large_image\" \/>\n<meta name=\"twitter:label1\" content=\"Est. tempo de leitura\" \/>\n\t<meta name=\"twitter:data1\" content=\"4 minutos\" \/>\n<script type=\"application\/ld+json\" class=\"yoast-schema-graph\">{\"@context\":\"https:\/\/schema.org\",\"@graph\":[{\"@type\":\"WebPage\",\"@id\":\"https:\/\/www.legislapp.com.br\/index.php\/avulso-inicial-pl-4830-2025-camara\/\",\"url\":\"https:\/\/www.legislapp.com.br\/index.php\/avulso-inicial-pl-4830-2025-camara\/\",\"name\":\"Avulso Inicial - PL 4830\/2025 - C\u00e2mara - Legislapp\",\"isPartOf\":{\"@id\":\"https:\/\/www.legislapp.com.br\/#website\"},\"primaryImageOfPage\":{\"@id\":\"https:\/\/www.legislapp.com.br\/index.php\/avulso-inicial-pl-4830-2025-camara\/#primaryimage\"},\"image\":{\"@id\":\"https:\/\/www.legislapp.com.br\/index.php\/avulso-inicial-pl-4830-2025-camara\/#primaryimage\"},\"thumbnailUrl\":\"https:\/\/www.legislapp.com.br\/wp-content\/uploads\/2021\/07\/Logo-Legislapp-1-03-1.png\",\"datePublished\":\"2026-01-19T14:48:46+00:00\",\"breadcrumb\":{\"@id\":\"https:\/\/www.legislapp.com.br\/index.php\/avulso-inicial-pl-4830-2025-camara\/#breadcrumb\"},\"inLanguage\":\"pt-BR\",\"potentialAction\":[{\"@type\":\"ReadAction\",\"target\":[\"https:\/\/www.legislapp.com.br\/index.php\/avulso-inicial-pl-4830-2025-camara\/\"]}]},{\"@type\":\"ImageObject\",\"inLanguage\":\"pt-BR\",\"@id\":\"https:\/\/www.legislapp.com.br\/index.php\/avulso-inicial-pl-4830-2025-camara\/#primaryimage\",\"url\":\"https:\/\/www.legislapp.com.br\/wp-content\/uploads\/2021\/07\/Logo-Legislapp-1-03-1.png\",\"contentUrl\":\"https:\/\/www.legislapp.com.br\/wp-content\/uploads\/2021\/07\/Logo-Legislapp-1-03-1.png\",\"width\":2679,\"height\":2697},{\"@type\":\"BreadcrumbList\",\"@id\":\"https:\/\/www.legislapp.com.br\/index.php\/avulso-inicial-pl-4830-2025-camara\/#breadcrumb\",\"itemListElement\":[{\"@type\":\"ListItem\",\"position\":1,\"name\":\"In\u00edcio\",\"item\":\"https:\/\/www.legislapp.com.br\/\"},{\"@type\":\"ListItem\",\"position\":2,\"name\":\"Avulso Inicial &#8211; PL 4830\/2025 &#8211; C\u00e2mara\"}]},{\"@type\":\"WebSite\",\"@id\":\"https:\/\/www.legislapp.com.br\/#website\",\"url\":\"https:\/\/www.legislapp.com.br\/\",\"name\":\"Legislapp\",\"description\":\"Intelig\u00eancia governamental em tempo real\",\"publisher\":{\"@id\":\"https:\/\/www.legislapp.com.br\/#organization\"},\"potentialAction\":[{\"@type\":\"SearchAction\",\"target\":{\"@type\":\"EntryPoint\",\"urlTemplate\":\"https:\/\/www.legislapp.com.br\/?s={search_term_string}\"},\"query-input\":{\"@type\":\"PropertyValueSpecification\",\"valueRequired\":true,\"valueName\":\"search_term_string\"}}],\"inLanguage\":\"pt-BR\"},{\"@type\":\"Organization\",\"@id\":\"https:\/\/www.legislapp.com.br\/#organization\",\"name\":\"Legislapp Monitoramento e Intelig\u00eancia Governamental\",\"url\":\"https:\/\/www.legislapp.com.br\/\",\"logo\":{\"@type\":\"ImageObject\",\"inLanguage\":\"pt-BR\",\"@id\":\"https:\/\/www.legislapp.com.br\/#\/schema\/logo\/image\/\",\"url\":\"https:\/\/www.legislapp.com.br\/wp-content\/uploads\/icon.png\",\"contentUrl\":\"https:\/\/www.legislapp.com.br\/wp-content\/uploads\/icon.png\",\"width\":1024,\"height\":1024,\"caption\":\"Legislapp Monitoramento e Intelig\u00eancia Governamental\"},\"image\":{\"@id\":\"https:\/\/www.legislapp.com.br\/#\/schema\/logo\/image\/\"},\"sameAs\":[\"https:\/\/www.instagram.com\/legislapp\/\"]}]}<\/script>\n<!-- \/ Yoast SEO plugin. -->","yoast_head_json":{"title":"Avulso Inicial - PL 4830\/2025 - C\u00e2mara - Legislapp","robots":{"index":"index","follow":"follow","max-snippet":"max-snippet:-1","max-image-preview":"max-image-preview:large","max-video-preview":"max-video-preview:-1"},"canonical":"https:\/\/www.legislapp.com.br\/index.php\/avulso-inicial-pl-4830-2025-camara\/","og_locale":"pt_BR","og_type":"article","og_title":"Avulso Inicial - PL 4830\/2025 - C\u00e2mara - Legislapp","og_description":"Avulso Inicial &#8211; Autoria de Delegado Caveira PROJETO DE LEI N\u00ba , DE 2025 (Do Sr. Delegado Caveira) Disp\u00f5e sobre a concess\u00e3o de premia\u00e7\u00e3o em pec\u00fania, por m\u00e9rito especial, aos agentes de seguran\u00e7a p\u00fablica, elencados no art. 144 da Constitui\u00e7\u00e3o Federal, e d\u00e1 outras provid\u00eancias. O Congresso Nacional decreta: Art. 1\u00ba Fica assegurado, em todo [&hellip;]","og_url":"https:\/\/www.legislapp.com.br\/index.php\/avulso-inicial-pl-4830-2025-camara\/","og_site_name":"Legislapp","article_publisher":"https:\/\/www.instagram.com\/legislapp\/","og_image":[{"url":"https:\/\/www.legislapp.com.br\/wp-content\/uploads\/2021\/07\/Logo-Legislapp-1-03-1.png","type":"","width":"","height":""}],"twitter_card":"summary_large_image","twitter_misc":{"Est. tempo de leitura":"4 minutos"},"schema":{"@context":"https:\/\/schema.org","@graph":[{"@type":"WebPage","@id":"https:\/\/www.legislapp.com.br\/index.php\/avulso-inicial-pl-4830-2025-camara\/","url":"https:\/\/www.legislapp.com.br\/index.php\/avulso-inicial-pl-4830-2025-camara\/","name":"Avulso Inicial - PL 4830\/2025 - C\u00e2mara - Legislapp","isPartOf":{"@id":"https:\/\/www.legislapp.com.br\/#website"},"primaryImageOfPage":{"@id":"https:\/\/www.legislapp.com.br\/index.php\/avulso-inicial-pl-4830-2025-camara\/#primaryimage"},"image":{"@id":"https:\/\/www.legislapp.com.br\/index.php\/avulso-inicial-pl-4830-2025-camara\/#primaryimage"},"thumbnailUrl":"https:\/\/www.legislapp.com.br\/wp-content\/uploads\/2021\/07\/Logo-Legislapp-1-03-1.png","datePublished":"2026-01-19T14:48:46+00:00","breadcrumb":{"@id":"https:\/\/www.legislapp.com.br\/index.php\/avulso-inicial-pl-4830-2025-camara\/#breadcrumb"},"inLanguage":"pt-BR","potentialAction":[{"@type":"ReadAction","target":["https:\/\/www.legislapp.com.br\/index.php\/avulso-inicial-pl-4830-2025-camara\/"]}]},{"@type":"ImageObject","inLanguage":"pt-BR","@id":"https:\/\/www.legislapp.com.br\/index.php\/avulso-inicial-pl-4830-2025-camara\/#primaryimage","url":"https:\/\/www.legislapp.com.br\/wp-content\/uploads\/2021\/07\/Logo-Legislapp-1-03-1.png","contentUrl":"https:\/\/www.legislapp.com.br\/wp-content\/uploads\/2021\/07\/Logo-Legislapp-1-03-1.png","width":2679,"height":2697},{"@type":"BreadcrumbList","@id":"https:\/\/www.legislapp.com.br\/index.php\/avulso-inicial-pl-4830-2025-camara\/#breadcrumb","itemListElement":[{"@type":"ListItem","position":1,"name":"In\u00edcio","item":"https:\/\/www.legislapp.com.br\/"},{"@type":"ListItem","position":2,"name":"Avulso Inicial &#8211; PL 4830\/2025 &#8211; C\u00e2mara"}]},{"@type":"WebSite","@id":"https:\/\/www.legislapp.com.br\/#website","url":"https:\/\/www.legislapp.com.br\/","name":"Legislapp","description":"Intelig\u00eancia governamental em tempo real","publisher":{"@id":"https:\/\/www.legislapp.com.br\/#organization"},"potentialAction":[{"@type":"SearchAction","target":{"@type":"EntryPoint","urlTemplate":"https:\/\/www.legislapp.com.br\/?s={search_term_string}"},"query-input":{"@type":"PropertyValueSpecification","valueRequired":true,"valueName":"search_term_string"}}],"inLanguage":"pt-BR"},{"@type":"Organization","@id":"https:\/\/www.legislapp.com.br\/#organization","name":"Legislapp Monitoramento e Intelig\u00eancia Governamental","url":"https:\/\/www.legislapp.com.br\/","logo":{"@type":"ImageObject","inLanguage":"pt-BR","@id":"https:\/\/www.legislapp.com.br\/#\/schema\/logo\/image\/","url":"https:\/\/www.legislapp.com.br\/wp-content\/uploads\/icon.png","contentUrl":"https:\/\/www.legislapp.com.br\/wp-content\/uploads\/icon.png","width":1024,"height":1024,"caption":"Legislapp Monitoramento e Intelig\u00eancia Governamental"},"image":{"@id":"https:\/\/www.legislapp.com.br\/#\/schema\/logo\/image\/"},"sameAs":["https:\/\/www.instagram.com\/legislapp\/"]}]}},"_links":{"self":[{"href":"https:\/\/www.legislapp.com.br\/index.php\/wp-json\/wp\/v2\/pages\/11307","targetHints":{"allow":["GET"]}}],"collection":[{"href":"https:\/\/www.legislapp.com.br\/index.php\/wp-json\/wp\/v2\/pages"}],"about":[{"href":"https:\/\/www.legislapp.com.br\/index.php\/wp-json\/wp\/v2\/types\/page"}],"author":[{"embeddable":true,"href":"https:\/\/www.legislapp.com.br\/index.php\/wp-json\/wp\/v2\/users\/1"}],"replies":[{"embeddable":true,"href":"https:\/\/www.legislapp.com.br\/index.php\/wp-json\/wp\/v2\/comments?post=11307"}],"version-history":[{"count":0,"href":"https:\/\/www.legislapp.com.br\/index.php\/wp-json\/wp\/v2\/pages\/11307\/revisions"}],"wp:attachment":[{"href":"https:\/\/www.legislapp.com.br\/index.php\/wp-json\/wp\/v2\/media?parent=11307"}],"curies":[{"name":"wp","href":"https:\/\/api.w.org\/{rel}","templated":true}]}}