{"id":11317,"date":"2026-01-19T11:49:05","date_gmt":"2026-01-19T14:49:05","guid":{"rendered":"https:\/\/www.legislapp.com.br\/index.php\/avulso-inicial-pl-5254-2025-camara\/"},"modified":"2026-01-19T11:49:05","modified_gmt":"2026-01-19T14:49:05","slug":"avulso-inicial-pl-5254-2025-camara","status":"publish","type":"page","link":"https:\/\/www.legislapp.com.br\/index.php\/avulso-inicial-pl-5254-2025-camara\/","title":{"rendered":"Avulso Inicial &#8211; PL 5254\/2025 &#8211; C\u00e2mara"},"content":{"rendered":"<h1 style='text-align: center;'>Avulso Inicial &#8211; Autoria de Euclydes Pettersen<\/h3>\n<p><\/p>\n<article>C\u00c2MARA DOS DEPUTADOS<br \/>\nGabinete do Deputado Euclydes Pettersen \u2013 REPUBLICANOS\/MG<br \/>\nPROJETO DE LEI N\u00ba          , DE 2025<br \/>\n(Do Sr. EUCLYDES PETTERSEN)<br \/>\nAltera a Lei n\u00ba 9.503, de 23 de<br \/>\nsetembro de 1997 (C\u00f3digo de Tr\u00e2nsito<br \/>\nBrasileiro), para recrudescer as penas dos<br \/>\ncrimes de tr\u00e2nsito praticados sob a influ\u00eancia<br \/>\nde \u00e1lcool ou de qualquer outra subst\u00e2ncia<br \/>\npsicoativa que determine depend\u00eancia.<br \/>\nO Congresso Nacional decreta:<br \/>\nArt. 1\u00ba Esta Lei altera a Lei n\u00ba 9.503, de 23 de setembro de<br \/>\n1997 (C\u00f3digo de Tr\u00e2nsito Brasileiro), para recrudescer as penas dos crimes de<br \/>\ntr\u00e2nsito praticados sob a influ\u00eancia de \u00e1lcool ou de qualquer outra subst\u00e2ncia<br \/>\npsicoativa que determine depend\u00eancia.<br \/>\nArt. 2\u00ba A Lei n\u00ba 9.503, de 23 de setembro de 1997 (C\u00f3digo de<br \/>\nTr\u00e2nsito Brasileiro), passa a vigorar com as seguintes altera\u00e7\u00f5es:<br \/>\n\u201cArt. 302. &#8230;&#8230;&#8230;&#8230;&#8230;&#8230;&#8230;&#8230;&#8230;&#8230;&#8230;&#8230;&#8230;&#8230;&#8230;&#8230;&#8230;&#8230;&#8230;<br \/>\n&#8230;&#8230;&#8230;&#8230;&#8230;&#8230;&#8230;&#8230;&#8230;&#8230;&#8230;&#8230;&#8230;&#8230;&#8230;&#8230;&#8230;&#8230;&#8230;&#8230;&#8230;&#8230;&#8230;&#8230;.<br \/>\n\u00a73\u00ba &#8230;&#8230;&#8230;&#8230;&#8230;&#8230;&#8230;&#8230;&#8230;&#8230;&#8230;&#8230;&#8230;&#8230;&#8230;&#8230;&#8230;&#8230;&#8230;&#8230;&#8230;&#8230;.<br \/>\nPenas &#8211; reclus\u00e3o, de seis a doze anos, e suspens\u00e3o ou<br \/>\nproibi\u00e7\u00e3o do direito de se obter a permiss\u00e3o ou a habilita\u00e7\u00e3o<br \/>\npara dirigir ve\u00edculo automotor.\u201d  (NR)<br \/>\n\u201cArt. 303. &#8230;&#8230;&#8230;&#8230;&#8230;&#8230;&#8230;&#8230;&#8230;&#8230;&#8230;&#8230;&#8230;&#8230;&#8230;&#8230;&#8230;&#8230;&#8230;<br \/>\n&#8230;&#8230;&#8230;&#8230;&#8230;&#8230;&#8230;&#8230;&#8230;&#8230;&#8230;&#8230;&#8230;&#8230;&#8230;&#8230;&#8230;&#8230;&#8230;&#8230;&#8230;&#8230;&#8230;&#8230;.<br \/>\n\u00a72\u00ba A pena privativa de liberdade \u00e9 de reclus\u00e3o de quatro a oito<br \/>\nanos, sem preju\u00edzo das outras penas previstas neste artigo, se<br \/>\no agente conduz o ve\u00edculo com capacidade psicomotora<br \/>\nPara verificar a assinatura, acesse https:\/\/infoleg-autenticidade-assinatura.camara.leg.br\/CD256059831500<br \/>\nAssinado eletronicamente pelo(a) Dep. Euclydes Pettersen<br \/>\nApresenta\u00e7\u00e3o: 16\/10\/2025 14:53:03.440 &#8211; Mesa<br \/>\n*CD256059831500* PL n.5254\/2025<br \/>C\u00c2MARA DOS DEPUTADOS<br \/>\nGabinete do Deputado Euclydes Pettersen \u2013 REPUBLICANOS\/MG<br \/>\nalterada em raz\u00e3o da influ\u00eancia de \u00e1lcool ou de outra<br \/>\nsubst\u00e2ncia psicoativa que determine depend\u00eancia, e se do<br \/>\ncrime resultar les\u00e3o corporal de natureza grave ou grav\u00edssima.\u201d<br \/>\n(NR)<br \/>\n\u201cArt. 306. &#8230;&#8230;&#8230;&#8230;&#8230;&#8230;&#8230;&#8230;&#8230;&#8230;&#8230;&#8230;&#8230;&#8230;&#8230;&#8230;&#8230;&#8230;&#8230;<br \/>\nPenas &#8211; reclus\u00e3o, de dois a quatro anos, multa e suspens\u00e3o ou<br \/>\nproibi\u00e7\u00e3o de se obter a permiss\u00e3o ou a habilita\u00e7\u00e3o para dirigir<br \/>\nve\u00edculo automotor.<br \/>\n&#8230;&#8230;&#8230;&#8230;&#8230;&#8230;&#8230;&#8230;&#8230;&#8230;&#8230;&#8230;&#8230;&#8230;&#8230;&#8230;&#8230;&#8230;&#8230;&#8230;&#8230;&#8230;&#8230;&#8230;.\u201d (NR)<br \/>\nArt. 3\u00ba Esta lei entra em vigor na data de sua publica\u00e7\u00e3o.<br \/>\nJUSTIFICA\u00c7\u00c3O<br \/>\nO presente Projeto de Lei altera os artigos 302, 303 e 306 da<br \/>\nLei n\u00ba 9.503, de 23 de setembro de 1997 (C\u00f3digo de Tr\u00e2nsito Brasileiro &#8211; CTB),<br \/>\nvisando aumentar as balizas penais para os crimes de tr\u00e2nsito praticados sob a<br \/>\ninflu\u00eancia de \u00e1lcool ou de qualquer outra subst\u00e2ncia psicoativa que determine<br \/>\ndepend\u00eancia.<br \/>\nEsta medida se alinha ao dever constitucional do Estado de<br \/>\ngarantir a seguran\u00e7a p\u00fablica e a incolumidade das pessoas e do patrim\u00f4nio,<br \/>\nconforme estabelece o art. 144 da Constitui\u00e7\u00e3o Federal de 1988. Com efeito, a<br \/>\ncombina\u00e7\u00e3o de \u00e1lcool e dire\u00e7\u00e3o veicular constitui uma das principais causas de<br \/>\nsinistros de tr\u00e2nsito em todo o Brasil.<br \/>\nCom efeito, estimativas da Organiza\u00e7\u00e3o Mundial da Sa\u00fade<br \/>\nmostram que o \u00e1lcool \u00e9 respons\u00e1vel por 36,7% de todos os acidentes de<br \/>\n1<br \/>\ntr\u00e2nsito entre homens e 23% entre mulheres . Em 2021, foi registrada uma<br \/>\n1<br \/>\n https:\/\/cisa.org.br\/images\/upload\/Panorama_Alcool_Saude_CISA2024.pdf<br \/>\nPara verificar a assinatura, acesse https:\/\/infoleg-autenticidade-assinatura.camara.leg.br\/CD256059831500<br \/>\nAssinado eletronicamente pelo(a) Dep. Euclydes Pettersen<br \/>\nApresenta\u00e7\u00e3o: 16\/10\/2025 14:53:03.440 &#8211; Mesa<br \/>\n*CD256059831500* PL n.5254\/2025<br \/>C\u00c2MARA DOS DEPUTADOS<br \/>\nGabinete do Deputado Euclydes Pettersen \u2013 REPUBLICANOS\/MG<br \/>\nm\u00e9dia alarmante de 1,2 \u00f3bito por hora atribu\u00edda ao \u00e1lcool e dire\u00e7\u00e3o no pa\u00eds, de<br \/>\n2<br \/>\nacordo com dados do Minist\u00e9rio da Sa\u00fade .<br \/>\nTais n\u00fameros refor\u00e7am que o consumo de bebidas alco\u00f3licas<br \/>\ncontinua sendo um fator significativo nos acidentes de tr\u00e2nsito. Diante desse<br \/>\ncen\u00e1rio, a proposta legislativa ora apresentada, ao recrudescer a pena dos<br \/>\ncrimes de tr\u00e2nsito praticados sob a influ\u00eancia de \u00e1lcool ou de outra subst\u00e2ncia<br \/>\npsicoativa, aumenta o poder de dissuas\u00e3o da lei, contribuindo para a prote\u00e7\u00e3o<br \/>\nda vida e da integridade f\u00edsica dos cidad\u00e3os.<br \/>\nAnte o exposto, conclamo o apoio dos nobres pares pela c\u00e9lere<br \/>\naprova\u00e7\u00e3o deste projeto de lei, que visa consolidar a cultura de<br \/>\nresponsabilidade e de respeito \u00e0 vida no tr\u00e2nsito.<br \/>\nSala das Sess\u00f5es, em        de                     de 2025.<br \/>\n                                     Deputado EUCLYDES PETTERSEN<br \/>\n2<br \/>\n https:\/\/agenciabrasil.ebc.com.br\/geral\/noticia\/2023-06\/alcool-no-transito-mata-12-brasileiro-por-hora-<br \/>\nrevela-pesquisa<br \/>\nPara verificar a assinatura, acesse https:\/\/infoleg-autenticidade-assinatura.camara.leg.br\/CD256059831500<br \/>\nAssinado eletronicamente pelo(a) Dep. Euclydes Pettersen<br \/>\nApresenta\u00e7\u00e3o: 16\/10\/2025 14:53:03.440 &#8211; Mesa<br \/>\n*CD256059831500* PL n.5254\/2025<\/article>\n<p><a href='https:\/\/app.legislapp.com.br\/#\/busca?termo='><\/a><\/p>\n<div style=\"text-align: center\">\n      <img decoding=\"async\" style=\"width: 14%;\" src=\"https:\/\/www.legislapp.com.br\/wp-content\/uploads\/2021\/07\/Logo-Legislapp-1-03-1.png\"><br \/>\n      <\/p>\n<div style=\"margin-bottom: 20px;\" class=\"et_pb_button_module_wrapper et_pb_button_5_tb_body_wrapper et_pb_button_alignment_center et_pb_module \">\n         <a class=\"et_pb_button et_pb_button_5_tb_body et_hover_enabled et_pb_bg_layout_dark\" style=\"width: 50%;background-color: black;\" href=\"https:\/\/app.legislapp.com.br\" target=\"_blank\" rel=\"noopener\">Visualizar completo na nossa plataforma (30 dias gr\u00e1tis)<\/a><\/p><\/div>\n<p>      <a href=\"https:\/\/play.google.com\/store\/apps\/details?id=br.com.legislapp\"><img decoding=\"async\" style=\"width: 15%; min-width: 130px;\" src=\"https:\/\/www.legislapp.com.br\/wp-content\/uploads\/google-play.png\"><\/a><br \/>\n      <a href=\"https:\/\/apps.apple.com\/us\/app\/legislapp\/id1568929859\"><img decoding=\"async\" style=\"width: 15%; min-width: 130px\" src=\"https:\/\/www.legislapp.com.br\/wp-content\/uploads\/apple-store.png\"><\/a>\n   <\/div>\n","protected":false},"excerpt":{"rendered":"<p>Avulso Inicial &#8211; Autoria de Euclydes Pettersen C\u00c2MARA DOS DEPUTADOS Gabinete do Deputado Euclydes Pettersen \u2013 REPUBLICANOS\/MG PROJETO DE LEI N\u00ba , DE 2025 (Do Sr. EUCLYDES PETTERSEN) Altera a Lei n\u00ba 9.503, de 23 de setembro de 1997 (C\u00f3digo de Tr\u00e2nsito Brasileiro), para recrudescer as penas dos crimes de tr\u00e2nsito praticados sob a influ\u00eancia [&hellip;]<\/p>\n","protected":false},"author":1,"featured_media":0,"parent":0,"menu_order":0,"comment_status":"closed","ping_status":"closed","template":"page-template-blank.php","meta":{"_et_pb_use_builder":"","_et_pb_old_content":"","_et_gb_content_width":"1080","ngg_post_thumbnail":0,"footnotes":""},"class_list":["post-11317","page","type-page","status-publish","hentry"],"yoast_head":"<!-- This site is optimized with the Yoast SEO plugin v24.4 - https:\/\/yoast.com\/wordpress\/plugins\/seo\/ -->\n<title>Avulso Inicial - PL 5254\/2025 - C\u00e2mara - Legislapp<\/title>\n<meta name=\"robots\" content=\"index, follow, max-snippet:-1, max-image-preview:large, max-video-preview:-1\" \/>\n<link rel=\"canonical\" href=\"https:\/\/www.legislapp.com.br\/index.php\/avulso-inicial-pl-5254-2025-camara\/\" \/>\n<meta property=\"og:locale\" content=\"pt_BR\" \/>\n<meta property=\"og:type\" content=\"article\" \/>\n<meta property=\"og:title\" content=\"Avulso Inicial - PL 5254\/2025 - C\u00e2mara - Legislapp\" \/>\n<meta property=\"og:description\" content=\"Avulso Inicial &#8211; Autoria de Euclydes Pettersen C\u00c2MARA DOS DEPUTADOS Gabinete do Deputado Euclydes Pettersen \u2013 REPUBLICANOS\/MG PROJETO DE LEI N\u00ba , DE 2025 (Do Sr. EUCLYDES PETTERSEN) Altera a Lei n\u00ba 9.503, de 23 de setembro de 1997 (C\u00f3digo de Tr\u00e2nsito Brasileiro), para recrudescer as penas dos crimes de tr\u00e2nsito praticados sob a influ\u00eancia [&hellip;]\" \/>\n<meta property=\"og:url\" content=\"https:\/\/www.legislapp.com.br\/index.php\/avulso-inicial-pl-5254-2025-camara\/\" \/>\n<meta property=\"og:site_name\" content=\"Legislapp\" \/>\n<meta property=\"article:publisher\" content=\"https:\/\/www.instagram.com\/legislapp\/\" \/>\n<meta property=\"og:image\" content=\"https:\/\/www.legislapp.com.br\/wp-content\/uploads\/2021\/07\/Logo-Legislapp-1-03-1.png\" \/>\n<meta name=\"twitter:card\" content=\"summary_large_image\" \/>\n<meta name=\"twitter:label1\" content=\"Est. tempo de leitura\" \/>\n\t<meta name=\"twitter:data1\" content=\"4 minutos\" \/>\n<script type=\"application\/ld+json\" class=\"yoast-schema-graph\">{\"@context\":\"https:\/\/schema.org\",\"@graph\":[{\"@type\":\"WebPage\",\"@id\":\"https:\/\/www.legislapp.com.br\/index.php\/avulso-inicial-pl-5254-2025-camara\/\",\"url\":\"https:\/\/www.legislapp.com.br\/index.php\/avulso-inicial-pl-5254-2025-camara\/\",\"name\":\"Avulso Inicial - PL 5254\/2025 - C\u00e2mara - Legislapp\",\"isPartOf\":{\"@id\":\"https:\/\/www.legislapp.com.br\/#website\"},\"primaryImageOfPage\":{\"@id\":\"https:\/\/www.legislapp.com.br\/index.php\/avulso-inicial-pl-5254-2025-camara\/#primaryimage\"},\"image\":{\"@id\":\"https:\/\/www.legislapp.com.br\/index.php\/avulso-inicial-pl-5254-2025-camara\/#primaryimage\"},\"thumbnailUrl\":\"https:\/\/www.legislapp.com.br\/wp-content\/uploads\/2021\/07\/Logo-Legislapp-1-03-1.png\",\"datePublished\":\"2026-01-19T14:49:05+00:00\",\"breadcrumb\":{\"@id\":\"https:\/\/www.legislapp.com.br\/index.php\/avulso-inicial-pl-5254-2025-camara\/#breadcrumb\"},\"inLanguage\":\"pt-BR\",\"potentialAction\":[{\"@type\":\"ReadAction\",\"target\":[\"https:\/\/www.legislapp.com.br\/index.php\/avulso-inicial-pl-5254-2025-camara\/\"]}]},{\"@type\":\"ImageObject\",\"inLanguage\":\"pt-BR\",\"@id\":\"https:\/\/www.legislapp.com.br\/index.php\/avulso-inicial-pl-5254-2025-camara\/#primaryimage\",\"url\":\"https:\/\/www.legislapp.com.br\/wp-content\/uploads\/2021\/07\/Logo-Legislapp-1-03-1.png\",\"contentUrl\":\"https:\/\/www.legislapp.com.br\/wp-content\/uploads\/2021\/07\/Logo-Legislapp-1-03-1.png\",\"width\":2679,\"height\":2697},{\"@type\":\"BreadcrumbList\",\"@id\":\"https:\/\/www.legislapp.com.br\/index.php\/avulso-inicial-pl-5254-2025-camara\/#breadcrumb\",\"itemListElement\":[{\"@type\":\"ListItem\",\"position\":1,\"name\":\"In\u00edcio\",\"item\":\"https:\/\/www.legislapp.com.br\/\"},{\"@type\":\"ListItem\",\"position\":2,\"name\":\"Avulso Inicial &#8211; PL 5254\/2025 &#8211; C\u00e2mara\"}]},{\"@type\":\"WebSite\",\"@id\":\"https:\/\/www.legislapp.com.br\/#website\",\"url\":\"https:\/\/www.legislapp.com.br\/\",\"name\":\"Legislapp\",\"description\":\"Intelig\u00eancia governamental em tempo real\",\"publisher\":{\"@id\":\"https:\/\/www.legislapp.com.br\/#organization\"},\"potentialAction\":[{\"@type\":\"SearchAction\",\"target\":{\"@type\":\"EntryPoint\",\"urlTemplate\":\"https:\/\/www.legislapp.com.br\/?s={search_term_string}\"},\"query-input\":{\"@type\":\"PropertyValueSpecification\",\"valueRequired\":true,\"valueName\":\"search_term_string\"}}],\"inLanguage\":\"pt-BR\"},{\"@type\":\"Organization\",\"@id\":\"https:\/\/www.legislapp.com.br\/#organization\",\"name\":\"Legislapp Monitoramento e Intelig\u00eancia Governamental\",\"url\":\"https:\/\/www.legislapp.com.br\/\",\"logo\":{\"@type\":\"ImageObject\",\"inLanguage\":\"pt-BR\",\"@id\":\"https:\/\/www.legislapp.com.br\/#\/schema\/logo\/image\/\",\"url\":\"https:\/\/www.legislapp.com.br\/wp-content\/uploads\/icon.png\",\"contentUrl\":\"https:\/\/www.legislapp.com.br\/wp-content\/uploads\/icon.png\",\"width\":1024,\"height\":1024,\"caption\":\"Legislapp Monitoramento e Intelig\u00eancia Governamental\"},\"image\":{\"@id\":\"https:\/\/www.legislapp.com.br\/#\/schema\/logo\/image\/\"},\"sameAs\":[\"https:\/\/www.instagram.com\/legislapp\/\"]}]}<\/script>\n<!-- \/ Yoast SEO plugin. -->","yoast_head_json":{"title":"Avulso Inicial - PL 5254\/2025 - C\u00e2mara - Legislapp","robots":{"index":"index","follow":"follow","max-snippet":"max-snippet:-1","max-image-preview":"max-image-preview:large","max-video-preview":"max-video-preview:-1"},"canonical":"https:\/\/www.legislapp.com.br\/index.php\/avulso-inicial-pl-5254-2025-camara\/","og_locale":"pt_BR","og_type":"article","og_title":"Avulso Inicial - PL 5254\/2025 - C\u00e2mara - Legislapp","og_description":"Avulso Inicial &#8211; Autoria de Euclydes Pettersen C\u00c2MARA DOS DEPUTADOS Gabinete do Deputado Euclydes Pettersen \u2013 REPUBLICANOS\/MG PROJETO DE LEI N\u00ba , DE 2025 (Do Sr. EUCLYDES PETTERSEN) Altera a Lei n\u00ba 9.503, de 23 de setembro de 1997 (C\u00f3digo de Tr\u00e2nsito Brasileiro), para recrudescer as penas dos crimes de tr\u00e2nsito praticados sob a influ\u00eancia [&hellip;]","og_url":"https:\/\/www.legislapp.com.br\/index.php\/avulso-inicial-pl-5254-2025-camara\/","og_site_name":"Legislapp","article_publisher":"https:\/\/www.instagram.com\/legislapp\/","og_image":[{"url":"https:\/\/www.legislapp.com.br\/wp-content\/uploads\/2021\/07\/Logo-Legislapp-1-03-1.png","type":"","width":"","height":""}],"twitter_card":"summary_large_image","twitter_misc":{"Est. tempo de leitura":"4 minutos"},"schema":{"@context":"https:\/\/schema.org","@graph":[{"@type":"WebPage","@id":"https:\/\/www.legislapp.com.br\/index.php\/avulso-inicial-pl-5254-2025-camara\/","url":"https:\/\/www.legislapp.com.br\/index.php\/avulso-inicial-pl-5254-2025-camara\/","name":"Avulso Inicial - PL 5254\/2025 - C\u00e2mara - Legislapp","isPartOf":{"@id":"https:\/\/www.legislapp.com.br\/#website"},"primaryImageOfPage":{"@id":"https:\/\/www.legislapp.com.br\/index.php\/avulso-inicial-pl-5254-2025-camara\/#primaryimage"},"image":{"@id":"https:\/\/www.legislapp.com.br\/index.php\/avulso-inicial-pl-5254-2025-camara\/#primaryimage"},"thumbnailUrl":"https:\/\/www.legislapp.com.br\/wp-content\/uploads\/2021\/07\/Logo-Legislapp-1-03-1.png","datePublished":"2026-01-19T14:49:05+00:00","breadcrumb":{"@id":"https:\/\/www.legislapp.com.br\/index.php\/avulso-inicial-pl-5254-2025-camara\/#breadcrumb"},"inLanguage":"pt-BR","potentialAction":[{"@type":"ReadAction","target":["https:\/\/www.legislapp.com.br\/index.php\/avulso-inicial-pl-5254-2025-camara\/"]}]},{"@type":"ImageObject","inLanguage":"pt-BR","@id":"https:\/\/www.legislapp.com.br\/index.php\/avulso-inicial-pl-5254-2025-camara\/#primaryimage","url":"https:\/\/www.legislapp.com.br\/wp-content\/uploads\/2021\/07\/Logo-Legislapp-1-03-1.png","contentUrl":"https:\/\/www.legislapp.com.br\/wp-content\/uploads\/2021\/07\/Logo-Legislapp-1-03-1.png","width":2679,"height":2697},{"@type":"BreadcrumbList","@id":"https:\/\/www.legislapp.com.br\/index.php\/avulso-inicial-pl-5254-2025-camara\/#breadcrumb","itemListElement":[{"@type":"ListItem","position":1,"name":"In\u00edcio","item":"https:\/\/www.legislapp.com.br\/"},{"@type":"ListItem","position":2,"name":"Avulso Inicial &#8211; PL 5254\/2025 &#8211; C\u00e2mara"}]},{"@type":"WebSite","@id":"https:\/\/www.legislapp.com.br\/#website","url":"https:\/\/www.legislapp.com.br\/","name":"Legislapp","description":"Intelig\u00eancia governamental em tempo real","publisher":{"@id":"https:\/\/www.legislapp.com.br\/#organization"},"potentialAction":[{"@type":"SearchAction","target":{"@type":"EntryPoint","urlTemplate":"https:\/\/www.legislapp.com.br\/?s={search_term_string}"},"query-input":{"@type":"PropertyValueSpecification","valueRequired":true,"valueName":"search_term_string"}}],"inLanguage":"pt-BR"},{"@type":"Organization","@id":"https:\/\/www.legislapp.com.br\/#organization","name":"Legislapp Monitoramento e Intelig\u00eancia Governamental","url":"https:\/\/www.legislapp.com.br\/","logo":{"@type":"ImageObject","inLanguage":"pt-BR","@id":"https:\/\/www.legislapp.com.br\/#\/schema\/logo\/image\/","url":"https:\/\/www.legislapp.com.br\/wp-content\/uploads\/icon.png","contentUrl":"https:\/\/www.legislapp.com.br\/wp-content\/uploads\/icon.png","width":1024,"height":1024,"caption":"Legislapp Monitoramento e Intelig\u00eancia Governamental"},"image":{"@id":"https:\/\/www.legislapp.com.br\/#\/schema\/logo\/image\/"},"sameAs":["https:\/\/www.instagram.com\/legislapp\/"]}]}},"_links":{"self":[{"href":"https:\/\/www.legislapp.com.br\/index.php\/wp-json\/wp\/v2\/pages\/11317","targetHints":{"allow":["GET"]}}],"collection":[{"href":"https:\/\/www.legislapp.com.br\/index.php\/wp-json\/wp\/v2\/pages"}],"about":[{"href":"https:\/\/www.legislapp.com.br\/index.php\/wp-json\/wp\/v2\/types\/page"}],"author":[{"embeddable":true,"href":"https:\/\/www.legislapp.com.br\/index.php\/wp-json\/wp\/v2\/users\/1"}],"replies":[{"embeddable":true,"href":"https:\/\/www.legislapp.com.br\/index.php\/wp-json\/wp\/v2\/comments?post=11317"}],"version-history":[{"count":0,"href":"https:\/\/www.legislapp.com.br\/index.php\/wp-json\/wp\/v2\/pages\/11317\/revisions"}],"wp:attachment":[{"href":"https:\/\/www.legislapp.com.br\/index.php\/wp-json\/wp\/v2\/media?parent=11317"}],"curies":[{"name":"wp","href":"https:\/\/api.w.org\/{rel}","templated":true}]}}