{"id":11347,"date":"2026-01-19T11:50:12","date_gmt":"2026-01-19T14:50:12","guid":{"rendered":"https:\/\/www.legislapp.com.br\/index.php\/avulso-inicial-pl-4114-2025-camara\/"},"modified":"2026-01-19T11:50:12","modified_gmt":"2026-01-19T14:50:12","slug":"avulso-inicial-pl-4114-2025-camara","status":"publish","type":"page","link":"https:\/\/www.legislapp.com.br\/index.php\/avulso-inicial-pl-4114-2025-camara\/","title":{"rendered":"Avulso Inicial &#8211; PL 4114\/2025 &#8211; C\u00e2mara"},"content":{"rendered":"<h1 style='text-align: center;'>Avulso Inicial &#8211; Autoria de Antonio Carlos Rodrigues<\/h3>\n<p><\/p>\n<article>\n<p>C\u00c2MARA DOS DEPUTADOS <\/p>\n<p>PROJETO DE LEI N.\u00ba 4.114, DE 2025<br \/>\n(Do Sr. Antonio Carlos Rodrigues) <\/p>\n<p>Institui o Programa Federal de Subs\u00eddio ao Transporte P\u00fablico Coletivo<br \/>\nUrbano (Prourb)  <\/p>\n<p>DESPACHO:<br \/>\n\u00c0S COMISS\u00d5ES DE<br \/>\nVIA\u00c7\u00c3O E TRANSPORTES;<br \/>\nDESENVOLVIMENTO URBANO;<br \/>\nFINAN\u00c7AS E TRIBUTA\u00c7\u00c3O (M\u00c9RITO E ART. 54, RICD) E<br \/>\nCONSTITUI\u00c7\u00c3O E JUSTI\u00c7A E DE CIDADANIA (ART. 54 RICD) <\/p>\n<p>APRECIA\u00c7\u00c3O:<br \/>\nProposi\u00e7\u00e3o Sujeita \u00e0 Aprecia\u00e7\u00e3o Conclusiva pelas Comiss\u00f5es &#8211; Art. 24 II <\/p>\n<p>PUBLICA\u00c7\u00c3O INICIAL<br \/>\nArt. 137, caput &#8211; RICD <\/p>\n<p>Coordena\u00e7\u00e3o de Comiss\u00f5es Permanentes &#8211; DECOM &#8211; P_7308<br \/>\nCONFERE COM O ORIGINAL AUTENTICADO <br \/>2 <\/p>\n<p>PROJETO DE LEI N\u00ba          , DE 2025<br \/>\n(Do Sr. ANTONIO CARLOS RODRIGUES)<br \/>\nInstitui o Programa Federal de Subs\u00eddio ao<br \/>\nTransporte P\u00fablico Coletivo Urbano (Prourb) e<br \/>\nd\u00e1 outras provid\u00eancias.<br \/>\nO Congresso Nacional decreta:<br \/>\nArt. 1\u00ba Fica institu\u00eddo o Programa Federal de Subs\u00eddio ao Transporte<br \/>\nP\u00fablico Coletivo Urbano (Prourb), com os seguintes objetivos:<br \/>\nI \u2013 custear os subs\u00eddios concedidos pelos Munic\u00edpios aos sistemas<br \/>\nde transporte coletivo urbano;<br \/>\nII \u2013 garantir a modicidade tarif\u00e1ria e universaliza\u00e7\u00e3o do acesso ao<br \/>\ntransporte coletivo;<br \/>\nIII \u2013 promover o equil\u00edbrio econ\u00f4mico-financeiro dos contratos de<br \/>\npresta\u00e7\u00e3o do servi\u00e7o; e<br \/>\nIV \u2013 reduzir as desigualdades regionais no acesso \u00e0 mobilidade<br \/>\nurbana.<br \/>\nPar\u00e1grafo \u00fanico. Equipara-se aos Munic\u00edpios o Distrito Federal, no<br \/>\n\u00e2mbito de suas compet\u00eancias constitucionais relativas ao transporte p\u00fablico coletivo<br \/>\nurbano.<br \/>\nArt. 2\u00ba O Prourb dar-se-\u00e1 mediante assist\u00eancia financeira da Uni\u00e3o<br \/>\nno valor de R$ 15.000.000.000,00 (quinze bilh\u00f5es de reais) anuais aos Munic\u00edpios que<br \/>\ndisponham de servi\u00e7os de transporte p\u00fablico coletivo urbano regular em opera\u00e7\u00e3o.<br \/>\nPar\u00e1grafo \u00fanico. Os recursos necess\u00e1rios para a assist\u00eancia<br \/>\nfinanceira prevista no caput n\u00e3o ser\u00e3o considerados para contabiliza\u00e7\u00e3o dos limites<br \/>\nm\u00ednimos previstos nos arts. 198 e 212 da Constitui\u00e7\u00e3o Federal.<\/p>\n<p>Art. 3\u00ba O or\u00e7amento geral da Uni\u00e3o dever\u00e1 prever os recursos<br \/>\np\u00fablicos necess\u00e1rios para o financiamento do Prourb.<br \/>\nCoordena\u00e7\u00e3o de Comiss\u00f5es Permanentes &#8211; DECOM &#8211; P_7308<br \/>\nCONFERE COM O ORIGINAL AUTENTICADO<br \/>\nPL 4114\/2025<br \/>\nPara verificar a assinatura, acesse https:\/\/infoleg-autenticidade-assinatura.camara.leg.br\/CD253396049300<br \/>\n2<br \/>\nAssinado eletronicamente pelo(a) Dep. Antonio Carlos Rodrigues<br \/>\nApresenta\u00e7\u00e3o: 20\/08\/2025 09:08:11.517 &#8211; Mesa<br \/>\n*CD253396049300* PL n.4114\/2025<br \/>3<br \/>\nPar\u00e1grafo \u00fanico. As gratuidades e demais custeios do sistema de<br \/>\ntransporte p\u00fablico coletivo suportados pelos Munic\u00edpios integrar\u00e3o a contrapartida<br \/>\ndesses Entes ao Prourb.<br \/>\nArt. 4\u00ba Os recursos repassados pela Uni\u00e3o ser\u00e3o creditados em<br \/>\nconta espec\u00edfica e exclusiva do Munic\u00edpio benefici\u00e1rio, cuja movimenta\u00e7\u00e3o ser\u00e1 restrita<br \/>\n\u00e0s finalidades pr\u00f3prias do Prourb.<br \/>\nArt. 5\u00ba Os recursos do Prourb ser\u00e3o distribu\u00eddos proporcionalmente \u00e0<br \/>\npopula\u00e7\u00e3o urbana residente nos Munic\u00edpios que disp\u00f5em de servi\u00e7os de transporte<br \/>\np\u00fablico coletivo urbano em opera\u00e7\u00e3o.<br \/>\n\u00a7 1\u00ba Nos casos de sistemas metropolitanos integrados, o Munic\u00edpio<br \/>\nrespons\u00e1vel pela gest\u00e3o receber\u00e1 os recursos proporcionais ao somat\u00f3rio da<br \/>\npopula\u00e7\u00e3o dos Munic\u00edpios componentes.<br \/>\n\u00a7 2\u00ba A distribui\u00e7\u00e3o dos recursos utilizar\u00e1 a estimativa populacional<br \/>\nmais atualizada do Instituto Brasileiro de Geografia e Estat\u00edstica (IBGE).<br \/>\n\u00a7 3\u00ba Somente participar\u00e3o da divis\u00e3o dos recursos os Munic\u00edpios que<br \/>\ncomprovarem possuir sistema de transporte p\u00fablico coletivo urbano em opera\u00e7\u00e3o, na<br \/>\nforma do regulamento.<br \/>\nArt. 6\u00ba A Uni\u00e3o dar\u00e1 ampla publicidade aos montantes transferidos<br \/>\nno \u00e2mbito do Prourb, por meio de portal da transpar\u00eancia na Internet.<br \/>\nArt. 7\u00ba Os recursos recebidos pelos Munic\u00edpios dever\u00e3o ser aplicados<br \/>\nno custeio dos subs\u00eddios ao transporte coletivo em at\u00e9 30 (trinta) dias, contados da<br \/>\ndata de recebimento.<br \/>\n\u00a7 1\u00ba Os recursos t\u00eam car\u00e1ter vinculante ao custeio dos subs\u00eddios,<br \/>\nsendo vedada a utiliza\u00e7\u00e3o para outros fins.<br \/>\n\u00a7 2\u00ba Os subs\u00eddios dever\u00e3o ser considerados para fins de manuten\u00e7\u00e3o<br \/>\nda modicidade tarif\u00e1ria, melhoria da qualidade dos servi\u00e7os ou concess\u00e3o de tarifa<br \/>\nzero.<br \/>\nArt. 8\u00ba Para atendimento \u00e0s disposi\u00e7\u00f5es do Prourb, os Munic\u00edpios<\/p>\n<p>dever\u00e3o:<\/p>\n<p>I \u2013 manter sistema de controle da opera\u00e7\u00e3o do transporte coletivo<br \/>\nurbano;<br \/>\nCoordena\u00e7\u00e3o de Comiss\u00f5es Permanentes &#8211; DECOM &#8211; P_7308<br \/>\nCONFERE COM O ORIGINAL AUTENTICADO<br \/>\nPL 4114\/2025<br \/>\nPara verificar a assinatura, acesse https:\/\/infoleg-autenticidade-assinatura.camara.leg.br\/CD253396049300<br \/>\n3<br \/>\nAssinado eletronicamente pelo(a) Dep. Antonio Carlos Rodrigues<br \/>\nApresenta\u00e7\u00e3o: 20\/08\/2025 09:08:11.517 &#8211; Mesa<br \/>\n*CD253396049300* PL n.4114\/2025<br \/>4<br \/>\nII \u2013 garantir transpar\u00eancia na aplica\u00e7\u00e3o dos recursos;<br \/>\nIII \u2013 apresentar planilha de custos operacionais; e<br \/>\nIV \u2013 assegurar a presta\u00e7\u00e3o de servi\u00e7o adequado aos usu\u00e1rios.<br \/>\nArt. 9\u00ba Os Munic\u00edpios dever\u00e3o prestar contas da aplica\u00e7\u00e3o dos<br \/>\nrecursos recebidos da Uni\u00e3o, nos termos e prazos previstos em regulamento.<br \/>\nArt. 10. Esta Lei entra em vigor na data de sua publica\u00e7\u00e3o,<br \/>\nproduzindo efeitos a partir do exerc\u00edcio subsequente.<br \/>\nJUSTIFICA\u00c7\u00c3O<br \/>\nO transporte coletivo urbano no Brasil enfrenta grave crise financeira<br \/>\nque compromete a presta\u00e7\u00e3o de servi\u00e7os adequados \u00e0 popula\u00e7\u00e3o e onera<br \/>\ndesproporcionalmente os or\u00e7amentos municipais. A Constitui\u00e7\u00e3o Federal estabelece o<br \/>\ntransporte como direito social (art. 6\u00ba) e atribui \u00e0 Uni\u00e3o compet\u00eancia para instituir<br \/>\ndiretrizes para o desenvolvimento urbano, harmonizando-se com a compet\u00eancia<br \/>\nmunicipal para organizar os servi\u00e7os de transporte coletivo local.<br \/>\nNas \u00faltimas d\u00e9cadas, o setor de transporte p\u00fablico coletivo urbano<br \/>\ntem perdido passageiros para outros tipos de transporte, ou mesmo devido \u00e0<br \/>\nimpossibilidade de os usu\u00e1rios mais carentes arcarem com as tarifas. A redu\u00e7\u00e3o da<br \/>\ndemanda, por outro lado, eleva significativamente os custos por passageiro e torna<br \/>\ninsustent\u00e1vel a depend\u00eancia exclusiva da receita tarif\u00e1ria. Esta situa\u00e7\u00e3o resulta em<br \/>\ntarifas ainda mais elevadas que excluem a popula\u00e7\u00e3o de baixa renda, deteriora\u00e7\u00e3o da<br \/>\nqualidade dos servi\u00e7os, desequil\u00edbrio das concess\u00f5es e sobrecarga dos or\u00e7amentos<br \/>\nmunicipais, que buscam subsidiar os servi\u00e7os.<br \/>\nO programa proposto beneficiar\u00e1 diretamente milh\u00f5es de brasileiros<br \/>\nque dependem diariamente do transporte coletivo urbano, impactando positivamente o<br \/>\nacesso ao trabalho, educa\u00e7\u00e3o e sa\u00fade, al\u00e9m de contribuir para a redu\u00e7\u00e3o das<br \/>\ndesigualdades sociais e regionais. O fortalecimento do transporte coletivo tamb\u00e9m<br \/>\npromove benef\u00edcios ambientais significativos, por meio da redu\u00e7\u00e3o das emiss\u00f5es de <\/p>\n<p>gases de efeito estufa, diminui\u00e7\u00e3o da polui\u00e7\u00e3o urbana e uso mais eficiente do espa\u00e7o<br \/>\nnas cidades.<br \/>\nCoordena\u00e7\u00e3o de Comiss\u00f5es Permanentes &#8211; DECOM &#8211; P_7308<br \/>\nCONFERE COM O ORIGINAL AUTENTICADO<br \/>\nPL 4114\/2025<br \/>\nPara verificar a assinatura, acesse https:\/\/infoleg-autenticidade-assinatura.camara.leg.br\/CD253396049300<br \/>\n4<br \/>\nAssinado eletronicamente pelo(a) Dep. Antonio Carlos Rodrigues<br \/>\nApresenta\u00e7\u00e3o: 20\/08\/2025 09:08:11.517 &#8211; Mesa<br \/>\n*CD253396049300* PL n.4114\/2025<br \/>5<br \/>\nO investimento de R$ 15 bilh\u00f5es anuais representa<br \/>\naproximadamente 0,13% do PIB nacional, valor compat\u00edvel com a relev\u00e2ncia<br \/>\nestrat\u00e9gica do setor e amplamente superado pelos benef\u00edcios econ\u00f4micos indiretos<br \/>\nem produtividade, redu\u00e7\u00e3o de custos de sa\u00fade p\u00fablica e desenvolvimento urbano.<br \/>\nA proposta fortalece o pacto federativo ao reconhecer que a<br \/>\nmobilidade urbana transcende interesses locais, constituindo quest\u00e3o de relev\u00e2ncia<br \/>\nnacional que justifica o comprometimento de recursos federais. Assim, este projeto<br \/>\nrepresenta medida estruturante para garantir o direito ao transporte no Brasil,<br \/>\nconstituindo investimento estrat\u00e9gico no futuro das cidades brasileiras e na qualidade<br \/>\nde vida de milh\u00f5es de cidad\u00e3os.<br \/>\nDiante do exposto, espero contar com a sensibilidade social de meus<br \/>\nPares para a aprova\u00e7\u00e3o deste Projeto de Lei.<br \/>\nSala das Sess\u00f5es, em        de                     de 2025.<br \/>\nANTONIO CARLOS RODRIGUES<br \/>\nDeputado Federal \u2013 PL\/SP<\/p>\n<p>Coordena\u00e7\u00e3o de Comiss\u00f5es Permanentes &#8211; DECOM &#8211; P_7308<br \/>\nCONFERE COM O ORIGINAL AUTENTICADO<br \/>\nPL 4114\/2025<br \/>\nPara verificar a assinatura, acesse https:\/\/infoleg-autenticidade-assinatura.camara.leg.br\/CD253396049300<br \/>\n5<br \/>\nAssinado eletronicamente pelo(a) Dep. Antonio Carlos Rodrigues<br \/>\nApresenta\u00e7\u00e3o: 20\/08\/2025 09:08:11.517 &#8211; Mesa<br \/>\n*CD253396049300* PL n.4114\/2025<br \/>6<br \/>\nFIM DO DOCUMENTO<br \/>\nCoordena\u00e7\u00e3o de Comiss\u00f5es Permanentes &#8211; DECOM &#8211; P_7308<br \/>\nCONFERE COM O ORIGINAL AUTENTICADO<br \/>\nPL 4114\/2025 <\/article>\n<p><a href='https:\/\/app.legislapp.com.br\/#\/busca?termo=Cria\u00e7\u00e3o'>Cria\u00e7\u00e3o<\/a>, <a href='https:\/\/app.legislapp.com.br\/#\/busca?termo=Programa Federal de Subs\u00eddio ao Transporte P\u00fablico Coletivo Urbano (Prourb)'>Programa Federal de Subs\u00eddio ao Transporte P\u00fablico Coletivo Urbano (Prourb)<\/a>, <a href='https:\/\/app.legislapp.com.br\/#\/busca?termo=investimento'>investimento<\/a>, <a href='https:\/\/app.legislapp.com.br\/#\/busca?termo=subs\u00eddio'>subs\u00eddio<\/a>, <a href='https:\/\/app.legislapp.com.br\/#\/busca?termo=transporte coletivo'>transporte coletivo<\/a>, <a href='https:\/\/app.legislapp.com.br\/#\/busca?termo=mobilidade urbana'>mobilidade urbana<\/a>, <a href='https:\/\/app.legislapp.com.br\/#\/busca?termo=diretrizes.'>diretrizes.<\/a><\/p>\n<div style=\"text-align: center\">\n      <img decoding=\"async\" style=\"width: 14%;\" src=\"https:\/\/www.legislapp.com.br\/wp-content\/uploads\/2021\/07\/Logo-Legislapp-1-03-1.png\"><br \/>\n      <\/p>\n<div style=\"margin-bottom: 20px;\" class=\"et_pb_button_module_wrapper et_pb_button_5_tb_body_wrapper et_pb_button_alignment_center et_pb_module \">\n         <a class=\"et_pb_button et_pb_button_5_tb_body et_hover_enabled et_pb_bg_layout_dark\" style=\"width: 50%;background-color: black;\" href=\"https:\/\/app.legislapp.com.br\" target=\"_blank\" rel=\"noopener\">Visualizar completo na nossa plataforma (30 dias gr\u00e1tis)<\/a><\/p><\/div>\n<p>      <a href=\"https:\/\/play.google.com\/store\/apps\/details?id=br.com.legislapp\"><img decoding=\"async\" style=\"width: 15%; min-width: 130px;\" src=\"https:\/\/www.legislapp.com.br\/wp-content\/uploads\/google-play.png\"><\/a><br \/>\n      <a href=\"https:\/\/apps.apple.com\/us\/app\/legislapp\/id1568929859\"><img decoding=\"async\" style=\"width: 15%; min-width: 130px\" src=\"https:\/\/www.legislapp.com.br\/wp-content\/uploads\/apple-store.png\"><\/a>\n   <\/div>\n","protected":false},"excerpt":{"rendered":"<p>Avulso Inicial &#8211; Autoria de Antonio Carlos Rodrigues C\u00c2MARA DOS DEPUTADOS PROJETO DE LEI N.\u00ba 4.114, DE 2025 (Do Sr. Antonio Carlos Rodrigues) Institui o Programa Federal de Subs\u00eddio ao Transporte P\u00fablico Coletivo Urbano (Prourb) DESPACHO: \u00c0S COMISS\u00d5ES DE VIA\u00c7\u00c3O E TRANSPORTES; DESENVOLVIMENTO URBANO; FINAN\u00c7AS E TRIBUTA\u00c7\u00c3O (M\u00c9RITO E ART. 54, RICD) E CONSTITUI\u00c7\u00c3O E [&hellip;]<\/p>\n","protected":false},"author":1,"featured_media":0,"parent":0,"menu_order":0,"comment_status":"closed","ping_status":"closed","template":"page-template-blank.php","meta":{"_et_pb_use_builder":"","_et_pb_old_content":"","_et_gb_content_width":"1080","ngg_post_thumbnail":0,"footnotes":""},"class_list":["post-11347","page","type-page","status-publish","hentry"],"yoast_head":"<!-- This site is optimized with the Yoast SEO plugin v24.4 - https:\/\/yoast.com\/wordpress\/plugins\/seo\/ -->\n<title>Avulso Inicial - PL 4114\/2025 - C\u00e2mara - Legislapp<\/title>\n<meta name=\"robots\" content=\"index, follow, max-snippet:-1, max-image-preview:large, max-video-preview:-1\" \/>\n<link rel=\"canonical\" href=\"https:\/\/www.legislapp.com.br\/index.php\/avulso-inicial-pl-4114-2025-camara\/\" \/>\n<meta property=\"og:locale\" content=\"pt_BR\" \/>\n<meta property=\"og:type\" content=\"article\" \/>\n<meta property=\"og:title\" content=\"Avulso Inicial - PL 4114\/2025 - C\u00e2mara - Legislapp\" \/>\n<meta property=\"og:description\" content=\"Avulso Inicial &#8211; Autoria de Antonio Carlos Rodrigues C\u00c2MARA DOS DEPUTADOS PROJETO DE LEI N.\u00ba 4.114, DE 2025 (Do Sr. Antonio Carlos Rodrigues) Institui o Programa Federal de Subs\u00eddio ao Transporte P\u00fablico Coletivo Urbano (Prourb) DESPACHO: \u00c0S COMISS\u00d5ES DE VIA\u00c7\u00c3O E TRANSPORTES; DESENVOLVIMENTO URBANO; FINAN\u00c7AS E TRIBUTA\u00c7\u00c3O (M\u00c9RITO E ART. 54, RICD) E CONSTITUI\u00c7\u00c3O E [&hellip;]\" \/>\n<meta property=\"og:url\" content=\"https:\/\/www.legislapp.com.br\/index.php\/avulso-inicial-pl-4114-2025-camara\/\" \/>\n<meta property=\"og:site_name\" content=\"Legislapp\" \/>\n<meta property=\"article:publisher\" content=\"https:\/\/www.instagram.com\/legislapp\/\" \/>\n<meta property=\"og:image\" content=\"https:\/\/www.legislapp.com.br\/wp-content\/uploads\/2021\/07\/Logo-Legislapp-1-03-1.png\" \/>\n<meta name=\"twitter:card\" content=\"summary_large_image\" \/>\n<meta name=\"twitter:label1\" content=\"Est. tempo de leitura\" \/>\n\t<meta name=\"twitter:data1\" content=\"7 minutos\" \/>\n<script type=\"application\/ld+json\" class=\"yoast-schema-graph\">{\"@context\":\"https:\/\/schema.org\",\"@graph\":[{\"@type\":\"WebPage\",\"@id\":\"https:\/\/www.legislapp.com.br\/index.php\/avulso-inicial-pl-4114-2025-camara\/\",\"url\":\"https:\/\/www.legislapp.com.br\/index.php\/avulso-inicial-pl-4114-2025-camara\/\",\"name\":\"Avulso Inicial - PL 4114\/2025 - C\u00e2mara - Legislapp\",\"isPartOf\":{\"@id\":\"https:\/\/www.legislapp.com.br\/#website\"},\"primaryImageOfPage\":{\"@id\":\"https:\/\/www.legislapp.com.br\/index.php\/avulso-inicial-pl-4114-2025-camara\/#primaryimage\"},\"image\":{\"@id\":\"https:\/\/www.legislapp.com.br\/index.php\/avulso-inicial-pl-4114-2025-camara\/#primaryimage\"},\"thumbnailUrl\":\"https:\/\/www.legislapp.com.br\/wp-content\/uploads\/2021\/07\/Logo-Legislapp-1-03-1.png\",\"datePublished\":\"2026-01-19T14:50:12+00:00\",\"breadcrumb\":{\"@id\":\"https:\/\/www.legislapp.com.br\/index.php\/avulso-inicial-pl-4114-2025-camara\/#breadcrumb\"},\"inLanguage\":\"pt-BR\",\"potentialAction\":[{\"@type\":\"ReadAction\",\"target\":[\"https:\/\/www.legislapp.com.br\/index.php\/avulso-inicial-pl-4114-2025-camara\/\"]}]},{\"@type\":\"ImageObject\",\"inLanguage\":\"pt-BR\",\"@id\":\"https:\/\/www.legislapp.com.br\/index.php\/avulso-inicial-pl-4114-2025-camara\/#primaryimage\",\"url\":\"https:\/\/www.legislapp.com.br\/wp-content\/uploads\/2021\/07\/Logo-Legislapp-1-03-1.png\",\"contentUrl\":\"https:\/\/www.legislapp.com.br\/wp-content\/uploads\/2021\/07\/Logo-Legislapp-1-03-1.png\",\"width\":2679,\"height\":2697},{\"@type\":\"BreadcrumbList\",\"@id\":\"https:\/\/www.legislapp.com.br\/index.php\/avulso-inicial-pl-4114-2025-camara\/#breadcrumb\",\"itemListElement\":[{\"@type\":\"ListItem\",\"position\":1,\"name\":\"In\u00edcio\",\"item\":\"https:\/\/www.legislapp.com.br\/\"},{\"@type\":\"ListItem\",\"position\":2,\"name\":\"Avulso Inicial &#8211; PL 4114\/2025 &#8211; C\u00e2mara\"}]},{\"@type\":\"WebSite\",\"@id\":\"https:\/\/www.legislapp.com.br\/#website\",\"url\":\"https:\/\/www.legislapp.com.br\/\",\"name\":\"Legislapp\",\"description\":\"Intelig\u00eancia governamental em tempo real\",\"publisher\":{\"@id\":\"https:\/\/www.legislapp.com.br\/#organization\"},\"potentialAction\":[{\"@type\":\"SearchAction\",\"target\":{\"@type\":\"EntryPoint\",\"urlTemplate\":\"https:\/\/www.legislapp.com.br\/?s={search_term_string}\"},\"query-input\":{\"@type\":\"PropertyValueSpecification\",\"valueRequired\":true,\"valueName\":\"search_term_string\"}}],\"inLanguage\":\"pt-BR\"},{\"@type\":\"Organization\",\"@id\":\"https:\/\/www.legislapp.com.br\/#organization\",\"name\":\"Legislapp Monitoramento e Intelig\u00eancia Governamental\",\"url\":\"https:\/\/www.legislapp.com.br\/\",\"logo\":{\"@type\":\"ImageObject\",\"inLanguage\":\"pt-BR\",\"@id\":\"https:\/\/www.legislapp.com.br\/#\/schema\/logo\/image\/\",\"url\":\"https:\/\/www.legislapp.com.br\/wp-content\/uploads\/icon.png\",\"contentUrl\":\"https:\/\/www.legislapp.com.br\/wp-content\/uploads\/icon.png\",\"width\":1024,\"height\":1024,\"caption\":\"Legislapp Monitoramento e Intelig\u00eancia Governamental\"},\"image\":{\"@id\":\"https:\/\/www.legislapp.com.br\/#\/schema\/logo\/image\/\"},\"sameAs\":[\"https:\/\/www.instagram.com\/legislapp\/\"]}]}<\/script>\n<!-- \/ Yoast SEO plugin. -->","yoast_head_json":{"title":"Avulso Inicial - PL 4114\/2025 - C\u00e2mara - Legislapp","robots":{"index":"index","follow":"follow","max-snippet":"max-snippet:-1","max-image-preview":"max-image-preview:large","max-video-preview":"max-video-preview:-1"},"canonical":"https:\/\/www.legislapp.com.br\/index.php\/avulso-inicial-pl-4114-2025-camara\/","og_locale":"pt_BR","og_type":"article","og_title":"Avulso Inicial - PL 4114\/2025 - C\u00e2mara - Legislapp","og_description":"Avulso Inicial &#8211; Autoria de Antonio Carlos Rodrigues C\u00c2MARA DOS DEPUTADOS PROJETO DE LEI N.\u00ba 4.114, DE 2025 (Do Sr. Antonio Carlos Rodrigues) Institui o Programa Federal de Subs\u00eddio ao Transporte P\u00fablico Coletivo Urbano (Prourb) DESPACHO: \u00c0S COMISS\u00d5ES DE VIA\u00c7\u00c3O E TRANSPORTES; DESENVOLVIMENTO URBANO; FINAN\u00c7AS E TRIBUTA\u00c7\u00c3O (M\u00c9RITO E ART. 54, RICD) E CONSTITUI\u00c7\u00c3O E [&hellip;]","og_url":"https:\/\/www.legislapp.com.br\/index.php\/avulso-inicial-pl-4114-2025-camara\/","og_site_name":"Legislapp","article_publisher":"https:\/\/www.instagram.com\/legislapp\/","og_image":[{"url":"https:\/\/www.legislapp.com.br\/wp-content\/uploads\/2021\/07\/Logo-Legislapp-1-03-1.png","type":"","width":"","height":""}],"twitter_card":"summary_large_image","twitter_misc":{"Est. tempo de leitura":"7 minutos"},"schema":{"@context":"https:\/\/schema.org","@graph":[{"@type":"WebPage","@id":"https:\/\/www.legislapp.com.br\/index.php\/avulso-inicial-pl-4114-2025-camara\/","url":"https:\/\/www.legislapp.com.br\/index.php\/avulso-inicial-pl-4114-2025-camara\/","name":"Avulso Inicial - PL 4114\/2025 - C\u00e2mara - Legislapp","isPartOf":{"@id":"https:\/\/www.legislapp.com.br\/#website"},"primaryImageOfPage":{"@id":"https:\/\/www.legislapp.com.br\/index.php\/avulso-inicial-pl-4114-2025-camara\/#primaryimage"},"image":{"@id":"https:\/\/www.legislapp.com.br\/index.php\/avulso-inicial-pl-4114-2025-camara\/#primaryimage"},"thumbnailUrl":"https:\/\/www.legislapp.com.br\/wp-content\/uploads\/2021\/07\/Logo-Legislapp-1-03-1.png","datePublished":"2026-01-19T14:50:12+00:00","breadcrumb":{"@id":"https:\/\/www.legislapp.com.br\/index.php\/avulso-inicial-pl-4114-2025-camara\/#breadcrumb"},"inLanguage":"pt-BR","potentialAction":[{"@type":"ReadAction","target":["https:\/\/www.legislapp.com.br\/index.php\/avulso-inicial-pl-4114-2025-camara\/"]}]},{"@type":"ImageObject","inLanguage":"pt-BR","@id":"https:\/\/www.legislapp.com.br\/index.php\/avulso-inicial-pl-4114-2025-camara\/#primaryimage","url":"https:\/\/www.legislapp.com.br\/wp-content\/uploads\/2021\/07\/Logo-Legislapp-1-03-1.png","contentUrl":"https:\/\/www.legislapp.com.br\/wp-content\/uploads\/2021\/07\/Logo-Legislapp-1-03-1.png","width":2679,"height":2697},{"@type":"BreadcrumbList","@id":"https:\/\/www.legislapp.com.br\/index.php\/avulso-inicial-pl-4114-2025-camara\/#breadcrumb","itemListElement":[{"@type":"ListItem","position":1,"name":"In\u00edcio","item":"https:\/\/www.legislapp.com.br\/"},{"@type":"ListItem","position":2,"name":"Avulso Inicial &#8211; PL 4114\/2025 &#8211; C\u00e2mara"}]},{"@type":"WebSite","@id":"https:\/\/www.legislapp.com.br\/#website","url":"https:\/\/www.legislapp.com.br\/","name":"Legislapp","description":"Intelig\u00eancia governamental em tempo real","publisher":{"@id":"https:\/\/www.legislapp.com.br\/#organization"},"potentialAction":[{"@type":"SearchAction","target":{"@type":"EntryPoint","urlTemplate":"https:\/\/www.legislapp.com.br\/?s={search_term_string}"},"query-input":{"@type":"PropertyValueSpecification","valueRequired":true,"valueName":"search_term_string"}}],"inLanguage":"pt-BR"},{"@type":"Organization","@id":"https:\/\/www.legislapp.com.br\/#organization","name":"Legislapp Monitoramento e Intelig\u00eancia Governamental","url":"https:\/\/www.legislapp.com.br\/","logo":{"@type":"ImageObject","inLanguage":"pt-BR","@id":"https:\/\/www.legislapp.com.br\/#\/schema\/logo\/image\/","url":"https:\/\/www.legislapp.com.br\/wp-content\/uploads\/icon.png","contentUrl":"https:\/\/www.legislapp.com.br\/wp-content\/uploads\/icon.png","width":1024,"height":1024,"caption":"Legislapp Monitoramento e Intelig\u00eancia Governamental"},"image":{"@id":"https:\/\/www.legislapp.com.br\/#\/schema\/logo\/image\/"},"sameAs":["https:\/\/www.instagram.com\/legislapp\/"]}]}},"_links":{"self":[{"href":"https:\/\/www.legislapp.com.br\/index.php\/wp-json\/wp\/v2\/pages\/11347","targetHints":{"allow":["GET"]}}],"collection":[{"href":"https:\/\/www.legislapp.com.br\/index.php\/wp-json\/wp\/v2\/pages"}],"about":[{"href":"https:\/\/www.legislapp.com.br\/index.php\/wp-json\/wp\/v2\/types\/page"}],"author":[{"embeddable":true,"href":"https:\/\/www.legislapp.com.br\/index.php\/wp-json\/wp\/v2\/users\/1"}],"replies":[{"embeddable":true,"href":"https:\/\/www.legislapp.com.br\/index.php\/wp-json\/wp\/v2\/comments?post=11347"}],"version-history":[{"count":0,"href":"https:\/\/www.legislapp.com.br\/index.php\/wp-json\/wp\/v2\/pages\/11347\/revisions"}],"wp:attachment":[{"href":"https:\/\/www.legislapp.com.br\/index.php\/wp-json\/wp\/v2\/media?parent=11347"}],"curies":[{"name":"wp","href":"https:\/\/api.w.org\/{rel}","templated":true}]}}