{"id":11424,"date":"2026-01-28T15:55:06","date_gmt":"2026-01-28T18:55:06","guid":{"rendered":"https:\/\/www.legislapp.com.br\/index.php\/trabalhadores-sindicais-e-gestantes-demitidos-por-justa-causa-devem-ter-mais-protecao-27-01-2026\/"},"modified":"2026-01-28T15:55:06","modified_gmt":"2026-01-28T18:55:06","slug":"trabalhadores-sindicais-e-gestantes-demitidos-por-justa-causa-devem-ter-mais-protecao-27-01-2026","status":"publish","type":"page","link":"https:\/\/www.legislapp.com.br\/index.php\/trabalhadores-sindicais-e-gestantes-demitidos-por-justa-causa-devem-ter-mais-protecao-27-01-2026\/","title":{"rendered":"Trabalhadores sindicais e gestantes demitidos por justa causa devem ter mais prote\u00e7\u00e3o &#8211; 27\/01\/2026 &#8211; Youtube C\u00e2mara dos deputados"},"content":{"rendered":"<article><img src='https:\/\/i.ytimg.com\/vi\/alSqg4rmnro\/maxresdefault.jpg' style='width: 100%' \/><br \/>Trabalhadores sindicalizados e gestantes demitidos por justa causa devem ter mais prote\u00e7\u00e3o. Um projeto de lei prev\u00ea mudan\u00e7as na Consolida\u00e7\u00e3o das Leis do Trabalho (CLT) para que esse desligamento do emprego s\u00f3 ocorra ap\u00f3s decis\u00e3o da Justi\u00e7a do Trabalh\u2026<br \/><a href='https:\/\/www.youtube.com\/watch?v=alSqg4rmnro' target='_blank'>https:\/\/www.youtube.com\/watch?v=alSqg4rmnro<\/a><\/article>\n<p><\/p>\n<div style=\"text-align: center\">\n      <img decoding=\"async\" style=\"width: 14%;\" src=\"https:\/\/www.legislapp.com.br\/wp-content\/uploads\/2021\/07\/Logo-Legislapp-1-03-1.png\"><br \/>\n      <\/p>\n<div style=\"margin-bottom: 20px;\" class=\"et_pb_button_module_wrapper et_pb_button_5_tb_body_wrapper et_pb_button_alignment_center et_pb_module \">\n         <a class=\"et_pb_button et_pb_button_5_tb_body et_hover_enabled et_pb_bg_layout_dark\" style=\"width: 50%;background-color: black;\" href=\"https:\/\/app.legislapp.com.br\" target=\"_blank\" rel=\"noopener\">Visualizar completo na nossa plataforma (30 dias gr\u00e1tis)<\/a><\/p><\/div>\n<p>      <a href=\"https:\/\/play.google.com\/store\/apps\/details?id=br.com.legislapp\"><img decoding=\"async\" style=\"width: 15%; min-width: 130px;\" src=\"https:\/\/www.legislapp.com.br\/wp-content\/uploads\/google-play.png\"><\/a><br \/>\n      <a href=\"https:\/\/apps.apple.com\/us\/app\/legislapp\/id1568929859\"><img decoding=\"async\" style=\"width: 15%; min-width: 130px\" src=\"https:\/\/www.legislapp.com.br\/wp-content\/uploads\/apple-store.png\"><\/a>\n   <\/div>\n","protected":false},"excerpt":{"rendered":"<p>Trabalhadores sindicalizados e gestantes demitidos por justa causa devem ter mais prote\u00e7\u00e3o. Um projeto de lei prev\u00ea mudan\u00e7as na Consolida\u00e7\u00e3o das Leis do Trabalho (CLT) para que esse desligamento do emprego s\u00f3 ocorra ap\u00f3s decis\u00e3o da Justi\u00e7a do Trabalh\u2026https:\/\/www.youtube.com\/watch?v=alSqg4rmnro Visualizar completo na nossa plataforma (30 dias gr\u00e1tis)<\/p>\n","protected":false},"author":1,"featured_media":0,"parent":0,"menu_order":0,"comment_status":"closed","ping_status":"closed","template":"page-template-blank.php","meta":{"_et_pb_use_builder":"","_et_pb_old_content":"","_et_gb_content_width":"1080","ngg_post_thumbnail":0,"footnotes":""},"class_list":["post-11424","page","type-page","status-publish","hentry"],"yoast_head":"<!-- This site is optimized with the Yoast SEO plugin v24.4 - https:\/\/yoast.com\/wordpress\/plugins\/seo\/ -->\n<title>Trabalhadores sindicais e gestantes demitidos por justa causa devem ter mais prote\u00e7\u00e3o - 27\/01\/2026 - Youtube C\u00e2mara dos deputados - Legislapp<\/title>\n<meta name=\"robots\" content=\"index, follow, max-snippet:-1, max-image-preview:large, max-video-preview:-1\" \/>\n<link rel=\"canonical\" href=\"https:\/\/www.legislapp.com.br\/index.php\/trabalhadores-sindicais-e-gestantes-demitidos-por-justa-causa-devem-ter-mais-protecao-27-01-2026\/\" \/>\n<meta property=\"og:locale\" content=\"pt_BR\" \/>\n<meta property=\"og:type\" content=\"article\" \/>\n<meta property=\"og:title\" content=\"Trabalhadores sindicais e gestantes demitidos por justa causa devem ter mais prote\u00e7\u00e3o - 27\/01\/2026 - Youtube C\u00e2mara dos deputados - Legislapp\" \/>\n<meta property=\"og:description\" content=\"Trabalhadores sindicalizados e gestantes demitidos por justa causa devem ter mais prote\u00e7\u00e3o. Um projeto de lei prev\u00ea mudan\u00e7as na Consolida\u00e7\u00e3o das Leis do Trabalho (CLT) para que esse desligamento do emprego s\u00f3 ocorra ap\u00f3s decis\u00e3o da Justi\u00e7a do Trabalh\u2026https:\/\/www.youtube.com\/watch?v=alSqg4rmnro Visualizar completo na nossa plataforma (30 dias gr\u00e1tis)\" \/>\n<meta property=\"og:url\" content=\"https:\/\/www.legislapp.com.br\/index.php\/trabalhadores-sindicais-e-gestantes-demitidos-por-justa-causa-devem-ter-mais-protecao-27-01-2026\/\" \/>\n<meta property=\"og:site_name\" content=\"Legislapp\" \/>\n<meta property=\"article:publisher\" content=\"https:\/\/www.instagram.com\/legislapp\/\" \/>\n<meta property=\"og:image\" content=\"https:\/\/i.ytimg.com\/vi\/alSqg4rmnro\/maxresdefault.jpg\" \/>\n<meta name=\"twitter:card\" content=\"summary_large_image\" \/>\n<script type=\"application\/ld+json\" class=\"yoast-schema-graph\">{\"@context\":\"https:\/\/schema.org\",\"@graph\":[{\"@type\":\"WebPage\",\"@id\":\"https:\/\/www.legislapp.com.br\/index.php\/trabalhadores-sindicais-e-gestantes-demitidos-por-justa-causa-devem-ter-mais-protecao-27-01-2026\/\",\"url\":\"https:\/\/www.legislapp.com.br\/index.php\/trabalhadores-sindicais-e-gestantes-demitidos-por-justa-causa-devem-ter-mais-protecao-27-01-2026\/\",\"name\":\"Trabalhadores sindicais e gestantes demitidos por justa causa devem ter mais prote\u00e7\u00e3o - 27\/01\/2026 - Youtube C\u00e2mara dos deputados - Legislapp\",\"isPartOf\":{\"@id\":\"https:\/\/www.legislapp.com.br\/#website\"},\"primaryImageOfPage\":{\"@id\":\"https:\/\/www.legislapp.com.br\/index.php\/trabalhadores-sindicais-e-gestantes-demitidos-por-justa-causa-devem-ter-mais-protecao-27-01-2026\/#primaryimage\"},\"image\":{\"@id\":\"https:\/\/www.legislapp.com.br\/index.php\/trabalhadores-sindicais-e-gestantes-demitidos-por-justa-causa-devem-ter-mais-protecao-27-01-2026\/#primaryimage\"},\"thumbnailUrl\":\"https:\/\/i.ytimg.com\/vi\/alSqg4rmnro\/maxresdefault.jpg\",\"datePublished\":\"2026-01-28T18:55:06+00:00\",\"breadcrumb\":{\"@id\":\"https:\/\/www.legislapp.com.br\/index.php\/trabalhadores-sindicais-e-gestantes-demitidos-por-justa-causa-devem-ter-mais-protecao-27-01-2026\/#breadcrumb\"},\"inLanguage\":\"pt-BR\",\"potentialAction\":[{\"@type\":\"ReadAction\",\"target\":[\"https:\/\/www.legislapp.com.br\/index.php\/trabalhadores-sindicais-e-gestantes-demitidos-por-justa-causa-devem-ter-mais-protecao-27-01-2026\/\"]}]},{\"@type\":\"ImageObject\",\"inLanguage\":\"pt-BR\",\"@id\":\"https:\/\/www.legislapp.com.br\/index.php\/trabalhadores-sindicais-e-gestantes-demitidos-por-justa-causa-devem-ter-mais-protecao-27-01-2026\/#primaryimage\",\"url\":\"https:\/\/i.ytimg.com\/vi\/alSqg4rmnro\/maxresdefault.jpg\",\"contentUrl\":\"https:\/\/i.ytimg.com\/vi\/alSqg4rmnro\/maxresdefault.jpg\"},{\"@type\":\"BreadcrumbList\",\"@id\":\"https:\/\/www.legislapp.com.br\/index.php\/trabalhadores-sindicais-e-gestantes-demitidos-por-justa-causa-devem-ter-mais-protecao-27-01-2026\/#breadcrumb\",\"itemListElement\":[{\"@type\":\"ListItem\",\"position\":1,\"name\":\"In\u00edcio\",\"item\":\"https:\/\/www.legislapp.com.br\/\"},{\"@type\":\"ListItem\",\"position\":2,\"name\":\"Trabalhadores sindicais e gestantes demitidos por justa causa devem ter mais prote\u00e7\u00e3o &#8211; 27\/01\/2026 &#8211; Youtube C\u00e2mara dos deputados\"}]},{\"@type\":\"WebSite\",\"@id\":\"https:\/\/www.legislapp.com.br\/#website\",\"url\":\"https:\/\/www.legislapp.com.br\/\",\"name\":\"Legislapp\",\"description\":\"Intelig\u00eancia governamental em tempo real\",\"publisher\":{\"@id\":\"https:\/\/www.legislapp.com.br\/#organization\"},\"potentialAction\":[{\"@type\":\"SearchAction\",\"target\":{\"@type\":\"EntryPoint\",\"urlTemplate\":\"https:\/\/www.legislapp.com.br\/?s={search_term_string}\"},\"query-input\":{\"@type\":\"PropertyValueSpecification\",\"valueRequired\":true,\"valueName\":\"search_term_string\"}}],\"inLanguage\":\"pt-BR\"},{\"@type\":\"Organization\",\"@id\":\"https:\/\/www.legislapp.com.br\/#organization\",\"name\":\"Legislapp Monitoramento e Intelig\u00eancia Governamental\",\"url\":\"https:\/\/www.legislapp.com.br\/\",\"logo\":{\"@type\":\"ImageObject\",\"inLanguage\":\"pt-BR\",\"@id\":\"https:\/\/www.legislapp.com.br\/#\/schema\/logo\/image\/\",\"url\":\"https:\/\/www.legislapp.com.br\/wp-content\/uploads\/icon.png\",\"contentUrl\":\"https:\/\/www.legislapp.com.br\/wp-content\/uploads\/icon.png\",\"width\":1024,\"height\":1024,\"caption\":\"Legislapp Monitoramento e Intelig\u00eancia Governamental\"},\"image\":{\"@id\":\"https:\/\/www.legislapp.com.br\/#\/schema\/logo\/image\/\"},\"sameAs\":[\"https:\/\/www.instagram.com\/legislapp\/\"]}]}<\/script>\n<!-- \/ Yoast SEO plugin. -->","yoast_head_json":{"title":"Trabalhadores sindicais e gestantes demitidos por justa causa devem ter mais prote\u00e7\u00e3o - 27\/01\/2026 - Youtube C\u00e2mara dos deputados - Legislapp","robots":{"index":"index","follow":"follow","max-snippet":"max-snippet:-1","max-image-preview":"max-image-preview:large","max-video-preview":"max-video-preview:-1"},"canonical":"https:\/\/www.legislapp.com.br\/index.php\/trabalhadores-sindicais-e-gestantes-demitidos-por-justa-causa-devem-ter-mais-protecao-27-01-2026\/","og_locale":"pt_BR","og_type":"article","og_title":"Trabalhadores sindicais e gestantes demitidos por justa causa devem ter mais prote\u00e7\u00e3o - 27\/01\/2026 - Youtube C\u00e2mara dos deputados - Legislapp","og_description":"Trabalhadores sindicalizados e gestantes demitidos por justa causa devem ter mais prote\u00e7\u00e3o. Um projeto de lei prev\u00ea mudan\u00e7as na Consolida\u00e7\u00e3o das Leis do Trabalho (CLT) para que esse desligamento do emprego s\u00f3 ocorra ap\u00f3s decis\u00e3o da Justi\u00e7a do Trabalh\u2026https:\/\/www.youtube.com\/watch?v=alSqg4rmnro Visualizar completo na nossa plataforma (30 dias gr\u00e1tis)","og_url":"https:\/\/www.legislapp.com.br\/index.php\/trabalhadores-sindicais-e-gestantes-demitidos-por-justa-causa-devem-ter-mais-protecao-27-01-2026\/","og_site_name":"Legislapp","article_publisher":"https:\/\/www.instagram.com\/legislapp\/","og_image":[{"url":"https:\/\/i.ytimg.com\/vi\/alSqg4rmnro\/maxresdefault.jpg","type":"","width":"","height":""}],"twitter_card":"summary_large_image","schema":{"@context":"https:\/\/schema.org","@graph":[{"@type":"WebPage","@id":"https:\/\/www.legislapp.com.br\/index.php\/trabalhadores-sindicais-e-gestantes-demitidos-por-justa-causa-devem-ter-mais-protecao-27-01-2026\/","url":"https:\/\/www.legislapp.com.br\/index.php\/trabalhadores-sindicais-e-gestantes-demitidos-por-justa-causa-devem-ter-mais-protecao-27-01-2026\/","name":"Trabalhadores sindicais e gestantes demitidos por justa causa devem ter mais prote\u00e7\u00e3o - 27\/01\/2026 - Youtube C\u00e2mara dos deputados - Legislapp","isPartOf":{"@id":"https:\/\/www.legislapp.com.br\/#website"},"primaryImageOfPage":{"@id":"https:\/\/www.legislapp.com.br\/index.php\/trabalhadores-sindicais-e-gestantes-demitidos-por-justa-causa-devem-ter-mais-protecao-27-01-2026\/#primaryimage"},"image":{"@id":"https:\/\/www.legislapp.com.br\/index.php\/trabalhadores-sindicais-e-gestantes-demitidos-por-justa-causa-devem-ter-mais-protecao-27-01-2026\/#primaryimage"},"thumbnailUrl":"https:\/\/i.ytimg.com\/vi\/alSqg4rmnro\/maxresdefault.jpg","datePublished":"2026-01-28T18:55:06+00:00","breadcrumb":{"@id":"https:\/\/www.legislapp.com.br\/index.php\/trabalhadores-sindicais-e-gestantes-demitidos-por-justa-causa-devem-ter-mais-protecao-27-01-2026\/#breadcrumb"},"inLanguage":"pt-BR","potentialAction":[{"@type":"ReadAction","target":["https:\/\/www.legislapp.com.br\/index.php\/trabalhadores-sindicais-e-gestantes-demitidos-por-justa-causa-devem-ter-mais-protecao-27-01-2026\/"]}]},{"@type":"ImageObject","inLanguage":"pt-BR","@id":"https:\/\/www.legislapp.com.br\/index.php\/trabalhadores-sindicais-e-gestantes-demitidos-por-justa-causa-devem-ter-mais-protecao-27-01-2026\/#primaryimage","url":"https:\/\/i.ytimg.com\/vi\/alSqg4rmnro\/maxresdefault.jpg","contentUrl":"https:\/\/i.ytimg.com\/vi\/alSqg4rmnro\/maxresdefault.jpg"},{"@type":"BreadcrumbList","@id":"https:\/\/www.legislapp.com.br\/index.php\/trabalhadores-sindicais-e-gestantes-demitidos-por-justa-causa-devem-ter-mais-protecao-27-01-2026\/#breadcrumb","itemListElement":[{"@type":"ListItem","position":1,"name":"In\u00edcio","item":"https:\/\/www.legislapp.com.br\/"},{"@type":"ListItem","position":2,"name":"Trabalhadores sindicais e gestantes demitidos por justa causa devem ter mais prote\u00e7\u00e3o &#8211; 27\/01\/2026 &#8211; Youtube C\u00e2mara dos deputados"}]},{"@type":"WebSite","@id":"https:\/\/www.legislapp.com.br\/#website","url":"https:\/\/www.legislapp.com.br\/","name":"Legislapp","description":"Intelig\u00eancia governamental em tempo real","publisher":{"@id":"https:\/\/www.legislapp.com.br\/#organization"},"potentialAction":[{"@type":"SearchAction","target":{"@type":"EntryPoint","urlTemplate":"https:\/\/www.legislapp.com.br\/?s={search_term_string}"},"query-input":{"@type":"PropertyValueSpecification","valueRequired":true,"valueName":"search_term_string"}}],"inLanguage":"pt-BR"},{"@type":"Organization","@id":"https:\/\/www.legislapp.com.br\/#organization","name":"Legislapp Monitoramento e Intelig\u00eancia Governamental","url":"https:\/\/www.legislapp.com.br\/","logo":{"@type":"ImageObject","inLanguage":"pt-BR","@id":"https:\/\/www.legislapp.com.br\/#\/schema\/logo\/image\/","url":"https:\/\/www.legislapp.com.br\/wp-content\/uploads\/icon.png","contentUrl":"https:\/\/www.legislapp.com.br\/wp-content\/uploads\/icon.png","width":1024,"height":1024,"caption":"Legislapp Monitoramento e Intelig\u00eancia Governamental"},"image":{"@id":"https:\/\/www.legislapp.com.br\/#\/schema\/logo\/image\/"},"sameAs":["https:\/\/www.instagram.com\/legislapp\/"]}]}},"_links":{"self":[{"href":"https:\/\/www.legislapp.com.br\/index.php\/wp-json\/wp\/v2\/pages\/11424","targetHints":{"allow":["GET"]}}],"collection":[{"href":"https:\/\/www.legislapp.com.br\/index.php\/wp-json\/wp\/v2\/pages"}],"about":[{"href":"https:\/\/www.legislapp.com.br\/index.php\/wp-json\/wp\/v2\/types\/page"}],"author":[{"embeddable":true,"href":"https:\/\/www.legislapp.com.br\/index.php\/wp-json\/wp\/v2\/users\/1"}],"replies":[{"embeddable":true,"href":"https:\/\/www.legislapp.com.br\/index.php\/wp-json\/wp\/v2\/comments?post=11424"}],"version-history":[{"count":0,"href":"https:\/\/www.legislapp.com.br\/index.php\/wp-json\/wp\/v2\/pages\/11424\/revisions"}],"wp:attachment":[{"href":"https:\/\/www.legislapp.com.br\/index.php\/wp-json\/wp\/v2\/media?parent=11424"}],"curies":[{"name":"wp","href":"https:\/\/api.w.org\/{rel}","templated":true}]}}