{"id":1155,"date":"2023-06-08T07:13:39","date_gmt":"2023-06-08T10:13:39","guid":{"rendered":"https:\/\/www.legislapp.com.br\/index.php\/pl-1371-2007\/"},"modified":"2023-06-08T07:13:39","modified_gmt":"2023-06-08T10:13:39","slug":"pl-1371-2007","status":"publish","type":"page","link":"https:\/\/www.legislapp.com.br\/index.php\/pl-1371-2007\/","title":{"rendered":"PL 1371\/2007"},"content":{"rendered":"<h1 style='text-align: center;'>C\u00e2mara &#8211; Autoria de ALICE MAZZUCO PORTUGAL<br \/><img src='https:\/\/www.camara.leg.br\/internet\/deputado\/bandep\/74057.jpg' alt='ALICE MAZZUCO PORTUGAL' \/><\/h3>\n<p><\/p>\n<article>&#8220;Acrescenta par\u00e1grafo \u00fanico ao art. 2\u00ba da Lei n\u00ba 9.696, de 1\u00ba de setembro de 1998&#8221;.<\/article>\n<p><a href='https:\/\/app.legislapp.com.br\/#\/busca?termo=Altera\u00e7\u00e3o'>Altera\u00e7\u00e3o<\/a>, <a href='https:\/\/app.legislapp.com.br\/#\/busca?termo=lei federal'>lei federal<\/a>, <a href='https:\/\/app.legislapp.com.br\/#\/busca?termo=regulamenta\u00e7\u00e3o'>regulamenta\u00e7\u00e3o<\/a>, <a href='https:\/\/app.legislapp.com.br\/#\/busca?termo=exerc\u00edcio profissional'>exerc\u00edcio profissional<\/a>, <a href='https:\/\/app.legislapp.com.br\/#\/busca?termo=profiss\u00e3o'>profiss\u00e3o<\/a>, <a href='https:\/\/app.legislapp.com.br\/#\/busca?termo=Educa\u00e7\u00e3o F\u00edsica'>Educa\u00e7\u00e3o F\u00edsica<\/a>, <a href='https:\/\/app.legislapp.com.br\/#\/busca?termo=exclus\u00e3o'>exclus\u00e3o<\/a>, <a href='https:\/\/app.legislapp.com.br\/#\/busca?termo=sujei\u00e7\u00e3o'>sujei\u00e7\u00e3o<\/a>, <a href='https:\/\/app.legislapp.com.br\/#\/busca?termo=fiscaliza\u00e7\u00e3o'>fiscaliza\u00e7\u00e3o<\/a>, <a href='https:\/\/app.legislapp.com.br\/#\/busca?termo=Conselho Regional'>Conselho Regional<\/a>, <a href='https:\/\/app.legislapp.com.br\/#\/busca?termo=categoria profissional'>categoria profissional<\/a>, <a href='https:\/\/app.legislapp.com.br\/#\/busca?termo=professor'>professor<\/a>, <a href='https:\/\/app.legislapp.com.br\/#\/busca?termo=instrutor'>instrutor<\/a>, <a href='https:\/\/app.legislapp.com.br\/#\/busca?termo=academia'>academia<\/a>, <a href='https:\/\/app.legislapp.com.br\/#\/busca?termo=dan\u00e7a'>dan\u00e7a<\/a>, <a href='https:\/\/app.legislapp.com.br\/#\/busca?termo=capoeira'>capoeira<\/a>, <a href='https:\/\/app.legislapp.com.br\/#\/busca?termo=luta'>luta<\/a>, <a href='https:\/\/app.legislapp.com.br\/#\/busca?termo=artes marciais'>artes marciais<\/a>, <a href='https:\/\/app.legislapp.com.br\/#\/busca?termo=ioga'>ioga<\/a>, <a href='https:\/\/app.legislapp.com.br\/#\/busca?termo=m\u00e9todo'>m\u00e9todo<\/a>, <a href='https:\/\/app.legislapp.com.br\/#\/busca?termo=treinamento f\u00edsico.'>treinamento f\u00edsico.<\/a><\/p>\n<div style=\"text-align: center\">\n      <img decoding=\"async\" style=\"width: 14%;\" src=\"https:\/\/legislapp.com.br\/wp-content\/uploads\/2021\/07\/Logo-Legislapp-1-03-1.png\"><br \/>\n      <\/p>\n<div style=\"margin-bottom: 20px;\" class=\"et_pb_button_module_wrapper et_pb_button_5_tb_body_wrapper et_pb_button_alignment_center et_pb_module \">\n         <a class=\"et_pb_button et_pb_button_5_tb_body et_hover_enabled et_pb_bg_layout_dark\" style=\"width: 50%;background-color: black;\" href=\"https:\/\/app.legislapp.com.br\" target=\"_blank\" rel=\"noopener\">Visualizar completo na nossa plataforma (30 dias gr\u00e1tis)<\/a><\/p><\/div>\n<p>      <a href=\"https:\/\/play.google.com\/store\/apps\/details?id=br.com.legislapp\"><img decoding=\"async\" style=\"width: 15%; min-width: 130px;\" src=\"https:\/\/legislapp.com.br\/wp-content\/uploads\/google-play.png\"><\/a><br \/>\n      <a href=\"https:\/\/apps.apple.com\/us\/app\/legislapp\/id1568929859\"><img decoding=\"async\" style=\"width: 15%; min-width: 130px\" src=\"https:\/\/legislapp.com.br\/wp-content\/uploads\/apple-store.png\"><\/a>\n   <\/div>\n","protected":false},"excerpt":{"rendered":"<p>C\u00e2mara &#8211; Autoria de ALICE MAZZUCO PORTUGAL &#8220;Acrescenta par\u00e1grafo \u00fanico ao art. 2\u00ba da Lei n\u00ba 9.696, de 1\u00ba de setembro de 1998&#8221;. Altera\u00e7\u00e3o, lei federal, regulamenta\u00e7\u00e3o, exerc\u00edcio profissional, profiss\u00e3o, Educa\u00e7\u00e3o F\u00edsica, exclus\u00e3o, sujei\u00e7\u00e3o, fiscaliza\u00e7\u00e3o, Conselho Regional, categoria profissional, professor, instrutor, academia, dan\u00e7a, capoeira, luta, artes marciais, ioga, m\u00e9todo, treinamento f\u00edsico. Visualizar completo na nossa [&hellip;]<\/p>\n","protected":false},"author":1,"featured_media":0,"parent":0,"menu_order":0,"comment_status":"closed","ping_status":"closed","template":"page-template-blank.php","meta":{"_et_pb_use_builder":"","_et_pb_old_content":"","_et_gb_content_width":"1080","ngg_post_thumbnail":0,"footnotes":""},"class_list":["post-1155","page","type-page","status-publish","hentry"],"yoast_head":"<!-- This site is optimized with the Yoast SEO plugin v24.4 - https:\/\/yoast.com\/wordpress\/plugins\/seo\/ -->\n<title>PL 1371\/2007 - Legislapp<\/title>\n<meta name=\"robots\" content=\"index, follow, max-snippet:-1, max-image-preview:large, max-video-preview:-1\" \/>\n<link rel=\"canonical\" href=\"https:\/\/www.legislapp.com.br\/index.php\/pl-1371-2007\/\" \/>\n<meta property=\"og:locale\" content=\"pt_BR\" \/>\n<meta property=\"og:type\" content=\"article\" \/>\n<meta property=\"og:title\" content=\"PL 1371\/2007 - Legislapp\" \/>\n<meta property=\"og:description\" content=\"C\u00e2mara &#8211; Autoria de ALICE MAZZUCO PORTUGAL &#8220;Acrescenta par\u00e1grafo \u00fanico ao art. 2\u00ba da Lei n\u00ba 9.696, de 1\u00ba de setembro de 1998&#8221;. Altera\u00e7\u00e3o, lei federal, regulamenta\u00e7\u00e3o, exerc\u00edcio profissional, profiss\u00e3o, Educa\u00e7\u00e3o F\u00edsica, exclus\u00e3o, sujei\u00e7\u00e3o, fiscaliza\u00e7\u00e3o, Conselho Regional, categoria profissional, professor, instrutor, academia, dan\u00e7a, capoeira, luta, artes marciais, ioga, m\u00e9todo, treinamento f\u00edsico. Visualizar completo na nossa [&hellip;]\" \/>\n<meta property=\"og:url\" content=\"https:\/\/www.legislapp.com.br\/index.php\/pl-1371-2007\/\" \/>\n<meta property=\"og:site_name\" content=\"Legislapp\" \/>\n<meta property=\"article:publisher\" content=\"https:\/\/www.instagram.com\/legislapp\/\" \/>\n<meta property=\"og:image\" content=\"https:\/\/www.camara.leg.br\/internet\/deputado\/bandep\/74057.jpg\" \/>\n<meta name=\"twitter:card\" content=\"summary_large_image\" \/>\n<script type=\"application\/ld+json\" class=\"yoast-schema-graph\">{\"@context\":\"https:\/\/schema.org\",\"@graph\":[{\"@type\":\"WebPage\",\"@id\":\"https:\/\/www.legislapp.com.br\/index.php\/pl-1371-2007\/\",\"url\":\"https:\/\/www.legislapp.com.br\/index.php\/pl-1371-2007\/\",\"name\":\"PL 1371\/2007 - Legislapp\",\"isPartOf\":{\"@id\":\"https:\/\/www.legislapp.com.br\/#website\"},\"primaryImageOfPage\":{\"@id\":\"https:\/\/www.legislapp.com.br\/index.php\/pl-1371-2007\/#primaryimage\"},\"image\":{\"@id\":\"https:\/\/www.legislapp.com.br\/index.php\/pl-1371-2007\/#primaryimage\"},\"thumbnailUrl\":\"https:\/\/www.camara.leg.br\/internet\/deputado\/bandep\/74057.jpg\",\"datePublished\":\"2023-06-08T10:13:39+00:00\",\"breadcrumb\":{\"@id\":\"https:\/\/www.legislapp.com.br\/index.php\/pl-1371-2007\/#breadcrumb\"},\"inLanguage\":\"pt-BR\",\"potentialAction\":[{\"@type\":\"ReadAction\",\"target\":[\"https:\/\/www.legislapp.com.br\/index.php\/pl-1371-2007\/\"]}]},{\"@type\":\"ImageObject\",\"inLanguage\":\"pt-BR\",\"@id\":\"https:\/\/www.legislapp.com.br\/index.php\/pl-1371-2007\/#primaryimage\",\"url\":\"https:\/\/www.camara.leg.br\/internet\/deputado\/bandep\/74057.jpg\",\"contentUrl\":\"https:\/\/www.camara.leg.br\/internet\/deputado\/bandep\/74057.jpg\"},{\"@type\":\"BreadcrumbList\",\"@id\":\"https:\/\/www.legislapp.com.br\/index.php\/pl-1371-2007\/#breadcrumb\",\"itemListElement\":[{\"@type\":\"ListItem\",\"position\":1,\"name\":\"In\u00edcio\",\"item\":\"https:\/\/www.legislapp.com.br\/\"},{\"@type\":\"ListItem\",\"position\":2,\"name\":\"PL 1371\/2007\"}]},{\"@type\":\"WebSite\",\"@id\":\"https:\/\/www.legislapp.com.br\/#website\",\"url\":\"https:\/\/www.legislapp.com.br\/\",\"name\":\"Legislapp\",\"description\":\"Intelig\u00eancia governamental em tempo real\",\"publisher\":{\"@id\":\"https:\/\/www.legislapp.com.br\/#organization\"},\"potentialAction\":[{\"@type\":\"SearchAction\",\"target\":{\"@type\":\"EntryPoint\",\"urlTemplate\":\"https:\/\/www.legislapp.com.br\/?s={search_term_string}\"},\"query-input\":{\"@type\":\"PropertyValueSpecification\",\"valueRequired\":true,\"valueName\":\"search_term_string\"}}],\"inLanguage\":\"pt-BR\"},{\"@type\":\"Organization\",\"@id\":\"https:\/\/www.legislapp.com.br\/#organization\",\"name\":\"Legislapp Monitoramento e Intelig\u00eancia Governamental\",\"url\":\"https:\/\/www.legislapp.com.br\/\",\"logo\":{\"@type\":\"ImageObject\",\"inLanguage\":\"pt-BR\",\"@id\":\"https:\/\/www.legislapp.com.br\/#\/schema\/logo\/image\/\",\"url\":\"https:\/\/www.legislapp.com.br\/wp-content\/uploads\/icon.png\",\"contentUrl\":\"https:\/\/www.legislapp.com.br\/wp-content\/uploads\/icon.png\",\"width\":1024,\"height\":1024,\"caption\":\"Legislapp Monitoramento e Intelig\u00eancia Governamental\"},\"image\":{\"@id\":\"https:\/\/www.legislapp.com.br\/#\/schema\/logo\/image\/\"},\"sameAs\":[\"https:\/\/www.instagram.com\/legislapp\/\"]}]}<\/script>\n<!-- \/ Yoast SEO plugin. -->","yoast_head_json":{"title":"PL 1371\/2007 - Legislapp","robots":{"index":"index","follow":"follow","max-snippet":"max-snippet:-1","max-image-preview":"max-image-preview:large","max-video-preview":"max-video-preview:-1"},"canonical":"https:\/\/www.legislapp.com.br\/index.php\/pl-1371-2007\/","og_locale":"pt_BR","og_type":"article","og_title":"PL 1371\/2007 - Legislapp","og_description":"C\u00e2mara &#8211; Autoria de ALICE MAZZUCO PORTUGAL &#8220;Acrescenta par\u00e1grafo \u00fanico ao art. 2\u00ba da Lei n\u00ba 9.696, de 1\u00ba de setembro de 1998&#8221;. Altera\u00e7\u00e3o, lei federal, regulamenta\u00e7\u00e3o, exerc\u00edcio profissional, profiss\u00e3o, Educa\u00e7\u00e3o F\u00edsica, exclus\u00e3o, sujei\u00e7\u00e3o, fiscaliza\u00e7\u00e3o, Conselho Regional, categoria profissional, professor, instrutor, academia, dan\u00e7a, capoeira, luta, artes marciais, ioga, m\u00e9todo, treinamento f\u00edsico. Visualizar completo na nossa [&hellip;]","og_url":"https:\/\/www.legislapp.com.br\/index.php\/pl-1371-2007\/","og_site_name":"Legislapp","article_publisher":"https:\/\/www.instagram.com\/legislapp\/","og_image":[{"url":"https:\/\/www.camara.leg.br\/internet\/deputado\/bandep\/74057.jpg","type":"","width":"","height":""}],"twitter_card":"summary_large_image","schema":{"@context":"https:\/\/schema.org","@graph":[{"@type":"WebPage","@id":"https:\/\/www.legislapp.com.br\/index.php\/pl-1371-2007\/","url":"https:\/\/www.legislapp.com.br\/index.php\/pl-1371-2007\/","name":"PL 1371\/2007 - Legislapp","isPartOf":{"@id":"https:\/\/www.legislapp.com.br\/#website"},"primaryImageOfPage":{"@id":"https:\/\/www.legislapp.com.br\/index.php\/pl-1371-2007\/#primaryimage"},"image":{"@id":"https:\/\/www.legislapp.com.br\/index.php\/pl-1371-2007\/#primaryimage"},"thumbnailUrl":"https:\/\/www.camara.leg.br\/internet\/deputado\/bandep\/74057.jpg","datePublished":"2023-06-08T10:13:39+00:00","breadcrumb":{"@id":"https:\/\/www.legislapp.com.br\/index.php\/pl-1371-2007\/#breadcrumb"},"inLanguage":"pt-BR","potentialAction":[{"@type":"ReadAction","target":["https:\/\/www.legislapp.com.br\/index.php\/pl-1371-2007\/"]}]},{"@type":"ImageObject","inLanguage":"pt-BR","@id":"https:\/\/www.legislapp.com.br\/index.php\/pl-1371-2007\/#primaryimage","url":"https:\/\/www.camara.leg.br\/internet\/deputado\/bandep\/74057.jpg","contentUrl":"https:\/\/www.camara.leg.br\/internet\/deputado\/bandep\/74057.jpg"},{"@type":"BreadcrumbList","@id":"https:\/\/www.legislapp.com.br\/index.php\/pl-1371-2007\/#breadcrumb","itemListElement":[{"@type":"ListItem","position":1,"name":"In\u00edcio","item":"https:\/\/www.legislapp.com.br\/"},{"@type":"ListItem","position":2,"name":"PL 1371\/2007"}]},{"@type":"WebSite","@id":"https:\/\/www.legislapp.com.br\/#website","url":"https:\/\/www.legislapp.com.br\/","name":"Legislapp","description":"Intelig\u00eancia governamental em tempo real","publisher":{"@id":"https:\/\/www.legislapp.com.br\/#organization"},"potentialAction":[{"@type":"SearchAction","target":{"@type":"EntryPoint","urlTemplate":"https:\/\/www.legislapp.com.br\/?s={search_term_string}"},"query-input":{"@type":"PropertyValueSpecification","valueRequired":true,"valueName":"search_term_string"}}],"inLanguage":"pt-BR"},{"@type":"Organization","@id":"https:\/\/www.legislapp.com.br\/#organization","name":"Legislapp Monitoramento e Intelig\u00eancia Governamental","url":"https:\/\/www.legislapp.com.br\/","logo":{"@type":"ImageObject","inLanguage":"pt-BR","@id":"https:\/\/www.legislapp.com.br\/#\/schema\/logo\/image\/","url":"https:\/\/www.legislapp.com.br\/wp-content\/uploads\/icon.png","contentUrl":"https:\/\/www.legislapp.com.br\/wp-content\/uploads\/icon.png","width":1024,"height":1024,"caption":"Legislapp Monitoramento e Intelig\u00eancia Governamental"},"image":{"@id":"https:\/\/www.legislapp.com.br\/#\/schema\/logo\/image\/"},"sameAs":["https:\/\/www.instagram.com\/legislapp\/"]}]}},"_links":{"self":[{"href":"https:\/\/www.legislapp.com.br\/index.php\/wp-json\/wp\/v2\/pages\/1155","targetHints":{"allow":["GET"]}}],"collection":[{"href":"https:\/\/www.legislapp.com.br\/index.php\/wp-json\/wp\/v2\/pages"}],"about":[{"href":"https:\/\/www.legislapp.com.br\/index.php\/wp-json\/wp\/v2\/types\/page"}],"author":[{"embeddable":true,"href":"https:\/\/www.legislapp.com.br\/index.php\/wp-json\/wp\/v2\/users\/1"}],"replies":[{"embeddable":true,"href":"https:\/\/www.legislapp.com.br\/index.php\/wp-json\/wp\/v2\/comments?post=1155"}],"version-history":[{"count":0,"href":"https:\/\/www.legislapp.com.br\/index.php\/wp-json\/wp\/v2\/pages\/1155\/revisions"}],"wp:attachment":[{"href":"https:\/\/www.legislapp.com.br\/index.php\/wp-json\/wp\/v2\/media?parent=1155"}],"curies":[{"name":"wp","href":"https:\/\/api.w.org\/{rel}","templated":true}]}}