{"id":11589,"date":"2026-03-03T18:56:47","date_gmt":"2026-03-03T21:56:47","guid":{"rendered":"https:\/\/www.legislapp.com.br\/index.php\/avulso-inicial-pl-6330-2025-camara\/"},"modified":"2026-03-03T18:56:47","modified_gmt":"2026-03-03T21:56:47","slug":"avulso-inicial-pl-6330-2025-camara","status":"publish","type":"page","link":"https:\/\/www.legislapp.com.br\/index.php\/avulso-inicial-pl-6330-2025-camara\/","title":{"rendered":"Avulso Inicial &#8211; PL 6330\/2025 &#8211; C\u00e2mara"},"content":{"rendered":"<h1 style='text-align: center;'>Avulso Inicial &#8211; Autoria de Mauricio Neves<\/h3>\n<p><\/p>\n<article>\n<p>C\u00c2MARA DOS DEPUTADOS <\/p>\n<p>PROJETO DE LEI N.\u00ba 6.330, DE 2025<br \/>\n(Do Sr. Mauricio Neves) <\/p>\n<p>Altera a Lei 2.313, de 3 de setembro de 1954, para destinar os recursos<br \/>\nque especifica ao Sistema \u00danico de Sa\u00fade com o fim espec\u00edfico de<br \/>\ncobertura de despesas com o tratamento de pessoas com Transtorno do<br \/>\nEspectro Autista (TEA). <\/p>\n<p>DESPACHO:<br \/>\n\u00c0S COMISS\u00d5ES DE<br \/>\nSA\u00daDE;<br \/>\nDEFESA DOS DIREITOS DAS PESSOAS COM DEFICI\u00caNCIA;<br \/>\nFINAN\u00c7AS E TRIBUTA\u00c7\u00c3O (M\u00c9RITO E ART. 54, RICD) E<br \/>\nCONSTITUI\u00c7\u00c3O E JUSTI\u00c7A E DE CIDADANIA (ART. 54, RICD). <\/p>\n<p>APRECIA\u00c7\u00c3O:<br \/>\nProposi\u00e7\u00e3o Sujeita \u00e0 Aprecia\u00e7\u00e3o Conclusiva pelas Comiss\u00f5es &#8211; Art. 24 II <\/p>\n<p>PUBLICA\u00c7\u00c3O INICIAL<br \/>\nArt. 137, caput &#8211; RICD <\/p>\n<p>Coordena\u00e7\u00e3o de Comiss\u00f5es Permanentes &#8211; DECOM &#8211; P_7696<br \/>\nCONFERE COM O ORIGINAL AUTENTICADO <br \/>2 <\/p>\n<p>PROJETO DE LEI N\u00ba       \/2025<br \/>\n(Do Sr. MAUR\u00cdCIO NEVES)<br \/>\nAltera a Lei 2.313, de 3 de<br \/>\nsetembro de 1954, para<br \/>\ndestinar os recursos que<br \/>\nespecifica ao Sistema \u00danico<br \/>\nde Sa\u00fade com o fim<br \/>\nespec\u00edfico de cobertura de<br \/>\ndespesas com o tratamento<br \/>\nde pessoas com Transtorno<br \/>\ndo Espectro Autista (TEA).<br \/>\nO CONGRESSO NACIONAL decreta:<br \/>\n        Art. 1\u00ba Esta Lei altera a Lei 2.313, de 3 de setembro de 1954, para<br \/>\ndestinar os recursos que especifica ao Sistema \u00danico de Sa\u00fade com o fim<br \/>\nespec\u00edfico de cobertura de despesas com o tratamento de pessoas com<br \/>\nTranstorno do Espectro Autista (TEA).<br \/>\nArt. 2\u00ba O art. 2\u00ba da Lei 2.313, de 3 de setembro de 1954, que \u201cdisp\u00f5e<br \/>\nsobre os prazos dos contratos de dep\u00f3sito regular e volunt\u00e1rio de bens de<br \/>\nqualquer esp\u00e9cie, passa a vigorar acrescido do seguinte \u00a7 4\u00ba:<br \/>\n\u201cArt. 2\u00ba &#8230;&#8230;&#8230;&#8230;&#8230;&#8230;&#8230;&#8230;&#8230;&#8230;&#8230;&#8230;&#8230;&#8230;&#8230;&#8230;&#8230;&#8230;&#8230;&#8230;&#8230;&#8230;&#8230;&#8230;&#8230;&#8230;&#8230;&#8230;.<br \/>\n\u00a7 4\u00ba Os cr\u00e9ditos n\u00e3o reclamados ou movimentados recolhidos ao Tesouro<br \/>\nNacional e transferidos ao patrim\u00f4nio nacional na forma do caput, ser\u00e3o<br \/>\ndestinados ao Sistema \u00danico de Sa\u00fade (SUS) com o fim espec\u00edfico de cobertura<br \/>\nde despesas com o tratamento de pessoas com Transtorno do Espectro Autista<br \/>\n(TEA).\u201d (NR)<br \/>\nArt. 2\u00ba Esta Lei entra em vigor na data de sua publica\u00e7\u00e3o.<br \/>\nJUSTIFICATIVA<br \/>\nTenho feito de meu mandato uma luta para prover de recursos p\u00fablicos<\/p>\n<p>o cuidado que o Estado brasileiro deve \u00e0s fam\u00edlias que lidam com o Transtorno<br \/>\ndo Espectro Autista (TEA). N\u00e3o h\u00e1, no entanto, at\u00e9 agora, um valor total<br \/>\nCoordena\u00e7\u00e3o de Comiss\u00f5es Permanentes &#8211; DECOM &#8211; P_7696<br \/>\nCONFERE COM O ORIGINAL AUTENTICADO<br \/>\nPL 6330\/2025<br \/>\nPara verificar a assinatura, acesse https:\/\/infoleg-autenticidade-assinatura.camara.leg.br\/CD250263541300<br \/>\n2<br \/>\nAssinado eletronicamente pelo(a) Dep. Mauricio Neves<br \/>\nApresenta\u00e7\u00e3o: 10\/12\/2025 17:11:11.607 &#8211; Mesa<br \/>\n*CD250263541300* PL n.6330\/2025<br \/>3<br \/>\nconsolidado e publicamente divulgado que represente a despesa anual exata<br \/>\nno Brasil, incluindo gastos p\u00fablicos e privados, com os cuidados mencionados<br \/>\napesar de fam\u00edlias terem de arcar, sozinhas, os custos que podem ser muito<br \/>\nsignificativos, com despesas mensais adicionais m\u00e9dias de R$ 1.859 por<br \/>\npessoa com TEA de n\u00edvel 3 de suporte, em compara\u00e7\u00e3o com fam\u00edlias t\u00edpicas.<br \/>\nOs custos podem ultrapassar \ud835\udc45$ 30.000,00 mensais em cl\u00ednicas<br \/>\nprivadas com tratamentos intensivos, o que leva muitas fam\u00edlias a buscarem<br \/>\ncobertura via planos de sa\u00fade ou judicialmente. Os gastos anuais no Brasil e<br \/>\nos custos s\u00e3o divididos entre o setor p\u00fablico (SUS, BPC), o setor privado<br \/>\n(planos de sa\u00fade, despesas diretas das fam\u00edlias) e dedu\u00e7\u00f5es fiscais, mas ainda<br \/>\nn\u00e3o existe um n\u00famero \u00fanico que os totalize. O aumento da demanda por<br \/>\ntratamentos para TEA tem gerado preocupa\u00e7\u00e3o no mercado de planos de<br \/>\nsa\u00fade, com relatos de que os custos com autismo superam os custos com<br \/>\nc\u00e2ncer em algumas operadoras, o que nos leva a crer que a situa\u00e7\u00e3o dever\u00e1<br \/>\nde agravar no tempo se algo objetivo n\u00e3o for feito.<br \/>\nO que ora se prop\u00f5e \u00e9 que recursos abandonados em contas correntes<br \/>\nsejam destinadas para este fim. Os dinheiros esquecidos em contas banc\u00e1rias<br \/>\nno Brasil s\u00e3o, em \u00faltima inst\u00e2ncia, incorporados ao Tesouro Nacional (Uni\u00e3o)<br \/>\ncaso n\u00e3o sejam reclamados pelos seus leg\u00edtimos donos ou herdeiros dentro de<br \/>\num prazo determinado. A lei que regula essa mat\u00e9ria \u00e9 a Lei n\u00ba 14.791\/2023,<br \/>\nque resultou da convers\u00e3o da Medida Provis\u00f3ria n\u00ba 1.171\/2023. Anteriormente<br \/>\na ela, o dinheiro permanecia nas institui\u00e7\u00f5es financeiras por um longo per\u00edodo<br \/>\n(at\u00e9 25 anos para dep\u00f3sitos judiciais).<br \/>\nCom a nova legisla\u00e7\u00e3o, os valores n\u00e3o reclamados passam ao dom\u00ednio<br \/>\nda Uni\u00e3o e s\u00e3o considerados receita or\u00e7ament\u00e1ria prim\u00e1ria, sendo utilizados<br \/>\npara fins de cumprimento de metas or\u00e7ament\u00e1rias e fiscais do governo<br \/>\nfederal. Essa medida foi implementada, em parte, para compensar a<br \/>\nmanuten\u00e7\u00e3o da desonera\u00e7\u00e3o da folha de pagamento de 17 setores da<br \/>\neconomia e de munic\u00edpios.<br \/>\nQualquer pessoa f\u00edsica ou jur\u00eddica que j\u00e1 teve relacionamento com<\/p>\n<p>bancos pode ter direito a valores a receber. H\u00e1 um \u00f3rg\u00e3o oficial para consulta \u2013<\/p>\n<p>o Sistema de Valores a Recber (SRV) do Banco Central do Brasil \u2013 que assim<br \/>\na presta gratuitamente, mas os brasileiros t\u00eam consistentemente deixados<br \/>\ncerca de R$ 10 bilh\u00f5es &#8220;esquecidos&#8221; em diversas institui\u00e7\u00f5es financeiras a<br \/>\nCoordena\u00e7\u00e3o de Comiss\u00f5es Permanentes &#8211; DECOM &#8211; P_7696<br \/>\nCONFERE COM O ORIGINAL AUTENTICADO<br \/>\nPL 6330\/2025<br \/>\nPara verificar a assinatura, acesse https:\/\/infoleg-autenticidade-assinatura.camara.leg.br\/CD250263541300<br \/>\n3<br \/>\nAssinado eletronicamente pelo(a) Dep. Mauricio Neves<br \/>\nApresenta\u00e7\u00e3o: 10\/12\/2025 17:11:11.607 &#8211; Mesa<br \/>\n*CD250263541300* PL n.6330\/2025<br \/>4<br \/>\ncada per\u00edodo de medi\u00e7\u00e3o, raz\u00e3o pela qual espero apoio na aprova\u00e7\u00e3o do<br \/>\npresente projeto para, objetivamente, estabelecer uma fonte permanente de<br \/>\nrecursos para o tratamento de TEA no Pa\u00eds.<br \/>\nSala das Sess\u00f5es, 9 de dezembro de 2025.<\/p>\n<p>MAURICIO NEVES<br \/>\nDEPUTADO FEDERAL &#8211; PROGRESSISTAS\/SP<\/p>\n<p>Coordena\u00e7\u00e3o de Comiss\u00f5es Permanentes &#8211; DECOM &#8211; P_7696<br \/>\nCONFERE COM O ORIGINAL AUTENTICADO<br \/>\nPL 6330\/2025<br \/>\nPara verificar a assinatura, acesse https:\/\/infoleg-autenticidade-assinatura.camara.leg.br\/CD250263541300<br \/>\n4<br \/>\nAssinado eletronicamente pelo(a) Dep. Mauricio Neves<br \/>\nApresenta\u00e7\u00e3o: 10\/12\/2025 17:11:11.607 &#8211; Mesa<br \/>\n*CD250263541300* PL n.6330\/2025<br \/>5 <\/p>\n<p>C\u00c2MARA DOS DEPUTADOS<br \/>\nCENTRO DE DOCUMENTA\u00c7\u00c3O E INFORMA\u00c7\u00c3O \u2013 CEDI<br \/>\nCoordena\u00e7\u00e3o de Organiza\u00e7\u00e3o da Informa\u00e7\u00e3o Legislativa \u2013 CELEG  <\/p>\n<p>https:\/\/www2.camara.leg.br\/legin\/f<br \/>\nLEI N\u00ba 2.313, DE 3 DE SETEMBRO DE 1954<br \/>\ned\/lei\/1950-1959\/lei-2313-<br \/>\n3setembro-1954-355130-<br \/>\nnormapl.html  <\/p>\n<p>FIM DO DOCUMENTO<br \/>\nCoordena\u00e7\u00e3o de Comiss\u00f5es Permanentes &#8211; DECOM &#8211; P_7696<br \/>\nCONFERE COM O ORIGINAL AUTENTICADO<br \/>\nPL 6330\/2025 <\/article>\n<p><a href='https:\/\/app.legislapp.com.br\/#\/busca?termo=Altera\u00e7\u00e3o'>Altera\u00e7\u00e3o<\/a>, <a href='https:\/\/app.legislapp.com.br\/#\/busca?termo=Lei Federal'>Lei Federal<\/a>, <a href='https:\/\/app.legislapp.com.br\/#\/busca?termo=destina\u00e7\u00e3o'>destina\u00e7\u00e3o<\/a>, <a href='https:\/\/app.legislapp.com.br\/#\/busca?termo=valor'>valor<\/a>, <a href='https:\/\/app.legislapp.com.br\/#\/busca?termo=cr\u00e9dito'>cr\u00e9dito<\/a>, <a href='https:\/\/app.legislapp.com.br\/#\/busca?termo=Institui\u00e7\u00e3o financeira'>Institui\u00e7\u00e3o financeira<\/a>, <a href='https:\/\/app.legislapp.com.br\/#\/busca?termo=Tesouro Nacional'>Tesouro Nacional<\/a>, <a href='https:\/\/app.legislapp.com.br\/#\/busca?termo=aus\u00eancia'>aus\u00eancia<\/a>, <a href='https:\/\/app.legislapp.com.br\/#\/busca?termo=reclama\u00e7\u00e3o'>reclama\u00e7\u00e3o<\/a>, <a href='https:\/\/app.legislapp.com.br\/#\/busca?termo=tratamento'>tratamento<\/a>, <a href='https:\/\/app.legislapp.com.br\/#\/busca?termo=Transtorno do Espectro Autista (TEA)'>Transtorno do Espectro Autista (TEA)<\/a>, <a href='https:\/\/app.legislapp.com.br\/#\/busca?termo=Pessoa com Transtorno do Espectro Autista'>Pessoa com Transtorno do Espectro Autista<\/a>, <a href='https:\/\/app.legislapp.com.br\/#\/busca?termo=Sistema \u00danico de Sa\u00fade (SUS).'>Sistema \u00danico de Sa\u00fade (SUS).<\/a><\/p>\n<div style=\"text-align: center\">\n      <img decoding=\"async\" style=\"width: 14%;\" src=\"https:\/\/www.legislapp.com.br\/wp-content\/uploads\/2021\/07\/Logo-Legislapp-1-03-1.png\"><br \/>\n      <\/p>\n<div style=\"margin-bottom: 20px;\" class=\"et_pb_button_module_wrapper et_pb_button_5_tb_body_wrapper et_pb_button_alignment_center et_pb_module \">\n         <a class=\"et_pb_button et_pb_button_5_tb_body et_hover_enabled et_pb_bg_layout_dark\" style=\"width: 50%;background-color: black;\" href=\"https:\/\/app.legislapp.com.br\" target=\"_blank\" rel=\"noopener\">Visualizar completo na nossa plataforma (30 dias gr\u00e1tis)<\/a><\/p><\/div>\n<p>      <a href=\"https:\/\/play.google.com\/store\/apps\/details?id=br.com.legislapp\"><img decoding=\"async\" style=\"width: 15%; min-width: 130px;\" src=\"https:\/\/www.legislapp.com.br\/wp-content\/uploads\/google-play.png\"><\/a><br \/>\n      <a href=\"https:\/\/apps.apple.com\/us\/app\/legislapp\/id1568929859\"><img decoding=\"async\" style=\"width: 15%; min-width: 130px\" src=\"https:\/\/www.legislapp.com.br\/wp-content\/uploads\/apple-store.png\"><\/a>\n   <\/div>\n","protected":false},"excerpt":{"rendered":"<p>Avulso Inicial &#8211; Autoria de Mauricio Neves C\u00c2MARA DOS DEPUTADOS PROJETO DE LEI N.\u00ba 6.330, DE 2025 (Do Sr. Mauricio Neves) Altera a Lei 2.313, de 3 de setembro de 1954, para destinar os recursos que especifica ao Sistema \u00danico de Sa\u00fade com o fim espec\u00edfico de cobertura de despesas com o tratamento de pessoas [&hellip;]<\/p>\n","protected":false},"author":1,"featured_media":0,"parent":0,"menu_order":0,"comment_status":"closed","ping_status":"closed","template":"page-template-blank.php","meta":{"_et_pb_use_builder":"","_et_pb_old_content":"","_et_gb_content_width":"1080","ngg_post_thumbnail":0,"footnotes":""},"class_list":["post-11589","page","type-page","status-publish","hentry"],"yoast_head":"<!-- This site is optimized with the Yoast SEO plugin v24.4 - https:\/\/yoast.com\/wordpress\/plugins\/seo\/ -->\n<title>Avulso Inicial - PL 6330\/2025 - C\u00e2mara - Legislapp<\/title>\n<meta name=\"robots\" content=\"index, follow, max-snippet:-1, max-image-preview:large, max-video-preview:-1\" \/>\n<link rel=\"canonical\" href=\"https:\/\/www.legislapp.com.br\/index.php\/avulso-inicial-pl-6330-2025-camara\/\" \/>\n<meta property=\"og:locale\" content=\"pt_BR\" \/>\n<meta property=\"og:type\" content=\"article\" \/>\n<meta property=\"og:title\" content=\"Avulso Inicial - PL 6330\/2025 - C\u00e2mara - Legislapp\" \/>\n<meta property=\"og:description\" content=\"Avulso Inicial &#8211; Autoria de Mauricio Neves C\u00c2MARA DOS DEPUTADOS PROJETO DE LEI N.\u00ba 6.330, DE 2025 (Do Sr. Mauricio Neves) Altera a Lei 2.313, de 3 de setembro de 1954, para destinar os recursos que especifica ao Sistema \u00danico de Sa\u00fade com o fim espec\u00edfico de cobertura de despesas com o tratamento de pessoas [&hellip;]\" \/>\n<meta property=\"og:url\" content=\"https:\/\/www.legislapp.com.br\/index.php\/avulso-inicial-pl-6330-2025-camara\/\" \/>\n<meta property=\"og:site_name\" content=\"Legislapp\" \/>\n<meta property=\"article:publisher\" content=\"https:\/\/www.instagram.com\/legislapp\/\" \/>\n<meta property=\"og:image\" content=\"https:\/\/www.legislapp.com.br\/wp-content\/uploads\/2021\/07\/Logo-Legislapp-1-03-1.png\" \/>\n<meta name=\"twitter:card\" content=\"summary_large_image\" \/>\n<meta name=\"twitter:label1\" content=\"Est. tempo de leitura\" \/>\n\t<meta name=\"twitter:data1\" content=\"5 minutos\" \/>\n<script type=\"application\/ld+json\" class=\"yoast-schema-graph\">{\"@context\":\"https:\/\/schema.org\",\"@graph\":[{\"@type\":\"WebPage\",\"@id\":\"https:\/\/www.legislapp.com.br\/index.php\/avulso-inicial-pl-6330-2025-camara\/\",\"url\":\"https:\/\/www.legislapp.com.br\/index.php\/avulso-inicial-pl-6330-2025-camara\/\",\"name\":\"Avulso Inicial - PL 6330\/2025 - C\u00e2mara - Legislapp\",\"isPartOf\":{\"@id\":\"https:\/\/www.legislapp.com.br\/#website\"},\"primaryImageOfPage\":{\"@id\":\"https:\/\/www.legislapp.com.br\/index.php\/avulso-inicial-pl-6330-2025-camara\/#primaryimage\"},\"image\":{\"@id\":\"https:\/\/www.legislapp.com.br\/index.php\/avulso-inicial-pl-6330-2025-camara\/#primaryimage\"},\"thumbnailUrl\":\"https:\/\/www.legislapp.com.br\/wp-content\/uploads\/2021\/07\/Logo-Legislapp-1-03-1.png\",\"datePublished\":\"2026-03-03T21:56:47+00:00\",\"breadcrumb\":{\"@id\":\"https:\/\/www.legislapp.com.br\/index.php\/avulso-inicial-pl-6330-2025-camara\/#breadcrumb\"},\"inLanguage\":\"pt-BR\",\"potentialAction\":[{\"@type\":\"ReadAction\",\"target\":[\"https:\/\/www.legislapp.com.br\/index.php\/avulso-inicial-pl-6330-2025-camara\/\"]}]},{\"@type\":\"ImageObject\",\"inLanguage\":\"pt-BR\",\"@id\":\"https:\/\/www.legislapp.com.br\/index.php\/avulso-inicial-pl-6330-2025-camara\/#primaryimage\",\"url\":\"https:\/\/www.legislapp.com.br\/wp-content\/uploads\/2021\/07\/Logo-Legislapp-1-03-1.png\",\"contentUrl\":\"https:\/\/www.legislapp.com.br\/wp-content\/uploads\/2021\/07\/Logo-Legislapp-1-03-1.png\",\"width\":2679,\"height\":2697},{\"@type\":\"BreadcrumbList\",\"@id\":\"https:\/\/www.legislapp.com.br\/index.php\/avulso-inicial-pl-6330-2025-camara\/#breadcrumb\",\"itemListElement\":[{\"@type\":\"ListItem\",\"position\":1,\"name\":\"In\u00edcio\",\"item\":\"https:\/\/www.legislapp.com.br\/\"},{\"@type\":\"ListItem\",\"position\":2,\"name\":\"Avulso Inicial &#8211; PL 6330\/2025 &#8211; C\u00e2mara\"}]},{\"@type\":\"WebSite\",\"@id\":\"https:\/\/www.legislapp.com.br\/#website\",\"url\":\"https:\/\/www.legislapp.com.br\/\",\"name\":\"Legislapp\",\"description\":\"Intelig\u00eancia governamental em tempo real\",\"publisher\":{\"@id\":\"https:\/\/www.legislapp.com.br\/#organization\"},\"potentialAction\":[{\"@type\":\"SearchAction\",\"target\":{\"@type\":\"EntryPoint\",\"urlTemplate\":\"https:\/\/www.legislapp.com.br\/?s={search_term_string}\"},\"query-input\":{\"@type\":\"PropertyValueSpecification\",\"valueRequired\":true,\"valueName\":\"search_term_string\"}}],\"inLanguage\":\"pt-BR\"},{\"@type\":\"Organization\",\"@id\":\"https:\/\/www.legislapp.com.br\/#organization\",\"name\":\"Legislapp Monitoramento e Intelig\u00eancia Governamental\",\"url\":\"https:\/\/www.legislapp.com.br\/\",\"logo\":{\"@type\":\"ImageObject\",\"inLanguage\":\"pt-BR\",\"@id\":\"https:\/\/www.legislapp.com.br\/#\/schema\/logo\/image\/\",\"url\":\"https:\/\/www.legislapp.com.br\/wp-content\/uploads\/icon.png\",\"contentUrl\":\"https:\/\/www.legislapp.com.br\/wp-content\/uploads\/icon.png\",\"width\":1024,\"height\":1024,\"caption\":\"Legislapp Monitoramento e Intelig\u00eancia Governamental\"},\"image\":{\"@id\":\"https:\/\/www.legislapp.com.br\/#\/schema\/logo\/image\/\"},\"sameAs\":[\"https:\/\/www.instagram.com\/legislapp\/\"]}]}<\/script>\n<!-- \/ Yoast SEO plugin. -->","yoast_head_json":{"title":"Avulso Inicial - PL 6330\/2025 - C\u00e2mara - Legislapp","robots":{"index":"index","follow":"follow","max-snippet":"max-snippet:-1","max-image-preview":"max-image-preview:large","max-video-preview":"max-video-preview:-1"},"canonical":"https:\/\/www.legislapp.com.br\/index.php\/avulso-inicial-pl-6330-2025-camara\/","og_locale":"pt_BR","og_type":"article","og_title":"Avulso Inicial - PL 6330\/2025 - C\u00e2mara - Legislapp","og_description":"Avulso Inicial &#8211; Autoria de Mauricio Neves C\u00c2MARA DOS DEPUTADOS PROJETO DE LEI N.\u00ba 6.330, DE 2025 (Do Sr. Mauricio Neves) Altera a Lei 2.313, de 3 de setembro de 1954, para destinar os recursos que especifica ao Sistema \u00danico de Sa\u00fade com o fim espec\u00edfico de cobertura de despesas com o tratamento de pessoas [&hellip;]","og_url":"https:\/\/www.legislapp.com.br\/index.php\/avulso-inicial-pl-6330-2025-camara\/","og_site_name":"Legislapp","article_publisher":"https:\/\/www.instagram.com\/legislapp\/","og_image":[{"url":"https:\/\/www.legislapp.com.br\/wp-content\/uploads\/2021\/07\/Logo-Legislapp-1-03-1.png","type":"","width":"","height":""}],"twitter_card":"summary_large_image","twitter_misc":{"Est. tempo de leitura":"5 minutos"},"schema":{"@context":"https:\/\/schema.org","@graph":[{"@type":"WebPage","@id":"https:\/\/www.legislapp.com.br\/index.php\/avulso-inicial-pl-6330-2025-camara\/","url":"https:\/\/www.legislapp.com.br\/index.php\/avulso-inicial-pl-6330-2025-camara\/","name":"Avulso Inicial - PL 6330\/2025 - C\u00e2mara - Legislapp","isPartOf":{"@id":"https:\/\/www.legislapp.com.br\/#website"},"primaryImageOfPage":{"@id":"https:\/\/www.legislapp.com.br\/index.php\/avulso-inicial-pl-6330-2025-camara\/#primaryimage"},"image":{"@id":"https:\/\/www.legislapp.com.br\/index.php\/avulso-inicial-pl-6330-2025-camara\/#primaryimage"},"thumbnailUrl":"https:\/\/www.legislapp.com.br\/wp-content\/uploads\/2021\/07\/Logo-Legislapp-1-03-1.png","datePublished":"2026-03-03T21:56:47+00:00","breadcrumb":{"@id":"https:\/\/www.legislapp.com.br\/index.php\/avulso-inicial-pl-6330-2025-camara\/#breadcrumb"},"inLanguage":"pt-BR","potentialAction":[{"@type":"ReadAction","target":["https:\/\/www.legislapp.com.br\/index.php\/avulso-inicial-pl-6330-2025-camara\/"]}]},{"@type":"ImageObject","inLanguage":"pt-BR","@id":"https:\/\/www.legislapp.com.br\/index.php\/avulso-inicial-pl-6330-2025-camara\/#primaryimage","url":"https:\/\/www.legislapp.com.br\/wp-content\/uploads\/2021\/07\/Logo-Legislapp-1-03-1.png","contentUrl":"https:\/\/www.legislapp.com.br\/wp-content\/uploads\/2021\/07\/Logo-Legislapp-1-03-1.png","width":2679,"height":2697},{"@type":"BreadcrumbList","@id":"https:\/\/www.legislapp.com.br\/index.php\/avulso-inicial-pl-6330-2025-camara\/#breadcrumb","itemListElement":[{"@type":"ListItem","position":1,"name":"In\u00edcio","item":"https:\/\/www.legislapp.com.br\/"},{"@type":"ListItem","position":2,"name":"Avulso Inicial &#8211; PL 6330\/2025 &#8211; C\u00e2mara"}]},{"@type":"WebSite","@id":"https:\/\/www.legislapp.com.br\/#website","url":"https:\/\/www.legislapp.com.br\/","name":"Legislapp","description":"Intelig\u00eancia governamental em tempo real","publisher":{"@id":"https:\/\/www.legislapp.com.br\/#organization"},"potentialAction":[{"@type":"SearchAction","target":{"@type":"EntryPoint","urlTemplate":"https:\/\/www.legislapp.com.br\/?s={search_term_string}"},"query-input":{"@type":"PropertyValueSpecification","valueRequired":true,"valueName":"search_term_string"}}],"inLanguage":"pt-BR"},{"@type":"Organization","@id":"https:\/\/www.legislapp.com.br\/#organization","name":"Legislapp Monitoramento e Intelig\u00eancia Governamental","url":"https:\/\/www.legislapp.com.br\/","logo":{"@type":"ImageObject","inLanguage":"pt-BR","@id":"https:\/\/www.legislapp.com.br\/#\/schema\/logo\/image\/","url":"https:\/\/www.legislapp.com.br\/wp-content\/uploads\/icon.png","contentUrl":"https:\/\/www.legislapp.com.br\/wp-content\/uploads\/icon.png","width":1024,"height":1024,"caption":"Legislapp Monitoramento e Intelig\u00eancia Governamental"},"image":{"@id":"https:\/\/www.legislapp.com.br\/#\/schema\/logo\/image\/"},"sameAs":["https:\/\/www.instagram.com\/legislapp\/"]}]}},"_links":{"self":[{"href":"https:\/\/www.legislapp.com.br\/index.php\/wp-json\/wp\/v2\/pages\/11589","targetHints":{"allow":["GET"]}}],"collection":[{"href":"https:\/\/www.legislapp.com.br\/index.php\/wp-json\/wp\/v2\/pages"}],"about":[{"href":"https:\/\/www.legislapp.com.br\/index.php\/wp-json\/wp\/v2\/types\/page"}],"author":[{"embeddable":true,"href":"https:\/\/www.legislapp.com.br\/index.php\/wp-json\/wp\/v2\/users\/1"}],"replies":[{"embeddable":true,"href":"https:\/\/www.legislapp.com.br\/index.php\/wp-json\/wp\/v2\/comments?post=11589"}],"version-history":[{"count":0,"href":"https:\/\/www.legislapp.com.br\/index.php\/wp-json\/wp\/v2\/pages\/11589\/revisions"}],"wp:attachment":[{"href":"https:\/\/www.legislapp.com.br\/index.php\/wp-json\/wp\/v2\/media?parent=11589"}],"curies":[{"name":"wp","href":"https:\/\/api.w.org\/{rel}","templated":true}]}}