{"id":11596,"date":"2026-03-03T18:58:16","date_gmt":"2026-03-03T21:58:16","guid":{"rendered":"https:\/\/www.legislapp.com.br\/index.php\/avulso-inicial-pl-6892-2025-camara\/"},"modified":"2026-03-03T18:58:16","modified_gmt":"2026-03-03T21:58:16","slug":"avulso-inicial-pl-6892-2025-camara","status":"publish","type":"page","link":"https:\/\/www.legislapp.com.br\/index.php\/avulso-inicial-pl-6892-2025-camara\/","title":{"rendered":"Avulso Inicial &#8211; PL 6892\/2025 &#8211; C\u00e2mara"},"content":{"rendered":"<h1 style='text-align: center;'>Avulso Inicial &#8211; Autoria de Duda Ramos<\/h3>\n<p><\/p>\n<article>\n<p>C\u00c2MARA DOS DEPUTADOS <\/p>\n<p>PROJETO DE LEI N.\u00ba 6.892, DE 2025<br \/>\n(Do Sr. Duda Ramos) <\/p>\n<p>Assegura ao empregado que tenha filho ou pessoa com defici\u00eancia sob<br \/>\nsua responsabilidade o direito de fazer coincidir suas f\u00e9rias com o per\u00edodo<br \/>\nde f\u00e9rias escolares da pessoa sob seus cuidados e d\u00e1 outras<br \/>\nprovid\u00eancias. <\/p>\n<p>DESPACHO:<br \/>\n\u00c0S COMISS\u00d5ES DE:<br \/>\nTRABALHO;<br \/>\nDEFESA DOS DIREITOS DAS PESSOAS COM DEFICI\u00caNCIA E<br \/>\nCONSTITUI\u00c7\u00c3O E JUSTI\u00c7A E DE CIDADANIA (ART. 54, RICD). <\/p>\n<p>APRECIA\u00c7\u00c3O:<br \/>\nProposi\u00e7\u00e3o Sujeita \u00e0 Aprecia\u00e7\u00e3o Conclusiva pelas Comiss\u00f5es &#8211; Art. 24 II <\/p>\n<p>PUBLICA\u00c7\u00c3O INICIAL<br \/>\nArt. 137, caput &#8211; RICD <\/p>\n<p>Coordena\u00e7\u00e3o de Comiss\u00f5es Permanentes &#8211; DECOM &#8211; P_6748<br \/>\nCONFERE COM O ORIGINAL AUTENTICADO <br \/>2 <\/p>\n<p>PROJETO DE LEI N\u00ba          , DE 2025<br \/>\n(Do Sr. DUDA RAMOS)<br \/>\nAssegura ao empregado que tenha<br \/>\nfilho ou pessoa com defici\u00eancia sob sua<br \/>\nresponsabilidade o direito de fazer coincidir<br \/>\nsuas f\u00e9rias com o per\u00edodo de f\u00e9rias<br \/>\nescolares da pessoa sob seus cuidados e d\u00e1<br \/>\noutras provid\u00eancias.<br \/>\nO Congresso Nacional decreta:<br \/>\nArt. 1\u00ba O empregado que tenha filho, enteado, menor sob<br \/>\nguarda, ou pessoa com defici\u00eancia sob sua responsabilidade, qualquer que<br \/>\nseja a idade, ter\u00e1 direito a fazer coincidir o per\u00edodo de suas f\u00e9rias com o<br \/>\nper\u00edodo de f\u00e9rias escolares da pessoa sob seus cuidados.<br \/>\nArt. 2\u00ba Para fins do disposto nesta Lei, considera-se:<br \/>\nI \u2013 pessoa sob responsabilidade: aquela cuja depend\u00eancia<br \/>\necon\u00f4mica, guarda, tutela, curatela ou acompanhamento assistencial seja<br \/>\nformalmente reconhecido, nos termos da legisla\u00e7\u00e3o vigente;<br \/>\nII \u2013 per\u00edodo de f\u00e9rias escolares: o intervalo fixado pela<br \/>\ninstitui\u00e7\u00e3o de ensino da pessoa sob responsabilidade do empregado.<br \/>\nArt. 3\u00ba O empregado dever\u00e1 comunicar ao empregador, por<br \/>\nescrito, a necessidade de coincid\u00eancia das f\u00e9rias, com a indica\u00e7\u00e3o do per\u00edodo<br \/>\nde f\u00e9rias escolares, com anteced\u00eancia m\u00ednima de 30 (trinta) dias, salvo motivo<br \/>\nrelevante devidamente justificado.<br \/>\nArt. 4\u00ba A escolha do per\u00edodo de f\u00e9rias pelo empregado, nos<\/p>\n<p>termos desta Lei, prevalecer\u00e1 sobre o interesse do empregador, exceto nos<\/p>\n<p>casos em que:<br \/>\nCoordena\u00e7\u00e3o de Comiss\u00f5es Permanentes &#8211; DECOM &#8211; P_6748<br \/>\nCONFERE COM O ORIGINAL AUTENTICADO<br \/>\nPL 6892\/2025<br \/>\nPara verificar a assinatura, acesse https:\/\/infoleg-autenticidade-assinatura.camara.leg.br\/CD252666882600<br \/>\n2<br \/>\nAssinado eletronicamente pelo(a) Dep. Duda Ramos<br \/>\nApresenta\u00e7\u00e3o: 22\/12\/2025 20:23:04.273 &#8211; Mesa<br \/>\n*CD252666882600* PL n.6892\/2025<br \/>3<br \/>\n2<br \/>\nI \u2013 haja comprovado preju\u00edzo grave e imediato \u00e0 atividade<br \/>\nempresarial, devidamente justificado; ou<br \/>\nII \u2013 o empregado esteja inclu\u00eddo em escala de f\u00e9rias aprovada<br \/>\ncom anteced\u00eancia m\u00ednima de 60 (sessenta) dias, desde que o empregador<br \/>\ntenha previamente possibilitado a adapta\u00e7\u00e3o do calend\u00e1rio para atendimento<br \/>\nda regra prevista nesta Lei.<br \/>\nPar\u00e1grafo \u00fanico. A alega\u00e7\u00e3o prevista no inciso I dever\u00e1 ser<br \/>\napresentada por escrito ao empregado, contendo motiva\u00e7\u00e3o clara e objetiva.<br \/>\nArt. 5\u00ba \u00c9 vedada qualquer discrimina\u00e7\u00e3o, retalia\u00e7\u00e3o ou ato<br \/>\nprejudicial contra o empregado que solicitar ou exercer o direito previsto nesta<br \/>\nLei.<br \/>\nArt. 6\u00ba O descumprimento desta Lei sujeita o empregador \u00e0s<br \/>\nsan\u00e7\u00f5es administrativas previstas na Consolida\u00e7\u00e3o das Leis do Trabalho (CLT)<br \/>\ne demais normas aplic\u00e1veis, sem preju\u00edzo da possibilidade de repara\u00e7\u00e3o civil.<br \/>\nArt. 7\u00ba Esta Lei aplica-se ao setor p\u00fablico e privado, alcan\u00e7ando<br \/>\nservidores p\u00fablicos e empregados de empresas p\u00fablicas, sociedades de<br \/>\neconomia mista e suas subsidi\u00e1rias, observadas as normas espec\u00edficas de<br \/>\ncada regime jur\u00eddico.<br \/>\nArt. 8\u00ba Esta Lei entra em vigor ap\u00f3s decorridos 90 (noventa)<br \/>\ndias de sua publica\u00e7\u00e3o.<br \/>\nJUSTIFICA\u00c7\u00c3O<br \/>\nA presente proposi\u00e7\u00e3o tem por finalidade assegurar ao<br \/>\nempregado que tenha filho ou pessoa com defici\u00eancia sob sua<br \/>\nresponsabilidade o direito de fazer coincidir seu per\u00edodo de f\u00e9rias com o<br \/>\nper\u00edodo de f\u00e9rias escolares da pessoa sob seus cuidados. A medida busca<\/p>\n<p>adequar a legisla\u00e7\u00e3o trabalhista \u00e0s necessidades familiares contempor\u00e2neas e<\/p>\n<p>Coordena\u00e7\u00e3o de Comiss\u00f5es Permanentes &#8211; DECOM &#8211; P_6748<br \/>\nCONFERE COM O ORIGINAL AUTENTICADO<br \/>\nPL 6892\/2025<br \/>\nPara verificar a assinatura, acesse https:\/\/infoleg-autenticidade-assinatura.camara.leg.br\/CD252666882600<br \/>\n3<br \/>\nAssinado eletronicamente pelo(a) Dep. Duda Ramos<br \/>\nApresenta\u00e7\u00e3o: 22\/12\/2025 20:23:04.273 &#8211; Mesa<br \/>\n*CD252666882600* PL n.6892\/2025<br \/>4<br \/>\n3<br \/>\n\u00e0s responsabilidades decorrentes da prote\u00e7\u00e3o integral da crian\u00e7a, do<br \/>\nadolescente e da pessoa com defici\u00eancia.<br \/>\nA Constitui\u00e7\u00e3o Federal estabelece, em seu art. 226, que a<br \/>\nfam\u00edlia \u00e9 a base da sociedade, devendo o Estado criar mecanismos que<br \/>\nfacilitem seu exerc\u00edcio. O art. 227 disp\u00f5e que \u00e9 dever da fam\u00edlia, da sociedade<br \/>\ne do Estado assegurar, com absoluta prioridade, os direitos da crian\u00e7a e do<br \/>\nadolescente, incluindo conviv\u00eancia familiar e comunit\u00e1ria. Al\u00e9m disso, o art. 24<br \/>\nda Conven\u00e7\u00e3o Internacional sobre os Direitos das Pessoas com Defici\u00eancia,<br \/>\nincorporada ao ordenamento jur\u00eddico com status constitucional (Decreto n\u00ba<br \/>\n6.949\/2009), refor\u00e7a a necessidade de remover barreiras que dificultem o<br \/>\nexerc\u00edcio pleno dos direitos de pessoas com defici\u00eancia.<br \/>\nNo campo infraconstitucional, o Estatuto da Crian\u00e7a e do<br \/>\nAdolescente (Lei n\u00ba 8.069\/1990) e a Lei Brasileira de Inclus\u00e3o da Pessoa com<br \/>\nDefici\u00eancia (Lei n\u00ba 13.146\/2015) estabelecem princ\u00edpios de acessibilidade,<br \/>\nprote\u00e7\u00e3o e fortalecimento da conviv\u00eancia familiar. A legisla\u00e7\u00e3o trabalhista, por<br \/>\nsua vez, ainda n\u00e3o prev\u00ea instrumento espec\u00edfico que permita ao empregado<br \/>\nharmonizar suas f\u00e9rias com o calend\u00e1rio escolar, ocasionando dificuldades<br \/>\nlog\u00edsticas e econ\u00f4micas que recaem de forma mais intensa sobre fam\u00edlias de<br \/>\nbaixa renda e sobre cuidadores de pessoas com defici\u00eancia.<br \/>\nA proposta contribui para suprir essa lacuna ao assegurar que<br \/>\no empregado possa alinhar seu per\u00edodo de descanso anual ao per\u00edodo escolar<br \/>\nda pessoa sob sua responsabilidade. Essa compatibiliza\u00e7\u00e3o facilita a<br \/>\norganiza\u00e7\u00e3o familiar, reduz custos com cuidados alternativos e fortalece<br \/>\nv\u00ednculos afetivos e educacionais, especialmente relevantes no caso de crian\u00e7as<br \/>\npequenas e pessoas com defici\u00eancia que demandam acompanhamento mais<br \/>\npr\u00f3ximo.<br \/>\nO projeto tamb\u00e9m observa o equil\u00edbrio entre a prote\u00e7\u00e3o do<br \/>\ntrabalhador e a organiza\u00e7\u00e3o empresarial ao prever hip\u00f3teses excepcionais em<br \/>\nque a coincid\u00eancia de f\u00e9rias poder\u00e1 ser ajustada de forma justificada,<\/p>\n<p>preservando a continuidade das atividades produtivas.<br \/>\nCoordena\u00e7\u00e3o de Comiss\u00f5es Permanentes &#8211; DECOM &#8211; P_6748<br \/>\nCONFERE COM O ORIGINAL AUTENTICADO<br \/>\nPL 6892\/2025<br \/>\nPara verificar a assinatura, acesse https:\/\/infoleg-autenticidade-assinatura.camara.leg.br\/CD252666882600<br \/>\n4<br \/>\nAssinado eletronicamente pelo(a) Dep. Duda Ramos<br \/>\nApresenta\u00e7\u00e3o: 22\/12\/2025 20:23:04.273 &#8211; Mesa<br \/>\n*CD252666882600* PL n.6892\/2025<br \/>5<br \/>\n4<br \/>\nTrata-se, portanto, de medida de baixo impacto econ\u00f4mico, alto<br \/>\nretorno social e plenamente compat\u00edvel com o texto constitucional e com os<br \/>\ncompromissos internacionais assumidos pelo Brasil no campo da prote\u00e7\u00e3o<br \/>\nfamiliar e dos direitos da pessoa com defici\u00eancia.<br \/>\nDiante do exposto, entende-se plenamente justificada a<br \/>\naprova\u00e7\u00e3o da presente proposi\u00e7\u00e3o.<br \/>\nSala das Sess\u00f5es, em 2025.<br \/>\nDeputado DUDA RAMOS<\/p>\n<p>FIM DO DOCUMENTO<br \/>\nCoordena\u00e7\u00e3o de Comiss\u00f5es Permanentes &#8211; DECOM &#8211; P_6748<br \/>\nCONFERE COM O ORIGINAL AUTENTICADO<br \/>\nPL 6892\/2025<br \/>\nPara verificar a assinatura, acesse https:\/\/infoleg-autenticidade-assinatura.camara.leg.br\/CD252666882600<br \/>\n5<br \/>\nAssinado eletronicamente pelo(a) Dep. Duda Ramos<br \/>\nApresenta\u00e7\u00e3o: 22\/12\/2025 20:23:04.273 &#8211; Mesa<br \/>\n*CD252666882600* PL n.6892\/2025<\/article>\n<p><a href='https:\/\/app.legislapp.com.br\/#\/busca?termo=Garantia'>Garantia<\/a>, <a href='https:\/\/app.legislapp.com.br\/#\/busca?termo=concilia\u00e7\u00e3o'>concilia\u00e7\u00e3o<\/a>, <a href='https:\/\/app.legislapp.com.br\/#\/busca?termo=f\u00e9rias remuneradas'>f\u00e9rias remuneradas<\/a>, <a href='https:\/\/app.legislapp.com.br\/#\/busca?termo=f\u00e9rias escolares'>f\u00e9rias escolares<\/a>, <a href='https:\/\/app.legislapp.com.br\/#\/busca?termo=empregado'>empregado<\/a>, <a href='https:\/\/app.legislapp.com.br\/#\/busca?termo=estudante'>estudante<\/a>, <a href='https:\/\/app.legislapp.com.br\/#\/busca?termo=dependente legal'>dependente legal<\/a>, <a href='https:\/\/app.legislapp.com.br\/#\/busca?termo=pessoa com defici\u00eancia'>pessoa com defici\u00eancia<\/a>, <a href='https:\/\/app.legislapp.com.br\/#\/busca?termo=inclus\u00e3o social'>inclus\u00e3o social<\/a>, <a href='https:\/\/app.legislapp.com.br\/#\/busca?termo=direito do trabalho'>direito do trabalho<\/a>, <a href='https:\/\/app.legislapp.com.br\/#\/busca?termo=diretrizes.'>diretrizes.<\/a><\/p>\n<div style=\"text-align: center\">\n      <img decoding=\"async\" style=\"width: 14%;\" src=\"https:\/\/www.legislapp.com.br\/wp-content\/uploads\/2021\/07\/Logo-Legislapp-1-03-1.png\"><br \/>\n      <\/p>\n<div style=\"margin-bottom: 20px;\" class=\"et_pb_button_module_wrapper et_pb_button_5_tb_body_wrapper et_pb_button_alignment_center et_pb_module \">\n         <a class=\"et_pb_button et_pb_button_5_tb_body et_hover_enabled et_pb_bg_layout_dark\" style=\"width: 50%;background-color: black;\" href=\"https:\/\/app.legislapp.com.br\" target=\"_blank\" rel=\"noopener\">Visualizar completo na nossa plataforma (30 dias gr\u00e1tis)<\/a><\/p><\/div>\n<p>      <a href=\"https:\/\/play.google.com\/store\/apps\/details?id=br.com.legislapp\"><img decoding=\"async\" style=\"width: 15%; min-width: 130px;\" src=\"https:\/\/www.legislapp.com.br\/wp-content\/uploads\/google-play.png\"><\/a><br \/>\n      <a href=\"https:\/\/apps.apple.com\/us\/app\/legislapp\/id1568929859\"><img decoding=\"async\" style=\"width: 15%; min-width: 130px\" src=\"https:\/\/www.legislapp.com.br\/wp-content\/uploads\/apple-store.png\"><\/a>\n   <\/div>\n","protected":false},"excerpt":{"rendered":"<p>Avulso Inicial &#8211; Autoria de Duda Ramos C\u00c2MARA DOS DEPUTADOS PROJETO DE LEI N.\u00ba 6.892, DE 2025 (Do Sr. Duda Ramos) Assegura ao empregado que tenha filho ou pessoa com defici\u00eancia sob sua responsabilidade o direito de fazer coincidir suas f\u00e9rias com o per\u00edodo de f\u00e9rias escolares da pessoa sob seus cuidados e d\u00e1 outras [&hellip;]<\/p>\n","protected":false},"author":1,"featured_media":0,"parent":0,"menu_order":0,"comment_status":"closed","ping_status":"closed","template":"page-template-blank.php","meta":{"_et_pb_use_builder":"","_et_pb_old_content":"","_et_gb_content_width":"1080","ngg_post_thumbnail":0,"footnotes":""},"class_list":["post-11596","page","type-page","status-publish","hentry"],"yoast_head":"<!-- This site is optimized with the Yoast SEO plugin v24.4 - https:\/\/yoast.com\/wordpress\/plugins\/seo\/ -->\n<title>Avulso Inicial - PL 6892\/2025 - C\u00e2mara - Legislapp<\/title>\n<meta name=\"robots\" content=\"index, follow, max-snippet:-1, max-image-preview:large, max-video-preview:-1\" \/>\n<link rel=\"canonical\" href=\"https:\/\/www.legislapp.com.br\/index.php\/avulso-inicial-pl-6892-2025-camara\/\" \/>\n<meta property=\"og:locale\" content=\"pt_BR\" \/>\n<meta property=\"og:type\" content=\"article\" \/>\n<meta property=\"og:title\" content=\"Avulso Inicial - PL 6892\/2025 - C\u00e2mara - Legislapp\" \/>\n<meta property=\"og:description\" content=\"Avulso Inicial &#8211; Autoria de Duda Ramos C\u00c2MARA DOS DEPUTADOS PROJETO DE LEI N.\u00ba 6.892, DE 2025 (Do Sr. Duda Ramos) Assegura ao empregado que tenha filho ou pessoa com defici\u00eancia sob sua responsabilidade o direito de fazer coincidir suas f\u00e9rias com o per\u00edodo de f\u00e9rias escolares da pessoa sob seus cuidados e d\u00e1 outras [&hellip;]\" \/>\n<meta property=\"og:url\" content=\"https:\/\/www.legislapp.com.br\/index.php\/avulso-inicial-pl-6892-2025-camara\/\" \/>\n<meta property=\"og:site_name\" content=\"Legislapp\" \/>\n<meta property=\"article:publisher\" content=\"https:\/\/www.instagram.com\/legislapp\/\" \/>\n<meta property=\"og:image\" content=\"https:\/\/www.legislapp.com.br\/wp-content\/uploads\/2021\/07\/Logo-Legislapp-1-03-1.png\" \/>\n<meta name=\"twitter:card\" content=\"summary_large_image\" \/>\n<meta name=\"twitter:label1\" content=\"Est. tempo de leitura\" \/>\n\t<meta name=\"twitter:data1\" content=\"6 minutos\" \/>\n<script type=\"application\/ld+json\" class=\"yoast-schema-graph\">{\"@context\":\"https:\/\/schema.org\",\"@graph\":[{\"@type\":\"WebPage\",\"@id\":\"https:\/\/www.legislapp.com.br\/index.php\/avulso-inicial-pl-6892-2025-camara\/\",\"url\":\"https:\/\/www.legislapp.com.br\/index.php\/avulso-inicial-pl-6892-2025-camara\/\",\"name\":\"Avulso Inicial - PL 6892\/2025 - C\u00e2mara - Legislapp\",\"isPartOf\":{\"@id\":\"https:\/\/www.legislapp.com.br\/#website\"},\"primaryImageOfPage\":{\"@id\":\"https:\/\/www.legislapp.com.br\/index.php\/avulso-inicial-pl-6892-2025-camara\/#primaryimage\"},\"image\":{\"@id\":\"https:\/\/www.legislapp.com.br\/index.php\/avulso-inicial-pl-6892-2025-camara\/#primaryimage\"},\"thumbnailUrl\":\"https:\/\/www.legislapp.com.br\/wp-content\/uploads\/2021\/07\/Logo-Legislapp-1-03-1.png\",\"datePublished\":\"2026-03-03T21:58:16+00:00\",\"breadcrumb\":{\"@id\":\"https:\/\/www.legislapp.com.br\/index.php\/avulso-inicial-pl-6892-2025-camara\/#breadcrumb\"},\"inLanguage\":\"pt-BR\",\"potentialAction\":[{\"@type\":\"ReadAction\",\"target\":[\"https:\/\/www.legislapp.com.br\/index.php\/avulso-inicial-pl-6892-2025-camara\/\"]}]},{\"@type\":\"ImageObject\",\"inLanguage\":\"pt-BR\",\"@id\":\"https:\/\/www.legislapp.com.br\/index.php\/avulso-inicial-pl-6892-2025-camara\/#primaryimage\",\"url\":\"https:\/\/www.legislapp.com.br\/wp-content\/uploads\/2021\/07\/Logo-Legislapp-1-03-1.png\",\"contentUrl\":\"https:\/\/www.legislapp.com.br\/wp-content\/uploads\/2021\/07\/Logo-Legislapp-1-03-1.png\",\"width\":2679,\"height\":2697},{\"@type\":\"BreadcrumbList\",\"@id\":\"https:\/\/www.legislapp.com.br\/index.php\/avulso-inicial-pl-6892-2025-camara\/#breadcrumb\",\"itemListElement\":[{\"@type\":\"ListItem\",\"position\":1,\"name\":\"In\u00edcio\",\"item\":\"https:\/\/www.legislapp.com.br\/\"},{\"@type\":\"ListItem\",\"position\":2,\"name\":\"Avulso Inicial &#8211; PL 6892\/2025 &#8211; C\u00e2mara\"}]},{\"@type\":\"WebSite\",\"@id\":\"https:\/\/www.legislapp.com.br\/#website\",\"url\":\"https:\/\/www.legislapp.com.br\/\",\"name\":\"Legislapp\",\"description\":\"Intelig\u00eancia governamental em tempo real\",\"publisher\":{\"@id\":\"https:\/\/www.legislapp.com.br\/#organization\"},\"potentialAction\":[{\"@type\":\"SearchAction\",\"target\":{\"@type\":\"EntryPoint\",\"urlTemplate\":\"https:\/\/www.legislapp.com.br\/?s={search_term_string}\"},\"query-input\":{\"@type\":\"PropertyValueSpecification\",\"valueRequired\":true,\"valueName\":\"search_term_string\"}}],\"inLanguage\":\"pt-BR\"},{\"@type\":\"Organization\",\"@id\":\"https:\/\/www.legislapp.com.br\/#organization\",\"name\":\"Legislapp Monitoramento e Intelig\u00eancia Governamental\",\"url\":\"https:\/\/www.legislapp.com.br\/\",\"logo\":{\"@type\":\"ImageObject\",\"inLanguage\":\"pt-BR\",\"@id\":\"https:\/\/www.legislapp.com.br\/#\/schema\/logo\/image\/\",\"url\":\"https:\/\/www.legislapp.com.br\/wp-content\/uploads\/icon.png\",\"contentUrl\":\"https:\/\/www.legislapp.com.br\/wp-content\/uploads\/icon.png\",\"width\":1024,\"height\":1024,\"caption\":\"Legislapp Monitoramento e Intelig\u00eancia Governamental\"},\"image\":{\"@id\":\"https:\/\/www.legislapp.com.br\/#\/schema\/logo\/image\/\"},\"sameAs\":[\"https:\/\/www.instagram.com\/legislapp\/\"]}]}<\/script>\n<!-- \/ Yoast SEO plugin. -->","yoast_head_json":{"title":"Avulso Inicial - PL 6892\/2025 - C\u00e2mara - Legislapp","robots":{"index":"index","follow":"follow","max-snippet":"max-snippet:-1","max-image-preview":"max-image-preview:large","max-video-preview":"max-video-preview:-1"},"canonical":"https:\/\/www.legislapp.com.br\/index.php\/avulso-inicial-pl-6892-2025-camara\/","og_locale":"pt_BR","og_type":"article","og_title":"Avulso Inicial - PL 6892\/2025 - C\u00e2mara - Legislapp","og_description":"Avulso Inicial &#8211; Autoria de Duda Ramos C\u00c2MARA DOS DEPUTADOS PROJETO DE LEI N.\u00ba 6.892, DE 2025 (Do Sr. Duda Ramos) Assegura ao empregado que tenha filho ou pessoa com defici\u00eancia sob sua responsabilidade o direito de fazer coincidir suas f\u00e9rias com o per\u00edodo de f\u00e9rias escolares da pessoa sob seus cuidados e d\u00e1 outras [&hellip;]","og_url":"https:\/\/www.legislapp.com.br\/index.php\/avulso-inicial-pl-6892-2025-camara\/","og_site_name":"Legislapp","article_publisher":"https:\/\/www.instagram.com\/legislapp\/","og_image":[{"url":"https:\/\/www.legislapp.com.br\/wp-content\/uploads\/2021\/07\/Logo-Legislapp-1-03-1.png","type":"","width":"","height":""}],"twitter_card":"summary_large_image","twitter_misc":{"Est. tempo de leitura":"6 minutos"},"schema":{"@context":"https:\/\/schema.org","@graph":[{"@type":"WebPage","@id":"https:\/\/www.legislapp.com.br\/index.php\/avulso-inicial-pl-6892-2025-camara\/","url":"https:\/\/www.legislapp.com.br\/index.php\/avulso-inicial-pl-6892-2025-camara\/","name":"Avulso Inicial - PL 6892\/2025 - C\u00e2mara - Legislapp","isPartOf":{"@id":"https:\/\/www.legislapp.com.br\/#website"},"primaryImageOfPage":{"@id":"https:\/\/www.legislapp.com.br\/index.php\/avulso-inicial-pl-6892-2025-camara\/#primaryimage"},"image":{"@id":"https:\/\/www.legislapp.com.br\/index.php\/avulso-inicial-pl-6892-2025-camara\/#primaryimage"},"thumbnailUrl":"https:\/\/www.legislapp.com.br\/wp-content\/uploads\/2021\/07\/Logo-Legislapp-1-03-1.png","datePublished":"2026-03-03T21:58:16+00:00","breadcrumb":{"@id":"https:\/\/www.legislapp.com.br\/index.php\/avulso-inicial-pl-6892-2025-camara\/#breadcrumb"},"inLanguage":"pt-BR","potentialAction":[{"@type":"ReadAction","target":["https:\/\/www.legislapp.com.br\/index.php\/avulso-inicial-pl-6892-2025-camara\/"]}]},{"@type":"ImageObject","inLanguage":"pt-BR","@id":"https:\/\/www.legislapp.com.br\/index.php\/avulso-inicial-pl-6892-2025-camara\/#primaryimage","url":"https:\/\/www.legislapp.com.br\/wp-content\/uploads\/2021\/07\/Logo-Legislapp-1-03-1.png","contentUrl":"https:\/\/www.legislapp.com.br\/wp-content\/uploads\/2021\/07\/Logo-Legislapp-1-03-1.png","width":2679,"height":2697},{"@type":"BreadcrumbList","@id":"https:\/\/www.legislapp.com.br\/index.php\/avulso-inicial-pl-6892-2025-camara\/#breadcrumb","itemListElement":[{"@type":"ListItem","position":1,"name":"In\u00edcio","item":"https:\/\/www.legislapp.com.br\/"},{"@type":"ListItem","position":2,"name":"Avulso Inicial &#8211; PL 6892\/2025 &#8211; C\u00e2mara"}]},{"@type":"WebSite","@id":"https:\/\/www.legislapp.com.br\/#website","url":"https:\/\/www.legislapp.com.br\/","name":"Legislapp","description":"Intelig\u00eancia governamental em tempo real","publisher":{"@id":"https:\/\/www.legislapp.com.br\/#organization"},"potentialAction":[{"@type":"SearchAction","target":{"@type":"EntryPoint","urlTemplate":"https:\/\/www.legislapp.com.br\/?s={search_term_string}"},"query-input":{"@type":"PropertyValueSpecification","valueRequired":true,"valueName":"search_term_string"}}],"inLanguage":"pt-BR"},{"@type":"Organization","@id":"https:\/\/www.legislapp.com.br\/#organization","name":"Legislapp Monitoramento e Intelig\u00eancia Governamental","url":"https:\/\/www.legislapp.com.br\/","logo":{"@type":"ImageObject","inLanguage":"pt-BR","@id":"https:\/\/www.legislapp.com.br\/#\/schema\/logo\/image\/","url":"https:\/\/www.legislapp.com.br\/wp-content\/uploads\/icon.png","contentUrl":"https:\/\/www.legislapp.com.br\/wp-content\/uploads\/icon.png","width":1024,"height":1024,"caption":"Legislapp Monitoramento e Intelig\u00eancia Governamental"},"image":{"@id":"https:\/\/www.legislapp.com.br\/#\/schema\/logo\/image\/"},"sameAs":["https:\/\/www.instagram.com\/legislapp\/"]}]}},"_links":{"self":[{"href":"https:\/\/www.legislapp.com.br\/index.php\/wp-json\/wp\/v2\/pages\/11596","targetHints":{"allow":["GET"]}}],"collection":[{"href":"https:\/\/www.legislapp.com.br\/index.php\/wp-json\/wp\/v2\/pages"}],"about":[{"href":"https:\/\/www.legislapp.com.br\/index.php\/wp-json\/wp\/v2\/types\/page"}],"author":[{"embeddable":true,"href":"https:\/\/www.legislapp.com.br\/index.php\/wp-json\/wp\/v2\/users\/1"}],"replies":[{"embeddable":true,"href":"https:\/\/www.legislapp.com.br\/index.php\/wp-json\/wp\/v2\/comments?post=11596"}],"version-history":[{"count":0,"href":"https:\/\/www.legislapp.com.br\/index.php\/wp-json\/wp\/v2\/pages\/11596\/revisions"}],"wp:attachment":[{"href":"https:\/\/www.legislapp.com.br\/index.php\/wp-json\/wp\/v2\/media?parent=11596"}],"curies":[{"name":"wp","href":"https:\/\/api.w.org\/{rel}","templated":true}]}}