{"id":11597,"date":"2026-03-03T18:58:23","date_gmt":"2026-03-03T21:58:23","guid":{"rendered":"https:\/\/www.legislapp.com.br\/index.php\/avulso-inicial-pl-6460-2025-camara\/"},"modified":"2026-03-03T18:58:23","modified_gmt":"2026-03-03T21:58:23","slug":"avulso-inicial-pl-6460-2025-camara","status":"publish","type":"page","link":"https:\/\/www.legislapp.com.br\/index.php\/avulso-inicial-pl-6460-2025-camara\/","title":{"rendered":"Avulso Inicial &#8211; PL 6460\/2025 &#8211; C\u00e2mara"},"content":{"rendered":"<h1 style='text-align: center;'>Avulso Inicial &#8211; Autoria de Renilce Nicodemos<\/h3>\n<p><\/p>\n<article>\n<p>C\u00c2MARA DOS DEPUTADOS <\/p>\n<p>PROJETO DE LEI N.\u00ba 6.460, DE 2025<br \/>\n(Da Sra. Renilce Nicodemos) <\/p>\n<p>Altera a Lei n\u00ba 12.965, de 23 de abril de 2014 (Marco Civil da Internet), e<br \/>\no Decreto-Lei n\u00ba 2.848, de 7 de dezembro de 1940 (C\u00f3digo Penal), para<br \/>\nestabelecer deveres de cuidado \u00e0s aplica\u00e7\u00f5es de internet quanto \u00e0<br \/>\npreven\u00e7\u00e3o e combate \u00e0 incita\u00e7\u00e3o, \u00e0 automutila\u00e7\u00e3o e ao suic\u00eddio<br \/>\nenvolvendo crian\u00e7as e adolescentes.  <\/p>\n<p>DESPACHO:<br \/>\n\u00c0S COMISS\u00d5ES DE<br \/>\nCOMUNICA\u00c7\u00c3O;<br \/>\nPREVID\u00caNCIA, ASSIST\u00caNCIA SOCIAL, INF\u00c2NCIA, ADOLESC\u00caNCIA E<br \/>\nFAM\u00cdLIA; E<br \/>\nCONSTITUI\u00c7\u00c3O E JUSTI\u00c7A E DE CIDADANIA (M\u00c9RITO E ART. 54,<br \/>\nRICD). <\/p>\n<p>APRECIA\u00c7\u00c3O:<br \/>\nProposi\u00e7\u00e3o Sujeita \u00e0 Aprecia\u00e7\u00e3o do Plen\u00e1rio <\/p>\n<p>PUBLICA\u00c7\u00c3O INICIAL<br \/>\nArt. 137, caput &#8211; RICD <\/p>\n<p>Coordena\u00e7\u00e3o de Comiss\u00f5es Permanentes &#8211; DECOM &#8211; P_6599<br \/>\nCONFERE COM O ORIGINAL AUTENTICADO <br \/>2 <\/p>\n<p>PROJETO DE LEI N\u00ba  DE 2025<br \/>\n(Da Sra. Deputada Renilce Nicodemos)<br \/>\nAltera a Lei n\u00ba 12.965, de 23 de abril de<br \/>\n2014 (Marco Civil da Internet), e o<br \/>\nDecreto-Lei n\u00ba 2.848, de 7 de dezembro<br \/>\nde 1940 (C\u00f3digo Penal), para estabelecer<br \/>\ndeveres de cuidado \u00e0s aplica\u00e7\u00f5es de<br \/>\ninternet quanto \u00e0 preven\u00e7\u00e3o e combate \u00e0<br \/>\nincita\u00e7\u00e3o, \u00e0 automutila\u00e7\u00e3o e ao suic\u00eddio<br \/>\nenvolvendo crian\u00e7as e adolescentes.<br \/>\nO CONGRESSO NACIONAL decreta:<br \/>\nArt. 1\u00ba Esta Lei altera o Marco Civil da Internet e o C\u00f3digo Penal para refor\u00e7ar a<br \/>\nprote\u00e7\u00e3o de crian\u00e7as e adolescentes contra conte\u00fados que induzam ou instiguem a<br \/>\nautomutila\u00e7\u00e3o e o suic\u00eddio no ambiente digital.<br \/>\nArt. 2\u00ba A Lei n\u00ba 12.965, de 23 de abril de 2014, passa a vigorar acrescida do art.<br \/>\n21-A:<br \/>\n&#8220;Art. 21-A. O provedor de aplica\u00e7\u00f5es de internet que exer\u00e7a atividade de<br \/>\nforma organizada, profissionalmente e com fins econ\u00f4micos ser\u00e1<br \/>\nsubsidiariamente respons\u00e1vel civilmente por danos decorrentes de<br \/>\nconte\u00fado gerado por terceiros que instigue, induza ou auxilie a<br \/>\nautomutila\u00e7\u00e3o ou o suic\u00eddio de crian\u00e7as e adolescentes, se, ap\u00f3s o<br \/>\nrecebimento de notifica\u00e7\u00e3o por qualquer interessado ou representante<br \/>\nlegal, deixar de promover, de forma diligente, no \u00e2mbito e nos limites<br \/>\nt\u00e9cnicos do seu servi\u00e7o, a indisponibiliza\u00e7\u00e3o desse conte\u00fado.<br \/>\n\u00a7 1\u00ba A notifica\u00e7\u00e3o prevista no caput dever\u00e1 conter elementos que<br \/>\npermitam a identifica\u00e7\u00e3o espec\u00edfica do material apontado como violador.<br \/>\n\u00a7 2\u00ba Os provedores de que trata o caput devem adotar medidas proativas<br \/>\nde seguran\u00e7a (safety by design) e disponibilizar canais de den\u00fancia<br \/>\nacess\u00edveis e simplificados, priorizando a an\u00e1lise de conte\u00fados que<br \/>\nenvolvam amea\u00e7a \u00e0 vida de crian\u00e7as e adolescentes.&#8221; (NR)<br \/>\nArt. 3\u00ba O art. 12 do Lei n\u00ba 12.965, de 23 de abril de 2014, passa a vigorar com a<br \/>\nseguinte altera\u00e7\u00e3o:<br \/>\n&#8220;Art. 12. &#8230;&#8230;&#8230;&#8230;&#8230;&#8230;&#8230;&#8230;&#8230;&#8230;&#8230;&#8230;&#8230;&#8230;&#8230;&#8230;&#8230;&#8230;&#8230;&#8230;&#8230;&#8230;&#8230;&#8230;&#8230;&#8230;&#8230;&#8230;&#8230;. <\/p>\n<p>&#8230;&#8230;&#8230;&#8230;&#8230;&#8230;&#8230;&#8230;&#8230;&#8230;&#8230;&#8230;&#8230;&#8230;&#8230;&#8230;&#8230;&#8230;&#8230;&#8230;&#8230;&#8230;&#8230;&#8230;&#8230;&#8230;&#8230;&#8230;&#8230;&#8230;&#8230;&#8230;&#8230;&#8230;<br \/>\nCoordena\u00e7\u00e3o de Comiss\u00f5es Permanentes &#8211; DECOM &#8211; P_6599<br \/>\nCONFERE COM O ORIGINAL AUTENTICADO<br \/>\nPL 6460\/2025<br \/>\nPara verificar a assinatura, acesse https:\/\/infoleg-autenticidade-assinatura.camara.leg.br\/CD257934766400<br \/>\n2<br \/>\nAssinado eletronicamente pelo(a) Dep. Renilce Nicodemos<br \/>\nApresenta\u00e7\u00e3o: 16\/12\/2025 13:39:52.293 &#8211; Mesa<br \/>\n*CD257934766400* PL n.6460\/2025<br \/>3<br \/>\nVI &#8211; Tratando-se de infra\u00e7\u00e3o que envolva risco \u00e0 vida ou \u00e0 integridade<br \/>\nf\u00edsica de crian\u00e7as e adolescentes, a multa prevista no inciso II poder\u00e1 ser<br \/>\nelevada at\u00e9 o dobro, respeitados os princ\u00edpios da razoabilidade e<br \/>\nproporcionalidade.&#8221; (NR)<br \/>\nArt. 4\u00ba O art. 122 do Decreto-Lei n\u00ba 2.848, de 7 de dezembro de 1940 (C\u00f3digo<br \/>\nPenal), passa a vigorar com a seguinte reda\u00e7\u00e3o:<br \/>\n&#8220;Art. 122. &#8230;&#8230;&#8230;&#8230;&#8230;&#8230;&#8230;&#8230;&#8230;&#8230;&#8230;&#8230;&#8230;&#8230;&#8230;&#8230;&#8230;&#8230;&#8230;&#8230;&#8230;&#8230;&#8230;&#8230;&#8230;&#8230;&#8230;&#8230;<br \/>\n&#8230;&#8230;&#8230;&#8230;&#8230;&#8230;&#8230;&#8230;&#8230;&#8230;&#8230;&#8230;&#8230;&#8230;&#8230;&#8230;&#8230;&#8230;&#8230;&#8230;&#8230;&#8230;&#8230;&#8230;&#8230;&#8230;&#8230;&#8230;&#8230;&#8230;&#8230;&#8230;&#8230;.<br \/>\n\u00a7 8\u00ba A pena \u00e9 aumentada de metade se o crime de que trata o \u00a7 6\u00ba deste<br \/>\nartigo \u00e9 praticado pelo administrador, moderador ou respons\u00e1vel por<br \/>\ngrupo, comunidade ou canal em rede social ou aplica\u00e7\u00e3o de internet onde<br \/>\na conduta \u00e9 realizada.&#8221; (NR)<br \/>\nArt. 5\u00ba Esta Lei entra em vigor ap\u00f3s decorridos 90 (noventa) dias de sua<br \/>\npublica\u00e7\u00e3o oficial.<br \/>\nJUSTIFICA\u00c7\u00c3O<br \/>\nA prote\u00e7\u00e3o integral da crian\u00e7a e do adolescente \u00e9 um mandamento constitucional<br \/>\nde absoluta prioridade, conforme estatu\u00eddo no art. 227 da Constitui\u00e7\u00e3o Federal de<br \/>\n1988. O avan\u00e7o das tecnologias digitais trouxe desafios in\u00e9ditos para a tutela dessa<br \/>\npopula\u00e7\u00e3o vulner\u00e1vel, especialmente no que tange \u00e0 prolifera\u00e7\u00e3o de conte\u00fados que<br \/>\nincentivam a automutila\u00e7\u00e3o e o autoexterm\u00ednio.<br \/>\nO presente Projeto de Lei visa modernizar o arcabou\u00e7o jur\u00eddico brasileiro para<br \/>\nenfrentar essa grave quest\u00e3o de sa\u00fade p\u00fablica e seguran\u00e7a, harmonizando a prote\u00e7\u00e3o<br \/>\nda vida com os princ\u00edpios da liberdade de express\u00e3o e da privacidade previstos no<br \/>\nMarco Civil da Internet (Lei n\u00ba 12.965\/2014).<br \/>\nDiferentemente de propostas que sugerem monitoramento gen\u00e9rico \u2014 o que<br \/>\npoderia ferir a privacidade dos usu\u00e1rios (art. 5\u00ba, X da CF) e a estrutura t\u00e9cnica da rede<br \/>\n\u2014, este projeto opta por criar um regime de responsabilidade mais c\u00e9lere<br \/>\nespecificamente para casos de risco \u00e0 vida de menores. Ao inserir o art. 21-A no Marco<br \/>\nCivil da Internet, estendemos a l\u00f3gica j\u00e1 aplicada \u00e0 prote\u00e7\u00e3o da intimidade (art. 21 do<br \/>\nMCI) para a prote\u00e7\u00e3o da vida, permitindo a remo\u00e7\u00e3o de conte\u00fados letais mediante<br \/>\nnotifica\u00e7\u00e3o, sem a necessidade de aguardar uma ordem judicial, garantindo a<br \/>\nceleridade que a preserva\u00e7\u00e3o da vida exige. <\/p>\n<p>No \u00e2mbito penal, a proposta agrava as penas do art. 122 do C\u00f3digo Penal para<br \/>\ncondutas de induzimento ao suic\u00eddio praticadas online contra crian\u00e7as e adolescentes,<br \/>\nCoordena\u00e7\u00e3o de Comiss\u00f5es Permanentes &#8211; DECOM &#8211; P_6599<br \/>\nCONFERE COM O ORIGINAL AUTENTICADO<br \/>\nPL 6460\/2025<br \/>\nPara verificar a assinatura, acesse https:\/\/infoleg-autenticidade-assinatura.camara.leg.br\/CD257934766400<br \/>\n3<br \/>\nAssinado eletronicamente pelo(a) Dep. Renilce Nicodemos<br \/>\nApresenta\u00e7\u00e3o: 16\/12\/2025 13:39:52.293 &#8211; Mesa<br \/>\n*CD257934766400* PL n.6460\/2025<br \/>4<br \/>\nreconhecendo a maior reprovabilidade e o alcance amplificado que a internet confere a<br \/>\ntais crimes.<br \/>\nA proposi\u00e7\u00e3o respeita a Lei Complementar n\u00ba 95\/1998, alterando diretamente os<br \/>\ndiplomas legais pertinentes, evitando a cria\u00e7\u00e3o de normas esparsas e garantindo<br \/>\nseguran\u00e7a jur\u00eddica. Com isso, buscamos equilibrar a necess\u00e1ria repress\u00e3o a condutas<br \/>\nnocivas com a preserva\u00e7\u00e3o das garantias fundamentais, assegurando um ambiente<br \/>\ndigital mais seguro para a juventude brasileira.<br \/>\nSala das Sess\u00f5es, em  de 2025.<br \/>\nDeputada RENILCE NICODEMOS<\/p>\n<p>Coordena\u00e7\u00e3o de Comiss\u00f5es Permanentes &#8211; DECOM &#8211; P_6599<br \/>\nCONFERE COM O ORIGINAL AUTENTICADO<br \/>\nPL 6460\/2025<br \/>\nPara verificar a assinatura, acesse https:\/\/infoleg-autenticidade-assinatura.camara.leg.br\/CD257934766400<br \/>\n4<br \/>\nAssinado eletronicamente pelo(a) Dep. Renilce Nicodemos<br \/>\nApresenta\u00e7\u00e3o: 16\/12\/2025 13:39:52.293 &#8211; Mesa<br \/>\n*CD257934766400* PL n.6460\/2025<br \/>5 <\/p>\n<p>C\u00c2MARA DOS DEPUTADOS<br \/>\nCENTRO DE DOCUMENTA\u00c7\u00c3O E INFORMA\u00c7\u00c3O \u2013 CEDI<br \/>\nCoordena\u00e7\u00e3o de Organiza\u00e7\u00e3o da Informa\u00e7\u00e3o Legislativa \u2013 CELEG  <\/p>\n<p>https:\/\/www2.camara.leg.br\/legin\/f<br \/>\nLEI N\u00ba 12.965, DE 23 DE ABRIL DE 2014<br \/>\ned\/lei\/2014\/lei-12965-23-<br \/>\nabril2014-778630-norma-pl.html<br \/>\nDECRETO-LEI N\u00ba 2.848, DE 7 DE DEZEMBRO https:\/\/www2.camara.leg.br\/legin\/f<br \/>\nDE 1940  ed\/declei\/1940-1949\/decreto-<br \/>\nlei2848-7-dezembro-1940-<br \/>\n412868norma-pe.html  <\/p>\n<p>FIM DO DOCUMENTO<br \/>\nCoordena\u00e7\u00e3o de Comiss\u00f5es Permanentes &#8211; DECOM &#8211; P_6599<br \/>\nCONFERE COM O ORIGINAL AUTENTICADO<br \/>\nPL 6460\/2025 <\/article>\n<p><a href='https:\/\/app.legislapp.com.br\/#\/busca?termo=Altera\u00e7\u00e3o'>Altera\u00e7\u00e3o<\/a>, <a href='https:\/\/app.legislapp.com.br\/#\/busca?termo=Marco Civil da Internet (2014)'>Marco Civil da Internet (2014)<\/a>, <a href='https:\/\/app.legislapp.com.br\/#\/busca?termo=C\u00f3digo Penal (1940)'>C\u00f3digo Penal (1940)<\/a>, <a href='https:\/\/app.legislapp.com.br\/#\/busca?termo=aumento'>aumento<\/a>, <a href='https:\/\/app.legislapp.com.br\/#\/busca?termo=prote\u00e7\u00e3o'>prote\u00e7\u00e3o<\/a>, <a href='https:\/\/app.legislapp.com.br\/#\/busca?termo=Crian\u00e7a'>Crian\u00e7a<\/a>, <a href='https:\/\/app.legislapp.com.br\/#\/busca?termo=Adolescente'>Adolescente<\/a>, <a href='https:\/\/app.legislapp.com.br\/#\/busca?termo=Princ\u00edpio da prote\u00e7\u00e3o integral da crian\u00e7a e do adolescente'>Princ\u00edpio da prote\u00e7\u00e3o integral da crian\u00e7a e do adolescente<\/a>, <a href='https:\/\/app.legislapp.com.br\/#\/busca?termo=deveres'>deveres<\/a>, <a href='https:\/\/app.legislapp.com.br\/#\/busca?termo=Aplica\u00e7\u00e3o de internet'>Aplica\u00e7\u00e3o de internet<\/a>, <a href='https:\/\/app.legislapp.com.br\/#\/busca?termo=restri\u00e7\u00e3o'>restri\u00e7\u00e3o<\/a>, <a href='https:\/\/app.legislapp.com.br\/#\/busca?termo=divulga\u00e7\u00e3o'>divulga\u00e7\u00e3o<\/a>, <a href='https:\/\/app.legislapp.com.br\/#\/busca?termo=Conte\u00fado impr\u00f3prio'>Conte\u00fado impr\u00f3prio<\/a>, <a href='https:\/\/app.legislapp.com.br\/#\/busca?termo=Automutila\u00e7\u00e3o'>Automutila\u00e7\u00e3o<\/a>, <a href='https:\/\/app.legislapp.com.br\/#\/busca?termo=Suic\u00eddio'>Suic\u00eddio<\/a>, <a href='https:\/\/app.legislapp.com.br\/#\/busca?termo=Induzimento ao suic\u00eddio'>Induzimento ao suic\u00eddio<\/a>, <a href='https:\/\/app.legislapp.com.br\/#\/busca?termo=Instiga\u00e7\u00e3o ao suic\u00eddio.'>Instiga\u00e7\u00e3o ao suic\u00eddio.<\/a><\/p>\n<div style=\"text-align: center\">\n      <img decoding=\"async\" style=\"width: 14%;\" src=\"https:\/\/www.legislapp.com.br\/wp-content\/uploads\/2021\/07\/Logo-Legislapp-1-03-1.png\"><br \/>\n      <\/p>\n<div style=\"margin-bottom: 20px;\" class=\"et_pb_button_module_wrapper et_pb_button_5_tb_body_wrapper et_pb_button_alignment_center et_pb_module \">\n         <a class=\"et_pb_button et_pb_button_5_tb_body et_hover_enabled et_pb_bg_layout_dark\" style=\"width: 50%;background-color: black;\" href=\"https:\/\/app.legislapp.com.br\" target=\"_blank\" rel=\"noopener\">Visualizar completo na nossa plataforma (30 dias gr\u00e1tis)<\/a><\/p><\/div>\n<p>      <a href=\"https:\/\/play.google.com\/store\/apps\/details?id=br.com.legislapp\"><img decoding=\"async\" style=\"width: 15%; min-width: 130px;\" src=\"https:\/\/www.legislapp.com.br\/wp-content\/uploads\/google-play.png\"><\/a><br \/>\n      <a href=\"https:\/\/apps.apple.com\/us\/app\/legislapp\/id1568929859\"><img decoding=\"async\" style=\"width: 15%; min-width: 130px\" src=\"https:\/\/www.legislapp.com.br\/wp-content\/uploads\/apple-store.png\"><\/a>\n   <\/div>\n","protected":false},"excerpt":{"rendered":"<p>Avulso Inicial &#8211; Autoria de Renilce Nicodemos C\u00c2MARA DOS DEPUTADOS PROJETO DE LEI N.\u00ba 6.460, DE 2025 (Da Sra. Renilce Nicodemos) Altera a Lei n\u00ba 12.965, de 23 de abril de 2014 (Marco Civil da Internet), e o Decreto-Lei n\u00ba 2.848, de 7 de dezembro de 1940 (C\u00f3digo Penal), para estabelecer deveres de cuidado \u00e0s [&hellip;]<\/p>\n","protected":false},"author":1,"featured_media":0,"parent":0,"menu_order":0,"comment_status":"closed","ping_status":"closed","template":"page-template-blank.php","meta":{"_et_pb_use_builder":"","_et_pb_old_content":"","_et_gb_content_width":"1080","ngg_post_thumbnail":0,"footnotes":""},"class_list":["post-11597","page","type-page","status-publish","hentry"],"yoast_head":"<!-- This site is optimized with the Yoast SEO plugin v24.4 - https:\/\/yoast.com\/wordpress\/plugins\/seo\/ -->\n<title>Avulso Inicial - PL 6460\/2025 - C\u00e2mara - Legislapp<\/title>\n<meta name=\"robots\" content=\"index, follow, max-snippet:-1, max-image-preview:large, max-video-preview:-1\" \/>\n<link rel=\"canonical\" href=\"https:\/\/www.legislapp.com.br\/index.php\/avulso-inicial-pl-6460-2025-camara\/\" \/>\n<meta property=\"og:locale\" content=\"pt_BR\" \/>\n<meta property=\"og:type\" content=\"article\" \/>\n<meta property=\"og:title\" content=\"Avulso Inicial - PL 6460\/2025 - C\u00e2mara - Legislapp\" \/>\n<meta property=\"og:description\" content=\"Avulso Inicial &#8211; Autoria de Renilce Nicodemos C\u00c2MARA DOS DEPUTADOS PROJETO DE LEI N.\u00ba 6.460, DE 2025 (Da Sra. Renilce Nicodemos) Altera a Lei n\u00ba 12.965, de 23 de abril de 2014 (Marco Civil da Internet), e o Decreto-Lei n\u00ba 2.848, de 7 de dezembro de 1940 (C\u00f3digo Penal), para estabelecer deveres de cuidado \u00e0s [&hellip;]\" \/>\n<meta property=\"og:url\" content=\"https:\/\/www.legislapp.com.br\/index.php\/avulso-inicial-pl-6460-2025-camara\/\" \/>\n<meta property=\"og:site_name\" content=\"Legislapp\" \/>\n<meta property=\"article:publisher\" content=\"https:\/\/www.instagram.com\/legislapp\/\" \/>\n<meta property=\"og:image\" content=\"https:\/\/www.legislapp.com.br\/wp-content\/uploads\/2021\/07\/Logo-Legislapp-1-03-1.png\" \/>\n<meta name=\"twitter:card\" content=\"summary_large_image\" \/>\n<meta name=\"twitter:label1\" content=\"Est. tempo de leitura\" \/>\n\t<meta name=\"twitter:data1\" content=\"6 minutos\" \/>\n<script type=\"application\/ld+json\" class=\"yoast-schema-graph\">{\"@context\":\"https:\/\/schema.org\",\"@graph\":[{\"@type\":\"WebPage\",\"@id\":\"https:\/\/www.legislapp.com.br\/index.php\/avulso-inicial-pl-6460-2025-camara\/\",\"url\":\"https:\/\/www.legislapp.com.br\/index.php\/avulso-inicial-pl-6460-2025-camara\/\",\"name\":\"Avulso Inicial - PL 6460\/2025 - C\u00e2mara - Legislapp\",\"isPartOf\":{\"@id\":\"https:\/\/www.legislapp.com.br\/#website\"},\"primaryImageOfPage\":{\"@id\":\"https:\/\/www.legislapp.com.br\/index.php\/avulso-inicial-pl-6460-2025-camara\/#primaryimage\"},\"image\":{\"@id\":\"https:\/\/www.legislapp.com.br\/index.php\/avulso-inicial-pl-6460-2025-camara\/#primaryimage\"},\"thumbnailUrl\":\"https:\/\/www.legislapp.com.br\/wp-content\/uploads\/2021\/07\/Logo-Legislapp-1-03-1.png\",\"datePublished\":\"2026-03-03T21:58:23+00:00\",\"breadcrumb\":{\"@id\":\"https:\/\/www.legislapp.com.br\/index.php\/avulso-inicial-pl-6460-2025-camara\/#breadcrumb\"},\"inLanguage\":\"pt-BR\",\"potentialAction\":[{\"@type\":\"ReadAction\",\"target\":[\"https:\/\/www.legislapp.com.br\/index.php\/avulso-inicial-pl-6460-2025-camara\/\"]}]},{\"@type\":\"ImageObject\",\"inLanguage\":\"pt-BR\",\"@id\":\"https:\/\/www.legislapp.com.br\/index.php\/avulso-inicial-pl-6460-2025-camara\/#primaryimage\",\"url\":\"https:\/\/www.legislapp.com.br\/wp-content\/uploads\/2021\/07\/Logo-Legislapp-1-03-1.png\",\"contentUrl\":\"https:\/\/www.legislapp.com.br\/wp-content\/uploads\/2021\/07\/Logo-Legislapp-1-03-1.png\",\"width\":2679,\"height\":2697},{\"@type\":\"BreadcrumbList\",\"@id\":\"https:\/\/www.legislapp.com.br\/index.php\/avulso-inicial-pl-6460-2025-camara\/#breadcrumb\",\"itemListElement\":[{\"@type\":\"ListItem\",\"position\":1,\"name\":\"In\u00edcio\",\"item\":\"https:\/\/www.legislapp.com.br\/\"},{\"@type\":\"ListItem\",\"position\":2,\"name\":\"Avulso Inicial &#8211; PL 6460\/2025 &#8211; C\u00e2mara\"}]},{\"@type\":\"WebSite\",\"@id\":\"https:\/\/www.legislapp.com.br\/#website\",\"url\":\"https:\/\/www.legislapp.com.br\/\",\"name\":\"Legislapp\",\"description\":\"Intelig\u00eancia governamental em tempo real\",\"publisher\":{\"@id\":\"https:\/\/www.legislapp.com.br\/#organization\"},\"potentialAction\":[{\"@type\":\"SearchAction\",\"target\":{\"@type\":\"EntryPoint\",\"urlTemplate\":\"https:\/\/www.legislapp.com.br\/?s={search_term_string}\"},\"query-input\":{\"@type\":\"PropertyValueSpecification\",\"valueRequired\":true,\"valueName\":\"search_term_string\"}}],\"inLanguage\":\"pt-BR\"},{\"@type\":\"Organization\",\"@id\":\"https:\/\/www.legislapp.com.br\/#organization\",\"name\":\"Legislapp Monitoramento e Intelig\u00eancia Governamental\",\"url\":\"https:\/\/www.legislapp.com.br\/\",\"logo\":{\"@type\":\"ImageObject\",\"inLanguage\":\"pt-BR\",\"@id\":\"https:\/\/www.legislapp.com.br\/#\/schema\/logo\/image\/\",\"url\":\"https:\/\/www.legislapp.com.br\/wp-content\/uploads\/icon.png\",\"contentUrl\":\"https:\/\/www.legislapp.com.br\/wp-content\/uploads\/icon.png\",\"width\":1024,\"height\":1024,\"caption\":\"Legislapp Monitoramento e Intelig\u00eancia Governamental\"},\"image\":{\"@id\":\"https:\/\/www.legislapp.com.br\/#\/schema\/logo\/image\/\"},\"sameAs\":[\"https:\/\/www.instagram.com\/legislapp\/\"]}]}<\/script>\n<!-- \/ Yoast SEO plugin. -->","yoast_head_json":{"title":"Avulso Inicial - PL 6460\/2025 - C\u00e2mara - Legislapp","robots":{"index":"index","follow":"follow","max-snippet":"max-snippet:-1","max-image-preview":"max-image-preview:large","max-video-preview":"max-video-preview:-1"},"canonical":"https:\/\/www.legislapp.com.br\/index.php\/avulso-inicial-pl-6460-2025-camara\/","og_locale":"pt_BR","og_type":"article","og_title":"Avulso Inicial - PL 6460\/2025 - C\u00e2mara - Legislapp","og_description":"Avulso Inicial &#8211; Autoria de Renilce Nicodemos C\u00c2MARA DOS DEPUTADOS PROJETO DE LEI N.\u00ba 6.460, DE 2025 (Da Sra. Renilce Nicodemos) Altera a Lei n\u00ba 12.965, de 23 de abril de 2014 (Marco Civil da Internet), e o Decreto-Lei n\u00ba 2.848, de 7 de dezembro de 1940 (C\u00f3digo Penal), para estabelecer deveres de cuidado \u00e0s [&hellip;]","og_url":"https:\/\/www.legislapp.com.br\/index.php\/avulso-inicial-pl-6460-2025-camara\/","og_site_name":"Legislapp","article_publisher":"https:\/\/www.instagram.com\/legislapp\/","og_image":[{"url":"https:\/\/www.legislapp.com.br\/wp-content\/uploads\/2021\/07\/Logo-Legislapp-1-03-1.png","type":"","width":"","height":""}],"twitter_card":"summary_large_image","twitter_misc":{"Est. tempo de leitura":"6 minutos"},"schema":{"@context":"https:\/\/schema.org","@graph":[{"@type":"WebPage","@id":"https:\/\/www.legislapp.com.br\/index.php\/avulso-inicial-pl-6460-2025-camara\/","url":"https:\/\/www.legislapp.com.br\/index.php\/avulso-inicial-pl-6460-2025-camara\/","name":"Avulso Inicial - PL 6460\/2025 - C\u00e2mara - Legislapp","isPartOf":{"@id":"https:\/\/www.legislapp.com.br\/#website"},"primaryImageOfPage":{"@id":"https:\/\/www.legislapp.com.br\/index.php\/avulso-inicial-pl-6460-2025-camara\/#primaryimage"},"image":{"@id":"https:\/\/www.legislapp.com.br\/index.php\/avulso-inicial-pl-6460-2025-camara\/#primaryimage"},"thumbnailUrl":"https:\/\/www.legislapp.com.br\/wp-content\/uploads\/2021\/07\/Logo-Legislapp-1-03-1.png","datePublished":"2026-03-03T21:58:23+00:00","breadcrumb":{"@id":"https:\/\/www.legislapp.com.br\/index.php\/avulso-inicial-pl-6460-2025-camara\/#breadcrumb"},"inLanguage":"pt-BR","potentialAction":[{"@type":"ReadAction","target":["https:\/\/www.legislapp.com.br\/index.php\/avulso-inicial-pl-6460-2025-camara\/"]}]},{"@type":"ImageObject","inLanguage":"pt-BR","@id":"https:\/\/www.legislapp.com.br\/index.php\/avulso-inicial-pl-6460-2025-camara\/#primaryimage","url":"https:\/\/www.legislapp.com.br\/wp-content\/uploads\/2021\/07\/Logo-Legislapp-1-03-1.png","contentUrl":"https:\/\/www.legislapp.com.br\/wp-content\/uploads\/2021\/07\/Logo-Legislapp-1-03-1.png","width":2679,"height":2697},{"@type":"BreadcrumbList","@id":"https:\/\/www.legislapp.com.br\/index.php\/avulso-inicial-pl-6460-2025-camara\/#breadcrumb","itemListElement":[{"@type":"ListItem","position":1,"name":"In\u00edcio","item":"https:\/\/www.legislapp.com.br\/"},{"@type":"ListItem","position":2,"name":"Avulso Inicial &#8211; PL 6460\/2025 &#8211; C\u00e2mara"}]},{"@type":"WebSite","@id":"https:\/\/www.legislapp.com.br\/#website","url":"https:\/\/www.legislapp.com.br\/","name":"Legislapp","description":"Intelig\u00eancia governamental em tempo real","publisher":{"@id":"https:\/\/www.legislapp.com.br\/#organization"},"potentialAction":[{"@type":"SearchAction","target":{"@type":"EntryPoint","urlTemplate":"https:\/\/www.legislapp.com.br\/?s={search_term_string}"},"query-input":{"@type":"PropertyValueSpecification","valueRequired":true,"valueName":"search_term_string"}}],"inLanguage":"pt-BR"},{"@type":"Organization","@id":"https:\/\/www.legislapp.com.br\/#organization","name":"Legislapp Monitoramento e Intelig\u00eancia Governamental","url":"https:\/\/www.legislapp.com.br\/","logo":{"@type":"ImageObject","inLanguage":"pt-BR","@id":"https:\/\/www.legislapp.com.br\/#\/schema\/logo\/image\/","url":"https:\/\/www.legislapp.com.br\/wp-content\/uploads\/icon.png","contentUrl":"https:\/\/www.legislapp.com.br\/wp-content\/uploads\/icon.png","width":1024,"height":1024,"caption":"Legislapp Monitoramento e Intelig\u00eancia Governamental"},"image":{"@id":"https:\/\/www.legislapp.com.br\/#\/schema\/logo\/image\/"},"sameAs":["https:\/\/www.instagram.com\/legislapp\/"]}]}},"_links":{"self":[{"href":"https:\/\/www.legislapp.com.br\/index.php\/wp-json\/wp\/v2\/pages\/11597","targetHints":{"allow":["GET"]}}],"collection":[{"href":"https:\/\/www.legislapp.com.br\/index.php\/wp-json\/wp\/v2\/pages"}],"about":[{"href":"https:\/\/www.legislapp.com.br\/index.php\/wp-json\/wp\/v2\/types\/page"}],"author":[{"embeddable":true,"href":"https:\/\/www.legislapp.com.br\/index.php\/wp-json\/wp\/v2\/users\/1"}],"replies":[{"embeddable":true,"href":"https:\/\/www.legislapp.com.br\/index.php\/wp-json\/wp\/v2\/comments?post=11597"}],"version-history":[{"count":0,"href":"https:\/\/www.legislapp.com.br\/index.php\/wp-json\/wp\/v2\/pages\/11597\/revisions"}],"wp:attachment":[{"href":"https:\/\/www.legislapp.com.br\/index.php\/wp-json\/wp\/v2\/media?parent=11597"}],"curies":[{"name":"wp","href":"https:\/\/api.w.org\/{rel}","templated":true}]}}