{"id":11604,"date":"2026-03-03T18:59:26","date_gmt":"2026-03-03T21:59:26","guid":{"rendered":"https:\/\/www.legislapp.com.br\/index.php\/avulso-inicial-pl-6740-2025-camara\/"},"modified":"2026-03-03T18:59:26","modified_gmt":"2026-03-03T21:59:26","slug":"avulso-inicial-pl-6740-2025-camara","status":"publish","type":"page","link":"https:\/\/www.legislapp.com.br\/index.php\/avulso-inicial-pl-6740-2025-camara\/","title":{"rendered":"Avulso Inicial &#8211; PL 6740\/2025 &#8211; C\u00e2mara"},"content":{"rendered":"<h1 style='text-align: center;'>Avulso Inicial &#8211; Autoria de Duda Ramos<\/h3>\n<p><\/p>\n<article>\n<p>C\u00c2MARA DOS DEPUTADOS <\/p>\n<p>PROJETO DE LEI N.\u00ba 6.740, DE 2025<br \/>\n(Do Sr. Duda Ramos) <\/p>\n<p>Altera a Lei n\u00ba 8.078, de 11 de setembro de 1990 (C\u00f3digo de Defesa do<br \/>\nConsumidor), para estabelecer prazo priorit\u00e1rio de devolu\u00e7\u00e3o do valor<br \/>\npago por produto essencial, quando n\u00e3o houver reposi\u00e7\u00e3o imediata. <\/p>\n<p>DESPACHO:<br \/>\n\u00c0S COMISS\u00d5ES DE<br \/>\nDEFESA DO CONSUMIDOR E<br \/>\nCONSTITUI\u00c7\u00c3O E JUSTI\u00c7A E DE CIDADANIA (ART. 54, RICD). <\/p>\n<p>APRECIA\u00c7\u00c3O:<br \/>\nProposi\u00e7\u00e3o Sujeita \u00e0 Aprecia\u00e7\u00e3o Conclusiva pelas Comiss\u00f5es &#8211; Art. 24 II <\/p>\n<p>PUBLICA\u00c7\u00c3O INICIAL<br \/>\nArt. 137, caput &#8211; RICD <\/p>\n<p>Coordena\u00e7\u00e3o de Comiss\u00f5es Permanentes &#8211; DECOM &#8211; P_6604<br \/>\nCONFERE COM O ORIGINAL AUTENTICADO <br \/>2 <\/p>\n<p>PROJETO DE LEI N\u00ba          , DE 2025<br \/>\n(Do Sr. DUDA RAMOS)<br \/>\nAltera a Lei n\u00ba 8.078, de 11 de<br \/>\nsetembro de 1990 (C\u00f3digo de Defesa do<br \/>\nConsumidor), para estabelecer prazo<br \/>\npriorit\u00e1rio de devolu\u00e7\u00e3o do valor pago por<br \/>\nproduto essencial, quando n\u00e3o houver<br \/>\nreposi\u00e7\u00e3o imediata.<br \/>\nO Congresso Nacional decreta:<br \/>\nArt. 1\u00ba O art. 18 da Lei n\u00ba 8.078, de 11 de setembro de 1990<br \/>\n(C\u00f3digo de Defesa do Consumidor), passa a vigorar acrescido do seguinte \u00a7<br \/>\n9\u00ba:<br \/>\n\u00a7 9\u00ba Quando se tratar de produto essencial e n\u00e3o houver<br \/>\nreposi\u00e7\u00e3o imediata ou substitui\u00e7\u00e3o por produto equivalente, o consumidor ter\u00e1<br \/>\ndireito \u00e0 restitui\u00e7\u00e3o imediata do valor pago, a ser efetuada pelo fornecedor no<br \/>\nprazo m\u00e1ximo de 3 (tr\u00eas) dias corridos, independentemente da modalidade de<br \/>\npagamento utilizada na compra.<br \/>\nArt. 2\u00ba Para fins desta Lei, consideram-se produtos essenciais<br \/>\naqueles cuja aus\u00eancia comprometa de forma direta a sa\u00fade, a seguran\u00e7a ou a<br \/>\nsubsist\u00eancia do consumidor ou de sua fam\u00edlia, a serem regulamentados por ato<br \/>\ndo Poder Executivo.<br \/>\nArt. 3\u00ba Esta Lei entra em vigor ap\u00f3s decorridos 90 (noventa)<br \/>\ndias de sua publica\u00e7\u00e3o oficial.<\/p>\n<p>JUSTIFICA\u00c7\u00c3O<br \/>\nCoordena\u00e7\u00e3o de Comiss\u00f5es Permanentes &#8211; DECOM &#8211; P_6604<br \/>\nCONFERE COM O ORIGINAL AUTENTICADO<br \/>\nPL 6740\/2025<br \/>\nPara verificar a assinatura, acesse https:\/\/infoleg-autenticidade-assinatura.camara.leg.br\/CD254133983600<br \/>\n2<br \/>\nAssinado eletronicamente pelo(a) Dep. Duda Ramos<br \/>\nApresenta\u00e7\u00e3o: 22\/12\/2025 20:23:04.273 &#8211; Mesa<br \/>\n*CD254133983600* PL n.6740\/2025<br \/>3<br \/>\n2<br \/>\nA presente proposta busca corrigir uma lacuna na aplica\u00e7\u00e3o do<br \/>\nC\u00f3digo de Defesa do Consumidor no que diz respeito \u00e0 prote\u00e7\u00e3o do<br \/>\nconsumidor em situa\u00e7\u00f5es emergenciais que envolvem produtos essenciais, tais<br \/>\ncomo alimentos b\u00e1sicos, medicamentos, insumos m\u00e9dicos, itens de higiene,<br \/>\ng\u00e1s de cozinha e outros bens de primeira necessidade.<br \/>\nAtualmente, a legisla\u00e7\u00e3o j\u00e1 garante ao consumidor, nos termos<br \/>\ndo art. 18 do CDC, o direito \u00e0 restitui\u00e7\u00e3o do valor pago, abatimento<br \/>\nproporcional ou substitui\u00e7\u00e3o do produto defeituoso. No entanto, o prazo para<br \/>\nefetiva\u00e7\u00e3o da devolu\u00e7\u00e3o n\u00e3o \u00e9 objetivamente estabelecido, o que resulta,<br \/>\nmuitas vezes, em demora injustificada para ressarcir o consumidor.<br \/>\nEm se tratando de produtos essenciais, a demora na devolu\u00e7\u00e3o<br \/>\nde valores compromete n\u00e3o apenas o direito de escolha do consumidor, mas<br \/>\nsua pr\u00f3pria subsist\u00eancia. Imagine-se a situa\u00e7\u00e3o de uma fam\u00edlia que compra um<br \/>\nmedicamento vital, mas n\u00e3o pode utiliz\u00e1-lo por defeito ou indisponibilidade, e<br \/>\nainda tem de aguardar semanas pela devolu\u00e7\u00e3o do valor para adquirir outro.<br \/>\nTal cen\u00e1rio configura risco \u00e0 sa\u00fade e afronta direta ao princ\u00edpio da dignidade da<br \/>\npessoa humana (art. 1\u00ba, III, da Constitui\u00e7\u00e3o Federal).<br \/>\nAo estabelecer o prazo de 3 (tr\u00eas) dias corridos, este projeto<br \/>\nassegura uma resposta r\u00e1pida, condizente com a urg\u00eancia que a mat\u00e9ria exige.<br \/>\nA medida equilibra a rela\u00e7\u00e3o de consumo, evitando abusos e fortalecendo a<br \/>\nconfian\u00e7a no mercado.<br \/>\nTrata-se, portanto, de uma atualiza\u00e7\u00e3o necess\u00e1ria, exequ\u00edvel e<br \/>\ncoerente com a l\u00f3gica do CDC, que refor\u00e7a o car\u00e1ter protetivo da legisla\u00e7\u00e3o<br \/>\nconsumerista brasileira e responde \u00e0s demandas da sociedade por maior<br \/>\nefetividade e celeridade na solu\u00e7\u00e3o de problemas que envolvam bens de<br \/>\nprimeira necessidade.<br \/>\nPor essas raz\u00f5es, conclamo os nobres pares a apoiar esta<br \/>\nproposta.<\/p>\n<p>      Sala das Sess\u00f5es, em 2025.<\/p>\n<p>Deputado DUDA RAMOS<br \/>\nCoordena\u00e7\u00e3o de Comiss\u00f5es Permanentes &#8211; DECOM &#8211; P_6604<br \/>\nCONFERE COM O ORIGINAL AUTENTICADO<br \/>\nPL 6740\/2025<br \/>\nPara verificar a assinatura, acesse https:\/\/infoleg-autenticidade-assinatura.camara.leg.br\/CD254133983600<br \/>\n3<br \/>\nAssinado eletronicamente pelo(a) Dep. Duda Ramos<br \/>\nApresenta\u00e7\u00e3o: 22\/12\/2025 20:23:04.273 &#8211; Mesa<br \/>\n*CD254133983600* PL n.6740\/2025<br \/>4 <\/p>\n<p>C\u00c2MARA DOS DEPUTADOS<br \/>\nCENTRO DE DOCUMENTA\u00c7\u00c3O E INFORMA\u00c7\u00c3O \u2013 CEDI<br \/>\nCoordena\u00e7\u00e3o de Organiza\u00e7\u00e3o da Informa\u00e7\u00e3o Legislativa \u2013 CELEG  <\/p>\n<p>NORMA CITADA  ENDERE\u00c7O ELETR\u00d4NICO  PARTES<br \/>\nALTERADAS<br \/>\nLEI N\u00ba 8.078, DE 11 DE  https:\/\/normas.leg.br\/?urn=urn:lex:br:fed Art. 18<br \/>\nSETEMBRO DE 1990  eral:lei:1990-09-11;8078   <\/p>\n<p>FIM DO DOCUMENTO<br \/>\nCoordena\u00e7\u00e3o de Comiss\u00f5es Permanentes &#8211; DECOM &#8211; P_6604<br \/>\nCONFERE COM O ORIGINAL AUTENTICADO<br \/>\nPL 6740\/2025 <\/article>\n<p><a href='https:\/\/app.legislapp.com.br\/#\/busca?termo=Altera\u00e7\u00e3o'>Altera\u00e7\u00e3o<\/a>, <a href='https:\/\/app.legislapp.com.br\/#\/busca?termo=C\u00f3digo de Defesa do Consumidor (1990)'>C\u00f3digo de Defesa do Consumidor (1990)<\/a>, <a href='https:\/\/app.legislapp.com.br\/#\/busca?termo=obrigatoriedade'>obrigatoriedade<\/a>, <a href='https:\/\/app.legislapp.com.br\/#\/busca?termo=prazo m\u00e1ximo'>prazo m\u00e1ximo<\/a>, <a href='https:\/\/app.legislapp.com.br\/#\/busca?termo=devolu\u00e7\u00e3o'>devolu\u00e7\u00e3o<\/a>, <a href='https:\/\/app.legislapp.com.br\/#\/busca?termo=valor'>valor<\/a>, <a href='https:\/\/app.legislapp.com.br\/#\/busca?termo=pagamento'>pagamento<\/a>, <a href='https:\/\/app.legislapp.com.br\/#\/busca?termo=produto essencial'>produto essencial<\/a>, <a href='https:\/\/app.legislapp.com.br\/#\/busca?termo=aus\u00eancia'>aus\u00eancia<\/a>, <a href='https:\/\/app.legislapp.com.br\/#\/busca?termo=reposi\u00e7\u00e3o'>reposi\u00e7\u00e3o<\/a>, <a href='https:\/\/app.legislapp.com.br\/#\/busca?termo=agiliza\u00e7\u00e3o.'>agiliza\u00e7\u00e3o.<\/a><\/p>\n<div style=\"text-align: center\">\n      <img decoding=\"async\" style=\"width: 14%;\" src=\"https:\/\/www.legislapp.com.br\/wp-content\/uploads\/2021\/07\/Logo-Legislapp-1-03-1.png\"><br \/>\n      <\/p>\n<div style=\"margin-bottom: 20px;\" class=\"et_pb_button_module_wrapper et_pb_button_5_tb_body_wrapper et_pb_button_alignment_center et_pb_module \">\n         <a class=\"et_pb_button et_pb_button_5_tb_body et_hover_enabled et_pb_bg_layout_dark\" style=\"width: 50%;background-color: black;\" href=\"https:\/\/app.legislapp.com.br\" target=\"_blank\" rel=\"noopener\">Visualizar completo na nossa plataforma (30 dias gr\u00e1tis)<\/a><\/p><\/div>\n<p>      <a href=\"https:\/\/play.google.com\/store\/apps\/details?id=br.com.legislapp\"><img decoding=\"async\" style=\"width: 15%; min-width: 130px;\" src=\"https:\/\/www.legislapp.com.br\/wp-content\/uploads\/google-play.png\"><\/a><br \/>\n      <a href=\"https:\/\/apps.apple.com\/us\/app\/legislapp\/id1568929859\"><img decoding=\"async\" style=\"width: 15%; min-width: 130px\" src=\"https:\/\/www.legislapp.com.br\/wp-content\/uploads\/apple-store.png\"><\/a>\n   <\/div>\n","protected":false},"excerpt":{"rendered":"<p>Avulso Inicial &#8211; Autoria de Duda Ramos C\u00c2MARA DOS DEPUTADOS PROJETO DE LEI N.\u00ba 6.740, DE 2025 (Do Sr. Duda Ramos) Altera a Lei n\u00ba 8.078, de 11 de setembro de 1990 (C\u00f3digo de Defesa do Consumidor), para estabelecer prazo priorit\u00e1rio de devolu\u00e7\u00e3o do valor pago por produto essencial, quando n\u00e3o houver reposi\u00e7\u00e3o imediata. DESPACHO: [&hellip;]<\/p>\n","protected":false},"author":1,"featured_media":0,"parent":0,"menu_order":0,"comment_status":"closed","ping_status":"closed","template":"page-template-blank.php","meta":{"_et_pb_use_builder":"","_et_pb_old_content":"","_et_gb_content_width":"1080","ngg_post_thumbnail":0,"footnotes":""},"class_list":["post-11604","page","type-page","status-publish","hentry"],"yoast_head":"<!-- This site is optimized with the Yoast SEO plugin v24.4 - https:\/\/yoast.com\/wordpress\/plugins\/seo\/ -->\n<title>Avulso Inicial - PL 6740\/2025 - C\u00e2mara - Legislapp<\/title>\n<meta name=\"robots\" content=\"index, follow, max-snippet:-1, max-image-preview:large, max-video-preview:-1\" \/>\n<link rel=\"canonical\" href=\"https:\/\/www.legislapp.com.br\/index.php\/avulso-inicial-pl-6740-2025-camara\/\" \/>\n<meta property=\"og:locale\" content=\"pt_BR\" \/>\n<meta property=\"og:type\" content=\"article\" \/>\n<meta property=\"og:title\" content=\"Avulso Inicial - PL 6740\/2025 - C\u00e2mara - Legislapp\" \/>\n<meta property=\"og:description\" content=\"Avulso Inicial &#8211; Autoria de Duda Ramos C\u00c2MARA DOS DEPUTADOS PROJETO DE LEI N.\u00ba 6.740, DE 2025 (Do Sr. Duda Ramos) Altera a Lei n\u00ba 8.078, de 11 de setembro de 1990 (C\u00f3digo de Defesa do Consumidor), para estabelecer prazo priorit\u00e1rio de devolu\u00e7\u00e3o do valor pago por produto essencial, quando n\u00e3o houver reposi\u00e7\u00e3o imediata. DESPACHO: [&hellip;]\" \/>\n<meta property=\"og:url\" content=\"https:\/\/www.legislapp.com.br\/index.php\/avulso-inicial-pl-6740-2025-camara\/\" \/>\n<meta property=\"og:site_name\" content=\"Legislapp\" \/>\n<meta property=\"article:publisher\" content=\"https:\/\/www.instagram.com\/legislapp\/\" \/>\n<meta property=\"og:image\" content=\"https:\/\/www.legislapp.com.br\/wp-content\/uploads\/2021\/07\/Logo-Legislapp-1-03-1.png\" \/>\n<meta name=\"twitter:card\" content=\"summary_large_image\" \/>\n<meta name=\"twitter:label1\" content=\"Est. tempo de leitura\" \/>\n\t<meta name=\"twitter:data1\" content=\"4 minutos\" \/>\n<script type=\"application\/ld+json\" class=\"yoast-schema-graph\">{\"@context\":\"https:\/\/schema.org\",\"@graph\":[{\"@type\":\"WebPage\",\"@id\":\"https:\/\/www.legislapp.com.br\/index.php\/avulso-inicial-pl-6740-2025-camara\/\",\"url\":\"https:\/\/www.legislapp.com.br\/index.php\/avulso-inicial-pl-6740-2025-camara\/\",\"name\":\"Avulso Inicial - PL 6740\/2025 - C\u00e2mara - Legislapp\",\"isPartOf\":{\"@id\":\"https:\/\/www.legislapp.com.br\/#website\"},\"primaryImageOfPage\":{\"@id\":\"https:\/\/www.legislapp.com.br\/index.php\/avulso-inicial-pl-6740-2025-camara\/#primaryimage\"},\"image\":{\"@id\":\"https:\/\/www.legislapp.com.br\/index.php\/avulso-inicial-pl-6740-2025-camara\/#primaryimage\"},\"thumbnailUrl\":\"https:\/\/www.legislapp.com.br\/wp-content\/uploads\/2021\/07\/Logo-Legislapp-1-03-1.png\",\"datePublished\":\"2026-03-03T21:59:26+00:00\",\"breadcrumb\":{\"@id\":\"https:\/\/www.legislapp.com.br\/index.php\/avulso-inicial-pl-6740-2025-camara\/#breadcrumb\"},\"inLanguage\":\"pt-BR\",\"potentialAction\":[{\"@type\":\"ReadAction\",\"target\":[\"https:\/\/www.legislapp.com.br\/index.php\/avulso-inicial-pl-6740-2025-camara\/\"]}]},{\"@type\":\"ImageObject\",\"inLanguage\":\"pt-BR\",\"@id\":\"https:\/\/www.legislapp.com.br\/index.php\/avulso-inicial-pl-6740-2025-camara\/#primaryimage\",\"url\":\"https:\/\/www.legislapp.com.br\/wp-content\/uploads\/2021\/07\/Logo-Legislapp-1-03-1.png\",\"contentUrl\":\"https:\/\/www.legislapp.com.br\/wp-content\/uploads\/2021\/07\/Logo-Legislapp-1-03-1.png\",\"width\":2679,\"height\":2697},{\"@type\":\"BreadcrumbList\",\"@id\":\"https:\/\/www.legislapp.com.br\/index.php\/avulso-inicial-pl-6740-2025-camara\/#breadcrumb\",\"itemListElement\":[{\"@type\":\"ListItem\",\"position\":1,\"name\":\"In\u00edcio\",\"item\":\"https:\/\/www.legislapp.com.br\/\"},{\"@type\":\"ListItem\",\"position\":2,\"name\":\"Avulso Inicial &#8211; PL 6740\/2025 &#8211; C\u00e2mara\"}]},{\"@type\":\"WebSite\",\"@id\":\"https:\/\/www.legislapp.com.br\/#website\",\"url\":\"https:\/\/www.legislapp.com.br\/\",\"name\":\"Legislapp\",\"description\":\"Intelig\u00eancia governamental em tempo real\",\"publisher\":{\"@id\":\"https:\/\/www.legislapp.com.br\/#organization\"},\"potentialAction\":[{\"@type\":\"SearchAction\",\"target\":{\"@type\":\"EntryPoint\",\"urlTemplate\":\"https:\/\/www.legislapp.com.br\/?s={search_term_string}\"},\"query-input\":{\"@type\":\"PropertyValueSpecification\",\"valueRequired\":true,\"valueName\":\"search_term_string\"}}],\"inLanguage\":\"pt-BR\"},{\"@type\":\"Organization\",\"@id\":\"https:\/\/www.legislapp.com.br\/#organization\",\"name\":\"Legislapp Monitoramento e Intelig\u00eancia Governamental\",\"url\":\"https:\/\/www.legislapp.com.br\/\",\"logo\":{\"@type\":\"ImageObject\",\"inLanguage\":\"pt-BR\",\"@id\":\"https:\/\/www.legislapp.com.br\/#\/schema\/logo\/image\/\",\"url\":\"https:\/\/www.legislapp.com.br\/wp-content\/uploads\/icon.png\",\"contentUrl\":\"https:\/\/www.legislapp.com.br\/wp-content\/uploads\/icon.png\",\"width\":1024,\"height\":1024,\"caption\":\"Legislapp Monitoramento e Intelig\u00eancia Governamental\"},\"image\":{\"@id\":\"https:\/\/www.legislapp.com.br\/#\/schema\/logo\/image\/\"},\"sameAs\":[\"https:\/\/www.instagram.com\/legislapp\/\"]}]}<\/script>\n<!-- \/ Yoast SEO plugin. -->","yoast_head_json":{"title":"Avulso Inicial - PL 6740\/2025 - C\u00e2mara - Legislapp","robots":{"index":"index","follow":"follow","max-snippet":"max-snippet:-1","max-image-preview":"max-image-preview:large","max-video-preview":"max-video-preview:-1"},"canonical":"https:\/\/www.legislapp.com.br\/index.php\/avulso-inicial-pl-6740-2025-camara\/","og_locale":"pt_BR","og_type":"article","og_title":"Avulso Inicial - PL 6740\/2025 - C\u00e2mara - Legislapp","og_description":"Avulso Inicial &#8211; Autoria de Duda Ramos C\u00c2MARA DOS DEPUTADOS PROJETO DE LEI N.\u00ba 6.740, DE 2025 (Do Sr. Duda Ramos) Altera a Lei n\u00ba 8.078, de 11 de setembro de 1990 (C\u00f3digo de Defesa do Consumidor), para estabelecer prazo priorit\u00e1rio de devolu\u00e7\u00e3o do valor pago por produto essencial, quando n\u00e3o houver reposi\u00e7\u00e3o imediata. DESPACHO: [&hellip;]","og_url":"https:\/\/www.legislapp.com.br\/index.php\/avulso-inicial-pl-6740-2025-camara\/","og_site_name":"Legislapp","article_publisher":"https:\/\/www.instagram.com\/legislapp\/","og_image":[{"url":"https:\/\/www.legislapp.com.br\/wp-content\/uploads\/2021\/07\/Logo-Legislapp-1-03-1.png","type":"","width":"","height":""}],"twitter_card":"summary_large_image","twitter_misc":{"Est. tempo de leitura":"4 minutos"},"schema":{"@context":"https:\/\/schema.org","@graph":[{"@type":"WebPage","@id":"https:\/\/www.legislapp.com.br\/index.php\/avulso-inicial-pl-6740-2025-camara\/","url":"https:\/\/www.legislapp.com.br\/index.php\/avulso-inicial-pl-6740-2025-camara\/","name":"Avulso Inicial - PL 6740\/2025 - C\u00e2mara - Legislapp","isPartOf":{"@id":"https:\/\/www.legislapp.com.br\/#website"},"primaryImageOfPage":{"@id":"https:\/\/www.legislapp.com.br\/index.php\/avulso-inicial-pl-6740-2025-camara\/#primaryimage"},"image":{"@id":"https:\/\/www.legislapp.com.br\/index.php\/avulso-inicial-pl-6740-2025-camara\/#primaryimage"},"thumbnailUrl":"https:\/\/www.legislapp.com.br\/wp-content\/uploads\/2021\/07\/Logo-Legislapp-1-03-1.png","datePublished":"2026-03-03T21:59:26+00:00","breadcrumb":{"@id":"https:\/\/www.legislapp.com.br\/index.php\/avulso-inicial-pl-6740-2025-camara\/#breadcrumb"},"inLanguage":"pt-BR","potentialAction":[{"@type":"ReadAction","target":["https:\/\/www.legislapp.com.br\/index.php\/avulso-inicial-pl-6740-2025-camara\/"]}]},{"@type":"ImageObject","inLanguage":"pt-BR","@id":"https:\/\/www.legislapp.com.br\/index.php\/avulso-inicial-pl-6740-2025-camara\/#primaryimage","url":"https:\/\/www.legislapp.com.br\/wp-content\/uploads\/2021\/07\/Logo-Legislapp-1-03-1.png","contentUrl":"https:\/\/www.legislapp.com.br\/wp-content\/uploads\/2021\/07\/Logo-Legislapp-1-03-1.png","width":2679,"height":2697},{"@type":"BreadcrumbList","@id":"https:\/\/www.legislapp.com.br\/index.php\/avulso-inicial-pl-6740-2025-camara\/#breadcrumb","itemListElement":[{"@type":"ListItem","position":1,"name":"In\u00edcio","item":"https:\/\/www.legislapp.com.br\/"},{"@type":"ListItem","position":2,"name":"Avulso Inicial &#8211; PL 6740\/2025 &#8211; C\u00e2mara"}]},{"@type":"WebSite","@id":"https:\/\/www.legislapp.com.br\/#website","url":"https:\/\/www.legislapp.com.br\/","name":"Legislapp","description":"Intelig\u00eancia governamental em tempo real","publisher":{"@id":"https:\/\/www.legislapp.com.br\/#organization"},"potentialAction":[{"@type":"SearchAction","target":{"@type":"EntryPoint","urlTemplate":"https:\/\/www.legislapp.com.br\/?s={search_term_string}"},"query-input":{"@type":"PropertyValueSpecification","valueRequired":true,"valueName":"search_term_string"}}],"inLanguage":"pt-BR"},{"@type":"Organization","@id":"https:\/\/www.legislapp.com.br\/#organization","name":"Legislapp Monitoramento e Intelig\u00eancia Governamental","url":"https:\/\/www.legislapp.com.br\/","logo":{"@type":"ImageObject","inLanguage":"pt-BR","@id":"https:\/\/www.legislapp.com.br\/#\/schema\/logo\/image\/","url":"https:\/\/www.legislapp.com.br\/wp-content\/uploads\/icon.png","contentUrl":"https:\/\/www.legislapp.com.br\/wp-content\/uploads\/icon.png","width":1024,"height":1024,"caption":"Legislapp Monitoramento e Intelig\u00eancia Governamental"},"image":{"@id":"https:\/\/www.legislapp.com.br\/#\/schema\/logo\/image\/"},"sameAs":["https:\/\/www.instagram.com\/legislapp\/"]}]}},"_links":{"self":[{"href":"https:\/\/www.legislapp.com.br\/index.php\/wp-json\/wp\/v2\/pages\/11604","targetHints":{"allow":["GET"]}}],"collection":[{"href":"https:\/\/www.legislapp.com.br\/index.php\/wp-json\/wp\/v2\/pages"}],"about":[{"href":"https:\/\/www.legislapp.com.br\/index.php\/wp-json\/wp\/v2\/types\/page"}],"author":[{"embeddable":true,"href":"https:\/\/www.legislapp.com.br\/index.php\/wp-json\/wp\/v2\/users\/1"}],"replies":[{"embeddable":true,"href":"https:\/\/www.legislapp.com.br\/index.php\/wp-json\/wp\/v2\/comments?post=11604"}],"version-history":[{"count":0,"href":"https:\/\/www.legislapp.com.br\/index.php\/wp-json\/wp\/v2\/pages\/11604\/revisions"}],"wp:attachment":[{"href":"https:\/\/www.legislapp.com.br\/index.php\/wp-json\/wp\/v2\/media?parent=11604"}],"curies":[{"name":"wp","href":"https:\/\/api.w.org\/{rel}","templated":true}]}}