{"id":11605,"date":"2026-03-03T18:59:39","date_gmt":"2026-03-03T21:59:39","guid":{"rendered":"https:\/\/www.legislapp.com.br\/index.php\/avulso-inicial-pl-6435-2025-camara\/"},"modified":"2026-03-03T18:59:39","modified_gmt":"2026-03-03T21:59:39","slug":"avulso-inicial-pl-6435-2025-camara","status":"publish","type":"page","link":"https:\/\/www.legislapp.com.br\/index.php\/avulso-inicial-pl-6435-2025-camara\/","title":{"rendered":"Avulso Inicial &#8211; PL 6435\/2025 &#8211; C\u00e2mara"},"content":{"rendered":"<h1 style='text-align: center;'>Avulso Inicial &#8211; Autoria de Amom Mandel<\/h3>\n<p><\/p>\n<article> C\u00c2MARA DOS DEPUTADOS<br \/>\n Gabinete do Deputado Federal AMOM MANDEL \u2013 CIDADANIA\/AM<br \/>\nPROJETO DE LEI N\u00ba      , DE 2025<br \/>\n(Do Sr. AMOM MANDEL)<br \/>\nAltera a Lei n\u00ba 8.213, de 24 de julho<br \/>\nde 1991 (Plano de Benef\u00edcios da Previd\u00eancia<br \/>\nSocial), para formalizar o trabalho da mulher<br \/>\nno campo.<br \/>\nO Congresso Nacional decreta:<br \/>\nArt. 1\u00ba A Lei n\u00ba 8.213, de 24 de julho de 1991 (Plano de Benef\u00edcios da<br \/>\nPrevid\u00eancia Social), passa a vigorar com as seguintes altera\u00e7\u00f5es:<br \/>\n&#8220;Art.<br \/>\n11. &#8230;&#8230;&#8230;&#8230;&#8230;&#8230;&#8230;&#8230;&#8230;&#8230;&#8230;&#8230;&#8230;&#8230;&#8230;&#8230;&#8230;&#8230;&#8230;&#8230;&#8230;&#8230;&#8230;&#8230;&#8230;&#8230;&#8230;&#8230;&#8230;&#8230;&#8230;&#8230;&#8230;&#8230;&#8230;&#8230;&#8230;<br \/>\n&#8230;..<br \/>\n\u00a7 13 O enquadramento da trabalhadora rural como segurada especial<br \/>\nindepende da condi\u00e7\u00e3o do c\u00f4njuge ou companheiro, sendo-lhe<br \/>\nassegurada a comprova\u00e7\u00e3o individual da atividade rural.<br \/>\n\u00a7 14 Para fins de comprova\u00e7\u00e3o da atividade rural do segurado especial,<br \/>\nser\u00e1 admitida a autodeclara\u00e7\u00e3o, ratificada por \u00f3rg\u00e3os p\u00fablicos federais,<br \/>\nestaduais ou municipais de assist\u00eancia t\u00e9cnica e extens\u00e3o rural,<br \/>\nsindicatos de trabalhadores rurais ou col\u00f4nias de pescadores, na forma<br \/>\ndo regulamento.<br \/>\n\u00a7 15 A mulher trabalhadora rural n\u00e3o poder\u00e1 ter sua qualidade de<br \/>\nsegurada especial questionada ou invalidada sob o argumento de que<br \/>\nsua atividade era meramente de aux\u00edlio ou ajuda ao trabalho do c\u00f4njuge<br \/>\n___________________________________________________________________________<br \/>\nC\u00e2mara dos Deputados | Anexo IV Gabinete 760 | \u2013 CEP: 70160-900 \u2013<br \/>\nBras\u00edlia-DF<br \/>\nTel (61) 3215-5760 | dep.amommandel@camara.leg.br<br \/>\nPara verificar a assinatura, acesse https:\/\/infoleg-autenticidade-assinatura.camara.leg.br\/CD252696933400<br \/>\nAssinado eletronicamente pelo(a) Dep. Amom Mandel<br \/>\nApresenta\u00e7\u00e3o: 15\/12\/2025 18:27:11.207 &#8211; Mesa<br \/>\n*CD252696933400* PL n.6435\/2025<br \/> C\u00c2MARA DOS DEPUTADOS<br \/>\n Gabinete do Deputado Federal AMOM MANDEL \u2013 CIDADANIA\/AM<br \/>\nou companheiro, sendo presumida sua condi\u00e7\u00e3o de produtora principal<br \/>\nou co-produtora.&#8221; (NR)<br \/>\nArt. 2\u00ba  O Poder Executivo Federal regulamentar\u00e1 esta Lei no prazo de 90<br \/>\n(noventa) dias ap\u00f3s a sua publica\u00e7\u00e3o.<br \/>\nArt. 3\u00ba Esta Lei entra em vigor na data de sua publica\u00e7\u00e3o.<br \/>\nJUSTIFICA\u00c7\u00c3O<br \/>\nO presente Projeto de Lei \u00e9 motivado pela urgente necessidade de<br \/>\ncombater a informalidade estrutural, a desigualdade de g\u00eanero e a invisibilidade<br \/>\nsocioecon\u00f4mica que historicamente afetam a mulher trabalhadora no campo brasileiro.<br \/>\nA intensa participa\u00e7\u00e3o feminina na produ\u00e7\u00e3o de alimentos, na seguran\u00e7a alimentar e na<br \/>\nsustentabilidade do meio rural contrasta drasticamente com a falta de reconhecimento<br \/>\nlegal de seu status como produtora ou co-produtora principal. Esta desvincula\u00e7\u00e3o gera<br \/>\ninseguran\u00e7a jur\u00eddica, previdenci\u00e1ria e econ\u00f4mica, que o projeto busca corrigir por meio<br \/>\nde altera\u00e7\u00f5es na legisla\u00e7\u00e3o federal.<br \/>\nNa esfera previdenci\u00e1ria, a Lei n\u00ba 8.213\/91 (Plano de Benef\u00edcios da<br \/>\nPrevid\u00eancia Social) frequentemente centraliza o reconhecimento do &#8220;segurado<br \/>\nespecial&#8221; na figura masculina, relegando a mulher ao papel de mera &#8220;ajudante&#8221;. O<br \/>\nprojeto corrige essa falha ao garantir que o enquadramento da trabalhadora rural como<br \/>\nsegurada especial independa da condi\u00e7\u00e3o do c\u00f4njuge ou companheiro, assegurando a<br \/>\ncomprova\u00e7\u00e3o individual de sua atividade. Al\u00e9m disso, pro\u00edbe que sua qualidade de<br \/>\nsegurada seja invalidada sob o argumento de ser &#8220;mera ajuda&#8221;, presumindo sua<br \/>\n___________________________________________________________________________<br \/>\nC\u00e2mara dos Deputados | Anexo IV Gabinete 760 | \u2013 CEP: 70160-900 \u2013<br \/>\nBras\u00edlia-DF<br \/>\nTel (61) 3215-5760 | dep.amommandel@camara.leg.br<br \/>\nPara verificar a assinatura, acesse https:\/\/infoleg-autenticidade-assinatura.camara.leg.br\/CD252696933400<br \/>\nAssinado eletronicamente pelo(a) Dep. Amom Mandel<br \/>\nApresenta\u00e7\u00e3o: 15\/12\/2025 18:27:11.207 &#8211; Mesa<br \/>\n*CD252696933400* PL n.6435\/2025<br \/> C\u00c2MARA DOS DEPUTADOS<br \/>\n Gabinete do Deputado Federal AMOM MANDEL \u2013 CIDADANIA\/AM<br \/>\ncondi\u00e7\u00e3o de produtora, e simplifica o acesso ao direito pela autodeclara\u00e7\u00e3o ratificada<br \/>\npor \u00f3rg\u00e3os p\u00fablicos e sindicatos.<br \/>\nEm resumo, este Projeto de Lei \u00e9 uma medida de justi\u00e7a social e corre\u00e7\u00e3o<br \/>\nhist\u00f3rica, que transforma a realidade da mulher rural ao garantir seu reconhecimento<br \/>\nlegal pleno, sua seguran\u00e7a previdenci\u00e1ria e sua autonomia econ\u00f4mica, combatendo a<br \/>\ninvisibilidade e a informalidade e, consequentemente, fortalecendo a agricultura familiar<br \/>\ne a equidade de g\u00eanero no pa\u00eds.<br \/>\nSala das Sess\u00f5es, em        de                     de 2025.<br \/>\nDeputado AMOM MANDEL<br \/>\n___________________________________________________________________________<br \/>\nC\u00e2mara dos Deputados | Anexo IV Gabinete 760 | \u2013 CEP: 70160-900 \u2013<br \/>\nBras\u00edlia-DF<br \/>\nTel (61) 3215-5760 | dep.amommandel@camara.leg.br<br \/>\nPara verificar a assinatura, acesse https:\/\/infoleg-autenticidade-assinatura.camara.leg.br\/CD252696933400<br \/>\nAssinado eletronicamente pelo(a) Dep. Amom Mandel<br \/>\nApresenta\u00e7\u00e3o: 15\/12\/2025 18:27:11.207 &#8211; Mesa<br \/>\n*CD252696933400* PL n.6435\/2025<\/article>\n<p><a href='https:\/\/app.legislapp.com.br\/#\/busca?termo=Altera\u00e7\u00e3o'>Altera\u00e7\u00e3o<\/a>, <a href='https:\/\/app.legislapp.com.br\/#\/busca?termo=Lei de Benef\u00edcios da Previd\u00eancia Social (1991)'>Lei de Benef\u00edcios da Previd\u00eancia Social (1991)<\/a>, <a href='https:\/\/app.legislapp.com.br\/#\/busca?termo=formaliza\u00e7\u00e3o'>formaliza\u00e7\u00e3o<\/a>, <a href='https:\/\/app.legislapp.com.br\/#\/busca?termo=Trabalho rural'>Trabalho rural<\/a>, <a href='https:\/\/app.legislapp.com.br\/#\/busca?termo=Mulher'>Mulher<\/a>, <a href='https:\/\/app.legislapp.com.br\/#\/busca?termo=Trabalhador rural'>Trabalhador rural<\/a>, <a href='https:\/\/app.legislapp.com.br\/#\/busca?termo=Segurado especial'>Segurado especial<\/a>, <a href='https:\/\/app.legislapp.com.br\/#\/busca?termo=erradica\u00e7\u00e3o'>erradica\u00e7\u00e3o<\/a>, <a href='https:\/\/app.legislapp.com.br\/#\/busca?termo=informalidade'>informalidade<\/a>, <a href='https:\/\/app.legislapp.com.br\/#\/busca?termo=Trabalho informal'>Trabalho informal<\/a>, <a href='https:\/\/app.legislapp.com.br\/#\/busca?termo=Benef\u00edcio previdenci\u00e1rio.'>Benef\u00edcio previdenci\u00e1rio.<\/a><\/p>\n<div style=\"text-align: center\">\n      <img decoding=\"async\" style=\"width: 14%;\" src=\"https:\/\/www.legislapp.com.br\/wp-content\/uploads\/2021\/07\/Logo-Legislapp-1-03-1.png\"><br \/>\n      <\/p>\n<div style=\"margin-bottom: 20px;\" class=\"et_pb_button_module_wrapper et_pb_button_5_tb_body_wrapper et_pb_button_alignment_center et_pb_module \">\n         <a class=\"et_pb_button et_pb_button_5_tb_body et_hover_enabled et_pb_bg_layout_dark\" style=\"width: 50%;background-color: black;\" href=\"https:\/\/app.legislapp.com.br\" target=\"_blank\" rel=\"noopener\">Visualizar completo na nossa plataforma (30 dias gr\u00e1tis)<\/a><\/p><\/div>\n<p>      <a href=\"https:\/\/play.google.com\/store\/apps\/details?id=br.com.legislapp\"><img decoding=\"async\" style=\"width: 15%; min-width: 130px;\" src=\"https:\/\/www.legislapp.com.br\/wp-content\/uploads\/google-play.png\"><\/a><br \/>\n      <a href=\"https:\/\/apps.apple.com\/us\/app\/legislapp\/id1568929859\"><img decoding=\"async\" style=\"width: 15%; min-width: 130px\" src=\"https:\/\/www.legislapp.com.br\/wp-content\/uploads\/apple-store.png\"><\/a>\n   <\/div>\n","protected":false},"excerpt":{"rendered":"<p>Avulso Inicial &#8211; Autoria de Amom Mandel C\u00c2MARA DOS DEPUTADOS Gabinete do Deputado Federal AMOM MANDEL \u2013 CIDADANIA\/AM PROJETO DE LEI N\u00ba , DE 2025 (Do Sr. AMOM MANDEL) Altera a Lei n\u00ba 8.213, de 24 de julho de 1991 (Plano de Benef\u00edcios da Previd\u00eancia Social), para formalizar o trabalho da mulher no campo. O [&hellip;]<\/p>\n","protected":false},"author":1,"featured_media":0,"parent":0,"menu_order":0,"comment_status":"closed","ping_status":"closed","template":"page-template-blank.php","meta":{"_et_pb_use_builder":"","_et_pb_old_content":"","_et_gb_content_width":"1080","ngg_post_thumbnail":0,"footnotes":""},"class_list":["post-11605","page","type-page","status-publish","hentry"],"yoast_head":"<!-- This site is optimized with the Yoast SEO plugin v24.4 - https:\/\/yoast.com\/wordpress\/plugins\/seo\/ -->\n<title>Avulso Inicial - PL 6435\/2025 - C\u00e2mara - Legislapp<\/title>\n<meta name=\"robots\" content=\"index, follow, max-snippet:-1, max-image-preview:large, max-video-preview:-1\" \/>\n<link rel=\"canonical\" href=\"https:\/\/www.legislapp.com.br\/index.php\/avulso-inicial-pl-6435-2025-camara\/\" \/>\n<meta property=\"og:locale\" content=\"pt_BR\" \/>\n<meta property=\"og:type\" content=\"article\" \/>\n<meta property=\"og:title\" content=\"Avulso Inicial - PL 6435\/2025 - C\u00e2mara - Legislapp\" \/>\n<meta property=\"og:description\" content=\"Avulso Inicial &#8211; Autoria de Amom Mandel C\u00c2MARA DOS DEPUTADOS Gabinete do Deputado Federal AMOM MANDEL \u2013 CIDADANIA\/AM PROJETO DE LEI N\u00ba , DE 2025 (Do Sr. AMOM MANDEL) Altera a Lei n\u00ba 8.213, de 24 de julho de 1991 (Plano de Benef\u00edcios da Previd\u00eancia Social), para formalizar o trabalho da mulher no campo. O [&hellip;]\" \/>\n<meta property=\"og:url\" content=\"https:\/\/www.legislapp.com.br\/index.php\/avulso-inicial-pl-6435-2025-camara\/\" \/>\n<meta property=\"og:site_name\" content=\"Legislapp\" \/>\n<meta property=\"article:publisher\" content=\"https:\/\/www.instagram.com\/legislapp\/\" \/>\n<meta property=\"og:image\" content=\"https:\/\/www.legislapp.com.br\/wp-content\/uploads\/2021\/07\/Logo-Legislapp-1-03-1.png\" \/>\n<meta name=\"twitter:card\" content=\"summary_large_image\" \/>\n<meta name=\"twitter:label1\" content=\"Est. tempo de leitura\" \/>\n\t<meta name=\"twitter:data1\" content=\"4 minutos\" \/>\n<script type=\"application\/ld+json\" class=\"yoast-schema-graph\">{\"@context\":\"https:\/\/schema.org\",\"@graph\":[{\"@type\":\"WebPage\",\"@id\":\"https:\/\/www.legislapp.com.br\/index.php\/avulso-inicial-pl-6435-2025-camara\/\",\"url\":\"https:\/\/www.legislapp.com.br\/index.php\/avulso-inicial-pl-6435-2025-camara\/\",\"name\":\"Avulso Inicial - PL 6435\/2025 - C\u00e2mara - Legislapp\",\"isPartOf\":{\"@id\":\"https:\/\/www.legislapp.com.br\/#website\"},\"primaryImageOfPage\":{\"@id\":\"https:\/\/www.legislapp.com.br\/index.php\/avulso-inicial-pl-6435-2025-camara\/#primaryimage\"},\"image\":{\"@id\":\"https:\/\/www.legislapp.com.br\/index.php\/avulso-inicial-pl-6435-2025-camara\/#primaryimage\"},\"thumbnailUrl\":\"https:\/\/www.legislapp.com.br\/wp-content\/uploads\/2021\/07\/Logo-Legislapp-1-03-1.png\",\"datePublished\":\"2026-03-03T21:59:39+00:00\",\"breadcrumb\":{\"@id\":\"https:\/\/www.legislapp.com.br\/index.php\/avulso-inicial-pl-6435-2025-camara\/#breadcrumb\"},\"inLanguage\":\"pt-BR\",\"potentialAction\":[{\"@type\":\"ReadAction\",\"target\":[\"https:\/\/www.legislapp.com.br\/index.php\/avulso-inicial-pl-6435-2025-camara\/\"]}]},{\"@type\":\"ImageObject\",\"inLanguage\":\"pt-BR\",\"@id\":\"https:\/\/www.legislapp.com.br\/index.php\/avulso-inicial-pl-6435-2025-camara\/#primaryimage\",\"url\":\"https:\/\/www.legislapp.com.br\/wp-content\/uploads\/2021\/07\/Logo-Legislapp-1-03-1.png\",\"contentUrl\":\"https:\/\/www.legislapp.com.br\/wp-content\/uploads\/2021\/07\/Logo-Legislapp-1-03-1.png\",\"width\":2679,\"height\":2697},{\"@type\":\"BreadcrumbList\",\"@id\":\"https:\/\/www.legislapp.com.br\/index.php\/avulso-inicial-pl-6435-2025-camara\/#breadcrumb\",\"itemListElement\":[{\"@type\":\"ListItem\",\"position\":1,\"name\":\"In\u00edcio\",\"item\":\"https:\/\/www.legislapp.com.br\/\"},{\"@type\":\"ListItem\",\"position\":2,\"name\":\"Avulso Inicial &#8211; PL 6435\/2025 &#8211; C\u00e2mara\"}]},{\"@type\":\"WebSite\",\"@id\":\"https:\/\/www.legislapp.com.br\/#website\",\"url\":\"https:\/\/www.legislapp.com.br\/\",\"name\":\"Legislapp\",\"description\":\"Intelig\u00eancia governamental em tempo real\",\"publisher\":{\"@id\":\"https:\/\/www.legislapp.com.br\/#organization\"},\"potentialAction\":[{\"@type\":\"SearchAction\",\"target\":{\"@type\":\"EntryPoint\",\"urlTemplate\":\"https:\/\/www.legislapp.com.br\/?s={search_term_string}\"},\"query-input\":{\"@type\":\"PropertyValueSpecification\",\"valueRequired\":true,\"valueName\":\"search_term_string\"}}],\"inLanguage\":\"pt-BR\"},{\"@type\":\"Organization\",\"@id\":\"https:\/\/www.legislapp.com.br\/#organization\",\"name\":\"Legislapp Monitoramento e Intelig\u00eancia Governamental\",\"url\":\"https:\/\/www.legislapp.com.br\/\",\"logo\":{\"@type\":\"ImageObject\",\"inLanguage\":\"pt-BR\",\"@id\":\"https:\/\/www.legislapp.com.br\/#\/schema\/logo\/image\/\",\"url\":\"https:\/\/www.legislapp.com.br\/wp-content\/uploads\/icon.png\",\"contentUrl\":\"https:\/\/www.legislapp.com.br\/wp-content\/uploads\/icon.png\",\"width\":1024,\"height\":1024,\"caption\":\"Legislapp Monitoramento e Intelig\u00eancia Governamental\"},\"image\":{\"@id\":\"https:\/\/www.legislapp.com.br\/#\/schema\/logo\/image\/\"},\"sameAs\":[\"https:\/\/www.instagram.com\/legislapp\/\"]}]}<\/script>\n<!-- \/ Yoast SEO plugin. -->","yoast_head_json":{"title":"Avulso Inicial - PL 6435\/2025 - C\u00e2mara - Legislapp","robots":{"index":"index","follow":"follow","max-snippet":"max-snippet:-1","max-image-preview":"max-image-preview:large","max-video-preview":"max-video-preview:-1"},"canonical":"https:\/\/www.legislapp.com.br\/index.php\/avulso-inicial-pl-6435-2025-camara\/","og_locale":"pt_BR","og_type":"article","og_title":"Avulso Inicial - PL 6435\/2025 - C\u00e2mara - Legislapp","og_description":"Avulso Inicial &#8211; Autoria de Amom Mandel C\u00c2MARA DOS DEPUTADOS Gabinete do Deputado Federal AMOM MANDEL \u2013 CIDADANIA\/AM PROJETO DE LEI N\u00ba , DE 2025 (Do Sr. AMOM MANDEL) Altera a Lei n\u00ba 8.213, de 24 de julho de 1991 (Plano de Benef\u00edcios da Previd\u00eancia Social), para formalizar o trabalho da mulher no campo. O [&hellip;]","og_url":"https:\/\/www.legislapp.com.br\/index.php\/avulso-inicial-pl-6435-2025-camara\/","og_site_name":"Legislapp","article_publisher":"https:\/\/www.instagram.com\/legislapp\/","og_image":[{"url":"https:\/\/www.legislapp.com.br\/wp-content\/uploads\/2021\/07\/Logo-Legislapp-1-03-1.png","type":"","width":"","height":""}],"twitter_card":"summary_large_image","twitter_misc":{"Est. tempo de leitura":"4 minutos"},"schema":{"@context":"https:\/\/schema.org","@graph":[{"@type":"WebPage","@id":"https:\/\/www.legislapp.com.br\/index.php\/avulso-inicial-pl-6435-2025-camara\/","url":"https:\/\/www.legislapp.com.br\/index.php\/avulso-inicial-pl-6435-2025-camara\/","name":"Avulso Inicial - PL 6435\/2025 - C\u00e2mara - Legislapp","isPartOf":{"@id":"https:\/\/www.legislapp.com.br\/#website"},"primaryImageOfPage":{"@id":"https:\/\/www.legislapp.com.br\/index.php\/avulso-inicial-pl-6435-2025-camara\/#primaryimage"},"image":{"@id":"https:\/\/www.legislapp.com.br\/index.php\/avulso-inicial-pl-6435-2025-camara\/#primaryimage"},"thumbnailUrl":"https:\/\/www.legislapp.com.br\/wp-content\/uploads\/2021\/07\/Logo-Legislapp-1-03-1.png","datePublished":"2026-03-03T21:59:39+00:00","breadcrumb":{"@id":"https:\/\/www.legislapp.com.br\/index.php\/avulso-inicial-pl-6435-2025-camara\/#breadcrumb"},"inLanguage":"pt-BR","potentialAction":[{"@type":"ReadAction","target":["https:\/\/www.legislapp.com.br\/index.php\/avulso-inicial-pl-6435-2025-camara\/"]}]},{"@type":"ImageObject","inLanguage":"pt-BR","@id":"https:\/\/www.legislapp.com.br\/index.php\/avulso-inicial-pl-6435-2025-camara\/#primaryimage","url":"https:\/\/www.legislapp.com.br\/wp-content\/uploads\/2021\/07\/Logo-Legislapp-1-03-1.png","contentUrl":"https:\/\/www.legislapp.com.br\/wp-content\/uploads\/2021\/07\/Logo-Legislapp-1-03-1.png","width":2679,"height":2697},{"@type":"BreadcrumbList","@id":"https:\/\/www.legislapp.com.br\/index.php\/avulso-inicial-pl-6435-2025-camara\/#breadcrumb","itemListElement":[{"@type":"ListItem","position":1,"name":"In\u00edcio","item":"https:\/\/www.legislapp.com.br\/"},{"@type":"ListItem","position":2,"name":"Avulso Inicial &#8211; PL 6435\/2025 &#8211; C\u00e2mara"}]},{"@type":"WebSite","@id":"https:\/\/www.legislapp.com.br\/#website","url":"https:\/\/www.legislapp.com.br\/","name":"Legislapp","description":"Intelig\u00eancia governamental em tempo real","publisher":{"@id":"https:\/\/www.legislapp.com.br\/#organization"},"potentialAction":[{"@type":"SearchAction","target":{"@type":"EntryPoint","urlTemplate":"https:\/\/www.legislapp.com.br\/?s={search_term_string}"},"query-input":{"@type":"PropertyValueSpecification","valueRequired":true,"valueName":"search_term_string"}}],"inLanguage":"pt-BR"},{"@type":"Organization","@id":"https:\/\/www.legislapp.com.br\/#organization","name":"Legislapp Monitoramento e Intelig\u00eancia Governamental","url":"https:\/\/www.legislapp.com.br\/","logo":{"@type":"ImageObject","inLanguage":"pt-BR","@id":"https:\/\/www.legislapp.com.br\/#\/schema\/logo\/image\/","url":"https:\/\/www.legislapp.com.br\/wp-content\/uploads\/icon.png","contentUrl":"https:\/\/www.legislapp.com.br\/wp-content\/uploads\/icon.png","width":1024,"height":1024,"caption":"Legislapp Monitoramento e Intelig\u00eancia Governamental"},"image":{"@id":"https:\/\/www.legislapp.com.br\/#\/schema\/logo\/image\/"},"sameAs":["https:\/\/www.instagram.com\/legislapp\/"]}]}},"_links":{"self":[{"href":"https:\/\/www.legislapp.com.br\/index.php\/wp-json\/wp\/v2\/pages\/11605","targetHints":{"allow":["GET"]}}],"collection":[{"href":"https:\/\/www.legislapp.com.br\/index.php\/wp-json\/wp\/v2\/pages"}],"about":[{"href":"https:\/\/www.legislapp.com.br\/index.php\/wp-json\/wp\/v2\/types\/page"}],"author":[{"embeddable":true,"href":"https:\/\/www.legislapp.com.br\/index.php\/wp-json\/wp\/v2\/users\/1"}],"replies":[{"embeddable":true,"href":"https:\/\/www.legislapp.com.br\/index.php\/wp-json\/wp\/v2\/comments?post=11605"}],"version-history":[{"count":0,"href":"https:\/\/www.legislapp.com.br\/index.php\/wp-json\/wp\/v2\/pages\/11605\/revisions"}],"wp:attachment":[{"href":"https:\/\/www.legislapp.com.br\/index.php\/wp-json\/wp\/v2\/media?parent=11605"}],"curies":[{"name":"wp","href":"https:\/\/api.w.org\/{rel}","templated":true}]}}