{"id":11610,"date":"2026-03-03T19:00:45","date_gmt":"2026-03-03T22:00:45","guid":{"rendered":"https:\/\/www.legislapp.com.br\/index.php\/avulso-inicial-pl-62-2026-camara\/"},"modified":"2026-03-03T19:00:45","modified_gmt":"2026-03-03T22:00:45","slug":"avulso-inicial-pl-62-2026-camara","status":"publish","type":"page","link":"https:\/\/www.legislapp.com.br\/index.php\/avulso-inicial-pl-62-2026-camara\/","title":{"rendered":"Avulso Inicial &#8211; PL 62\/2026 &#8211; C\u00e2mara"},"content":{"rendered":"<h1 style='text-align: center;'>Avulso Inicial &#8211; Autoria de Raimundo Santos<\/h3>\n<p><\/p>\n<article> C\u00c2MARA DOS DEPUTADOS<br \/>\n  Deputado Raimundo Santos \u2013 PSD\/PA<br \/>\nPROJETO DE LEI N\u00ba , de 2026<br \/>\n(Do Sr. Raimundo Santos)<br \/>\nRegulamenta a profiss\u00e3o de te\u00f3logo.<br \/>\nO CONGRESSO NACIONAL decreta:<br \/>\nArt. 1\u00ba Esta Lei regulamenta o exerc\u00edcio da profiss\u00e3o de te\u00f3logo.<br \/>\nArt. 2\u00ba O exerc\u00edcio da profiss\u00e3o de te\u00f3logo \u00e9 livre em todo o territ\u00f3rio<br \/>\nnacional, observado o disposto nesta Lei.<br \/>\nArt. 3\u00ba Considera-se te\u00f3logo, para os fins desta Lei, o profissional habilitado<br \/>\npara as seguintes compet\u00eancias:<br \/>\nI \u2013 desenvolver pesquisas e estudos te\u00f3ricos nas ci\u00eancias teol\u00f3gicas, nas<br \/>\ndiversas tradi\u00e7\u00f5es religiosas e no di\u00e1logo inter-religioso;<br \/>\nII \u2013 lecionar Teologia em institui\u00e7\u00f5es de ensino, respeitada a legisla\u00e7\u00e3o<br \/>\neducacional vigente;<br \/>\nIII \u2013 elaborar, orientar e coordenar projetos de natureza acad\u00eamica e<br \/>\neducacional relacionados ao estudo das doutrinas religiosas;<br \/>\nIV \u2013 prestar consultoria ou assessoria t\u00e9cnica em mat\u00e9rias relacionadas \u00e0<br \/>\nTeologia;<br \/>\nV \u2013 interpretar narrativas teol\u00f3gicas, textos hist\u00f3ricos e tradi\u00e7\u00f5es em seu<br \/>\ncontexto, assim como sua hermen\u00eautica, pelo dom\u00ednio de instrumentos anal\u00edticos;<br \/>\nVI \u2013 adquirir senso de reflex\u00e3o cr\u00edtica e de coopera\u00e7\u00e3o que permita o<br \/>\ndesenvolvimento do saber teol\u00f3gico e das pr\u00e1ticas religiosas dentro de sua pr\u00f3pria<br \/>\ntradi\u00e7\u00e3o;<br \/>\nVII \u2013 empregar adequadamente os conceitos teol\u00f3gicos aliados \u00e0s situa\u00e7\u00f5es<br \/>\ndo cotidiano;<br \/>\nVIII \u2013 articular o saber especificamente teol\u00f3gico com os saberes das outras<br \/>\n1<br \/>\nPara verificar a assinatura, acesse https:\/\/infoleg-autenticidade-assinatura.camara.leg.br\/CD262026293200<br \/>\nAssinado eletronicamente pelo(a) Dep. Raimundo Santos<br \/>\nApresenta\u00e7\u00e3o: 02\/02\/2026 12:28:19.613 &#8211; Mesa<br \/>\n*CD262026293200* PL n.62\/2026<br \/> C\u00c2MARA DOS DEPUTADOS<br \/>\n  Deputado Raimundo Santos \u2013 PSD\/PA<br \/>\nci\u00eancias, de forma interdisciplinar.<br \/>\nPar\u00e1grafo \u00fanico. O exerc\u00edcio profissional do te\u00f3logo, nos termos desta Lei,<br \/>\nn\u00e3o se confunde nem interfere com o livre exerc\u00edcio da f\u00e9 religiosa, dos cultos, das<br \/>\nliturgias ou da organiza\u00e7\u00e3o interna de igrejas e confiss\u00f5es religiosas.<br \/>\nArt. 4\u00ba O exerc\u00edcio da profiss\u00e3o de te\u00f3logo requer:<br \/>\nI \u2013 diploma de curso superior em Teologia expedido por institui\u00e7\u00e3o<br \/>\nreconhecida pelo Minist\u00e9rio da Educa\u00e7\u00e3o (MEC); ou<br \/>\nII \u2013 diploma estrangeiro em Teologia, devidamente revalidado nos termos da<br \/>\nlegisla\u00e7\u00e3o vigente.<br \/>\nPar\u00e1grafo \u00fanico. Poder\u00e1 exercer a profiss\u00e3o, ainda, o profissional que, at\u00e9 a<br \/>\ndata de publica\u00e7\u00e3o desta Lei, comprovar experi\u00eancia m\u00ednima de cinco anos de<br \/>\natua\u00e7\u00e3o acad\u00eamica, educacional ou de pesquisa na \u00e1rea de Teologia.<br \/>\nArt. 5\u00ba O exerc\u00edcio da profiss\u00e3o de te\u00f3logo requer pr\u00e9vio registro profissional<br \/>\nperante o \u00f3rg\u00e3o competente definido em regulamento.<br \/>\nArt. 6\u00ba Esta lei entra em vigor na data de sua publica\u00e7\u00e3o.<br \/>\nJUSTIFICA\u00c7\u00c3O<br \/>\nA regulamenta\u00e7\u00e3o da profiss\u00e3o de te\u00f3logo no Brasil \u00e9 uma das<br \/>\nnecessidades prementes de classe em territ\u00f3rio nacional, dada a indubit\u00e1vel<br \/>\nimport\u00e2ncia dessa categoria, cujas raz\u00f5es est\u00e3o expostas e fundamentadas nos<br \/>\ndispositivos propostos neste projeto de lei, os quais englobam as atribui\u00e7\u00f5es,<br \/>\natividades e a\u00e7\u00f5es desenvolvidas em benef\u00edcio da sociedade.<br \/>\nA presente proposta visa regulamentar o exerc\u00edcio profissional do te\u00f3logo,<br \/>\ngarantindo assim o reconhecimento e a valoriza\u00e7\u00e3o da forma\u00e7\u00e3o acad\u00eamica em<br \/>\nTeologia, sem, contudo, interferir no exerc\u00edcio da liberdade religiosa assegurada pela<br \/>\nConstitui\u00e7\u00e3o Federal.<br \/>\nO te\u00f3logo, enquanto profissional da educa\u00e7\u00e3o, da pesquisa e da consultoria<br \/>\nacad\u00eamica, desempenha papel relevante na sociedade, estudando, analisando e<br \/>\ndifundindo conhecimentos sobre as diversas tradi\u00e7\u00f5es religiosas, com perspectiva<br \/>\n2<br \/>\nPara verificar a assinatura, acesse https:\/\/infoleg-autenticidade-assinatura.camara.leg.br\/CD262026293200<br \/>\nAssinado eletronicamente pelo(a) Dep. Raimundo Santos<br \/>\nApresenta\u00e7\u00e3o: 02\/02\/2026 12:28:19.613 &#8211; Mesa<br \/>\n*CD262026293200* PL n.62\/2026<br \/> C\u00c2MARA DOS DEPUTADOS<br \/>\n  Deputado Raimundo Santos \u2013 PSD\/PA<br \/>\ncient\u00edfica e cr\u00edtica.<br \/>\nA regulamenta\u00e7\u00e3o contribuir\u00e1 para a melhoria da qualidade dos servi\u00e7os<br \/>\nacad\u00eamicos e educacionais relacionados \u00e0 Teologia, exigindo forma\u00e7\u00e3o adequada e<br \/>\nestabelecendo crit\u00e9rios claros de atua\u00e7\u00e3o, em benef\u00edcio da sociedade e da liberdade<br \/>\nde cren\u00e7a.<br \/>\nAdemais, com o reconhecimento da profiss\u00e3o, o profissional que a exerce<br \/>\npassa a atender exig\u00eancias legais, dando maior seguran\u00e7a jur\u00eddica aos<br \/>\ntrabalhadores e, consequentemente, valorizando a atividade do te\u00f3logo.<br \/>\nRefor\u00e7a-se que esta regulamenta\u00e7\u00e3o respeita o princ\u00edpio constitucional da<br \/>\nsepara\u00e7\u00e3o entre Estado e religi\u00e3o, limitando-se a regular o aspecto profissional e<br \/>\nacad\u00eamico da atividade teol\u00f3gica.<br \/>\nAssim, diante do exposto e constatada a relev\u00e2ncia da proposta, contamos<br \/>\ncom o apoio dos nobres pares para a aprova\u00e7\u00e3o do presente projeto de lei.<br \/>\nSala das Sess\u00f5es, em de fevereiro de 2026.<br \/>\nDeputado RAIMUNDO SANTOS<br \/>\nPSD\/PA<br \/>\n3<br \/>\nPara verificar a assinatura, acesse https:\/\/infoleg-autenticidade-assinatura.camara.leg.br\/CD262026293200<br \/>\nAssinado eletronicamente pelo(a) Dep. Raimundo Santos<br \/>\nApresenta\u00e7\u00e3o: 02\/02\/2026 12:28:19.613 &#8211; Mesa<br \/>\n*CD262026293200* PL n.62\/2026<\/article>\n<p><a href='https:\/\/app.legislapp.com.br\/#\/busca?termo=Regulamenta\u00e7\u00e3o profissional'>Regulamenta\u00e7\u00e3o profissional<\/a>, <a href='https:\/\/app.legislapp.com.br\/#\/busca?termo=te\u00f3logo'>te\u00f3logo<\/a>, <a href='https:\/\/app.legislapp.com.br\/#\/busca?termo=compet\u00eancia profissional'>compet\u00eancia profissional<\/a>, <a href='https:\/\/app.legislapp.com.br\/#\/busca?termo=requisito'>requisito<\/a>, <a href='https:\/\/app.legislapp.com.br\/#\/busca?termo=diploma de gradua\u00e7\u00e3o'>diploma de gradua\u00e7\u00e3o<\/a>, <a href='https:\/\/app.legislapp.com.br\/#\/busca?termo=educa\u00e7\u00e3o superior completa'>educa\u00e7\u00e3o superior completa<\/a>, <a href='https:\/\/app.legislapp.com.br\/#\/busca?termo=Teologia'>Teologia<\/a>, <a href='https:\/\/app.legislapp.com.br\/#\/busca?termo=diretrizes.'>diretrizes.<\/a><\/p>\n<div style=\"text-align: center\">\n      <img decoding=\"async\" style=\"width: 14%;\" src=\"https:\/\/www.legislapp.com.br\/wp-content\/uploads\/2021\/07\/Logo-Legislapp-1-03-1.png\"><br \/>\n      <\/p>\n<div style=\"margin-bottom: 20px;\" class=\"et_pb_button_module_wrapper et_pb_button_5_tb_body_wrapper et_pb_button_alignment_center et_pb_module \">\n         <a class=\"et_pb_button et_pb_button_5_tb_body et_hover_enabled et_pb_bg_layout_dark\" style=\"width: 50%;background-color: black;\" href=\"https:\/\/app.legislapp.com.br\" target=\"_blank\" rel=\"noopener\">Visualizar completo na nossa plataforma (30 dias gr\u00e1tis)<\/a><\/p><\/div>\n<p>      <a href=\"https:\/\/play.google.com\/store\/apps\/details?id=br.com.legislapp\"><img decoding=\"async\" style=\"width: 15%; min-width: 130px;\" src=\"https:\/\/www.legislapp.com.br\/wp-content\/uploads\/google-play.png\"><\/a><br \/>\n      <a href=\"https:\/\/apps.apple.com\/us\/app\/legislapp\/id1568929859\"><img decoding=\"async\" style=\"width: 15%; min-width: 130px\" src=\"https:\/\/www.legislapp.com.br\/wp-content\/uploads\/apple-store.png\"><\/a>\n   <\/div>\n","protected":false},"excerpt":{"rendered":"<p>Avulso Inicial &#8211; Autoria de Raimundo Santos C\u00c2MARA DOS DEPUTADOS Deputado Raimundo Santos \u2013 PSD\/PA PROJETO DE LEI N\u00ba , de 2026 (Do Sr. Raimundo Santos) Regulamenta a profiss\u00e3o de te\u00f3logo. O CONGRESSO NACIONAL decreta: Art. 1\u00ba Esta Lei regulamenta o exerc\u00edcio da profiss\u00e3o de te\u00f3logo. Art. 2\u00ba O exerc\u00edcio da profiss\u00e3o de te\u00f3logo \u00e9 [&hellip;]<\/p>\n","protected":false},"author":1,"featured_media":0,"parent":0,"menu_order":0,"comment_status":"closed","ping_status":"closed","template":"page-template-blank.php","meta":{"_et_pb_use_builder":"","_et_pb_old_content":"","_et_gb_content_width":"1080","ngg_post_thumbnail":0,"footnotes":""},"class_list":["post-11610","page","type-page","status-publish","hentry"],"yoast_head":"<!-- This site is optimized with the Yoast SEO plugin v24.4 - https:\/\/yoast.com\/wordpress\/plugins\/seo\/ -->\n<title>Avulso Inicial - PL 62\/2026 - C\u00e2mara - Legislapp<\/title>\n<meta name=\"robots\" content=\"index, follow, max-snippet:-1, max-image-preview:large, max-video-preview:-1\" \/>\n<link rel=\"canonical\" href=\"https:\/\/www.legislapp.com.br\/index.php\/avulso-inicial-pl-62-2026-camara\/\" \/>\n<meta property=\"og:locale\" content=\"pt_BR\" \/>\n<meta property=\"og:type\" content=\"article\" \/>\n<meta property=\"og:title\" content=\"Avulso Inicial - PL 62\/2026 - C\u00e2mara - Legislapp\" \/>\n<meta property=\"og:description\" content=\"Avulso Inicial &#8211; Autoria de Raimundo Santos C\u00c2MARA DOS DEPUTADOS Deputado Raimundo Santos \u2013 PSD\/PA PROJETO DE LEI N\u00ba , de 2026 (Do Sr. Raimundo Santos) Regulamenta a profiss\u00e3o de te\u00f3logo. O CONGRESSO NACIONAL decreta: Art. 1\u00ba Esta Lei regulamenta o exerc\u00edcio da profiss\u00e3o de te\u00f3logo. Art. 2\u00ba O exerc\u00edcio da profiss\u00e3o de te\u00f3logo \u00e9 [&hellip;]\" \/>\n<meta property=\"og:url\" content=\"https:\/\/www.legislapp.com.br\/index.php\/avulso-inicial-pl-62-2026-camara\/\" \/>\n<meta property=\"og:site_name\" content=\"Legislapp\" \/>\n<meta property=\"article:publisher\" content=\"https:\/\/www.instagram.com\/legislapp\/\" \/>\n<meta property=\"og:image\" content=\"https:\/\/www.legislapp.com.br\/wp-content\/uploads\/2021\/07\/Logo-Legislapp-1-03-1.png\" \/>\n<meta name=\"twitter:card\" content=\"summary_large_image\" \/>\n<meta name=\"twitter:label1\" content=\"Est. tempo de leitura\" \/>\n\t<meta name=\"twitter:data1\" content=\"4 minutos\" \/>\n<script type=\"application\/ld+json\" class=\"yoast-schema-graph\">{\"@context\":\"https:\/\/schema.org\",\"@graph\":[{\"@type\":\"WebPage\",\"@id\":\"https:\/\/www.legislapp.com.br\/index.php\/avulso-inicial-pl-62-2026-camara\/\",\"url\":\"https:\/\/www.legislapp.com.br\/index.php\/avulso-inicial-pl-62-2026-camara\/\",\"name\":\"Avulso Inicial - PL 62\/2026 - C\u00e2mara - Legislapp\",\"isPartOf\":{\"@id\":\"https:\/\/www.legislapp.com.br\/#website\"},\"primaryImageOfPage\":{\"@id\":\"https:\/\/www.legislapp.com.br\/index.php\/avulso-inicial-pl-62-2026-camara\/#primaryimage\"},\"image\":{\"@id\":\"https:\/\/www.legislapp.com.br\/index.php\/avulso-inicial-pl-62-2026-camara\/#primaryimage\"},\"thumbnailUrl\":\"https:\/\/www.legislapp.com.br\/wp-content\/uploads\/2021\/07\/Logo-Legislapp-1-03-1.png\",\"datePublished\":\"2026-03-03T22:00:45+00:00\",\"breadcrumb\":{\"@id\":\"https:\/\/www.legislapp.com.br\/index.php\/avulso-inicial-pl-62-2026-camara\/#breadcrumb\"},\"inLanguage\":\"pt-BR\",\"potentialAction\":[{\"@type\":\"ReadAction\",\"target\":[\"https:\/\/www.legislapp.com.br\/index.php\/avulso-inicial-pl-62-2026-camara\/\"]}]},{\"@type\":\"ImageObject\",\"inLanguage\":\"pt-BR\",\"@id\":\"https:\/\/www.legislapp.com.br\/index.php\/avulso-inicial-pl-62-2026-camara\/#primaryimage\",\"url\":\"https:\/\/www.legislapp.com.br\/wp-content\/uploads\/2021\/07\/Logo-Legislapp-1-03-1.png\",\"contentUrl\":\"https:\/\/www.legislapp.com.br\/wp-content\/uploads\/2021\/07\/Logo-Legislapp-1-03-1.png\",\"width\":2679,\"height\":2697},{\"@type\":\"BreadcrumbList\",\"@id\":\"https:\/\/www.legislapp.com.br\/index.php\/avulso-inicial-pl-62-2026-camara\/#breadcrumb\",\"itemListElement\":[{\"@type\":\"ListItem\",\"position\":1,\"name\":\"In\u00edcio\",\"item\":\"https:\/\/www.legislapp.com.br\/\"},{\"@type\":\"ListItem\",\"position\":2,\"name\":\"Avulso Inicial &#8211; PL 62\/2026 &#8211; C\u00e2mara\"}]},{\"@type\":\"WebSite\",\"@id\":\"https:\/\/www.legislapp.com.br\/#website\",\"url\":\"https:\/\/www.legislapp.com.br\/\",\"name\":\"Legislapp\",\"description\":\"Intelig\u00eancia governamental em tempo real\",\"publisher\":{\"@id\":\"https:\/\/www.legislapp.com.br\/#organization\"},\"potentialAction\":[{\"@type\":\"SearchAction\",\"target\":{\"@type\":\"EntryPoint\",\"urlTemplate\":\"https:\/\/www.legislapp.com.br\/?s={search_term_string}\"},\"query-input\":{\"@type\":\"PropertyValueSpecification\",\"valueRequired\":true,\"valueName\":\"search_term_string\"}}],\"inLanguage\":\"pt-BR\"},{\"@type\":\"Organization\",\"@id\":\"https:\/\/www.legislapp.com.br\/#organization\",\"name\":\"Legislapp Monitoramento e Intelig\u00eancia Governamental\",\"url\":\"https:\/\/www.legislapp.com.br\/\",\"logo\":{\"@type\":\"ImageObject\",\"inLanguage\":\"pt-BR\",\"@id\":\"https:\/\/www.legislapp.com.br\/#\/schema\/logo\/image\/\",\"url\":\"https:\/\/www.legislapp.com.br\/wp-content\/uploads\/icon.png\",\"contentUrl\":\"https:\/\/www.legislapp.com.br\/wp-content\/uploads\/icon.png\",\"width\":1024,\"height\":1024,\"caption\":\"Legislapp Monitoramento e Intelig\u00eancia Governamental\"},\"image\":{\"@id\":\"https:\/\/www.legislapp.com.br\/#\/schema\/logo\/image\/\"},\"sameAs\":[\"https:\/\/www.instagram.com\/legislapp\/\"]}]}<\/script>\n<!-- \/ Yoast SEO plugin. -->","yoast_head_json":{"title":"Avulso Inicial - PL 62\/2026 - C\u00e2mara - Legislapp","robots":{"index":"index","follow":"follow","max-snippet":"max-snippet:-1","max-image-preview":"max-image-preview:large","max-video-preview":"max-video-preview:-1"},"canonical":"https:\/\/www.legislapp.com.br\/index.php\/avulso-inicial-pl-62-2026-camara\/","og_locale":"pt_BR","og_type":"article","og_title":"Avulso Inicial - PL 62\/2026 - C\u00e2mara - Legislapp","og_description":"Avulso Inicial &#8211; Autoria de Raimundo Santos C\u00c2MARA DOS DEPUTADOS Deputado Raimundo Santos \u2013 PSD\/PA PROJETO DE LEI N\u00ba , de 2026 (Do Sr. Raimundo Santos) Regulamenta a profiss\u00e3o de te\u00f3logo. O CONGRESSO NACIONAL decreta: Art. 1\u00ba Esta Lei regulamenta o exerc\u00edcio da profiss\u00e3o de te\u00f3logo. Art. 2\u00ba O exerc\u00edcio da profiss\u00e3o de te\u00f3logo \u00e9 [&hellip;]","og_url":"https:\/\/www.legislapp.com.br\/index.php\/avulso-inicial-pl-62-2026-camara\/","og_site_name":"Legislapp","article_publisher":"https:\/\/www.instagram.com\/legislapp\/","og_image":[{"url":"https:\/\/www.legislapp.com.br\/wp-content\/uploads\/2021\/07\/Logo-Legislapp-1-03-1.png","type":"","width":"","height":""}],"twitter_card":"summary_large_image","twitter_misc":{"Est. tempo de leitura":"4 minutos"},"schema":{"@context":"https:\/\/schema.org","@graph":[{"@type":"WebPage","@id":"https:\/\/www.legislapp.com.br\/index.php\/avulso-inicial-pl-62-2026-camara\/","url":"https:\/\/www.legislapp.com.br\/index.php\/avulso-inicial-pl-62-2026-camara\/","name":"Avulso Inicial - PL 62\/2026 - C\u00e2mara - Legislapp","isPartOf":{"@id":"https:\/\/www.legislapp.com.br\/#website"},"primaryImageOfPage":{"@id":"https:\/\/www.legislapp.com.br\/index.php\/avulso-inicial-pl-62-2026-camara\/#primaryimage"},"image":{"@id":"https:\/\/www.legislapp.com.br\/index.php\/avulso-inicial-pl-62-2026-camara\/#primaryimage"},"thumbnailUrl":"https:\/\/www.legislapp.com.br\/wp-content\/uploads\/2021\/07\/Logo-Legislapp-1-03-1.png","datePublished":"2026-03-03T22:00:45+00:00","breadcrumb":{"@id":"https:\/\/www.legislapp.com.br\/index.php\/avulso-inicial-pl-62-2026-camara\/#breadcrumb"},"inLanguage":"pt-BR","potentialAction":[{"@type":"ReadAction","target":["https:\/\/www.legislapp.com.br\/index.php\/avulso-inicial-pl-62-2026-camara\/"]}]},{"@type":"ImageObject","inLanguage":"pt-BR","@id":"https:\/\/www.legislapp.com.br\/index.php\/avulso-inicial-pl-62-2026-camara\/#primaryimage","url":"https:\/\/www.legislapp.com.br\/wp-content\/uploads\/2021\/07\/Logo-Legislapp-1-03-1.png","contentUrl":"https:\/\/www.legislapp.com.br\/wp-content\/uploads\/2021\/07\/Logo-Legislapp-1-03-1.png","width":2679,"height":2697},{"@type":"BreadcrumbList","@id":"https:\/\/www.legislapp.com.br\/index.php\/avulso-inicial-pl-62-2026-camara\/#breadcrumb","itemListElement":[{"@type":"ListItem","position":1,"name":"In\u00edcio","item":"https:\/\/www.legislapp.com.br\/"},{"@type":"ListItem","position":2,"name":"Avulso Inicial &#8211; PL 62\/2026 &#8211; C\u00e2mara"}]},{"@type":"WebSite","@id":"https:\/\/www.legislapp.com.br\/#website","url":"https:\/\/www.legislapp.com.br\/","name":"Legislapp","description":"Intelig\u00eancia governamental em tempo real","publisher":{"@id":"https:\/\/www.legislapp.com.br\/#organization"},"potentialAction":[{"@type":"SearchAction","target":{"@type":"EntryPoint","urlTemplate":"https:\/\/www.legislapp.com.br\/?s={search_term_string}"},"query-input":{"@type":"PropertyValueSpecification","valueRequired":true,"valueName":"search_term_string"}}],"inLanguage":"pt-BR"},{"@type":"Organization","@id":"https:\/\/www.legislapp.com.br\/#organization","name":"Legislapp Monitoramento e Intelig\u00eancia Governamental","url":"https:\/\/www.legislapp.com.br\/","logo":{"@type":"ImageObject","inLanguage":"pt-BR","@id":"https:\/\/www.legislapp.com.br\/#\/schema\/logo\/image\/","url":"https:\/\/www.legislapp.com.br\/wp-content\/uploads\/icon.png","contentUrl":"https:\/\/www.legislapp.com.br\/wp-content\/uploads\/icon.png","width":1024,"height":1024,"caption":"Legislapp Monitoramento e Intelig\u00eancia Governamental"},"image":{"@id":"https:\/\/www.legislapp.com.br\/#\/schema\/logo\/image\/"},"sameAs":["https:\/\/www.instagram.com\/legislapp\/"]}]}},"_links":{"self":[{"href":"https:\/\/www.legislapp.com.br\/index.php\/wp-json\/wp\/v2\/pages\/11610","targetHints":{"allow":["GET"]}}],"collection":[{"href":"https:\/\/www.legislapp.com.br\/index.php\/wp-json\/wp\/v2\/pages"}],"about":[{"href":"https:\/\/www.legislapp.com.br\/index.php\/wp-json\/wp\/v2\/types\/page"}],"author":[{"embeddable":true,"href":"https:\/\/www.legislapp.com.br\/index.php\/wp-json\/wp\/v2\/users\/1"}],"replies":[{"embeddable":true,"href":"https:\/\/www.legislapp.com.br\/index.php\/wp-json\/wp\/v2\/comments?post=11610"}],"version-history":[{"count":0,"href":"https:\/\/www.legislapp.com.br\/index.php\/wp-json\/wp\/v2\/pages\/11610\/revisions"}],"wp:attachment":[{"href":"https:\/\/www.legislapp.com.br\/index.php\/wp-json\/wp\/v2\/media?parent=11610"}],"curies":[{"name":"wp","href":"https:\/\/api.w.org\/{rel}","templated":true}]}}