{"id":11617,"date":"2026-03-03T19:02:43","date_gmt":"2026-03-03T22:02:43","guid":{"rendered":"https:\/\/www.legislapp.com.br\/index.php\/avulso-inicial-pl-23-2026-camara\/"},"modified":"2026-03-03T19:02:43","modified_gmt":"2026-03-03T22:02:43","slug":"avulso-inicial-pl-23-2026-camara","status":"publish","type":"page","link":"https:\/\/www.legislapp.com.br\/index.php\/avulso-inicial-pl-23-2026-camara\/","title":{"rendered":"Avulso Inicial &#8211; PL 23\/2026 &#8211; C\u00e2mara"},"content":{"rendered":"<h1 style='text-align: center;'>Avulso Inicial &#8211; Autoria de Dayany Bittencourt<\/h3>\n<p><\/p>\n<article>C\u00c2MARA DOS DEPUTADOS<br \/>\nGabinete da Deputada Dayany Bittencourt \u2013 Uni\u00e3o\/CE<br \/>\nPROJETO DE LEI N\u00b0____, DE 2026<br \/>\n(Da Sra. Dayany Bittencourt)<br \/>\nAltera a Lei n\u00ba 10.406, de 10 de janeiro de 2002<br \/>\n(C\u00f3digo Civil), para criar a Lei Suzane von<br \/>\nRichthofen, com objetivo de ampliar o instituto da<br \/>\nindignidade aos parentes colaterais at\u00e9 o quarto<br \/>\ngrau.<br \/>\nArt. 1\u00ba Esta Lei altera a Lei n\u00ba 10.406, de 10 de janeiro de 2002 (C\u00f3digo<br \/>\nCivil), para criar a Lei Suzane von Richthofen, com objetivo de ampliar o instituto da<br \/>\nindignidade aos parentes colaterais at\u00e9 o quarto grau.<br \/>\nArt. 2\u00ba A Lei n\u00ba 10.406, de 10 de janeiro de 2002 (C\u00f3digo Civil), passa a<br \/>\nvigorar com as seguintes altera\u00e7\u00f5es:<br \/>\n\u201cArt. 1.814. &#8230;&#8230;&#8230;&#8230;&#8230;&#8230;&#8230;&#8230;&#8230;<br \/>\n&#8230;&#8230;&#8230;&#8230;&#8230;&#8230;&#8230;&#8230;&#8230;&#8230;&#8230;&#8230;&#8230;&#8230;&#8230;.<br \/>\nI &#8211; que houverem sido autores, co-autores ou part\u00edcipes de<br \/>\nhomic\u00eddio doloso, ou tentativa deste, contra a pessoa de cuja<br \/>\nsucess\u00e3o se tratar, seu c\u00f4njuge, companheiro, ascendente,<br \/>\ndescendente ou os seus colaterais at\u00e9 o quarto grau;<br \/>\n&#8230;&#8230;&#8230;&#8230;&#8230;&#8230;&#8230;&#8230;&#8230;&#8230;&#8230;&#8230;&#8230;&#8230;&#8230;&#8230;\u201d<br \/>\nArt. 3\u00ba Esta Lei entra em vigor na data de sua publica\u00e7\u00e3o.<br \/>\n C\u00e2mara dos Deputados | Anexo IV \u2013 Gabinete 711 | CEP 70160-900 \u2013 Bras\u00edlia\/DF<br \/>\nTels (61) 3215-5711\/3711 | dep.dayanybittencourt@camara.leg.br<br \/>\nPara verificar a assinatura, acesse https:\/\/infoleg-autenticidade-assinatura.camara.leg.br\/CD263999957300<br \/>\nAssinado eletronicamente pelo(a) Dep. Dayany Bittencourt<br \/>\nApresenta\u00e7\u00e3o: 02\/02\/2026 09:54:04.920 &#8211; Mesa<br \/>\n*CD263999957300* PL n.23\/2026<br \/>C\u00c2MARA DOS DEPUTADOS<br \/>\nGabinete da Deputada Dayany Bittencourt \u2013 Uni\u00e3o\/CE<br \/>\nJUSTIFICA\u00c7\u00c3O<br \/>\nO presente Projeto de Lei surge da possibilidade da Suzane von Richthofen,<br \/>\ncondenada pelo assassinato dos pais, poder herdar parte de R$ 5 milh\u00f5es do tio,<br \/>\n1234<br \/>\nMiguel Abdalla Neto .<br \/>\nO direito, enquanto ci\u00eancia social aplicada, encontra sua legitimidade e sua<br \/>\npr\u00f3pria raz\u00e3o de ser na capacidade de oferecer respostas civilizat\u00f3rias e justas \u00e0s<br \/>\ncomplexas quest\u00f5es postas pela vida em sociedade. Uma norma que, diante de uma<br \/>\ngrave viola\u00e7\u00e3o \u00e0 pr\u00f3pria base da estrutura familiar, mant\u00e9m-se silente ou oferece uma<br \/>\nsolu\u00e7\u00e3o insuficiente, torna-se uma letra morta diante de um problema social vivo e<br \/>\nangustiante. O caso concreto que exp\u00f4s a lacuna do ordenamento (no qual um<br \/>\ncondenado pelo assassinato dos pr\u00f3prios pais manteve-se apto a herdar de outros<br \/>\nmembros da mesma fam\u00edlia extensa) n\u00e3o \u00e9 uma mera curiosidade jur\u00eddica; \u00e9 uma<br \/>\naberra\u00e7\u00e3o \u00e9tica que clama por corre\u00e7\u00e3o legislativa. Manter a lei como est\u00e1 significa<br \/>\ntolerar, em seu bojo, a possibilidade de um criminoso ser, ainda que indiretamente,<br \/>\npremiado por seu ato hediondo, em total afronta ao senso comum de justi\u00e7a.<br \/>\nO instituto da indignidade sucess\u00f3ria, previsto no artigo 1.814 do C\u00f3digo<br \/>\nCivil, tem por escopo afastar da sucess\u00e3o aquele que, por sua conduta grav\u00edssima<br \/>\ncontra o autor da heran\u00e7a ou sua fam\u00edlia imediata, demonstrou absoluta<br \/>\nincompatibilidade com os deveres mais b\u00e1sicos de lealdade e afeto. Contudo, a<br \/>\nrestri\u00e7\u00e3o atual aos ascendentes, descendentes, c\u00f4njuge e companheiro reflete uma<br \/>\nconcep\u00e7\u00e3o estanque de fam\u00edlia, que n\u00e3o mais corresponde \u00e0 realidade sociol\u00f3gica<br \/>\n1<br \/>\n Dispon\u00edvel em: < https:\/\/g1.globo.com\/sp\/sao-paulo\/noticia\/2026\/01\/14\/suzane-von-richthofen-tem-\ndireito-a-heranca-do-tio-o-que-diz-a-lei.ghtml><br \/>\n2<br \/>\n Dispon\u00edvel em: < https:\/\/noticias.r7.com\/prisma\/empreendendo-direito\/por-que-sem-testamento-\nsuzane-von-richthofen-pode-herdar-heranca-de-r-5-milhoes-do-tio-26012026\/><br \/>\n3<br \/>\n Dispon\u00edvel em: < https:\/\/www.cnnbrasil.com.br\/nacional\/sudeste\/sp\/heranca-do-tio-entenda-por-que-\nsuzane-von-richthofen-pode-se-beneficiar\/><br \/>\n4<br \/>\n Dispon\u00edvel em: < https:\/\/veja.abril.com.br\/brasil\/entenda-por-que-suzane-von-richthofen-pode-\nreceber-heranca-milionaria-de-tio\/#:~:text=Suzane%20von%20Richthofen%2C%20condenada\n%20pelo,semiaberto%2C%20casada%20e%20com%20filho.><br \/>\n C\u00e2mara dos Deputados | Anexo IV \u2013 Gabinete 711 | CEP 70160-900 \u2013 Bras\u00edlia\/DF<br \/>\nTels (61) 3215-5711\/3711 | dep.dayanybittencourt@camara.leg.br<br \/>\nPara verificar a assinatura, acesse https:\/\/infoleg-autenticidade-assinatura.camara.leg.br\/CD263999957300<br \/>\nAssinado eletronicamente pelo(a) Dep. Dayany Bittencourt<br \/>\nApresenta\u00e7\u00e3o: 02\/02\/2026 09:54:04.920 &#8211; Mesa<br \/>\n*CD263999957300* PL n.23\/2026<br \/>C\u00c2MARA DOS DEPUTADOS<br \/>\nGabinete da Deputada Dayany Bittencourt \u2013 Uni\u00e3o\/CE<br \/>\nbrasileira. A fam\u00edlia extensa, composta por colaterais at\u00e9 o quarto grau (irm\u00e3os, tios,<br \/>\nsobrinhos, primos), constitui hoje, em in\u00fameros contextos, um n\u00facleo s\u00f3lido de apoio<br \/>\nm\u00fatuo, identidade e solidariedade. Um homic\u00eddio doloso contra qualquer um desses<br \/>\nmembros gera um trauma coletivo que dilacera todo esse tecido relacional.<br \/>\nA presente proposta, portanto, n\u00e3o cria uma nova san\u00e7\u00e3o, mas corrige uma<br \/>\nomiss\u00e3o l\u00f3gica e estende a consequ\u00eancia jur\u00eddica j\u00e1 existente a uma realidade que a lei<br \/>\natual ignora. Ao ampliar o inciso I do art. 1.814 para incluir os colaterais at\u00e9 o quarto<br \/>\ngrau como v\u00edtimas cujo homic\u00eddio acarreta a indignidade, o projeto reconhece que a<br \/>\ngravidade do ato e a quebra da confian\u00e7a familiar s\u00e3o igualmente repudi\u00e1veis,<br \/>\nindependentemente do grau de parentesco espec\u00edfico atingido. Simultaneamente, a<br \/>\naltera\u00e7\u00e3o do artigo 1.816 para estender os efeitos pessoais da exclus\u00e3o a essa hip\u00f3tese<br \/>\nespec\u00edfica visa impedir o absurdo l\u00f3gico e moral de o indigno, exclu\u00eddo da sucess\u00e3o de<br \/>\nsua v\u00edtima direta, poder vir a suceder outros parentes comuns.<br \/>\nTrata-se de aplicar, com coer\u00eancia, o princ\u00edpio de que ningu\u00e9m pode se<br \/>\nbeneficiar de sua pr\u00f3pria torpeza. Permitir que um homicida herde de outro membro<br \/>\nda fam\u00edlia que ele pr\u00f3prio ajudou a dilacerar \u00e9 uma forma indireta de benef\u00edcio, que<br \/>\nmancha a finalidade do direito das sucess\u00f5es, que \u00e9 a de perpetuar o patrim\u00f4nio<br \/>\ndentro de um contexto de afeto e continuidade familiar, e n\u00e3o de premiar a sua<br \/>\ndestrui\u00e7\u00e3o violenta.<br \/>\nAssim, a iniciativa n\u00e3o representa uma inova\u00e7\u00e3o radical, mas um necess\u00e1rio<br \/>\najuste de precis\u00e3o no C\u00f3digo Civil. Visa alinhar a t\u00e9cnica jur\u00eddica a um imperativo \u00e9tico<br \/>\nincontorn\u00e1vel: o ordenamento n\u00e3o pode ser c\u00famplice, por omiss\u00e3o, de uma situa\u00e7\u00e3o<br \/>\nque a sociedade repudia de forma un\u00e2nime. A lei n\u00e3o pode permanecer como uma<br \/>\nresposta morta para perguntas vivas e dolorosas como a que este caso exp\u00f4s. A<br \/>\naprova\u00e7\u00e3o deste projeto \u00e9 um passo essencial para que o direito brasileiro afirme, com<br \/>\nclareza, que certas condutas s\u00e3o t\u00e3o graves que rompem, de forma irremedi\u00e1vel,<br \/>\nqualquer expectativa sucess\u00f3ria dentro do \u00e2mbito da fam\u00edlia por elas violentada,<br \/>\n C\u00e2mara dos Deputados | Anexo IV \u2013 Gabinete 711 | CEP 70160-900 \u2013 Bras\u00edlia\/DF<br \/>\nTels (61) 3215-5711\/3711 | dep.dayanybittencourt@camara.leg.br<br \/>\nPara verificar a assinatura, acesse https:\/\/infoleg-autenticidade-assinatura.camara.leg.br\/CD263999957300<br \/>\nAssinado eletronicamente pelo(a) Dep. Dayany Bittencourt<br \/>\nApresenta\u00e7\u00e3o: 02\/02\/2026 09:54:04.920 &#8211; Mesa<br \/>\n*CD263999957300* PL n.23\/2026<br \/>C\u00c2MARA DOS DEPUTADOS<br \/>\nGabinete da Deputada Dayany Bittencourt \u2013 Uni\u00e3o\/CE<br \/>\nassegurando uma justi\u00e7a mais plena e condizente com os valores fundamentais da<br \/>\nnossa sociedade.<br \/>\nPelo exposto, contamos com o apoio dos nobres parlamentares para a<br \/>\naprova\u00e7\u00e3o desta mat\u00e9ria.<br \/>\nGabinete Parlamentar, em 02 de fevereiro de 2026.<br \/>\nDeputada DAYANY BITTENCOURT<br \/>\nUNI\u00c3O\/CE<br \/>\n C\u00e2mara dos Deputados | Anexo IV \u2013 Gabinete 711 | CEP 70160-900 \u2013 Bras\u00edlia\/DF<br \/>\nTels (61) 3215-5711\/3711 | dep.dayanybittencourt@camara.leg.br<br \/>\nPara verificar a assinatura, acesse https:\/\/infoleg-autenticidade-assinatura.camara.leg.br\/CD263999957300<br \/>\nAssinado eletronicamente pelo(a) Dep. Dayany Bittencourt<br \/>\nApresenta\u00e7\u00e3o: 02\/02\/2026 09:54:04.920 &#8211; Mesa<br \/>\n*CD263999957300* PL n.23\/2026<\/article>\n<p><a href='https:\/\/app.legislapp.com.br\/#\/busca?termo=Altera\u00e7\u00e3o'>Altera\u00e7\u00e3o<\/a>, <a href='https:\/\/app.legislapp.com.br\/#\/busca?termo=C\u00f3digo Civil (2002)'>C\u00f3digo Civil (2002)<\/a>, <a href='https:\/\/app.legislapp.com.br\/#\/busca?termo=exclus\u00e3o'>exclus\u00e3o<\/a>, <a href='https:\/\/app.legislapp.com.br\/#\/busca?termo=Sucess\u00e3o heredit\u00e1ria'>Sucess\u00e3o heredit\u00e1ria<\/a>, <a href='https:\/\/app.legislapp.com.br\/#\/busca?termo=Autor (direito penal)'>Autor (direito penal)<\/a>, <a href='https:\/\/app.legislapp.com.br\/#\/busca?termo=Coautor'>Coautor<\/a>, <a href='https:\/\/app.legislapp.com.br\/#\/busca?termo=Part\u00edcipe'>Part\u00edcipe<\/a>, <a href='https:\/\/app.legislapp.com.br\/#\/busca?termo=Homic\u00eddio doloso'>Homic\u00eddio doloso<\/a>, <a href='https:\/\/app.legislapp.com.br\/#\/busca?termo=Tentativa (crime)'>Tentativa (crime)<\/a>, <a href='https:\/\/app.legislapp.com.br\/#\/busca?termo=Parente colateral.'>Parente colateral.<\/a><\/p>\n<div style=\"text-align: center\">\n      <img decoding=\"async\" style=\"width: 14%;\" src=\"https:\/\/www.legislapp.com.br\/wp-content\/uploads\/2021\/07\/Logo-Legislapp-1-03-1.png\"><br \/>\n      <\/p>\n<div style=\"margin-bottom: 20px;\" class=\"et_pb_button_module_wrapper et_pb_button_5_tb_body_wrapper et_pb_button_alignment_center et_pb_module \">\n         <a class=\"et_pb_button et_pb_button_5_tb_body et_hover_enabled et_pb_bg_layout_dark\" style=\"width: 50%;background-color: black;\" href=\"https:\/\/app.legislapp.com.br\" target=\"_blank\" rel=\"noopener\">Visualizar completo na nossa plataforma (30 dias gr\u00e1tis)<\/a><\/p><\/div>\n<p>      <a href=\"https:\/\/play.google.com\/store\/apps\/details?id=br.com.legislapp\"><img decoding=\"async\" style=\"width: 15%; min-width: 130px;\" src=\"https:\/\/www.legislapp.com.br\/wp-content\/uploads\/google-play.png\"><\/a><br \/>\n      <a href=\"https:\/\/apps.apple.com\/us\/app\/legislapp\/id1568929859\"><img decoding=\"async\" style=\"width: 15%; min-width: 130px\" src=\"https:\/\/www.legislapp.com.br\/wp-content\/uploads\/apple-store.png\"><\/a>\n   <\/div>\n","protected":false},"excerpt":{"rendered":"<p>Avulso Inicial &#8211; Autoria de Dayany Bittencourt C\u00c2MARA DOS DEPUTADOS Gabinete da Deputada Dayany Bittencourt \u2013 Uni\u00e3o\/CE PROJETO DE LEI N\u00b0____, DE 2026 (Da Sra. Dayany Bittencourt) Altera a Lei n\u00ba 10.406, de 10 de janeiro de 2002 (C\u00f3digo Civil), para criar a Lei Suzane von Richthofen, com objetivo de ampliar o instituto da indignidade [&hellip;]<\/p>\n","protected":false},"author":1,"featured_media":0,"parent":0,"menu_order":0,"comment_status":"closed","ping_status":"closed","template":"page-template-blank.php","meta":{"_et_pb_use_builder":"","_et_pb_old_content":"","_et_gb_content_width":"1080","ngg_post_thumbnail":0,"footnotes":""},"class_list":["post-11617","page","type-page","status-publish","hentry"],"yoast_head":"<!-- This site is optimized with the Yoast SEO plugin v24.4 - https:\/\/yoast.com\/wordpress\/plugins\/seo\/ -->\n<title>Avulso Inicial - PL 23\/2026 - C\u00e2mara - Legislapp<\/title>\n<meta name=\"robots\" content=\"index, follow, max-snippet:-1, max-image-preview:large, max-video-preview:-1\" \/>\n<link rel=\"canonical\" href=\"https:\/\/www.legislapp.com.br\/index.php\/avulso-inicial-pl-23-2026-camara\/\" \/>\n<meta property=\"og:locale\" content=\"pt_BR\" \/>\n<meta property=\"og:type\" content=\"article\" \/>\n<meta property=\"og:title\" content=\"Avulso Inicial - PL 23\/2026 - C\u00e2mara - Legislapp\" \/>\n<meta property=\"og:description\" content=\"Avulso Inicial &#8211; Autoria de Dayany Bittencourt C\u00c2MARA DOS DEPUTADOS Gabinete da Deputada Dayany Bittencourt \u2013 Uni\u00e3o\/CE PROJETO DE LEI N\u00b0____, DE 2026 (Da Sra. Dayany Bittencourt) Altera a Lei n\u00ba 10.406, de 10 de janeiro de 2002 (C\u00f3digo Civil), para criar a Lei Suzane von Richthofen, com objetivo de ampliar o instituto da indignidade [&hellip;]\" \/>\n<meta property=\"og:url\" content=\"https:\/\/www.legislapp.com.br\/index.php\/avulso-inicial-pl-23-2026-camara\/\" \/>\n<meta property=\"og:site_name\" content=\"Legislapp\" \/>\n<meta property=\"article:publisher\" content=\"https:\/\/www.instagram.com\/legislapp\/\" \/>\n<meta property=\"og:image\" content=\"https:\/\/www.legislapp.com.br\/wp-content\/uploads\/2021\/07\/Logo-Legislapp-1-03-1.png\" \/>\n<meta name=\"twitter:card\" content=\"summary_large_image\" \/>\n<meta name=\"twitter:label1\" content=\"Est. tempo de leitura\" \/>\n\t<meta name=\"twitter:data1\" content=\"6 minutos\" \/>\n<script type=\"application\/ld+json\" class=\"yoast-schema-graph\">{\"@context\":\"https:\/\/schema.org\",\"@graph\":[{\"@type\":\"WebPage\",\"@id\":\"https:\/\/www.legislapp.com.br\/index.php\/avulso-inicial-pl-23-2026-camara\/\",\"url\":\"https:\/\/www.legislapp.com.br\/index.php\/avulso-inicial-pl-23-2026-camara\/\",\"name\":\"Avulso Inicial - PL 23\/2026 - C\u00e2mara - Legislapp\",\"isPartOf\":{\"@id\":\"https:\/\/www.legislapp.com.br\/#website\"},\"primaryImageOfPage\":{\"@id\":\"https:\/\/www.legislapp.com.br\/index.php\/avulso-inicial-pl-23-2026-camara\/#primaryimage\"},\"image\":{\"@id\":\"https:\/\/www.legislapp.com.br\/index.php\/avulso-inicial-pl-23-2026-camara\/#primaryimage\"},\"thumbnailUrl\":\"https:\/\/www.legislapp.com.br\/wp-content\/uploads\/2021\/07\/Logo-Legislapp-1-03-1.png\",\"datePublished\":\"2026-03-03T22:02:43+00:00\",\"breadcrumb\":{\"@id\":\"https:\/\/www.legislapp.com.br\/index.php\/avulso-inicial-pl-23-2026-camara\/#breadcrumb\"},\"inLanguage\":\"pt-BR\",\"potentialAction\":[{\"@type\":\"ReadAction\",\"target\":[\"https:\/\/www.legislapp.com.br\/index.php\/avulso-inicial-pl-23-2026-camara\/\"]}]},{\"@type\":\"ImageObject\",\"inLanguage\":\"pt-BR\",\"@id\":\"https:\/\/www.legislapp.com.br\/index.php\/avulso-inicial-pl-23-2026-camara\/#primaryimage\",\"url\":\"https:\/\/www.legislapp.com.br\/wp-content\/uploads\/2021\/07\/Logo-Legislapp-1-03-1.png\",\"contentUrl\":\"https:\/\/www.legislapp.com.br\/wp-content\/uploads\/2021\/07\/Logo-Legislapp-1-03-1.png\",\"width\":2679,\"height\":2697},{\"@type\":\"BreadcrumbList\",\"@id\":\"https:\/\/www.legislapp.com.br\/index.php\/avulso-inicial-pl-23-2026-camara\/#breadcrumb\",\"itemListElement\":[{\"@type\":\"ListItem\",\"position\":1,\"name\":\"In\u00edcio\",\"item\":\"https:\/\/www.legislapp.com.br\/\"},{\"@type\":\"ListItem\",\"position\":2,\"name\":\"Avulso Inicial &#8211; PL 23\/2026 &#8211; C\u00e2mara\"}]},{\"@type\":\"WebSite\",\"@id\":\"https:\/\/www.legislapp.com.br\/#website\",\"url\":\"https:\/\/www.legislapp.com.br\/\",\"name\":\"Legislapp\",\"description\":\"Intelig\u00eancia governamental em tempo real\",\"publisher\":{\"@id\":\"https:\/\/www.legislapp.com.br\/#organization\"},\"potentialAction\":[{\"@type\":\"SearchAction\",\"target\":{\"@type\":\"EntryPoint\",\"urlTemplate\":\"https:\/\/www.legislapp.com.br\/?s={search_term_string}\"},\"query-input\":{\"@type\":\"PropertyValueSpecification\",\"valueRequired\":true,\"valueName\":\"search_term_string\"}}],\"inLanguage\":\"pt-BR\"},{\"@type\":\"Organization\",\"@id\":\"https:\/\/www.legislapp.com.br\/#organization\",\"name\":\"Legislapp Monitoramento e Intelig\u00eancia Governamental\",\"url\":\"https:\/\/www.legislapp.com.br\/\",\"logo\":{\"@type\":\"ImageObject\",\"inLanguage\":\"pt-BR\",\"@id\":\"https:\/\/www.legislapp.com.br\/#\/schema\/logo\/image\/\",\"url\":\"https:\/\/www.legislapp.com.br\/wp-content\/uploads\/icon.png\",\"contentUrl\":\"https:\/\/www.legislapp.com.br\/wp-content\/uploads\/icon.png\",\"width\":1024,\"height\":1024,\"caption\":\"Legislapp Monitoramento e Intelig\u00eancia Governamental\"},\"image\":{\"@id\":\"https:\/\/www.legislapp.com.br\/#\/schema\/logo\/image\/\"},\"sameAs\":[\"https:\/\/www.instagram.com\/legislapp\/\"]}]}<\/script>\n<!-- \/ Yoast SEO plugin. -->","yoast_head_json":{"title":"Avulso Inicial - PL 23\/2026 - C\u00e2mara - Legislapp","robots":{"index":"index","follow":"follow","max-snippet":"max-snippet:-1","max-image-preview":"max-image-preview:large","max-video-preview":"max-video-preview:-1"},"canonical":"https:\/\/www.legislapp.com.br\/index.php\/avulso-inicial-pl-23-2026-camara\/","og_locale":"pt_BR","og_type":"article","og_title":"Avulso Inicial - PL 23\/2026 - C\u00e2mara - Legislapp","og_description":"Avulso Inicial &#8211; Autoria de Dayany Bittencourt C\u00c2MARA DOS DEPUTADOS Gabinete da Deputada Dayany Bittencourt \u2013 Uni\u00e3o\/CE PROJETO DE LEI N\u00b0____, DE 2026 (Da Sra. Dayany Bittencourt) Altera a Lei n\u00ba 10.406, de 10 de janeiro de 2002 (C\u00f3digo Civil), para criar a Lei Suzane von Richthofen, com objetivo de ampliar o instituto da indignidade [&hellip;]","og_url":"https:\/\/www.legislapp.com.br\/index.php\/avulso-inicial-pl-23-2026-camara\/","og_site_name":"Legislapp","article_publisher":"https:\/\/www.instagram.com\/legislapp\/","og_image":[{"url":"https:\/\/www.legislapp.com.br\/wp-content\/uploads\/2021\/07\/Logo-Legislapp-1-03-1.png","type":"","width":"","height":""}],"twitter_card":"summary_large_image","twitter_misc":{"Est. tempo de leitura":"6 minutos"},"schema":{"@context":"https:\/\/schema.org","@graph":[{"@type":"WebPage","@id":"https:\/\/www.legislapp.com.br\/index.php\/avulso-inicial-pl-23-2026-camara\/","url":"https:\/\/www.legislapp.com.br\/index.php\/avulso-inicial-pl-23-2026-camara\/","name":"Avulso Inicial - PL 23\/2026 - C\u00e2mara - Legislapp","isPartOf":{"@id":"https:\/\/www.legislapp.com.br\/#website"},"primaryImageOfPage":{"@id":"https:\/\/www.legislapp.com.br\/index.php\/avulso-inicial-pl-23-2026-camara\/#primaryimage"},"image":{"@id":"https:\/\/www.legislapp.com.br\/index.php\/avulso-inicial-pl-23-2026-camara\/#primaryimage"},"thumbnailUrl":"https:\/\/www.legislapp.com.br\/wp-content\/uploads\/2021\/07\/Logo-Legislapp-1-03-1.png","datePublished":"2026-03-03T22:02:43+00:00","breadcrumb":{"@id":"https:\/\/www.legislapp.com.br\/index.php\/avulso-inicial-pl-23-2026-camara\/#breadcrumb"},"inLanguage":"pt-BR","potentialAction":[{"@type":"ReadAction","target":["https:\/\/www.legislapp.com.br\/index.php\/avulso-inicial-pl-23-2026-camara\/"]}]},{"@type":"ImageObject","inLanguage":"pt-BR","@id":"https:\/\/www.legislapp.com.br\/index.php\/avulso-inicial-pl-23-2026-camara\/#primaryimage","url":"https:\/\/www.legislapp.com.br\/wp-content\/uploads\/2021\/07\/Logo-Legislapp-1-03-1.png","contentUrl":"https:\/\/www.legislapp.com.br\/wp-content\/uploads\/2021\/07\/Logo-Legislapp-1-03-1.png","width":2679,"height":2697},{"@type":"BreadcrumbList","@id":"https:\/\/www.legislapp.com.br\/index.php\/avulso-inicial-pl-23-2026-camara\/#breadcrumb","itemListElement":[{"@type":"ListItem","position":1,"name":"In\u00edcio","item":"https:\/\/www.legislapp.com.br\/"},{"@type":"ListItem","position":2,"name":"Avulso Inicial &#8211; PL 23\/2026 &#8211; C\u00e2mara"}]},{"@type":"WebSite","@id":"https:\/\/www.legislapp.com.br\/#website","url":"https:\/\/www.legislapp.com.br\/","name":"Legislapp","description":"Intelig\u00eancia governamental em tempo real","publisher":{"@id":"https:\/\/www.legislapp.com.br\/#organization"},"potentialAction":[{"@type":"SearchAction","target":{"@type":"EntryPoint","urlTemplate":"https:\/\/www.legislapp.com.br\/?s={search_term_string}"},"query-input":{"@type":"PropertyValueSpecification","valueRequired":true,"valueName":"search_term_string"}}],"inLanguage":"pt-BR"},{"@type":"Organization","@id":"https:\/\/www.legislapp.com.br\/#organization","name":"Legislapp Monitoramento e Intelig\u00eancia Governamental","url":"https:\/\/www.legislapp.com.br\/","logo":{"@type":"ImageObject","inLanguage":"pt-BR","@id":"https:\/\/www.legislapp.com.br\/#\/schema\/logo\/image\/","url":"https:\/\/www.legislapp.com.br\/wp-content\/uploads\/icon.png","contentUrl":"https:\/\/www.legislapp.com.br\/wp-content\/uploads\/icon.png","width":1024,"height":1024,"caption":"Legislapp Monitoramento e Intelig\u00eancia Governamental"},"image":{"@id":"https:\/\/www.legislapp.com.br\/#\/schema\/logo\/image\/"},"sameAs":["https:\/\/www.instagram.com\/legislapp\/"]}]}},"_links":{"self":[{"href":"https:\/\/www.legislapp.com.br\/index.php\/wp-json\/wp\/v2\/pages\/11617","targetHints":{"allow":["GET"]}}],"collection":[{"href":"https:\/\/www.legislapp.com.br\/index.php\/wp-json\/wp\/v2\/pages"}],"about":[{"href":"https:\/\/www.legislapp.com.br\/index.php\/wp-json\/wp\/v2\/types\/page"}],"author":[{"embeddable":true,"href":"https:\/\/www.legislapp.com.br\/index.php\/wp-json\/wp\/v2\/users\/1"}],"replies":[{"embeddable":true,"href":"https:\/\/www.legislapp.com.br\/index.php\/wp-json\/wp\/v2\/comments?post=11617"}],"version-history":[{"count":0,"href":"https:\/\/www.legislapp.com.br\/index.php\/wp-json\/wp\/v2\/pages\/11617\/revisions"}],"wp:attachment":[{"href":"https:\/\/www.legislapp.com.br\/index.php\/wp-json\/wp\/v2\/media?parent=11617"}],"curies":[{"name":"wp","href":"https:\/\/api.w.org\/{rel}","templated":true}]}}