{"id":11619,"date":"2026-03-03T19:02:54","date_gmt":"2026-03-03T22:02:54","guid":{"rendered":"https:\/\/www.legislapp.com.br\/index.php\/avulso-inicial-pl-6420-2016-camara\/"},"modified":"2026-03-03T19:02:54","modified_gmt":"2026-03-03T22:02:54","slug":"avulso-inicial-pl-6420-2016-camara","status":"publish","type":"page","link":"https:\/\/www.legislapp.com.br\/index.php\/avulso-inicial-pl-6420-2016-camara\/","title":{"rendered":"Avulso Inicial &#8211; PL 6420\/2016 &#8211; C\u00e2mara"},"content":{"rendered":"<h1 style='text-align: center;'>Avulso Inicial &#8211; Autoria de Alceu Moreira<\/h3>\n<p><\/p>\n<article>PROJETO DE LEI N\u00ba      , DE 2016<br \/>\n(Do Sr. Alceu Moreira)<br \/>\nInstitui o Programa de Qualidade na<br \/>\nProdu\u00e7\u00e3o, no Transporte e na<br \/>\nComercializa\u00e7\u00e3o de Leite e d\u00e1 outras<br \/>\nprovid\u00eancias.<br \/>\nO Congresso Nacional decreta:<br \/>\nArt. 1\u00ba Fica institu\u00eddo o Programa de Qualidade na Produ\u00e7\u00e3o,<br \/>\nno Transporte e na Comercializa\u00e7\u00e3o de Leite, com o objetivo de coibir fraudes<br \/>\ne adultera\u00e7\u00f5es no leite, preservar a sa\u00fade p\u00fablica e ampliar os mercados<br \/>\ninterno e externo.<br \/>\nArt. 2\u00ba Ficam caracterizadas como fornecedoras de leite cru as<br \/>\npessoas f\u00edsicas ou jur\u00eddicas vinculadas aos estabelecimentos de<br \/>\nprocessamento ou postos de refrigera\u00e7\u00e3o de leite.<br \/>\n\u00a7 1\u00ba As propriedades fornecedoras de leite cru dever\u00e3o estar<br \/>\nregularizadas com as obriga\u00e7\u00f5es sanit\u00e1rias estabelecidas pela legisla\u00e7\u00e3o em<br \/>\nvigor.<br \/>\n\u00a7 2\u00ba \u00c9 vedado o envio de leite cru aos postos de refrigera\u00e7\u00e3o<br \/>\nou aos estabelecimentos de processamento de leite, quando, no momento de<br \/>\nsua coleta na propriedade rural, n\u00e3o estiver de acordo com os padr\u00f5es<br \/>\nestabelecidos pelas normas infralegais e pela legisla\u00e7\u00e3o em vigor.<br \/>\n\u00a7 3\u00ba Os estabelecimentos referidos no caput desse artigo ser\u00e3o<br \/>\nrespons\u00e1veis por prestar informa\u00e7\u00f5es completas sobre os fornecedores de leite <br \/>2<br \/>\ncru, na forma determinada pelo \u00f3rg\u00e3o federal de inspe\u00e7\u00e3o de produtos de<br \/>\norigem animal.<br \/>\nArt. 3\u00ba Fica proibida a comercializa\u00e7\u00e3o de leite cru e<br \/>\nconcentrado diretamente ao consumidor final, ao com\u00e9rcio varejista e ao<br \/>\natacadista.<br \/>\nArt. 4\u00ba S\u00e3o caracterizadas como transportadoras de leite cru as<br \/>\npessoas f\u00edsicas ou jur\u00eddicas formalmente vinculadas aos estabelecimentos de<br \/>\nprocessamento ou postos de refrigera\u00e7\u00e3o de leite.<br \/>\n\u00a7 1\u00ba Cabe ao transportador a coleta do leite, limitando-se \u00e0<br \/>\npresta\u00e7\u00e3o de servi\u00e7o de transporte, diretamente da propriedade rural aos<br \/>\nestabelecimentos de processamento ou postos de refrigera\u00e7\u00e3o de leite, sendo<br \/>\nvedada a intermedia\u00e7\u00e3o de compra e de venda do produto.<br \/>\n\u00a7 2\u00ba Os estabelecimentos referidos no caput desse artigo s\u00e3o<br \/>\nrespons\u00e1veis por cadastrar e repassar as informa\u00e7\u00f5es sobre os<br \/>\ntransportadores de leite cru, na forma determinada pelo \u00f3rg\u00e3o federal de<br \/>\ninspe\u00e7\u00e3o de produtos de origem animal.<br \/>\n\u00a7 3\u00ba Somente poder\u00e3o ser transportadoras de leite, as pessoas<br \/>\nf\u00edsicas ou jur\u00eddicas cadastradas pelos estabelecimentos de processamento ou<br \/>\npelos postos de refrigera\u00e7\u00e3o.<br \/>\n\u00a7 4\u00ba Somente poder\u00e3o ser transportadores aqueles que<br \/>\nreceberem treinamento, de acordo com os requisitos exigidos pelo \u00f3rg\u00e3o oficial<br \/>\nde inspe\u00e7\u00e3o de produtos de origem animal e ser\u00e3o respons\u00e1veis pelo leite<br \/>\ndesde a propriedade rural at\u00e9 o estabelecimento de processamento ou posto<br \/>\nde refrigera\u00e7\u00e3o.<br \/>\nArt. 5\u00ba O transportador de leite cru dever\u00e1 rejeitar, no momento<br \/>\nda coleta na propriedade rural, o produto que n\u00e3o atender \u00e0s exig\u00eancias<br \/>\nestabelecidas pela legisla\u00e7\u00e3o em vigor. <br \/>3<br \/>\n\u00a7 1\u00ba O leite rejeitado pelo transportador dever\u00e1 permanecer na<br \/>\npropriedade, sendo proibida a sua comercializa\u00e7\u00e3o, pelo produtor, in natura ou<br \/>\nsob quaisquer outras formas.<br \/>\n\u00a7 2\u00ba \u00c9 de responsabilidade do produtor o correto descarte do<br \/>\nleite rejeitado, de acordo com as normas infralegais do \u00f3rg\u00e3o oficial<br \/>\ncompetente.<br \/>\nArt. 6\u00ba O leite cru somente poder\u00e1 ser recebido pelo posto de<br \/>\nrefrigera\u00e7\u00e3o ou pelo estabelecimento de processamento de leite, ap\u00f3s ser<br \/>\nsubmetido a an\u00e1lises laboratoriais, realizadas na plataforma desses locais, se<br \/>\nestiver dentro dos padr\u00f5es estabelecidos pelas normas infralegais e pela<br \/>\nlegisla\u00e7\u00e3o em vigor.<br \/>\n\u00a7 1\u00ba O leite de conjunto que n\u00e3o atender, nas an\u00e1lises<br \/>\nrealizadas na recep\u00e7\u00e3o dos estabelecimentos processadores ou postos de<br \/>\nrefrigera\u00e7\u00e3o, aos padr\u00f5es definidos pelas normas infralegais e pela legisla\u00e7\u00e3o<br \/>\nem vigor poder\u00e1 ser apreendido e condenado ou encaminhado ao<br \/>\naproveitamento condicional no pr\u00f3prio estabelecimento recebedor de leite cru<br \/>\nou em outro, desde que possuam registro do produto a ser fabricado a partir do<br \/>\nleite no \u00f3rg\u00e3o oficial competente.<br \/>\n\u00a7 2\u00ba A apreens\u00e3o e a condena\u00e7\u00e3o do leite dever\u00e3o ser<br \/>\nrealizadas de acordo com as normas infralegais do \u00f3rg\u00e3o oficial de inspe\u00e7\u00e3o<br \/>\nsanit\u00e1ria, cabendo ao estabelecimento de processamento e ao posto de<br \/>\nrefrigera\u00e7\u00e3o de leite dar a destina\u00e7\u00e3o adequada ao leite condenado, atendendo<br \/>\n\u00e0s normas infralegais dos \u00f3rg\u00e3os ambientais competentes.<br \/>\n\u00a7 3\u00ba Nos casos de apreens\u00e3o e condena\u00e7\u00e3o, o \u00f3rg\u00e3o oficial de<br \/>\ninspe\u00e7\u00e3o sanit\u00e1ria ficar\u00e1 respons\u00e1vel por determinar os procedimentos a serem<br \/>\nseguidos, para assegurar a correta condena\u00e7\u00e3o e sua comprova\u00e7\u00e3o, pelos<br \/>\nestabelecimentos processadores ou postos de refrigera\u00e7\u00e3o de leite.<br \/>\n\u00a7 4\u00ba O aproveitamento condicional do leite somente ser\u00e1<br \/>\nposs\u00edvel quando previsto em normas infralegais sobre o assunto.  <br \/>4<br \/>\n\u00a7 5\u00ba No caso de aproveitamento condicional, o estabelecimento<br \/>\ndeve manter registros audit\u00e1veis que comprovem o atendimento \u00e0s normas<br \/>\ninfralegais sobre o assunto.<br \/>\n\u00a7 6\u00ba Os estabelecimentos de processamento e postos de<br \/>\nrefrigera\u00e7\u00e3o de leite dever\u00e3o fornecer ao \u00f3rg\u00e3o oficial de inspe\u00e7\u00e3o sanit\u00e1ria<br \/>\nrelat\u00f3rio mensal com informa\u00e7\u00f5es sobre volume do leite encaminhado ao<br \/>\naproveitamento condicional e \u00e0 condena\u00e7\u00e3o, sobre os produtores que tiveram o<br \/>\nleite cru rejeitado na coleta e sobre o transportador respons\u00e1vel pela carga.<br \/>\nArt. 7\u00ba. Aos que infringirem o disposto nesta Lei, sem preju\u00edzo<br \/>\nde san\u00e7\u00f5es previstas na legisla\u00e7\u00e3o em vigor, bem como da responsabilidade<br \/>\npenal cab\u00edvel, ser\u00e3o aplicadas as seguintes penalidades:<br \/>\nI &#8211; multa de R$ 8.500,00 a at\u00e9 R$ 35.000,00 aos<br \/>\nestabelecimentos de processamento ou postos de refrigera\u00e7\u00e3o que coletarem<br \/>\nleite cru de propriedades que descumprirem o disposto no art. 2\u00ba desta Lei;<br \/>\nII &#8211; multa de R$ 85.000,00 a at\u00e9 R$ 350.000,00 para<br \/>\nestabelecimentos de processamento ou para postos de refrigera\u00e7\u00e3o que:<br \/>\na) comercializarem leite em desacordo com o art. 3\u00ba desta Lei;<br \/>\nb) que n\u00e3o cumprirem o disposto no caput do art. 4\u00ba e seu \u00a7 2\u00ba<br \/>\ndesta Lei;<br \/>\nc) que n\u00e3o cumprirem o disposto no art. 6\u00ba e seus \u00a7 4\u00ba e \u00a7 5\u00ba<br \/>\ndesta Lei.<br \/>\nIII &#8211; multa de R$ 8.500,00 a at\u00e9 R$ 85.000,00 para<br \/>\nestabelecimentos de processamento ou para postos de refrigera\u00e7\u00e3o de leite<br \/>\nque adquirirem leite cru de fornecedores n\u00e3o caracterizados conforme disposto<br \/>\nno art. 2\u00ba desta Lei cujo transporte de leite cru n\u00e3o cumprir o disposto no art. 5\u00ba<br \/>\ndesta Lei;<br \/>\nIV &#8211; multa de R$ 850,00 a at\u00e9 R$ 8.500,00 para<br \/>\nestabelecimentos de processamento ou para postos de refrigera\u00e7\u00e3o de leite <br \/>5<br \/>\nque n\u00e3o repassarem as informa\u00e7\u00f5es previstas no art. 2\u00ba e no \u00a7 2\u00ba do art. 4\u00ba<br \/>\ndesta Lei;<br \/>\nV &#8211; multa de R$ R$1.800,00 a at\u00e9 R$18.000,00 para<br \/>\nestabelecimentos de processamento ou para postos de refrigera\u00e7\u00e3o que n\u00e3o<br \/>\ncumprirem o disposto no artigo 4\u00ba, \u00a7 4\u00b0 desta Lei;<br \/>\nVI &#8211; multa de R$ 850,00 a at\u00e9 R$ 18.000,00 para<br \/>\nestabelecimentos de processamento ou para postos de refrigera\u00e7\u00e3o de leite<br \/>\nque n\u00e3o cumprirem o disposto no art. 6\u00ba, \u00a7 6\u00ba desta Lei;<br \/>\nVII &#8211; multa de R$ 8.500,00 a at\u00e9 R$ 35.000,00 aos<br \/>\nestabelecimentos de processamento ou postos de refrigera\u00e7\u00e3o que coletarem<br \/>\nleite cru de propriedades que descumprirem o disposto no art. 3\u00ba desta Lei.<br \/>\nPar\u00e1grafo \u00fanico. As multas previstas nesta Lei ser\u00e3o cobradas<br \/>\nem dobro nos casos de reincid\u00eancia.<br \/>\nArt. 8\u00ba. Os estabelecimentos de processamento, os postos de<br \/>\nrefrigera\u00e7\u00e3o de leite e os transportadores de leite responder\u00e3o solidariamente<br \/>\npelas infra\u00e7\u00f5es contidas na presente lei.<br \/>\nArt. 9\u00ba. Esta lei entrar\u00e1 em vigor na data de sua publica\u00e7\u00e3o.<br \/>\nJUSTIFICA\u00c7\u00c3O<br \/>\nO projeto de lei, que ora apresentamos, tem como escopo<br \/>\ninstituir o Programa de Qualidade na Produ\u00e7\u00e3o, no Transportes e na<br \/>\nComercializa\u00e7\u00e3o de Leite e d\u00e1 outras provid\u00eancias.<br \/>\nNossa proposi\u00e7\u00e3o determina que somente poder\u00e3o ser<br \/>\nfornecedores de leite cru as propriedades que estiverem cadastradas no \u00f3rg\u00e3o<br \/>\nfederal de inspe\u00e7\u00e3o de produtos de origem animal e regularizadas com as<br \/>\nobriga\u00e7\u00f5es sanit\u00e1rias estabelecidas pela legisla\u00e7\u00e3o em vigor. A propriedade<br \/>\nque n\u00e3o atender aos padr\u00f5es estabelecidos pelas normas infralegais e pela <br \/>6<br \/>\nlegisla\u00e7\u00e3o em vigor n\u00e3o poder\u00e1 enviar o produto aos postos de refrigera\u00e7\u00e3o e<br \/>\naos estabelecimentos de processamento de leite.<br \/>\nAs transportadoras de leite cru s\u00e3o pessoas f\u00edsicas ou jur\u00eddicas<br \/>\ndiretamente vinculadas aos estabelecimentos de processamento ou postos de<br \/>\nrefrigera\u00e7\u00e3o de leite, limitando-se \u00e0 presta\u00e7\u00e3o de servi\u00e7o de transporte.<br \/>\nO transportador ser\u00e1 obrigado a receber treinamento, de<br \/>\nacordo com os requisitos exigidos pelo \u00f3rg\u00e3o oficial de inspe\u00e7\u00e3o de produtos<br \/>\nde origem animal e ser\u00e3o respons\u00e1veis pelo leite desde a propriedade rural at\u00e9<br \/>\no estabelecimento de processamento ou posto de refrigera\u00e7\u00e3o.<br \/>\nAs penalidades aos que descumprirem a lei poder\u00e3o chegar \u00e0<br \/>\nmulta de R$ 350 mil. No caso de reincid\u00eancia, os valores dobram.<br \/>\nNossa proposi\u00e7\u00e3o foi inspirada no Projeto de Lei n\u00ba 414, de<br \/>\n2015, do Rio Grande do Sul, transformado na Lei n\u00ba 14.835, de 5 de janeiro de<br \/>\n2016, publicada no Di\u00e1rio Oficial do Estado, em 7 de janeiro de 2016.<br \/>\nO projeto adveio da necessidade de combater as fraudes no<br \/>\nleite cru praticadas por transportadores de leite, onde s\u00e3o utilizadas<br \/>\nsubst\u00e2ncias para mascarar a falta de qualidade ou aumentar o volume do leite<br \/>\ncru, como soda c\u00e1ustica, \u00e1gua oxigenada, \u00e1lcool et\u00edlico e subst\u00e2ncia<br \/>\nsemelhante \u00e0 ureia, que cont\u00e9m formol na sua composi\u00e7\u00e3o. A proposi\u00e7\u00e3o<br \/>\nbusca, portanto, preservar a sa\u00fade p\u00fablica e ampliar os mercados interno e<br \/>\nexterno, com benef\u00edcios econ\u00f4micos e sociais para todos os integrantes da<br \/>\ncadeia produtiva leiteira.<br \/>\nImportante salientar que a proposi\u00e7\u00e3o que ora apresentamos<br \/>\nresultou de amplas discuss\u00f5es com \u00f3rg\u00e3os e representantes da cadeia<br \/>\nprodutiva do leite. <br \/>7<br \/>\nEsperamos contar com a colabora\u00e7\u00e3o de nossos ilustres Pares<br \/>\nno sentido do aperfei\u00e7oamento e aprova\u00e7\u00e3o do presente projeto de lei.<br \/>\nSala das Sess\u00f5es, em 26 de outubro de 2016.<br \/>\nDeputado ALCEU MOREIRA <\/p>\n<p>2016-16710 <\/article>\n<p><a href='https:\/\/app.legislapp.com.br\/#\/busca?termo=Cria\u00e7\u00e3o'>Cria\u00e7\u00e3o<\/a>, <a href='https:\/\/app.legislapp.com.br\/#\/busca?termo=Programa de Qualidade na Produ\u00e7\u00e3o'>Programa de Qualidade na Produ\u00e7\u00e3o<\/a>, <a href='https:\/\/app.legislapp.com.br\/#\/busca?termo=no Transporte e na Comercializa\u00e7\u00e3o de Leite'>no Transporte e na Comercializa\u00e7\u00e3o de Leite<\/a>, <a href='https:\/\/app.legislapp.com.br\/#\/busca?termo=combate'>combate<\/a>, <a href='https:\/\/app.legislapp.com.br\/#\/busca?termo=fraude'>fraude<\/a>, <a href='https:\/\/app.legislapp.com.br\/#\/busca?termo=adultera\u00e7\u00e3o'>adultera\u00e7\u00e3o<\/a>, <a href='https:\/\/app.legislapp.com.br\/#\/busca?termo=leite in natura.'>leite in natura.<\/a><\/p>\n<div style=\"text-align: center\">\n      <img decoding=\"async\" style=\"width: 14%;\" src=\"https:\/\/www.legislapp.com.br\/wp-content\/uploads\/2021\/07\/Logo-Legislapp-1-03-1.png\"><br \/>\n      <\/p>\n<div style=\"margin-bottom: 20px;\" class=\"et_pb_button_module_wrapper et_pb_button_5_tb_body_wrapper et_pb_button_alignment_center et_pb_module \">\n         <a class=\"et_pb_button et_pb_button_5_tb_body et_hover_enabled et_pb_bg_layout_dark\" style=\"width: 50%;background-color: black;\" href=\"https:\/\/app.legislapp.com.br\" target=\"_blank\" rel=\"noopener\">Visualizar completo na nossa plataforma (30 dias gr\u00e1tis)<\/a><\/p><\/div>\n<p>      <a href=\"https:\/\/play.google.com\/store\/apps\/details?id=br.com.legislapp\"><img decoding=\"async\" style=\"width: 15%; min-width: 130px;\" src=\"https:\/\/www.legislapp.com.br\/wp-content\/uploads\/google-play.png\"><\/a><br \/>\n      <a href=\"https:\/\/apps.apple.com\/us\/app\/legislapp\/id1568929859\"><img decoding=\"async\" style=\"width: 15%; min-width: 130px\" src=\"https:\/\/www.legislapp.com.br\/wp-content\/uploads\/apple-store.png\"><\/a>\n   <\/div>\n","protected":false},"excerpt":{"rendered":"<p>Avulso Inicial &#8211; Autoria de Alceu Moreira PROJETO DE LEI N\u00ba , DE 2016 (Do Sr. Alceu Moreira) Institui o Programa de Qualidade na Produ\u00e7\u00e3o, no Transporte e na Comercializa\u00e7\u00e3o de Leite e d\u00e1 outras provid\u00eancias. O Congresso Nacional decreta: Art. 1\u00ba Fica institu\u00eddo o Programa de Qualidade na Produ\u00e7\u00e3o, no Transporte e na Comercializa\u00e7\u00e3o [&hellip;]<\/p>\n","protected":false},"author":1,"featured_media":0,"parent":0,"menu_order":0,"comment_status":"closed","ping_status":"closed","template":"page-template-blank.php","meta":{"_et_pb_use_builder":"","_et_pb_old_content":"","_et_gb_content_width":"1080","ngg_post_thumbnail":0,"footnotes":""},"class_list":["post-11619","page","type-page","status-publish","hentry"],"yoast_head":"<!-- This site is optimized with the Yoast SEO plugin v24.4 - https:\/\/yoast.com\/wordpress\/plugins\/seo\/ -->\n<title>Avulso Inicial - PL 6420\/2016 - C\u00e2mara - Legislapp<\/title>\n<meta name=\"robots\" content=\"index, follow, max-snippet:-1, max-image-preview:large, max-video-preview:-1\" \/>\n<link rel=\"canonical\" href=\"https:\/\/www.legislapp.com.br\/index.php\/avulso-inicial-pl-6420-2016-camara\/\" \/>\n<meta property=\"og:locale\" content=\"pt_BR\" \/>\n<meta property=\"og:type\" content=\"article\" \/>\n<meta property=\"og:title\" content=\"Avulso Inicial - PL 6420\/2016 - C\u00e2mara - Legislapp\" \/>\n<meta property=\"og:description\" content=\"Avulso Inicial &#8211; Autoria de Alceu Moreira PROJETO DE LEI N\u00ba , DE 2016 (Do Sr. Alceu Moreira) Institui o Programa de Qualidade na Produ\u00e7\u00e3o, no Transporte e na Comercializa\u00e7\u00e3o de Leite e d\u00e1 outras provid\u00eancias. O Congresso Nacional decreta: Art. 1\u00ba Fica institu\u00eddo o Programa de Qualidade na Produ\u00e7\u00e3o, no Transporte e na Comercializa\u00e7\u00e3o [&hellip;]\" \/>\n<meta property=\"og:url\" content=\"https:\/\/www.legislapp.com.br\/index.php\/avulso-inicial-pl-6420-2016-camara\/\" \/>\n<meta property=\"og:site_name\" content=\"Legislapp\" \/>\n<meta property=\"article:publisher\" content=\"https:\/\/www.instagram.com\/legislapp\/\" \/>\n<meta property=\"og:image\" content=\"https:\/\/www.legislapp.com.br\/wp-content\/uploads\/2021\/07\/Logo-Legislapp-1-03-1.png\" \/>\n<meta name=\"twitter:card\" content=\"summary_large_image\" \/>\n<meta name=\"twitter:label1\" content=\"Est. tempo de leitura\" \/>\n\t<meta name=\"twitter:data1\" content=\"8 minutos\" \/>\n<script type=\"application\/ld+json\" class=\"yoast-schema-graph\">{\"@context\":\"https:\/\/schema.org\",\"@graph\":[{\"@type\":\"WebPage\",\"@id\":\"https:\/\/www.legislapp.com.br\/index.php\/avulso-inicial-pl-6420-2016-camara\/\",\"url\":\"https:\/\/www.legislapp.com.br\/index.php\/avulso-inicial-pl-6420-2016-camara\/\",\"name\":\"Avulso Inicial - PL 6420\/2016 - C\u00e2mara - Legislapp\",\"isPartOf\":{\"@id\":\"https:\/\/www.legislapp.com.br\/#website\"},\"primaryImageOfPage\":{\"@id\":\"https:\/\/www.legislapp.com.br\/index.php\/avulso-inicial-pl-6420-2016-camara\/#primaryimage\"},\"image\":{\"@id\":\"https:\/\/www.legislapp.com.br\/index.php\/avulso-inicial-pl-6420-2016-camara\/#primaryimage\"},\"thumbnailUrl\":\"https:\/\/www.legislapp.com.br\/wp-content\/uploads\/2021\/07\/Logo-Legislapp-1-03-1.png\",\"datePublished\":\"2026-03-03T22:02:54+00:00\",\"breadcrumb\":{\"@id\":\"https:\/\/www.legislapp.com.br\/index.php\/avulso-inicial-pl-6420-2016-camara\/#breadcrumb\"},\"inLanguage\":\"pt-BR\",\"potentialAction\":[{\"@type\":\"ReadAction\",\"target\":[\"https:\/\/www.legislapp.com.br\/index.php\/avulso-inicial-pl-6420-2016-camara\/\"]}]},{\"@type\":\"ImageObject\",\"inLanguage\":\"pt-BR\",\"@id\":\"https:\/\/www.legislapp.com.br\/index.php\/avulso-inicial-pl-6420-2016-camara\/#primaryimage\",\"url\":\"https:\/\/www.legislapp.com.br\/wp-content\/uploads\/2021\/07\/Logo-Legislapp-1-03-1.png\",\"contentUrl\":\"https:\/\/www.legislapp.com.br\/wp-content\/uploads\/2021\/07\/Logo-Legislapp-1-03-1.png\",\"width\":2679,\"height\":2697},{\"@type\":\"BreadcrumbList\",\"@id\":\"https:\/\/www.legislapp.com.br\/index.php\/avulso-inicial-pl-6420-2016-camara\/#breadcrumb\",\"itemListElement\":[{\"@type\":\"ListItem\",\"position\":1,\"name\":\"In\u00edcio\",\"item\":\"https:\/\/www.legislapp.com.br\/\"},{\"@type\":\"ListItem\",\"position\":2,\"name\":\"Avulso Inicial &#8211; PL 6420\/2016 &#8211; C\u00e2mara\"}]},{\"@type\":\"WebSite\",\"@id\":\"https:\/\/www.legislapp.com.br\/#website\",\"url\":\"https:\/\/www.legislapp.com.br\/\",\"name\":\"Legislapp\",\"description\":\"Intelig\u00eancia governamental em tempo real\",\"publisher\":{\"@id\":\"https:\/\/www.legislapp.com.br\/#organization\"},\"potentialAction\":[{\"@type\":\"SearchAction\",\"target\":{\"@type\":\"EntryPoint\",\"urlTemplate\":\"https:\/\/www.legislapp.com.br\/?s={search_term_string}\"},\"query-input\":{\"@type\":\"PropertyValueSpecification\",\"valueRequired\":true,\"valueName\":\"search_term_string\"}}],\"inLanguage\":\"pt-BR\"},{\"@type\":\"Organization\",\"@id\":\"https:\/\/www.legislapp.com.br\/#organization\",\"name\":\"Legislapp Monitoramento e Intelig\u00eancia Governamental\",\"url\":\"https:\/\/www.legislapp.com.br\/\",\"logo\":{\"@type\":\"ImageObject\",\"inLanguage\":\"pt-BR\",\"@id\":\"https:\/\/www.legislapp.com.br\/#\/schema\/logo\/image\/\",\"url\":\"https:\/\/www.legislapp.com.br\/wp-content\/uploads\/icon.png\",\"contentUrl\":\"https:\/\/www.legislapp.com.br\/wp-content\/uploads\/icon.png\",\"width\":1024,\"height\":1024,\"caption\":\"Legislapp Monitoramento e Intelig\u00eancia Governamental\"},\"image\":{\"@id\":\"https:\/\/www.legislapp.com.br\/#\/schema\/logo\/image\/\"},\"sameAs\":[\"https:\/\/www.instagram.com\/legislapp\/\"]}]}<\/script>\n<!-- \/ Yoast SEO plugin. -->","yoast_head_json":{"title":"Avulso Inicial - PL 6420\/2016 - C\u00e2mara - Legislapp","robots":{"index":"index","follow":"follow","max-snippet":"max-snippet:-1","max-image-preview":"max-image-preview:large","max-video-preview":"max-video-preview:-1"},"canonical":"https:\/\/www.legislapp.com.br\/index.php\/avulso-inicial-pl-6420-2016-camara\/","og_locale":"pt_BR","og_type":"article","og_title":"Avulso Inicial - PL 6420\/2016 - C\u00e2mara - Legislapp","og_description":"Avulso Inicial &#8211; Autoria de Alceu Moreira PROJETO DE LEI N\u00ba , DE 2016 (Do Sr. Alceu Moreira) Institui o Programa de Qualidade na Produ\u00e7\u00e3o, no Transporte e na Comercializa\u00e7\u00e3o de Leite e d\u00e1 outras provid\u00eancias. O Congresso Nacional decreta: Art. 1\u00ba Fica institu\u00eddo o Programa de Qualidade na Produ\u00e7\u00e3o, no Transporte e na Comercializa\u00e7\u00e3o [&hellip;]","og_url":"https:\/\/www.legislapp.com.br\/index.php\/avulso-inicial-pl-6420-2016-camara\/","og_site_name":"Legislapp","article_publisher":"https:\/\/www.instagram.com\/legislapp\/","og_image":[{"url":"https:\/\/www.legislapp.com.br\/wp-content\/uploads\/2021\/07\/Logo-Legislapp-1-03-1.png","type":"","width":"","height":""}],"twitter_card":"summary_large_image","twitter_misc":{"Est. tempo de leitura":"8 minutos"},"schema":{"@context":"https:\/\/schema.org","@graph":[{"@type":"WebPage","@id":"https:\/\/www.legislapp.com.br\/index.php\/avulso-inicial-pl-6420-2016-camara\/","url":"https:\/\/www.legislapp.com.br\/index.php\/avulso-inicial-pl-6420-2016-camara\/","name":"Avulso Inicial - PL 6420\/2016 - C\u00e2mara - Legislapp","isPartOf":{"@id":"https:\/\/www.legislapp.com.br\/#website"},"primaryImageOfPage":{"@id":"https:\/\/www.legislapp.com.br\/index.php\/avulso-inicial-pl-6420-2016-camara\/#primaryimage"},"image":{"@id":"https:\/\/www.legislapp.com.br\/index.php\/avulso-inicial-pl-6420-2016-camara\/#primaryimage"},"thumbnailUrl":"https:\/\/www.legislapp.com.br\/wp-content\/uploads\/2021\/07\/Logo-Legislapp-1-03-1.png","datePublished":"2026-03-03T22:02:54+00:00","breadcrumb":{"@id":"https:\/\/www.legislapp.com.br\/index.php\/avulso-inicial-pl-6420-2016-camara\/#breadcrumb"},"inLanguage":"pt-BR","potentialAction":[{"@type":"ReadAction","target":["https:\/\/www.legislapp.com.br\/index.php\/avulso-inicial-pl-6420-2016-camara\/"]}]},{"@type":"ImageObject","inLanguage":"pt-BR","@id":"https:\/\/www.legislapp.com.br\/index.php\/avulso-inicial-pl-6420-2016-camara\/#primaryimage","url":"https:\/\/www.legislapp.com.br\/wp-content\/uploads\/2021\/07\/Logo-Legislapp-1-03-1.png","contentUrl":"https:\/\/www.legislapp.com.br\/wp-content\/uploads\/2021\/07\/Logo-Legislapp-1-03-1.png","width":2679,"height":2697},{"@type":"BreadcrumbList","@id":"https:\/\/www.legislapp.com.br\/index.php\/avulso-inicial-pl-6420-2016-camara\/#breadcrumb","itemListElement":[{"@type":"ListItem","position":1,"name":"In\u00edcio","item":"https:\/\/www.legislapp.com.br\/"},{"@type":"ListItem","position":2,"name":"Avulso Inicial &#8211; PL 6420\/2016 &#8211; C\u00e2mara"}]},{"@type":"WebSite","@id":"https:\/\/www.legislapp.com.br\/#website","url":"https:\/\/www.legislapp.com.br\/","name":"Legislapp","description":"Intelig\u00eancia governamental em tempo real","publisher":{"@id":"https:\/\/www.legislapp.com.br\/#organization"},"potentialAction":[{"@type":"SearchAction","target":{"@type":"EntryPoint","urlTemplate":"https:\/\/www.legislapp.com.br\/?s={search_term_string}"},"query-input":{"@type":"PropertyValueSpecification","valueRequired":true,"valueName":"search_term_string"}}],"inLanguage":"pt-BR"},{"@type":"Organization","@id":"https:\/\/www.legislapp.com.br\/#organization","name":"Legislapp Monitoramento e Intelig\u00eancia Governamental","url":"https:\/\/www.legislapp.com.br\/","logo":{"@type":"ImageObject","inLanguage":"pt-BR","@id":"https:\/\/www.legislapp.com.br\/#\/schema\/logo\/image\/","url":"https:\/\/www.legislapp.com.br\/wp-content\/uploads\/icon.png","contentUrl":"https:\/\/www.legislapp.com.br\/wp-content\/uploads\/icon.png","width":1024,"height":1024,"caption":"Legislapp Monitoramento e Intelig\u00eancia Governamental"},"image":{"@id":"https:\/\/www.legislapp.com.br\/#\/schema\/logo\/image\/"},"sameAs":["https:\/\/www.instagram.com\/legislapp\/"]}]}},"_links":{"self":[{"href":"https:\/\/www.legislapp.com.br\/index.php\/wp-json\/wp\/v2\/pages\/11619","targetHints":{"allow":["GET"]}}],"collection":[{"href":"https:\/\/www.legislapp.com.br\/index.php\/wp-json\/wp\/v2\/pages"}],"about":[{"href":"https:\/\/www.legislapp.com.br\/index.php\/wp-json\/wp\/v2\/types\/page"}],"author":[{"embeddable":true,"href":"https:\/\/www.legislapp.com.br\/index.php\/wp-json\/wp\/v2\/users\/1"}],"replies":[{"embeddable":true,"href":"https:\/\/www.legislapp.com.br\/index.php\/wp-json\/wp\/v2\/comments?post=11619"}],"version-history":[{"count":0,"href":"https:\/\/www.legislapp.com.br\/index.php\/wp-json\/wp\/v2\/pages\/11619\/revisions"}],"wp:attachment":[{"href":"https:\/\/www.legislapp.com.br\/index.php\/wp-json\/wp\/v2\/media?parent=11619"}],"curies":[{"name":"wp","href":"https:\/\/api.w.org\/{rel}","templated":true}]}}