{"id":1190,"date":"2023-06-08T07:14:50","date_gmt":"2023-06-08T10:14:50","guid":{"rendered":"https:\/\/www.legislapp.com.br\/index.php\/pl-3655-2012\/"},"modified":"2023-06-08T07:14:50","modified_gmt":"2023-06-08T10:14:50","slug":"pl-3655-2012","status":"publish","type":"page","link":"https:\/\/www.legislapp.com.br\/index.php\/pl-3655-2012\/","title":{"rendered":"PL 3655\/2012"},"content":{"rendered":"<h1 style='text-align: center;'>C\u00e2mara &#8211; Autoria de EDUARDO LUIZ BARROS BARBOSA<br \/><img src='https:\/\/www.camara.leg.br\/internet\/deputado\/bandep\/74655.jpg' alt='EDUARDO LUIZ BARROS BARBOSA' \/><\/h3>\n<p><\/p>\n<article>Altera a Tabela de Valores da Taxa de Fiscaliza\u00e7\u00e3o de Instala\u00e7\u00e3o, objeto da Lei n\u00ba 5.070, de 7 de julho de 1966; Lei n\u00ba 9.472, de 16 de julho de 2007, e Lei n\u00ba 9.691, de 22 de julho de 1998; altera a Tabela de Valores da Contribui\u00e7\u00e3o para o Fomento da Radiodifus\u00e3o P\u00fablica, objeto da Lei n\u00ba 11.652, de 07 de abril de 2008; altera a Tabela de Valores da Contribui\u00e7\u00e3o para o Desenvolvimento da Ind\u00fastria Cinematogr\u00e1fica Nacional &#8211; CONDECINE, objeto da Medida Provis\u00f3ria n\u00ba 2.228-1, de 6 de setembro de 2001; e Lei n\u00ba 12.485, de 12 de setembro de 2011; e d\u00e1 outras provid\u00eancias.<\/article>\n<p><a href='https:\/\/app.legislapp.com.br\/#\/busca?termo=Altera\u00e7\u00e3o'>Altera\u00e7\u00e3o<\/a>, <a href='https:\/\/app.legislapp.com.br\/#\/busca?termo=Lei do Fistel'>Lei do Fistel<\/a>, <a href='https:\/\/app.legislapp.com.br\/#\/busca?termo=Lei Federal'>Lei Federal<\/a>, <a href='https:\/\/app.legislapp.com.br\/#\/busca?termo=Medida provis\u00f3ria'>Medida provis\u00f3ria<\/a>, <a href='https:\/\/app.legislapp.com.br\/#\/busca?termo=Servi\u00e7o de telecomunica\u00e7\u00f5es'>Servi\u00e7o de telecomunica\u00e7\u00f5es<\/a>, <a href='https:\/\/app.legislapp.com.br\/#\/busca?termo=multim\u00eddia'>multim\u00eddia<\/a>, <a href='https:\/\/app.legislapp.com.br\/#\/busca?termo=taxa de Fiscaliza\u00e7\u00e3o de Instala\u00e7\u00e3o (TFI)'>taxa de Fiscaliza\u00e7\u00e3o de Instala\u00e7\u00e3o (TFI)<\/a>, <a href='https:\/\/app.legislapp.com.br\/#\/busca?termo=taxa de Fiscaliza\u00e7\u00e3o de Funcionamento (TFF)'>taxa de Fiscaliza\u00e7\u00e3o de Funcionamento (TFF)<\/a>, <a href='https:\/\/app.legislapp.com.br\/#\/busca?termo=Condecine'>Condecine<\/a>, <a href='https:\/\/app.legislapp.com.br\/#\/busca?termo=isen\u00e7\u00e3o'>isen\u00e7\u00e3o<\/a>, <a href='https:\/\/app.legislapp.com.br\/#\/busca?termo=microempresa'>microempresa<\/a>, <a href='https:\/\/app.legislapp.com.br\/#\/busca?termo=pequena empresa.'>pequena empresa.<\/a><\/p>\n<div style=\"text-align: center\">\n      <img decoding=\"async\" style=\"width: 14%;\" src=\"https:\/\/legislapp.com.br\/wp-content\/uploads\/2021\/07\/Logo-Legislapp-1-03-1.png\"><br \/>\n      <\/p>\n<div style=\"margin-bottom: 20px;\" class=\"et_pb_button_module_wrapper et_pb_button_5_tb_body_wrapper et_pb_button_alignment_center et_pb_module \">\n         <a class=\"et_pb_button et_pb_button_5_tb_body et_hover_enabled et_pb_bg_layout_dark\" style=\"width: 50%;background-color: black;\" href=\"https:\/\/app.legislapp.com.br\" target=\"_blank\" rel=\"noopener\">Visualizar completo na nossa plataforma (30 dias gr\u00e1tis)<\/a><\/p><\/div>\n<p>      <a href=\"https:\/\/play.google.com\/store\/apps\/details?id=br.com.legislapp\"><img decoding=\"async\" style=\"width: 15%; min-width: 130px;\" src=\"https:\/\/legislapp.com.br\/wp-content\/uploads\/google-play.png\"><\/a><br \/>\n      <a href=\"https:\/\/apps.apple.com\/us\/app\/legislapp\/id1568929859\"><img decoding=\"async\" style=\"width: 15%; min-width: 130px\" src=\"https:\/\/legislapp.com.br\/wp-content\/uploads\/apple-store.png\"><\/a>\n   <\/div>\n","protected":false},"excerpt":{"rendered":"<p>C\u00e2mara &#8211; Autoria de EDUARDO LUIZ BARROS BARBOSA Altera a Tabela de Valores da Taxa de Fiscaliza\u00e7\u00e3o de Instala\u00e7\u00e3o, objeto da Lei n\u00ba 5.070, de 7 de julho de 1966; Lei n\u00ba 9.472, de 16 de julho de 2007, e Lei n\u00ba 9.691, de 22 de julho de 1998; altera a Tabela de Valores da [&hellip;]<\/p>\n","protected":false},"author":1,"featured_media":0,"parent":0,"menu_order":0,"comment_status":"closed","ping_status":"closed","template":"page-template-blank.php","meta":{"_et_pb_use_builder":"","_et_pb_old_content":"","_et_gb_content_width":"1080","ngg_post_thumbnail":0,"footnotes":""},"class_list":["post-1190","page","type-page","status-publish","hentry"],"yoast_head":"<!-- This site is optimized with the Yoast SEO plugin v24.4 - https:\/\/yoast.com\/wordpress\/plugins\/seo\/ -->\n<title>PL 3655\/2012 - Legislapp<\/title>\n<meta name=\"robots\" content=\"index, follow, max-snippet:-1, max-image-preview:large, max-video-preview:-1\" \/>\n<link rel=\"canonical\" href=\"https:\/\/www.legislapp.com.br\/index.php\/pl-3655-2012\/\" \/>\n<meta property=\"og:locale\" content=\"pt_BR\" \/>\n<meta property=\"og:type\" content=\"article\" \/>\n<meta property=\"og:title\" content=\"PL 3655\/2012 - Legislapp\" \/>\n<meta property=\"og:description\" content=\"C\u00e2mara &#8211; Autoria de EDUARDO LUIZ BARROS BARBOSA Altera a Tabela de Valores da Taxa de Fiscaliza\u00e7\u00e3o de Instala\u00e7\u00e3o, objeto da Lei n\u00ba 5.070, de 7 de julho de 1966; Lei n\u00ba 9.472, de 16 de julho de 2007, e Lei n\u00ba 9.691, de 22 de julho de 1998; altera a Tabela de Valores da [&hellip;]\" \/>\n<meta property=\"og:url\" content=\"https:\/\/www.legislapp.com.br\/index.php\/pl-3655-2012\/\" \/>\n<meta property=\"og:site_name\" content=\"Legislapp\" \/>\n<meta property=\"article:publisher\" content=\"https:\/\/www.instagram.com\/legislapp\/\" \/>\n<meta property=\"og:image\" content=\"https:\/\/www.camara.leg.br\/internet\/deputado\/bandep\/74655.jpg\" \/>\n<meta name=\"twitter:card\" content=\"summary_large_image\" \/>\n<meta name=\"twitter:label1\" content=\"Est. tempo de leitura\" \/>\n\t<meta name=\"twitter:data1\" content=\"1 minuto\" \/>\n<script type=\"application\/ld+json\" class=\"yoast-schema-graph\">{\"@context\":\"https:\/\/schema.org\",\"@graph\":[{\"@type\":\"WebPage\",\"@id\":\"https:\/\/www.legislapp.com.br\/index.php\/pl-3655-2012\/\",\"url\":\"https:\/\/www.legislapp.com.br\/index.php\/pl-3655-2012\/\",\"name\":\"PL 3655\/2012 - Legislapp\",\"isPartOf\":{\"@id\":\"https:\/\/www.legislapp.com.br\/#website\"},\"primaryImageOfPage\":{\"@id\":\"https:\/\/www.legislapp.com.br\/index.php\/pl-3655-2012\/#primaryimage\"},\"image\":{\"@id\":\"https:\/\/www.legislapp.com.br\/index.php\/pl-3655-2012\/#primaryimage\"},\"thumbnailUrl\":\"https:\/\/www.camara.leg.br\/internet\/deputado\/bandep\/74655.jpg\",\"datePublished\":\"2023-06-08T10:14:50+00:00\",\"breadcrumb\":{\"@id\":\"https:\/\/www.legislapp.com.br\/index.php\/pl-3655-2012\/#breadcrumb\"},\"inLanguage\":\"pt-BR\",\"potentialAction\":[{\"@type\":\"ReadAction\",\"target\":[\"https:\/\/www.legislapp.com.br\/index.php\/pl-3655-2012\/\"]}]},{\"@type\":\"ImageObject\",\"inLanguage\":\"pt-BR\",\"@id\":\"https:\/\/www.legislapp.com.br\/index.php\/pl-3655-2012\/#primaryimage\",\"url\":\"https:\/\/www.camara.leg.br\/internet\/deputado\/bandep\/74655.jpg\",\"contentUrl\":\"https:\/\/www.camara.leg.br\/internet\/deputado\/bandep\/74655.jpg\"},{\"@type\":\"BreadcrumbList\",\"@id\":\"https:\/\/www.legislapp.com.br\/index.php\/pl-3655-2012\/#breadcrumb\",\"itemListElement\":[{\"@type\":\"ListItem\",\"position\":1,\"name\":\"In\u00edcio\",\"item\":\"https:\/\/www.legislapp.com.br\/\"},{\"@type\":\"ListItem\",\"position\":2,\"name\":\"PL 3655\/2012\"}]},{\"@type\":\"WebSite\",\"@id\":\"https:\/\/www.legislapp.com.br\/#website\",\"url\":\"https:\/\/www.legislapp.com.br\/\",\"name\":\"Legislapp\",\"description\":\"Intelig\u00eancia governamental em tempo real\",\"publisher\":{\"@id\":\"https:\/\/www.legislapp.com.br\/#organization\"},\"potentialAction\":[{\"@type\":\"SearchAction\",\"target\":{\"@type\":\"EntryPoint\",\"urlTemplate\":\"https:\/\/www.legislapp.com.br\/?s={search_term_string}\"},\"query-input\":{\"@type\":\"PropertyValueSpecification\",\"valueRequired\":true,\"valueName\":\"search_term_string\"}}],\"inLanguage\":\"pt-BR\"},{\"@type\":\"Organization\",\"@id\":\"https:\/\/www.legislapp.com.br\/#organization\",\"name\":\"Legislapp Monitoramento e Intelig\u00eancia Governamental\",\"url\":\"https:\/\/www.legislapp.com.br\/\",\"logo\":{\"@type\":\"ImageObject\",\"inLanguage\":\"pt-BR\",\"@id\":\"https:\/\/www.legislapp.com.br\/#\/schema\/logo\/image\/\",\"url\":\"https:\/\/www.legislapp.com.br\/wp-content\/uploads\/icon.png\",\"contentUrl\":\"https:\/\/www.legislapp.com.br\/wp-content\/uploads\/icon.png\",\"width\":1024,\"height\":1024,\"caption\":\"Legislapp Monitoramento e Intelig\u00eancia Governamental\"},\"image\":{\"@id\":\"https:\/\/www.legislapp.com.br\/#\/schema\/logo\/image\/\"},\"sameAs\":[\"https:\/\/www.instagram.com\/legislapp\/\"]}]}<\/script>\n<!-- \/ Yoast SEO plugin. -->","yoast_head_json":{"title":"PL 3655\/2012 - Legislapp","robots":{"index":"index","follow":"follow","max-snippet":"max-snippet:-1","max-image-preview":"max-image-preview:large","max-video-preview":"max-video-preview:-1"},"canonical":"https:\/\/www.legislapp.com.br\/index.php\/pl-3655-2012\/","og_locale":"pt_BR","og_type":"article","og_title":"PL 3655\/2012 - Legislapp","og_description":"C\u00e2mara &#8211; Autoria de EDUARDO LUIZ BARROS BARBOSA Altera a Tabela de Valores da Taxa de Fiscaliza\u00e7\u00e3o de Instala\u00e7\u00e3o, objeto da Lei n\u00ba 5.070, de 7 de julho de 1966; Lei n\u00ba 9.472, de 16 de julho de 2007, e Lei n\u00ba 9.691, de 22 de julho de 1998; altera a Tabela de Valores da [&hellip;]","og_url":"https:\/\/www.legislapp.com.br\/index.php\/pl-3655-2012\/","og_site_name":"Legislapp","article_publisher":"https:\/\/www.instagram.com\/legislapp\/","og_image":[{"url":"https:\/\/www.camara.leg.br\/internet\/deputado\/bandep\/74655.jpg","type":"","width":"","height":""}],"twitter_card":"summary_large_image","twitter_misc":{"Est. tempo de leitura":"1 minuto"},"schema":{"@context":"https:\/\/schema.org","@graph":[{"@type":"WebPage","@id":"https:\/\/www.legislapp.com.br\/index.php\/pl-3655-2012\/","url":"https:\/\/www.legislapp.com.br\/index.php\/pl-3655-2012\/","name":"PL 3655\/2012 - Legislapp","isPartOf":{"@id":"https:\/\/www.legislapp.com.br\/#website"},"primaryImageOfPage":{"@id":"https:\/\/www.legislapp.com.br\/index.php\/pl-3655-2012\/#primaryimage"},"image":{"@id":"https:\/\/www.legislapp.com.br\/index.php\/pl-3655-2012\/#primaryimage"},"thumbnailUrl":"https:\/\/www.camara.leg.br\/internet\/deputado\/bandep\/74655.jpg","datePublished":"2023-06-08T10:14:50+00:00","breadcrumb":{"@id":"https:\/\/www.legislapp.com.br\/index.php\/pl-3655-2012\/#breadcrumb"},"inLanguage":"pt-BR","potentialAction":[{"@type":"ReadAction","target":["https:\/\/www.legislapp.com.br\/index.php\/pl-3655-2012\/"]}]},{"@type":"ImageObject","inLanguage":"pt-BR","@id":"https:\/\/www.legislapp.com.br\/index.php\/pl-3655-2012\/#primaryimage","url":"https:\/\/www.camara.leg.br\/internet\/deputado\/bandep\/74655.jpg","contentUrl":"https:\/\/www.camara.leg.br\/internet\/deputado\/bandep\/74655.jpg"},{"@type":"BreadcrumbList","@id":"https:\/\/www.legislapp.com.br\/index.php\/pl-3655-2012\/#breadcrumb","itemListElement":[{"@type":"ListItem","position":1,"name":"In\u00edcio","item":"https:\/\/www.legislapp.com.br\/"},{"@type":"ListItem","position":2,"name":"PL 3655\/2012"}]},{"@type":"WebSite","@id":"https:\/\/www.legislapp.com.br\/#website","url":"https:\/\/www.legislapp.com.br\/","name":"Legislapp","description":"Intelig\u00eancia governamental em tempo real","publisher":{"@id":"https:\/\/www.legislapp.com.br\/#organization"},"potentialAction":[{"@type":"SearchAction","target":{"@type":"EntryPoint","urlTemplate":"https:\/\/www.legislapp.com.br\/?s={search_term_string}"},"query-input":{"@type":"PropertyValueSpecification","valueRequired":true,"valueName":"search_term_string"}}],"inLanguage":"pt-BR"},{"@type":"Organization","@id":"https:\/\/www.legislapp.com.br\/#organization","name":"Legislapp Monitoramento e Intelig\u00eancia Governamental","url":"https:\/\/www.legislapp.com.br\/","logo":{"@type":"ImageObject","inLanguage":"pt-BR","@id":"https:\/\/www.legislapp.com.br\/#\/schema\/logo\/image\/","url":"https:\/\/www.legislapp.com.br\/wp-content\/uploads\/icon.png","contentUrl":"https:\/\/www.legislapp.com.br\/wp-content\/uploads\/icon.png","width":1024,"height":1024,"caption":"Legislapp Monitoramento e Intelig\u00eancia Governamental"},"image":{"@id":"https:\/\/www.legislapp.com.br\/#\/schema\/logo\/image\/"},"sameAs":["https:\/\/www.instagram.com\/legislapp\/"]}]}},"_links":{"self":[{"href":"https:\/\/www.legislapp.com.br\/index.php\/wp-json\/wp\/v2\/pages\/1190","targetHints":{"allow":["GET"]}}],"collection":[{"href":"https:\/\/www.legislapp.com.br\/index.php\/wp-json\/wp\/v2\/pages"}],"about":[{"href":"https:\/\/www.legislapp.com.br\/index.php\/wp-json\/wp\/v2\/types\/page"}],"author":[{"embeddable":true,"href":"https:\/\/www.legislapp.com.br\/index.php\/wp-json\/wp\/v2\/users\/1"}],"replies":[{"embeddable":true,"href":"https:\/\/www.legislapp.com.br\/index.php\/wp-json\/wp\/v2\/comments?post=1190"}],"version-history":[{"count":0,"href":"https:\/\/www.legislapp.com.br\/index.php\/wp-json\/wp\/v2\/pages\/1190\/revisions"}],"wp:attachment":[{"href":"https:\/\/www.legislapp.com.br\/index.php\/wp-json\/wp\/v2\/media?parent=1190"}],"curies":[{"name":"wp","href":"https:\/\/api.w.org\/{rel}","templated":true}]}}