{"id":1208,"date":"2023-06-08T07:15:26","date_gmt":"2023-06-08T10:15:26","guid":{"rendered":"https:\/\/www.legislapp.com.br\/index.php\/pl-3723-2019\/"},"modified":"2023-06-08T07:15:26","modified_gmt":"2023-06-08T10:15:26","slug":"pl-3723-2019","status":"publish","type":"page","link":"https:\/\/www.legislapp.com.br\/index.php\/pl-3723-2019\/","title":{"rendered":"PL 3723\/2019"},"content":{"rendered":"<h1 style='text-align: center;'>Senado &#8211; Autoria de C\u00e2mara dos Deputados<\/h3>\n<p><\/p>\n<article>Altera a Lei n\u00ba 10.826, de 22 de dezembro de 2003, que disp\u00f5e sobre registro, posse e comercializa\u00e7\u00e3o de armas de fogo e muni\u00e7\u00e3o, sobre o Sistema Nacional de Armas (Sinarm) e define crimes, e o Decreto-Lei n\u00ba 2.848, de 7 de dezembro de 1940 (C\u00f3digo Penal); e revoga dispositivos das Leis n\u00bas 7.102, de 20 de junho de 1983, e 7.170, de 14 de dezembro de 1983.<\/article>\n<p><a href='https:\/\/app.legislapp.com.br\/#\/busca?termo=ALTERA\u00c7\u00c3O'>ALTERA\u00c7\u00c3O<\/a>, <a href='https:\/\/app.legislapp.com.br\/#\/busca?termo=LEI FEDERAL'>LEI FEDERAL<\/a>, <a href='https:\/\/app.legislapp.com.br\/#\/busca?termo=ESTATUTO'>ESTATUTO<\/a>, <a href='https:\/\/app.legislapp.com.br\/#\/busca?termo=DESARMAMENTO'>DESARMAMENTO<\/a>, <a href='https:\/\/app.legislapp.com.br\/#\/busca?termo=SISTEMA NACIONAL'>SISTEMA NACIONAL<\/a>, <a href='https:\/\/app.legislapp.com.br\/#\/busca?termo=ARMA'>ARMA<\/a>, <a href='https:\/\/app.legislapp.com.br\/#\/busca?termo=DEFINI\u00c7\u00c3O'>DEFINI\u00c7\u00c3O<\/a>, <a href='https:\/\/app.legislapp.com.br\/#\/busca?termo=ARMA DE FOGO'>ARMA DE FOGO<\/a>, <a href='https:\/\/app.legislapp.com.br\/#\/busca?termo=UTENSILIOS'>UTENSILIOS<\/a>, <a href='https:\/\/app.legislapp.com.br\/#\/busca?termo=REGISTRO'>REGISTRO<\/a>, <a href='https:\/\/app.legislapp.com.br\/#\/busca?termo=CADASTRO'>CADASTRO<\/a>, <a href='https:\/\/app.legislapp.com.br\/#\/busca?termo=PORTE DE ARMA'>PORTE DE ARMA<\/a>, <a href='https:\/\/app.legislapp.com.br\/#\/busca?termo=POSSE'>POSSE<\/a>, <a href='https:\/\/app.legislapp.com.br\/#\/busca?termo=TRANSPORTE'>TRANSPORTE<\/a>, <a href='https:\/\/app.legislapp.com.br\/#\/busca?termo=AGENTE DE SEGURAN\u00c7A'>AGENTE DE SEGURAN\u00c7A<\/a>, <a href='https:\/\/app.legislapp.com.br\/#\/busca?termo=COLECIONADOR'>COLECIONADOR<\/a>, <a href='https:\/\/app.legislapp.com.br\/#\/busca?termo=CA\u00c7ADOR . ALTERA\u00c7\u00c3O'>CA\u00c7ADOR . ALTERA\u00c7\u00c3O<\/a>, <a href='https:\/\/app.legislapp.com.br\/#\/busca?termo=CODIGO PENAL'>CODIGO PENAL<\/a>, <a href='https:\/\/app.legislapp.com.br\/#\/busca?termo=CAUSA DE AUMENTO DE PENA'>CAUSA DE AUMENTO DE PENA<\/a>, <a href='https:\/\/app.legislapp.com.br\/#\/busca?termo=UTILIZA\u00c7\u00c3O'>UTILIZA\u00c7\u00c3O<\/a>, <a href='https:\/\/app.legislapp.com.br\/#\/busca?termo=ARMA DE FOGO'>ARMA DE FOGO<\/a>, <a href='https:\/\/app.legislapp.com.br\/#\/busca?termo=CRIME'>CRIME<\/a>, <a href='https:\/\/app.legislapp.com.br\/#\/busca?termo=ROUBO'>ROUBO<\/a>, <a href='https:\/\/app.legislapp.com.br\/#\/busca?termo=EXTORS\u00c3O'>EXTORS\u00c3O<\/a>, <a href='https:\/\/app.legislapp.com.br\/#\/busca?termo=MILICIA'>MILICIA<\/a>, <a href='https:\/\/app.legislapp.com.br\/#\/busca?termo=QUADRILHA'>QUADRILHA<\/a>, <a href='https:\/\/app.legislapp.com.br\/#\/busca?termo=FUGA'>FUGA<\/a>, <a href='https:\/\/app.legislapp.com.br\/#\/busca?termo=CIRCUNSTANCIA QUALIFICADORA .'>CIRCUNSTANCIA QUALIFICADORA .<\/a><\/p>\n<div style=\"text-align: center\">\n      <img decoding=\"async\" style=\"width: 14%;\" src=\"https:\/\/legislapp.com.br\/wp-content\/uploads\/2021\/07\/Logo-Legislapp-1-03-1.png\"><br \/>\n      <\/p>\n<div style=\"margin-bottom: 20px;\" class=\"et_pb_button_module_wrapper et_pb_button_5_tb_body_wrapper et_pb_button_alignment_center et_pb_module \">\n         <a class=\"et_pb_button et_pb_button_5_tb_body et_hover_enabled et_pb_bg_layout_dark\" style=\"width: 50%;background-color: black;\" href=\"https:\/\/app.legislapp.com.br\" target=\"_blank\" rel=\"noopener\">Visualizar completo na nossa plataforma (30 dias gr\u00e1tis)<\/a><\/p><\/div>\n<p>      <a href=\"https:\/\/play.google.com\/store\/apps\/details?id=br.com.legislapp\"><img decoding=\"async\" style=\"width: 15%; min-width: 130px;\" src=\"https:\/\/legislapp.com.br\/wp-content\/uploads\/google-play.png\"><\/a><br \/>\n      <a href=\"https:\/\/apps.apple.com\/us\/app\/legislapp\/id1568929859\"><img decoding=\"async\" style=\"width: 15%; min-width: 130px\" src=\"https:\/\/legislapp.com.br\/wp-content\/uploads\/apple-store.png\"><\/a>\n   <\/div>\n","protected":false},"excerpt":{"rendered":"<p>Senado &#8211; Autoria de C\u00e2mara dos Deputados Altera a Lei n\u00ba 10.826, de 22 de dezembro de 2003, que disp\u00f5e sobre registro, posse e comercializa\u00e7\u00e3o de armas de fogo e muni\u00e7\u00e3o, sobre o Sistema Nacional de Armas (Sinarm) e define crimes, e o Decreto-Lei n\u00ba 2.848, de 7 de dezembro de 1940 (C\u00f3digo Penal); e [&hellip;]<\/p>\n","protected":false},"author":1,"featured_media":0,"parent":0,"menu_order":0,"comment_status":"closed","ping_status":"closed","template":"page-template-blank.php","meta":{"_et_pb_use_builder":"","_et_pb_old_content":"","_et_gb_content_width":"1080","ngg_post_thumbnail":0,"footnotes":""},"class_list":["post-1208","page","type-page","status-publish","hentry"],"yoast_head":"<!-- This site is optimized with the Yoast SEO plugin v24.4 - https:\/\/yoast.com\/wordpress\/plugins\/seo\/ -->\n<title>PL 3723\/2019 - Legislapp<\/title>\n<meta name=\"robots\" content=\"index, follow, max-snippet:-1, max-image-preview:large, max-video-preview:-1\" \/>\n<link rel=\"canonical\" href=\"https:\/\/www.legislapp.com.br\/index.php\/pl-3723-2019\/\" \/>\n<meta property=\"og:locale\" content=\"pt_BR\" \/>\n<meta property=\"og:type\" content=\"article\" \/>\n<meta property=\"og:title\" content=\"PL 3723\/2019 - Legislapp\" \/>\n<meta property=\"og:description\" content=\"Senado &#8211; Autoria de C\u00e2mara dos Deputados Altera a Lei n\u00ba 10.826, de 22 de dezembro de 2003, que disp\u00f5e sobre registro, posse e comercializa\u00e7\u00e3o de armas de fogo e muni\u00e7\u00e3o, sobre o Sistema Nacional de Armas (Sinarm) e define crimes, e o Decreto-Lei n\u00ba 2.848, de 7 de dezembro de 1940 (C\u00f3digo Penal); e [&hellip;]\" \/>\n<meta property=\"og:url\" content=\"https:\/\/www.legislapp.com.br\/index.php\/pl-3723-2019\/\" \/>\n<meta property=\"og:site_name\" content=\"Legislapp\" \/>\n<meta property=\"article:publisher\" content=\"https:\/\/www.instagram.com\/legislapp\/\" \/>\n<meta property=\"og:image\" content=\"https:\/\/legislapp.com.br\/wp-content\/uploads\/2021\/07\/Logo-Legislapp-1-03-1.png\" \/>\n<meta name=\"twitter:card\" content=\"summary_large_image\" \/>\n<meta name=\"twitter:label1\" content=\"Est. tempo de leitura\" \/>\n\t<meta name=\"twitter:data1\" content=\"1 minuto\" \/>\n<script type=\"application\/ld+json\" class=\"yoast-schema-graph\">{\"@context\":\"https:\/\/schema.org\",\"@graph\":[{\"@type\":\"WebPage\",\"@id\":\"https:\/\/www.legislapp.com.br\/index.php\/pl-3723-2019\/\",\"url\":\"https:\/\/www.legislapp.com.br\/index.php\/pl-3723-2019\/\",\"name\":\"PL 3723\/2019 - Legislapp\",\"isPartOf\":{\"@id\":\"https:\/\/www.legislapp.com.br\/#website\"},\"primaryImageOfPage\":{\"@id\":\"https:\/\/www.legislapp.com.br\/index.php\/pl-3723-2019\/#primaryimage\"},\"image\":{\"@id\":\"https:\/\/www.legislapp.com.br\/index.php\/pl-3723-2019\/#primaryimage\"},\"thumbnailUrl\":\"https:\/\/legislapp.com.br\/wp-content\/uploads\/2021\/07\/Logo-Legislapp-1-03-1.png\",\"datePublished\":\"2023-06-08T10:15:26+00:00\",\"breadcrumb\":{\"@id\":\"https:\/\/www.legislapp.com.br\/index.php\/pl-3723-2019\/#breadcrumb\"},\"inLanguage\":\"pt-BR\",\"potentialAction\":[{\"@type\":\"ReadAction\",\"target\":[\"https:\/\/www.legislapp.com.br\/index.php\/pl-3723-2019\/\"]}]},{\"@type\":\"ImageObject\",\"inLanguage\":\"pt-BR\",\"@id\":\"https:\/\/www.legislapp.com.br\/index.php\/pl-3723-2019\/#primaryimage\",\"url\":\"https:\/\/legislapp.com.br\/wp-content\/uploads\/2021\/07\/Logo-Legislapp-1-03-1.png\",\"contentUrl\":\"https:\/\/legislapp.com.br\/wp-content\/uploads\/2021\/07\/Logo-Legislapp-1-03-1.png\"},{\"@type\":\"BreadcrumbList\",\"@id\":\"https:\/\/www.legislapp.com.br\/index.php\/pl-3723-2019\/#breadcrumb\",\"itemListElement\":[{\"@type\":\"ListItem\",\"position\":1,\"name\":\"In\u00edcio\",\"item\":\"https:\/\/www.legislapp.com.br\/\"},{\"@type\":\"ListItem\",\"position\":2,\"name\":\"PL 3723\/2019\"}]},{\"@type\":\"WebSite\",\"@id\":\"https:\/\/www.legislapp.com.br\/#website\",\"url\":\"https:\/\/www.legislapp.com.br\/\",\"name\":\"Legislapp\",\"description\":\"Intelig\u00eancia governamental em tempo real\",\"publisher\":{\"@id\":\"https:\/\/www.legislapp.com.br\/#organization\"},\"potentialAction\":[{\"@type\":\"SearchAction\",\"target\":{\"@type\":\"EntryPoint\",\"urlTemplate\":\"https:\/\/www.legislapp.com.br\/?s={search_term_string}\"},\"query-input\":{\"@type\":\"PropertyValueSpecification\",\"valueRequired\":true,\"valueName\":\"search_term_string\"}}],\"inLanguage\":\"pt-BR\"},{\"@type\":\"Organization\",\"@id\":\"https:\/\/www.legislapp.com.br\/#organization\",\"name\":\"Legislapp Monitoramento e Intelig\u00eancia Governamental\",\"url\":\"https:\/\/www.legislapp.com.br\/\",\"logo\":{\"@type\":\"ImageObject\",\"inLanguage\":\"pt-BR\",\"@id\":\"https:\/\/www.legislapp.com.br\/#\/schema\/logo\/image\/\",\"url\":\"https:\/\/www.legislapp.com.br\/wp-content\/uploads\/icon.png\",\"contentUrl\":\"https:\/\/www.legislapp.com.br\/wp-content\/uploads\/icon.png\",\"width\":1024,\"height\":1024,\"caption\":\"Legislapp Monitoramento e Intelig\u00eancia Governamental\"},\"image\":{\"@id\":\"https:\/\/www.legislapp.com.br\/#\/schema\/logo\/image\/\"},\"sameAs\":[\"https:\/\/www.instagram.com\/legislapp\/\"]}]}<\/script>\n<!-- \/ Yoast SEO plugin. -->","yoast_head_json":{"title":"PL 3723\/2019 - Legislapp","robots":{"index":"index","follow":"follow","max-snippet":"max-snippet:-1","max-image-preview":"max-image-preview:large","max-video-preview":"max-video-preview:-1"},"canonical":"https:\/\/www.legislapp.com.br\/index.php\/pl-3723-2019\/","og_locale":"pt_BR","og_type":"article","og_title":"PL 3723\/2019 - Legislapp","og_description":"Senado &#8211; Autoria de C\u00e2mara dos Deputados Altera a Lei n\u00ba 10.826, de 22 de dezembro de 2003, que disp\u00f5e sobre registro, posse e comercializa\u00e7\u00e3o de armas de fogo e muni\u00e7\u00e3o, sobre o Sistema Nacional de Armas (Sinarm) e define crimes, e o Decreto-Lei n\u00ba 2.848, de 7 de dezembro de 1940 (C\u00f3digo Penal); e [&hellip;]","og_url":"https:\/\/www.legislapp.com.br\/index.php\/pl-3723-2019\/","og_site_name":"Legislapp","article_publisher":"https:\/\/www.instagram.com\/legislapp\/","og_image":[{"url":"https:\/\/legislapp.com.br\/wp-content\/uploads\/2021\/07\/Logo-Legislapp-1-03-1.png","type":"","width":"","height":""}],"twitter_card":"summary_large_image","twitter_misc":{"Est. tempo de leitura":"1 minuto"},"schema":{"@context":"https:\/\/schema.org","@graph":[{"@type":"WebPage","@id":"https:\/\/www.legislapp.com.br\/index.php\/pl-3723-2019\/","url":"https:\/\/www.legislapp.com.br\/index.php\/pl-3723-2019\/","name":"PL 3723\/2019 - Legislapp","isPartOf":{"@id":"https:\/\/www.legislapp.com.br\/#website"},"primaryImageOfPage":{"@id":"https:\/\/www.legislapp.com.br\/index.php\/pl-3723-2019\/#primaryimage"},"image":{"@id":"https:\/\/www.legislapp.com.br\/index.php\/pl-3723-2019\/#primaryimage"},"thumbnailUrl":"https:\/\/legislapp.com.br\/wp-content\/uploads\/2021\/07\/Logo-Legislapp-1-03-1.png","datePublished":"2023-06-08T10:15:26+00:00","breadcrumb":{"@id":"https:\/\/www.legislapp.com.br\/index.php\/pl-3723-2019\/#breadcrumb"},"inLanguage":"pt-BR","potentialAction":[{"@type":"ReadAction","target":["https:\/\/www.legislapp.com.br\/index.php\/pl-3723-2019\/"]}]},{"@type":"ImageObject","inLanguage":"pt-BR","@id":"https:\/\/www.legislapp.com.br\/index.php\/pl-3723-2019\/#primaryimage","url":"https:\/\/legislapp.com.br\/wp-content\/uploads\/2021\/07\/Logo-Legislapp-1-03-1.png","contentUrl":"https:\/\/legislapp.com.br\/wp-content\/uploads\/2021\/07\/Logo-Legislapp-1-03-1.png"},{"@type":"BreadcrumbList","@id":"https:\/\/www.legislapp.com.br\/index.php\/pl-3723-2019\/#breadcrumb","itemListElement":[{"@type":"ListItem","position":1,"name":"In\u00edcio","item":"https:\/\/www.legislapp.com.br\/"},{"@type":"ListItem","position":2,"name":"PL 3723\/2019"}]},{"@type":"WebSite","@id":"https:\/\/www.legislapp.com.br\/#website","url":"https:\/\/www.legislapp.com.br\/","name":"Legislapp","description":"Intelig\u00eancia governamental em tempo real","publisher":{"@id":"https:\/\/www.legislapp.com.br\/#organization"},"potentialAction":[{"@type":"SearchAction","target":{"@type":"EntryPoint","urlTemplate":"https:\/\/www.legislapp.com.br\/?s={search_term_string}"},"query-input":{"@type":"PropertyValueSpecification","valueRequired":true,"valueName":"search_term_string"}}],"inLanguage":"pt-BR"},{"@type":"Organization","@id":"https:\/\/www.legislapp.com.br\/#organization","name":"Legislapp Monitoramento e Intelig\u00eancia Governamental","url":"https:\/\/www.legislapp.com.br\/","logo":{"@type":"ImageObject","inLanguage":"pt-BR","@id":"https:\/\/www.legislapp.com.br\/#\/schema\/logo\/image\/","url":"https:\/\/www.legislapp.com.br\/wp-content\/uploads\/icon.png","contentUrl":"https:\/\/www.legislapp.com.br\/wp-content\/uploads\/icon.png","width":1024,"height":1024,"caption":"Legislapp Monitoramento e Intelig\u00eancia Governamental"},"image":{"@id":"https:\/\/www.legislapp.com.br\/#\/schema\/logo\/image\/"},"sameAs":["https:\/\/www.instagram.com\/legislapp\/"]}]}},"_links":{"self":[{"href":"https:\/\/www.legislapp.com.br\/index.php\/wp-json\/wp\/v2\/pages\/1208","targetHints":{"allow":["GET"]}}],"collection":[{"href":"https:\/\/www.legislapp.com.br\/index.php\/wp-json\/wp\/v2\/pages"}],"about":[{"href":"https:\/\/www.legislapp.com.br\/index.php\/wp-json\/wp\/v2\/types\/page"}],"author":[{"embeddable":true,"href":"https:\/\/www.legislapp.com.br\/index.php\/wp-json\/wp\/v2\/users\/1"}],"replies":[{"embeddable":true,"href":"https:\/\/www.legislapp.com.br\/index.php\/wp-json\/wp\/v2\/comments?post=1208"}],"version-history":[{"count":0,"href":"https:\/\/www.legislapp.com.br\/index.php\/wp-json\/wp\/v2\/pages\/1208\/revisions"}],"wp:attachment":[{"href":"https:\/\/www.legislapp.com.br\/index.php\/wp-json\/wp\/v2\/media?parent=1208"}],"curies":[{"name":"wp","href":"https:\/\/api.w.org\/{rel}","templated":true}]}}