{"id":1239,"date":"2023-06-08T07:16:28","date_gmt":"2023-06-08T10:16:28","guid":{"rendered":"https:\/\/www.legislapp.com.br\/index.php\/pl-6788-2017\/"},"modified":"2023-06-08T07:16:28","modified_gmt":"2023-06-08T10:16:28","slug":"pl-6788-2017","status":"publish","type":"page","link":"https:\/\/www.legislapp.com.br\/index.php\/pl-6788-2017\/","title":{"rendered":"PL 6788\/2017"},"content":{"rendered":"<h1 style='text-align: center;'>C\u00e2mara &#8211; Autoria de Poder Executivo<\/h3>\n<p><\/p>\n<article>Disp\u00f5e sobre o cargo de Analista em Tecnologia da Informa\u00e7\u00e3o da Carreira de Tecnologia da Informa\u00e7\u00e3o, cria o Plano Especial de Cargos de Apoio da Advocacia-Geral da Uni\u00e3o, estrutura a Carreira de Suporte \u00e0s Atividades Tribut\u00e1rias e Aduaneiras da Secretaria da Receita Federal do Brasil, e d\u00e1 outras provid\u00eancias.<\/article>\n<p><a href='https:\/\/app.legislapp.com.br\/#\/busca?termo=Reorganiza\u00e7\u00e3o'>Reorganiza\u00e7\u00e3o<\/a>, <a href='https:\/\/app.legislapp.com.br\/#\/busca?termo=cargo p\u00fablico'>cargo p\u00fablico<\/a>, <a href='https:\/\/app.legislapp.com.br\/#\/busca?termo=Analista em Tecnologia da Informa\u00e7\u00e3o'>Analista em Tecnologia da Informa\u00e7\u00e3o<\/a>, <a href='https:\/\/app.legislapp.com.br\/#\/busca?termo=Carreira de Tecnologia da Informa\u00e7\u00e3o'>Carreira de Tecnologia da Informa\u00e7\u00e3o<\/a>, <a href='https:\/\/app.legislapp.com.br\/#\/busca?termo=Poder Executivo'>Poder Executivo<\/a>, <a href='https:\/\/app.legislapp.com.br\/#\/busca?termo=cria\u00e7\u00e3o'>cria\u00e7\u00e3o<\/a>, <a href='https:\/\/app.legislapp.com.br\/#\/busca?termo=Gratifica\u00e7\u00e3o de Desempenho de Atividade em Tecnologia da Informa\u00e7\u00e3o (GDATI)'>Gratifica\u00e7\u00e3o de Desempenho de Atividade em Tecnologia da Informa\u00e7\u00e3o (GDATI)<\/a>, <a href='https:\/\/app.legislapp.com.br\/#\/busca?termo=avalia\u00e7\u00e3o de desempenho'>avalia\u00e7\u00e3o de desempenho<\/a>, <a href='https:\/\/app.legislapp.com.br\/#\/busca?termo=crit\u00e9rio'>crit\u00e9rio<\/a>, <a href='https:\/\/app.legislapp.com.br\/#\/busca?termo=incorpora\u00e7\u00e3o de gratifica\u00e7\u00e3o'>incorpora\u00e7\u00e3o de gratifica\u00e7\u00e3o<\/a>, <a href='https:\/\/app.legislapp.com.br\/#\/busca?termo=aposentadoria'>aposentadoria<\/a>, <a href='https:\/\/app.legislapp.com.br\/#\/busca?termo=pens\u00e3o'>pens\u00e3o<\/a>, <a href='https:\/\/app.legislapp.com.br\/#\/busca?termo=progress\u00e3o funcional'>progress\u00e3o funcional<\/a>, <a href='https:\/\/app.legislapp.com.br\/#\/busca?termo=promo\u00e7\u00e3o. _Extin\u00e7\u00e3o'>promo\u00e7\u00e3o. _Extin\u00e7\u00e3o<\/a>, <a href='https:\/\/app.legislapp.com.br\/#\/busca?termo=Gratifica\u00e7\u00e3o Tempor\u00e1ria do Sistema de Administra\u00e7\u00e3o dos Recursos de Informa\u00e7\u00e3o e Inform\u00e1tica (GSISP). _Cria\u00e7\u00e3o'>Gratifica\u00e7\u00e3o Tempor\u00e1ria do Sistema de Administra\u00e7\u00e3o dos Recursos de Informa\u00e7\u00e3o e Inform\u00e1tica (GSISP). _Cria\u00e7\u00e3o<\/a>, <a href='https:\/\/app.legislapp.com.br\/#\/busca?termo=Plano Especial de Cargos de Apoio da Advocacia-geral da Uni\u00e3o (PEC-AGU)'>Plano Especial de Cargos de Apoio da Advocacia-geral da Uni\u00e3o (PEC-AGU)<\/a>, <a href='https:\/\/app.legislapp.com.br\/#\/busca?termo=jornada de trabalho'>jornada de trabalho<\/a>, <a href='https:\/\/app.legislapp.com.br\/#\/busca?termo=requisito'>requisito<\/a>, <a href='https:\/\/app.legislapp.com.br\/#\/busca?termo=promo\u00e7\u00e3o'>promo\u00e7\u00e3o<\/a>, <a href='https:\/\/app.legislapp.com.br\/#\/busca?termo=progress\u00e3o funcional'>progress\u00e3o funcional<\/a>, <a href='https:\/\/app.legislapp.com.br\/#\/busca?termo=concurso p\u00fablico'>concurso p\u00fablico<\/a>, <a href='https:\/\/app.legislapp.com.br\/#\/busca?termo=cria\u00e7\u00e3o'>cria\u00e7\u00e3o<\/a>, <a href='https:\/\/app.legislapp.com.br\/#\/busca?termo=Gratifica\u00e7\u00e3o de Desempenho de Atividades T\u00e9cnicas e Administrativas da AGU (GDAGU)'>Gratifica\u00e7\u00e3o de Desempenho de Atividades T\u00e9cnicas e Administrativas da AGU (GDAGU)<\/a>, <a href='https:\/\/app.legislapp.com.br\/#\/busca?termo=avalia\u00e7\u00e3o de desempenho. _Altera\u00e7\u00e3o'>avalia\u00e7\u00e3o de desempenho. _Altera\u00e7\u00e3o<\/a>, <a href='https:\/\/app.legislapp.com.br\/#\/busca?termo=lei federal'>lei federal<\/a>, <a href='https:\/\/app.legislapp.com.br\/#\/busca?termo=crit\u00e9rio'>crit\u00e9rio<\/a>, <a href='https:\/\/app.legislapp.com.br\/#\/busca?termo=pagamento'>pagamento<\/a>, <a href='https:\/\/app.legislapp.com.br\/#\/busca?termo=Gratifica\u00e7\u00e3o de Desempenho de Atividade de Apoio T\u00e9cnico-Administrativo na Advocacia-Geral da Uni\u00e3o (GDAA). _ Plano Especial de Cargos de Apoio da Advocacia-geral da Uni\u00e3o (PEC-AGU)'>Gratifica\u00e7\u00e3o de Desempenho de Atividade de Apoio T\u00e9cnico-Administrativo na Advocacia-Geral da Uni\u00e3o (GDAA). _ Plano Especial de Cargos de Apoio da Advocacia-geral da Uni\u00e3o (PEC-AGU)<\/a>, <a href='https:\/\/app.legislapp.com.br\/#\/busca?termo=crit\u00e9rio'>crit\u00e9rio<\/a>, <a href='https:\/\/app.legislapp.com.br\/#\/busca?termo=transposi\u00e7\u00e3o'>transposi\u00e7\u00e3o<\/a>, <a href='https:\/\/app.legislapp.com.br\/#\/busca?termo=cargo p\u00fablico'>cargo p\u00fablico<\/a>, <a href='https:\/\/app.legislapp.com.br\/#\/busca?termo=cargo de n\u00edvel superior'>cargo de n\u00edvel superior<\/a>, <a href='https:\/\/app.legislapp.com.br\/#\/busca?termo=cargo t\u00e9cnico. _Estrutura\u00e7\u00e3o'>cargo t\u00e9cnico. _Estrutura\u00e7\u00e3o<\/a>, <a href='https:\/\/app.legislapp.com.br\/#\/busca?termo=Carreira de Suporte \u00e0s Atividades Tribut\u00e1rias e Aduaneiras da Secretaria da Receita Federal do Brasil'>Carreira de Suporte \u00e0s Atividades Tribut\u00e1rias e Aduaneiras da Secretaria da Receita Federal do Brasil<\/a>, <a href='https:\/\/app.legislapp.com.br\/#\/busca?termo=Analista-T\u00e9cnico da Receita Federal do Brasil'>Analista-T\u00e9cnico da Receita Federal do Brasil<\/a>, <a href='https:\/\/app.legislapp.com.br\/#\/busca?termo=T\u00e9cnico da Receita Federal do Brasil'>T\u00e9cnico da Receita Federal do Brasil<\/a>, <a href='https:\/\/app.legislapp.com.br\/#\/busca?termo=Gratifica\u00e7\u00e3o de desempenho de atividades de suporte da Receita Federal do Brasil (GDRFB)'>Gratifica\u00e7\u00e3o de desempenho de atividades de suporte da Receita Federal do Brasil (GDRFB)<\/a>, <a href='https:\/\/app.legislapp.com.br\/#\/busca?termo=avalia\u00e7\u00e3o de desempenho. _Altera\u00e7\u00e3o'>avalia\u00e7\u00e3o de desempenho. _Altera\u00e7\u00e3o<\/a>, <a href='https:\/\/app.legislapp.com.br\/#\/busca?termo=lei federal'>lei federal<\/a>, <a href='https:\/\/app.legislapp.com.br\/#\/busca?termo=Plano Especial de Cargos do Minist\u00e9rio da Fazenda (Pecfaz). _Analista do seguro social'>Plano Especial de Cargos do Minist\u00e9rio da Fazenda (Pecfaz). _Analista do seguro social<\/a>, <a href='https:\/\/app.legislapp.com.br\/#\/busca?termo=exerc\u00edcio'>exerc\u00edcio<\/a>, <a href='https:\/\/app.legislapp.com.br\/#\/busca?termo=Secretaria da Receita Federal do Brasil'>Secretaria da Receita Federal do Brasil<\/a>, <a href='https:\/\/app.legislapp.com.br\/#\/busca?termo=enquadramento'>enquadramento<\/a>, <a href='https:\/\/app.legislapp.com.br\/#\/busca?termo=Analista-T\u00e9cnico da Receita Federal do Brasil. _T\u00e9cnico do seguro social'>Analista-T\u00e9cnico da Receita Federal do Brasil. _T\u00e9cnico do seguro social<\/a>, <a href='https:\/\/app.legislapp.com.br\/#\/busca?termo=exerc\u00edcio'>exerc\u00edcio<\/a>, <a href='https:\/\/app.legislapp.com.br\/#\/busca?termo=Secretaria da Receita Federal do Brasil'>Secretaria da Receita Federal do Brasil<\/a>, <a href='https:\/\/app.legislapp.com.br\/#\/busca?termo=enquadramento'>enquadramento<\/a>, <a href='https:\/\/app.legislapp.com.br\/#\/busca?termo=T\u00e9cnico da Receita Federal do Brasil. _Crit\u00e9rio'>T\u00e9cnico da Receita Federal do Brasil. _Crit\u00e9rio<\/a>, <a href='https:\/\/app.legislapp.com.br\/#\/busca?termo=servidor p\u00fablico'>servidor p\u00fablico<\/a>, <a href='https:\/\/app.legislapp.com.br\/#\/busca?termo=aposentado'>aposentado<\/a>, <a href='https:\/\/app.legislapp.com.br\/#\/busca?termo=pensionista'>pensionista<\/a>, <a href='https:\/\/app.legislapp.com.br\/#\/busca?termo=incorpora\u00e7\u00e3o de gratifica\u00e7\u00e3o'>incorpora\u00e7\u00e3o de gratifica\u00e7\u00e3o<\/a>, <a href='https:\/\/app.legislapp.com.br\/#\/busca?termo=Gratifica\u00e7\u00e3o de desempenho'>Gratifica\u00e7\u00e3o de desempenho<\/a>, <a href='https:\/\/app.legislapp.com.br\/#\/busca?termo=Plano Especial de Cargos de Apoio da Advocacia-Geral da Uni\u00e3o (PEC-AGU)'>Plano Especial de Cargos de Apoio da Advocacia-Geral da Uni\u00e3o (PEC-AGU)<\/a>, <a href='https:\/\/app.legislapp.com.br\/#\/busca?termo=Carreira de Suporte \u00e0s Atividades Tribut\u00e1rias e Aduaneiras da Secretaria da Receita Federal do Brasil.'>Carreira de Suporte \u00e0s Atividades Tribut\u00e1rias e Aduaneiras da Secretaria da Receita Federal do Brasil.<\/a><\/p>\n<div style=\"text-align: center\">\n      <img decoding=\"async\" style=\"width: 14%;\" src=\"https:\/\/legislapp.com.br\/wp-content\/uploads\/2021\/07\/Logo-Legislapp-1-03-1.png\"><br \/>\n      <\/p>\n<div style=\"margin-bottom: 20px;\" class=\"et_pb_button_module_wrapper et_pb_button_5_tb_body_wrapper et_pb_button_alignment_center et_pb_module \">\n         <a class=\"et_pb_button et_pb_button_5_tb_body et_hover_enabled et_pb_bg_layout_dark\" style=\"width: 50%;background-color: black;\" href=\"https:\/\/app.legislapp.com.br\" target=\"_blank\" rel=\"noopener\">Visualizar completo na nossa plataforma (30 dias gr\u00e1tis)<\/a><\/p><\/div>\n<p>      <a href=\"https:\/\/play.google.com\/store\/apps\/details?id=br.com.legislapp\"><img decoding=\"async\" style=\"width: 15%; min-width: 130px;\" src=\"https:\/\/legislapp.com.br\/wp-content\/uploads\/google-play.png\"><\/a><br \/>\n      <a href=\"https:\/\/apps.apple.com\/us\/app\/legislapp\/id1568929859\"><img decoding=\"async\" style=\"width: 15%; min-width: 130px\" src=\"https:\/\/legislapp.com.br\/wp-content\/uploads\/apple-store.png\"><\/a>\n   <\/div>\n","protected":false},"excerpt":{"rendered":"<p>C\u00e2mara &#8211; Autoria de Poder Executivo Disp\u00f5e sobre o cargo de Analista em Tecnologia da Informa\u00e7\u00e3o da Carreira de Tecnologia da Informa\u00e7\u00e3o, cria o Plano Especial de Cargos de Apoio da Advocacia-Geral da Uni\u00e3o, estrutura a Carreira de Suporte \u00e0s Atividades Tribut\u00e1rias e Aduaneiras da Secretaria da Receita Federal do Brasil, e d\u00e1 outras provid\u00eancias. [&hellip;]<\/p>\n","protected":false},"author":1,"featured_media":0,"parent":0,"menu_order":0,"comment_status":"closed","ping_status":"closed","template":"page-template-blank.php","meta":{"_et_pb_use_builder":"","_et_pb_old_content":"","_et_gb_content_width":"1080","ngg_post_thumbnail":0,"footnotes":""},"class_list":["post-1239","page","type-page","status-publish","hentry"],"yoast_head":"<!-- This site is optimized with the Yoast SEO plugin v24.4 - https:\/\/yoast.com\/wordpress\/plugins\/seo\/ -->\n<title>PL 6788\/2017 - Legislapp<\/title>\n<meta name=\"robots\" content=\"index, follow, max-snippet:-1, max-image-preview:large, max-video-preview:-1\" \/>\n<link rel=\"canonical\" href=\"https:\/\/www.legislapp.com.br\/index.php\/pl-6788-2017\/\" \/>\n<meta property=\"og:locale\" content=\"pt_BR\" \/>\n<meta property=\"og:type\" content=\"article\" \/>\n<meta property=\"og:title\" content=\"PL 6788\/2017 - Legislapp\" \/>\n<meta property=\"og:description\" content=\"C\u00e2mara &#8211; Autoria de Poder Executivo Disp\u00f5e sobre o cargo de Analista em Tecnologia da Informa\u00e7\u00e3o da Carreira de Tecnologia da Informa\u00e7\u00e3o, cria o Plano Especial de Cargos de Apoio da Advocacia-Geral da Uni\u00e3o, estrutura a Carreira de Suporte \u00e0s Atividades Tribut\u00e1rias e Aduaneiras da Secretaria da Receita Federal do Brasil, e d\u00e1 outras provid\u00eancias. [&hellip;]\" \/>\n<meta property=\"og:url\" content=\"https:\/\/www.legislapp.com.br\/index.php\/pl-6788-2017\/\" \/>\n<meta property=\"og:site_name\" content=\"Legislapp\" \/>\n<meta property=\"article:publisher\" content=\"https:\/\/www.instagram.com\/legislapp\/\" \/>\n<meta property=\"og:image\" content=\"https:\/\/legislapp.com.br\/wp-content\/uploads\/2021\/07\/Logo-Legislapp-1-03-1.png\" \/>\n<meta name=\"twitter:card\" content=\"summary_large_image\" \/>\n<meta name=\"twitter:label1\" content=\"Est. tempo de leitura\" \/>\n\t<meta name=\"twitter:data1\" content=\"2 minutos\" \/>\n<script type=\"application\/ld+json\" class=\"yoast-schema-graph\">{\"@context\":\"https:\/\/schema.org\",\"@graph\":[{\"@type\":\"WebPage\",\"@id\":\"https:\/\/www.legislapp.com.br\/index.php\/pl-6788-2017\/\",\"url\":\"https:\/\/www.legislapp.com.br\/index.php\/pl-6788-2017\/\",\"name\":\"PL 6788\/2017 - Legislapp\",\"isPartOf\":{\"@id\":\"https:\/\/www.legislapp.com.br\/#website\"},\"primaryImageOfPage\":{\"@id\":\"https:\/\/www.legislapp.com.br\/index.php\/pl-6788-2017\/#primaryimage\"},\"image\":{\"@id\":\"https:\/\/www.legislapp.com.br\/index.php\/pl-6788-2017\/#primaryimage\"},\"thumbnailUrl\":\"https:\/\/legislapp.com.br\/wp-content\/uploads\/2021\/07\/Logo-Legislapp-1-03-1.png\",\"datePublished\":\"2023-06-08T10:16:28+00:00\",\"breadcrumb\":{\"@id\":\"https:\/\/www.legislapp.com.br\/index.php\/pl-6788-2017\/#breadcrumb\"},\"inLanguage\":\"pt-BR\",\"potentialAction\":[{\"@type\":\"ReadAction\",\"target\":[\"https:\/\/www.legislapp.com.br\/index.php\/pl-6788-2017\/\"]}]},{\"@type\":\"ImageObject\",\"inLanguage\":\"pt-BR\",\"@id\":\"https:\/\/www.legislapp.com.br\/index.php\/pl-6788-2017\/#primaryimage\",\"url\":\"https:\/\/legislapp.com.br\/wp-content\/uploads\/2021\/07\/Logo-Legislapp-1-03-1.png\",\"contentUrl\":\"https:\/\/legislapp.com.br\/wp-content\/uploads\/2021\/07\/Logo-Legislapp-1-03-1.png\"},{\"@type\":\"BreadcrumbList\",\"@id\":\"https:\/\/www.legislapp.com.br\/index.php\/pl-6788-2017\/#breadcrumb\",\"itemListElement\":[{\"@type\":\"ListItem\",\"position\":1,\"name\":\"In\u00edcio\",\"item\":\"https:\/\/www.legislapp.com.br\/\"},{\"@type\":\"ListItem\",\"position\":2,\"name\":\"PL 6788\/2017\"}]},{\"@type\":\"WebSite\",\"@id\":\"https:\/\/www.legislapp.com.br\/#website\",\"url\":\"https:\/\/www.legislapp.com.br\/\",\"name\":\"Legislapp\",\"description\":\"Intelig\u00eancia governamental em tempo real\",\"publisher\":{\"@id\":\"https:\/\/www.legislapp.com.br\/#organization\"},\"potentialAction\":[{\"@type\":\"SearchAction\",\"target\":{\"@type\":\"EntryPoint\",\"urlTemplate\":\"https:\/\/www.legislapp.com.br\/?s={search_term_string}\"},\"query-input\":{\"@type\":\"PropertyValueSpecification\",\"valueRequired\":true,\"valueName\":\"search_term_string\"}}],\"inLanguage\":\"pt-BR\"},{\"@type\":\"Organization\",\"@id\":\"https:\/\/www.legislapp.com.br\/#organization\",\"name\":\"Legislapp Monitoramento e Intelig\u00eancia Governamental\",\"url\":\"https:\/\/www.legislapp.com.br\/\",\"logo\":{\"@type\":\"ImageObject\",\"inLanguage\":\"pt-BR\",\"@id\":\"https:\/\/www.legislapp.com.br\/#\/schema\/logo\/image\/\",\"url\":\"https:\/\/www.legislapp.com.br\/wp-content\/uploads\/icon.png\",\"contentUrl\":\"https:\/\/www.legislapp.com.br\/wp-content\/uploads\/icon.png\",\"width\":1024,\"height\":1024,\"caption\":\"Legislapp Monitoramento e Intelig\u00eancia Governamental\"},\"image\":{\"@id\":\"https:\/\/www.legislapp.com.br\/#\/schema\/logo\/image\/\"},\"sameAs\":[\"https:\/\/www.instagram.com\/legislapp\/\"]}]}<\/script>\n<!-- \/ Yoast SEO plugin. -->","yoast_head_json":{"title":"PL 6788\/2017 - Legislapp","robots":{"index":"index","follow":"follow","max-snippet":"max-snippet:-1","max-image-preview":"max-image-preview:large","max-video-preview":"max-video-preview:-1"},"canonical":"https:\/\/www.legislapp.com.br\/index.php\/pl-6788-2017\/","og_locale":"pt_BR","og_type":"article","og_title":"PL 6788\/2017 - Legislapp","og_description":"C\u00e2mara &#8211; Autoria de Poder Executivo Disp\u00f5e sobre o cargo de Analista em Tecnologia da Informa\u00e7\u00e3o da Carreira de Tecnologia da Informa\u00e7\u00e3o, cria o Plano Especial de Cargos de Apoio da Advocacia-Geral da Uni\u00e3o, estrutura a Carreira de Suporte \u00e0s Atividades Tribut\u00e1rias e Aduaneiras da Secretaria da Receita Federal do Brasil, e d\u00e1 outras provid\u00eancias. [&hellip;]","og_url":"https:\/\/www.legislapp.com.br\/index.php\/pl-6788-2017\/","og_site_name":"Legislapp","article_publisher":"https:\/\/www.instagram.com\/legislapp\/","og_image":[{"url":"https:\/\/legislapp.com.br\/wp-content\/uploads\/2021\/07\/Logo-Legislapp-1-03-1.png","type":"","width":"","height":""}],"twitter_card":"summary_large_image","twitter_misc":{"Est. tempo de leitura":"2 minutos"},"schema":{"@context":"https:\/\/schema.org","@graph":[{"@type":"WebPage","@id":"https:\/\/www.legislapp.com.br\/index.php\/pl-6788-2017\/","url":"https:\/\/www.legislapp.com.br\/index.php\/pl-6788-2017\/","name":"PL 6788\/2017 - Legislapp","isPartOf":{"@id":"https:\/\/www.legislapp.com.br\/#website"},"primaryImageOfPage":{"@id":"https:\/\/www.legislapp.com.br\/index.php\/pl-6788-2017\/#primaryimage"},"image":{"@id":"https:\/\/www.legislapp.com.br\/index.php\/pl-6788-2017\/#primaryimage"},"thumbnailUrl":"https:\/\/legislapp.com.br\/wp-content\/uploads\/2021\/07\/Logo-Legislapp-1-03-1.png","datePublished":"2023-06-08T10:16:28+00:00","breadcrumb":{"@id":"https:\/\/www.legislapp.com.br\/index.php\/pl-6788-2017\/#breadcrumb"},"inLanguage":"pt-BR","potentialAction":[{"@type":"ReadAction","target":["https:\/\/www.legislapp.com.br\/index.php\/pl-6788-2017\/"]}]},{"@type":"ImageObject","inLanguage":"pt-BR","@id":"https:\/\/www.legislapp.com.br\/index.php\/pl-6788-2017\/#primaryimage","url":"https:\/\/legislapp.com.br\/wp-content\/uploads\/2021\/07\/Logo-Legislapp-1-03-1.png","contentUrl":"https:\/\/legislapp.com.br\/wp-content\/uploads\/2021\/07\/Logo-Legislapp-1-03-1.png"},{"@type":"BreadcrumbList","@id":"https:\/\/www.legislapp.com.br\/index.php\/pl-6788-2017\/#breadcrumb","itemListElement":[{"@type":"ListItem","position":1,"name":"In\u00edcio","item":"https:\/\/www.legislapp.com.br\/"},{"@type":"ListItem","position":2,"name":"PL 6788\/2017"}]},{"@type":"WebSite","@id":"https:\/\/www.legislapp.com.br\/#website","url":"https:\/\/www.legislapp.com.br\/","name":"Legislapp","description":"Intelig\u00eancia governamental em tempo real","publisher":{"@id":"https:\/\/www.legislapp.com.br\/#organization"},"potentialAction":[{"@type":"SearchAction","target":{"@type":"EntryPoint","urlTemplate":"https:\/\/www.legislapp.com.br\/?s={search_term_string}"},"query-input":{"@type":"PropertyValueSpecification","valueRequired":true,"valueName":"search_term_string"}}],"inLanguage":"pt-BR"},{"@type":"Organization","@id":"https:\/\/www.legislapp.com.br\/#organization","name":"Legislapp Monitoramento e Intelig\u00eancia Governamental","url":"https:\/\/www.legislapp.com.br\/","logo":{"@type":"ImageObject","inLanguage":"pt-BR","@id":"https:\/\/www.legislapp.com.br\/#\/schema\/logo\/image\/","url":"https:\/\/www.legislapp.com.br\/wp-content\/uploads\/icon.png","contentUrl":"https:\/\/www.legislapp.com.br\/wp-content\/uploads\/icon.png","width":1024,"height":1024,"caption":"Legislapp Monitoramento e Intelig\u00eancia Governamental"},"image":{"@id":"https:\/\/www.legislapp.com.br\/#\/schema\/logo\/image\/"},"sameAs":["https:\/\/www.instagram.com\/legislapp\/"]}]}},"_links":{"self":[{"href":"https:\/\/www.legislapp.com.br\/index.php\/wp-json\/wp\/v2\/pages\/1239","targetHints":{"allow":["GET"]}}],"collection":[{"href":"https:\/\/www.legislapp.com.br\/index.php\/wp-json\/wp\/v2\/pages"}],"about":[{"href":"https:\/\/www.legislapp.com.br\/index.php\/wp-json\/wp\/v2\/types\/page"}],"author":[{"embeddable":true,"href":"https:\/\/www.legislapp.com.br\/index.php\/wp-json\/wp\/v2\/users\/1"}],"replies":[{"embeddable":true,"href":"https:\/\/www.legislapp.com.br\/index.php\/wp-json\/wp\/v2\/comments?post=1239"}],"version-history":[{"count":0,"href":"https:\/\/www.legislapp.com.br\/index.php\/wp-json\/wp\/v2\/pages\/1239\/revisions"}],"wp:attachment":[{"href":"https:\/\/www.legislapp.com.br\/index.php\/wp-json\/wp\/v2\/media?parent=1239"}],"curies":[{"name":"wp","href":"https:\/\/api.w.org\/{rel}","templated":true}]}}