{"id":1282,"date":"2023-06-08T07:18:04","date_gmt":"2023-06-08T10:18:04","guid":{"rendered":"https:\/\/www.legislapp.com.br\/index.php\/pl-659-2020\/"},"modified":"2023-06-08T07:18:04","modified_gmt":"2023-06-08T10:18:04","slug":"pl-659-2020","status":"publish","type":"page","link":"https:\/\/www.legislapp.com.br\/index.php\/pl-659-2020\/","title":{"rendered":"PL 659\/2020"},"content":{"rendered":"<h1 style='text-align: center;'>C\u00e2mara &#8211; Autoria de HELDER IGNACIO SALOMAO<br \/><img src='https:\/\/www.camara.leg.br\/internet\/deputado\/bandep\/178873.jpg' alt='HELDER IGNACIO SALOMAO' \/><\/h3>\n<p><\/p>\n<article>Disp\u00f5e sobre a isen\u00e7\u00e3o de cobran\u00e7a de tarifa de energia el\u00e9trica, \u00e1gua e esgotamento sanit\u00e1rio em situa\u00e7\u00e3o de emerg\u00eancia sanit\u00e1ria.<\/article>\n<p><a href='https:\/\/app.legislapp.com.br\/#\/busca?termo=Isen\u00e7\u00e3o'>Isen\u00e7\u00e3o<\/a>, <a href='https:\/\/app.legislapp.com.br\/#\/busca?termo=cobran\u00e7a'>cobran\u00e7a<\/a>, <a href='https:\/\/app.legislapp.com.br\/#\/busca?termo=tarifa de energia el\u00e9trica'>tarifa de energia el\u00e9trica<\/a>, <a href='https:\/\/app.legislapp.com.br\/#\/busca?termo=tarifa de \u00e1gua'>tarifa de \u00e1gua<\/a>, <a href='https:\/\/app.legislapp.com.br\/#\/busca?termo=tarifa de esgoto'>tarifa de esgoto<\/a>, <a href='https:\/\/app.legislapp.com.br\/#\/busca?termo=fam\u00edlia'>fam\u00edlia<\/a>, <a href='https:\/\/app.legislapp.com.br\/#\/busca?termo=Microempresa'>Microempresa<\/a>, <a href='https:\/\/app.legislapp.com.br\/#\/busca?termo=Pequena empresa'>Pequena empresa<\/a>, <a href='https:\/\/app.legislapp.com.br\/#\/busca?termo=emerg\u00eancia de sa\u00fade p\u00fablica'>emerg\u00eancia de sa\u00fade p\u00fablica<\/a>, <a href='https:\/\/app.legislapp.com.br\/#\/busca?termo=emerg\u00eancia social.'>emerg\u00eancia social.<\/a><\/p>\n<div style=\"text-align: center\">\n      <img decoding=\"async\" style=\"width: 14%;\" src=\"https:\/\/legislapp.com.br\/wp-content\/uploads\/2021\/07\/Logo-Legislapp-1-03-1.png\"><br \/>\n      <\/p>\n<div style=\"margin-bottom: 20px;\" class=\"et_pb_button_module_wrapper et_pb_button_5_tb_body_wrapper et_pb_button_alignment_center et_pb_module \">\n         <a class=\"et_pb_button et_pb_button_5_tb_body et_hover_enabled et_pb_bg_layout_dark\" style=\"width: 50%;background-color: black;\" href=\"https:\/\/app.legislapp.com.br\" target=\"_blank\" rel=\"noopener\">Visualizar completo na nossa plataforma (30 dias gr\u00e1tis)<\/a><\/p><\/div>\n<p>      <a href=\"https:\/\/play.google.com\/store\/apps\/details?id=br.com.legislapp\"><img decoding=\"async\" style=\"width: 15%; min-width: 130px;\" src=\"https:\/\/legislapp.com.br\/wp-content\/uploads\/google-play.png\"><\/a><br \/>\n      <a href=\"https:\/\/apps.apple.com\/us\/app\/legislapp\/id1568929859\"><img decoding=\"async\" style=\"width: 15%; min-width: 130px\" src=\"https:\/\/legislapp.com.br\/wp-content\/uploads\/apple-store.png\"><\/a>\n   <\/div>\n","protected":false},"excerpt":{"rendered":"<p>C\u00e2mara &#8211; Autoria de HELDER IGNACIO SALOMAO Disp\u00f5e sobre a isen\u00e7\u00e3o de cobran\u00e7a de tarifa de energia el\u00e9trica, \u00e1gua e esgotamento sanit\u00e1rio em situa\u00e7\u00e3o de emerg\u00eancia sanit\u00e1ria. Isen\u00e7\u00e3o, cobran\u00e7a, tarifa de energia el\u00e9trica, tarifa de \u00e1gua, tarifa de esgoto, fam\u00edlia, Microempresa, Pequena empresa, emerg\u00eancia de sa\u00fade p\u00fablica, emerg\u00eancia social. Visualizar completo na nossa plataforma (30 [&hellip;]<\/p>\n","protected":false},"author":1,"featured_media":0,"parent":0,"menu_order":0,"comment_status":"closed","ping_status":"closed","template":"page-template-blank.php","meta":{"_et_pb_use_builder":"","_et_pb_old_content":"","_et_gb_content_width":"1080","ngg_post_thumbnail":0,"footnotes":""},"class_list":["post-1282","page","type-page","status-publish","hentry"],"yoast_head":"<!-- This site is optimized with the Yoast SEO plugin v24.4 - https:\/\/yoast.com\/wordpress\/plugins\/seo\/ -->\n<title>PL 659\/2020 - Legislapp<\/title>\n<meta name=\"robots\" content=\"index, follow, max-snippet:-1, max-image-preview:large, max-video-preview:-1\" \/>\n<link rel=\"canonical\" href=\"https:\/\/www.legislapp.com.br\/index.php\/pl-659-2020\/\" \/>\n<meta property=\"og:locale\" content=\"pt_BR\" \/>\n<meta property=\"og:type\" content=\"article\" \/>\n<meta property=\"og:title\" content=\"PL 659\/2020 - Legislapp\" \/>\n<meta property=\"og:description\" content=\"C\u00e2mara &#8211; Autoria de HELDER IGNACIO SALOMAO Disp\u00f5e sobre a isen\u00e7\u00e3o de cobran\u00e7a de tarifa de energia el\u00e9trica, \u00e1gua e esgotamento sanit\u00e1rio em situa\u00e7\u00e3o de emerg\u00eancia sanit\u00e1ria. Isen\u00e7\u00e3o, cobran\u00e7a, tarifa de energia el\u00e9trica, tarifa de \u00e1gua, tarifa de esgoto, fam\u00edlia, Microempresa, Pequena empresa, emerg\u00eancia de sa\u00fade p\u00fablica, emerg\u00eancia social. Visualizar completo na nossa plataforma (30 [&hellip;]\" \/>\n<meta property=\"og:url\" content=\"https:\/\/www.legislapp.com.br\/index.php\/pl-659-2020\/\" \/>\n<meta property=\"og:site_name\" content=\"Legislapp\" \/>\n<meta property=\"article:publisher\" content=\"https:\/\/www.instagram.com\/legislapp\/\" \/>\n<meta property=\"og:image\" content=\"https:\/\/www.camara.leg.br\/internet\/deputado\/bandep\/178873.jpg\" \/>\n<meta name=\"twitter:card\" content=\"summary_large_image\" \/>\n<script type=\"application\/ld+json\" class=\"yoast-schema-graph\">{\"@context\":\"https:\/\/schema.org\",\"@graph\":[{\"@type\":\"WebPage\",\"@id\":\"https:\/\/www.legislapp.com.br\/index.php\/pl-659-2020\/\",\"url\":\"https:\/\/www.legislapp.com.br\/index.php\/pl-659-2020\/\",\"name\":\"PL 659\/2020 - Legislapp\",\"isPartOf\":{\"@id\":\"https:\/\/www.legislapp.com.br\/#website\"},\"primaryImageOfPage\":{\"@id\":\"https:\/\/www.legislapp.com.br\/index.php\/pl-659-2020\/#primaryimage\"},\"image\":{\"@id\":\"https:\/\/www.legislapp.com.br\/index.php\/pl-659-2020\/#primaryimage\"},\"thumbnailUrl\":\"https:\/\/www.camara.leg.br\/internet\/deputado\/bandep\/178873.jpg\",\"datePublished\":\"2023-06-08T10:18:04+00:00\",\"breadcrumb\":{\"@id\":\"https:\/\/www.legislapp.com.br\/index.php\/pl-659-2020\/#breadcrumb\"},\"inLanguage\":\"pt-BR\",\"potentialAction\":[{\"@type\":\"ReadAction\",\"target\":[\"https:\/\/www.legislapp.com.br\/index.php\/pl-659-2020\/\"]}]},{\"@type\":\"ImageObject\",\"inLanguage\":\"pt-BR\",\"@id\":\"https:\/\/www.legislapp.com.br\/index.php\/pl-659-2020\/#primaryimage\",\"url\":\"https:\/\/www.camara.leg.br\/internet\/deputado\/bandep\/178873.jpg\",\"contentUrl\":\"https:\/\/www.camara.leg.br\/internet\/deputado\/bandep\/178873.jpg\"},{\"@type\":\"BreadcrumbList\",\"@id\":\"https:\/\/www.legislapp.com.br\/index.php\/pl-659-2020\/#breadcrumb\",\"itemListElement\":[{\"@type\":\"ListItem\",\"position\":1,\"name\":\"In\u00edcio\",\"item\":\"https:\/\/www.legislapp.com.br\/\"},{\"@type\":\"ListItem\",\"position\":2,\"name\":\"PL 659\/2020\"}]},{\"@type\":\"WebSite\",\"@id\":\"https:\/\/www.legislapp.com.br\/#website\",\"url\":\"https:\/\/www.legislapp.com.br\/\",\"name\":\"Legislapp\",\"description\":\"Intelig\u00eancia governamental em tempo real\",\"publisher\":{\"@id\":\"https:\/\/www.legislapp.com.br\/#organization\"},\"potentialAction\":[{\"@type\":\"SearchAction\",\"target\":{\"@type\":\"EntryPoint\",\"urlTemplate\":\"https:\/\/www.legislapp.com.br\/?s={search_term_string}\"},\"query-input\":{\"@type\":\"PropertyValueSpecification\",\"valueRequired\":true,\"valueName\":\"search_term_string\"}}],\"inLanguage\":\"pt-BR\"},{\"@type\":\"Organization\",\"@id\":\"https:\/\/www.legislapp.com.br\/#organization\",\"name\":\"Legislapp Monitoramento e Intelig\u00eancia Governamental\",\"url\":\"https:\/\/www.legislapp.com.br\/\",\"logo\":{\"@type\":\"ImageObject\",\"inLanguage\":\"pt-BR\",\"@id\":\"https:\/\/www.legislapp.com.br\/#\/schema\/logo\/image\/\",\"url\":\"https:\/\/www.legislapp.com.br\/wp-content\/uploads\/icon.png\",\"contentUrl\":\"https:\/\/www.legislapp.com.br\/wp-content\/uploads\/icon.png\",\"width\":1024,\"height\":1024,\"caption\":\"Legislapp Monitoramento e Intelig\u00eancia Governamental\"},\"image\":{\"@id\":\"https:\/\/www.legislapp.com.br\/#\/schema\/logo\/image\/\"},\"sameAs\":[\"https:\/\/www.instagram.com\/legislapp\/\"]}]}<\/script>\n<!-- \/ Yoast SEO plugin. -->","yoast_head_json":{"title":"PL 659\/2020 - Legislapp","robots":{"index":"index","follow":"follow","max-snippet":"max-snippet:-1","max-image-preview":"max-image-preview:large","max-video-preview":"max-video-preview:-1"},"canonical":"https:\/\/www.legislapp.com.br\/index.php\/pl-659-2020\/","og_locale":"pt_BR","og_type":"article","og_title":"PL 659\/2020 - Legislapp","og_description":"C\u00e2mara &#8211; Autoria de HELDER IGNACIO SALOMAO Disp\u00f5e sobre a isen\u00e7\u00e3o de cobran\u00e7a de tarifa de energia el\u00e9trica, \u00e1gua e esgotamento sanit\u00e1rio em situa\u00e7\u00e3o de emerg\u00eancia sanit\u00e1ria. Isen\u00e7\u00e3o, cobran\u00e7a, tarifa de energia el\u00e9trica, tarifa de \u00e1gua, tarifa de esgoto, fam\u00edlia, Microempresa, Pequena empresa, emerg\u00eancia de sa\u00fade p\u00fablica, emerg\u00eancia social. Visualizar completo na nossa plataforma (30 [&hellip;]","og_url":"https:\/\/www.legislapp.com.br\/index.php\/pl-659-2020\/","og_site_name":"Legislapp","article_publisher":"https:\/\/www.instagram.com\/legislapp\/","og_image":[{"url":"https:\/\/www.camara.leg.br\/internet\/deputado\/bandep\/178873.jpg","type":"","width":"","height":""}],"twitter_card":"summary_large_image","schema":{"@context":"https:\/\/schema.org","@graph":[{"@type":"WebPage","@id":"https:\/\/www.legislapp.com.br\/index.php\/pl-659-2020\/","url":"https:\/\/www.legislapp.com.br\/index.php\/pl-659-2020\/","name":"PL 659\/2020 - Legislapp","isPartOf":{"@id":"https:\/\/www.legislapp.com.br\/#website"},"primaryImageOfPage":{"@id":"https:\/\/www.legislapp.com.br\/index.php\/pl-659-2020\/#primaryimage"},"image":{"@id":"https:\/\/www.legislapp.com.br\/index.php\/pl-659-2020\/#primaryimage"},"thumbnailUrl":"https:\/\/www.camara.leg.br\/internet\/deputado\/bandep\/178873.jpg","datePublished":"2023-06-08T10:18:04+00:00","breadcrumb":{"@id":"https:\/\/www.legislapp.com.br\/index.php\/pl-659-2020\/#breadcrumb"},"inLanguage":"pt-BR","potentialAction":[{"@type":"ReadAction","target":["https:\/\/www.legislapp.com.br\/index.php\/pl-659-2020\/"]}]},{"@type":"ImageObject","inLanguage":"pt-BR","@id":"https:\/\/www.legislapp.com.br\/index.php\/pl-659-2020\/#primaryimage","url":"https:\/\/www.camara.leg.br\/internet\/deputado\/bandep\/178873.jpg","contentUrl":"https:\/\/www.camara.leg.br\/internet\/deputado\/bandep\/178873.jpg"},{"@type":"BreadcrumbList","@id":"https:\/\/www.legislapp.com.br\/index.php\/pl-659-2020\/#breadcrumb","itemListElement":[{"@type":"ListItem","position":1,"name":"In\u00edcio","item":"https:\/\/www.legislapp.com.br\/"},{"@type":"ListItem","position":2,"name":"PL 659\/2020"}]},{"@type":"WebSite","@id":"https:\/\/www.legislapp.com.br\/#website","url":"https:\/\/www.legislapp.com.br\/","name":"Legislapp","description":"Intelig\u00eancia governamental em tempo real","publisher":{"@id":"https:\/\/www.legislapp.com.br\/#organization"},"potentialAction":[{"@type":"SearchAction","target":{"@type":"EntryPoint","urlTemplate":"https:\/\/www.legislapp.com.br\/?s={search_term_string}"},"query-input":{"@type":"PropertyValueSpecification","valueRequired":true,"valueName":"search_term_string"}}],"inLanguage":"pt-BR"},{"@type":"Organization","@id":"https:\/\/www.legislapp.com.br\/#organization","name":"Legislapp Monitoramento e Intelig\u00eancia Governamental","url":"https:\/\/www.legislapp.com.br\/","logo":{"@type":"ImageObject","inLanguage":"pt-BR","@id":"https:\/\/www.legislapp.com.br\/#\/schema\/logo\/image\/","url":"https:\/\/www.legislapp.com.br\/wp-content\/uploads\/icon.png","contentUrl":"https:\/\/www.legislapp.com.br\/wp-content\/uploads\/icon.png","width":1024,"height":1024,"caption":"Legislapp Monitoramento e Intelig\u00eancia Governamental"},"image":{"@id":"https:\/\/www.legislapp.com.br\/#\/schema\/logo\/image\/"},"sameAs":["https:\/\/www.instagram.com\/legislapp\/"]}]}},"_links":{"self":[{"href":"https:\/\/www.legislapp.com.br\/index.php\/wp-json\/wp\/v2\/pages\/1282","targetHints":{"allow":["GET"]}}],"collection":[{"href":"https:\/\/www.legislapp.com.br\/index.php\/wp-json\/wp\/v2\/pages"}],"about":[{"href":"https:\/\/www.legislapp.com.br\/index.php\/wp-json\/wp\/v2\/types\/page"}],"author":[{"embeddable":true,"href":"https:\/\/www.legislapp.com.br\/index.php\/wp-json\/wp\/v2\/users\/1"}],"replies":[{"embeddable":true,"href":"https:\/\/www.legislapp.com.br\/index.php\/wp-json\/wp\/v2\/comments?post=1282"}],"version-history":[{"count":0,"href":"https:\/\/www.legislapp.com.br\/index.php\/wp-json\/wp\/v2\/pages\/1282\/revisions"}],"wp:attachment":[{"href":"https:\/\/www.legislapp.com.br\/index.php\/wp-json\/wp\/v2\/media?parent=1282"}],"curies":[{"name":"wp","href":"https:\/\/api.w.org\/{rel}","templated":true}]}}