{"id":1321,"date":"2023-06-08T07:19:31","date_gmt":"2023-06-08T10:19:31","guid":{"rendered":"https:\/\/www.legislapp.com.br\/index.php\/pl-2410-2021\/"},"modified":"2023-06-08T07:19:31","modified_gmt":"2023-06-08T10:19:31","slug":"pl-2410-2021","status":"publish","type":"page","link":"https:\/\/www.legislapp.com.br\/index.php\/pl-2410-2021\/","title":{"rendered":"PL 2410\/2021"},"content":{"rendered":"<h1 style='text-align: center;'>C\u00e2mara &#8211; Autoria de EDUARDO HENRIQUE MAIA BISMARCK<br \/><img src='https:\/\/www.camara.leg.br\/internet\/deputado\/bandep\/204541.jpg' alt='EDUARDO HENRIQUE MAIA BISMARCK' \/><\/h3>\n<p><\/p>\n<article>Cria o Fundo de Aquisi\u00e7\u00e3o de Livros para Institui\u00e7\u00f5es P\u00fablicas de Ensino Superior &#8211; FUNALIVROS.<\/article>\n<p><a href='https:\/\/app.legislapp.com.br\/#\/busca?termo=Cria\u00e7\u00e3o'>Cria\u00e7\u00e3o<\/a>, <a href='https:\/\/app.legislapp.com.br\/#\/busca?termo=Fundo de Aquisi\u00e7\u00e3o de Livros para Institui\u00e7\u00f5es P\u00fablicas de Ensino Superior (FUNALIVROS)'>Fundo de Aquisi\u00e7\u00e3o de Livros para Institui\u00e7\u00f5es P\u00fablicas de Ensino Superior (FUNALIVROS)<\/a>, <a href='https:\/\/app.legislapp.com.br\/#\/busca?termo=financiamento'>financiamento<\/a>, <a href='https:\/\/app.legislapp.com.br\/#\/busca?termo=aquisi\u00e7\u00e3o'>aquisi\u00e7\u00e3o<\/a>, <a href='https:\/\/app.legislapp.com.br\/#\/busca?termo=manuten\u00e7\u00e3o'>manuten\u00e7\u00e3o<\/a>, <a href='https:\/\/app.legislapp.com.br\/#\/busca?termo=livro impresso'>livro impresso<\/a>, <a href='https:\/\/app.legislapp.com.br\/#\/busca?termo=livro digital'>livro digital<\/a>, <a href='https:\/\/app.legislapp.com.br\/#\/busca?termo=total'>total<\/a>, <a href='https:\/\/app.legislapp.com.br\/#\/busca?termo=\u00e1rea do conhecimento'>\u00e1rea do conhecimento<\/a>, <a href='https:\/\/app.legislapp.com.br\/#\/busca?termo=forma\u00e7\u00e3o acad\u00eamica'>forma\u00e7\u00e3o acad\u00eamica<\/a>, <a href='https:\/\/app.legislapp.com.br\/#\/busca?termo=aperfei\u00e7oamento'>aperfei\u00e7oamento<\/a>, <a href='https:\/\/app.legislapp.com.br\/#\/busca?termo=corpo docente'>corpo docente<\/a>, <a href='https:\/\/app.legislapp.com.br\/#\/busca?termo=servidor p\u00fablico'>servidor p\u00fablico<\/a>, <a href='https:\/\/app.legislapp.com.br\/#\/busca?termo=trabalhador'>trabalhador<\/a>, <a href='https:\/\/app.legislapp.com.br\/#\/busca?termo=Institui\u00e7\u00e3o de ensino'>Institui\u00e7\u00e3o de ensino<\/a>, <a href='https:\/\/app.legislapp.com.br\/#\/busca?termo=gest\u00e3o'>gest\u00e3o<\/a>, <a href='https:\/\/app.legislapp.com.br\/#\/busca?termo=recursos'>recursos<\/a>, <a href='https:\/\/app.legislapp.com.br\/#\/busca?termo=Comit\u00ea gestor'>Comit\u00ea gestor<\/a>, <a href='https:\/\/app.legislapp.com.br\/#\/busca?termo=atribui\u00e7\u00e3o'>atribui\u00e7\u00e3o<\/a>, <a href='https:\/\/app.legislapp.com.br\/#\/busca?termo=fonte de recursos'>fonte de recursos<\/a>, <a href='https:\/\/app.legislapp.com.br\/#\/busca?termo=uso exclusivo'>uso exclusivo<\/a>, <a href='https:\/\/app.legislapp.com.br\/#\/busca?termo=projeto (administra\u00e7\u00e3o)'>projeto (administra\u00e7\u00e3o)<\/a>, <a href='https:\/\/app.legislapp.com.br\/#\/busca?termo=atividade'>atividade<\/a>, <a href='https:\/\/app.legislapp.com.br\/#\/busca?termo=finalidade.'>finalidade.<\/a><\/p>\n<div style=\"text-align: center\">\n      <img decoding=\"async\" style=\"width: 14%;\" src=\"https:\/\/legislapp.com.br\/wp-content\/uploads\/2021\/07\/Logo-Legislapp-1-03-1.png\"><br \/>\n      <\/p>\n<div style=\"margin-bottom: 20px;\" class=\"et_pb_button_module_wrapper et_pb_button_5_tb_body_wrapper et_pb_button_alignment_center et_pb_module \">\n         <a class=\"et_pb_button et_pb_button_5_tb_body et_hover_enabled et_pb_bg_layout_dark\" style=\"width: 50%;background-color: black;\" href=\"https:\/\/app.legislapp.com.br\" target=\"_blank\" rel=\"noopener\">Visualizar completo na nossa plataforma (30 dias gr\u00e1tis)<\/a><\/p><\/div>\n<p>      <a href=\"https:\/\/play.google.com\/store\/apps\/details?id=br.com.legislapp\"><img decoding=\"async\" style=\"width: 15%; min-width: 130px;\" src=\"https:\/\/legislapp.com.br\/wp-content\/uploads\/google-play.png\"><\/a><br \/>\n      <a href=\"https:\/\/apps.apple.com\/us\/app\/legislapp\/id1568929859\"><img decoding=\"async\" style=\"width: 15%; min-width: 130px\" src=\"https:\/\/legislapp.com.br\/wp-content\/uploads\/apple-store.png\"><\/a>\n   <\/div>\n","protected":false},"excerpt":{"rendered":"<p>C\u00e2mara &#8211; Autoria de EDUARDO HENRIQUE MAIA BISMARCK Cria o Fundo de Aquisi\u00e7\u00e3o de Livros para Institui\u00e7\u00f5es P\u00fablicas de Ensino Superior &#8211; FUNALIVROS. Cria\u00e7\u00e3o, Fundo de Aquisi\u00e7\u00e3o de Livros para Institui\u00e7\u00f5es P\u00fablicas de Ensino Superior (FUNALIVROS), financiamento, aquisi\u00e7\u00e3o, manuten\u00e7\u00e3o, livro impresso, livro digital, total, \u00e1rea do conhecimento, forma\u00e7\u00e3o acad\u00eamica, aperfei\u00e7oamento, corpo docente, servidor p\u00fablico, trabalhador, [&hellip;]<\/p>\n","protected":false},"author":1,"featured_media":0,"parent":0,"menu_order":0,"comment_status":"closed","ping_status":"closed","template":"page-template-blank.php","meta":{"_et_pb_use_builder":"","_et_pb_old_content":"","_et_gb_content_width":"1080","ngg_post_thumbnail":0,"footnotes":""},"class_list":["post-1321","page","type-page","status-publish","hentry"],"yoast_head":"<!-- This site is optimized with the Yoast SEO plugin v24.4 - https:\/\/yoast.com\/wordpress\/plugins\/seo\/ -->\n<title>PL 2410\/2021 - Legislapp<\/title>\n<meta name=\"robots\" content=\"index, follow, max-snippet:-1, max-image-preview:large, max-video-preview:-1\" \/>\n<link rel=\"canonical\" href=\"https:\/\/www.legislapp.com.br\/index.php\/pl-2410-2021\/\" \/>\n<meta property=\"og:locale\" content=\"pt_BR\" \/>\n<meta property=\"og:type\" content=\"article\" \/>\n<meta property=\"og:title\" content=\"PL 2410\/2021 - Legislapp\" \/>\n<meta property=\"og:description\" content=\"C\u00e2mara &#8211; Autoria de EDUARDO HENRIQUE MAIA BISMARCK Cria o Fundo de Aquisi\u00e7\u00e3o de Livros para Institui\u00e7\u00f5es P\u00fablicas de Ensino Superior &#8211; FUNALIVROS. Cria\u00e7\u00e3o, Fundo de Aquisi\u00e7\u00e3o de Livros para Institui\u00e7\u00f5es P\u00fablicas de Ensino Superior (FUNALIVROS), financiamento, aquisi\u00e7\u00e3o, manuten\u00e7\u00e3o, livro impresso, livro digital, total, \u00e1rea do conhecimento, forma\u00e7\u00e3o acad\u00eamica, aperfei\u00e7oamento, corpo docente, servidor p\u00fablico, trabalhador, [&hellip;]\" \/>\n<meta property=\"og:url\" content=\"https:\/\/www.legislapp.com.br\/index.php\/pl-2410-2021\/\" \/>\n<meta property=\"og:site_name\" content=\"Legislapp\" \/>\n<meta property=\"article:publisher\" content=\"https:\/\/www.instagram.com\/legislapp\/\" \/>\n<meta property=\"og:image\" content=\"https:\/\/www.camara.leg.br\/internet\/deputado\/bandep\/204541.jpg\" \/>\n<meta name=\"twitter:card\" content=\"summary_large_image\" \/>\n<script type=\"application\/ld+json\" class=\"yoast-schema-graph\">{\"@context\":\"https:\/\/schema.org\",\"@graph\":[{\"@type\":\"WebPage\",\"@id\":\"https:\/\/www.legislapp.com.br\/index.php\/pl-2410-2021\/\",\"url\":\"https:\/\/www.legislapp.com.br\/index.php\/pl-2410-2021\/\",\"name\":\"PL 2410\/2021 - Legislapp\",\"isPartOf\":{\"@id\":\"https:\/\/www.legislapp.com.br\/#website\"},\"primaryImageOfPage\":{\"@id\":\"https:\/\/www.legislapp.com.br\/index.php\/pl-2410-2021\/#primaryimage\"},\"image\":{\"@id\":\"https:\/\/www.legislapp.com.br\/index.php\/pl-2410-2021\/#primaryimage\"},\"thumbnailUrl\":\"https:\/\/www.camara.leg.br\/internet\/deputado\/bandep\/204541.jpg\",\"datePublished\":\"2023-06-08T10:19:31+00:00\",\"breadcrumb\":{\"@id\":\"https:\/\/www.legislapp.com.br\/index.php\/pl-2410-2021\/#breadcrumb\"},\"inLanguage\":\"pt-BR\",\"potentialAction\":[{\"@type\":\"ReadAction\",\"target\":[\"https:\/\/www.legislapp.com.br\/index.php\/pl-2410-2021\/\"]}]},{\"@type\":\"ImageObject\",\"inLanguage\":\"pt-BR\",\"@id\":\"https:\/\/www.legislapp.com.br\/index.php\/pl-2410-2021\/#primaryimage\",\"url\":\"https:\/\/www.camara.leg.br\/internet\/deputado\/bandep\/204541.jpg\",\"contentUrl\":\"https:\/\/www.camara.leg.br\/internet\/deputado\/bandep\/204541.jpg\"},{\"@type\":\"BreadcrumbList\",\"@id\":\"https:\/\/www.legislapp.com.br\/index.php\/pl-2410-2021\/#breadcrumb\",\"itemListElement\":[{\"@type\":\"ListItem\",\"position\":1,\"name\":\"In\u00edcio\",\"item\":\"https:\/\/www.legislapp.com.br\/\"},{\"@type\":\"ListItem\",\"position\":2,\"name\":\"PL 2410\/2021\"}]},{\"@type\":\"WebSite\",\"@id\":\"https:\/\/www.legislapp.com.br\/#website\",\"url\":\"https:\/\/www.legislapp.com.br\/\",\"name\":\"Legislapp\",\"description\":\"Intelig\u00eancia governamental em tempo real\",\"publisher\":{\"@id\":\"https:\/\/www.legislapp.com.br\/#organization\"},\"potentialAction\":[{\"@type\":\"SearchAction\",\"target\":{\"@type\":\"EntryPoint\",\"urlTemplate\":\"https:\/\/www.legislapp.com.br\/?s={search_term_string}\"},\"query-input\":{\"@type\":\"PropertyValueSpecification\",\"valueRequired\":true,\"valueName\":\"search_term_string\"}}],\"inLanguage\":\"pt-BR\"},{\"@type\":\"Organization\",\"@id\":\"https:\/\/www.legislapp.com.br\/#organization\",\"name\":\"Legislapp Monitoramento e Intelig\u00eancia Governamental\",\"url\":\"https:\/\/www.legislapp.com.br\/\",\"logo\":{\"@type\":\"ImageObject\",\"inLanguage\":\"pt-BR\",\"@id\":\"https:\/\/www.legislapp.com.br\/#\/schema\/logo\/image\/\",\"url\":\"https:\/\/www.legislapp.com.br\/wp-content\/uploads\/icon.png\",\"contentUrl\":\"https:\/\/www.legislapp.com.br\/wp-content\/uploads\/icon.png\",\"width\":1024,\"height\":1024,\"caption\":\"Legislapp Monitoramento e Intelig\u00eancia Governamental\"},\"image\":{\"@id\":\"https:\/\/www.legislapp.com.br\/#\/schema\/logo\/image\/\"},\"sameAs\":[\"https:\/\/www.instagram.com\/legislapp\/\"]}]}<\/script>\n<!-- \/ Yoast SEO plugin. -->","yoast_head_json":{"title":"PL 2410\/2021 - Legislapp","robots":{"index":"index","follow":"follow","max-snippet":"max-snippet:-1","max-image-preview":"max-image-preview:large","max-video-preview":"max-video-preview:-1"},"canonical":"https:\/\/www.legislapp.com.br\/index.php\/pl-2410-2021\/","og_locale":"pt_BR","og_type":"article","og_title":"PL 2410\/2021 - Legislapp","og_description":"C\u00e2mara &#8211; Autoria de EDUARDO HENRIQUE MAIA BISMARCK Cria o Fundo de Aquisi\u00e7\u00e3o de Livros para Institui\u00e7\u00f5es P\u00fablicas de Ensino Superior &#8211; FUNALIVROS. Cria\u00e7\u00e3o, Fundo de Aquisi\u00e7\u00e3o de Livros para Institui\u00e7\u00f5es P\u00fablicas de Ensino Superior (FUNALIVROS), financiamento, aquisi\u00e7\u00e3o, manuten\u00e7\u00e3o, livro impresso, livro digital, total, \u00e1rea do conhecimento, forma\u00e7\u00e3o acad\u00eamica, aperfei\u00e7oamento, corpo docente, servidor p\u00fablico, trabalhador, [&hellip;]","og_url":"https:\/\/www.legislapp.com.br\/index.php\/pl-2410-2021\/","og_site_name":"Legislapp","article_publisher":"https:\/\/www.instagram.com\/legislapp\/","og_image":[{"url":"https:\/\/www.camara.leg.br\/internet\/deputado\/bandep\/204541.jpg","type":"","width":"","height":""}],"twitter_card":"summary_large_image","schema":{"@context":"https:\/\/schema.org","@graph":[{"@type":"WebPage","@id":"https:\/\/www.legislapp.com.br\/index.php\/pl-2410-2021\/","url":"https:\/\/www.legislapp.com.br\/index.php\/pl-2410-2021\/","name":"PL 2410\/2021 - Legislapp","isPartOf":{"@id":"https:\/\/www.legislapp.com.br\/#website"},"primaryImageOfPage":{"@id":"https:\/\/www.legislapp.com.br\/index.php\/pl-2410-2021\/#primaryimage"},"image":{"@id":"https:\/\/www.legislapp.com.br\/index.php\/pl-2410-2021\/#primaryimage"},"thumbnailUrl":"https:\/\/www.camara.leg.br\/internet\/deputado\/bandep\/204541.jpg","datePublished":"2023-06-08T10:19:31+00:00","breadcrumb":{"@id":"https:\/\/www.legislapp.com.br\/index.php\/pl-2410-2021\/#breadcrumb"},"inLanguage":"pt-BR","potentialAction":[{"@type":"ReadAction","target":["https:\/\/www.legislapp.com.br\/index.php\/pl-2410-2021\/"]}]},{"@type":"ImageObject","inLanguage":"pt-BR","@id":"https:\/\/www.legislapp.com.br\/index.php\/pl-2410-2021\/#primaryimage","url":"https:\/\/www.camara.leg.br\/internet\/deputado\/bandep\/204541.jpg","contentUrl":"https:\/\/www.camara.leg.br\/internet\/deputado\/bandep\/204541.jpg"},{"@type":"BreadcrumbList","@id":"https:\/\/www.legislapp.com.br\/index.php\/pl-2410-2021\/#breadcrumb","itemListElement":[{"@type":"ListItem","position":1,"name":"In\u00edcio","item":"https:\/\/www.legislapp.com.br\/"},{"@type":"ListItem","position":2,"name":"PL 2410\/2021"}]},{"@type":"WebSite","@id":"https:\/\/www.legislapp.com.br\/#website","url":"https:\/\/www.legislapp.com.br\/","name":"Legislapp","description":"Intelig\u00eancia governamental em tempo real","publisher":{"@id":"https:\/\/www.legislapp.com.br\/#organization"},"potentialAction":[{"@type":"SearchAction","target":{"@type":"EntryPoint","urlTemplate":"https:\/\/www.legislapp.com.br\/?s={search_term_string}"},"query-input":{"@type":"PropertyValueSpecification","valueRequired":true,"valueName":"search_term_string"}}],"inLanguage":"pt-BR"},{"@type":"Organization","@id":"https:\/\/www.legislapp.com.br\/#organization","name":"Legislapp Monitoramento e Intelig\u00eancia Governamental","url":"https:\/\/www.legislapp.com.br\/","logo":{"@type":"ImageObject","inLanguage":"pt-BR","@id":"https:\/\/www.legislapp.com.br\/#\/schema\/logo\/image\/","url":"https:\/\/www.legislapp.com.br\/wp-content\/uploads\/icon.png","contentUrl":"https:\/\/www.legislapp.com.br\/wp-content\/uploads\/icon.png","width":1024,"height":1024,"caption":"Legislapp Monitoramento e Intelig\u00eancia Governamental"},"image":{"@id":"https:\/\/www.legislapp.com.br\/#\/schema\/logo\/image\/"},"sameAs":["https:\/\/www.instagram.com\/legislapp\/"]}]}},"_links":{"self":[{"href":"https:\/\/www.legislapp.com.br\/index.php\/wp-json\/wp\/v2\/pages\/1321","targetHints":{"allow":["GET"]}}],"collection":[{"href":"https:\/\/www.legislapp.com.br\/index.php\/wp-json\/wp\/v2\/pages"}],"about":[{"href":"https:\/\/www.legislapp.com.br\/index.php\/wp-json\/wp\/v2\/types\/page"}],"author":[{"embeddable":true,"href":"https:\/\/www.legislapp.com.br\/index.php\/wp-json\/wp\/v2\/users\/1"}],"replies":[{"embeddable":true,"href":"https:\/\/www.legislapp.com.br\/index.php\/wp-json\/wp\/v2\/comments?post=1321"}],"version-history":[{"count":0,"href":"https:\/\/www.legislapp.com.br\/index.php\/wp-json\/wp\/v2\/pages\/1321\/revisions"}],"wp:attachment":[{"href":"https:\/\/www.legislapp.com.br\/index.php\/wp-json\/wp\/v2\/media?parent=1321"}],"curies":[{"name":"wp","href":"https:\/\/api.w.org\/{rel}","templated":true}]}}