{"id":1348,"date":"2023-06-08T07:20:30","date_gmt":"2023-06-08T10:20:30","guid":{"rendered":"https:\/\/www.legislapp.com.br\/index.php\/pl-3161-2021\/"},"modified":"2023-06-08T07:20:30","modified_gmt":"2023-06-08T10:20:30","slug":"pl-3161-2021","status":"publish","type":"page","link":"https:\/\/www.legislapp.com.br\/index.php\/pl-3161-2021\/","title":{"rendered":"PL 3161\/2021"},"content":{"rendered":"<h1 style='text-align: center;'>C\u00e2mara &#8211; Autoria de ANTONIO CEZAR CORREIA FREIRE<br \/><img src='https:\/\/www.camara.leg.br\/internet\/deputado\/bandep\/204504.jpg' alt='ANTONIO CEZAR CORREIA FREIRE' \/><\/h3>\n<p><\/p>\n<article>Disp\u00f5e sobre o exerc\u00edcio da profiss\u00e3o de detetive profissional, regulamenta a profiss\u00e3o, extingue a Lei N\u00ba 3.099, de 24 de fevereiro de 1957 e o Decreto N\u00ba 50.532, de 3 de Maio de 1961, que regem sobre o funcionamento de empresas de investiga\u00e7\u00f5es, cria o Conselho Federal de Detetives da Ordem dos Detetives do Brasil e da outras providencias.<\/article>\n<p><a href='https:\/\/app.legislapp.com.br\/#\/busca?termo=Regulamenta\u00e7\u00e3o'>Regulamenta\u00e7\u00e3o<\/a>, <a href='https:\/\/app.legislapp.com.br\/#\/busca?termo=profiss\u00e3o'>profiss\u00e3o<\/a>, <a href='https:\/\/app.legislapp.com.br\/#\/busca?termo=Detetive Profissional.\n_ Altera\u00e7\u00e3o'>Detetive Profissional.<br \/>\n_ Altera\u00e7\u00e3o<\/a>, <a href='https:\/\/app.legislapp.com.br\/#\/busca?termo=Lei Federal'>Lei Federal<\/a>, <a href='https:\/\/app.legislapp.com.br\/#\/busca?termo=detetive profissional'>detetive profissional<\/a>, <a href='https:\/\/app.legislapp.com.br\/#\/busca?termo=profissional liberal'>profissional liberal<\/a>, <a href='https:\/\/app.legislapp.com.br\/#\/busca?termo=responsabilidade pessoal'>responsabilidade pessoal<\/a>, <a href='https:\/\/app.legislapp.com.br\/#\/busca?termo=atribui\u00e7\u00e3o exclusiva'>atribui\u00e7\u00e3o exclusiva<\/a>, <a href='https:\/\/app.legislapp.com.br\/#\/busca?termo=direitos'>direitos<\/a>, <a href='https:\/\/app.legislapp.com.br\/#\/busca?termo=deveres. _ Atividade perigosa'>deveres. _ Atividade perigosa<\/a>, <a href='https:\/\/app.legislapp.com.br\/#\/busca?termo=porte de arma'>porte de arma<\/a>, <a href='https:\/\/app.legislapp.com.br\/#\/busca?termo=Investiga\u00e7\u00e3o defensiva'>Investiga\u00e7\u00e3o defensiva<\/a>, <a href='https:\/\/app.legislapp.com.br\/#\/busca?termo=Investiga\u00e7\u00e3o criminal'>Investiga\u00e7\u00e3o criminal<\/a>, <a href='https:\/\/app.legislapp.com.br\/#\/busca?termo=equipara\u00e7\u00e3o'>equipara\u00e7\u00e3o<\/a>, <a href='https:\/\/app.legislapp.com.br\/#\/busca?termo=motorista profissional'>motorista profissional<\/a>, <a href='https:\/\/app.legislapp.com.br\/#\/busca?termo=pontua\u00e7\u00e3o'>pontua\u00e7\u00e3o<\/a>, <a href='https:\/\/app.legislapp.com.br\/#\/busca?termo=Carteira Nacional de Habilita\u00e7\u00e3o (CNH)'>Carteira Nacional de Habilita\u00e7\u00e3o (CNH)<\/a>, <a href='https:\/\/app.legislapp.com.br\/#\/busca?termo=aplica\u00e7\u00e3o'>aplica\u00e7\u00e3o<\/a>, <a href='https:\/\/app.legislapp.com.br\/#\/busca?termo=C\u00f3digo de Tr\u00e2nsito Brasileiro'>C\u00f3digo de Tr\u00e2nsito Brasileiro<\/a>, <a href='https:\/\/app.legislapp.com.br\/#\/busca?termo=exig\u00eancia'>exig\u00eancia<\/a>, <a href='https:\/\/app.legislapp.com.br\/#\/busca?termo=educa\u00e7\u00e3o superior. \n_ Diretrizes'>educa\u00e7\u00e3o superior.<br \/>\n_ Diretrizes<\/a>, <a href='https:\/\/app.legislapp.com.br\/#\/busca?termo=funcionamento'>funcionamento<\/a>, <a href='https:\/\/app.legislapp.com.br\/#\/busca?termo=Empresa privada'>Empresa privada<\/a>, <a href='https:\/\/app.legislapp.com.br\/#\/busca?termo=investiga\u00e7\u00e3o. _ Cria\u00e7\u00e3o'>investiga\u00e7\u00e3o. _ Cria\u00e7\u00e3o<\/a>, <a href='https:\/\/app.legislapp.com.br\/#\/busca?termo=Conselho Federal da Ordem dos Detetives do Brasil (CFD)'>Conselho Federal da Ordem dos Detetives do Brasil (CFD)<\/a>, <a href='https:\/\/app.legislapp.com.br\/#\/busca?termo=\u00d3rg\u00e3o fiscalizador.\n_ Revoga\u00e7\u00e3o'>\u00d3rg\u00e3o fiscalizador.<br \/>\n_ Revoga\u00e7\u00e3o<\/a>, <a href='https:\/\/app.legislapp.com.br\/#\/busca?termo=Lei Federal'>Lei Federal<\/a>, <a href='https:\/\/app.legislapp.com.br\/#\/busca?termo=Decreto'>Decreto<\/a>, <a href='https:\/\/app.legislapp.com.br\/#\/busca?termo=funcionamento'>funcionamento<\/a>, <a href='https:\/\/app.legislapp.com.br\/#\/busca?termo=empresa'>empresa<\/a>, <a href='https:\/\/app.legislapp.com.br\/#\/busca?termo=informa\u00e7\u00e3o reservada'>informa\u00e7\u00e3o reservada<\/a>, <a href='https:\/\/app.legislapp.com.br\/#\/busca?termo=Informa\u00e7\u00e3o confidencial'>Informa\u00e7\u00e3o confidencial<\/a>, <a href='https:\/\/app.legislapp.com.br\/#\/busca?termo=informa\u00e7\u00e3o comercial'>informa\u00e7\u00e3o comercial<\/a>, <a href='https:\/\/app.legislapp.com.br\/#\/busca?termo=car\u00e1ter privado.'>car\u00e1ter privado.<\/a><\/p>\n<div style=\"text-align: center\">\n      <img decoding=\"async\" style=\"width: 14%;\" src=\"https:\/\/legislapp.com.br\/wp-content\/uploads\/2021\/07\/Logo-Legislapp-1-03-1.png\"><br \/>\n      <\/p>\n<div style=\"margin-bottom: 20px;\" class=\"et_pb_button_module_wrapper et_pb_button_5_tb_body_wrapper et_pb_button_alignment_center et_pb_module \">\n         <a class=\"et_pb_button et_pb_button_5_tb_body et_hover_enabled et_pb_bg_layout_dark\" style=\"width: 50%;background-color: black;\" href=\"https:\/\/app.legislapp.com.br\" target=\"_blank\" rel=\"noopener\">Visualizar completo na nossa plataforma (30 dias gr\u00e1tis)<\/a><\/p><\/div>\n<p>      <a href=\"https:\/\/play.google.com\/store\/apps\/details?id=br.com.legislapp\"><img decoding=\"async\" style=\"width: 15%; min-width: 130px;\" src=\"https:\/\/legislapp.com.br\/wp-content\/uploads\/google-play.png\"><\/a><br \/>\n      <a href=\"https:\/\/apps.apple.com\/us\/app\/legislapp\/id1568929859\"><img decoding=\"async\" style=\"width: 15%; min-width: 130px\" src=\"https:\/\/legislapp.com.br\/wp-content\/uploads\/apple-store.png\"><\/a>\n   <\/div>\n","protected":false},"excerpt":{"rendered":"<p>C\u00e2mara &#8211; Autoria de ANTONIO CEZAR CORREIA FREIRE Disp\u00f5e sobre o exerc\u00edcio da profiss\u00e3o de detetive profissional, regulamenta a profiss\u00e3o, extingue a Lei N\u00ba 3.099, de 24 de fevereiro de 1957 e o Decreto N\u00ba 50.532, de 3 de Maio de 1961, que regem sobre o funcionamento de empresas de investiga\u00e7\u00f5es, cria o Conselho Federal [&hellip;]<\/p>\n","protected":false},"author":1,"featured_media":0,"parent":0,"menu_order":0,"comment_status":"closed","ping_status":"closed","template":"page-template-blank.php","meta":{"_et_pb_use_builder":"","_et_pb_old_content":"","_et_gb_content_width":"1080","ngg_post_thumbnail":0,"footnotes":""},"class_list":["post-1348","page","type-page","status-publish","hentry"],"yoast_head":"<!-- This site is optimized with the Yoast SEO plugin v24.4 - https:\/\/yoast.com\/wordpress\/plugins\/seo\/ -->\n<title>PL 3161\/2021 - Legislapp<\/title>\n<meta name=\"robots\" content=\"index, follow, max-snippet:-1, max-image-preview:large, max-video-preview:-1\" \/>\n<link rel=\"canonical\" href=\"https:\/\/www.legislapp.com.br\/index.php\/pl-3161-2021\/\" \/>\n<meta property=\"og:locale\" content=\"pt_BR\" \/>\n<meta property=\"og:type\" content=\"article\" \/>\n<meta property=\"og:title\" content=\"PL 3161\/2021 - Legislapp\" \/>\n<meta property=\"og:description\" content=\"C\u00e2mara &#8211; Autoria de ANTONIO CEZAR CORREIA FREIRE Disp\u00f5e sobre o exerc\u00edcio da profiss\u00e3o de detetive profissional, regulamenta a profiss\u00e3o, extingue a Lei N\u00ba 3.099, de 24 de fevereiro de 1957 e o Decreto N\u00ba 50.532, de 3 de Maio de 1961, que regem sobre o funcionamento de empresas de investiga\u00e7\u00f5es, cria o Conselho Federal [&hellip;]\" \/>\n<meta property=\"og:url\" content=\"https:\/\/www.legislapp.com.br\/index.php\/pl-3161-2021\/\" \/>\n<meta property=\"og:site_name\" content=\"Legislapp\" \/>\n<meta property=\"article:publisher\" content=\"https:\/\/www.instagram.com\/legislapp\/\" \/>\n<meta property=\"og:image\" content=\"https:\/\/www.camara.leg.br\/internet\/deputado\/bandep\/204504.jpg\" \/>\n<meta name=\"twitter:card\" content=\"summary_large_image\" \/>\n<meta name=\"twitter:label1\" content=\"Est. tempo de leitura\" \/>\n\t<meta name=\"twitter:data1\" content=\"1 minuto\" \/>\n<script type=\"application\/ld+json\" class=\"yoast-schema-graph\">{\"@context\":\"https:\/\/schema.org\",\"@graph\":[{\"@type\":\"WebPage\",\"@id\":\"https:\/\/www.legislapp.com.br\/index.php\/pl-3161-2021\/\",\"url\":\"https:\/\/www.legislapp.com.br\/index.php\/pl-3161-2021\/\",\"name\":\"PL 3161\/2021 - Legislapp\",\"isPartOf\":{\"@id\":\"https:\/\/www.legislapp.com.br\/#website\"},\"primaryImageOfPage\":{\"@id\":\"https:\/\/www.legislapp.com.br\/index.php\/pl-3161-2021\/#primaryimage\"},\"image\":{\"@id\":\"https:\/\/www.legislapp.com.br\/index.php\/pl-3161-2021\/#primaryimage\"},\"thumbnailUrl\":\"https:\/\/www.camara.leg.br\/internet\/deputado\/bandep\/204504.jpg\",\"datePublished\":\"2023-06-08T10:20:30+00:00\",\"breadcrumb\":{\"@id\":\"https:\/\/www.legislapp.com.br\/index.php\/pl-3161-2021\/#breadcrumb\"},\"inLanguage\":\"pt-BR\",\"potentialAction\":[{\"@type\":\"ReadAction\",\"target\":[\"https:\/\/www.legislapp.com.br\/index.php\/pl-3161-2021\/\"]}]},{\"@type\":\"ImageObject\",\"inLanguage\":\"pt-BR\",\"@id\":\"https:\/\/www.legislapp.com.br\/index.php\/pl-3161-2021\/#primaryimage\",\"url\":\"https:\/\/www.camara.leg.br\/internet\/deputado\/bandep\/204504.jpg\",\"contentUrl\":\"https:\/\/www.camara.leg.br\/internet\/deputado\/bandep\/204504.jpg\"},{\"@type\":\"BreadcrumbList\",\"@id\":\"https:\/\/www.legislapp.com.br\/index.php\/pl-3161-2021\/#breadcrumb\",\"itemListElement\":[{\"@type\":\"ListItem\",\"position\":1,\"name\":\"In\u00edcio\",\"item\":\"https:\/\/www.legislapp.com.br\/\"},{\"@type\":\"ListItem\",\"position\":2,\"name\":\"PL 3161\/2021\"}]},{\"@type\":\"WebSite\",\"@id\":\"https:\/\/www.legislapp.com.br\/#website\",\"url\":\"https:\/\/www.legislapp.com.br\/\",\"name\":\"Legislapp\",\"description\":\"Intelig\u00eancia governamental em tempo real\",\"publisher\":{\"@id\":\"https:\/\/www.legislapp.com.br\/#organization\"},\"potentialAction\":[{\"@type\":\"SearchAction\",\"target\":{\"@type\":\"EntryPoint\",\"urlTemplate\":\"https:\/\/www.legislapp.com.br\/?s={search_term_string}\"},\"query-input\":{\"@type\":\"PropertyValueSpecification\",\"valueRequired\":true,\"valueName\":\"search_term_string\"}}],\"inLanguage\":\"pt-BR\"},{\"@type\":\"Organization\",\"@id\":\"https:\/\/www.legislapp.com.br\/#organization\",\"name\":\"Legislapp Monitoramento e Intelig\u00eancia Governamental\",\"url\":\"https:\/\/www.legislapp.com.br\/\",\"logo\":{\"@type\":\"ImageObject\",\"inLanguage\":\"pt-BR\",\"@id\":\"https:\/\/www.legislapp.com.br\/#\/schema\/logo\/image\/\",\"url\":\"https:\/\/www.legislapp.com.br\/wp-content\/uploads\/icon.png\",\"contentUrl\":\"https:\/\/www.legislapp.com.br\/wp-content\/uploads\/icon.png\",\"width\":1024,\"height\":1024,\"caption\":\"Legislapp Monitoramento e Intelig\u00eancia Governamental\"},\"image\":{\"@id\":\"https:\/\/www.legislapp.com.br\/#\/schema\/logo\/image\/\"},\"sameAs\":[\"https:\/\/www.instagram.com\/legislapp\/\"]}]}<\/script>\n<!-- \/ Yoast SEO plugin. -->","yoast_head_json":{"title":"PL 3161\/2021 - Legislapp","robots":{"index":"index","follow":"follow","max-snippet":"max-snippet:-1","max-image-preview":"max-image-preview:large","max-video-preview":"max-video-preview:-1"},"canonical":"https:\/\/www.legislapp.com.br\/index.php\/pl-3161-2021\/","og_locale":"pt_BR","og_type":"article","og_title":"PL 3161\/2021 - Legislapp","og_description":"C\u00e2mara &#8211; Autoria de ANTONIO CEZAR CORREIA FREIRE Disp\u00f5e sobre o exerc\u00edcio da profiss\u00e3o de detetive profissional, regulamenta a profiss\u00e3o, extingue a Lei N\u00ba 3.099, de 24 de fevereiro de 1957 e o Decreto N\u00ba 50.532, de 3 de Maio de 1961, que regem sobre o funcionamento de empresas de investiga\u00e7\u00f5es, cria o Conselho Federal [&hellip;]","og_url":"https:\/\/www.legislapp.com.br\/index.php\/pl-3161-2021\/","og_site_name":"Legislapp","article_publisher":"https:\/\/www.instagram.com\/legislapp\/","og_image":[{"url":"https:\/\/www.camara.leg.br\/internet\/deputado\/bandep\/204504.jpg","type":"","width":"","height":""}],"twitter_card":"summary_large_image","twitter_misc":{"Est. tempo de leitura":"1 minuto"},"schema":{"@context":"https:\/\/schema.org","@graph":[{"@type":"WebPage","@id":"https:\/\/www.legislapp.com.br\/index.php\/pl-3161-2021\/","url":"https:\/\/www.legislapp.com.br\/index.php\/pl-3161-2021\/","name":"PL 3161\/2021 - Legislapp","isPartOf":{"@id":"https:\/\/www.legislapp.com.br\/#website"},"primaryImageOfPage":{"@id":"https:\/\/www.legislapp.com.br\/index.php\/pl-3161-2021\/#primaryimage"},"image":{"@id":"https:\/\/www.legislapp.com.br\/index.php\/pl-3161-2021\/#primaryimage"},"thumbnailUrl":"https:\/\/www.camara.leg.br\/internet\/deputado\/bandep\/204504.jpg","datePublished":"2023-06-08T10:20:30+00:00","breadcrumb":{"@id":"https:\/\/www.legislapp.com.br\/index.php\/pl-3161-2021\/#breadcrumb"},"inLanguage":"pt-BR","potentialAction":[{"@type":"ReadAction","target":["https:\/\/www.legislapp.com.br\/index.php\/pl-3161-2021\/"]}]},{"@type":"ImageObject","inLanguage":"pt-BR","@id":"https:\/\/www.legislapp.com.br\/index.php\/pl-3161-2021\/#primaryimage","url":"https:\/\/www.camara.leg.br\/internet\/deputado\/bandep\/204504.jpg","contentUrl":"https:\/\/www.camara.leg.br\/internet\/deputado\/bandep\/204504.jpg"},{"@type":"BreadcrumbList","@id":"https:\/\/www.legislapp.com.br\/index.php\/pl-3161-2021\/#breadcrumb","itemListElement":[{"@type":"ListItem","position":1,"name":"In\u00edcio","item":"https:\/\/www.legislapp.com.br\/"},{"@type":"ListItem","position":2,"name":"PL 3161\/2021"}]},{"@type":"WebSite","@id":"https:\/\/www.legislapp.com.br\/#website","url":"https:\/\/www.legislapp.com.br\/","name":"Legislapp","description":"Intelig\u00eancia governamental em tempo real","publisher":{"@id":"https:\/\/www.legislapp.com.br\/#organization"},"potentialAction":[{"@type":"SearchAction","target":{"@type":"EntryPoint","urlTemplate":"https:\/\/www.legislapp.com.br\/?s={search_term_string}"},"query-input":{"@type":"PropertyValueSpecification","valueRequired":true,"valueName":"search_term_string"}}],"inLanguage":"pt-BR"},{"@type":"Organization","@id":"https:\/\/www.legislapp.com.br\/#organization","name":"Legislapp Monitoramento e Intelig\u00eancia Governamental","url":"https:\/\/www.legislapp.com.br\/","logo":{"@type":"ImageObject","inLanguage":"pt-BR","@id":"https:\/\/www.legislapp.com.br\/#\/schema\/logo\/image\/","url":"https:\/\/www.legislapp.com.br\/wp-content\/uploads\/icon.png","contentUrl":"https:\/\/www.legislapp.com.br\/wp-content\/uploads\/icon.png","width":1024,"height":1024,"caption":"Legislapp Monitoramento e Intelig\u00eancia Governamental"},"image":{"@id":"https:\/\/www.legislapp.com.br\/#\/schema\/logo\/image\/"},"sameAs":["https:\/\/www.instagram.com\/legislapp\/"]}]}},"_links":{"self":[{"href":"https:\/\/www.legislapp.com.br\/index.php\/wp-json\/wp\/v2\/pages\/1348","targetHints":{"allow":["GET"]}}],"collection":[{"href":"https:\/\/www.legislapp.com.br\/index.php\/wp-json\/wp\/v2\/pages"}],"about":[{"href":"https:\/\/www.legislapp.com.br\/index.php\/wp-json\/wp\/v2\/types\/page"}],"author":[{"embeddable":true,"href":"https:\/\/www.legislapp.com.br\/index.php\/wp-json\/wp\/v2\/users\/1"}],"replies":[{"embeddable":true,"href":"https:\/\/www.legislapp.com.br\/index.php\/wp-json\/wp\/v2\/comments?post=1348"}],"version-history":[{"count":0,"href":"https:\/\/www.legislapp.com.br\/index.php\/wp-json\/wp\/v2\/pages\/1348\/revisions"}],"wp:attachment":[{"href":"https:\/\/www.legislapp.com.br\/index.php\/wp-json\/wp\/v2\/media?parent=1348"}],"curies":[{"name":"wp","href":"https:\/\/api.w.org\/{rel}","templated":true}]}}