{"id":1387,"date":"2023-06-08T07:21:57","date_gmt":"2023-06-08T10:21:57","guid":{"rendered":"https:\/\/www.legislapp.com.br\/index.php\/pl-7552-2017\/"},"modified":"2023-06-08T07:21:57","modified_gmt":"2023-06-08T10:21:57","slug":"pl-7552-2017","status":"publish","type":"page","link":"https:\/\/www.legislapp.com.br\/index.php\/pl-7552-2017\/","title":{"rendered":"PL 7552\/2017"},"content":{"rendered":"<h1 style='text-align: center;'>C\u00e2mara &#8211; Autoria de CARMEN EM\u00cdLIA BONF\u00c1 ZANOTTO<br \/><img src='https:\/\/www.camara.leg.br\/internet\/deputado\/bandep\/164360.jpg' alt='CARMEN EM\u00cdLIA BONF\u00c1 ZANOTTO' \/><\/h3>\n<p><\/p>\n<article>Altera a Lei n\u00ba 9.313, de 13 de novembro de 1996, para dar prioridade \u00e0s ind\u00fastrias que produzem f\u00e1rmacos em territ\u00f3rio nacional, como crit\u00e9rio de desempate em igualdade de condi\u00e7\u00f5es nas licita\u00e7\u00f5es.<\/article>\n<p><a href='https:\/\/app.legislapp.com.br\/#\/busca?termo=Altera\u00e7\u00e3o'>Altera\u00e7\u00e3o<\/a>, <a href='https:\/\/app.legislapp.com.br\/#\/busca?termo=lei federal'>lei federal<\/a>, <a href='https:\/\/app.legislapp.com.br\/#\/busca?termo=crit\u00e9rio'>crit\u00e9rio<\/a>, <a href='https:\/\/app.legislapp.com.br\/#\/busca?termo=prioridade'>prioridade<\/a>, <a href='https:\/\/app.legislapp.com.br\/#\/busca?termo=ind\u00fastria'>ind\u00fastria<\/a>, <a href='https:\/\/app.legislapp.com.br\/#\/busca?termo=produ\u00e7\u00e3o'>produ\u00e7\u00e3o<\/a>, <a href='https:\/\/app.legislapp.com.br\/#\/busca?termo=f\u00e1rmaco'>f\u00e1rmaco<\/a>, <a href='https:\/\/app.legislapp.com.br\/#\/busca?termo=formula\u00e7\u00e3o'>formula\u00e7\u00e3o<\/a>, <a href='https:\/\/app.legislapp.com.br\/#\/busca?termo=medicamento'>medicamento<\/a>, <a href='https:\/\/app.legislapp.com.br\/#\/busca?termo=instala\u00e7\u00e3o'>instala\u00e7\u00e3o<\/a>, <a href='https:\/\/app.legislapp.com.br\/#\/busca?termo=territ\u00f3rio nacional'>territ\u00f3rio nacional<\/a>, <a href='https:\/\/app.legislapp.com.br\/#\/busca?termo=prefer\u00eancia'>prefer\u00eancia<\/a>, <a href='https:\/\/app.legislapp.com.br\/#\/busca?termo=licita\u00e7\u00e3o'>licita\u00e7\u00e3o<\/a>, <a href='https:\/\/app.legislapp.com.br\/#\/busca?termo=fornecimento'>fornecimento<\/a>, <a href='https:\/\/app.legislapp.com.br\/#\/busca?termo=ind\u00fastria farmac\u00eautica p\u00fablica.'>ind\u00fastria farmac\u00eautica p\u00fablica.<\/a><\/p>\n<div style=\"text-align: center\">\n      <img decoding=\"async\" style=\"width: 14%;\" src=\"https:\/\/legislapp.com.br\/wp-content\/uploads\/2021\/07\/Logo-Legislapp-1-03-1.png\"><br \/>\n      <\/p>\n<div style=\"margin-bottom: 20px;\" class=\"et_pb_button_module_wrapper et_pb_button_5_tb_body_wrapper et_pb_button_alignment_center et_pb_module \">\n         <a class=\"et_pb_button et_pb_button_5_tb_body et_hover_enabled et_pb_bg_layout_dark\" style=\"width: 50%;background-color: black;\" href=\"https:\/\/app.legislapp.com.br\" target=\"_blank\" rel=\"noopener\">Visualizar completo na nossa plataforma (30 dias gr\u00e1tis)<\/a><\/p><\/div>\n<p>      <a href=\"https:\/\/play.google.com\/store\/apps\/details?id=br.com.legislapp\"><img decoding=\"async\" style=\"width: 15%; min-width: 130px;\" src=\"https:\/\/legislapp.com.br\/wp-content\/uploads\/google-play.png\"><\/a><br \/>\n      <a href=\"https:\/\/apps.apple.com\/us\/app\/legislapp\/id1568929859\"><img decoding=\"async\" style=\"width: 15%; min-width: 130px\" src=\"https:\/\/legislapp.com.br\/wp-content\/uploads\/apple-store.png\"><\/a>\n   <\/div>\n","protected":false},"excerpt":{"rendered":"<p>C\u00e2mara &#8211; Autoria de CARMEN EM\u00cdLIA BONF\u00c1 ZANOTTO Altera a Lei n\u00ba 9.313, de 13 de novembro de 1996, para dar prioridade \u00e0s ind\u00fastrias que produzem f\u00e1rmacos em territ\u00f3rio nacional, como crit\u00e9rio de desempate em igualdade de condi\u00e7\u00f5es nas licita\u00e7\u00f5es. Altera\u00e7\u00e3o, lei federal, crit\u00e9rio, prioridade, ind\u00fastria, produ\u00e7\u00e3o, f\u00e1rmaco, formula\u00e7\u00e3o, medicamento, instala\u00e7\u00e3o, territ\u00f3rio nacional, prefer\u00eancia, licita\u00e7\u00e3o, [&hellip;]<\/p>\n","protected":false},"author":1,"featured_media":0,"parent":0,"menu_order":0,"comment_status":"closed","ping_status":"closed","template":"page-template-blank.php","meta":{"_et_pb_use_builder":"","_et_pb_old_content":"","_et_gb_content_width":"1080","ngg_post_thumbnail":0,"footnotes":""},"class_list":["post-1387","page","type-page","status-publish","hentry"],"yoast_head":"<!-- This site is optimized with the Yoast SEO plugin v24.4 - https:\/\/yoast.com\/wordpress\/plugins\/seo\/ -->\n<title>PL 7552\/2017 - Legislapp<\/title>\n<meta name=\"robots\" content=\"index, follow, max-snippet:-1, max-image-preview:large, max-video-preview:-1\" \/>\n<link rel=\"canonical\" href=\"https:\/\/www.legislapp.com.br\/index.php\/pl-7552-2017\/\" \/>\n<meta property=\"og:locale\" content=\"pt_BR\" \/>\n<meta property=\"og:type\" content=\"article\" \/>\n<meta property=\"og:title\" content=\"PL 7552\/2017 - Legislapp\" \/>\n<meta property=\"og:description\" content=\"C\u00e2mara &#8211; Autoria de CARMEN EM\u00cdLIA BONF\u00c1 ZANOTTO Altera a Lei n\u00ba 9.313, de 13 de novembro de 1996, para dar prioridade \u00e0s ind\u00fastrias que produzem f\u00e1rmacos em territ\u00f3rio nacional, como crit\u00e9rio de desempate em igualdade de condi\u00e7\u00f5es nas licita\u00e7\u00f5es. Altera\u00e7\u00e3o, lei federal, crit\u00e9rio, prioridade, ind\u00fastria, produ\u00e7\u00e3o, f\u00e1rmaco, formula\u00e7\u00e3o, medicamento, instala\u00e7\u00e3o, territ\u00f3rio nacional, prefer\u00eancia, licita\u00e7\u00e3o, [&hellip;]\" \/>\n<meta property=\"og:url\" content=\"https:\/\/www.legislapp.com.br\/index.php\/pl-7552-2017\/\" \/>\n<meta property=\"og:site_name\" content=\"Legislapp\" \/>\n<meta property=\"article:publisher\" content=\"https:\/\/www.instagram.com\/legislapp\/\" \/>\n<meta property=\"og:image\" content=\"https:\/\/www.camara.leg.br\/internet\/deputado\/bandep\/164360.jpg\" \/>\n<meta name=\"twitter:card\" content=\"summary_large_image\" \/>\n<script type=\"application\/ld+json\" class=\"yoast-schema-graph\">{\"@context\":\"https:\/\/schema.org\",\"@graph\":[{\"@type\":\"WebPage\",\"@id\":\"https:\/\/www.legislapp.com.br\/index.php\/pl-7552-2017\/\",\"url\":\"https:\/\/www.legislapp.com.br\/index.php\/pl-7552-2017\/\",\"name\":\"PL 7552\/2017 - Legislapp\",\"isPartOf\":{\"@id\":\"https:\/\/www.legislapp.com.br\/#website\"},\"primaryImageOfPage\":{\"@id\":\"https:\/\/www.legislapp.com.br\/index.php\/pl-7552-2017\/#primaryimage\"},\"image\":{\"@id\":\"https:\/\/www.legislapp.com.br\/index.php\/pl-7552-2017\/#primaryimage\"},\"thumbnailUrl\":\"https:\/\/www.camara.leg.br\/internet\/deputado\/bandep\/164360.jpg\",\"datePublished\":\"2023-06-08T10:21:57+00:00\",\"breadcrumb\":{\"@id\":\"https:\/\/www.legislapp.com.br\/index.php\/pl-7552-2017\/#breadcrumb\"},\"inLanguage\":\"pt-BR\",\"potentialAction\":[{\"@type\":\"ReadAction\",\"target\":[\"https:\/\/www.legislapp.com.br\/index.php\/pl-7552-2017\/\"]}]},{\"@type\":\"ImageObject\",\"inLanguage\":\"pt-BR\",\"@id\":\"https:\/\/www.legislapp.com.br\/index.php\/pl-7552-2017\/#primaryimage\",\"url\":\"https:\/\/www.camara.leg.br\/internet\/deputado\/bandep\/164360.jpg\",\"contentUrl\":\"https:\/\/www.camara.leg.br\/internet\/deputado\/bandep\/164360.jpg\"},{\"@type\":\"BreadcrumbList\",\"@id\":\"https:\/\/www.legislapp.com.br\/index.php\/pl-7552-2017\/#breadcrumb\",\"itemListElement\":[{\"@type\":\"ListItem\",\"position\":1,\"name\":\"In\u00edcio\",\"item\":\"https:\/\/www.legislapp.com.br\/\"},{\"@type\":\"ListItem\",\"position\":2,\"name\":\"PL 7552\/2017\"}]},{\"@type\":\"WebSite\",\"@id\":\"https:\/\/www.legislapp.com.br\/#website\",\"url\":\"https:\/\/www.legislapp.com.br\/\",\"name\":\"Legislapp\",\"description\":\"Intelig\u00eancia governamental em tempo real\",\"publisher\":{\"@id\":\"https:\/\/www.legislapp.com.br\/#organization\"},\"potentialAction\":[{\"@type\":\"SearchAction\",\"target\":{\"@type\":\"EntryPoint\",\"urlTemplate\":\"https:\/\/www.legislapp.com.br\/?s={search_term_string}\"},\"query-input\":{\"@type\":\"PropertyValueSpecification\",\"valueRequired\":true,\"valueName\":\"search_term_string\"}}],\"inLanguage\":\"pt-BR\"},{\"@type\":\"Organization\",\"@id\":\"https:\/\/www.legislapp.com.br\/#organization\",\"name\":\"Legislapp Monitoramento e Intelig\u00eancia Governamental\",\"url\":\"https:\/\/www.legislapp.com.br\/\",\"logo\":{\"@type\":\"ImageObject\",\"inLanguage\":\"pt-BR\",\"@id\":\"https:\/\/www.legislapp.com.br\/#\/schema\/logo\/image\/\",\"url\":\"https:\/\/www.legislapp.com.br\/wp-content\/uploads\/icon.png\",\"contentUrl\":\"https:\/\/www.legislapp.com.br\/wp-content\/uploads\/icon.png\",\"width\":1024,\"height\":1024,\"caption\":\"Legislapp Monitoramento e Intelig\u00eancia Governamental\"},\"image\":{\"@id\":\"https:\/\/www.legislapp.com.br\/#\/schema\/logo\/image\/\"},\"sameAs\":[\"https:\/\/www.instagram.com\/legislapp\/\"]}]}<\/script>\n<!-- \/ Yoast SEO plugin. -->","yoast_head_json":{"title":"PL 7552\/2017 - Legislapp","robots":{"index":"index","follow":"follow","max-snippet":"max-snippet:-1","max-image-preview":"max-image-preview:large","max-video-preview":"max-video-preview:-1"},"canonical":"https:\/\/www.legislapp.com.br\/index.php\/pl-7552-2017\/","og_locale":"pt_BR","og_type":"article","og_title":"PL 7552\/2017 - Legislapp","og_description":"C\u00e2mara &#8211; Autoria de CARMEN EM\u00cdLIA BONF\u00c1 ZANOTTO Altera a Lei n\u00ba 9.313, de 13 de novembro de 1996, para dar prioridade \u00e0s ind\u00fastrias que produzem f\u00e1rmacos em territ\u00f3rio nacional, como crit\u00e9rio de desempate em igualdade de condi\u00e7\u00f5es nas licita\u00e7\u00f5es. Altera\u00e7\u00e3o, lei federal, crit\u00e9rio, prioridade, ind\u00fastria, produ\u00e7\u00e3o, f\u00e1rmaco, formula\u00e7\u00e3o, medicamento, instala\u00e7\u00e3o, territ\u00f3rio nacional, prefer\u00eancia, licita\u00e7\u00e3o, [&hellip;]","og_url":"https:\/\/www.legislapp.com.br\/index.php\/pl-7552-2017\/","og_site_name":"Legislapp","article_publisher":"https:\/\/www.instagram.com\/legislapp\/","og_image":[{"url":"https:\/\/www.camara.leg.br\/internet\/deputado\/bandep\/164360.jpg","type":"","width":"","height":""}],"twitter_card":"summary_large_image","schema":{"@context":"https:\/\/schema.org","@graph":[{"@type":"WebPage","@id":"https:\/\/www.legislapp.com.br\/index.php\/pl-7552-2017\/","url":"https:\/\/www.legislapp.com.br\/index.php\/pl-7552-2017\/","name":"PL 7552\/2017 - Legislapp","isPartOf":{"@id":"https:\/\/www.legislapp.com.br\/#website"},"primaryImageOfPage":{"@id":"https:\/\/www.legislapp.com.br\/index.php\/pl-7552-2017\/#primaryimage"},"image":{"@id":"https:\/\/www.legislapp.com.br\/index.php\/pl-7552-2017\/#primaryimage"},"thumbnailUrl":"https:\/\/www.camara.leg.br\/internet\/deputado\/bandep\/164360.jpg","datePublished":"2023-06-08T10:21:57+00:00","breadcrumb":{"@id":"https:\/\/www.legislapp.com.br\/index.php\/pl-7552-2017\/#breadcrumb"},"inLanguage":"pt-BR","potentialAction":[{"@type":"ReadAction","target":["https:\/\/www.legislapp.com.br\/index.php\/pl-7552-2017\/"]}]},{"@type":"ImageObject","inLanguage":"pt-BR","@id":"https:\/\/www.legislapp.com.br\/index.php\/pl-7552-2017\/#primaryimage","url":"https:\/\/www.camara.leg.br\/internet\/deputado\/bandep\/164360.jpg","contentUrl":"https:\/\/www.camara.leg.br\/internet\/deputado\/bandep\/164360.jpg"},{"@type":"BreadcrumbList","@id":"https:\/\/www.legislapp.com.br\/index.php\/pl-7552-2017\/#breadcrumb","itemListElement":[{"@type":"ListItem","position":1,"name":"In\u00edcio","item":"https:\/\/www.legislapp.com.br\/"},{"@type":"ListItem","position":2,"name":"PL 7552\/2017"}]},{"@type":"WebSite","@id":"https:\/\/www.legislapp.com.br\/#website","url":"https:\/\/www.legislapp.com.br\/","name":"Legislapp","description":"Intelig\u00eancia governamental em tempo real","publisher":{"@id":"https:\/\/www.legislapp.com.br\/#organization"},"potentialAction":[{"@type":"SearchAction","target":{"@type":"EntryPoint","urlTemplate":"https:\/\/www.legislapp.com.br\/?s={search_term_string}"},"query-input":{"@type":"PropertyValueSpecification","valueRequired":true,"valueName":"search_term_string"}}],"inLanguage":"pt-BR"},{"@type":"Organization","@id":"https:\/\/www.legislapp.com.br\/#organization","name":"Legislapp Monitoramento e Intelig\u00eancia Governamental","url":"https:\/\/www.legislapp.com.br\/","logo":{"@type":"ImageObject","inLanguage":"pt-BR","@id":"https:\/\/www.legislapp.com.br\/#\/schema\/logo\/image\/","url":"https:\/\/www.legislapp.com.br\/wp-content\/uploads\/icon.png","contentUrl":"https:\/\/www.legislapp.com.br\/wp-content\/uploads\/icon.png","width":1024,"height":1024,"caption":"Legislapp Monitoramento e Intelig\u00eancia Governamental"},"image":{"@id":"https:\/\/www.legislapp.com.br\/#\/schema\/logo\/image\/"},"sameAs":["https:\/\/www.instagram.com\/legislapp\/"]}]}},"_links":{"self":[{"href":"https:\/\/www.legislapp.com.br\/index.php\/wp-json\/wp\/v2\/pages\/1387","targetHints":{"allow":["GET"]}}],"collection":[{"href":"https:\/\/www.legislapp.com.br\/index.php\/wp-json\/wp\/v2\/pages"}],"about":[{"href":"https:\/\/www.legislapp.com.br\/index.php\/wp-json\/wp\/v2\/types\/page"}],"author":[{"embeddable":true,"href":"https:\/\/www.legislapp.com.br\/index.php\/wp-json\/wp\/v2\/users\/1"}],"replies":[{"embeddable":true,"href":"https:\/\/www.legislapp.com.br\/index.php\/wp-json\/wp\/v2\/comments?post=1387"}],"version-history":[{"count":0,"href":"https:\/\/www.legislapp.com.br\/index.php\/wp-json\/wp\/v2\/pages\/1387\/revisions"}],"wp:attachment":[{"href":"https:\/\/www.legislapp.com.br\/index.php\/wp-json\/wp\/v2\/media?parent=1387"}],"curies":[{"name":"wp","href":"https:\/\/api.w.org\/{rel}","templated":true}]}}