{"id":1390,"date":"2023-06-08T07:22:04","date_gmt":"2023-06-08T10:22:04","guid":{"rendered":"https:\/\/www.legislapp.com.br\/index.php\/pec-545-2006\/"},"modified":"2023-06-08T07:22:04","modified_gmt":"2023-06-08T10:22:04","slug":"pec-545-2006","status":"publish","type":"page","link":"https:\/\/www.legislapp.com.br\/index.php\/pec-545-2006\/","title":{"rendered":"PEC 545\/2006"},"content":{"rendered":"<h1 style='text-align: center;'>C\u00e2mara &#8211; Autoria de ADELOR FRANCISCO VIEIRA<br \/><img src='https:\/\/www.camara.leg.br\/internet\/deputado\/bandep\/74386.jpg' alt='ADELOR FRANCISCO VIEIRA' \/><\/h3>\n<p><\/p>\n<article>Altera a reda\u00e7\u00e3o do art. 20 da Constitui\u00e7\u00e3o Federal.<\/article>\n<p><a href='https:\/\/app.legislapp.com.br\/#\/busca?termo=Garantia'>Garantia<\/a>, <a href='https:\/\/app.legislapp.com.br\/#\/busca?termo=Uni\u00e3o Federal'>Uni\u00e3o Federal<\/a>, <a href='https:\/\/app.legislapp.com.br\/#\/busca?termo=participa\u00e7\u00e3o'>participa\u00e7\u00e3o<\/a>, <a href='https:\/\/app.legislapp.com.br\/#\/busca?termo=resultado'>resultado<\/a>, <a href='https:\/\/app.legislapp.com.br\/#\/busca?termo=explora\u00e7\u00e3o'>explora\u00e7\u00e3o<\/a>, <a href='https:\/\/app.legislapp.com.br\/#\/busca?termo=petr\u00f3leo'>petr\u00f3leo<\/a>, <a href='https:\/\/app.legislapp.com.br\/#\/busca?termo=g\u00e1s natural'>g\u00e1s natural<\/a>, <a href='https:\/\/app.legislapp.com.br\/#\/busca?termo=recursos h\u00eddricos'>recursos h\u00eddricos<\/a>, <a href='https:\/\/app.legislapp.com.br\/#\/busca?termo=recursos minerais'>recursos minerais<\/a>, <a href='https:\/\/app.legislapp.com.br\/#\/busca?termo=compensa\u00e7\u00e3o financeira'>compensa\u00e7\u00e3o financeira<\/a>, <a href='https:\/\/app.legislapp.com.br\/#\/busca?termo=cria\u00e7\u00e3o'>cria\u00e7\u00e3o<\/a>, <a href='https:\/\/app.legislapp.com.br\/#\/busca?termo=fundos'>fundos<\/a>, <a href='https:\/\/app.legislapp.com.br\/#\/busca?termo=distribui\u00e7\u00e3o'>distribui\u00e7\u00e3o<\/a>, <a href='https:\/\/app.legislapp.com.br\/#\/busca?termo=percentual'>percentual<\/a>, <a href='https:\/\/app.legislapp.com.br\/#\/busca?termo=\u00f3rg\u00e3o p\u00fablico'>\u00f3rg\u00e3o p\u00fablico<\/a>, <a href='https:\/\/app.legislapp.com.br\/#\/busca?termo=vincula\u00e7\u00e3o'>vincula\u00e7\u00e3o<\/a>, <a href='https:\/\/app.legislapp.com.br\/#\/busca?termo=atividade extrativa'>atividade extrativa<\/a>, <a href='https:\/\/app.legislapp.com.br\/#\/busca?termo=Estados'>Estados<\/a>, <a href='https:\/\/app.legislapp.com.br\/#\/busca?termo=Munic\u00edpios'>Munic\u00edpios<\/a>, <a href='https:\/\/app.legislapp.com.br\/#\/busca?termo=aplica\u00e7\u00e3o de recursos'>aplica\u00e7\u00e3o de recursos<\/a>, <a href='https:\/\/app.legislapp.com.br\/#\/busca?termo=infra-estrutura'>infra-estrutura<\/a>, <a href='https:\/\/app.legislapp.com.br\/#\/busca?termo=investimento'>investimento<\/a>, <a href='https:\/\/app.legislapp.com.br\/#\/busca?termo=redu\u00e7\u00e3o'>redu\u00e7\u00e3o<\/a>, <a href='https:\/\/app.legislapp.com.br\/#\/busca?termo=desigualdade social'>desigualdade social<\/a>, <a href='https:\/\/app.legislapp.com.br\/#\/busca?termo=desigualdade regional'>desigualdade regional<\/a>, <a href='https:\/\/app.legislapp.com.br\/#\/busca?termo=crit\u00e9rios'>crit\u00e9rios<\/a>, <a href='https:\/\/app.legislapp.com.br\/#\/busca?termo=popula\u00e7\u00e3o'>popula\u00e7\u00e3o<\/a>, <a href='https:\/\/app.legislapp.com.br\/#\/busca?termo=territ\u00f3rio'>territ\u00f3rio<\/a>, <a href='https:\/\/app.legislapp.com.br\/#\/busca?termo=\u00cdndice de Desenvolvimento Humano.'>\u00cdndice de Desenvolvimento Humano.<\/a><\/p>\n<div style=\"text-align: center\">\n      <img decoding=\"async\" style=\"width: 14%;\" src=\"https:\/\/legislapp.com.br\/wp-content\/uploads\/2021\/07\/Logo-Legislapp-1-03-1.png\"><br \/>\n      <\/p>\n<div style=\"margin-bottom: 20px;\" class=\"et_pb_button_module_wrapper et_pb_button_5_tb_body_wrapper et_pb_button_alignment_center et_pb_module \">\n         <a class=\"et_pb_button et_pb_button_5_tb_body et_hover_enabled et_pb_bg_layout_dark\" style=\"width: 50%;background-color: black;\" href=\"https:\/\/app.legislapp.com.br\" target=\"_blank\" rel=\"noopener\">Visualizar completo na nossa plataforma (30 dias gr\u00e1tis)<\/a><\/p><\/div>\n<p>      <a href=\"https:\/\/play.google.com\/store\/apps\/details?id=br.com.legislapp\"><img decoding=\"async\" style=\"width: 15%; min-width: 130px;\" src=\"https:\/\/legislapp.com.br\/wp-content\/uploads\/google-play.png\"><\/a><br \/>\n      <a href=\"https:\/\/apps.apple.com\/us\/app\/legislapp\/id1568929859\"><img decoding=\"async\" style=\"width: 15%; min-width: 130px\" src=\"https:\/\/legislapp.com.br\/wp-content\/uploads\/apple-store.png\"><\/a>\n   <\/div>\n","protected":false},"excerpt":{"rendered":"<p>C\u00e2mara &#8211; Autoria de ADELOR FRANCISCO VIEIRA Altera a reda\u00e7\u00e3o do art. 20 da Constitui\u00e7\u00e3o Federal. Garantia, Uni\u00e3o Federal, participa\u00e7\u00e3o, resultado, explora\u00e7\u00e3o, petr\u00f3leo, g\u00e1s natural, recursos h\u00eddricos, recursos minerais, compensa\u00e7\u00e3o financeira, cria\u00e7\u00e3o, fundos, distribui\u00e7\u00e3o, percentual, \u00f3rg\u00e3o p\u00fablico, vincula\u00e7\u00e3o, atividade extrativa, Estados, Munic\u00edpios, aplica\u00e7\u00e3o de recursos, infra-estrutura, investimento, redu\u00e7\u00e3o, desigualdade social, desigualdade regional, crit\u00e9rios, popula\u00e7\u00e3o, territ\u00f3rio, [&hellip;]<\/p>\n","protected":false},"author":1,"featured_media":0,"parent":0,"menu_order":0,"comment_status":"closed","ping_status":"closed","template":"page-template-blank.php","meta":{"_et_pb_use_builder":"","_et_pb_old_content":"","_et_gb_content_width":"1080","ngg_post_thumbnail":0,"footnotes":""},"class_list":["post-1390","page","type-page","status-publish","hentry"],"yoast_head":"<!-- This site is optimized with the Yoast SEO plugin v24.4 - https:\/\/yoast.com\/wordpress\/plugins\/seo\/ -->\n<title>PEC 545\/2006 - Legislapp<\/title>\n<meta name=\"robots\" content=\"index, follow, max-snippet:-1, max-image-preview:large, max-video-preview:-1\" \/>\n<link rel=\"canonical\" href=\"https:\/\/www.legislapp.com.br\/index.php\/pec-545-2006\/\" \/>\n<meta property=\"og:locale\" content=\"pt_BR\" \/>\n<meta property=\"og:type\" content=\"article\" \/>\n<meta property=\"og:title\" content=\"PEC 545\/2006 - Legislapp\" \/>\n<meta property=\"og:description\" content=\"C\u00e2mara &#8211; Autoria de ADELOR FRANCISCO VIEIRA Altera a reda\u00e7\u00e3o do art. 20 da Constitui\u00e7\u00e3o Federal. Garantia, Uni\u00e3o Federal, participa\u00e7\u00e3o, resultado, explora\u00e7\u00e3o, petr\u00f3leo, g\u00e1s natural, recursos h\u00eddricos, recursos minerais, compensa\u00e7\u00e3o financeira, cria\u00e7\u00e3o, fundos, distribui\u00e7\u00e3o, percentual, \u00f3rg\u00e3o p\u00fablico, vincula\u00e7\u00e3o, atividade extrativa, Estados, Munic\u00edpios, aplica\u00e7\u00e3o de recursos, infra-estrutura, investimento, redu\u00e7\u00e3o, desigualdade social, desigualdade regional, crit\u00e9rios, popula\u00e7\u00e3o, territ\u00f3rio, [&hellip;]\" \/>\n<meta property=\"og:url\" content=\"https:\/\/www.legislapp.com.br\/index.php\/pec-545-2006\/\" \/>\n<meta property=\"og:site_name\" content=\"Legislapp\" \/>\n<meta property=\"article:publisher\" content=\"https:\/\/www.instagram.com\/legislapp\/\" \/>\n<meta property=\"og:image\" content=\"https:\/\/www.camara.leg.br\/internet\/deputado\/bandep\/74386.jpg\" \/>\n<meta name=\"twitter:card\" content=\"summary_large_image\" \/>\n<script type=\"application\/ld+json\" class=\"yoast-schema-graph\">{\"@context\":\"https:\/\/schema.org\",\"@graph\":[{\"@type\":\"WebPage\",\"@id\":\"https:\/\/www.legislapp.com.br\/index.php\/pec-545-2006\/\",\"url\":\"https:\/\/www.legislapp.com.br\/index.php\/pec-545-2006\/\",\"name\":\"PEC 545\/2006 - Legislapp\",\"isPartOf\":{\"@id\":\"https:\/\/www.legislapp.com.br\/#website\"},\"primaryImageOfPage\":{\"@id\":\"https:\/\/www.legislapp.com.br\/index.php\/pec-545-2006\/#primaryimage\"},\"image\":{\"@id\":\"https:\/\/www.legislapp.com.br\/index.php\/pec-545-2006\/#primaryimage\"},\"thumbnailUrl\":\"https:\/\/www.camara.leg.br\/internet\/deputado\/bandep\/74386.jpg\",\"datePublished\":\"2023-06-08T10:22:04+00:00\",\"breadcrumb\":{\"@id\":\"https:\/\/www.legislapp.com.br\/index.php\/pec-545-2006\/#breadcrumb\"},\"inLanguage\":\"pt-BR\",\"potentialAction\":[{\"@type\":\"ReadAction\",\"target\":[\"https:\/\/www.legislapp.com.br\/index.php\/pec-545-2006\/\"]}]},{\"@type\":\"ImageObject\",\"inLanguage\":\"pt-BR\",\"@id\":\"https:\/\/www.legislapp.com.br\/index.php\/pec-545-2006\/#primaryimage\",\"url\":\"https:\/\/www.camara.leg.br\/internet\/deputado\/bandep\/74386.jpg\",\"contentUrl\":\"https:\/\/www.camara.leg.br\/internet\/deputado\/bandep\/74386.jpg\"},{\"@type\":\"BreadcrumbList\",\"@id\":\"https:\/\/www.legislapp.com.br\/index.php\/pec-545-2006\/#breadcrumb\",\"itemListElement\":[{\"@type\":\"ListItem\",\"position\":1,\"name\":\"In\u00edcio\",\"item\":\"https:\/\/www.legislapp.com.br\/\"},{\"@type\":\"ListItem\",\"position\":2,\"name\":\"PEC 545\/2006\"}]},{\"@type\":\"WebSite\",\"@id\":\"https:\/\/www.legislapp.com.br\/#website\",\"url\":\"https:\/\/www.legislapp.com.br\/\",\"name\":\"Legislapp\",\"description\":\"Intelig\u00eancia governamental em tempo real\",\"publisher\":{\"@id\":\"https:\/\/www.legislapp.com.br\/#organization\"},\"potentialAction\":[{\"@type\":\"SearchAction\",\"target\":{\"@type\":\"EntryPoint\",\"urlTemplate\":\"https:\/\/www.legislapp.com.br\/?s={search_term_string}\"},\"query-input\":{\"@type\":\"PropertyValueSpecification\",\"valueRequired\":true,\"valueName\":\"search_term_string\"}}],\"inLanguage\":\"pt-BR\"},{\"@type\":\"Organization\",\"@id\":\"https:\/\/www.legislapp.com.br\/#organization\",\"name\":\"Legislapp Monitoramento e Intelig\u00eancia Governamental\",\"url\":\"https:\/\/www.legislapp.com.br\/\",\"logo\":{\"@type\":\"ImageObject\",\"inLanguage\":\"pt-BR\",\"@id\":\"https:\/\/www.legislapp.com.br\/#\/schema\/logo\/image\/\",\"url\":\"https:\/\/www.legislapp.com.br\/wp-content\/uploads\/icon.png\",\"contentUrl\":\"https:\/\/www.legislapp.com.br\/wp-content\/uploads\/icon.png\",\"width\":1024,\"height\":1024,\"caption\":\"Legislapp Monitoramento e Intelig\u00eancia Governamental\"},\"image\":{\"@id\":\"https:\/\/www.legislapp.com.br\/#\/schema\/logo\/image\/\"},\"sameAs\":[\"https:\/\/www.instagram.com\/legislapp\/\"]}]}<\/script>\n<!-- \/ Yoast SEO plugin. -->","yoast_head_json":{"title":"PEC 545\/2006 - Legislapp","robots":{"index":"index","follow":"follow","max-snippet":"max-snippet:-1","max-image-preview":"max-image-preview:large","max-video-preview":"max-video-preview:-1"},"canonical":"https:\/\/www.legislapp.com.br\/index.php\/pec-545-2006\/","og_locale":"pt_BR","og_type":"article","og_title":"PEC 545\/2006 - Legislapp","og_description":"C\u00e2mara &#8211; Autoria de ADELOR FRANCISCO VIEIRA Altera a reda\u00e7\u00e3o do art. 20 da Constitui\u00e7\u00e3o Federal. Garantia, Uni\u00e3o Federal, participa\u00e7\u00e3o, resultado, explora\u00e7\u00e3o, petr\u00f3leo, g\u00e1s natural, recursos h\u00eddricos, recursos minerais, compensa\u00e7\u00e3o financeira, cria\u00e7\u00e3o, fundos, distribui\u00e7\u00e3o, percentual, \u00f3rg\u00e3o p\u00fablico, vincula\u00e7\u00e3o, atividade extrativa, Estados, Munic\u00edpios, aplica\u00e7\u00e3o de recursos, infra-estrutura, investimento, redu\u00e7\u00e3o, desigualdade social, desigualdade regional, crit\u00e9rios, popula\u00e7\u00e3o, territ\u00f3rio, [&hellip;]","og_url":"https:\/\/www.legislapp.com.br\/index.php\/pec-545-2006\/","og_site_name":"Legislapp","article_publisher":"https:\/\/www.instagram.com\/legislapp\/","og_image":[{"url":"https:\/\/www.camara.leg.br\/internet\/deputado\/bandep\/74386.jpg","type":"","width":"","height":""}],"twitter_card":"summary_large_image","schema":{"@context":"https:\/\/schema.org","@graph":[{"@type":"WebPage","@id":"https:\/\/www.legislapp.com.br\/index.php\/pec-545-2006\/","url":"https:\/\/www.legislapp.com.br\/index.php\/pec-545-2006\/","name":"PEC 545\/2006 - Legislapp","isPartOf":{"@id":"https:\/\/www.legislapp.com.br\/#website"},"primaryImageOfPage":{"@id":"https:\/\/www.legislapp.com.br\/index.php\/pec-545-2006\/#primaryimage"},"image":{"@id":"https:\/\/www.legislapp.com.br\/index.php\/pec-545-2006\/#primaryimage"},"thumbnailUrl":"https:\/\/www.camara.leg.br\/internet\/deputado\/bandep\/74386.jpg","datePublished":"2023-06-08T10:22:04+00:00","breadcrumb":{"@id":"https:\/\/www.legislapp.com.br\/index.php\/pec-545-2006\/#breadcrumb"},"inLanguage":"pt-BR","potentialAction":[{"@type":"ReadAction","target":["https:\/\/www.legislapp.com.br\/index.php\/pec-545-2006\/"]}]},{"@type":"ImageObject","inLanguage":"pt-BR","@id":"https:\/\/www.legislapp.com.br\/index.php\/pec-545-2006\/#primaryimage","url":"https:\/\/www.camara.leg.br\/internet\/deputado\/bandep\/74386.jpg","contentUrl":"https:\/\/www.camara.leg.br\/internet\/deputado\/bandep\/74386.jpg"},{"@type":"BreadcrumbList","@id":"https:\/\/www.legislapp.com.br\/index.php\/pec-545-2006\/#breadcrumb","itemListElement":[{"@type":"ListItem","position":1,"name":"In\u00edcio","item":"https:\/\/www.legislapp.com.br\/"},{"@type":"ListItem","position":2,"name":"PEC 545\/2006"}]},{"@type":"WebSite","@id":"https:\/\/www.legislapp.com.br\/#website","url":"https:\/\/www.legislapp.com.br\/","name":"Legislapp","description":"Intelig\u00eancia governamental em tempo real","publisher":{"@id":"https:\/\/www.legislapp.com.br\/#organization"},"potentialAction":[{"@type":"SearchAction","target":{"@type":"EntryPoint","urlTemplate":"https:\/\/www.legislapp.com.br\/?s={search_term_string}"},"query-input":{"@type":"PropertyValueSpecification","valueRequired":true,"valueName":"search_term_string"}}],"inLanguage":"pt-BR"},{"@type":"Organization","@id":"https:\/\/www.legislapp.com.br\/#organization","name":"Legislapp Monitoramento e Intelig\u00eancia Governamental","url":"https:\/\/www.legislapp.com.br\/","logo":{"@type":"ImageObject","inLanguage":"pt-BR","@id":"https:\/\/www.legislapp.com.br\/#\/schema\/logo\/image\/","url":"https:\/\/www.legislapp.com.br\/wp-content\/uploads\/icon.png","contentUrl":"https:\/\/www.legislapp.com.br\/wp-content\/uploads\/icon.png","width":1024,"height":1024,"caption":"Legislapp Monitoramento e Intelig\u00eancia Governamental"},"image":{"@id":"https:\/\/www.legislapp.com.br\/#\/schema\/logo\/image\/"},"sameAs":["https:\/\/www.instagram.com\/legislapp\/"]}]}},"_links":{"self":[{"href":"https:\/\/www.legislapp.com.br\/index.php\/wp-json\/wp\/v2\/pages\/1390","targetHints":{"allow":["GET"]}}],"collection":[{"href":"https:\/\/www.legislapp.com.br\/index.php\/wp-json\/wp\/v2\/pages"}],"about":[{"href":"https:\/\/www.legislapp.com.br\/index.php\/wp-json\/wp\/v2\/types\/page"}],"author":[{"embeddable":true,"href":"https:\/\/www.legislapp.com.br\/index.php\/wp-json\/wp\/v2\/users\/1"}],"replies":[{"embeddable":true,"href":"https:\/\/www.legislapp.com.br\/index.php\/wp-json\/wp\/v2\/comments?post=1390"}],"version-history":[{"count":0,"href":"https:\/\/www.legislapp.com.br\/index.php\/wp-json\/wp\/v2\/pages\/1390\/revisions"}],"wp:attachment":[{"href":"https:\/\/www.legislapp.com.br\/index.php\/wp-json\/wp\/v2\/media?parent=1390"}],"curies":[{"name":"wp","href":"https:\/\/api.w.org\/{rel}","templated":true}]}}