{"id":1444,"date":"2023-06-08T07:23:59","date_gmt":"2023-06-08T10:23:59","guid":{"rendered":"https:\/\/www.legislapp.com.br\/index.php\/pdl-575-2020\/"},"modified":"2023-06-08T07:23:59","modified_gmt":"2023-06-08T10:23:59","slug":"pdl-575-2020","status":"publish","type":"page","link":"https:\/\/www.legislapp.com.br\/index.php\/pdl-575-2020\/","title":{"rendered":"PDL 575\/2020"},"content":{"rendered":"<h1 style='text-align: center;'>C\u00e2mara &#8211; Autoria de AFONSO ANTUNES DA MOTTA<br \/><img src='https:\/\/www.camara.leg.br\/internet\/deputado\/bandep\/178835.jpg' alt='AFONSO ANTUNES DA MOTTA' \/><\/h3>\n<p><\/p>\n<article>Susta o art. 3\u00ba, o art. 104, o \u00a7 1\u00ba do art. 107 e o art. 109 do Decreto n\u00ba 8.058, de 26 de julho de 2013, e a Portaria n\u00ba 13, de 29 de janeiro de 2020, da Secretaria de Com\u00e9rcio Exterior da Secretaria Especial de Com\u00e9rcio Exterior e Assuntos Internacionais do Minist\u00e9rio da Economia.<\/article>\n<p><a href='https:\/\/app.legislapp.com.br\/#\/busca?termo=Susta\u00e7\u00e3o'>Susta\u00e7\u00e3o<\/a>, <a href='https:\/\/app.legislapp.com.br\/#\/busca?termo=dispositivo legal'>dispositivo legal<\/a>, <a href='https:\/\/app.legislapp.com.br\/#\/busca?termo=decreto'>decreto<\/a>, <a href='https:\/\/app.legislapp.com.br\/#\/busca?termo=amplia\u00e7\u00e3o'>amplia\u00e7\u00e3o<\/a>, <a href='https:\/\/app.legislapp.com.br\/#\/busca?termo=atribui\u00e7\u00e3o'>atribui\u00e7\u00e3o<\/a>, <a href='https:\/\/app.legislapp.com.br\/#\/busca?termo=C\u00e2mara de Com\u00e9rcio Exterior (CAMEX)'>C\u00e2mara de Com\u00e9rcio Exterior (CAMEX)<\/a>, <a href='https:\/\/app.legislapp.com.br\/#\/busca?termo=ato administrativo'>ato administrativo<\/a>, <a href='https:\/\/app.legislapp.com.br\/#\/busca?termo=Antidumping'>Antidumping<\/a>, <a href='https:\/\/app.legislapp.com.br\/#\/busca?termo=Direito antidumping.\n_Susta\u00e7\u00e3o'>Direito antidumping.<br \/>\n_Susta\u00e7\u00e3o<\/a>, <a href='https:\/\/app.legislapp.com.br\/#\/busca?termo=Portaria'>Portaria<\/a>, <a href='https:\/\/app.legislapp.com.br\/#\/busca?termo=Secretaria de Com\u00e9rcio Exterior (Secex)'>Secretaria de Com\u00e9rcio Exterior (Secex)<\/a>, <a href='https:\/\/app.legislapp.com.br\/#\/busca?termo=disciplinamento'>disciplinamento<\/a>, <a href='https:\/\/app.legislapp.com.br\/#\/busca?termo=Procedimento administrativo'>Procedimento administrativo<\/a>, <a href='https:\/\/app.legislapp.com.br\/#\/busca?termo=avalia\u00e7\u00e3o'>avalia\u00e7\u00e3o<\/a>, <a href='https:\/\/app.legislapp.com.br\/#\/busca?termo=interesse p\u00fablico'>interesse p\u00fablico<\/a>, <a href='https:\/\/app.legislapp.com.br\/#\/busca?termo=ato administrativo'>ato administrativo<\/a>, <a href='https:\/\/app.legislapp.com.br\/#\/busca?termo=Defesa comercial'>Defesa comercial<\/a>, <a href='https:\/\/app.legislapp.com.br\/#\/busca?termo=Antidumping'>Antidumping<\/a>, <a href='https:\/\/app.legislapp.com.br\/#\/busca?termo=Direito antidumping.'>Direito antidumping.<\/a><\/p>\n<div style=\"text-align: center\">\n      <img decoding=\"async\" style=\"width: 14%;\" src=\"https:\/\/legislapp.com.br\/wp-content\/uploads\/2021\/07\/Logo-Legislapp-1-03-1.png\"><br \/>\n      <\/p>\n<div style=\"margin-bottom: 20px;\" class=\"et_pb_button_module_wrapper et_pb_button_5_tb_body_wrapper et_pb_button_alignment_center et_pb_module \">\n         <a class=\"et_pb_button et_pb_button_5_tb_body et_hover_enabled et_pb_bg_layout_dark\" style=\"width: 50%;background-color: black;\" href=\"https:\/\/app.legislapp.com.br\" target=\"_blank\" rel=\"noopener\">Visualizar completo na nossa plataforma (30 dias gr\u00e1tis)<\/a><\/p><\/div>\n<p>      <a href=\"https:\/\/play.google.com\/store\/apps\/details?id=br.com.legislapp\"><img decoding=\"async\" style=\"width: 15%; min-width: 130px;\" src=\"https:\/\/legislapp.com.br\/wp-content\/uploads\/google-play.png\"><\/a><br \/>\n      <a href=\"https:\/\/apps.apple.com\/us\/app\/legislapp\/id1568929859\"><img decoding=\"async\" style=\"width: 15%; min-width: 130px\" src=\"https:\/\/legislapp.com.br\/wp-content\/uploads\/apple-store.png\"><\/a>\n   <\/div>\n","protected":false},"excerpt":{"rendered":"<p>C\u00e2mara &#8211; Autoria de AFONSO ANTUNES DA MOTTA Susta o art. 3\u00ba, o art. 104, o \u00a7 1\u00ba do art. 107 e o art. 109 do Decreto n\u00ba 8.058, de 26 de julho de 2013, e a Portaria n\u00ba 13, de 29 de janeiro de 2020, da Secretaria de Com\u00e9rcio Exterior da Secretaria Especial de [&hellip;]<\/p>\n","protected":false},"author":1,"featured_media":0,"parent":0,"menu_order":0,"comment_status":"closed","ping_status":"closed","template":"page-template-blank.php","meta":{"_et_pb_use_builder":"","_et_pb_old_content":"","_et_gb_content_width":"1080","ngg_post_thumbnail":0,"footnotes":""},"class_list":["post-1444","page","type-page","status-publish","hentry"],"yoast_head":"<!-- This site is optimized with the Yoast SEO plugin v24.4 - https:\/\/yoast.com\/wordpress\/plugins\/seo\/ -->\n<title>PDL 575\/2020 - Legislapp<\/title>\n<meta name=\"robots\" content=\"index, follow, max-snippet:-1, max-image-preview:large, max-video-preview:-1\" \/>\n<link rel=\"canonical\" href=\"https:\/\/www.legislapp.com.br\/index.php\/pdl-575-2020\/\" \/>\n<meta property=\"og:locale\" content=\"pt_BR\" \/>\n<meta property=\"og:type\" content=\"article\" \/>\n<meta property=\"og:title\" content=\"PDL 575\/2020 - Legislapp\" \/>\n<meta property=\"og:description\" content=\"C\u00e2mara &#8211; Autoria de AFONSO ANTUNES DA MOTTA Susta o art. 3\u00ba, o art. 104, o \u00a7 1\u00ba do art. 107 e o art. 109 do Decreto n\u00ba 8.058, de 26 de julho de 2013, e a Portaria n\u00ba 13, de 29 de janeiro de 2020, da Secretaria de Com\u00e9rcio Exterior da Secretaria Especial de [&hellip;]\" \/>\n<meta property=\"og:url\" content=\"https:\/\/www.legislapp.com.br\/index.php\/pdl-575-2020\/\" \/>\n<meta property=\"og:site_name\" content=\"Legislapp\" \/>\n<meta property=\"article:publisher\" content=\"https:\/\/www.instagram.com\/legislapp\/\" \/>\n<meta property=\"og:image\" content=\"https:\/\/www.camara.leg.br\/internet\/deputado\/bandep\/178835.jpg\" \/>\n<meta name=\"twitter:card\" content=\"summary_large_image\" \/>\n<meta name=\"twitter:label1\" content=\"Est. tempo de leitura\" \/>\n\t<meta name=\"twitter:data1\" content=\"1 minuto\" \/>\n<script type=\"application\/ld+json\" class=\"yoast-schema-graph\">{\"@context\":\"https:\/\/schema.org\",\"@graph\":[{\"@type\":\"WebPage\",\"@id\":\"https:\/\/www.legislapp.com.br\/index.php\/pdl-575-2020\/\",\"url\":\"https:\/\/www.legislapp.com.br\/index.php\/pdl-575-2020\/\",\"name\":\"PDL 575\/2020 - Legislapp\",\"isPartOf\":{\"@id\":\"https:\/\/www.legislapp.com.br\/#website\"},\"primaryImageOfPage\":{\"@id\":\"https:\/\/www.legislapp.com.br\/index.php\/pdl-575-2020\/#primaryimage\"},\"image\":{\"@id\":\"https:\/\/www.legislapp.com.br\/index.php\/pdl-575-2020\/#primaryimage\"},\"thumbnailUrl\":\"https:\/\/www.camara.leg.br\/internet\/deputado\/bandep\/178835.jpg\",\"datePublished\":\"2023-06-08T10:23:59+00:00\",\"breadcrumb\":{\"@id\":\"https:\/\/www.legislapp.com.br\/index.php\/pdl-575-2020\/#breadcrumb\"},\"inLanguage\":\"pt-BR\",\"potentialAction\":[{\"@type\":\"ReadAction\",\"target\":[\"https:\/\/www.legislapp.com.br\/index.php\/pdl-575-2020\/\"]}]},{\"@type\":\"ImageObject\",\"inLanguage\":\"pt-BR\",\"@id\":\"https:\/\/www.legislapp.com.br\/index.php\/pdl-575-2020\/#primaryimage\",\"url\":\"https:\/\/www.camara.leg.br\/internet\/deputado\/bandep\/178835.jpg\",\"contentUrl\":\"https:\/\/www.camara.leg.br\/internet\/deputado\/bandep\/178835.jpg\"},{\"@type\":\"BreadcrumbList\",\"@id\":\"https:\/\/www.legislapp.com.br\/index.php\/pdl-575-2020\/#breadcrumb\",\"itemListElement\":[{\"@type\":\"ListItem\",\"position\":1,\"name\":\"In\u00edcio\",\"item\":\"https:\/\/www.legislapp.com.br\/\"},{\"@type\":\"ListItem\",\"position\":2,\"name\":\"PDL 575\/2020\"}]},{\"@type\":\"WebSite\",\"@id\":\"https:\/\/www.legislapp.com.br\/#website\",\"url\":\"https:\/\/www.legislapp.com.br\/\",\"name\":\"Legislapp\",\"description\":\"Intelig\u00eancia governamental em tempo real\",\"publisher\":{\"@id\":\"https:\/\/www.legislapp.com.br\/#organization\"},\"potentialAction\":[{\"@type\":\"SearchAction\",\"target\":{\"@type\":\"EntryPoint\",\"urlTemplate\":\"https:\/\/www.legislapp.com.br\/?s={search_term_string}\"},\"query-input\":{\"@type\":\"PropertyValueSpecification\",\"valueRequired\":true,\"valueName\":\"search_term_string\"}}],\"inLanguage\":\"pt-BR\"},{\"@type\":\"Organization\",\"@id\":\"https:\/\/www.legislapp.com.br\/#organization\",\"name\":\"Legislapp Monitoramento e Intelig\u00eancia Governamental\",\"url\":\"https:\/\/www.legislapp.com.br\/\",\"logo\":{\"@type\":\"ImageObject\",\"inLanguage\":\"pt-BR\",\"@id\":\"https:\/\/www.legislapp.com.br\/#\/schema\/logo\/image\/\",\"url\":\"https:\/\/www.legislapp.com.br\/wp-content\/uploads\/icon.png\",\"contentUrl\":\"https:\/\/www.legislapp.com.br\/wp-content\/uploads\/icon.png\",\"width\":1024,\"height\":1024,\"caption\":\"Legislapp Monitoramento e Intelig\u00eancia Governamental\"},\"image\":{\"@id\":\"https:\/\/www.legislapp.com.br\/#\/schema\/logo\/image\/\"},\"sameAs\":[\"https:\/\/www.instagram.com\/legislapp\/\"]}]}<\/script>\n<!-- \/ Yoast SEO plugin. -->","yoast_head_json":{"title":"PDL 575\/2020 - Legislapp","robots":{"index":"index","follow":"follow","max-snippet":"max-snippet:-1","max-image-preview":"max-image-preview:large","max-video-preview":"max-video-preview:-1"},"canonical":"https:\/\/www.legislapp.com.br\/index.php\/pdl-575-2020\/","og_locale":"pt_BR","og_type":"article","og_title":"PDL 575\/2020 - Legislapp","og_description":"C\u00e2mara &#8211; Autoria de AFONSO ANTUNES DA MOTTA Susta o art. 3\u00ba, o art. 104, o \u00a7 1\u00ba do art. 107 e o art. 109 do Decreto n\u00ba 8.058, de 26 de julho de 2013, e a Portaria n\u00ba 13, de 29 de janeiro de 2020, da Secretaria de Com\u00e9rcio Exterior da Secretaria Especial de [&hellip;]","og_url":"https:\/\/www.legislapp.com.br\/index.php\/pdl-575-2020\/","og_site_name":"Legislapp","article_publisher":"https:\/\/www.instagram.com\/legislapp\/","og_image":[{"url":"https:\/\/www.camara.leg.br\/internet\/deputado\/bandep\/178835.jpg","type":"","width":"","height":""}],"twitter_card":"summary_large_image","twitter_misc":{"Est. tempo de leitura":"1 minuto"},"schema":{"@context":"https:\/\/schema.org","@graph":[{"@type":"WebPage","@id":"https:\/\/www.legislapp.com.br\/index.php\/pdl-575-2020\/","url":"https:\/\/www.legislapp.com.br\/index.php\/pdl-575-2020\/","name":"PDL 575\/2020 - Legislapp","isPartOf":{"@id":"https:\/\/www.legislapp.com.br\/#website"},"primaryImageOfPage":{"@id":"https:\/\/www.legislapp.com.br\/index.php\/pdl-575-2020\/#primaryimage"},"image":{"@id":"https:\/\/www.legislapp.com.br\/index.php\/pdl-575-2020\/#primaryimage"},"thumbnailUrl":"https:\/\/www.camara.leg.br\/internet\/deputado\/bandep\/178835.jpg","datePublished":"2023-06-08T10:23:59+00:00","breadcrumb":{"@id":"https:\/\/www.legislapp.com.br\/index.php\/pdl-575-2020\/#breadcrumb"},"inLanguage":"pt-BR","potentialAction":[{"@type":"ReadAction","target":["https:\/\/www.legislapp.com.br\/index.php\/pdl-575-2020\/"]}]},{"@type":"ImageObject","inLanguage":"pt-BR","@id":"https:\/\/www.legislapp.com.br\/index.php\/pdl-575-2020\/#primaryimage","url":"https:\/\/www.camara.leg.br\/internet\/deputado\/bandep\/178835.jpg","contentUrl":"https:\/\/www.camara.leg.br\/internet\/deputado\/bandep\/178835.jpg"},{"@type":"BreadcrumbList","@id":"https:\/\/www.legislapp.com.br\/index.php\/pdl-575-2020\/#breadcrumb","itemListElement":[{"@type":"ListItem","position":1,"name":"In\u00edcio","item":"https:\/\/www.legislapp.com.br\/"},{"@type":"ListItem","position":2,"name":"PDL 575\/2020"}]},{"@type":"WebSite","@id":"https:\/\/www.legislapp.com.br\/#website","url":"https:\/\/www.legislapp.com.br\/","name":"Legislapp","description":"Intelig\u00eancia governamental em tempo real","publisher":{"@id":"https:\/\/www.legislapp.com.br\/#organization"},"potentialAction":[{"@type":"SearchAction","target":{"@type":"EntryPoint","urlTemplate":"https:\/\/www.legislapp.com.br\/?s={search_term_string}"},"query-input":{"@type":"PropertyValueSpecification","valueRequired":true,"valueName":"search_term_string"}}],"inLanguage":"pt-BR"},{"@type":"Organization","@id":"https:\/\/www.legislapp.com.br\/#organization","name":"Legislapp Monitoramento e Intelig\u00eancia Governamental","url":"https:\/\/www.legislapp.com.br\/","logo":{"@type":"ImageObject","inLanguage":"pt-BR","@id":"https:\/\/www.legislapp.com.br\/#\/schema\/logo\/image\/","url":"https:\/\/www.legislapp.com.br\/wp-content\/uploads\/icon.png","contentUrl":"https:\/\/www.legislapp.com.br\/wp-content\/uploads\/icon.png","width":1024,"height":1024,"caption":"Legislapp Monitoramento e Intelig\u00eancia Governamental"},"image":{"@id":"https:\/\/www.legislapp.com.br\/#\/schema\/logo\/image\/"},"sameAs":["https:\/\/www.instagram.com\/legislapp\/"]}]}},"_links":{"self":[{"href":"https:\/\/www.legislapp.com.br\/index.php\/wp-json\/wp\/v2\/pages\/1444","targetHints":{"allow":["GET"]}}],"collection":[{"href":"https:\/\/www.legislapp.com.br\/index.php\/wp-json\/wp\/v2\/pages"}],"about":[{"href":"https:\/\/www.legislapp.com.br\/index.php\/wp-json\/wp\/v2\/types\/page"}],"author":[{"embeddable":true,"href":"https:\/\/www.legislapp.com.br\/index.php\/wp-json\/wp\/v2\/users\/1"}],"replies":[{"embeddable":true,"href":"https:\/\/www.legislapp.com.br\/index.php\/wp-json\/wp\/v2\/comments?post=1444"}],"version-history":[{"count":0,"href":"https:\/\/www.legislapp.com.br\/index.php\/wp-json\/wp\/v2\/pages\/1444\/revisions"}],"wp:attachment":[{"href":"https:\/\/www.legislapp.com.br\/index.php\/wp-json\/wp\/v2\/media?parent=1444"}],"curies":[{"name":"wp","href":"https:\/\/api.w.org\/{rel}","templated":true}]}}