{"id":1475,"date":"2023-06-08T07:25:06","date_gmt":"2023-06-08T10:25:06","guid":{"rendered":"https:\/\/www.legislapp.com.br\/index.php\/pl-412-2022\/"},"modified":"2023-06-08T07:25:06","modified_gmt":"2023-06-08T10:25:06","slug":"pl-412-2022","status":"publish","type":"page","link":"https:\/\/www.legislapp.com.br\/index.php\/pl-412-2022\/","title":{"rendered":"PL 412\/2022"},"content":{"rendered":"<h1 style='text-align: center;'>Senado &#8211; Autoria de Senador Chiquinho Feitosa (DEM\/CE)<\/h3>\n<p><\/p>\n<article>Regulamenta o Mercado Brasileiro de Redu\u00e7\u00e3o de Emiss\u00f5es (MBRE), previsto pela Lei n\u00ba 12.187, de 29 de dezembro de 2009, e altera as Leis n\u00bas 11.284, de 2 de mar\u00e7o de 2006; 12.187 de 29 de dezembro de 2009; e 13.493 de 17 de outubro de 2017.<\/article>\n<p><a href='https:\/\/app.legislapp.com.br\/#\/busca?termo=CRIA\u00c7\u00c3O'>CRIA\u00c7\u00c3O<\/a>, <a href='https:\/\/app.legislapp.com.br\/#\/busca?termo=LEI FEDERAL'>LEI FEDERAL<\/a>, <a href='https:\/\/app.legislapp.com.br\/#\/busca?termo=REGULAMENTA\u00c7\u00c3O'>REGULAMENTA\u00c7\u00c3O<\/a>, <a href='https:\/\/app.legislapp.com.br\/#\/busca?termo=MERCADO'>MERCADO<\/a>, <a href='https:\/\/app.legislapp.com.br\/#\/busca?termo=REDU\u00c7\u00c3O'>REDU\u00c7\u00c3O<\/a>, <a href='https:\/\/app.legislapp.com.br\/#\/busca?termo=EMISS\u00c3O'>EMISS\u00c3O<\/a>, <a href='https:\/\/app.legislapp.com.br\/#\/busca?termo=BOLSA DE FUTURO'>BOLSA DE FUTURO<\/a>, <a href='https:\/\/app.legislapp.com.br\/#\/busca?termo=BOLSA DE MERCADORIAS'>BOLSA DE MERCADORIAS<\/a>, <a href='https:\/\/app.legislapp.com.br\/#\/busca?termo=BOLSA DE VALORES'>BOLSA DE VALORES<\/a>, <a href='https:\/\/app.legislapp.com.br\/#\/busca?termo=NEGOCIA\u00c7\u00c3O'>NEGOCIA\u00c7\u00c3O<\/a>, <a href='https:\/\/app.legislapp.com.br\/#\/busca?termo=TITULO MOBILIARIO'>TITULO MOBILIARIO<\/a>, <a href='https:\/\/app.legislapp.com.br\/#\/busca?termo=CREDITOS'>CREDITOS<\/a>, <a href='https:\/\/app.legislapp.com.br\/#\/busca?termo=GAS CARBONICO'>GAS CARBONICO<\/a>, <a href='https:\/\/app.legislapp.com.br\/#\/busca?termo=EFEITO ESTUFA'>EFEITO ESTUFA<\/a>, <a href='https:\/\/app.legislapp.com.br\/#\/busca?termo=INSTRUMENTO'>INSTRUMENTO<\/a>, <a href='https:\/\/app.legislapp.com.br\/#\/busca?termo=IMPLANTA\u00c7\u00c3O'>IMPLANTA\u00c7\u00c3O<\/a>, <a href='https:\/\/app.legislapp.com.br\/#\/busca?termo=GEST\u00c3O .'>GEST\u00c3O .<\/a><\/p>\n<div style=\"text-align: center\">\n      <img decoding=\"async\" style=\"width: 14%;\" src=\"https:\/\/legislapp.com.br\/wp-content\/uploads\/2021\/07\/Logo-Legislapp-1-03-1.png\"><br \/>\n      <\/p>\n<div style=\"margin-bottom: 20px;\" class=\"et_pb_button_module_wrapper et_pb_button_5_tb_body_wrapper et_pb_button_alignment_center et_pb_module \">\n         <a class=\"et_pb_button et_pb_button_5_tb_body et_hover_enabled et_pb_bg_layout_dark\" style=\"width: 50%;background-color: black;\" href=\"https:\/\/app.legislapp.com.br\" target=\"_blank\" rel=\"noopener\">Visualizar completo na nossa plataforma (30 dias gr\u00e1tis)<\/a><\/p><\/div>\n<p>      <a href=\"https:\/\/play.google.com\/store\/apps\/details?id=br.com.legislapp\"><img decoding=\"async\" style=\"width: 15%; min-width: 130px;\" src=\"https:\/\/legislapp.com.br\/wp-content\/uploads\/google-play.png\"><\/a><br \/>\n      <a href=\"https:\/\/apps.apple.com\/us\/app\/legislapp\/id1568929859\"><img decoding=\"async\" style=\"width: 15%; min-width: 130px\" src=\"https:\/\/legislapp.com.br\/wp-content\/uploads\/apple-store.png\"><\/a>\n   <\/div>\n","protected":false},"excerpt":{"rendered":"<p>Senado &#8211; Autoria de Senador Chiquinho Feitosa (DEM\/CE) Regulamenta o Mercado Brasileiro de Redu\u00e7\u00e3o de Emiss\u00f5es (MBRE), previsto pela Lei n\u00ba 12.187, de 29 de dezembro de 2009, e altera as Leis n\u00bas 11.284, de 2 de mar\u00e7o de 2006; 12.187 de 29 de dezembro de 2009; e 13.493 de 17 de outubro de 2017. [&hellip;]<\/p>\n","protected":false},"author":1,"featured_media":0,"parent":0,"menu_order":0,"comment_status":"closed","ping_status":"closed","template":"page-template-blank.php","meta":{"_et_pb_use_builder":"","_et_pb_old_content":"","_et_gb_content_width":"1080","ngg_post_thumbnail":0,"footnotes":""},"class_list":["post-1475","page","type-page","status-publish","hentry"],"yoast_head":"<!-- This site is optimized with the Yoast SEO plugin v24.4 - https:\/\/yoast.com\/wordpress\/plugins\/seo\/ -->\n<title>PL 412\/2022 - Legislapp<\/title>\n<meta name=\"robots\" content=\"index, follow, max-snippet:-1, max-image-preview:large, max-video-preview:-1\" \/>\n<link rel=\"canonical\" href=\"https:\/\/www.legislapp.com.br\/index.php\/pl-412-2022\/\" \/>\n<meta property=\"og:locale\" content=\"pt_BR\" \/>\n<meta property=\"og:type\" content=\"article\" \/>\n<meta property=\"og:title\" content=\"PL 412\/2022 - Legislapp\" \/>\n<meta property=\"og:description\" content=\"Senado &#8211; Autoria de Senador Chiquinho Feitosa (DEM\/CE) Regulamenta o Mercado Brasileiro de Redu\u00e7\u00e3o de Emiss\u00f5es (MBRE), previsto pela Lei n\u00ba 12.187, de 29 de dezembro de 2009, e altera as Leis n\u00bas 11.284, de 2 de mar\u00e7o de 2006; 12.187 de 29 de dezembro de 2009; e 13.493 de 17 de outubro de 2017. [&hellip;]\" \/>\n<meta property=\"og:url\" content=\"https:\/\/www.legislapp.com.br\/index.php\/pl-412-2022\/\" \/>\n<meta property=\"og:site_name\" content=\"Legislapp\" \/>\n<meta property=\"article:publisher\" content=\"https:\/\/www.instagram.com\/legislapp\/\" \/>\n<meta property=\"og:image\" content=\"https:\/\/legislapp.com.br\/wp-content\/uploads\/2021\/07\/Logo-Legislapp-1-03-1.png\" \/>\n<meta name=\"twitter:card\" content=\"summary_large_image\" \/>\n<script type=\"application\/ld+json\" class=\"yoast-schema-graph\">{\"@context\":\"https:\/\/schema.org\",\"@graph\":[{\"@type\":\"WebPage\",\"@id\":\"https:\/\/www.legislapp.com.br\/index.php\/pl-412-2022\/\",\"url\":\"https:\/\/www.legislapp.com.br\/index.php\/pl-412-2022\/\",\"name\":\"PL 412\/2022 - Legislapp\",\"isPartOf\":{\"@id\":\"https:\/\/www.legislapp.com.br\/#website\"},\"primaryImageOfPage\":{\"@id\":\"https:\/\/www.legislapp.com.br\/index.php\/pl-412-2022\/#primaryimage\"},\"image\":{\"@id\":\"https:\/\/www.legislapp.com.br\/index.php\/pl-412-2022\/#primaryimage\"},\"thumbnailUrl\":\"https:\/\/legislapp.com.br\/wp-content\/uploads\/2021\/07\/Logo-Legislapp-1-03-1.png\",\"datePublished\":\"2023-06-08T10:25:06+00:00\",\"breadcrumb\":{\"@id\":\"https:\/\/www.legislapp.com.br\/index.php\/pl-412-2022\/#breadcrumb\"},\"inLanguage\":\"pt-BR\",\"potentialAction\":[{\"@type\":\"ReadAction\",\"target\":[\"https:\/\/www.legislapp.com.br\/index.php\/pl-412-2022\/\"]}]},{\"@type\":\"ImageObject\",\"inLanguage\":\"pt-BR\",\"@id\":\"https:\/\/www.legislapp.com.br\/index.php\/pl-412-2022\/#primaryimage\",\"url\":\"https:\/\/legislapp.com.br\/wp-content\/uploads\/2021\/07\/Logo-Legislapp-1-03-1.png\",\"contentUrl\":\"https:\/\/legislapp.com.br\/wp-content\/uploads\/2021\/07\/Logo-Legislapp-1-03-1.png\"},{\"@type\":\"BreadcrumbList\",\"@id\":\"https:\/\/www.legislapp.com.br\/index.php\/pl-412-2022\/#breadcrumb\",\"itemListElement\":[{\"@type\":\"ListItem\",\"position\":1,\"name\":\"In\u00edcio\",\"item\":\"https:\/\/www.legislapp.com.br\/\"},{\"@type\":\"ListItem\",\"position\":2,\"name\":\"PL 412\/2022\"}]},{\"@type\":\"WebSite\",\"@id\":\"https:\/\/www.legislapp.com.br\/#website\",\"url\":\"https:\/\/www.legislapp.com.br\/\",\"name\":\"Legislapp\",\"description\":\"Intelig\u00eancia governamental em tempo real\",\"publisher\":{\"@id\":\"https:\/\/www.legislapp.com.br\/#organization\"},\"potentialAction\":[{\"@type\":\"SearchAction\",\"target\":{\"@type\":\"EntryPoint\",\"urlTemplate\":\"https:\/\/www.legislapp.com.br\/?s={search_term_string}\"},\"query-input\":{\"@type\":\"PropertyValueSpecification\",\"valueRequired\":true,\"valueName\":\"search_term_string\"}}],\"inLanguage\":\"pt-BR\"},{\"@type\":\"Organization\",\"@id\":\"https:\/\/www.legislapp.com.br\/#organization\",\"name\":\"Legislapp Monitoramento e Intelig\u00eancia Governamental\",\"url\":\"https:\/\/www.legislapp.com.br\/\",\"logo\":{\"@type\":\"ImageObject\",\"inLanguage\":\"pt-BR\",\"@id\":\"https:\/\/www.legislapp.com.br\/#\/schema\/logo\/image\/\",\"url\":\"https:\/\/www.legislapp.com.br\/wp-content\/uploads\/icon.png\",\"contentUrl\":\"https:\/\/www.legislapp.com.br\/wp-content\/uploads\/icon.png\",\"width\":1024,\"height\":1024,\"caption\":\"Legislapp Monitoramento e Intelig\u00eancia Governamental\"},\"image\":{\"@id\":\"https:\/\/www.legislapp.com.br\/#\/schema\/logo\/image\/\"},\"sameAs\":[\"https:\/\/www.instagram.com\/legislapp\/\"]}]}<\/script>\n<!-- \/ Yoast SEO plugin. -->","yoast_head_json":{"title":"PL 412\/2022 - Legislapp","robots":{"index":"index","follow":"follow","max-snippet":"max-snippet:-1","max-image-preview":"max-image-preview:large","max-video-preview":"max-video-preview:-1"},"canonical":"https:\/\/www.legislapp.com.br\/index.php\/pl-412-2022\/","og_locale":"pt_BR","og_type":"article","og_title":"PL 412\/2022 - Legislapp","og_description":"Senado &#8211; Autoria de Senador Chiquinho Feitosa (DEM\/CE) Regulamenta o Mercado Brasileiro de Redu\u00e7\u00e3o de Emiss\u00f5es (MBRE), previsto pela Lei n\u00ba 12.187, de 29 de dezembro de 2009, e altera as Leis n\u00bas 11.284, de 2 de mar\u00e7o de 2006; 12.187 de 29 de dezembro de 2009; e 13.493 de 17 de outubro de 2017. [&hellip;]","og_url":"https:\/\/www.legislapp.com.br\/index.php\/pl-412-2022\/","og_site_name":"Legislapp","article_publisher":"https:\/\/www.instagram.com\/legislapp\/","og_image":[{"url":"https:\/\/legislapp.com.br\/wp-content\/uploads\/2021\/07\/Logo-Legislapp-1-03-1.png","type":"","width":"","height":""}],"twitter_card":"summary_large_image","schema":{"@context":"https:\/\/schema.org","@graph":[{"@type":"WebPage","@id":"https:\/\/www.legislapp.com.br\/index.php\/pl-412-2022\/","url":"https:\/\/www.legislapp.com.br\/index.php\/pl-412-2022\/","name":"PL 412\/2022 - Legislapp","isPartOf":{"@id":"https:\/\/www.legislapp.com.br\/#website"},"primaryImageOfPage":{"@id":"https:\/\/www.legislapp.com.br\/index.php\/pl-412-2022\/#primaryimage"},"image":{"@id":"https:\/\/www.legislapp.com.br\/index.php\/pl-412-2022\/#primaryimage"},"thumbnailUrl":"https:\/\/legislapp.com.br\/wp-content\/uploads\/2021\/07\/Logo-Legislapp-1-03-1.png","datePublished":"2023-06-08T10:25:06+00:00","breadcrumb":{"@id":"https:\/\/www.legislapp.com.br\/index.php\/pl-412-2022\/#breadcrumb"},"inLanguage":"pt-BR","potentialAction":[{"@type":"ReadAction","target":["https:\/\/www.legislapp.com.br\/index.php\/pl-412-2022\/"]}]},{"@type":"ImageObject","inLanguage":"pt-BR","@id":"https:\/\/www.legislapp.com.br\/index.php\/pl-412-2022\/#primaryimage","url":"https:\/\/legislapp.com.br\/wp-content\/uploads\/2021\/07\/Logo-Legislapp-1-03-1.png","contentUrl":"https:\/\/legislapp.com.br\/wp-content\/uploads\/2021\/07\/Logo-Legislapp-1-03-1.png"},{"@type":"BreadcrumbList","@id":"https:\/\/www.legislapp.com.br\/index.php\/pl-412-2022\/#breadcrumb","itemListElement":[{"@type":"ListItem","position":1,"name":"In\u00edcio","item":"https:\/\/www.legislapp.com.br\/"},{"@type":"ListItem","position":2,"name":"PL 412\/2022"}]},{"@type":"WebSite","@id":"https:\/\/www.legislapp.com.br\/#website","url":"https:\/\/www.legislapp.com.br\/","name":"Legislapp","description":"Intelig\u00eancia governamental em tempo real","publisher":{"@id":"https:\/\/www.legislapp.com.br\/#organization"},"potentialAction":[{"@type":"SearchAction","target":{"@type":"EntryPoint","urlTemplate":"https:\/\/www.legislapp.com.br\/?s={search_term_string}"},"query-input":{"@type":"PropertyValueSpecification","valueRequired":true,"valueName":"search_term_string"}}],"inLanguage":"pt-BR"},{"@type":"Organization","@id":"https:\/\/www.legislapp.com.br\/#organization","name":"Legislapp Monitoramento e Intelig\u00eancia Governamental","url":"https:\/\/www.legislapp.com.br\/","logo":{"@type":"ImageObject","inLanguage":"pt-BR","@id":"https:\/\/www.legislapp.com.br\/#\/schema\/logo\/image\/","url":"https:\/\/www.legislapp.com.br\/wp-content\/uploads\/icon.png","contentUrl":"https:\/\/www.legislapp.com.br\/wp-content\/uploads\/icon.png","width":1024,"height":1024,"caption":"Legislapp Monitoramento e Intelig\u00eancia Governamental"},"image":{"@id":"https:\/\/www.legislapp.com.br\/#\/schema\/logo\/image\/"},"sameAs":["https:\/\/www.instagram.com\/legislapp\/"]}]}},"_links":{"self":[{"href":"https:\/\/www.legislapp.com.br\/index.php\/wp-json\/wp\/v2\/pages\/1475","targetHints":{"allow":["GET"]}}],"collection":[{"href":"https:\/\/www.legislapp.com.br\/index.php\/wp-json\/wp\/v2\/pages"}],"about":[{"href":"https:\/\/www.legislapp.com.br\/index.php\/wp-json\/wp\/v2\/types\/page"}],"author":[{"embeddable":true,"href":"https:\/\/www.legislapp.com.br\/index.php\/wp-json\/wp\/v2\/users\/1"}],"replies":[{"embeddable":true,"href":"https:\/\/www.legislapp.com.br\/index.php\/wp-json\/wp\/v2\/comments?post=1475"}],"version-history":[{"count":0,"href":"https:\/\/www.legislapp.com.br\/index.php\/wp-json\/wp\/v2\/pages\/1475\/revisions"}],"wp:attachment":[{"href":"https:\/\/www.legislapp.com.br\/index.php\/wp-json\/wp\/v2\/media?parent=1475"}],"curies":[{"name":"wp","href":"https:\/\/api.w.org\/{rel}","templated":true}]}}