{"id":1572,"date":"2023-06-08T07:28:33","date_gmt":"2023-06-08T10:28:33","guid":{"rendered":"https:\/\/www.legislapp.com.br\/index.php\/pdl-169-2022\/"},"modified":"2023-06-08T07:28:33","modified_gmt":"2023-06-08T10:28:33","slug":"pdl-169-2022","status":"publish","type":"page","link":"https:\/\/www.legislapp.com.br\/index.php\/pdl-169-2022\/","title":{"rendered":"PDL 169\/2022"},"content":{"rendered":"<h1 style='text-align: center;'>C\u00e2mara &#8211; Autoria de Representa\u00e7\u00e3o Brasileira no Parlamento do Mercosul<\/h3>\n<p><\/p>\n<article>Aprova o texto do Primeiro Protocolo Adicional ao &#8220;Acordo de Complementa\u00e7\u00e3o Econ\u00f4mica entre os Governos da Rep\u00fablica Argentina, da Rep\u00fablica Federativa do Brasil, da Rep\u00fablica do Paraguai e da Rep\u00fablica Oriental do Uruguai, Estados Partes do Mercosul, e o Governo da Rep\u00fablica da Col\u00f4mbia&#8221;, assinado na cidade de Puerto Vallarta, M\u00e9xico, em 23 de julho de 2018.<\/article>\n<p><a href='https:\/\/app.legislapp.com.br\/#\/busca?termo=Aprova\u00e7\u00e3o'>Aprova\u00e7\u00e3o<\/a>, <a href='https:\/\/app.legislapp.com.br\/#\/busca?termo=ato internacional'>ato internacional<\/a>, <a href='https:\/\/app.legislapp.com.br\/#\/busca?termo=Protocolo complementar'>Protocolo complementar<\/a>, <a href='https:\/\/app.legislapp.com.br\/#\/busca?termo=Acordo de Complementa\u00e7\u00e3o Econ\u00f4mica n\u00ba 72'>Acordo de Complementa\u00e7\u00e3o Econ\u00f4mica n\u00ba 72<\/a>, <a href='https:\/\/app.legislapp.com.br\/#\/busca?termo=entre os Governos da Rep\u00fablica Argentina'>entre os Governos da Rep\u00fablica Argentina<\/a>, <a href='https:\/\/app.legislapp.com.br\/#\/busca?termo=da Rep\u00fablica Federativa do Brasil'>da Rep\u00fablica Federativa do Brasil<\/a>, <a href='https:\/\/app.legislapp.com.br\/#\/busca?termo=da Rep\u00fablica do Paraguai e da Rep\u00fablica Oriental do Uruguai'>da Rep\u00fablica do Paraguai e da Rep\u00fablica Oriental do Uruguai<\/a>, <a href='https:\/\/app.legislapp.com.br\/#\/busca?termo=Estados Partes do Mercosul'>Estados Partes do Mercosul<\/a>, <a href='https:\/\/app.legislapp.com.br\/#\/busca?termo=e o Governo da Rep\u00fablica da Col\u00f4mbia (2018)'>e o Governo da Rep\u00fablica da Col\u00f4mbia (2018)<\/a>, <a href='https:\/\/app.legislapp.com.br\/#\/busca?termo=Argentina'>Argentina<\/a>, <a href='https:\/\/app.legislapp.com.br\/#\/busca?termo=Brasil'>Brasil<\/a>, <a href='https:\/\/app.legislapp.com.br\/#\/busca?termo=Paraguai'>Paraguai<\/a>, <a href='https:\/\/app.legislapp.com.br\/#\/busca?termo=Uruguai'>Uruguai<\/a>, <a href='https:\/\/app.legislapp.com.br\/#\/busca?termo=Col\u00f4mbia'>Col\u00f4mbia<\/a>, <a href='https:\/\/app.legislapp.com.br\/#\/busca?termo=coopera\u00e7\u00e3o internacional'>coopera\u00e7\u00e3o internacional<\/a>, <a href='https:\/\/app.legislapp.com.br\/#\/busca?termo=liberaliza\u00e7\u00e3o comercial'>liberaliza\u00e7\u00e3o comercial<\/a>, <a href='https:\/\/app.legislapp.com.br\/#\/busca?termo=com\u00e9rcio'>com\u00e9rcio<\/a>, <a href='https:\/\/app.legislapp.com.br\/#\/busca?termo=servi\u00e7os em conformidade.'>servi\u00e7os em conformidade.<\/a><\/p>\n<div style=\"text-align: center\">\n      <img decoding=\"async\" style=\"width: 14%;\" src=\"https:\/\/legislapp.com.br\/wp-content\/uploads\/2021\/07\/Logo-Legislapp-1-03-1.png\"><br \/>\n      <\/p>\n<div style=\"margin-bottom: 20px;\" class=\"et_pb_button_module_wrapper et_pb_button_5_tb_body_wrapper et_pb_button_alignment_center et_pb_module \">\n         <a class=\"et_pb_button et_pb_button_5_tb_body et_hover_enabled et_pb_bg_layout_dark\" style=\"width: 50%;background-color: black;\" href=\"https:\/\/app.legislapp.com.br\" target=\"_blank\" rel=\"noopener\">Visualizar completo na nossa plataforma (30 dias gr\u00e1tis)<\/a><\/p><\/div>\n<p>      <a href=\"https:\/\/play.google.com\/store\/apps\/details?id=br.com.legislapp\"><img decoding=\"async\" style=\"width: 15%; min-width: 130px;\" src=\"https:\/\/legislapp.com.br\/wp-content\/uploads\/google-play.png\"><\/a><br \/>\n      <a href=\"https:\/\/apps.apple.com\/us\/app\/legislapp\/id1568929859\"><img decoding=\"async\" style=\"width: 15%; min-width: 130px\" src=\"https:\/\/legislapp.com.br\/wp-content\/uploads\/apple-store.png\"><\/a>\n   <\/div>\n","protected":false},"excerpt":{"rendered":"<p>C\u00e2mara &#8211; Autoria de Representa\u00e7\u00e3o Brasileira no Parlamento do Mercosul Aprova o texto do Primeiro Protocolo Adicional ao &#8220;Acordo de Complementa\u00e7\u00e3o Econ\u00f4mica entre os Governos da Rep\u00fablica Argentina, da Rep\u00fablica Federativa do Brasil, da Rep\u00fablica do Paraguai e da Rep\u00fablica Oriental do Uruguai, Estados Partes do Mercosul, e o Governo da Rep\u00fablica da Col\u00f4mbia&#8221;, assinado [&hellip;]<\/p>\n","protected":false},"author":1,"featured_media":0,"parent":0,"menu_order":0,"comment_status":"closed","ping_status":"closed","template":"page-template-blank.php","meta":{"_et_pb_use_builder":"","_et_pb_old_content":"","_et_gb_content_width":"1080","ngg_post_thumbnail":0,"footnotes":""},"class_list":["post-1572","page","type-page","status-publish","hentry"],"yoast_head":"<!-- This site is optimized with the Yoast SEO plugin v24.4 - https:\/\/yoast.com\/wordpress\/plugins\/seo\/ -->\n<title>PDL 169\/2022 - Legislapp<\/title>\n<meta name=\"robots\" content=\"index, follow, max-snippet:-1, max-image-preview:large, max-video-preview:-1\" \/>\n<link rel=\"canonical\" href=\"https:\/\/www.legislapp.com.br\/index.php\/pdl-169-2022\/\" \/>\n<meta property=\"og:locale\" content=\"pt_BR\" \/>\n<meta property=\"og:type\" content=\"article\" \/>\n<meta property=\"og:title\" content=\"PDL 169\/2022 - Legislapp\" \/>\n<meta property=\"og:description\" content=\"C\u00e2mara &#8211; Autoria de Representa\u00e7\u00e3o Brasileira no Parlamento do Mercosul Aprova o texto do Primeiro Protocolo Adicional ao &#8220;Acordo de Complementa\u00e7\u00e3o Econ\u00f4mica entre os Governos da Rep\u00fablica Argentina, da Rep\u00fablica Federativa do Brasil, da Rep\u00fablica do Paraguai e da Rep\u00fablica Oriental do Uruguai, Estados Partes do Mercosul, e o Governo da Rep\u00fablica da Col\u00f4mbia&#8221;, assinado [&hellip;]\" \/>\n<meta property=\"og:url\" content=\"https:\/\/www.legislapp.com.br\/index.php\/pdl-169-2022\/\" \/>\n<meta property=\"og:site_name\" content=\"Legislapp\" \/>\n<meta property=\"article:publisher\" content=\"https:\/\/www.instagram.com\/legislapp\/\" \/>\n<meta property=\"og:image\" content=\"https:\/\/legislapp.com.br\/wp-content\/uploads\/2021\/07\/Logo-Legislapp-1-03-1.png\" \/>\n<meta name=\"twitter:card\" content=\"summary_large_image\" \/>\n<meta name=\"twitter:label1\" content=\"Est. tempo de leitura\" \/>\n\t<meta name=\"twitter:data1\" content=\"1 minuto\" \/>\n<script type=\"application\/ld+json\" class=\"yoast-schema-graph\">{\"@context\":\"https:\/\/schema.org\",\"@graph\":[{\"@type\":\"WebPage\",\"@id\":\"https:\/\/www.legislapp.com.br\/index.php\/pdl-169-2022\/\",\"url\":\"https:\/\/www.legislapp.com.br\/index.php\/pdl-169-2022\/\",\"name\":\"PDL 169\/2022 - Legislapp\",\"isPartOf\":{\"@id\":\"https:\/\/www.legislapp.com.br\/#website\"},\"primaryImageOfPage\":{\"@id\":\"https:\/\/www.legislapp.com.br\/index.php\/pdl-169-2022\/#primaryimage\"},\"image\":{\"@id\":\"https:\/\/www.legislapp.com.br\/index.php\/pdl-169-2022\/#primaryimage\"},\"thumbnailUrl\":\"https:\/\/legislapp.com.br\/wp-content\/uploads\/2021\/07\/Logo-Legislapp-1-03-1.png\",\"datePublished\":\"2023-06-08T10:28:33+00:00\",\"breadcrumb\":{\"@id\":\"https:\/\/www.legislapp.com.br\/index.php\/pdl-169-2022\/#breadcrumb\"},\"inLanguage\":\"pt-BR\",\"potentialAction\":[{\"@type\":\"ReadAction\",\"target\":[\"https:\/\/www.legislapp.com.br\/index.php\/pdl-169-2022\/\"]}]},{\"@type\":\"ImageObject\",\"inLanguage\":\"pt-BR\",\"@id\":\"https:\/\/www.legislapp.com.br\/index.php\/pdl-169-2022\/#primaryimage\",\"url\":\"https:\/\/legislapp.com.br\/wp-content\/uploads\/2021\/07\/Logo-Legislapp-1-03-1.png\",\"contentUrl\":\"https:\/\/legislapp.com.br\/wp-content\/uploads\/2021\/07\/Logo-Legislapp-1-03-1.png\"},{\"@type\":\"BreadcrumbList\",\"@id\":\"https:\/\/www.legislapp.com.br\/index.php\/pdl-169-2022\/#breadcrumb\",\"itemListElement\":[{\"@type\":\"ListItem\",\"position\":1,\"name\":\"In\u00edcio\",\"item\":\"https:\/\/www.legislapp.com.br\/\"},{\"@type\":\"ListItem\",\"position\":2,\"name\":\"PDL 169\/2022\"}]},{\"@type\":\"WebSite\",\"@id\":\"https:\/\/www.legislapp.com.br\/#website\",\"url\":\"https:\/\/www.legislapp.com.br\/\",\"name\":\"Legislapp\",\"description\":\"Intelig\u00eancia governamental em tempo real\",\"publisher\":{\"@id\":\"https:\/\/www.legislapp.com.br\/#organization\"},\"potentialAction\":[{\"@type\":\"SearchAction\",\"target\":{\"@type\":\"EntryPoint\",\"urlTemplate\":\"https:\/\/www.legislapp.com.br\/?s={search_term_string}\"},\"query-input\":{\"@type\":\"PropertyValueSpecification\",\"valueRequired\":true,\"valueName\":\"search_term_string\"}}],\"inLanguage\":\"pt-BR\"},{\"@type\":\"Organization\",\"@id\":\"https:\/\/www.legislapp.com.br\/#organization\",\"name\":\"Legislapp Monitoramento e Intelig\u00eancia Governamental\",\"url\":\"https:\/\/www.legislapp.com.br\/\",\"logo\":{\"@type\":\"ImageObject\",\"inLanguage\":\"pt-BR\",\"@id\":\"https:\/\/www.legislapp.com.br\/#\/schema\/logo\/image\/\",\"url\":\"https:\/\/www.legislapp.com.br\/wp-content\/uploads\/icon.png\",\"contentUrl\":\"https:\/\/www.legislapp.com.br\/wp-content\/uploads\/icon.png\",\"width\":1024,\"height\":1024,\"caption\":\"Legislapp Monitoramento e Intelig\u00eancia Governamental\"},\"image\":{\"@id\":\"https:\/\/www.legislapp.com.br\/#\/schema\/logo\/image\/\"},\"sameAs\":[\"https:\/\/www.instagram.com\/legislapp\/\"]}]}<\/script>\n<!-- \/ Yoast SEO plugin. -->","yoast_head_json":{"title":"PDL 169\/2022 - Legislapp","robots":{"index":"index","follow":"follow","max-snippet":"max-snippet:-1","max-image-preview":"max-image-preview:large","max-video-preview":"max-video-preview:-1"},"canonical":"https:\/\/www.legislapp.com.br\/index.php\/pdl-169-2022\/","og_locale":"pt_BR","og_type":"article","og_title":"PDL 169\/2022 - Legislapp","og_description":"C\u00e2mara &#8211; Autoria de Representa\u00e7\u00e3o Brasileira no Parlamento do Mercosul Aprova o texto do Primeiro Protocolo Adicional ao &#8220;Acordo de Complementa\u00e7\u00e3o Econ\u00f4mica entre os Governos da Rep\u00fablica Argentina, da Rep\u00fablica Federativa do Brasil, da Rep\u00fablica do Paraguai e da Rep\u00fablica Oriental do Uruguai, Estados Partes do Mercosul, e o Governo da Rep\u00fablica da Col\u00f4mbia&#8221;, assinado [&hellip;]","og_url":"https:\/\/www.legislapp.com.br\/index.php\/pdl-169-2022\/","og_site_name":"Legislapp","article_publisher":"https:\/\/www.instagram.com\/legislapp\/","og_image":[{"url":"https:\/\/legislapp.com.br\/wp-content\/uploads\/2021\/07\/Logo-Legislapp-1-03-1.png","type":"","width":"","height":""}],"twitter_card":"summary_large_image","twitter_misc":{"Est. tempo de leitura":"1 minuto"},"schema":{"@context":"https:\/\/schema.org","@graph":[{"@type":"WebPage","@id":"https:\/\/www.legislapp.com.br\/index.php\/pdl-169-2022\/","url":"https:\/\/www.legislapp.com.br\/index.php\/pdl-169-2022\/","name":"PDL 169\/2022 - Legislapp","isPartOf":{"@id":"https:\/\/www.legislapp.com.br\/#website"},"primaryImageOfPage":{"@id":"https:\/\/www.legislapp.com.br\/index.php\/pdl-169-2022\/#primaryimage"},"image":{"@id":"https:\/\/www.legislapp.com.br\/index.php\/pdl-169-2022\/#primaryimage"},"thumbnailUrl":"https:\/\/legislapp.com.br\/wp-content\/uploads\/2021\/07\/Logo-Legislapp-1-03-1.png","datePublished":"2023-06-08T10:28:33+00:00","breadcrumb":{"@id":"https:\/\/www.legislapp.com.br\/index.php\/pdl-169-2022\/#breadcrumb"},"inLanguage":"pt-BR","potentialAction":[{"@type":"ReadAction","target":["https:\/\/www.legislapp.com.br\/index.php\/pdl-169-2022\/"]}]},{"@type":"ImageObject","inLanguage":"pt-BR","@id":"https:\/\/www.legislapp.com.br\/index.php\/pdl-169-2022\/#primaryimage","url":"https:\/\/legislapp.com.br\/wp-content\/uploads\/2021\/07\/Logo-Legislapp-1-03-1.png","contentUrl":"https:\/\/legislapp.com.br\/wp-content\/uploads\/2021\/07\/Logo-Legislapp-1-03-1.png"},{"@type":"BreadcrumbList","@id":"https:\/\/www.legislapp.com.br\/index.php\/pdl-169-2022\/#breadcrumb","itemListElement":[{"@type":"ListItem","position":1,"name":"In\u00edcio","item":"https:\/\/www.legislapp.com.br\/"},{"@type":"ListItem","position":2,"name":"PDL 169\/2022"}]},{"@type":"WebSite","@id":"https:\/\/www.legislapp.com.br\/#website","url":"https:\/\/www.legislapp.com.br\/","name":"Legislapp","description":"Intelig\u00eancia governamental em tempo real","publisher":{"@id":"https:\/\/www.legislapp.com.br\/#organization"},"potentialAction":[{"@type":"SearchAction","target":{"@type":"EntryPoint","urlTemplate":"https:\/\/www.legislapp.com.br\/?s={search_term_string}"},"query-input":{"@type":"PropertyValueSpecification","valueRequired":true,"valueName":"search_term_string"}}],"inLanguage":"pt-BR"},{"@type":"Organization","@id":"https:\/\/www.legislapp.com.br\/#organization","name":"Legislapp Monitoramento e Intelig\u00eancia Governamental","url":"https:\/\/www.legislapp.com.br\/","logo":{"@type":"ImageObject","inLanguage":"pt-BR","@id":"https:\/\/www.legislapp.com.br\/#\/schema\/logo\/image\/","url":"https:\/\/www.legislapp.com.br\/wp-content\/uploads\/icon.png","contentUrl":"https:\/\/www.legislapp.com.br\/wp-content\/uploads\/icon.png","width":1024,"height":1024,"caption":"Legislapp Monitoramento e Intelig\u00eancia Governamental"},"image":{"@id":"https:\/\/www.legislapp.com.br\/#\/schema\/logo\/image\/"},"sameAs":["https:\/\/www.instagram.com\/legislapp\/"]}]}},"_links":{"self":[{"href":"https:\/\/www.legislapp.com.br\/index.php\/wp-json\/wp\/v2\/pages\/1572","targetHints":{"allow":["GET"]}}],"collection":[{"href":"https:\/\/www.legislapp.com.br\/index.php\/wp-json\/wp\/v2\/pages"}],"about":[{"href":"https:\/\/www.legislapp.com.br\/index.php\/wp-json\/wp\/v2\/types\/page"}],"author":[{"embeddable":true,"href":"https:\/\/www.legislapp.com.br\/index.php\/wp-json\/wp\/v2\/users\/1"}],"replies":[{"embeddable":true,"href":"https:\/\/www.legislapp.com.br\/index.php\/wp-json\/wp\/v2\/comments?post=1572"}],"version-history":[{"count":0,"href":"https:\/\/www.legislapp.com.br\/index.php\/wp-json\/wp\/v2\/pages\/1572\/revisions"}],"wp:attachment":[{"href":"https:\/\/www.legislapp.com.br\/index.php\/wp-json\/wp\/v2\/media?parent=1572"}],"curies":[{"name":"wp","href":"https:\/\/api.w.org\/{rel}","templated":true}]}}