{"id":2128,"date":"2023-06-12T10:40:21","date_gmt":"2023-06-12T13:40:21","guid":{"rendered":"https:\/\/www.legislapp.com.br\/index.php\/discurso-camara-15-12-2022-afonso-florence-pt-ba-2\/"},"modified":"2023-06-12T10:40:21","modified_gmt":"2023-06-12T13:40:21","slug":"discurso-camara-15-12-2022-afonso-florence-pt-ba-2","status":"publish","type":"page","link":"https:\/\/www.legislapp.com.br\/index.php\/discurso-camara-15-12-2022-afonso-florence-pt-ba-2\/","title":{"rendered":"Discurso de AFONSO FLORENCE, PT-BA"},"content":{"rendered":"<h1 style='text-align: center;'>quinta-feira, 15 de dezembro de 2022 &#8211; ORDEM DO DIA<\/h3>\n<p><\/p>\n<article>Sum\u00e1rio:&nbsp;Import\u00e2ncia de vota\u00e7\u00e3o da Proposta de Emenda \u00e0 Constitui\u00e7\u00e3o n\u00ba 32, de 2022, sobre a altera\u00e7\u00e3o do Ato das Disposi\u00e7\u00f5es Constitucionais Transit\u00f3rias, com vista \u00e0 implementa\u00e7\u00e3o do Programa Bolsa Fam\u00edlia e \u00e0 defini\u00e7\u00e3o das regras de transi\u00e7\u00e3o da Presid\u00eancia da Rep\u00fablica aplic\u00e1veis \u00e0 Lei Or\u00e7ament\u00e1ria de 2023. Retirada de pauta do Veto Parcial n\u00ba 46, de 2021, aposto ao Projeto de Lei n\u00ba 2.108, de 2021, (n\u00ba 2.462, 1991, na C\u00e2mara dos Deputados), sobre a inser\u00e7\u00e3o do T\u00edtulo XII na Parte Especial do Decreto-Lei n\u00ba 2.848, de 1940, (C\u00f3digo Penal), relativo aos crimes contra o Estado Democr\u00e1tico de Direito; a revoga\u00e7\u00e3o da Lei n\u00ba 7.170, de 1983, (Lei de Seguran\u00e7a Nacional), e de dispositivo do Decreto-Lei n\u00ba 3.688, de 1941, (Lei das Contraven\u00e7\u00f5es Penais). Retirada de pauta do Veto Parcial n\u00ba 51, de 2022, aposto ao Projeto de Lei n\u00ba 3.662, de 2021, sobre a transforma\u00e7\u00e3o de cargos vagos das carreiras de Auxiliar Judici\u00e1rio e de T\u00e9cnico Judici\u00e1rio em cargos vagos da carreira de Analista Judici\u00e1rio no Quadro Permanente do Tribunal de Justi\u00e7a do Distrito Federal e dos Territ\u00f3rios; e a altera\u00e7\u00e3o da Lei n\u00ba 11.416, de 2006, com vista \u00e0 exig\u00eancia de curso de ensino superior completo como requisito para investidura na carreira de T\u00e9cnico Judici\u00e1rio do Poder Judici\u00e1rio da Uni\u00e3o.<\/p>\n<\/article>\n<p><\/p>\n<div style=\"text-align: center\">\n      <img decoding=\"async\" style=\"width: 14%;\" src=\"https:\/\/legislapp.com.br\/wp-content\/uploads\/2021\/07\/Logo-Legislapp-1-03-1.png\"><br \/>\n      <\/p>\n<div style=\"margin-bottom: 20px;\" class=\"et_pb_button_module_wrapper et_pb_button_5_tb_body_wrapper et_pb_button_alignment_center et_pb_module \">\n         <a class=\"et_pb_button et_pb_button_5_tb_body et_hover_enabled et_pb_bg_layout_dark\" style=\"width: 50%;background-color: black;\" href=\"https:\/\/app.legislapp.com.br\" target=\"_blank\" rel=\"noopener\">Visualizar completo na nossa plataforma (30 dias gr\u00e1tis)<\/a><\/p><\/div>\n<p>      <a href=\"https:\/\/play.google.com\/store\/apps\/details?id=br.com.legislapp\"><img decoding=\"async\" style=\"width: 15%; min-width: 130px;\" src=\"https:\/\/legislapp.com.br\/wp-content\/uploads\/google-play.png\"><\/a><br \/>\n      <a href=\"https:\/\/apps.apple.com\/us\/app\/legislapp\/id1568929859\"><img decoding=\"async\" style=\"width: 15%; min-width: 130px\" src=\"https:\/\/legislapp.com.br\/wp-content\/uploads\/apple-store.png\"><\/a>\n   <\/div>\n","protected":false},"excerpt":{"rendered":"<p>quinta-feira, 15 de dezembro de 2022 &#8211; ORDEM DO DIA Sum\u00e1rio:&nbsp;Import\u00e2ncia de vota\u00e7\u00e3o da Proposta de Emenda \u00e0 Constitui\u00e7\u00e3o n\u00ba 32, de 2022, sobre a altera\u00e7\u00e3o do Ato das Disposi\u00e7\u00f5es Constitucionais Transit\u00f3rias, com vista \u00e0 implementa\u00e7\u00e3o do Programa Bolsa Fam\u00edlia e \u00e0 defini\u00e7\u00e3o das regras de transi\u00e7\u00e3o da Presid\u00eancia da Rep\u00fablica aplic\u00e1veis \u00e0 Lei Or\u00e7ament\u00e1ria [&hellip;]<\/p>\n","protected":false},"author":1,"featured_media":0,"parent":0,"menu_order":0,"comment_status":"closed","ping_status":"closed","template":"page-template-blank.php","meta":{"_et_pb_use_builder":"","_et_pb_old_content":"","_et_gb_content_width":"1080","ngg_post_thumbnail":0,"footnotes":""},"class_list":["post-2128","page","type-page","status-publish","hentry"],"yoast_head":"<!-- This site is optimized with the Yoast SEO plugin v24.4 - https:\/\/yoast.com\/wordpress\/plugins\/seo\/ -->\n<title>Discurso de AFONSO FLORENCE, PT-BA - Legislapp<\/title>\n<meta name=\"robots\" content=\"index, follow, max-snippet:-1, max-image-preview:large, max-video-preview:-1\" \/>\n<link rel=\"canonical\" href=\"https:\/\/www.legislapp.com.br\/index.php\/discurso-camara-15-12-2022-afonso-florence-pt-ba-2\/\" \/>\n<meta property=\"og:locale\" content=\"pt_BR\" \/>\n<meta property=\"og:type\" content=\"article\" \/>\n<meta property=\"og:title\" content=\"Discurso de AFONSO FLORENCE, PT-BA - Legislapp\" \/>\n<meta property=\"og:description\" content=\"quinta-feira, 15 de dezembro de 2022 &#8211; ORDEM DO DIA Sum\u00e1rio:&nbsp;Import\u00e2ncia de vota\u00e7\u00e3o da Proposta de Emenda \u00e0 Constitui\u00e7\u00e3o n\u00ba 32, de 2022, sobre a altera\u00e7\u00e3o do Ato das Disposi\u00e7\u00f5es Constitucionais Transit\u00f3rias, com vista \u00e0 implementa\u00e7\u00e3o do Programa Bolsa Fam\u00edlia e \u00e0 defini\u00e7\u00e3o das regras de transi\u00e7\u00e3o da Presid\u00eancia da Rep\u00fablica aplic\u00e1veis \u00e0 Lei Or\u00e7ament\u00e1ria [&hellip;]\" \/>\n<meta property=\"og:url\" content=\"https:\/\/www.legislapp.com.br\/index.php\/discurso-camara-15-12-2022-afonso-florence-pt-ba-2\/\" \/>\n<meta property=\"og:site_name\" content=\"Legislapp\" \/>\n<meta property=\"article:publisher\" content=\"https:\/\/www.instagram.com\/legislapp\/\" \/>\n<meta property=\"og:image\" content=\"https:\/\/legislapp.com.br\/wp-content\/uploads\/2021\/07\/Logo-Legislapp-1-03-1.png\" \/>\n<meta name=\"twitter:card\" content=\"summary_large_image\" \/>\n<meta name=\"twitter:label1\" content=\"Est. tempo de leitura\" \/>\n\t<meta name=\"twitter:data1\" content=\"1 minuto\" \/>\n<script type=\"application\/ld+json\" class=\"yoast-schema-graph\">{\"@context\":\"https:\/\/schema.org\",\"@graph\":[{\"@type\":\"WebPage\",\"@id\":\"https:\/\/www.legislapp.com.br\/index.php\/discurso-camara-15-12-2022-afonso-florence-pt-ba-2\/\",\"url\":\"https:\/\/www.legislapp.com.br\/index.php\/discurso-camara-15-12-2022-afonso-florence-pt-ba-2\/\",\"name\":\"Discurso de AFONSO FLORENCE, PT-BA - Legislapp\",\"isPartOf\":{\"@id\":\"https:\/\/www.legislapp.com.br\/#website\"},\"primaryImageOfPage\":{\"@id\":\"https:\/\/www.legislapp.com.br\/index.php\/discurso-camara-15-12-2022-afonso-florence-pt-ba-2\/#primaryimage\"},\"image\":{\"@id\":\"https:\/\/www.legislapp.com.br\/index.php\/discurso-camara-15-12-2022-afonso-florence-pt-ba-2\/#primaryimage\"},\"thumbnailUrl\":\"https:\/\/legislapp.com.br\/wp-content\/uploads\/2021\/07\/Logo-Legislapp-1-03-1.png\",\"datePublished\":\"2023-06-12T13:40:21+00:00\",\"breadcrumb\":{\"@id\":\"https:\/\/www.legislapp.com.br\/index.php\/discurso-camara-15-12-2022-afonso-florence-pt-ba-2\/#breadcrumb\"},\"inLanguage\":\"pt-BR\",\"potentialAction\":[{\"@type\":\"ReadAction\",\"target\":[\"https:\/\/www.legislapp.com.br\/index.php\/discurso-camara-15-12-2022-afonso-florence-pt-ba-2\/\"]}]},{\"@type\":\"ImageObject\",\"inLanguage\":\"pt-BR\",\"@id\":\"https:\/\/www.legislapp.com.br\/index.php\/discurso-camara-15-12-2022-afonso-florence-pt-ba-2\/#primaryimage\",\"url\":\"https:\/\/legislapp.com.br\/wp-content\/uploads\/2021\/07\/Logo-Legislapp-1-03-1.png\",\"contentUrl\":\"https:\/\/legislapp.com.br\/wp-content\/uploads\/2021\/07\/Logo-Legislapp-1-03-1.png\"},{\"@type\":\"BreadcrumbList\",\"@id\":\"https:\/\/www.legislapp.com.br\/index.php\/discurso-camara-15-12-2022-afonso-florence-pt-ba-2\/#breadcrumb\",\"itemListElement\":[{\"@type\":\"ListItem\",\"position\":1,\"name\":\"In\u00edcio\",\"item\":\"https:\/\/www.legislapp.com.br\/\"},{\"@type\":\"ListItem\",\"position\":2,\"name\":\"Discurso de AFONSO FLORENCE, PT-BA\"}]},{\"@type\":\"WebSite\",\"@id\":\"https:\/\/www.legislapp.com.br\/#website\",\"url\":\"https:\/\/www.legislapp.com.br\/\",\"name\":\"Legislapp\",\"description\":\"Intelig\u00eancia governamental em tempo real\",\"publisher\":{\"@id\":\"https:\/\/www.legislapp.com.br\/#organization\"},\"potentialAction\":[{\"@type\":\"SearchAction\",\"target\":{\"@type\":\"EntryPoint\",\"urlTemplate\":\"https:\/\/www.legislapp.com.br\/?s={search_term_string}\"},\"query-input\":{\"@type\":\"PropertyValueSpecification\",\"valueRequired\":true,\"valueName\":\"search_term_string\"}}],\"inLanguage\":\"pt-BR\"},{\"@type\":\"Organization\",\"@id\":\"https:\/\/www.legislapp.com.br\/#organization\",\"name\":\"Legislapp Monitoramento e Intelig\u00eancia Governamental\",\"url\":\"https:\/\/www.legislapp.com.br\/\",\"logo\":{\"@type\":\"ImageObject\",\"inLanguage\":\"pt-BR\",\"@id\":\"https:\/\/www.legislapp.com.br\/#\/schema\/logo\/image\/\",\"url\":\"https:\/\/www.legislapp.com.br\/wp-content\/uploads\/icon.png\",\"contentUrl\":\"https:\/\/www.legislapp.com.br\/wp-content\/uploads\/icon.png\",\"width\":1024,\"height\":1024,\"caption\":\"Legislapp Monitoramento e Intelig\u00eancia Governamental\"},\"image\":{\"@id\":\"https:\/\/www.legislapp.com.br\/#\/schema\/logo\/image\/\"},\"sameAs\":[\"https:\/\/www.instagram.com\/legislapp\/\"]}]}<\/script>\n<!-- \/ Yoast SEO plugin. -->","yoast_head_json":{"title":"Discurso de AFONSO FLORENCE, PT-BA - Legislapp","robots":{"index":"index","follow":"follow","max-snippet":"max-snippet:-1","max-image-preview":"max-image-preview:large","max-video-preview":"max-video-preview:-1"},"canonical":"https:\/\/www.legislapp.com.br\/index.php\/discurso-camara-15-12-2022-afonso-florence-pt-ba-2\/","og_locale":"pt_BR","og_type":"article","og_title":"Discurso de AFONSO FLORENCE, PT-BA - Legislapp","og_description":"quinta-feira, 15 de dezembro de 2022 &#8211; ORDEM DO DIA Sum\u00e1rio:&nbsp;Import\u00e2ncia de vota\u00e7\u00e3o da Proposta de Emenda \u00e0 Constitui\u00e7\u00e3o n\u00ba 32, de 2022, sobre a altera\u00e7\u00e3o do Ato das Disposi\u00e7\u00f5es Constitucionais Transit\u00f3rias, com vista \u00e0 implementa\u00e7\u00e3o do Programa Bolsa Fam\u00edlia e \u00e0 defini\u00e7\u00e3o das regras de transi\u00e7\u00e3o da Presid\u00eancia da Rep\u00fablica aplic\u00e1veis \u00e0 Lei Or\u00e7ament\u00e1ria [&hellip;]","og_url":"https:\/\/www.legislapp.com.br\/index.php\/discurso-camara-15-12-2022-afonso-florence-pt-ba-2\/","og_site_name":"Legislapp","article_publisher":"https:\/\/www.instagram.com\/legislapp\/","og_image":[{"url":"https:\/\/legislapp.com.br\/wp-content\/uploads\/2021\/07\/Logo-Legislapp-1-03-1.png","type":"","width":"","height":""}],"twitter_card":"summary_large_image","twitter_misc":{"Est. tempo de leitura":"1 minuto"},"schema":{"@context":"https:\/\/schema.org","@graph":[{"@type":"WebPage","@id":"https:\/\/www.legislapp.com.br\/index.php\/discurso-camara-15-12-2022-afonso-florence-pt-ba-2\/","url":"https:\/\/www.legislapp.com.br\/index.php\/discurso-camara-15-12-2022-afonso-florence-pt-ba-2\/","name":"Discurso de AFONSO FLORENCE, PT-BA - Legislapp","isPartOf":{"@id":"https:\/\/www.legislapp.com.br\/#website"},"primaryImageOfPage":{"@id":"https:\/\/www.legislapp.com.br\/index.php\/discurso-camara-15-12-2022-afonso-florence-pt-ba-2\/#primaryimage"},"image":{"@id":"https:\/\/www.legislapp.com.br\/index.php\/discurso-camara-15-12-2022-afonso-florence-pt-ba-2\/#primaryimage"},"thumbnailUrl":"https:\/\/legislapp.com.br\/wp-content\/uploads\/2021\/07\/Logo-Legislapp-1-03-1.png","datePublished":"2023-06-12T13:40:21+00:00","breadcrumb":{"@id":"https:\/\/www.legislapp.com.br\/index.php\/discurso-camara-15-12-2022-afonso-florence-pt-ba-2\/#breadcrumb"},"inLanguage":"pt-BR","potentialAction":[{"@type":"ReadAction","target":["https:\/\/www.legislapp.com.br\/index.php\/discurso-camara-15-12-2022-afonso-florence-pt-ba-2\/"]}]},{"@type":"ImageObject","inLanguage":"pt-BR","@id":"https:\/\/www.legislapp.com.br\/index.php\/discurso-camara-15-12-2022-afonso-florence-pt-ba-2\/#primaryimage","url":"https:\/\/legislapp.com.br\/wp-content\/uploads\/2021\/07\/Logo-Legislapp-1-03-1.png","contentUrl":"https:\/\/legislapp.com.br\/wp-content\/uploads\/2021\/07\/Logo-Legislapp-1-03-1.png"},{"@type":"BreadcrumbList","@id":"https:\/\/www.legislapp.com.br\/index.php\/discurso-camara-15-12-2022-afonso-florence-pt-ba-2\/#breadcrumb","itemListElement":[{"@type":"ListItem","position":1,"name":"In\u00edcio","item":"https:\/\/www.legislapp.com.br\/"},{"@type":"ListItem","position":2,"name":"Discurso de AFONSO FLORENCE, PT-BA"}]},{"@type":"WebSite","@id":"https:\/\/www.legislapp.com.br\/#website","url":"https:\/\/www.legislapp.com.br\/","name":"Legislapp","description":"Intelig\u00eancia governamental em tempo real","publisher":{"@id":"https:\/\/www.legislapp.com.br\/#organization"},"potentialAction":[{"@type":"SearchAction","target":{"@type":"EntryPoint","urlTemplate":"https:\/\/www.legislapp.com.br\/?s={search_term_string}"},"query-input":{"@type":"PropertyValueSpecification","valueRequired":true,"valueName":"search_term_string"}}],"inLanguage":"pt-BR"},{"@type":"Organization","@id":"https:\/\/www.legislapp.com.br\/#organization","name":"Legislapp Monitoramento e Intelig\u00eancia Governamental","url":"https:\/\/www.legislapp.com.br\/","logo":{"@type":"ImageObject","inLanguage":"pt-BR","@id":"https:\/\/www.legislapp.com.br\/#\/schema\/logo\/image\/","url":"https:\/\/www.legislapp.com.br\/wp-content\/uploads\/icon.png","contentUrl":"https:\/\/www.legislapp.com.br\/wp-content\/uploads\/icon.png","width":1024,"height":1024,"caption":"Legislapp Monitoramento e Intelig\u00eancia Governamental"},"image":{"@id":"https:\/\/www.legislapp.com.br\/#\/schema\/logo\/image\/"},"sameAs":["https:\/\/www.instagram.com\/legislapp\/"]}]}},"_links":{"self":[{"href":"https:\/\/www.legislapp.com.br\/index.php\/wp-json\/wp\/v2\/pages\/2128","targetHints":{"allow":["GET"]}}],"collection":[{"href":"https:\/\/www.legislapp.com.br\/index.php\/wp-json\/wp\/v2\/pages"}],"about":[{"href":"https:\/\/www.legislapp.com.br\/index.php\/wp-json\/wp\/v2\/types\/page"}],"author":[{"embeddable":true,"href":"https:\/\/www.legislapp.com.br\/index.php\/wp-json\/wp\/v2\/users\/1"}],"replies":[{"embeddable":true,"href":"https:\/\/www.legislapp.com.br\/index.php\/wp-json\/wp\/v2\/comments?post=2128"}],"version-history":[{"count":0,"href":"https:\/\/www.legislapp.com.br\/index.php\/wp-json\/wp\/v2\/pages\/2128\/revisions"}],"wp:attachment":[{"href":"https:\/\/www.legislapp.com.br\/index.php\/wp-json\/wp\/v2\/media?parent=2128"}],"curies":[{"name":"wp","href":"https:\/\/api.w.org\/{rel}","templated":true}]}}