{"id":2130,"date":"2023-06-12T10:40:26","date_gmt":"2023-06-12T13:40:26","guid":{"rendered":"https:\/\/www.legislapp.com.br\/index.php\/discurso-camara-15-12-2022-fernanda-melchionna-psol-rs\/"},"modified":"2023-06-12T10:40:26","modified_gmt":"2023-06-12T13:40:26","slug":"discurso-camara-15-12-2022-fernanda-melchionna-psol-rs","status":"publish","type":"page","link":"https:\/\/www.legislapp.com.br\/index.php\/discurso-camara-15-12-2022-fernanda-melchionna-psol-rs\/","title":{"rendered":"Discurso de FERNANDA MELCHIONNA, PSOL-RS"},"content":{"rendered":"<h1 style='text-align: center;'>quinta-feira, 15 de dezembro de 2022 &#8211; ORDEM DO DIA<\/h3>\n<p><\/p>\n<article>Sum\u00e1rio:&nbsp;Imediata vota\u00e7\u00e3o pela Casa da Proposta de Emenda \u00e0 Constitui\u00e7\u00e3o n\u00ba 32, de 2022, sobre a altera\u00e7\u00e3o do Ato das Disposi\u00e7\u00f5es Constitucionais Transit\u00f3rias, com vista \u00e0 implementa\u00e7\u00e3o do Programa Bolsa Fam\u00edlia e \u00e0 defini\u00e7\u00e3o das regras de transi\u00e7\u00e3o da Presid\u00eancia da Rep\u00fablica aplic\u00e1veis \u00e0 Lei Or\u00e7ament\u00e1ria de 2023. Aplausos \u00e0 Ministra do Supremo Tribunal Federal, Rosa Weber, pelo voto contr\u00e1rio \u00e0 manuten\u00e7\u00e3o do or\u00e7amento secreto. Congratula\u00e7\u00f5es ao Ministro do Supremo Tribunal Federal, Alexandre de Moraes, pela expedi\u00e7\u00e3o de mandados de busca e apreens\u00e3o contra militantes da extrema direita. Indigna\u00e7\u00e3o com o boicote da base governista \u00e0s vota\u00e7\u00f5es da chamada PEC da Transi\u00e7\u00e3o.<\/article>\n<p><\/p>\n<div style=\"text-align: center\">\n      <img decoding=\"async\" style=\"width: 14%;\" src=\"https:\/\/legislapp.com.br\/wp-content\/uploads\/2021\/07\/Logo-Legislapp-1-03-1.png\"><br \/>\n      <\/p>\n<div style=\"margin-bottom: 20px;\" class=\"et_pb_button_module_wrapper et_pb_button_5_tb_body_wrapper et_pb_button_alignment_center et_pb_module \">\n         <a class=\"et_pb_button et_pb_button_5_tb_body et_hover_enabled et_pb_bg_layout_dark\" style=\"width: 50%;background-color: black;\" href=\"https:\/\/app.legislapp.com.br\" target=\"_blank\" rel=\"noopener\">Visualizar completo na nossa plataforma (30 dias gr\u00e1tis)<\/a><\/p><\/div>\n<p>      <a href=\"https:\/\/play.google.com\/store\/apps\/details?id=br.com.legislapp\"><img decoding=\"async\" style=\"width: 15%; min-width: 130px;\" src=\"https:\/\/legislapp.com.br\/wp-content\/uploads\/google-play.png\"><\/a><br \/>\n      <a href=\"https:\/\/apps.apple.com\/us\/app\/legislapp\/id1568929859\"><img decoding=\"async\" style=\"width: 15%; min-width: 130px\" src=\"https:\/\/legislapp.com.br\/wp-content\/uploads\/apple-store.png\"><\/a>\n   <\/div>\n","protected":false},"excerpt":{"rendered":"<p>quinta-feira, 15 de dezembro de 2022 &#8211; ORDEM DO DIA Sum\u00e1rio:&nbsp;Imediata vota\u00e7\u00e3o pela Casa da Proposta de Emenda \u00e0 Constitui\u00e7\u00e3o n\u00ba 32, de 2022, sobre a altera\u00e7\u00e3o do Ato das Disposi\u00e7\u00f5es Constitucionais Transit\u00f3rias, com vista \u00e0 implementa\u00e7\u00e3o do Programa Bolsa Fam\u00edlia e \u00e0 defini\u00e7\u00e3o das regras de transi\u00e7\u00e3o da Presid\u00eancia da Rep\u00fablica aplic\u00e1veis \u00e0 Lei [&hellip;]<\/p>\n","protected":false},"author":1,"featured_media":0,"parent":0,"menu_order":0,"comment_status":"closed","ping_status":"closed","template":"page-template-blank.php","meta":{"_et_pb_use_builder":"","_et_pb_old_content":"","_et_gb_content_width":"1080","ngg_post_thumbnail":0,"footnotes":""},"class_list":["post-2130","page","type-page","status-publish","hentry"],"yoast_head":"<!-- This site is optimized with the Yoast SEO plugin v24.4 - https:\/\/yoast.com\/wordpress\/plugins\/seo\/ -->\n<title>Discurso de FERNANDA MELCHIONNA, PSOL-RS - Legislapp<\/title>\n<meta name=\"robots\" content=\"index, follow, max-snippet:-1, max-image-preview:large, max-video-preview:-1\" \/>\n<link rel=\"canonical\" href=\"https:\/\/www.legislapp.com.br\/index.php\/discurso-camara-15-12-2022-fernanda-melchionna-psol-rs\/\" \/>\n<meta property=\"og:locale\" content=\"pt_BR\" \/>\n<meta property=\"og:type\" content=\"article\" \/>\n<meta property=\"og:title\" content=\"Discurso de FERNANDA MELCHIONNA, PSOL-RS - Legislapp\" \/>\n<meta property=\"og:description\" content=\"quinta-feira, 15 de dezembro de 2022 &#8211; ORDEM DO DIA Sum\u00e1rio:&nbsp;Imediata vota\u00e7\u00e3o pela Casa da Proposta de Emenda \u00e0 Constitui\u00e7\u00e3o n\u00ba 32, de 2022, sobre a altera\u00e7\u00e3o do Ato das Disposi\u00e7\u00f5es Constitucionais Transit\u00f3rias, com vista \u00e0 implementa\u00e7\u00e3o do Programa Bolsa Fam\u00edlia e \u00e0 defini\u00e7\u00e3o das regras de transi\u00e7\u00e3o da Presid\u00eancia da Rep\u00fablica aplic\u00e1veis \u00e0 Lei [&hellip;]\" \/>\n<meta property=\"og:url\" content=\"https:\/\/www.legislapp.com.br\/index.php\/discurso-camara-15-12-2022-fernanda-melchionna-psol-rs\/\" \/>\n<meta property=\"og:site_name\" content=\"Legislapp\" \/>\n<meta property=\"article:publisher\" content=\"https:\/\/www.instagram.com\/legislapp\/\" \/>\n<meta property=\"og:image\" content=\"https:\/\/legislapp.com.br\/wp-content\/uploads\/2021\/07\/Logo-Legislapp-1-03-1.png\" \/>\n<meta name=\"twitter:card\" content=\"summary_large_image\" \/>\n<meta name=\"twitter:label1\" content=\"Est. tempo de leitura\" \/>\n\t<meta name=\"twitter:data1\" content=\"1 minuto\" \/>\n<script type=\"application\/ld+json\" class=\"yoast-schema-graph\">{\"@context\":\"https:\/\/schema.org\",\"@graph\":[{\"@type\":\"WebPage\",\"@id\":\"https:\/\/www.legislapp.com.br\/index.php\/discurso-camara-15-12-2022-fernanda-melchionna-psol-rs\/\",\"url\":\"https:\/\/www.legislapp.com.br\/index.php\/discurso-camara-15-12-2022-fernanda-melchionna-psol-rs\/\",\"name\":\"Discurso de FERNANDA MELCHIONNA, PSOL-RS - Legislapp\",\"isPartOf\":{\"@id\":\"https:\/\/www.legislapp.com.br\/#website\"},\"primaryImageOfPage\":{\"@id\":\"https:\/\/www.legislapp.com.br\/index.php\/discurso-camara-15-12-2022-fernanda-melchionna-psol-rs\/#primaryimage\"},\"image\":{\"@id\":\"https:\/\/www.legislapp.com.br\/index.php\/discurso-camara-15-12-2022-fernanda-melchionna-psol-rs\/#primaryimage\"},\"thumbnailUrl\":\"https:\/\/legislapp.com.br\/wp-content\/uploads\/2021\/07\/Logo-Legislapp-1-03-1.png\",\"datePublished\":\"2023-06-12T13:40:26+00:00\",\"breadcrumb\":{\"@id\":\"https:\/\/www.legislapp.com.br\/index.php\/discurso-camara-15-12-2022-fernanda-melchionna-psol-rs\/#breadcrumb\"},\"inLanguage\":\"pt-BR\",\"potentialAction\":[{\"@type\":\"ReadAction\",\"target\":[\"https:\/\/www.legislapp.com.br\/index.php\/discurso-camara-15-12-2022-fernanda-melchionna-psol-rs\/\"]}]},{\"@type\":\"ImageObject\",\"inLanguage\":\"pt-BR\",\"@id\":\"https:\/\/www.legislapp.com.br\/index.php\/discurso-camara-15-12-2022-fernanda-melchionna-psol-rs\/#primaryimage\",\"url\":\"https:\/\/legislapp.com.br\/wp-content\/uploads\/2021\/07\/Logo-Legislapp-1-03-1.png\",\"contentUrl\":\"https:\/\/legislapp.com.br\/wp-content\/uploads\/2021\/07\/Logo-Legislapp-1-03-1.png\"},{\"@type\":\"BreadcrumbList\",\"@id\":\"https:\/\/www.legislapp.com.br\/index.php\/discurso-camara-15-12-2022-fernanda-melchionna-psol-rs\/#breadcrumb\",\"itemListElement\":[{\"@type\":\"ListItem\",\"position\":1,\"name\":\"In\u00edcio\",\"item\":\"https:\/\/www.legislapp.com.br\/\"},{\"@type\":\"ListItem\",\"position\":2,\"name\":\"Discurso de FERNANDA MELCHIONNA, PSOL-RS\"}]},{\"@type\":\"WebSite\",\"@id\":\"https:\/\/www.legislapp.com.br\/#website\",\"url\":\"https:\/\/www.legislapp.com.br\/\",\"name\":\"Legislapp\",\"description\":\"Intelig\u00eancia governamental em tempo real\",\"publisher\":{\"@id\":\"https:\/\/www.legislapp.com.br\/#organization\"},\"potentialAction\":[{\"@type\":\"SearchAction\",\"target\":{\"@type\":\"EntryPoint\",\"urlTemplate\":\"https:\/\/www.legislapp.com.br\/?s={search_term_string}\"},\"query-input\":{\"@type\":\"PropertyValueSpecification\",\"valueRequired\":true,\"valueName\":\"search_term_string\"}}],\"inLanguage\":\"pt-BR\"},{\"@type\":\"Organization\",\"@id\":\"https:\/\/www.legislapp.com.br\/#organization\",\"name\":\"Legislapp Monitoramento e Intelig\u00eancia Governamental\",\"url\":\"https:\/\/www.legislapp.com.br\/\",\"logo\":{\"@type\":\"ImageObject\",\"inLanguage\":\"pt-BR\",\"@id\":\"https:\/\/www.legislapp.com.br\/#\/schema\/logo\/image\/\",\"url\":\"https:\/\/www.legislapp.com.br\/wp-content\/uploads\/icon.png\",\"contentUrl\":\"https:\/\/www.legislapp.com.br\/wp-content\/uploads\/icon.png\",\"width\":1024,\"height\":1024,\"caption\":\"Legislapp Monitoramento e Intelig\u00eancia Governamental\"},\"image\":{\"@id\":\"https:\/\/www.legislapp.com.br\/#\/schema\/logo\/image\/\"},\"sameAs\":[\"https:\/\/www.instagram.com\/legislapp\/\"]}]}<\/script>\n<!-- \/ Yoast SEO plugin. -->","yoast_head_json":{"title":"Discurso de FERNANDA MELCHIONNA, PSOL-RS - Legislapp","robots":{"index":"index","follow":"follow","max-snippet":"max-snippet:-1","max-image-preview":"max-image-preview:large","max-video-preview":"max-video-preview:-1"},"canonical":"https:\/\/www.legislapp.com.br\/index.php\/discurso-camara-15-12-2022-fernanda-melchionna-psol-rs\/","og_locale":"pt_BR","og_type":"article","og_title":"Discurso de FERNANDA MELCHIONNA, PSOL-RS - Legislapp","og_description":"quinta-feira, 15 de dezembro de 2022 &#8211; ORDEM DO DIA Sum\u00e1rio:&nbsp;Imediata vota\u00e7\u00e3o pela Casa da Proposta de Emenda \u00e0 Constitui\u00e7\u00e3o n\u00ba 32, de 2022, sobre a altera\u00e7\u00e3o do Ato das Disposi\u00e7\u00f5es Constitucionais Transit\u00f3rias, com vista \u00e0 implementa\u00e7\u00e3o do Programa Bolsa Fam\u00edlia e \u00e0 defini\u00e7\u00e3o das regras de transi\u00e7\u00e3o da Presid\u00eancia da Rep\u00fablica aplic\u00e1veis \u00e0 Lei [&hellip;]","og_url":"https:\/\/www.legislapp.com.br\/index.php\/discurso-camara-15-12-2022-fernanda-melchionna-psol-rs\/","og_site_name":"Legislapp","article_publisher":"https:\/\/www.instagram.com\/legislapp\/","og_image":[{"url":"https:\/\/legislapp.com.br\/wp-content\/uploads\/2021\/07\/Logo-Legislapp-1-03-1.png","type":"","width":"","height":""}],"twitter_card":"summary_large_image","twitter_misc":{"Est. tempo de leitura":"1 minuto"},"schema":{"@context":"https:\/\/schema.org","@graph":[{"@type":"WebPage","@id":"https:\/\/www.legislapp.com.br\/index.php\/discurso-camara-15-12-2022-fernanda-melchionna-psol-rs\/","url":"https:\/\/www.legislapp.com.br\/index.php\/discurso-camara-15-12-2022-fernanda-melchionna-psol-rs\/","name":"Discurso de FERNANDA MELCHIONNA, PSOL-RS - Legislapp","isPartOf":{"@id":"https:\/\/www.legislapp.com.br\/#website"},"primaryImageOfPage":{"@id":"https:\/\/www.legislapp.com.br\/index.php\/discurso-camara-15-12-2022-fernanda-melchionna-psol-rs\/#primaryimage"},"image":{"@id":"https:\/\/www.legislapp.com.br\/index.php\/discurso-camara-15-12-2022-fernanda-melchionna-psol-rs\/#primaryimage"},"thumbnailUrl":"https:\/\/legislapp.com.br\/wp-content\/uploads\/2021\/07\/Logo-Legislapp-1-03-1.png","datePublished":"2023-06-12T13:40:26+00:00","breadcrumb":{"@id":"https:\/\/www.legislapp.com.br\/index.php\/discurso-camara-15-12-2022-fernanda-melchionna-psol-rs\/#breadcrumb"},"inLanguage":"pt-BR","potentialAction":[{"@type":"ReadAction","target":["https:\/\/www.legislapp.com.br\/index.php\/discurso-camara-15-12-2022-fernanda-melchionna-psol-rs\/"]}]},{"@type":"ImageObject","inLanguage":"pt-BR","@id":"https:\/\/www.legislapp.com.br\/index.php\/discurso-camara-15-12-2022-fernanda-melchionna-psol-rs\/#primaryimage","url":"https:\/\/legislapp.com.br\/wp-content\/uploads\/2021\/07\/Logo-Legislapp-1-03-1.png","contentUrl":"https:\/\/legislapp.com.br\/wp-content\/uploads\/2021\/07\/Logo-Legislapp-1-03-1.png"},{"@type":"BreadcrumbList","@id":"https:\/\/www.legislapp.com.br\/index.php\/discurso-camara-15-12-2022-fernanda-melchionna-psol-rs\/#breadcrumb","itemListElement":[{"@type":"ListItem","position":1,"name":"In\u00edcio","item":"https:\/\/www.legislapp.com.br\/"},{"@type":"ListItem","position":2,"name":"Discurso de FERNANDA MELCHIONNA, PSOL-RS"}]},{"@type":"WebSite","@id":"https:\/\/www.legislapp.com.br\/#website","url":"https:\/\/www.legislapp.com.br\/","name":"Legislapp","description":"Intelig\u00eancia governamental em tempo real","publisher":{"@id":"https:\/\/www.legislapp.com.br\/#organization"},"potentialAction":[{"@type":"SearchAction","target":{"@type":"EntryPoint","urlTemplate":"https:\/\/www.legislapp.com.br\/?s={search_term_string}"},"query-input":{"@type":"PropertyValueSpecification","valueRequired":true,"valueName":"search_term_string"}}],"inLanguage":"pt-BR"},{"@type":"Organization","@id":"https:\/\/www.legislapp.com.br\/#organization","name":"Legislapp Monitoramento e Intelig\u00eancia Governamental","url":"https:\/\/www.legislapp.com.br\/","logo":{"@type":"ImageObject","inLanguage":"pt-BR","@id":"https:\/\/www.legislapp.com.br\/#\/schema\/logo\/image\/","url":"https:\/\/www.legislapp.com.br\/wp-content\/uploads\/icon.png","contentUrl":"https:\/\/www.legislapp.com.br\/wp-content\/uploads\/icon.png","width":1024,"height":1024,"caption":"Legislapp Monitoramento e Intelig\u00eancia Governamental"},"image":{"@id":"https:\/\/www.legislapp.com.br\/#\/schema\/logo\/image\/"},"sameAs":["https:\/\/www.instagram.com\/legislapp\/"]}]}},"_links":{"self":[{"href":"https:\/\/www.legislapp.com.br\/index.php\/wp-json\/wp\/v2\/pages\/2130","targetHints":{"allow":["GET"]}}],"collection":[{"href":"https:\/\/www.legislapp.com.br\/index.php\/wp-json\/wp\/v2\/pages"}],"about":[{"href":"https:\/\/www.legislapp.com.br\/index.php\/wp-json\/wp\/v2\/types\/page"}],"author":[{"embeddable":true,"href":"https:\/\/www.legislapp.com.br\/index.php\/wp-json\/wp\/v2\/users\/1"}],"replies":[{"embeddable":true,"href":"https:\/\/www.legislapp.com.br\/index.php\/wp-json\/wp\/v2\/comments?post=2130"}],"version-history":[{"count":0,"href":"https:\/\/www.legislapp.com.br\/index.php\/wp-json\/wp\/v2\/pages\/2130\/revisions"}],"wp:attachment":[{"href":"https:\/\/www.legislapp.com.br\/index.php\/wp-json\/wp\/v2\/media?parent=2130"}],"curies":[{"name":"wp","href":"https:\/\/api.w.org\/{rel}","templated":true}]}}